{"id":3660,"date":"2024-12-08T13:13:52","date_gmt":"2024-12-08T13:13:52","guid":{"rendered":"https:\/\/krcsports.com\/?post_type=product&#038;p=3660"},"modified":"2024-12-08T13:28:05","modified_gmt":"2024-12-08T13:28:05","slug":"weight-lift-platform","status":"publish","type":"product","link":"https:\/\/krcsports.com\/vi\/manufacturer\/weight-lift-platform\/","title":{"rendered":"s\u00e0n n\u00e2ng t\u1ea1"},"content":{"rendered":"<p><span class=\"magic-22\">1. S\u1ea3n ph\u1ea9m \u0111\u01b0\u1ee3c thi\u1ebft k\u1ebf theo kh\u00e1i ni\u1ec7m m\u00f4-\u0111un v\u00e0 c\u00f3 nhi\u1ec1u m\u00f4-\u0111un \u0111\u00e0o t\u1ea1o ph\u1ee5 tr\u1ee3 v\u1edbi c\u00e1c ch\u1ee9c n\u0103ng kh\u00e1c nhau. Ng\u01b0\u1eddi d\u00f9ng c\u00f3 th\u1ec3 l\u1ef1a ch\u1ecdn theo nhu c\u1ea7u \u0111\u00e0o t\u1ea1o kh\u00e1c nhau; c\u00e1c m\u00f4-\u0111un th\u00e1o l\u1eafp nhanh ch\u00f3ng, c\u1ea5u tr\u00fac \u0111\u00e1ng tin c\u1eady v\u00e0 s\u1eed d\u1ee5ng thu\u1eadn ti\u1ec7n.<\/span><\/p>\n<div><span class=\"magic-22\">\u00a0<\/span><\/div>\n<div><span class=\"magic-22\">2. Thang \u0111o tr\u1ecdng l\u01b0\u1ee3ng c\u1ee7a gi\u00e1 t\u1ea1 \u0111\u01b0\u1ee3c thay \u0111\u1ed5i d\u1ea7n d\u1ea7n t\u1eeb m\u00e0u xanh l\u00e1 c\u00e2y, v\u00e0ng v\u00e0 \u0111\u1ecf, mang \u0111\u1ebfn cho ng\u01b0\u1eddi d\u00f9ng g\u00f3c nh\u00ecn tr\u1ef1c ti\u1ebfp v\u00e0 r\u00f5 r\u00e0ng.<\/span><\/div>\n<div><span class=\"magic-22\">\u00a0<\/span><\/div>\n<div><span class=\"magic-22\">3. V\u1edbi nhi\u1ec1u m\u1eabu m\u00e3 m\u00e0u s\u1eafc \u0111a d\u1ea1ng, nhi\u1ec1u module t\u00f9y ch\u1ecdn \u0111\u1ec3 l\u1ef1a ch\u1ecdn, t\u00f9y ch\u1ec9nh v\u00e0 gh\u00e9p n\u1ed1i mi\u1ec5n ph\u00ed, \u0111\u00e1p \u1ee9ng s\u1edf th\u00edch kh\u00e1c nhau c\u1ee7a nhi\u1ec1u ng\u01b0\u1eddi d\u00f9ng.<\/span><\/div>\n<div><span class=\"magic-22\">\u00a0<\/span><\/div>\n<div><span class=\"magic-22\">4. Bi\u1ec3u \u0111\u1ed3 h\u01b0\u1edbng d\u1eabn t\u1eadp luy\u1ec7n \u0111\u01a1n gi\u1ea3n v\u00e0 tr\u1ef1c quan cho bi\u1ebft c\u00e1ch t\u1eadp luy\u1ec7n \u0111\u00fang c\u00e1ch v\u00e0 nh\u00f3m c\u01a1 n\u00e0o c\u1ea7n t\u00e1c \u0111\u1ed9ng, c\u00f3 th\u1ec3 \u0111\u00f3ng vai tr\u00f2 h\u01b0\u1edbng d\u1eabn hi\u1ec7u qu\u1ea3.<\/span><\/div>\n<div><span class=\"magic-22\">\u00a0<\/span><\/div>\n<div><span class=\"magic-22\">5. C\u1ea5u tr\u00fac \u1ed5n \u0111\u1ecbnh, ch\u1ee9c n\u0103ng \u0111a d\u1ea1ng, so v\u1edbi thi\u1ebft b\u1ecb th\u01b0\u01a1ng m\u1ea1i th\u00ec chi\u1ebfm di\u1ec7n t\u00edch nh\u1ecf, c\u00f3 th\u1ec3 th\u1ef1c hi\u1ec7n nhi\u1ec1u \u0111\u1ed9ng t\u00e1c luy\u1ec7n t\u1eadp h\u01a1n, \u0111\u1ea1t hi\u1ec7u qu\u1ea3 luy\u1ec7n t\u1eadp to\u00e0n di\u1ec7n h\u01a1n, t\u1ef7 l\u1ec7 s\u1eed d\u1ee5ng kh\u00f4ng gian c\u1ef1c cao.<\/span><\/div>\n<div><span class=\"magic-22\">\u00a0<\/span><\/div>\n<div><span class=\"magic-22\">6. C\u00e1p th\u00e9p nh\u1eadp kh\u1ea9u t\u1eeb \u0110\u00e0i Loan \u03a68mm (6*19 s\u1ee3i th\u00e9p k\u1ebft c\u1ea5u) b\u00f4i tr\u01a1n v\u00e0 b\u1ecdc nilon, ch\u1ea1y \u00eam, \u00edt ti\u1ebfng \u1ed3n. C\u00e1p th\u00e9p \u0111\u00e3 qua ki\u1ec3m tra \u0111\u1ed9 b\u1ec1n, an to\u00e0n v\u00e0 \u0111\u00e1ng tin c\u1eady.<\/span><\/div>\n<div><span class=\"magic-22\">\u00a0<\/span><\/div>\n<div><span class=\"magic-22\">7. \u1ed0ng th\u00e9p ch\u00ednh l\u00e0 \u1ed1ng ch\u1eef nh\u1eadt 40*80*2,5mm, \u1ed1ng th\u00e9p ch\u1eef nh\u1eadt 40*40*2,5mm v\u00e0 \u1ed1ng ch\u1eef nh\u1eadt th\u00e9p kh\u00f4ng g\u1ec9 50*50*2,5mm v\u00e0 c\u00e1c lo\u1ea1i \u1ed1ng ch\u1ea5t l\u01b0\u1ee3ng cao kh\u00e1c, kh\u00f4ng d\u1ec5 b\u1ecb bi\u1ebfn d\u1ea1ng sau th\u1eddi gian d\u00e0i s\u1eed d\u1ee5ng.<\/span><\/div>\n<div><span class=\"magic-22\">\u00a0<\/span><\/div>\n<div><span class=\"magic-22\">8. M\u1ed7i khung \u0111\u1ec1u \u0111\u01b0\u1ee3c phun t\u0129nh \u0111i\u1ec7n, ph\u1ee7 ba l\u1edbp v\u00e0 nung hai l\u1edbp, l\u1edbp s\u01a1n \u0111\u1eb9p v\u00e0 ch\u1ed1ng \u0103n m\u00f2n.<\/span><\/div>\n<div><span class=\"magic-22\" data-spm-anchor-id=\"a2700.details.0.i68.238b6c73yrCEkS\">9. Thi\u1ebft k\u1ebf s\u1ea3n ph\u1ea9m d\u1ec5 l\u1eafp r\u00e1p v\u00e0 th\u00e1o r\u1eddi. K\u00edch th\u01b0\u1edbc bao b\u00ec nh\u1ecf, ti\u1ebft ki\u1ec7m kh\u00f4ng gian v\u00e0 kinh t\u1ebf h\u01a1n khi v\u1eadn chuy\u1ec3n.<\/span><\/div>\n<h2>Ch\u1ee9ng nh\u1eadn c\u1ee7a ch\u00fang t\u00f4i<\/h2>\n\t<div class=\"img has-hover x md-x lg-x y md-y lg-y\" id=\"image_2077158182\">\n\t\t\t\t\t\t\t\t<div class=\"img-inner dark\" >\n\t\t\t<img loading=\"lazy\" decoding=\"async\" width=\"1020\" height=\"316\" src=\"https:\/\/cdn.krcsports.com\/2024\/07\/certification070-1-1024x317.webp\" class=\"attachment-large size-large wp-image-1633\" alt=\"gi\u1ea5y ch\u1ee9ng nh\u1eadn\" srcset=\"https:\/\/cdn.krcsports.com\/2024\/07\/certification070-1-1024x317.webp 1024w, https:\/\/cdn.krcsports.com\/2024\/07\/certification070-1-300x93.webp 300w, https:\/\/cdn.krcsports.com\/2024\/07\/certification070-1-768x238.webp 768w, https:\/\/cdn.krcsports.com\/2024\/07\/certification070-1-1536x475.webp 1536w, https:\/\/cdn.krcsports.com\/2024\/07\/certification070-1-18x6.webp 18w, https:\/\/cdn.krcsports.com\/2024\/07\/certification070-1-600x186.webp 600w, https:\/\/cdn.krcsports.com\/2024\/07\/certification070-1.webp 1625w\" sizes=\"auto, (max-width: 1020px) 100vw, 1020px\" \/>\t\t\t\t\t\t\n\t\t\t\t\t<\/div>\n\t\t\t\t\t\t\t\t\n<style>\n#image_2077158182 {\n  width: 100%;\n}\n<\/style>\n\t<\/div>\n\t\n\n<h2>Nh\u00e0 m\u00e1y c\u1ee7a ch\u00fang t\u00f4i \u0111\u01b0\u1ee3c BSCI ch\u1ea5p thu\u1eadn<\/h2>\n<h2>\u00a0<\/h2>\n\t<div class=\"img has-hover x md-x lg-x y md-y lg-y\" id=\"image_2049412909\">\n\t\t\t\t\t\t\t\t<div class=\"img-inner dark\" >\n\t\t\t<img loading=\"lazy\" decoding=\"async\" width=\"850\" height=\"1100\" src=\"https:\/\/cdn.krcsports.com\/2024\/07\/BSCI-SummaryAuditReportforall_21-41.webp\" class=\"attachment-original size-original wp-image-1634\" alt=\"T\u00f3m t\u1eaft BSCI\" srcset=\"https:\/\/cdn.krcsports.com\/2024\/07\/BSCI-SummaryAuditReportforall_21-41.webp 850w, https:\/\/cdn.krcsports.com\/2024\/07\/BSCI-SummaryAuditReportforall_21-41-232x300.webp 232w, https:\/\/cdn.krcsports.com\/2024\/07\/BSCI-SummaryAuditReportforall_21-41-791x1024.webp 791w, https:\/\/cdn.krcsports.com\/2024\/07\/BSCI-SummaryAuditReportforall_21-41-768x994.webp 768w, https:\/\/cdn.krcsports.com\/2024\/07\/BSCI-SummaryAuditReportforall_21-41-9x12.webp 9w, https:\/\/cdn.krcsports.com\/2024\/07\/BSCI-SummaryAuditReportforall_21-41-600x776.webp 600w\" sizes=\"auto, (max-width: 850px) 100vw, 850px\" \/>\t\t\t\t\t\t\n\t\t\t\t\t<\/div>\n\t\t\t\t\t\t\t\t\n<style>\n#image_2049412909 {\n  width: 100%;\n}\n<\/style>\n\t<\/div>\n\t\n\n\t<div class=\"img has-hover x md-x lg-x y md-y lg-y\" id=\"image_1863544702\">\n\t\t\t\t\t\t\t\t<div class=\"img-inner dark\" >\n\t\t\t<img loading=\"lazy\" decoding=\"async\" width=\"745\" height=\"364\" src=\"https:\/\/cdn.krcsports.com\/2024\/10\/Sports-manufacture1.webp\" class=\"attachment-original size-original wp-image-2862\" alt=\"nh\u00e0 s\u1ea3n xu\u1ea5t\" srcset=\"https:\/\/cdn.krcsports.com\/2024\/10\/Sports-manufacture1.webp 745w, https:\/\/cdn.krcsports.com\/2024\/10\/Sports-manufacture1-300x147.webp 300w, https:\/\/cdn.krcsports.com\/2024\/10\/Sports-manufacture1-18x9.webp 18w, https:\/\/cdn.krcsports.com\/2024\/10\/Sports-manufacture1-600x293.webp 600w\" sizes=\"auto, (max-width: 745px) 100vw, 745px\" \/>\t\t\t\t\t\t\n\t\t\t\t\t<\/div>\n\t\t\t\t\t\t\t\t\n<style>\n#image_1863544702 {\n  width: 100%;\n}\n<\/style>\n\t<\/div>\n\t\n\n\t<section class=\"section\" id=\"section_1153937771\">\n\t\t<div class=\"bg section-bg fill bg-fill  bg-loaded\" >\n\n\t\t\t\n\t\t\t\n\t\t\t\n\n\t\t<\/div>\n\n\t\t\n\n\t\t<div class=\"section-content relative\">\n\t\t\t\n\n<h2>\u0110\u1ed9i ng\u0169 chuy\u00ean nghi\u1ec7p c\u1ee7a ch\u00fang t\u00f4i<\/h2>\n\n\t\t<\/div>\n\n\t\t\n<style>\n#section_1153937771 {\n  padding-top: 30px;\n  padding-bottom: 30px;\n}\n<\/style>\n\t<\/section>\n\t\n\t<section class=\"section\" id=\"section_520862080\">\n\t\t<div class=\"bg section-bg fill bg-fill  bg-loaded\" >\n\n\t\t\t\n\t\t\t\n\t\t\t\n\n\t\t<\/div>\n\n\t\t\n\n\t\t<div class=\"section-content relative\">\n\t\t\t\n\n\t<div class=\"img has-hover x md-x lg-x y md-y lg-y\" id=\"image_1417722918\">\n\t\t\t\t\t\t\t\t<div class=\"img-inner dark\" >\n\t\t\t<img loading=\"lazy\" decoding=\"async\" width=\"493\" height=\"301\" src=\"https:\/\/cdn.krcsports.com\/2024\/10\/team002.webp\" class=\"attachment-large size-large wp-image-2863\" alt=\"\u0111\u1ed9i\" srcset=\"https:\/\/cdn.krcsports.com\/2024\/10\/team002.webp 493w, https:\/\/cdn.krcsports.com\/2024\/10\/team002-300x183.webp 300w, https:\/\/cdn.krcsports.com\/2024\/10\/team002-18x12.webp 18w\" sizes=\"auto, (max-width: 493px) 100vw, 493px\" \/>\t\t\t\t\t\t\n\t\t\t\t\t<\/div>\n\t\t\t\t\t\t\t\t\n<style>\n#image_1417722918 {\n  width: 100%;\n}\n<\/style>\n\t<\/div>\n\t\n\n\n\t\t<\/div>\n\n\t\t\n<style>\n#section_520862080 {\n  padding-top: 30px;\n  padding-bottom: 30px;\n}\n<\/style>\n\t<\/section>\n\t\n\t<section class=\"section\" id=\"section_1631481389\">\n\t\t<div class=\"bg section-bg fill bg-fill  bg-loaded\" >\n\n\t\t\t\n\t\t\t\n\t\t\t\n\n\t\t<\/div>\n\n\t\t\n\n\t\t<div class=\"section-content relative\">\n\t\t\t\n\n\t<div class=\"img has-hover x md-x lg-x y md-y lg-y\" id=\"image_59379381\">\n\t\t\t\t\t\t\t\t<div class=\"img-inner dark\" >\n\t\t\t<img loading=\"lazy\" decoding=\"async\" width=\"1020\" height=\"466\" src=\"https:\/\/cdn.krcsports.com\/2024\/10\/exhibition1-1024x468.webp\" class=\"attachment-large size-large wp-image-2864\" alt=\"tri\u1ec3n l\u00e3m\" srcset=\"https:\/\/cdn.krcsports.com\/2024\/10\/exhibition1-1024x468.webp 1024w, https:\/\/cdn.krcsports.com\/2024\/10\/exhibition1-300x137.webp 300w, https:\/\/cdn.krcsports.com\/2024\/10\/exhibition1-768x351.webp 768w, https:\/\/cdn.krcsports.com\/2024\/10\/exhibition1-18x8.webp 18w, https:\/\/cdn.krcsports.com\/2024\/10\/exhibition1-600x274.webp 600w, https:\/\/cdn.krcsports.com\/2024\/10\/exhibition1.webp 1200w\" sizes=\"auto, (max-width: 1020px) 100vw, 1020px\" \/>\t\t\t\t\t\t\n\t\t\t\t\t<\/div>\n\t\t\t\t\t\t\t\t\n<style>\n#image_59379381 {\n  width: 100%;\n}\n<\/style>\n\t<\/div>\n\t\n\n\n\t\t<\/div>\n\n\t\t\n<style>\n#section_1631481389 {\n  padding-top: 30px;\n  padding-bottom: 30px;\n}\n<\/style>\n\t<\/section>\n\t\n<p>\n\n<div class=\"wpcf7 no-js\" id=\"wpcf7-f5-o1\" lang=\"en-US\" dir=\"ltr\">\n<div class=\"screen-reader-response\"><p role=\"status\" aria-live=\"polite\" aria-atomic=\"true\"><\/p> <ul><\/ul><\/div>\n<form action=\"\/vi\/wp-json\/wp\/v2\/product\/3660#wpcf7-f5-o1\" method=\"post\" class=\"wpcf7-form init\" aria-label=\"Bi\u1ec3u m\u1eabu li\u00ean h\u1ec7\" novalidate=\"novalidate\" data-status=\"init\" data-trp-original-action=\"\/vi\/wp-json\/wp\/v2\/product\/3660#wpcf7-f5-o1\">\n<div style=\"display: none;\">\n<input type=\"hidden\" name=\"_wpcf7\" value=\"5\" \/>\n<input type=\"hidden\" name=\"_wpcf7_version\" value=\"5.9.5\" \/>\n<input type=\"hidden\" name=\"_wpcf7_locale\" value=\"en_US\" \/>\n<input type=\"hidden\" name=\"_wpcf7_unit_tag\" value=\"wpcf7-f5-o1\" \/>\n<input type=\"hidden\" name=\"_wpcf7_container_post\" value=\"0\" \/>\n<input type=\"hidden\" name=\"_wpcf7_posted_data_hash\" value=\"\" \/>\n<\/div>\n<div class='custom_contact_style'>\n\t<p><label> T\u00ean c\u1ee7a b\u1ea1n<br \/>\n<span class=\"wpcf7-form-control-wrap\" data-name=\"your-name\"><input size=\"40\" class=\"wpcf7-form-control wpcf7-text wpcf7-validates-as-required\" autocomplete=\"name\" aria-required=\"true\" aria-invalid=\"false\" value=\"\" type=\"text\" name=\"your-name\" \/><\/span> <\/label>\n\t<\/p>\n\t<p><label> Email c\u1ee7a b\u1ea1n<br \/>\n<span class=\"wpcf7-form-control-wrap\" data-name=\"your-email\"><input size=\"40\" class=\"wpcf7-form-control wpcf7-email wpcf7-validates-as-required wpcf7-text wpcf7-validates-as-email\" autocomplete=\"email\" aria-required=\"true\" aria-invalid=\"false\" value=\"\" type=\"email\" name=\"your-email\" \/><\/span> <\/label>\n\t<\/p>\n\t<p><label> Tin nh\u1eafn c\u1ee7a b\u1ea1n (t\u00f9y ch\u1ecdn)<br \/>\n<span class=\"wpcf7-form-control-wrap\" data-name=\"your-message\"><textarea cols=\"40\" rows=\"10\" class=\"wpcf7-form-control wpcf7-textarea\" aria-invalid=\"false\" name=\"your-message\"><\/textarea><\/span> <\/label>\n\t<\/p>\n\t<div style=\"margin-bottom:10px;\">\n\t\t<p><span class=\"wpcf7-form-control-wrap kc_captcha cf7ic-toggle\" data-name=\"kc_captcha\"><span class=\"wpcf7-form-control wpcf7-radio\"><span class=\"captcha-image\" style=\"display: none;\"><span class=\"cf7ic_instructions\">H\u00e3y ch\u1ee9ng minh b\u1ea1n l\u00e0 ng\u01b0\u1eddi b\u1eb1ng c\u00e1ch ch\u1ecdn<span> t\u00e1ch<\/span>.<\/span><label><input type=\"radio\" name=\"kc_captcha\" value=\"bot\" \/><svg width=\"50\" height=\"50\" aria-hidden=\"true\" role=\"img\" xmlns=\"http:\/\/www.w3.org\/2000\/svg\" viewbox=\"0 0 576 512\"><path fill=\"currentColor\" d=\"M415 24c-53 0-103 42-127 65-24-23-74-65-127-65C70 24 16 77 16 166c0 72 67 133 69 135l187 181c9 8 23 8 32 0l187-180c2-3 69-64 69-136 0-89-54-142-145-142z\"\/><\/svg><\/label><label><input type=\"radio\" name=\"kc_captcha\" value=\"kc_human\" \/><svg width=\"50\" height=\"50\" aria-hidden=\"true\" role=\"img\" xmlns=\"http:\/\/www.w3.org\/2000\/svg\" viewbox=\"0 0 640 512\"><path fill=\"currentColor\" d=\"M192 384h192c53 0 96-43 96-96h32a128 128 0 000-256H120c-13 0-24 11-24 24v232c0 53 43 96 96 96zM512 96a64 64 0 010 128h-32V96h32zm48 384H48c-47 0-61-64-36-64h584c25 0 11 64-36 64z\"\/><\/svg><\/label><label><input type=\"radio\" name=\"kc_captcha\" value=\"bot\" \/><svg width=\"50\" height=\"50\" aria-hidden=\"true\" role=\"img\" xmlns=\"http:\/\/www.w3.org\/2000\/svg\" viewbox=\"0 0 640 512\"><path fill=\"currentColor\" d=\"M624 352h-16V244c0-13-5-25-14-34L494 110c-9-9-21-14-34-14h-44V48c0-26-21-48-48-48H48C22 0 0 22 0 48v320c0 27 22 48 48 48h16a96 96 0 00192 0h128a96 96 0 00192 0h48c9 0 16-7 16-16v-32c0-9-7-16-16-16zM160 464a48 48 0 110-96 48 48 0 010 96zm320 0a48 48 0 110-96 48 48 0 010 96zm80-208H416V144h44l100 100v12z\"\/><\/svg><\/label>\r\n    <\/span>\r\n    <span style=\"display:none\">\r\n        <input type=\"text\" name=\"kc_honeypot\">\r\n    <\/span><\/span><\/span>\n\t\t<\/p>\n\t<\/div>\n\t<p><input class=\"wpcf7-form-control wpcf7-submit has-spinner\" type=\"submit\" value=\"N\u1ed9p\" \/>\n\t<\/p>\n<\/div><div class=\"wpcf7-response-output\" aria-hidden=\"true\"><\/div>\n<input type=\"hidden\" name=\"trp-form-language\" value=\"vi\"\/><\/form>\n<\/div>\n\n\n<\/p>","protected":false},"excerpt":{"rendered":"<p>Crossfit N\u00e2ng t\u1ea1 N\u1ec1n t\u1ea3ng Ph\u00f2ng t\u1eadp th\u1ec3 d\u1ee5c N\u00e2ng t\u1ea1 S\u1eed d\u1ee5ng<\/p>\n<p>B\u1ea1ch \u0111\u00e0n + C\u00e2y d\u01b0\u01a1ng + Cao su + Th\u00e9p<\/p>\n<p>\u0110en + G\u1ed7<\/p>","protected":false},"featured_media":3658,"template":"","meta":[],"product_cat":[38,81],"product_tag":[],"class_list":{"0":"post-3660","1":"product","2":"type-product","3":"status-publish","4":"has-post-thumbnail","6":"product_cat-boxing-ring","7":"product_cat-weightlifting","9":"first","10":"instock","11":"shipping-taxable","12":"product-type-simple"},"yoast_head":"<!-- This site is optimized with the Yoast SEO plugin v22.7 - https:\/\/yoast.com\/wordpress\/plugins\/seo\/ -->\n<title>weight lift platform - trustworthy combat sports equipment manufacturer<\/title>\n<meta name=\"description\" content=\"Gym Weightlifting Equipment Heavy Duty Gym Lifting platform weightlifting platform\" \/>\n<meta name=\"robots\" content=\"index, follow, max-snippet:-1, max-image-preview:large, max-video-preview:-1\" \/>\n<link rel=\"canonical\" href=\"https:\/\/krcsports.com\/vi\/san-pham\/weight-lift-platform\/\" \/>\n<meta property=\"og:locale\" content=\"vi_VN\" \/>\n<meta property=\"og:type\" content=\"article\" \/>\n<meta property=\"og:title\" content=\"weight lift platform - trustworthy combat sports equipment manufacturer\" \/>\n<meta property=\"og:description\" content=\"Gym Weightlifting Equipment Heavy Duty Gym Lifting platform weightlifting platform\" \/>\n<meta property=\"og:url\" content=\"https:\/\/krcsports.com\/vi\/san-pham\/weight-lift-platform\/\" \/>\n<meta property=\"og:site_name\" content=\"trustworthy combat sports equipment manufacturer\" \/>\n<meta property=\"article:publisher\" content=\"https:\/\/www.facebook.com\/people\/Krc-sports\/100063994129159\/\" \/>\n<meta property=\"article:modified_time\" content=\"2024-12-08T13:28:05+00:00\" \/>\n<meta property=\"og:image\" content=\"https:\/\/krcsports.com\/wp-content\/uploads\/2024\/12\/platform001.webp\" \/>\n\t<meta property=\"og:image:width\" content=\"800\" \/>\n\t<meta property=\"og:image:height\" content=\"800\" \/>\n\t<meta property=\"og:image:type\" content=\"image\/webp\" \/>\n<meta name=\"twitter:card\" content=\"summary_large_image\" \/>\n<meta name=\"twitter:label1\" content=\"\u01af\u1edbc t\u00ednh th\u1eddi gian \u0111\u1ecdc\" \/>\n\t<meta name=\"twitter:data1\" content=\"1 ph\u00fat\" \/>\n<script type=\"application\/ld+json\" class=\"yoast-schema-graph\">{\"@context\":\"https:\/\/schema.org\",\"@graph\":[{\"@type\":\"WebPage\",\"@id\":\"https:\/\/krcsports.com\/manufacturer\/weight-lift-platform\/\",\"url\":\"https:\/\/krcsports.com\/manufacturer\/weight-lift-platform\/\",\"name\":\"weight lift platform - trustworthy combat sports equipment manufacturer\",\"isPartOf\":{\"@id\":\"https:\/\/krcsports.com\/#website\"},\"primaryImageOfPage\":{\"@id\":\"https:\/\/krcsports.com\/manufacturer\/weight-lift-platform\/#primaryimage\"},\"image\":{\"@id\":\"https:\/\/krcsports.com\/manufacturer\/weight-lift-platform\/#primaryimage\"},\"thumbnailUrl\":\"https:\/\/cdn.krcsports.com\/2024\/12\/platform001.webp\",\"datePublished\":\"2024-12-08T13:13:52+00:00\",\"dateModified\":\"2024-12-08T13:28:05+00:00\",\"description\":\"Gym Weightlifting Equipment Heavy Duty Gym Lifting platform weightlifting platform\",\"breadcrumb\":{\"@id\":\"https:\/\/krcsports.com\/manufacturer\/weight-lift-platform\/#breadcrumb\"},\"inLanguage\":\"vi\",\"potentialAction\":[{\"@type\":\"ReadAction\",\"target\":[\"https:\/\/krcsports.com\/manufacturer\/weight-lift-platform\/\"]}]},{\"@type\":\"ImageObject\",\"inLanguage\":\"vi\",\"@id\":\"https:\/\/krcsports.com\/manufacturer\/weight-lift-platform\/#primaryimage\",\"url\":\"https:\/\/cdn.krcsports.com\/2024\/12\/platform001.webp\",\"contentUrl\":\"https:\/\/cdn.krcsports.com\/2024\/12\/platform001.webp\",\"width\":800,\"height\":800,\"caption\":\"platform\"},{\"@type\":\"BreadcrumbList\",\"@id\":\"https:\/\/krcsports.com\/manufacturer\/weight-lift-platform\/#breadcrumb\",\"itemListElement\":[{\"@type\":\"ListItem\",\"position\":1,\"name\":\"Home\",\"item\":\"https:\/\/krcsports.com\/\"},{\"@type\":\"ListItem\",\"position\":2,\"name\":\"Products\",\"item\":\"https:\/\/krcsports.com\/shop\/\"},{\"@type\":\"ListItem\",\"position\":3,\"name\":\"weight lift platform\"}]},{\"@type\":\"WebSite\",\"@id\":\"https:\/\/krcsports.com\/#website\",\"url\":\"https:\/\/krcsports.com\/\",\"name\":\"krc sports\",\"description\":\"\",\"publisher\":{\"@id\":\"https:\/\/krcsports.com\/#organization\"},\"potentialAction\":[{\"@type\":\"SearchAction\",\"target\":{\"@type\":\"EntryPoint\",\"urlTemplate\":\"https:\/\/krcsports.com\/?s={search_term_string}\"},\"query-input\":\"required name=search_term_string\"}],\"inLanguage\":\"vi\"},{\"@type\":\"Organization\",\"@id\":\"https:\/\/krcsports.com\/#organization\",\"name\":\"krc sports\",\"url\":\"https:\/\/krcsports.com\/\",\"logo\":{\"@type\":\"ImageObject\",\"inLanguage\":\"vi\",\"@id\":\"https:\/\/krcsports.com\/#\/schema\/logo\/image\/\",\"url\":\"https:\/\/krcsports.com\/wp-content\/uploads\/2024\/07\/logo.webp\",\"contentUrl\":\"https:\/\/krcsports.com\/wp-content\/uploads\/2024\/07\/logo.webp\",\"width\":80,\"height\":60,\"caption\":\"krc sports\"},\"image\":{\"@id\":\"https:\/\/krcsports.com\/#\/schema\/logo\/image\/\"},\"sameAs\":[\"https:\/\/www.facebook.com\/people\/Krc-sports\/100063994129159\/\"]}]}<\/script>\n<!-- \/ Yoast SEO plugin. -->","yoast_head_json":{"title":"s\u00e0n n\u00e2ng t\u1ea1 - nh\u00e0 s\u1ea3n xu\u1ea5t thi\u1ebft b\u1ecb th\u1ec3 thao chi\u1ebfn \u0111\u1ea5u \u0111\u00e1ng tin c\u1eady","description":"Thi\u1ebft b\u1ecb t\u1eadp t\u1ea1 cho ph\u00f2ng t\u1eadp th\u1ec3 d\u1ee5c Thi\u1ebft b\u1ecb t\u1eadp t\u1ea1 cho ph\u00f2ng t\u1eadp th\u1ec3 d\u1ee5c h\u1ea1ng n\u1eb7ng","robots":{"index":"index","follow":"follow","max-snippet":"max-snippet:-1","max-image-preview":"max-image-preview:large","max-video-preview":"max-video-preview:-1"},"canonical":"https:\/\/krcsports.com\/vi\/san-pham\/weight-lift-platform\/","og_locale":"vi_VN","og_type":"article","og_title":"weight lift platform - trustworthy combat sports equipment manufacturer","og_description":"Gym Weightlifting Equipment Heavy Duty Gym Lifting platform weightlifting platform","og_url":"https:\/\/krcsports.com\/vi\/san-pham\/weight-lift-platform\/","og_site_name":"trustworthy combat sports equipment manufacturer","article_publisher":"https:\/\/www.facebook.com\/people\/Krc-sports\/100063994129159\/","article_modified_time":"2024-12-08T13:28:05+00:00","og_image":[{"width":800,"height":800,"url":"https:\/\/krcsports.com\/wp-content\/uploads\/2024\/12\/platform001.webp","type":"image\/webp"}],"twitter_card":"summary_large_image","twitter_misc":{"\u01af\u1edbc t\u00ednh th\u1eddi gian \u0111\u1ecdc":"1 ph\u00fat"},"schema":{"@context":"https:\/\/schema.org","@graph":[{"@type":"WebPage","@id":"https:\/\/krcsports.com\/manufacturer\/weight-lift-platform\/","url":"https:\/\/krcsports.com\/manufacturer\/weight-lift-platform\/","name":"s\u00e0n n\u00e2ng t\u1ea1 - nh\u00e0 s\u1ea3n xu\u1ea5t thi\u1ebft b\u1ecb th\u1ec3 thao chi\u1ebfn \u0111\u1ea5u \u0111\u00e1ng tin c\u1eady","isPartOf":{"@id":"https:\/\/krcsports.com\/#website"},"primaryImageOfPage":{"@id":"https:\/\/krcsports.com\/manufacturer\/weight-lift-platform\/#primaryimage"},"image":{"@id":"https:\/\/krcsports.com\/manufacturer\/weight-lift-platform\/#primaryimage"},"thumbnailUrl":"https:\/\/cdn.krcsports.com\/2024\/12\/platform001.webp","datePublished":"2024-12-08T13:13:52+00:00","dateModified":"2024-12-08T13:28:05+00:00","description":"Thi\u1ebft b\u1ecb t\u1eadp t\u1ea1 cho ph\u00f2ng t\u1eadp th\u1ec3 d\u1ee5c Thi\u1ebft b\u1ecb t\u1eadp t\u1ea1 cho ph\u00f2ng t\u1eadp th\u1ec3 d\u1ee5c h\u1ea1ng n\u1eb7ng","breadcrumb":{"@id":"https:\/\/krcsports.com\/manufacturer\/weight-lift-platform\/#breadcrumb"},"inLanguage":"vi","potentialAction":[{"@type":"ReadAction","target":["https:\/\/krcsports.com\/manufacturer\/weight-lift-platform\/"]}]},{"@type":"ImageObject","inLanguage":"vi","@id":"https:\/\/krcsports.com\/manufacturer\/weight-lift-platform\/#primaryimage","url":"https:\/\/cdn.krcsports.com\/2024\/12\/platform001.webp","contentUrl":"https:\/\/cdn.krcsports.com\/2024\/12\/platform001.webp","width":800,"height":800,"caption":"platform"},{"@type":"BreadcrumbList","@id":"https:\/\/krcsports.com\/manufacturer\/weight-lift-platform\/#breadcrumb","itemListElement":[{"@type":"ListItem","position":1,"name":"Home","item":"https:\/\/krcsports.com\/"},{"@type":"ListItem","position":2,"name":"Products","item":"https:\/\/krcsports.com\/shop\/"},{"@type":"ListItem","position":3,"name":"weight lift platform"}]},{"@type":"WebSite","@id":"https:\/\/krcsports.com\/#website","url":"https:\/\/krcsports.com\/","name":"th\u1ec3 thao krc","description":"","publisher":{"@id":"https:\/\/krcsports.com\/#organization"},"potentialAction":[{"@type":"SearchAction","target":{"@type":"EntryPoint","urlTemplate":"https:\/\/krcsports.com\/?s={search_term_string}"},"query-input":"required name=search_term_string"}],"inLanguage":"vi"},{"@type":"Organization","@id":"https:\/\/krcsports.com\/#organization","name":"th\u1ec3 thao krc","url":"https:\/\/krcsports.com\/","logo":{"@type":"ImageObject","inLanguage":"vi","@id":"https:\/\/krcsports.com\/#\/schema\/logo\/image\/","url":"https:\/\/krcsports.com\/wp-content\/uploads\/2024\/07\/logo.webp","contentUrl":"https:\/\/krcsports.com\/wp-content\/uploads\/2024\/07\/logo.webp","width":80,"height":60,"caption":"krc sports"},"image":{"@id":"https:\/\/krcsports.com\/#\/schema\/logo\/image\/"},"sameAs":["https:\/\/www.facebook.com\/people\/Krc-sports\/100063994129159\/"]}]}},"_links":{"self":[{"href":"https:\/\/krcsports.com\/vi\/wp-json\/wp\/v2\/product\/3660","targetHints":{"allow":["GET"]}}],"collection":[{"href":"https:\/\/krcsports.com\/vi\/wp-json\/wp\/v2\/product"}],"about":[{"href":"https:\/\/krcsports.com\/vi\/wp-json\/wp\/v2\/types\/product"}],"wp:featuredmedia":[{"embeddable":true,"href":"https:\/\/krcsports.com\/vi\/wp-json\/wp\/v2\/media\/3658"}],"wp:attachment":[{"href":"https:\/\/krcsports.com\/vi\/wp-json\/wp\/v2\/media?parent=3660"}],"wp:term":[{"taxonomy":"product_cat","embeddable":true,"href":"https:\/\/krcsports.com\/vi\/wp-json\/wp\/v2\/product_cat?post=3660"},{"taxonomy":"product_tag","embeddable":true,"href":"https:\/\/krcsports.com\/vi\/wp-json\/wp\/v2\/product_tag?post=3660"}],"curies":[{"name":"wp","href":"https:\/\/api.w.org\/{rel}","templated":true}]}}