{"id":3207,"date":"2024-11-23T01:11:00","date_gmt":"2024-11-23T01:11:00","guid":{"rendered":"https:\/\/krcsports.com\/?post_type=product&#038;p=3207"},"modified":"2024-11-23T01:27:44","modified_gmt":"2024-11-23T01:27:44","slug":"multi-target-boxing-station","status":"publish","type":"product","link":"https:\/\/krcsports.com\/vi\/manufacturer\/multi-target-boxing-station\/","title":{"rendered":"Tr\u1ea1m Quy\u1ec1n Anh \u0110a M\u1ee5c Ti\u00eau"},"content":{"rendered":"<section class=\"section\" id=\"section_1927987316\">\n\t\t<div class=\"bg section-bg fill bg-fill  bg-loaded\" >\n\n\t\t\t\n\t\t\t\n\t\t\t\n\n\t\t<\/div>\n\n\t\t\n\n\t\t<div class=\"section-content relative\">\n\t\t\t\n<ul class=\"a-unordered-list a-vertical a-spacing-mini\">\n<li class=\"a-spacing-mini\"><span class=\"a-list-item\">M\u00e1y t\u1eadp \u0111\u1ea5m b\u1ed1c \u0111a n\u0103ng: T\u1eadn d\u1ee5ng s\u1ee9c m\u1ea1nh c\u1ee7a h\u1ec7 th\u1ed1ng t\u1eadp luy\u1ec7n \u0111a n\u0103ng \u0111\u01b0\u1ee3c thi\u1ebft k\u1ebf \u0111\u1ec3 c\u1ea3i thi\u1ec7n \u0111\u1ed9 ch\u00ednh x\u00e1c, s\u1ee9c m\u1ea1nh, t\u1ed1c \u0111\u1ed9, ph\u1ea3n x\u1ea1 v\u00e0 tim m\u1ea1ch.<\/span><\/li>\n<li class=\"a-spacing-mini\"><span class=\"a-list-item\">C\u00f3 th\u1ec3 \u0111i\u1ec1u ch\u1ec9nh theo k\u00edch th\u01b0\u1edbc v\u00e0 ch\u1ebf \u0111\u1ed9 luy\u1ec7n t\u1eadp: Mi\u1ebfng \u0111\u1ec7m c\u00f3 th\u1ec3 t\u00f9y ch\u1ec9nh ho\u00e0n to\u00e0n c\u00f3 h\u00e0ng tr\u0103m k\u1ebft h\u1ee3p \u0111i\u1ec1u ch\u1ec9nh. \u0110i\u1ec1u ch\u1ec9nh chi\u1ec1u r\u1ed9ng, \u0111\u1ed9 xoay c\u1ee7a mi\u1ebfng \u0111\u1ec7m v\u00e0 chi\u1ec1u cao t\u1eeb 4&#039; \u0111\u1ebfn 6 \u00bd&#039;. Ph\u00f9 h\u1ee3p v\u1edbi m\u1ecdi k\u00edch th\u01b0\u1edbc, \u0111\u1ed9 tu\u1ed5i v\u00e0 kh\u1ea3 n\u0103ng th\u1ec3 d\u1ee5c.<\/span><\/li>\n<li class=\"a-spacing-mini\"><span class=\"a-list-item\">Hu\u1ea5n luy\u1ec7n t\u01b0\u01a1ng t\u00e1c: C\u00e1c m\u1ee5c ti\u00eau ch\u00ednh x\u00e1c v\u1ec1 m\u1eb7t gi\u1ea3i ph\u1eabu m\u00f4 ph\u1ecfng \u0111\u1ed1i th\u1ee7 th\u1ef1c s\u1ef1. Mi\u1ebfng \u0111\u1ec7m \u0111\u1ea7u cho c\u00e1c c\u00fa \u0111\u1ea5m m\u00f3c v\u00e0 \u0111\u1ea5m m\u00f3c ho\u00e0n h\u1ea3o. Th\u00e2n \u0111\u1ea3m b\u1ea3o t\u01b0 th\u1ebf \u0111\u00fang v\u1edbi c\u00e1c c\u00fa \u0111\u1ea5m, khu\u1ef7u tay v\u00e0 \u0111\u1ea7u g\u1ed1i\u2014Mi\u1ebfng \u0111\u1ec7m t\u1eadp trung cho c\u00e1c c\u00fa \u0111\u00e1nh t\u1eeb b\u00ean n\u00e0y sang b\u00ean kia, \u0111\u00e1 v\u00e0 kh\u1ed1i l\u01b0\u1ee3ng l\u1edbn h\u01a1n cho b\u00e0i t\u1eadp c\u1ed1t l\u00f5i n\u00e2ng cao.<\/span><\/li>\n<li class=\"a-spacing-mini\"><span class=\"a-list-item\">B\u1ec1 m\u1eb7t \u0111\u1ec7m an to\u00e0n: \u0110\u1ec7m l\u00f2 xo m\u1ec1m, c\u00f3 th\u1ec3 \u0111i\u1ec1u ch\u1ec9nh mang l\u1ea1i l\u1ef1c c\u1ea3n l\u1edbn v\u00e0 cho ph\u00e9p b\u1ea1n t\u1eadp luy\u1ec7n l\u00e2u h\u01a1n trong khi c\u00e1c g\u00f3c \u0111\u1ed9 v\u00e0 m\u1ee5c ti\u00eau bu\u1ed9c b\u1ea1n ph\u1ea3i \u0111\u00e1nh v\u1edbi h\u00ecnh th\u1ee9c t\u1ed1t h\u01a1n.<\/span><\/li>\n<li class=\"a-spacing-mini\"><span class=\"a-list-item\">Ch\u1eafc ch\u1eafn v\u00e0 \u0111\u00e1ng tin c\u1eady: \u0110\u01b0\u1ee3c thi\u1ebft k\u1ebf \u0111\u1ec3 \u0111\u00e1p \u1ee9ng c\u00e1c ti\u00eau chu\u1ea9n c\u1ee7a Fame Legend Bas Rutten. Mi\u1ebfng \u0111\u1ec7m x\u1ed1p nhi\u1ec1u l\u1edbp v\u00e0 khung th\u00e9p ch\u1eafc ch\u1eafn t\u1ea1o n\u00ean n\u1ec1n t\u1ea3ng v\u1eefng ch\u1eafc cho m\u1ecdi nhu c\u1ea7u luy\u1ec7n t\u1eadp c\u1ee7a b\u1ea1n.\u00a0<\/span><\/li>\n<\/ul>\n<h2>Ch\u1ee9ng nh\u1eadn c\u1ee7a ch\u00fang t\u00f4i<\/h2>\n\t<div class=\"img has-hover x md-x lg-x y md-y lg-y\" id=\"image_651867971\">\n\t\t\t\t\t\t\t\t<div class=\"img-inner dark\" >\n\t\t\t<img loading=\"lazy\" decoding=\"async\" width=\"1020\" height=\"316\" src=\"https:\/\/cdn.krcsports.com\/2024\/07\/certification070-1-1024x317.webp\" class=\"attachment-large size-large wp-image-1633\" alt=\"gi\u1ea5y ch\u1ee9ng nh\u1eadn\" srcset=\"https:\/\/cdn.krcsports.com\/2024\/07\/certification070-1-1024x317.webp 1024w, https:\/\/cdn.krcsports.com\/2024\/07\/certification070-1-300x93.webp 300w, https:\/\/cdn.krcsports.com\/2024\/07\/certification070-1-768x238.webp 768w, https:\/\/cdn.krcsports.com\/2024\/07\/certification070-1-1536x475.webp 1536w, https:\/\/cdn.krcsports.com\/2024\/07\/certification070-1-18x6.webp 18w, https:\/\/cdn.krcsports.com\/2024\/07\/certification070-1-600x186.webp 600w, https:\/\/cdn.krcsports.com\/2024\/07\/certification070-1.webp 1625w\" sizes=\"auto, (max-width: 1020px) 100vw, 1020px\" \/>\t\t\t\t\t\t\n\t\t\t\t\t<\/div>\n\t\t\t\t\t\t\t\t\n<style>\n#image_651867971 {\n  width: 100%;\n}\n<\/style>\n\t<\/div>\n\t\n\n<h2>Nh\u00e0 m\u00e1y c\u1ee7a ch\u00fang t\u00f4i \u0111\u01b0\u1ee3c BSCI ch\u1ea5p thu\u1eadn<\/h2>\n<h2>\u00a0<\/h2>\n\t<div class=\"img has-hover x md-x lg-x y md-y lg-y\" id=\"image_676880580\">\n\t\t\t\t\t\t\t\t<div class=\"img-inner dark\" >\n\t\t\t<img loading=\"lazy\" decoding=\"async\" width=\"850\" height=\"1100\" src=\"https:\/\/cdn.krcsports.com\/2024\/07\/BSCI-SummaryAuditReportforall_21-41.webp\" class=\"attachment-original size-original wp-image-1634\" alt=\"T\u00f3m t\u1eaft BSCI\" srcset=\"https:\/\/cdn.krcsports.com\/2024\/07\/BSCI-SummaryAuditReportforall_21-41.webp 850w, https:\/\/cdn.krcsports.com\/2024\/07\/BSCI-SummaryAuditReportforall_21-41-232x300.webp 232w, https:\/\/cdn.krcsports.com\/2024\/07\/BSCI-SummaryAuditReportforall_21-41-791x1024.webp 791w, https:\/\/cdn.krcsports.com\/2024\/07\/BSCI-SummaryAuditReportforall_21-41-768x994.webp 768w, https:\/\/cdn.krcsports.com\/2024\/07\/BSCI-SummaryAuditReportforall_21-41-9x12.webp 9w, https:\/\/cdn.krcsports.com\/2024\/07\/BSCI-SummaryAuditReportforall_21-41-600x776.webp 600w\" sizes=\"auto, (max-width: 850px) 100vw, 850px\" \/>\t\t\t\t\t\t\n\t\t\t\t\t<\/div>\n\t\t\t\t\t\t\t\t\n<style>\n#image_676880580 {\n  width: 100%;\n}\n<\/style>\n\t<\/div>\n\t\n\n\t<div class=\"img has-hover x md-x lg-x y md-y lg-y\" id=\"image_1991399018\">\n\t\t\t\t\t\t\t\t<div class=\"img-inner dark\" >\n\t\t\t<img loading=\"lazy\" decoding=\"async\" width=\"745\" height=\"364\" src=\"https:\/\/cdn.krcsports.com\/2024\/10\/Sports-manufacture1.webp\" class=\"attachment-original size-original wp-image-2862\" alt=\"nh\u00e0 s\u1ea3n xu\u1ea5t\" srcset=\"https:\/\/cdn.krcsports.com\/2024\/10\/Sports-manufacture1.webp 745w, https:\/\/cdn.krcsports.com\/2024\/10\/Sports-manufacture1-300x147.webp 300w, https:\/\/cdn.krcsports.com\/2024\/10\/Sports-manufacture1-18x9.webp 18w, https:\/\/cdn.krcsports.com\/2024\/10\/Sports-manufacture1-600x293.webp 600w\" sizes=\"auto, (max-width: 745px) 100vw, 745px\" \/>\t\t\t\t\t\t\n\t\t\t\t\t<\/div>\n\t\t\t\t\t\t\t\t\n<style>\n#image_1991399018 {\n  width: 100%;\n}\n<\/style>\n\t<\/div>\n\t\n\n\t<section class=\"section\" id=\"section_1829201435\">\n\t\t<div class=\"bg section-bg fill bg-fill  bg-loaded\" >\n\n\t\t\t\n\t\t\t\n\t\t\t\n\n\t\t<\/div>\n\n\t\t\n\n\t\t<div class=\"section-content relative\">\n\t\t\t\n\n<h2>\u0110\u1ed9i ng\u0169 chuy\u00ean nghi\u1ec7p c\u1ee7a ch\u00fang t\u00f4i<\/h2>\n\n\t\t<\/div>\n\n\t\t\n<style>\n#section_1829201435 {\n  padding-top: 30px;\n  padding-bottom: 30px;\n}\n<\/style>\n\t<\/section>\n\t\n\t<section class=\"section\" id=\"section_188055264\">\n\t\t<div class=\"bg section-bg fill bg-fill  bg-loaded\" >\n\n\t\t\t\n\t\t\t\n\t\t\t\n\n\t\t<\/div>\n\n\t\t\n\n\t\t<div class=\"section-content relative\">\n\t\t\t\n\n\t<div class=\"img has-hover x md-x lg-x y md-y lg-y\" id=\"image_1423725282\">\n\t\t\t\t\t\t\t\t<div class=\"img-inner dark\" >\n\t\t\t<img loading=\"lazy\" decoding=\"async\" width=\"493\" height=\"301\" src=\"https:\/\/cdn.krcsports.com\/2024\/10\/team002.webp\" class=\"attachment-large size-large wp-image-2863\" alt=\"\u0111\u1ed9i\" srcset=\"https:\/\/cdn.krcsports.com\/2024\/10\/team002.webp 493w, https:\/\/cdn.krcsports.com\/2024\/10\/team002-300x183.webp 300w, https:\/\/cdn.krcsports.com\/2024\/10\/team002-18x12.webp 18w\" sizes=\"auto, (max-width: 493px) 100vw, 493px\" \/>\t\t\t\t\t\t\n\t\t\t\t\t<\/div>\n\t\t\t\t\t\t\t\t\n<style>\n#image_1423725282 {\n  width: 100%;\n}\n<\/style>\n\t<\/div>\n\t\n\n\n\t\t<\/div>\n\n\t\t\n<style>\n#section_188055264 {\n  padding-top: 30px;\n  padding-bottom: 30px;\n}\n<\/style>\n\t<\/section>\n\t\n\t<section class=\"section\" id=\"section_139534917\">\n\t\t<div class=\"bg section-bg fill bg-fill  bg-loaded\" >\n\n\t\t\t\n\t\t\t\n\t\t\t\n\n\t\t<\/div>\n\n\t\t\n\n\t\t<div class=\"section-content relative\">\n\t\t\t\n\n\t<div class=\"img has-hover x md-x lg-x y md-y lg-y\" id=\"image_130355719\">\n\t\t\t\t\t\t\t\t<div class=\"img-inner dark\" >\n\t\t\t<img loading=\"lazy\" decoding=\"async\" width=\"1020\" height=\"466\" src=\"https:\/\/cdn.krcsports.com\/2024\/10\/exhibition1-1024x468.webp\" class=\"attachment-large size-large wp-image-2864\" alt=\"tri\u1ec3n l\u00e3m\" srcset=\"https:\/\/cdn.krcsports.com\/2024\/10\/exhibition1-1024x468.webp 1024w, https:\/\/cdn.krcsports.com\/2024\/10\/exhibition1-300x137.webp 300w, https:\/\/cdn.krcsports.com\/2024\/10\/exhibition1-768x351.webp 768w, https:\/\/cdn.krcsports.com\/2024\/10\/exhibition1-18x8.webp 18w, https:\/\/cdn.krcsports.com\/2024\/10\/exhibition1-600x274.webp 600w, https:\/\/cdn.krcsports.com\/2024\/10\/exhibition1.webp 1200w\" sizes=\"auto, (max-width: 1020px) 100vw, 1020px\" \/>\t\t\t\t\t\t\n\t\t\t\t\t<\/div>\n\t\t\t\t\t\t\t\t\n<style>\n#image_130355719 {\n  width: 100%;\n}\n<\/style>\n\t<\/div>\n\t\n\n\n\t\t<\/div>\n\n\t\t\n<style>\n#section_139534917 {\n  padding-top: 30px;\n  padding-bottom: 30px;\n}\n<\/style>\n\t<\/section>\n\t\n<p>\n\n<div class=\"wpcf7 no-js\" id=\"wpcf7-f5-o1\" lang=\"en-US\" dir=\"ltr\">\n<div class=\"screen-reader-response\"><p role=\"status\" aria-live=\"polite\" aria-atomic=\"true\"><\/p> <ul><\/ul><\/div>\n<form action=\"\/vi\/wp-json\/wp\/v2\/product\/3207#wpcf7-f5-o1\" method=\"post\" class=\"wpcf7-form init\" aria-label=\"Bi\u1ec3u m\u1eabu li\u00ean h\u1ec7\" novalidate=\"novalidate\" data-status=\"init\" data-trp-original-action=\"\/vi\/wp-json\/wp\/v2\/product\/3207#wpcf7-f5-o1\">\n<div style=\"display: none;\">\n<input type=\"hidden\" name=\"_wpcf7\" value=\"5\" \/>\n<input type=\"hidden\" name=\"_wpcf7_version\" value=\"5.9.5\" \/>\n<input type=\"hidden\" name=\"_wpcf7_locale\" value=\"en_US\" \/>\n<input type=\"hidden\" name=\"_wpcf7_unit_tag\" value=\"wpcf7-f5-o1\" \/>\n<input type=\"hidden\" name=\"_wpcf7_container_post\" value=\"0\" \/>\n<input type=\"hidden\" name=\"_wpcf7_posted_data_hash\" value=\"\" \/>\n<\/div>\n<div class='custom_contact_style'>\n\t<p><label> T\u00ean c\u1ee7a b\u1ea1n<br \/>\n<span class=\"wpcf7-form-control-wrap\" data-name=\"your-name\"><input size=\"40\" class=\"wpcf7-form-control wpcf7-text wpcf7-validates-as-required\" autocomplete=\"name\" aria-required=\"true\" aria-invalid=\"false\" value=\"\" type=\"text\" name=\"your-name\" \/><\/span> <\/label>\n\t<\/p>\n\t<p><label> Email c\u1ee7a b\u1ea1n<br \/>\n<span class=\"wpcf7-form-control-wrap\" data-name=\"your-email\"><input size=\"40\" class=\"wpcf7-form-control wpcf7-email wpcf7-validates-as-required wpcf7-text wpcf7-validates-as-email\" autocomplete=\"email\" aria-required=\"true\" aria-invalid=\"false\" value=\"\" type=\"email\" name=\"your-email\" \/><\/span> <\/label>\n\t<\/p>\n\t<p><label> Tin nh\u1eafn c\u1ee7a b\u1ea1n (t\u00f9y ch\u1ecdn)<br \/>\n<span class=\"wpcf7-form-control-wrap\" data-name=\"your-message\"><textarea cols=\"40\" rows=\"10\" class=\"wpcf7-form-control wpcf7-textarea\" aria-invalid=\"false\" name=\"your-message\"><\/textarea><\/span> <\/label>\n\t<\/p>\n\t<div style=\"margin-bottom:10px;\">\n\t\t<p><span class=\"wpcf7-form-control-wrap kc_captcha cf7ic-toggle\" data-name=\"kc_captcha\"><span class=\"wpcf7-form-control wpcf7-radio\"><span class=\"captcha-image\" style=\"display: none;\"><span class=\"cf7ic_instructions\">H\u00e3y ch\u1ee9ng minh b\u1ea1n l\u00e0 ng\u01b0\u1eddi b\u1eb1ng c\u00e1ch ch\u1ecdn<span> c\u00e2y<\/span>.<\/span><label><input type=\"radio\" name=\"kc_captcha\" value=\"bot\" \/><svg width=\"50\" height=\"50\" aria-hidden=\"true\" role=\"img\" xmlns=\"http:\/\/www.w3.org\/2000\/svg\" viewbox=\"0 0 576 512\"><path fill=\"currentColor\" d=\"M259 18l-65 132-146 22c-26 3-37 36-18 54l106 103-25 146c-5 26 23 46 46 33l131-68 131 68c23 13 51-7 46-33l-25-146 106-103c19-18 8-51-18-54l-146-22-65-132a32 32 0 00-58 0z\"\/><\/svg><\/label><label><input type=\"radio\" name=\"kc_captcha\" value=\"bot\" \/><svg width=\"50\" height=\"50\" aria-hidden=\"true\" role=\"img\" xmlns=\"http:\/\/www.w3.org\/2000\/svg\" viewbox=\"0 0 640 512\"><path fill=\"currentColor\" d=\"M624 352h-16V244c0-13-5-25-14-34L494 110c-9-9-21-14-34-14h-44V48c0-26-21-48-48-48H48C22 0 0 22 0 48v320c0 27 22 48 48 48h16a96 96 0 00192 0h128a96 96 0 00192 0h48c9 0 16-7 16-16v-32c0-9-7-16-16-16zM160 464a48 48 0 110-96 48 48 0 010 96zm320 0a48 48 0 110-96 48 48 0 010 96zm80-208H416V144h44l100 100v12z\"\/><\/svg><\/label><label><input type=\"radio\" name=\"kc_captcha\" value=\"kc_human\" \/><svg width=\"50\" height=\"50\" aria-hidden=\"true\" role=\"img\" xmlns=\"http:\/\/www.w3.org\/2000\/svg\" viewbox=\"0 0 384 512\"><path fill=\"currentColor\" d=\"M377 375l-83-87h34c21 0 32-25 17-40l-82-88h33c21 0 32-25 18-40L210 8c-10-11-26-11-36 0L70 120c-14 15-3 40 18 40h33l-82 88c-15 15-4 40 17 40h34L7 375c-15 16-4 41 17 41h120c0 33-11 49-34 68-12 9-5 28 10 28h144c15 0 22-19 10-28-20-16-34-32-34-68h120c21 0 32-25 17-41z\"\/><\/svg><\/label>\r\n    <\/span>\r\n    <span style=\"display:none\">\r\n        <input type=\"text\" name=\"kc_honeypot\">\r\n    <\/span><\/span><\/span>\n\t\t<\/p>\n\t<\/div>\n\t<p><input class=\"wpcf7-form-control wpcf7-submit has-spinner\" type=\"submit\" value=\"N\u1ed9p\" \/>\n\t<\/p>\n<\/div><div class=\"wpcf7-response-output\" aria-hidden=\"true\"><\/div>\n<input type=\"hidden\" name=\"trp-form-language\" value=\"vi\"\/><\/form>\n<\/div>\n\n\n<\/p>\n\t\t<\/div>\n\n\t\t\n<style>\n#section_1927987316 {\n  padding-top: 30px;\n  padding-bottom: 30px;\n}\n<\/style>\n\t<\/section>","protected":false},"excerpt":{"rendered":"<p>(1) Khung ch\u00ednh c\u1ee7a Tr\u1ea1m \u0111\u1ea5m b\u1ed1c \u0111a m\u1ee5c ti\u00eau: s\u1eed d\u1ee5ng \u1ed1ng h\u00ecnh ch\u1eef nh\u1eadt c\u00f3 \u0111\u01b0\u1eddng k\u00ednh 80 * 80mm v\u00e0 \u0111\u1ed9 d\u00e0y 2,0mm l\u00e0m khung ch\u00ednh.<br \/>\n(2) G\u0103ng tay \u0111\u1ea5m b\u1ed1c: ch\u1ea5t li\u1ec7u b\u1ecdt bi\u1ec3n m\u1eadt \u0111\u1ed9 cao v\u00e0 da ch\u1ea5t l\u01b0\u1ee3ng cao<br \/>\n(3) Phun: x\u1eed l\u00fd s\u01a1n t\u0129nh \u0111i\u1ec7n d\u1ea1ng b\u1ed9t cho thi\u1ebft b\u1ecb th\u1ec3 d\u1ee5c, kh\u1ea3 n\u0103ng ch\u1ed1ng g\u1ec9 m\u1ea1nh<br \/>\n(4) \u0110i\u1ec1u ch\u1ec9nh \u0111\u1ed9 cao: S\u1eed d\u1ee5ng l\u00f2 xo kh\u00ed ch\u1ea5t l\u01b0\u1ee3ng cao \u0111\u1ec3 \u0111i\u1ec1u ch\u1ec9nh theo chi\u1ec1u cao c\u1ee7a c\u01a1 th\u1ec3 con ng\u01b0\u1eddi<br \/>\n(5) \u0110\u1ebf: S\u1eed d\u1ee5ng t\u1ea5m s\u1eaft d\u00e0y 6.0mm, chi\u1ec1u cao t\u1ed5ng th\u1ec3 c\u00f3 th\u1ec3 \u0111i\u1ec1u ch\u1ec9nh \u0111\u1ebfn 1.9 m\u00e9t<\/p>","protected":false},"featured_media":3200,"template":"","meta":[],"product_cat":[59,50,37],"product_tag":[],"class_list":{"0":"post-3207","1":"product","2":"type-product","3":"status-publish","4":"has-post-thumbnail","6":"product_cat-punching-bag-dummy-taekwondo","7":"product_cat-punching-bag-dummy","8":"product_cat-boxing-target","10":"first","11":"instock","12":"shipping-taxable","13":"product-type-simple"},"yoast_head":"<!-- This site is optimized with the Yoast SEO plugin v22.7 - https:\/\/yoast.com\/wordpress\/plugins\/seo\/ -->\n<title>Multi-target Boxing Station - trustworthy combat sports equipment manufacturer<\/title>\n<meta name=\"description\" content=\"Multifunctional new multi-target boxing target for comprehensive combat and boxing training\" \/>\n<meta name=\"robots\" content=\"index, follow, max-snippet:-1, max-image-preview:large, max-video-preview:-1\" \/>\n<link rel=\"canonical\" href=\"https:\/\/krcsports.com\/vi\/san-pham\/multi-target-boxing-station\/\" \/>\n<meta property=\"og:locale\" content=\"vi_VN\" \/>\n<meta property=\"og:type\" content=\"article\" \/>\n<meta property=\"og:title\" content=\"Multi-target Boxing Station - trustworthy combat sports equipment manufacturer\" \/>\n<meta property=\"og:description\" content=\"Multifunctional new multi-target boxing target for comprehensive combat and boxing training\" \/>\n<meta property=\"og:url\" content=\"https:\/\/krcsports.com\/vi\/san-pham\/multi-target-boxing-station\/\" \/>\n<meta property=\"og:site_name\" content=\"trustworthy combat sports equipment manufacturer\" \/>\n<meta property=\"article:publisher\" content=\"https:\/\/www.facebook.com\/people\/Krc-sports\/100063994129159\/\" \/>\n<meta property=\"article:modified_time\" content=\"2024-11-23T01:27:44+00:00\" \/>\n<meta property=\"og:image\" content=\"https:\/\/krcsports.com\/wp-content\/uploads\/2024\/11\/Multi-target-Boxing-Station-1.webp\" \/>\n\t<meta property=\"og:image:width\" content=\"650\" \/>\n\t<meta property=\"og:image:height\" content=\"650\" \/>\n\t<meta property=\"og:image:type\" content=\"image\/webp\" \/>\n<meta name=\"twitter:card\" content=\"summary_large_image\" \/>\n<meta name=\"twitter:label1\" content=\"\u01af\u1edbc t\u00ednh th\u1eddi gian \u0111\u1ecdc\" \/>\n\t<meta name=\"twitter:data1\" content=\"2 ph\u00fat\" \/>\n<script type=\"application\/ld+json\" class=\"yoast-schema-graph\">{\"@context\":\"https:\/\/schema.org\",\"@graph\":[{\"@type\":\"WebPage\",\"@id\":\"https:\/\/krcsports.com\/manufacturer\/multi-target-boxing-station\/\",\"url\":\"https:\/\/krcsports.com\/manufacturer\/multi-target-boxing-station\/\",\"name\":\"Multi-target Boxing Station - trustworthy combat sports equipment manufacturer\",\"isPartOf\":{\"@id\":\"https:\/\/krcsports.com\/#website\"},\"primaryImageOfPage\":{\"@id\":\"https:\/\/krcsports.com\/manufacturer\/multi-target-boxing-station\/#primaryimage\"},\"image\":{\"@id\":\"https:\/\/krcsports.com\/manufacturer\/multi-target-boxing-station\/#primaryimage\"},\"thumbnailUrl\":\"https:\/\/cdn.krcsports.com\/2024\/11\/Multi-target-Boxing-Station-1.webp\",\"datePublished\":\"2024-11-23T01:11:00+00:00\",\"dateModified\":\"2024-11-23T01:27:44+00:00\",\"description\":\"Multifunctional new multi-target boxing target for comprehensive combat and boxing training\",\"breadcrumb\":{\"@id\":\"https:\/\/krcsports.com\/manufacturer\/multi-target-boxing-station\/#breadcrumb\"},\"inLanguage\":\"vi\",\"potentialAction\":[{\"@type\":\"ReadAction\",\"target\":[\"https:\/\/krcsports.com\/manufacturer\/multi-target-boxing-station\/\"]}]},{\"@type\":\"ImageObject\",\"inLanguage\":\"vi\",\"@id\":\"https:\/\/krcsports.com\/manufacturer\/multi-target-boxing-station\/#primaryimage\",\"url\":\"https:\/\/cdn.krcsports.com\/2024\/11\/Multi-target-Boxing-Station-1.webp\",\"contentUrl\":\"https:\/\/cdn.krcsports.com\/2024\/11\/Multi-target-Boxing-Station-1.webp\",\"width\":650,\"height\":650,\"caption\":\"Multi-target Boxing Station\"},{\"@type\":\"BreadcrumbList\",\"@id\":\"https:\/\/krcsports.com\/manufacturer\/multi-target-boxing-station\/#breadcrumb\",\"itemListElement\":[{\"@type\":\"ListItem\",\"position\":1,\"name\":\"Home\",\"item\":\"https:\/\/krcsports.com\/\"},{\"@type\":\"ListItem\",\"position\":2,\"name\":\"Products\",\"item\":\"https:\/\/krcsports.com\/shop\/\"},{\"@type\":\"ListItem\",\"position\":3,\"name\":\"Multi-target Boxing Station\"}]},{\"@type\":\"WebSite\",\"@id\":\"https:\/\/krcsports.com\/#website\",\"url\":\"https:\/\/krcsports.com\/\",\"name\":\"krc sports\",\"description\":\"\",\"publisher\":{\"@id\":\"https:\/\/krcsports.com\/#organization\"},\"potentialAction\":[{\"@type\":\"SearchAction\",\"target\":{\"@type\":\"EntryPoint\",\"urlTemplate\":\"https:\/\/krcsports.com\/?s={search_term_string}\"},\"query-input\":\"required name=search_term_string\"}],\"inLanguage\":\"vi\"},{\"@type\":\"Organization\",\"@id\":\"https:\/\/krcsports.com\/#organization\",\"name\":\"krc sports\",\"url\":\"https:\/\/krcsports.com\/\",\"logo\":{\"@type\":\"ImageObject\",\"inLanguage\":\"vi\",\"@id\":\"https:\/\/krcsports.com\/#\/schema\/logo\/image\/\",\"url\":\"https:\/\/krcsports.com\/wp-content\/uploads\/2024\/07\/logo.webp\",\"contentUrl\":\"https:\/\/krcsports.com\/wp-content\/uploads\/2024\/07\/logo.webp\",\"width\":80,\"height\":60,\"caption\":\"krc sports\"},\"image\":{\"@id\":\"https:\/\/krcsports.com\/#\/schema\/logo\/image\/\"},\"sameAs\":[\"https:\/\/www.facebook.com\/people\/Krc-sports\/100063994129159\/\"]}]}<\/script>\n<!-- \/ Yoast SEO plugin. -->","yoast_head_json":{"title":"Multi-target Boxing Station - nh\u00e0 s\u1ea3n xu\u1ea5t thi\u1ebft b\u1ecb th\u1ec3 thao chi\u1ebfn \u0111\u1ea5u \u0111\u00e1ng tin c\u1eady","description":"M\u1ee5c ti\u00eau \u0111\u1ea5m b\u1ed1c \u0111a n\u0103ng m\u1edbi \u0111a m\u1ee5c ti\u00eau cho m\u1ee5c \u0111\u00edch chi\u1ebfn \u0111\u1ea5u v\u00e0 luy\u1ec7n t\u1eadp \u0111\u1ea5m b\u1ed1c to\u00e0n di\u1ec7n","robots":{"index":"index","follow":"follow","max-snippet":"max-snippet:-1","max-image-preview":"max-image-preview:large","max-video-preview":"max-video-preview:-1"},"canonical":"https:\/\/krcsports.com\/vi\/san-pham\/multi-target-boxing-station\/","og_locale":"vi_VN","og_type":"article","og_title":"Multi-target Boxing Station - trustworthy combat sports equipment manufacturer","og_description":"Multifunctional new multi-target boxing target for comprehensive combat and boxing training","og_url":"https:\/\/krcsports.com\/vi\/san-pham\/multi-target-boxing-station\/","og_site_name":"trustworthy combat sports equipment manufacturer","article_publisher":"https:\/\/www.facebook.com\/people\/Krc-sports\/100063994129159\/","article_modified_time":"2024-11-23T01:27:44+00:00","og_image":[{"width":650,"height":650,"url":"https:\/\/krcsports.com\/wp-content\/uploads\/2024\/11\/Multi-target-Boxing-Station-1.webp","type":"image\/webp"}],"twitter_card":"summary_large_image","twitter_misc":{"\u01af\u1edbc t\u00ednh th\u1eddi gian \u0111\u1ecdc":"2 ph\u00fat"},"schema":{"@context":"https:\/\/schema.org","@graph":[{"@type":"WebPage","@id":"https:\/\/krcsports.com\/manufacturer\/multi-target-boxing-station\/","url":"https:\/\/krcsports.com\/manufacturer\/multi-target-boxing-station\/","name":"Multi-target Boxing Station - nh\u00e0 s\u1ea3n xu\u1ea5t thi\u1ebft b\u1ecb th\u1ec3 thao chi\u1ebfn \u0111\u1ea5u \u0111\u00e1ng tin c\u1eady","isPartOf":{"@id":"https:\/\/krcsports.com\/#website"},"primaryImageOfPage":{"@id":"https:\/\/krcsports.com\/manufacturer\/multi-target-boxing-station\/#primaryimage"},"image":{"@id":"https:\/\/krcsports.com\/manufacturer\/multi-target-boxing-station\/#primaryimage"},"thumbnailUrl":"https:\/\/cdn.krcsports.com\/2024\/11\/Multi-target-Boxing-Station-1.webp","datePublished":"2024-11-23T01:11:00+00:00","dateModified":"2024-11-23T01:27:44+00:00","description":"M\u1ee5c ti\u00eau \u0111\u1ea5m b\u1ed1c \u0111a n\u0103ng m\u1edbi \u0111a m\u1ee5c ti\u00eau cho m\u1ee5c \u0111\u00edch chi\u1ebfn \u0111\u1ea5u v\u00e0 luy\u1ec7n t\u1eadp \u0111\u1ea5m b\u1ed1c to\u00e0n di\u1ec7n","breadcrumb":{"@id":"https:\/\/krcsports.com\/manufacturer\/multi-target-boxing-station\/#breadcrumb"},"inLanguage":"vi","potentialAction":[{"@type":"ReadAction","target":["https:\/\/krcsports.com\/manufacturer\/multi-target-boxing-station\/"]}]},{"@type":"ImageObject","inLanguage":"vi","@id":"https:\/\/krcsports.com\/manufacturer\/multi-target-boxing-station\/#primaryimage","url":"https:\/\/cdn.krcsports.com\/2024\/11\/Multi-target-Boxing-Station-1.webp","contentUrl":"https:\/\/cdn.krcsports.com\/2024\/11\/Multi-target-Boxing-Station-1.webp","width":650,"height":650,"caption":"Multi-target Boxing Station"},{"@type":"BreadcrumbList","@id":"https:\/\/krcsports.com\/manufacturer\/multi-target-boxing-station\/#breadcrumb","itemListElement":[{"@type":"ListItem","position":1,"name":"Home","item":"https:\/\/krcsports.com\/"},{"@type":"ListItem","position":2,"name":"Products","item":"https:\/\/krcsports.com\/shop\/"},{"@type":"ListItem","position":3,"name":"Multi-target Boxing Station"}]},{"@type":"WebSite","@id":"https:\/\/krcsports.com\/#website","url":"https:\/\/krcsports.com\/","name":"th\u1ec3 thao krc","description":"","publisher":{"@id":"https:\/\/krcsports.com\/#organization"},"potentialAction":[{"@type":"SearchAction","target":{"@type":"EntryPoint","urlTemplate":"https:\/\/krcsports.com\/?s={search_term_string}"},"query-input":"required name=search_term_string"}],"inLanguage":"vi"},{"@type":"Organization","@id":"https:\/\/krcsports.com\/#organization","name":"th\u1ec3 thao krc","url":"https:\/\/krcsports.com\/","logo":{"@type":"ImageObject","inLanguage":"vi","@id":"https:\/\/krcsports.com\/#\/schema\/logo\/image\/","url":"https:\/\/krcsports.com\/wp-content\/uploads\/2024\/07\/logo.webp","contentUrl":"https:\/\/krcsports.com\/wp-content\/uploads\/2024\/07\/logo.webp","width":80,"height":60,"caption":"krc sports"},"image":{"@id":"https:\/\/krcsports.com\/#\/schema\/logo\/image\/"},"sameAs":["https:\/\/www.facebook.com\/people\/Krc-sports\/100063994129159\/"]}]}},"_links":{"self":[{"href":"https:\/\/krcsports.com\/vi\/wp-json\/wp\/v2\/product\/3207","targetHints":{"allow":["GET"]}}],"collection":[{"href":"https:\/\/krcsports.com\/vi\/wp-json\/wp\/v2\/product"}],"about":[{"href":"https:\/\/krcsports.com\/vi\/wp-json\/wp\/v2\/types\/product"}],"wp:featuredmedia":[{"embeddable":true,"href":"https:\/\/krcsports.com\/vi\/wp-json\/wp\/v2\/media\/3200"}],"wp:attachment":[{"href":"https:\/\/krcsports.com\/vi\/wp-json\/wp\/v2\/media?parent=3207"}],"wp:term":[{"taxonomy":"product_cat","embeddable":true,"href":"https:\/\/krcsports.com\/vi\/wp-json\/wp\/v2\/product_cat?post=3207"},{"taxonomy":"product_tag","embeddable":true,"href":"https:\/\/krcsports.com\/vi\/wp-json\/wp\/v2\/product_tag?post=3207"}],"curies":[{"name":"wp","href":"https:\/\/api.w.org\/{rel}","templated":true}]}}