{"id":3054,"date":"2024-11-12T05:18:30","date_gmt":"2024-11-12T05:18:30","guid":{"rendered":"https:\/\/krcsports.com\/?post_type=product&#038;p=3054"},"modified":"2024-11-12T05:40:14","modified_gmt":"2024-11-12T05:40:14","slug":"aqua-bag","status":"publish","type":"product","link":"https:\/\/krcsports.com\/vi\/manufacturer\/aqua-bag\/","title":{"rendered":"t\u00fai n\u01b0\u1edbc"},"content":{"rendered":"<section class=\"section\" id=\"section_1322050293\">\n\t\t<div class=\"bg section-bg fill bg-fill  bg-loaded\" >\n\n\t\t\t\n\t\t\t\n\t\t\t\n\n\t\t<\/div>\n\n\t\t\n\n\t\t<div class=\"section-content relative\">\n\t\t\t\n<ul class=\"a-unordered-list a-vertical a-spacing-mini\">\n<li class=\"a-spacing-mini\"><span class=\"a-list-item\">\u1ee8ng d\u1ee5ng r\u1ed9ng r\u00e3i: T\u00fai c\u00e1t n\u01b0\u1edbc di \u0111\u1ed9ng n\u00e0y ph\u00f9 h\u1ee3p r\u1ed9ng r\u00e3i cho sanda, \u0111\u1ea5m b\u1ed1c, chi\u1ebfn \u0111\u1ea5u, v.v. Qu\u1ea3 b\u00f3ng \u0111\u1ea5m b\u1ed1c gia d\u1ee5ng nh\u1ecf g\u1ecdn c\u00f3 th\u1ec3 \u0111\u01b0\u1ee3c s\u1eed d\u1ee5ng \u1edf m\u1ecdi n\u01a1i v\u00e0 m\u1ecdi l\u00fac. N\u00f3 tr\u00f4ng r\u1ea5t phong c\u00e1ch v\u00e0 s\u1ebd mang l\u1ea1i cho b\u1ea1n tr\u1ea3i nghi\u1ec7m t\u1ed1t.<\/span><\/li>\n<\/ul>\n<p>\u00a0<\/p>\n<ul class=\"a-unordered-list a-vertical a-spacing-mini\">\n<li class=\"a-spacing-mini\"><span class=\"a-list-item\">K\u00edch th\u01b0\u1edbc ph\u00f9 h\u1ee3p: \u0110\u01b0\u1eddng k\u00ednh b\u00f3ng l\u00e0 22cm\/8.66 inch sau khi phun n\u01b0\u1edbc, c\u1ea3m gi\u00e1c ch\u1ea1m tay tho\u1ea3i m\u00e1i. T\u00fai \u0111\u1ea5m b\u1ed1c n\u01b0\u1edbc n\u00e0y s\u1ebd l\u00e0 kho\u1ea3n \u0111\u1ea7u t\u01b0 d\u00e0i h\u1ea1n tuy\u1ec7t v\u1eddi cho ph\u00f2ng t\u1eadp th\u1ec3 d\u1ee5c t\u1ea1i nh\u00e0 c\u1ee7a b\u1ea1n, l\u00fd t\u01b0\u1edfng cho ng\u01b0\u1eddi l\u1edbn, thanh thi\u1ebfu ni\u00ean v\u00e0 tr\u1ebb em. T\u00fai \u0111\u1ea5m b\u1ed1c n\u00e0y s\u1ebd \u0111\u00e1p \u1ee9ng nhu c\u1ea7u t\u1eadp luy\u1ec7n c\u1ee7a b\u1ea1n, ch\u1eb3ng h\u1ea1n nh\u01b0 kick boxing, karate, taekwondo, muay th\u00e1i, krav maga, v\u00f5 thu\u1eadt h\u1ed7n h\u1ee3p, v.v.<\/span><\/li>\n<\/ul>\n<p>\u00a0<\/p>\n<ul class=\"a-unordered-list a-vertical a-spacing-mini\">\n<li class=\"a-spacing-mini\"><span class=\"a-list-item\">Ch\u1ea5t li\u1ec7u cao c\u1ea5p: So v\u1edbi bao c\u00e1t truy\u1ec1n th\u1ed1ng, bao c\u00e1t n\u1eb7ng ch\u1ee9a \u0111\u1ea7y n\u01b0\u1edbc n\u00e0y c\u00f3 th\u1ec3 d\u1ec5 d\u00e0ng h\u1ea5p th\u1ee5 nh\u1eefng c\u00fa \u0111\u1ea5m m\u1ea1nh v\u00e0 ph\u00e2n b\u1ed5 \u0111\u1ec1u l\u1ef1c, khi\u1ebfn b\u1ea1n c\u00f3 c\u1ea3m gi\u00e1c nh\u01b0 \u0111ang \u0111\u00e1nh ai \u0111\u00f3 m\u1eb7c mi\u1ebfng \u0111\u1ec7m to\u00e0n th\u00e2n. S\u1eed d\u1ee5ng v\u1eadt li\u1ec7u PVC ch\u1ed1ng m\u00e0i m\u00f2n v\u00e0 d\u00e0y, bao c\u00e1t n\u1eb7ng ch\u1ee9a \u0111\u1ea7y n\u01b0\u1edbc c\u00f3 th\u1ec3 ch\u1ecbu \u0111\u01b0\u1ee3c s\u1ef1 t\u1ea5n c\u00f4ng trong th\u1eddi gian d\u00e0i.<\/span><\/li>\n<\/ul>\n<p>\u00a0<\/p>\n<ul class=\"a-unordered-list a-vertical a-spacing-mini\">\n<li class=\"a-spacing-mini\"><span class=\"a-list-item\">Ch\u1ecbu l\u1ef1c: Bao \u0111\u1ea5m b\u1ed1c phun n\u01b0\u1edbc c\u00f3 kh\u1ea3 n\u0103ng ch\u1ecbu l\u1ef1c t\u1eeb 3kg \u0111\u1ebfn 3,3kg, thu\u1eadn ti\u1ec7n khi s\u1eed d\u1ee5ng. V\u1edbi t\u00ednh linh ho\u1ea1t cao, bao \u0111\u1ea5m n\u01b0\u1edbc ph\u1ea3n h\u1ed3i t\u1ed1t h\u01a1n cho c\u00fa \u0111\u1ea5m c\u1ee7a b\u1ea1n, cho ph\u00e9p b\u1ea1n luy\u1ec7n t\u1eadp m\u00f3c ngang, c\u00fa \u0111\u1ea5m m\u00f3c ng\u01b0\u1ee3c, nhi\u1ec1u t\u1ed5 h\u1ee3p kh\u00e1c nhau, chuy\u1ec3n \u0111\u1ed9ng \u0111\u1ea7u, v.v.<\/span><\/li>\n<\/ul>\n<p>\u00a0<\/p>\n<ul class=\"a-unordered-list a-vertical a-spacing-mini\">\n<li class=\"a-spacing-mini\"><span class=\"a-list-item\">Th\u01b0\u1edfng th\u1ee9c Boxing \u1edf b\u1ea5t c\u1ee9 \u0111\u00e2u: Khi kh\u00f4ng s\u1eed d\u1ee5ng, b\u1ea1n c\u00f3 th\u1ec3 \u0111\u1ed5 n\u01b0\u1edbc v\u00e0 kh\u00f4ng kh\u00ed v\u00e0o b\u00ean trong bao \u0111\u1ea5m b\u1ed1c \u0111\u1ec3 c\u00f3 th\u1ec3 c\u1ea5t trong t\u1ee7 ho\u1eb7c t\u00fai t\u1eadp th\u1ec3 d\u1ee5c. B\u00ean c\u1ea1nh \u0111\u00f3, bao \u0111\u1ea5m b\u1ed1c n\u01b0\u1edbc n\u00e0y r\u1ea5t y\u00ean t\u0129nh trong khi \u0111\u1ea5m b\u1ed1c, s\u1ebd kh\u00f4ng bao gi\u1edd l\u00e0m phi\u1ec1n gia \u0111\u00ecnh, h\u00e0ng x\u00f3m, v.v. c\u1ee7a b\u1ea1n<\/span><\/li>\n<\/ul>\n<h2>Ch\u1ee9ng nh\u1eadn c\u1ee7a ch\u00fang t\u00f4i<\/h2>\n\t<div class=\"img has-hover x md-x lg-x y md-y lg-y\" id=\"image_223263019\">\n\t\t\t\t\t\t\t\t<div class=\"img-inner dark\" >\n\t\t\t<img loading=\"lazy\" decoding=\"async\" width=\"1020\" height=\"316\" src=\"https:\/\/cdn.krcsports.com\/2024\/07\/certification070-1-1024x317.webp\" class=\"attachment-large size-large wp-image-1633\" alt=\"gi\u1ea5y ch\u1ee9ng nh\u1eadn\" srcset=\"https:\/\/cdn.krcsports.com\/2024\/07\/certification070-1-1024x317.webp 1024w, https:\/\/cdn.krcsports.com\/2024\/07\/certification070-1-300x93.webp 300w, https:\/\/cdn.krcsports.com\/2024\/07\/certification070-1-768x238.webp 768w, https:\/\/cdn.krcsports.com\/2024\/07\/certification070-1-1536x475.webp 1536w, https:\/\/cdn.krcsports.com\/2024\/07\/certification070-1-18x6.webp 18w, https:\/\/cdn.krcsports.com\/2024\/07\/certification070-1-600x186.webp 600w, https:\/\/cdn.krcsports.com\/2024\/07\/certification070-1.webp 1625w\" sizes=\"auto, (max-width: 1020px) 100vw, 1020px\" \/>\t\t\t\t\t\t\n\t\t\t\t\t<\/div>\n\t\t\t\t\t\t\t\t\n<style>\n#image_223263019 {\n  width: 100%;\n}\n<\/style>\n\t<\/div>\n\t\n\n<h2>Nh\u00e0 m\u00e1y c\u1ee7a ch\u00fang t\u00f4i \u0111\u01b0\u1ee3c BSCI ch\u1ea5p thu\u1eadn<\/h2>\n<h2>\u00a0<\/h2>\n\t<div class=\"img has-hover x md-x lg-x y md-y lg-y\" id=\"image_1424484285\">\n\t\t\t\t\t\t\t\t<div class=\"img-inner dark\" >\n\t\t\t<img loading=\"lazy\" decoding=\"async\" width=\"850\" height=\"1100\" src=\"https:\/\/cdn.krcsports.com\/2024\/07\/BSCI-SummaryAuditReportforall_21-41.webp\" class=\"attachment-original size-original wp-image-1634\" alt=\"T\u00f3m t\u1eaft BSCI\" srcset=\"https:\/\/cdn.krcsports.com\/2024\/07\/BSCI-SummaryAuditReportforall_21-41.webp 850w, https:\/\/cdn.krcsports.com\/2024\/07\/BSCI-SummaryAuditReportforall_21-41-232x300.webp 232w, https:\/\/cdn.krcsports.com\/2024\/07\/BSCI-SummaryAuditReportforall_21-41-791x1024.webp 791w, https:\/\/cdn.krcsports.com\/2024\/07\/BSCI-SummaryAuditReportforall_21-41-768x994.webp 768w, https:\/\/cdn.krcsports.com\/2024\/07\/BSCI-SummaryAuditReportforall_21-41-9x12.webp 9w, https:\/\/cdn.krcsports.com\/2024\/07\/BSCI-SummaryAuditReportforall_21-41-600x776.webp 600w\" sizes=\"auto, (max-width: 850px) 100vw, 850px\" \/>\t\t\t\t\t\t\n\t\t\t\t\t<\/div>\n\t\t\t\t\t\t\t\t\n<style>\n#image_1424484285 {\n  width: 100%;\n}\n<\/style>\n\t<\/div>\n\t\n\n\t<div class=\"img has-hover x md-x lg-x y md-y lg-y\" id=\"image_1558249791\">\n\t\t\t\t\t\t\t\t<div class=\"img-inner dark\" >\n\t\t\t<img loading=\"lazy\" decoding=\"async\" width=\"745\" height=\"364\" src=\"https:\/\/cdn.krcsports.com\/2024\/10\/Sports-manufacture1.webp\" class=\"attachment-original size-original wp-image-2862\" alt=\"nh\u00e0 s\u1ea3n xu\u1ea5t\" srcset=\"https:\/\/cdn.krcsports.com\/2024\/10\/Sports-manufacture1.webp 745w, https:\/\/cdn.krcsports.com\/2024\/10\/Sports-manufacture1-300x147.webp 300w, https:\/\/cdn.krcsports.com\/2024\/10\/Sports-manufacture1-18x9.webp 18w, https:\/\/cdn.krcsports.com\/2024\/10\/Sports-manufacture1-600x293.webp 600w\" sizes=\"auto, (max-width: 745px) 100vw, 745px\" \/>\t\t\t\t\t\t\n\t\t\t\t\t<\/div>\n\t\t\t\t\t\t\t\t\n<style>\n#image_1558249791 {\n  width: 100%;\n}\n<\/style>\n\t<\/div>\n\t\n\n\t<section class=\"section\" id=\"section_2129665979\">\n\t\t<div class=\"bg section-bg fill bg-fill  bg-loaded\" >\n\n\t\t\t\n\t\t\t\n\t\t\t\n\n\t\t<\/div>\n\n\t\t\n\n\t\t<div class=\"section-content relative\">\n\t\t\t\n\n<h2>\u0110\u1ed9i ng\u0169 chuy\u00ean nghi\u1ec7p c\u1ee7a ch\u00fang t\u00f4i<\/h2>\n\n\t\t<\/div>\n\n\t\t\n<style>\n#section_2129665979 {\n  padding-top: 30px;\n  padding-bottom: 30px;\n}\n<\/style>\n\t<\/section>\n\t\n\t<section class=\"section\" id=\"section_1953879989\">\n\t\t<div class=\"bg section-bg fill bg-fill  bg-loaded\" >\n\n\t\t\t\n\t\t\t\n\t\t\t\n\n\t\t<\/div>\n\n\t\t\n\n\t\t<div class=\"section-content relative\">\n\t\t\t\n\n\t<div class=\"img has-hover x md-x lg-x y md-y lg-y\" id=\"image_68999010\">\n\t\t\t\t\t\t\t\t<div class=\"img-inner dark\" >\n\t\t\t<img loading=\"lazy\" decoding=\"async\" width=\"493\" height=\"301\" src=\"https:\/\/cdn.krcsports.com\/2024\/10\/team002.webp\" class=\"attachment-large size-large wp-image-2863\" alt=\"\u0111\u1ed9i\" srcset=\"https:\/\/cdn.krcsports.com\/2024\/10\/team002.webp 493w, https:\/\/cdn.krcsports.com\/2024\/10\/team002-300x183.webp 300w, https:\/\/cdn.krcsports.com\/2024\/10\/team002-18x12.webp 18w\" sizes=\"auto, (max-width: 493px) 100vw, 493px\" \/>\t\t\t\t\t\t\n\t\t\t\t\t<\/div>\n\t\t\t\t\t\t\t\t\n<style>\n#image_68999010 {\n  width: 100%;\n}\n<\/style>\n\t<\/div>\n\t\n\n\n\t\t<\/div>\n\n\t\t\n<style>\n#section_1953879989 {\n  padding-top: 30px;\n  padding-bottom: 30px;\n}\n<\/style>\n\t<\/section>\n\t\n\t<section class=\"section\" id=\"section_1498925866\">\n\t\t<div class=\"bg section-bg fill bg-fill  bg-loaded\" >\n\n\t\t\t\n\t\t\t\n\t\t\t\n\n\t\t<\/div>\n\n\t\t\n\n\t\t<div class=\"section-content relative\">\n\t\t\t\n\n\t<div class=\"img has-hover x md-x lg-x y md-y lg-y\" id=\"image_1860606291\">\n\t\t\t\t\t\t\t\t<div class=\"img-inner dark\" >\n\t\t\t<img loading=\"lazy\" decoding=\"async\" width=\"1020\" height=\"466\" src=\"https:\/\/cdn.krcsports.com\/2024\/10\/exhibition1-1024x468.webp\" class=\"attachment-large size-large wp-image-2864\" alt=\"tri\u1ec3n l\u00e3m\" srcset=\"https:\/\/cdn.krcsports.com\/2024\/10\/exhibition1-1024x468.webp 1024w, https:\/\/cdn.krcsports.com\/2024\/10\/exhibition1-300x137.webp 300w, https:\/\/cdn.krcsports.com\/2024\/10\/exhibition1-768x351.webp 768w, https:\/\/cdn.krcsports.com\/2024\/10\/exhibition1-18x8.webp 18w, https:\/\/cdn.krcsports.com\/2024\/10\/exhibition1-600x274.webp 600w, https:\/\/cdn.krcsports.com\/2024\/10\/exhibition1.webp 1200w\" sizes=\"auto, (max-width: 1020px) 100vw, 1020px\" \/>\t\t\t\t\t\t\n\t\t\t\t\t<\/div>\n\t\t\t\t\t\t\t\t\n<style>\n#image_1860606291 {\n  width: 100%;\n}\n<\/style>\n\t<\/div>\n\t\n\n\n\t\t<\/div>\n\n\t\t\n<style>\n#section_1498925866 {\n  padding-top: 30px;\n  padding-bottom: 30px;\n}\n<\/style>\n\t<\/section>\n\t\n<p>\n\n<div class=\"wpcf7 no-js\" id=\"wpcf7-f5-o1\" lang=\"en-US\" dir=\"ltr\">\n<div class=\"screen-reader-response\"><p role=\"status\" aria-live=\"polite\" aria-atomic=\"true\"><\/p> <ul><\/ul><\/div>\n<form action=\"\/vi\/wp-json\/wp\/v2\/product\/3054#wpcf7-f5-o1\" method=\"post\" class=\"wpcf7-form init\" aria-label=\"Bi\u1ec3u m\u1eabu li\u00ean h\u1ec7\" novalidate=\"novalidate\" data-status=\"init\" data-trp-original-action=\"\/vi\/wp-json\/wp\/v2\/product\/3054#wpcf7-f5-o1\">\n<div style=\"display: none;\">\n<input type=\"hidden\" name=\"_wpcf7\" value=\"5\" \/>\n<input type=\"hidden\" name=\"_wpcf7_version\" value=\"5.9.5\" \/>\n<input type=\"hidden\" name=\"_wpcf7_locale\" value=\"en_US\" \/>\n<input type=\"hidden\" name=\"_wpcf7_unit_tag\" value=\"wpcf7-f5-o1\" \/>\n<input type=\"hidden\" name=\"_wpcf7_container_post\" value=\"0\" \/>\n<input type=\"hidden\" name=\"_wpcf7_posted_data_hash\" value=\"\" \/>\n<\/div>\n<div class='custom_contact_style'>\n\t<p><label> T\u00ean c\u1ee7a b\u1ea1n<br \/>\n<span class=\"wpcf7-form-control-wrap\" data-name=\"your-name\"><input size=\"40\" class=\"wpcf7-form-control wpcf7-text wpcf7-validates-as-required\" autocomplete=\"name\" aria-required=\"true\" aria-invalid=\"false\" value=\"\" type=\"text\" name=\"your-name\" \/><\/span> <\/label>\n\t<\/p>\n\t<p><label> Email c\u1ee7a b\u1ea1n<br \/>\n<span class=\"wpcf7-form-control-wrap\" data-name=\"your-email\"><input size=\"40\" class=\"wpcf7-form-control wpcf7-email wpcf7-validates-as-required wpcf7-text wpcf7-validates-as-email\" autocomplete=\"email\" aria-required=\"true\" aria-invalid=\"false\" value=\"\" type=\"email\" name=\"your-email\" \/><\/span> <\/label>\n\t<\/p>\n\t<p><label> Tin nh\u1eafn c\u1ee7a b\u1ea1n (t\u00f9y ch\u1ecdn)<br \/>\n<span class=\"wpcf7-form-control-wrap\" data-name=\"your-message\"><textarea cols=\"40\" rows=\"10\" class=\"wpcf7-form-control wpcf7-textarea\" aria-invalid=\"false\" name=\"your-message\"><\/textarea><\/span> <\/label>\n\t<\/p>\n\t<div style=\"margin-bottom:10px;\">\n\t\t<p><span class=\"wpcf7-form-control-wrap kc_captcha cf7ic-toggle\" data-name=\"kc_captcha\"><span class=\"wpcf7-form-control wpcf7-radio\"><span class=\"captcha-image\" style=\"display: none;\"><span class=\"cf7ic_instructions\">H\u00e3y ch\u1ee9ng minh b\u1ea1n l\u00e0 ng\u01b0\u1eddi b\u1eb1ng c\u00e1ch ch\u1ecdn<span> m\u00e1y bay<\/span>.<\/span><label><input type=\"radio\" name=\"kc_captcha\" value=\"bot\" \/><svg width=\"50\" height=\"50\" aria-hidden=\"true\" role=\"img\" xmlns=\"http:\/\/www.w3.org\/2000\/svg\" viewbox=\"0 0 512 512\"><path fill=\"currentColor\" d=\"M500 168h-55l-8-21a127 127 0 00-120-83H195a127 127 0 00-120 83l-8 21H12c-8 0-14 8-11 16l8 24a12 12 0 0011 8h29a64 64 0 00-33 56v48c0 16 6 31 16 42v62c0 13 11 24 24 24h48c13 0 24-11 24-24v-40h256v40c0 13 11 24 24 24h48c13 0 24-11 24-24v-62c10-11 16-26 16-42v-48c0-24-13-45-33-56h29a12 12 0 0011-8l8-24c3-8-3-16-11-16zm-365 2c9-25 33-42 60-42h122c27 0 51 17 60 42l15 38H120l15-38zM88 328a32 32 0 010-64c18 0 48 30 48 48s-30 16-48 16zm336 0c-18 0-48 2-48-16s30-48 48-48 32 14 32 32-14 32-32 32z\"\/><\/svg><\/label><label><input type=\"radio\" name=\"kc_captcha\" value=\"bot\" \/><svg width=\"50\" height=\"50\" aria-hidden=\"true\" role=\"img\" xmlns=\"http:\/\/www.w3.org\/2000\/svg\" viewbox=\"0 0 512 512\"><path fill=\"currentColor\" d=\"M350 99c-54 0-98-35-166-35-25 0-47 4-68 12a56 56 0 004-24C118 24 95 1 66 0a56 56 0 00-34 102v386c0 13 11 24 24 24h16c13 0 24-11 24-24v-94c28-12 64-23 114-23 54 0 98 35 166 35 48 0 86-16 122-41 9-6 14-15 14-26V96c0-23-24-39-45-29-35 16-77 32-117 32z\"\/><\/svg><\/label><label><input type=\"radio\" name=\"kc_captcha\" value=\"kc_human\" \/><svg width=\"50\" height=\"50\" aria-hidden=\"true\" role=\"img\" xmlns=\"http:\/\/www.w3.org\/2000\/svg\" viewbox=\"0 0 576 512\"><path fill=\"currentColor\" d=\"M472 200H360L256 6a12 12 0 00-10-6h-58c-8 0-14 7-12 15l34 185H100l-35-58a12 12 0 00-10-6H12c-8 0-13 7-12 14l21 106L0 362c-1 7 4 14 12 14h43c4 0 8-2 10-6l35-58h110l-34 185c-2 8 4 15 12 15h58a12 12 0 0010-6l104-194h112c57 0 104-25 104-56s-47-56-104-56z\"\/><\/svg><\/label>\r\n    <\/span>\r\n    <span style=\"display:none\">\r\n        <input type=\"text\" name=\"kc_honeypot\">\r\n    <\/span><\/span><\/span>\n\t\t<\/p>\n\t<\/div>\n\t<p><input class=\"wpcf7-form-control wpcf7-submit has-spinner\" type=\"submit\" value=\"N\u1ed9p\" \/>\n\t<\/p>\n<\/div><div class=\"wpcf7-response-output\" aria-hidden=\"true\"><\/div>\n<input type=\"hidden\" name=\"trp-form-language\" value=\"vi\"\/><\/form>\n<\/div>\n\n\n<\/p>\n\t\t<\/div>\n\n\t\t\n<style>\n#section_1322050293 {\n  padding-top: 30px;\n  padding-bottom: 30px;\n}\n<\/style>\n\t<\/section>","protected":false},"excerpt":{"rendered":"<p>L\u1ef1c t\u00e1c \u0111\u1ed9ng \u0111\u01b0\u1ee3c h\u1ea5p th\u1ee5 v\u00e0o t\u00fai n\u01b0\u1edbc, gi\u00fap gi\u1ea3m \u0111\u00e1ng k\u1ec3 \u00e1p l\u1ef1c l\u00ean kh\u1edbp v\u00e0 tay<\/p>\n<p>T\u00fai n\u01b0\u1edbc Ringside Tsunami gi\u00fap c\u1ea3i thi\u1ec7n s\u1ee9c m\u1ea1nh \u0111\u1ea5m, s\u1ef1 nhanh nh\u1eb9n, linh ho\u1ea1t v\u00e0 \u0111\u1ed9 ch\u00ednh x\u00e1c<\/p>\n<p>Cao su b\u1ec1n ch\u1eafc c\u00f3 th\u00e0nh \u0111\u1ec1u c\u00f3 thi\u1ebft k\u1ebf v\u1ecf \u0111\u1ed9c \u0111\u00e1o v\u00e0 ch\u1ee9a n\u01b0\u1edbc mang l\u1ea1i c\u1ea3m gi\u00e1c gi\u1ed1ng nh\u01b0 c\u01a1 th\u1ec3 con ng\u01b0\u1eddi<\/p>\n<p>\u0110\u01b0\u1ee3c thi\u1ebft k\u1ebf \u0111\u1ec3 s\u1eed d\u1ee5ng l\u00e2u d\u00e0i trong nh\u00e0 ho\u1eb7c ngo\u00e0i tr\u1eddi t\u1ea1i ph\u00f2ng t\u1eadp th\u1ec3 d\u1ee5c th\u01b0\u01a1ng m\u1ea1i ho\u1eb7c t\u1ea1i nh\u00e0 c\u1ee7a b\u1ea1n<\/p>\n<p>\u0110\u01b0\u1ee3c giao \u0111\u1ebfn m\u00e0 kh\u00f4ng c\u00f3 nh\u00e3n d\u00e1n logo Ringside \u0111\u1ec3 d\u00e1n v\u00e0 s\u1eb5n s\u00e0ng \u0111\u1ec3 treo b\u1eb1ng d\u00e2y x\u00edch th\u00e9p \u0111i k\u00e8m<\/p>","protected":false},"featured_media":2446,"template":"","meta":[],"product_cat":[59,50,36],"product_tag":[],"class_list":{"0":"post-3054","1":"product","2":"type-product","3":"status-publish","4":"has-post-thumbnail","6":"product_cat-punching-bag-dummy-taekwondo","7":"product_cat-punching-bag-dummy","8":"product_cat-boxing-punching-bag","10":"first","11":"instock","12":"shipping-taxable","13":"product-type-simple"},"yoast_head":"<!-- This site is optimized with the Yoast SEO plugin v22.7 - https:\/\/yoast.com\/wordpress\/plugins\/seo\/ -->\n<title>aqua bag - trustworthy combat sports equipment manufacturer<\/title>\n<meta name=\"description\" content=\"Punching Bag Heavy Bags Boxing Punching Bag Leakproof Water Punch Bag, Boxing Training Equipment for Kids Adults Agility MMA Muay Thai\" \/>\n<meta name=\"robots\" content=\"index, follow, max-snippet:-1, max-image-preview:large, max-video-preview:-1\" \/>\n<link rel=\"canonical\" href=\"https:\/\/krcsports.com\/vi\/san-pham\/aqua-bag\/\" \/>\n<meta property=\"og:locale\" content=\"vi_VN\" \/>\n<meta property=\"og:type\" content=\"article\" \/>\n<meta property=\"og:title\" content=\"aqua bag - trustworthy combat sports equipment manufacturer\" \/>\n<meta property=\"og:description\" content=\"Punching Bag Heavy Bags Boxing Punching Bag Leakproof Water Punch Bag, Boxing Training Equipment for Kids Adults Agility MMA Muay Thai\" \/>\n<meta property=\"og:url\" content=\"https:\/\/krcsports.com\/vi\/san-pham\/aqua-bag\/\" \/>\n<meta property=\"og:site_name\" content=\"trustworthy combat sports equipment manufacturer\" \/>\n<meta property=\"article:publisher\" content=\"https:\/\/www.facebook.com\/people\/Krc-sports\/100063994129159\/\" \/>\n<meta property=\"article:modified_time\" content=\"2024-11-12T05:40:14+00:00\" \/>\n<meta property=\"og:image\" content=\"https:\/\/krcsports.com\/wp-content\/uploads\/2024\/09\/water-bag-6.webp\" \/>\n\t<meta property=\"og:image:width\" content=\"1076\" \/>\n\t<meta property=\"og:image:height\" content=\"1500\" \/>\n\t<meta property=\"og:image:type\" content=\"image\/webp\" \/>\n<meta name=\"twitter:card\" content=\"summary_large_image\" \/>\n<meta name=\"twitter:label1\" content=\"\u01af\u1edbc t\u00ednh th\u1eddi gian \u0111\u1ecdc\" \/>\n\t<meta name=\"twitter:data1\" content=\"1 ph\u00fat\" \/>\n<script type=\"application\/ld+json\" class=\"yoast-schema-graph\">{\"@context\":\"https:\/\/schema.org\",\"@graph\":[{\"@type\":\"WebPage\",\"@id\":\"https:\/\/krcsports.com\/manufacturer\/aqua-bag\/\",\"url\":\"https:\/\/krcsports.com\/manufacturer\/aqua-bag\/\",\"name\":\"aqua bag - trustworthy combat sports equipment manufacturer\",\"isPartOf\":{\"@id\":\"https:\/\/krcsports.com\/#website\"},\"primaryImageOfPage\":{\"@id\":\"https:\/\/krcsports.com\/manufacturer\/aqua-bag\/#primaryimage\"},\"image\":{\"@id\":\"https:\/\/krcsports.com\/manufacturer\/aqua-bag\/#primaryimage\"},\"thumbnailUrl\":\"https:\/\/cdn.krcsports.com\/2024\/09\/water-bag-6.webp\",\"datePublished\":\"2024-11-12T05:18:30+00:00\",\"dateModified\":\"2024-11-12T05:40:14+00:00\",\"description\":\"Punching Bag Heavy Bags Boxing Punching Bag Leakproof Water Punch Bag, Boxing Training Equipment for Kids Adults Agility MMA Muay Thai\",\"breadcrumb\":{\"@id\":\"https:\/\/krcsports.com\/manufacturer\/aqua-bag\/#breadcrumb\"},\"inLanguage\":\"vi\",\"potentialAction\":[{\"@type\":\"ReadAction\",\"target\":[\"https:\/\/krcsports.com\/manufacturer\/aqua-bag\/\"]}]},{\"@type\":\"ImageObject\",\"inLanguage\":\"vi\",\"@id\":\"https:\/\/krcsports.com\/manufacturer\/aqua-bag\/#primaryimage\",\"url\":\"https:\/\/cdn.krcsports.com\/2024\/09\/water-bag-6.webp\",\"contentUrl\":\"https:\/\/cdn.krcsports.com\/2024\/09\/water-bag-6.webp\",\"width\":1076,\"height\":1500,\"caption\":\"water bag\"},{\"@type\":\"BreadcrumbList\",\"@id\":\"https:\/\/krcsports.com\/manufacturer\/aqua-bag\/#breadcrumb\",\"itemListElement\":[{\"@type\":\"ListItem\",\"position\":1,\"name\":\"Home\",\"item\":\"https:\/\/krcsports.com\/\"},{\"@type\":\"ListItem\",\"position\":2,\"name\":\"Products\",\"item\":\"https:\/\/krcsports.com\/shop\/\"},{\"@type\":\"ListItem\",\"position\":3,\"name\":\"aqua bag\"}]},{\"@type\":\"WebSite\",\"@id\":\"https:\/\/krcsports.com\/#website\",\"url\":\"https:\/\/krcsports.com\/\",\"name\":\"krc sports\",\"description\":\"\",\"publisher\":{\"@id\":\"https:\/\/krcsports.com\/#organization\"},\"potentialAction\":[{\"@type\":\"SearchAction\",\"target\":{\"@type\":\"EntryPoint\",\"urlTemplate\":\"https:\/\/krcsports.com\/?s={search_term_string}\"},\"query-input\":\"required name=search_term_string\"}],\"inLanguage\":\"vi\"},{\"@type\":\"Organization\",\"@id\":\"https:\/\/krcsports.com\/#organization\",\"name\":\"krc sports\",\"url\":\"https:\/\/krcsports.com\/\",\"logo\":{\"@type\":\"ImageObject\",\"inLanguage\":\"vi\",\"@id\":\"https:\/\/krcsports.com\/#\/schema\/logo\/image\/\",\"url\":\"https:\/\/krcsports.com\/wp-content\/uploads\/2024\/07\/logo.webp\",\"contentUrl\":\"https:\/\/krcsports.com\/wp-content\/uploads\/2024\/07\/logo.webp\",\"width\":80,\"height\":60,\"caption\":\"krc sports\"},\"image\":{\"@id\":\"https:\/\/krcsports.com\/#\/schema\/logo\/image\/\"},\"sameAs\":[\"https:\/\/www.facebook.com\/people\/Krc-sports\/100063994129159\/\"]}]}<\/script>\n<!-- \/ Yoast SEO plugin. -->","yoast_head_json":{"title":"aqua bag - nh\u00e0 s\u1ea3n xu\u1ea5t thi\u1ebft b\u1ecb th\u1ec3 thao chi\u1ebfn \u0111\u1ea5u \u0111\u00e1ng tin c\u1eady","description":"T\u00fai \u0111\u1ea5m b\u1ed1c T\u00fai \u0111\u1ea5m b\u1ed1c n\u1eb7ng T\u00fai \u0111\u1ea5m b\u1ed1c ch\u1ed1ng r\u00f2 r\u1ec9, Thi\u1ebft b\u1ecb t\u1eadp luy\u1ec7n \u0111\u1ea5m b\u1ed1c cho tr\u1ebb em Ng\u01b0\u1eddi l\u1edbn Agility MMA Muay Th\u00e1i","robots":{"index":"index","follow":"follow","max-snippet":"max-snippet:-1","max-image-preview":"max-image-preview:large","max-video-preview":"max-video-preview:-1"},"canonical":"https:\/\/krcsports.com\/vi\/san-pham\/aqua-bag\/","og_locale":"vi_VN","og_type":"article","og_title":"aqua bag - trustworthy combat sports equipment manufacturer","og_description":"Punching Bag Heavy Bags Boxing Punching Bag Leakproof Water Punch Bag, Boxing Training Equipment for Kids Adults Agility MMA Muay Thai","og_url":"https:\/\/krcsports.com\/vi\/san-pham\/aqua-bag\/","og_site_name":"trustworthy combat sports equipment manufacturer","article_publisher":"https:\/\/www.facebook.com\/people\/Krc-sports\/100063994129159\/","article_modified_time":"2024-11-12T05:40:14+00:00","og_image":[{"width":1076,"height":1500,"url":"https:\/\/krcsports.com\/wp-content\/uploads\/2024\/09\/water-bag-6.webp","type":"image\/webp"}],"twitter_card":"summary_large_image","twitter_misc":{"\u01af\u1edbc t\u00ednh th\u1eddi gian \u0111\u1ecdc":"1 ph\u00fat"},"schema":{"@context":"https:\/\/schema.org","@graph":[{"@type":"WebPage","@id":"https:\/\/krcsports.com\/manufacturer\/aqua-bag\/","url":"https:\/\/krcsports.com\/manufacturer\/aqua-bag\/","name":"aqua bag - nh\u00e0 s\u1ea3n xu\u1ea5t thi\u1ebft b\u1ecb th\u1ec3 thao chi\u1ebfn \u0111\u1ea5u \u0111\u00e1ng tin c\u1eady","isPartOf":{"@id":"https:\/\/krcsports.com\/#website"},"primaryImageOfPage":{"@id":"https:\/\/krcsports.com\/manufacturer\/aqua-bag\/#primaryimage"},"image":{"@id":"https:\/\/krcsports.com\/manufacturer\/aqua-bag\/#primaryimage"},"thumbnailUrl":"https:\/\/cdn.krcsports.com\/2024\/09\/water-bag-6.webp","datePublished":"2024-11-12T05:18:30+00:00","dateModified":"2024-11-12T05:40:14+00:00","description":"T\u00fai \u0111\u1ea5m b\u1ed1c T\u00fai \u0111\u1ea5m b\u1ed1c n\u1eb7ng T\u00fai \u0111\u1ea5m b\u1ed1c ch\u1ed1ng r\u00f2 r\u1ec9, Thi\u1ebft b\u1ecb t\u1eadp luy\u1ec7n \u0111\u1ea5m b\u1ed1c cho tr\u1ebb em Ng\u01b0\u1eddi l\u1edbn Agility MMA Muay Th\u00e1i","breadcrumb":{"@id":"https:\/\/krcsports.com\/manufacturer\/aqua-bag\/#breadcrumb"},"inLanguage":"vi","potentialAction":[{"@type":"ReadAction","target":["https:\/\/krcsports.com\/manufacturer\/aqua-bag\/"]}]},{"@type":"ImageObject","inLanguage":"vi","@id":"https:\/\/krcsports.com\/manufacturer\/aqua-bag\/#primaryimage","url":"https:\/\/cdn.krcsports.com\/2024\/09\/water-bag-6.webp","contentUrl":"https:\/\/cdn.krcsports.com\/2024\/09\/water-bag-6.webp","width":1076,"height":1500,"caption":"water bag"},{"@type":"BreadcrumbList","@id":"https:\/\/krcsports.com\/manufacturer\/aqua-bag\/#breadcrumb","itemListElement":[{"@type":"ListItem","position":1,"name":"Home","item":"https:\/\/krcsports.com\/"},{"@type":"ListItem","position":2,"name":"Products","item":"https:\/\/krcsports.com\/shop\/"},{"@type":"ListItem","position":3,"name":"aqua bag"}]},{"@type":"WebSite","@id":"https:\/\/krcsports.com\/#website","url":"https:\/\/krcsports.com\/","name":"th\u1ec3 thao krc","description":"","publisher":{"@id":"https:\/\/krcsports.com\/#organization"},"potentialAction":[{"@type":"SearchAction","target":{"@type":"EntryPoint","urlTemplate":"https:\/\/krcsports.com\/?s={search_term_string}"},"query-input":"required name=search_term_string"}],"inLanguage":"vi"},{"@type":"Organization","@id":"https:\/\/krcsports.com\/#organization","name":"th\u1ec3 thao krc","url":"https:\/\/krcsports.com\/","logo":{"@type":"ImageObject","inLanguage":"vi","@id":"https:\/\/krcsports.com\/#\/schema\/logo\/image\/","url":"https:\/\/krcsports.com\/wp-content\/uploads\/2024\/07\/logo.webp","contentUrl":"https:\/\/krcsports.com\/wp-content\/uploads\/2024\/07\/logo.webp","width":80,"height":60,"caption":"krc sports"},"image":{"@id":"https:\/\/krcsports.com\/#\/schema\/logo\/image\/"},"sameAs":["https:\/\/www.facebook.com\/people\/Krc-sports\/100063994129159\/"]}]}},"_links":{"self":[{"href":"https:\/\/krcsports.com\/vi\/wp-json\/wp\/v2\/product\/3054","targetHints":{"allow":["GET"]}}],"collection":[{"href":"https:\/\/krcsports.com\/vi\/wp-json\/wp\/v2\/product"}],"about":[{"href":"https:\/\/krcsports.com\/vi\/wp-json\/wp\/v2\/types\/product"}],"wp:featuredmedia":[{"embeddable":true,"href":"https:\/\/krcsports.com\/vi\/wp-json\/wp\/v2\/media\/2446"}],"wp:attachment":[{"href":"https:\/\/krcsports.com\/vi\/wp-json\/wp\/v2\/media?parent=3054"}],"wp:term":[{"taxonomy":"product_cat","embeddable":true,"href":"https:\/\/krcsports.com\/vi\/wp-json\/wp\/v2\/product_cat?post=3054"},{"taxonomy":"product_tag","embeddable":true,"href":"https:\/\/krcsports.com\/vi\/wp-json\/wp\/v2\/product_tag?post=3054"}],"curies":[{"name":"wp","href":"https:\/\/api.w.org\/{rel}","templated":true}]}}