{"id":2702,"date":"2024-09-13T02:13:59","date_gmt":"2024-09-13T02:13:59","guid":{"rendered":"https:\/\/krcsports.com\/?post_type=product&#038;p=2702"},"modified":"2024-12-08T11:39:08","modified_gmt":"2024-12-08T11:39:08","slug":"weightlifting-uniform","status":"publish","type":"product","link":"https:\/\/krcsports.com\/vi\/manufacturer\/weightlifting-uniform\/","title":{"rendered":"\u0111\u1ed3ng ph\u1ee5c c\u1eed t\u1ea1"},"content":{"rendered":"","protected":false},"excerpt":{"rendered":"<p>b\u1ed9 \u0111\u1ed3 c\u1eed t\u1ea1 \u0111\u1ed3ng ph\u1ee5c \u00e1o ba l\u1ed7 \u0111\u01b0\u1ee3c l\u00e0m t\u1eeb s\u1ee3i Polyester ch\u1ea5t l\u01b0\u1ee3ng cao,<\/p>\n<p>gi\u00fap ch\u00fang tho\u00e1ng kh\u00ed v\u00e0 tho\u1ea3i m\u00e1i khi m\u1eb7c trong b\u1ea5t k\u1ef3 m\u00f4n th\u1ec3 thao ho\u1eb7c b\u00e0i t\u1eadp n\u0103ng \u0111\u1ed9ng n\u00e0o.<\/p>\n<p>\u00c1o ba l\u1ed7 nam ti\u00eau chu\u1ea9n c\u00f3 \u0111\u01b0\u1eddng kh\u00e2u ph\u1eb3ng b\u1ec1n ch\u1eafc. <\/p>\n<p>\u0110i\u1ec1u n\u00e0y \u0111\u1ea3m b\u1ea3o r\u1eb1ng b\u1ea1n c\u00f3 th\u1ec3 m\u1eb7c \u00e1o ba l\u1ed7 c\u1ee7a ch\u00fang t\u00f4i trong th\u1eddi gian d\u00e0i m\u00e0 kh\u00f4ng g\u1eb7p b\u1ea5t k\u1ef3 v\u1ea5n \u0111\u1ec1 g\u00ec.<\/p>","protected":false},"featured_media":2710,"template":"","meta":[],"product_cat":[38,81],"product_tag":[],"class_list":{"0":"post-2702","1":"product","2":"type-product","3":"status-publish","4":"has-post-thumbnail","6":"product_cat-boxing-ring","7":"product_cat-weightlifting","9":"first","10":"instock","11":"shipping-taxable","12":"product-type-simple"},"yoast_head":"<!-- This site is optimized with the Yoast SEO plugin v22.7 - https:\/\/yoast.com\/wordpress\/plugins\/seo\/ -->\n<title>weightlifting uniform - trustworthy combat sports equipment manufacturer<\/title>\n<meta name=\"description\" content=\"Professional Wrestling Gear Sexy Wear Weightlifting uniforms Suit Custom Youth Wrestling Singlets\" \/>\n<meta name=\"robots\" content=\"index, follow, max-snippet:-1, max-image-preview:large, max-video-preview:-1\" \/>\n<link rel=\"canonical\" href=\"https:\/\/krcsports.com\/vi\/san-pham\/weightlifting-uniform\/\" \/>\n<meta property=\"og:locale\" content=\"vi_VN\" \/>\n<meta property=\"og:type\" content=\"article\" \/>\n<meta property=\"og:title\" content=\"weightlifting uniform - trustworthy combat sports equipment manufacturer\" \/>\n<meta property=\"og:description\" content=\"Professional Wrestling Gear Sexy Wear Weightlifting uniforms Suit Custom Youth Wrestling Singlets\" \/>\n<meta property=\"og:url\" content=\"https:\/\/krcsports.com\/vi\/san-pham\/weightlifting-uniform\/\" \/>\n<meta property=\"og:site_name\" content=\"trustworthy combat sports equipment manufacturer\" \/>\n<meta property=\"article:publisher\" content=\"https:\/\/www.facebook.com\/people\/Krc-sports\/100063994129159\/\" \/>\n<meta property=\"article:modified_time\" content=\"2024-12-08T11:39:08+00:00\" \/>\n<meta property=\"og:image\" content=\"https:\/\/krcsports.com\/wp-content\/uploads\/2024\/09\/weightlifting-uniform5.webp\" \/>\n\t<meta property=\"og:image:width\" content=\"800\" \/>\n\t<meta property=\"og:image:height\" content=\"800\" \/>\n\t<meta property=\"og:image:type\" content=\"image\/webp\" \/>\n<meta name=\"twitter:card\" content=\"summary_large_image\" \/>\n<meta name=\"twitter:label1\" content=\"\u01af\u1edbc t\u00ednh th\u1eddi gian \u0111\u1ecdc\" \/>\n\t<meta name=\"twitter:data1\" content=\"1 ph\u00fat\" \/>\n<script type=\"application\/ld+json\" class=\"yoast-schema-graph\">{\"@context\":\"https:\/\/schema.org\",\"@graph\":[{\"@type\":\"WebPage\",\"@id\":\"https:\/\/krcsports.com\/manufacturer\/weightlifting-uniform\/\",\"url\":\"https:\/\/krcsports.com\/manufacturer\/weightlifting-uniform\/\",\"name\":\"weightlifting uniform - trustworthy combat sports equipment manufacturer\",\"isPartOf\":{\"@id\":\"https:\/\/krcsports.com\/#website\"},\"primaryImageOfPage\":{\"@id\":\"https:\/\/krcsports.com\/manufacturer\/weightlifting-uniform\/#primaryimage\"},\"image\":{\"@id\":\"https:\/\/krcsports.com\/manufacturer\/weightlifting-uniform\/#primaryimage\"},\"thumbnailUrl\":\"https:\/\/cdn.krcsports.com\/2024\/09\/weightlifting-uniform5.webp\",\"datePublished\":\"2024-09-13T02:13:59+00:00\",\"dateModified\":\"2024-12-08T11:39:08+00:00\",\"description\":\"Professional Wrestling Gear Sexy Wear Weightlifting uniforms Suit Custom Youth Wrestling Singlets\",\"breadcrumb\":{\"@id\":\"https:\/\/krcsports.com\/manufacturer\/weightlifting-uniform\/#breadcrumb\"},\"inLanguage\":\"vi\",\"potentialAction\":[{\"@type\":\"ReadAction\",\"target\":[\"https:\/\/krcsports.com\/manufacturer\/weightlifting-uniform\/\"]}]},{\"@type\":\"ImageObject\",\"inLanguage\":\"vi\",\"@id\":\"https:\/\/krcsports.com\/manufacturer\/weightlifting-uniform\/#primaryimage\",\"url\":\"https:\/\/cdn.krcsports.com\/2024\/09\/weightlifting-uniform5.webp\",\"contentUrl\":\"https:\/\/cdn.krcsports.com\/2024\/09\/weightlifting-uniform5.webp\",\"width\":800,\"height\":800,\"caption\":\"weightlifting uniform\"},{\"@type\":\"BreadcrumbList\",\"@id\":\"https:\/\/krcsports.com\/manufacturer\/weightlifting-uniform\/#breadcrumb\",\"itemListElement\":[{\"@type\":\"ListItem\",\"position\":1,\"name\":\"Home\",\"item\":\"https:\/\/krcsports.com\/\"},{\"@type\":\"ListItem\",\"position\":2,\"name\":\"Products\",\"item\":\"https:\/\/krcsports.com\/shop\/\"},{\"@type\":\"ListItem\",\"position\":3,\"name\":\"weightlifting uniform\"}]},{\"@type\":\"WebSite\",\"@id\":\"https:\/\/krcsports.com\/#website\",\"url\":\"https:\/\/krcsports.com\/\",\"name\":\"krc sports\",\"description\":\"\",\"publisher\":{\"@id\":\"https:\/\/krcsports.com\/#organization\"},\"potentialAction\":[{\"@type\":\"SearchAction\",\"target\":{\"@type\":\"EntryPoint\",\"urlTemplate\":\"https:\/\/krcsports.com\/?s={search_term_string}\"},\"query-input\":\"required name=search_term_string\"}],\"inLanguage\":\"vi\"},{\"@type\":\"Organization\",\"@id\":\"https:\/\/krcsports.com\/#organization\",\"name\":\"krc sports\",\"url\":\"https:\/\/krcsports.com\/\",\"logo\":{\"@type\":\"ImageObject\",\"inLanguage\":\"vi\",\"@id\":\"https:\/\/krcsports.com\/#\/schema\/logo\/image\/\",\"url\":\"https:\/\/krcsports.com\/wp-content\/uploads\/2024\/07\/logo.webp\",\"contentUrl\":\"https:\/\/krcsports.com\/wp-content\/uploads\/2024\/07\/logo.webp\",\"width\":80,\"height\":60,\"caption\":\"krc sports\"},\"image\":{\"@id\":\"https:\/\/krcsports.com\/#\/schema\/logo\/image\/\"},\"sameAs\":[\"https:\/\/www.facebook.com\/people\/Krc-sports\/100063994129159\/\"]}]}<\/script>\n<!-- \/ Yoast SEO plugin. -->","yoast_head_json":{"title":"\u0111\u1ed3ng ph\u1ee5c c\u1eed t\u1ea1 - nh\u00e0 s\u1ea3n xu\u1ea5t thi\u1ebft b\u1ecb th\u1ec3 thao chi\u1ebfn \u0111\u1ea5u \u0111\u00e1ng tin c\u1eady","description":"\u0110\u1ed3 \u0111\u1ea5u v\u1eadt chuy\u00ean nghi\u1ec7p \u0110\u1ed3 g\u1ee3i c\u1ea3m \u0110\u1ed3ng ph\u1ee5c c\u1eed t\u1ea1 B\u1ed9 \u0111\u1ed3 \u0111\u1ea5u v\u1eadt d\u00e0nh cho thanh thi\u1ebfu ni\u00ean t\u00f9y ch\u1ec9nh","robots":{"index":"index","follow":"follow","max-snippet":"max-snippet:-1","max-image-preview":"max-image-preview:large","max-video-preview":"max-video-preview:-1"},"canonical":"https:\/\/krcsports.com\/vi\/san-pham\/weightlifting-uniform\/","og_locale":"vi_VN","og_type":"article","og_title":"weightlifting uniform - trustworthy combat sports equipment manufacturer","og_description":"Professional Wrestling Gear Sexy Wear Weightlifting uniforms Suit Custom Youth Wrestling Singlets","og_url":"https:\/\/krcsports.com\/vi\/san-pham\/weightlifting-uniform\/","og_site_name":"trustworthy combat sports equipment manufacturer","article_publisher":"https:\/\/www.facebook.com\/people\/Krc-sports\/100063994129159\/","article_modified_time":"2024-12-08T11:39:08+00:00","og_image":[{"width":800,"height":800,"url":"https:\/\/krcsports.com\/wp-content\/uploads\/2024\/09\/weightlifting-uniform5.webp","type":"image\/webp"}],"twitter_card":"summary_large_image","twitter_misc":{"\u01af\u1edbc t\u00ednh th\u1eddi gian \u0111\u1ecdc":"1 ph\u00fat"},"schema":{"@context":"https:\/\/schema.org","@graph":[{"@type":"WebPage","@id":"https:\/\/krcsports.com\/manufacturer\/weightlifting-uniform\/","url":"https:\/\/krcsports.com\/manufacturer\/weightlifting-uniform\/","name":"\u0111\u1ed3ng ph\u1ee5c c\u1eed t\u1ea1 - nh\u00e0 s\u1ea3n xu\u1ea5t thi\u1ebft b\u1ecb th\u1ec3 thao chi\u1ebfn \u0111\u1ea5u \u0111\u00e1ng tin c\u1eady","isPartOf":{"@id":"https:\/\/krcsports.com\/#website"},"primaryImageOfPage":{"@id":"https:\/\/krcsports.com\/manufacturer\/weightlifting-uniform\/#primaryimage"},"image":{"@id":"https:\/\/krcsports.com\/manufacturer\/weightlifting-uniform\/#primaryimage"},"thumbnailUrl":"https:\/\/cdn.krcsports.com\/2024\/09\/weightlifting-uniform5.webp","datePublished":"2024-09-13T02:13:59+00:00","dateModified":"2024-12-08T11:39:08+00:00","description":"\u0110\u1ed3 \u0111\u1ea5u v\u1eadt chuy\u00ean nghi\u1ec7p \u0110\u1ed3 g\u1ee3i c\u1ea3m \u0110\u1ed3ng ph\u1ee5c c\u1eed t\u1ea1 B\u1ed9 \u0111\u1ed3 \u0111\u1ea5u v\u1eadt d\u00e0nh cho thanh thi\u1ebfu ni\u00ean t\u00f9y ch\u1ec9nh","breadcrumb":{"@id":"https:\/\/krcsports.com\/manufacturer\/weightlifting-uniform\/#breadcrumb"},"inLanguage":"vi","potentialAction":[{"@type":"ReadAction","target":["https:\/\/krcsports.com\/manufacturer\/weightlifting-uniform\/"]}]},{"@type":"ImageObject","inLanguage":"vi","@id":"https:\/\/krcsports.com\/manufacturer\/weightlifting-uniform\/#primaryimage","url":"https:\/\/cdn.krcsports.com\/2024\/09\/weightlifting-uniform5.webp","contentUrl":"https:\/\/cdn.krcsports.com\/2024\/09\/weightlifting-uniform5.webp","width":800,"height":800,"caption":"weightlifting uniform"},{"@type":"BreadcrumbList","@id":"https:\/\/krcsports.com\/manufacturer\/weightlifting-uniform\/#breadcrumb","itemListElement":[{"@type":"ListItem","position":1,"name":"Home","item":"https:\/\/krcsports.com\/"},{"@type":"ListItem","position":2,"name":"Products","item":"https:\/\/krcsports.com\/shop\/"},{"@type":"ListItem","position":3,"name":"weightlifting uniform"}]},{"@type":"WebSite","@id":"https:\/\/krcsports.com\/#website","url":"https:\/\/krcsports.com\/","name":"th\u1ec3 thao krc","description":"","publisher":{"@id":"https:\/\/krcsports.com\/#organization"},"potentialAction":[{"@type":"SearchAction","target":{"@type":"EntryPoint","urlTemplate":"https:\/\/krcsports.com\/?s={search_term_string}"},"query-input":"required name=search_term_string"}],"inLanguage":"vi"},{"@type":"Organization","@id":"https:\/\/krcsports.com\/#organization","name":"th\u1ec3 thao krc","url":"https:\/\/krcsports.com\/","logo":{"@type":"ImageObject","inLanguage":"vi","@id":"https:\/\/krcsports.com\/#\/schema\/logo\/image\/","url":"https:\/\/krcsports.com\/wp-content\/uploads\/2024\/07\/logo.webp","contentUrl":"https:\/\/krcsports.com\/wp-content\/uploads\/2024\/07\/logo.webp","width":80,"height":60,"caption":"krc sports"},"image":{"@id":"https:\/\/krcsports.com\/#\/schema\/logo\/image\/"},"sameAs":["https:\/\/www.facebook.com\/people\/Krc-sports\/100063994129159\/"]}]}},"_links":{"self":[{"href":"https:\/\/krcsports.com\/vi\/wp-json\/wp\/v2\/product\/2702","targetHints":{"allow":["GET"]}}],"collection":[{"href":"https:\/\/krcsports.com\/vi\/wp-json\/wp\/v2\/product"}],"about":[{"href":"https:\/\/krcsports.com\/vi\/wp-json\/wp\/v2\/types\/product"}],"wp:featuredmedia":[{"embeddable":true,"href":"https:\/\/krcsports.com\/vi\/wp-json\/wp\/v2\/media\/2710"}],"wp:attachment":[{"href":"https:\/\/krcsports.com\/vi\/wp-json\/wp\/v2\/media?parent=2702"}],"wp:term":[{"taxonomy":"product_cat","embeddable":true,"href":"https:\/\/krcsports.com\/vi\/wp-json\/wp\/v2\/product_cat?post=2702"},{"taxonomy":"product_tag","embeddable":true,"href":"https:\/\/krcsports.com\/vi\/wp-json\/wp\/v2\/product_tag?post=2702"}],"curies":[{"name":"wp","href":"https:\/\/api.w.org\/{rel}","templated":true}]}}