{"id":2670,"date":"2024-09-13T01:23:14","date_gmt":"2024-09-13T01:23:14","guid":{"rendered":"https:\/\/krcsports.com\/?post_type=product&#038;p=2670"},"modified":"2024-11-30T07:30:39","modified_gmt":"2024-11-30T07:30:39","slug":"taekwondo-arm-mitts","status":"publish","type":"product","link":"https:\/\/krcsports.com\/vi\/manufacturer\/taekwondo-arm-mitts\/","title":{"rendered":"g\u0103ng tay taekwondo m\u1ee5c ti\u00eau"},"content":{"rendered":"<ul class=\"\">\n<li data-spm-anchor-id=\"a2700.details.0.i69.3fac2b28uOUELK\">Ch\u1ea5t li\u1ec7u cao c\u1ea5p: \u0110\u01b0\u1ee3c l\u00e0m t\u1eeb ch\u1ea5t li\u1ec7u PU b\u1ec1n, t\u1ea5m \u0111\u1ec7m kickboxing n\u00e0y \u0111\u01b0\u1ee3c thi\u1ebft k\u1ebf \u0111\u1ec3 ch\u1ecbu \u0111\u01b0\u1ee3c qu\u00e1 tr\u00ecnh luy\u1ec7n t\u1eadp v\u00f5 thu\u1eadt kh\u1eafc nghi\u1ec7t, \u0111\u1ea3m b\u1ea3o hi\u1ec7u su\u1ea5t l\u00e2u d\u00e0i v\u00e0 \u0111\u00e1ng tin c\u1eady.<\/li>\n<\/ul>\n<p>\u00a0<\/p>\n<ul class=\"\">\n<li>Thi\u1ebft k\u1ebf c\u00f3 th\u1ec3 t\u00f9y ch\u1ec9nh: L\u00e0 m\u1ed9t \u0111i\u1ec3m b\u00e1n h\u00e0ng \u0111\u1ed9c \u0111\u00e1o, s\u1ea3n ph\u1ea9m n\u00e0y cho ph\u00e9p t\u00f9y ch\u1ec9nh th\u01b0\u01a1ng hi\u1ec7u b\u1eb1ng logo c\u00f4ng ty c\u1ee7a b\u1ea1n, khi\u1ebfn s\u1ea3n ph\u1ea9m tr\u1edf th\u00e0nh l\u1ef1a ch\u1ecdn tuy\u1ec7t v\u1eddi cho c\u00e1c ph\u00f2ng t\u1eadp th\u1ec3 d\u1ee5c, tr\u01b0\u1eddng v\u00f5 thu\u1eadt v\u00e0 c\u00e1c \u0111\u1ed9i \u0111ang t\u00ecm ki\u1ebfm thi\u1ebft b\u1ecb c\u00e1 nh\u00e2n h\u00f3a.<\/li>\n<\/ul>\n<p>\u00a0<\/p>\n<ul class=\"\">\n<li>Nhi\u1ec1u l\u1ef1a ch\u1ecdn m\u00e0u s\u1eafc: C\u00f3 s\u1eb5n ba m\u00e0u th\u1eddi trang \u2013 \u0111\u1ecf, \u0111en v\u00e0 xanh \u2013 t\u1ea5m \u0111\u1ec7m kickboxing n\u00e0y \u0111\u00e1p \u1ee9ng nhi\u1ec1u s\u1edf th\u00edch kh\u00e1c nhau v\u00e0 c\u00f3 th\u1ec3 d\u1ec5 d\u00e0ng t\u00edch h\u1ee3p v\u00e0o nhi\u1ec1u m\u00f4i tr\u01b0\u1eddng t\u1eadp luy\u1ec7n kh\u00e1c nhau.<\/li>\n<\/ul>\n<p>\u00a0<\/p>\n<ul class=\"\">\n<li>Thi\u1ebft k\u1ebf Unisex: Ph\u00f9 h\u1ee3p cho c\u1ea3 nam v\u00e0 n\u1eef, s\u1ea3n ph\u1ea9m n\u00e0y \u0111\u1ea3m b\u1ea3o c\u01a1 h\u1ed9i b\u00ecnh \u0111\u1eb3ng cho t\u1ea5t c\u1ea3 c\u00e1c v\u00f5 s\u0129 \u0111\u01b0\u1ee3c h\u01b0\u1edfng l\u1ee3i t\u1eeb thi\u1ebft k\u1ebf v\u00e0 ch\u1ee9c n\u0103ng ch\u1ea5t l\u01b0\u1ee3ng cao c\u1ee7a n\u00f3.<\/li>\n<\/ul>\n<p>\u00a0<\/p>\n<ul class=\"\">\n<li data-spm-anchor-id=\"a2700.details.0.i68.3fac2b28uOUELK\">L\u00fd t\u01b0\u1edfng cho vi\u1ec7c luy\u1ec7n t\u1eadp Taekwondo: \u0110\u01b0\u1ee3c thi\u1ebft k\u1ebf d\u00e0nh ri\u00eang cho ng\u01b0\u1eddi t\u1eadp taekwondo, t\u1ea5m \u0111\u1ec7m kickboxing n\u00e0y l\u00e0 thi\u1ebft b\u1ecb thi\u1ebft y\u1ebfu \u0111\u1ec3 ho\u00e0n thi\u1ec7n c\u00e1c k\u1ef9 thu\u1eadt \u0111\u00e1 v\u00e0 c\u1ea3i thi\u1ec7n k\u1ef9 n\u0103ng v\u00f5 thu\u1eadt t\u1ed5ng th\u1ec3.<\/li>\n<\/ul>","protected":false},"excerpt":{"rendered":"<p>g\u0103ng tay taekwondo: LOGO KH\u00c1CH H\u00c0NG<\/p>\n<p>*Ki\u1ec3u d\u00e1ng: b\u1ea3o v\u1ec7 c\u00e1nh tay<\/p>\n<p>*M\u00e0u s\u1eafc: m\u1ee5c ti\u00eau taekwondo t\u00f9y ch\u1ec9nh<\/p>","protected":false},"featured_media":2673,"template":"","meta":[],"product_cat":[57,38],"product_tag":[],"class_list":{"0":"post-2670","1":"product","2":"type-product","3":"status-publish","4":"has-post-thumbnail","6":"product_cat-taekwondo-mitts-target","7":"product_cat-boxing-ring","9":"first","10":"instock","11":"shipping-taxable","12":"product-type-simple"},"yoast_head":"<!-- This site is optimized with the Yoast SEO plugin v22.7 - https:\/\/yoast.com\/wordpress\/plugins\/seo\/ -->\n<title>taekwondo arm mitts target - trustworthy combat sports equipment manufacturer<\/title>\n<meta name=\"description\" content=\"wholesale training equipment boxing pad kicking martial arts taekwondo arm mitt Target Pad \/taekwondo training equipment custom size and color\" \/>\n<meta name=\"robots\" content=\"index, follow, max-snippet:-1, max-image-preview:large, max-video-preview:-1\" \/>\n<link rel=\"canonical\" href=\"https:\/\/krcsports.com\/vi\/san-pham\/taekwondo-arm-mitts\/\" \/>\n<meta property=\"og:locale\" content=\"vi_VN\" \/>\n<meta property=\"og:type\" content=\"article\" \/>\n<meta property=\"og:title\" content=\"taekwondo arm mitts target - trustworthy combat sports equipment manufacturer\" \/>\n<meta property=\"og:description\" content=\"wholesale training equipment boxing pad kicking martial arts taekwondo arm mitt Target Pad \/taekwondo training equipment custom size and color\" \/>\n<meta property=\"og:url\" content=\"https:\/\/krcsports.com\/vi\/san-pham\/taekwondo-arm-mitts\/\" \/>\n<meta property=\"og:site_name\" content=\"trustworthy combat sports equipment manufacturer\" \/>\n<meta property=\"article:publisher\" content=\"https:\/\/www.facebook.com\/people\/Krc-sports\/100063994129159\/\" \/>\n<meta property=\"article:modified_time\" content=\"2024-11-30T07:30:39+00:00\" \/>\n<meta property=\"og:image\" content=\"https:\/\/krcsports.com\/wp-content\/uploads\/2024\/09\/taekwondo-target.webp\" \/>\n\t<meta property=\"og:image:width\" content=\"800\" \/>\n\t<meta property=\"og:image:height\" content=\"800\" \/>\n\t<meta property=\"og:image:type\" content=\"image\/webp\" \/>\n<meta name=\"twitter:card\" content=\"summary_large_image\" \/>\n<meta name=\"twitter:label1\" content=\"\u01af\u1edbc t\u00ednh th\u1eddi gian \u0111\u1ecdc\" \/>\n\t<meta name=\"twitter:data1\" content=\"1 ph\u00fat\" \/>\n<script type=\"application\/ld+json\" class=\"yoast-schema-graph\">{\"@context\":\"https:\/\/schema.org\",\"@graph\":[{\"@type\":\"WebPage\",\"@id\":\"https:\/\/krcsports.com\/manufacturer\/taekwondo-arm-mitts\/\",\"url\":\"https:\/\/krcsports.com\/manufacturer\/taekwondo-arm-mitts\/\",\"name\":\"taekwondo arm mitts target - trustworthy combat sports equipment manufacturer\",\"isPartOf\":{\"@id\":\"https:\/\/krcsports.com\/#website\"},\"primaryImageOfPage\":{\"@id\":\"https:\/\/krcsports.com\/manufacturer\/taekwondo-arm-mitts\/#primaryimage\"},\"image\":{\"@id\":\"https:\/\/krcsports.com\/manufacturer\/taekwondo-arm-mitts\/#primaryimage\"},\"thumbnailUrl\":\"https:\/\/cdn.krcsports.com\/2024\/09\/taekwondo-target.webp\",\"datePublished\":\"2024-09-13T01:23:14+00:00\",\"dateModified\":\"2024-11-30T07:30:39+00:00\",\"description\":\"wholesale training equipment boxing pad kicking martial arts taekwondo arm mitt Target Pad \/taekwondo training equipment custom size and color\",\"breadcrumb\":{\"@id\":\"https:\/\/krcsports.com\/manufacturer\/taekwondo-arm-mitts\/#breadcrumb\"},\"inLanguage\":\"vi\",\"potentialAction\":[{\"@type\":\"ReadAction\",\"target\":[\"https:\/\/krcsports.com\/manufacturer\/taekwondo-arm-mitts\/\"]}]},{\"@type\":\"ImageObject\",\"inLanguage\":\"vi\",\"@id\":\"https:\/\/krcsports.com\/manufacturer\/taekwondo-arm-mitts\/#primaryimage\",\"url\":\"https:\/\/cdn.krcsports.com\/2024\/09\/taekwondo-target.webp\",\"contentUrl\":\"https:\/\/cdn.krcsports.com\/2024\/09\/taekwondo-target.webp\",\"width\":800,\"height\":800,\"caption\":\"taekwondo target\"},{\"@type\":\"BreadcrumbList\",\"@id\":\"https:\/\/krcsports.com\/manufacturer\/taekwondo-arm-mitts\/#breadcrumb\",\"itemListElement\":[{\"@type\":\"ListItem\",\"position\":1,\"name\":\"Home\",\"item\":\"https:\/\/krcsports.com\/\"},{\"@type\":\"ListItem\",\"position\":2,\"name\":\"Products\",\"item\":\"https:\/\/krcsports.com\/shop\/\"},{\"@type\":\"ListItem\",\"position\":3,\"name\":\"taekwondo arm mitts target\"}]},{\"@type\":\"WebSite\",\"@id\":\"https:\/\/krcsports.com\/#website\",\"url\":\"https:\/\/krcsports.com\/\",\"name\":\"krc sports\",\"description\":\"\",\"publisher\":{\"@id\":\"https:\/\/krcsports.com\/#organization\"},\"potentialAction\":[{\"@type\":\"SearchAction\",\"target\":{\"@type\":\"EntryPoint\",\"urlTemplate\":\"https:\/\/krcsports.com\/?s={search_term_string}\"},\"query-input\":\"required name=search_term_string\"}],\"inLanguage\":\"vi\"},{\"@type\":\"Organization\",\"@id\":\"https:\/\/krcsports.com\/#organization\",\"name\":\"krc sports\",\"url\":\"https:\/\/krcsports.com\/\",\"logo\":{\"@type\":\"ImageObject\",\"inLanguage\":\"vi\",\"@id\":\"https:\/\/krcsports.com\/#\/schema\/logo\/image\/\",\"url\":\"https:\/\/krcsports.com\/wp-content\/uploads\/2024\/07\/logo.webp\",\"contentUrl\":\"https:\/\/krcsports.com\/wp-content\/uploads\/2024\/07\/logo.webp\",\"width\":80,\"height\":60,\"caption\":\"krc sports\"},\"image\":{\"@id\":\"https:\/\/krcsports.com\/#\/schema\/logo\/image\/\"},\"sameAs\":[\"https:\/\/www.facebook.com\/people\/Krc-sports\/100063994129159\/\"]}]}<\/script>\n<!-- \/ Yoast SEO plugin. -->","yoast_head_json":{"title":"g\u0103ng tay taekwondo target - nh\u00e0 s\u1ea3n xu\u1ea5t thi\u1ebft b\u1ecb th\u1ec3 thao chi\u1ebfn \u0111\u1ea5u \u0111\u00e1ng tin c\u1eady","description":"thi\u1ebft b\u1ecb t\u1eadp luy\u1ec7n b\u00e1n bu\u00f4n mi\u1ebfng \u0111\u1ec7m \u0111\u1ea5m b\u1ed1c \u0111\u00e1 v\u00f5 thu\u1eadt taekwondo g\u0103ng tay t\u1ea5m \u0111\u1ec7m m\u1ee5c ti\u00eau \/ thi\u1ebft b\u1ecb t\u1eadp luy\u1ec7n taekwondo t\u00f9y ch\u1ec9nh k\u00edch th\u01b0\u1edbc v\u00e0 m\u00e0u s\u1eafc","robots":{"index":"index","follow":"follow","max-snippet":"max-snippet:-1","max-image-preview":"max-image-preview:large","max-video-preview":"max-video-preview:-1"},"canonical":"https:\/\/krcsports.com\/vi\/san-pham\/taekwondo-arm-mitts\/","og_locale":"vi_VN","og_type":"article","og_title":"taekwondo arm mitts target - trustworthy combat sports equipment manufacturer","og_description":"wholesale training equipment boxing pad kicking martial arts taekwondo arm mitt Target Pad \/taekwondo training equipment custom size and color","og_url":"https:\/\/krcsports.com\/vi\/san-pham\/taekwondo-arm-mitts\/","og_site_name":"trustworthy combat sports equipment manufacturer","article_publisher":"https:\/\/www.facebook.com\/people\/Krc-sports\/100063994129159\/","article_modified_time":"2024-11-30T07:30:39+00:00","og_image":[{"width":800,"height":800,"url":"https:\/\/krcsports.com\/wp-content\/uploads\/2024\/09\/taekwondo-target.webp","type":"image\/webp"}],"twitter_card":"summary_large_image","twitter_misc":{"\u01af\u1edbc t\u00ednh th\u1eddi gian \u0111\u1ecdc":"1 ph\u00fat"},"schema":{"@context":"https:\/\/schema.org","@graph":[{"@type":"WebPage","@id":"https:\/\/krcsports.com\/manufacturer\/taekwondo-arm-mitts\/","url":"https:\/\/krcsports.com\/manufacturer\/taekwondo-arm-mitts\/","name":"g\u0103ng tay taekwondo target - nh\u00e0 s\u1ea3n xu\u1ea5t thi\u1ebft b\u1ecb th\u1ec3 thao chi\u1ebfn \u0111\u1ea5u \u0111\u00e1ng tin c\u1eady","isPartOf":{"@id":"https:\/\/krcsports.com\/#website"},"primaryImageOfPage":{"@id":"https:\/\/krcsports.com\/manufacturer\/taekwondo-arm-mitts\/#primaryimage"},"image":{"@id":"https:\/\/krcsports.com\/manufacturer\/taekwondo-arm-mitts\/#primaryimage"},"thumbnailUrl":"https:\/\/cdn.krcsports.com\/2024\/09\/taekwondo-target.webp","datePublished":"2024-09-13T01:23:14+00:00","dateModified":"2024-11-30T07:30:39+00:00","description":"thi\u1ebft b\u1ecb t\u1eadp luy\u1ec7n b\u00e1n bu\u00f4n mi\u1ebfng \u0111\u1ec7m \u0111\u1ea5m b\u1ed1c \u0111\u00e1 v\u00f5 thu\u1eadt taekwondo g\u0103ng tay t\u1ea5m \u0111\u1ec7m m\u1ee5c ti\u00eau \/ thi\u1ebft b\u1ecb t\u1eadp luy\u1ec7n taekwondo t\u00f9y ch\u1ec9nh k\u00edch th\u01b0\u1edbc v\u00e0 m\u00e0u s\u1eafc","breadcrumb":{"@id":"https:\/\/krcsports.com\/manufacturer\/taekwondo-arm-mitts\/#breadcrumb"},"inLanguage":"vi","potentialAction":[{"@type":"ReadAction","target":["https:\/\/krcsports.com\/manufacturer\/taekwondo-arm-mitts\/"]}]},{"@type":"ImageObject","inLanguage":"vi","@id":"https:\/\/krcsports.com\/manufacturer\/taekwondo-arm-mitts\/#primaryimage","url":"https:\/\/cdn.krcsports.com\/2024\/09\/taekwondo-target.webp","contentUrl":"https:\/\/cdn.krcsports.com\/2024\/09\/taekwondo-target.webp","width":800,"height":800,"caption":"taekwondo target"},{"@type":"BreadcrumbList","@id":"https:\/\/krcsports.com\/manufacturer\/taekwondo-arm-mitts\/#breadcrumb","itemListElement":[{"@type":"ListItem","position":1,"name":"Home","item":"https:\/\/krcsports.com\/"},{"@type":"ListItem","position":2,"name":"Products","item":"https:\/\/krcsports.com\/shop\/"},{"@type":"ListItem","position":3,"name":"taekwondo arm mitts target"}]},{"@type":"WebSite","@id":"https:\/\/krcsports.com\/#website","url":"https:\/\/krcsports.com\/","name":"th\u1ec3 thao krc","description":"","publisher":{"@id":"https:\/\/krcsports.com\/#organization"},"potentialAction":[{"@type":"SearchAction","target":{"@type":"EntryPoint","urlTemplate":"https:\/\/krcsports.com\/?s={search_term_string}"},"query-input":"required name=search_term_string"}],"inLanguage":"vi"},{"@type":"Organization","@id":"https:\/\/krcsports.com\/#organization","name":"th\u1ec3 thao krc","url":"https:\/\/krcsports.com\/","logo":{"@type":"ImageObject","inLanguage":"vi","@id":"https:\/\/krcsports.com\/#\/schema\/logo\/image\/","url":"https:\/\/krcsports.com\/wp-content\/uploads\/2024\/07\/logo.webp","contentUrl":"https:\/\/krcsports.com\/wp-content\/uploads\/2024\/07\/logo.webp","width":80,"height":60,"caption":"krc sports"},"image":{"@id":"https:\/\/krcsports.com\/#\/schema\/logo\/image\/"},"sameAs":["https:\/\/www.facebook.com\/people\/Krc-sports\/100063994129159\/"]}]}},"_links":{"self":[{"href":"https:\/\/krcsports.com\/vi\/wp-json\/wp\/v2\/product\/2670","targetHints":{"allow":["GET"]}}],"collection":[{"href":"https:\/\/krcsports.com\/vi\/wp-json\/wp\/v2\/product"}],"about":[{"href":"https:\/\/krcsports.com\/vi\/wp-json\/wp\/v2\/types\/product"}],"wp:featuredmedia":[{"embeddable":true,"href":"https:\/\/krcsports.com\/vi\/wp-json\/wp\/v2\/media\/2673"}],"wp:attachment":[{"href":"https:\/\/krcsports.com\/vi\/wp-json\/wp\/v2\/media?parent=2670"}],"wp:term":[{"taxonomy":"product_cat","embeddable":true,"href":"https:\/\/krcsports.com\/vi\/wp-json\/wp\/v2\/product_cat?post=2670"},{"taxonomy":"product_tag","embeddable":true,"href":"https:\/\/krcsports.com\/vi\/wp-json\/wp\/v2\/product_tag?post=2670"}],"curies":[{"name":"wp","href":"https:\/\/api.w.org\/{rel}","templated":true}]}}