{"id":2655,"date":"2024-09-12T07:45:17","date_gmt":"2024-09-12T07:45:17","guid":{"rendered":"https:\/\/krcsports.com\/?post_type=product&#038;p=2655"},"modified":"2024-11-30T12:31:33","modified_gmt":"2024-11-30T12:31:33","slug":"arm-pads-shin-pads","status":"publish","type":"product","link":"https:\/\/krcsports.com\/vi\/manufacturer\/arm-pads-shin-pads\/","title":{"rendered":"mi\u1ebfng \u0111\u1ec7m tay v\u00e0 mi\u1ebfng \u0111\u1ec7m \u1ed1ng ch\u00e2n"},"content":{"rendered":"<ul class=\"\">\n<li data-spm-anchor-id=\"a2700.details.0.i69.62ec7a17aZlLoN\">Ch\u1ea5t li\u1ec7u cao c\u1ea5p: B\u1ed9 \u0111\u1ed3 t\u1eadp taekwondo n\u00e0y \u0111\u01b0\u1ee3c ch\u1ebf t\u1ea1o t\u1eeb ch\u1ea5t li\u1ec7u PU cao c\u1ea5p, \u0111\u1ea3m b\u1ea3o \u0111\u1ed9 b\u1ec1n v\u00e0 hi\u1ec7u su\u1ea5t l\u00e2u d\u00e0i.<\/li>\n<li>Thi\u1ebft k\u1ebf d\u00e0nh cho c\u1ea3 nam v\u00e0 n\u1eef: Ph\u00f9 h\u1ee3p v\u1edbi c\u1ea3 v\u00f5 s\u0129 nam v\u00e0 n\u1eef, thi\u1ebft b\u1ecb t\u1eadp luy\u1ec7n n\u00e0y \u0111\u01b0\u1ee3c thi\u1ebft k\u1ebf \u0111\u1ec3 mang l\u1ea1i s\u1ef1 b\u1ea3o v\u1ec7 v\u00e0 tho\u1ea3i m\u00e1i nh\u01b0 nhau cho ng\u01b0\u1eddi d\u00f9ng \u1edf m\u1ecdi gi\u1edbi t\u00ednh.<\/li>\n<li>T\u00f9y ch\u1ecdn c\u00f3 th\u1ec3 t\u00f9y ch\u1ec9nh: L\u00e0 m\u1ed9t s\u1ea3n ph\u1ea9m c\u00f3 th\u1ec3 t\u00f9y ch\u1ec9nh, thi\u1ebft b\u1ecb t\u1eadp luy\u1ec7n n\u00e0y c\u00f3 th\u1ec3 \u0111\u01b0\u1ee3c \u0111i\u1ec1u ch\u1ec9nh \u0111\u1ec3 \u0111\u00e1p \u1ee9ng nhu c\u1ea7u c\u1ee5 th\u1ec3 c\u1ee7a ng\u01b0\u1eddi d\u00f9ng, bao g\u1ed3m c\u00e1c t\u00f9y ch\u1ecdn k\u00edch th\u01b0\u1edbc (XS, S, M, L, XL).<\/li>\n<li>B\u1ea3o v\u1ec7 to\u00e0n di\u1ec7n: \u0110\u01b0\u1ee3c thi\u1ebft k\u1ebf d\u00e0nh cho ng\u01b0\u1eddi t\u1eadp taekwondo, \u0111\u1ed3 t\u1eadp n\u00e0y cung c\u1ea5p kh\u1ea3 n\u0103ng b\u1ea3o v\u1ec7 to\u00e0n di\u1ec7n cho \u1ed1ng ch\u00e2n, khu\u1ef7u tay v\u00e0 mu b\u00e0n ch\u00e2n, \u0111\u1ea3m b\u1ea3o an to\u00e0n t\u1ed1i \u0111a trong c\u00e1c bu\u1ed5i t\u1eadp luy\u1ec7n c\u01b0\u1eddng \u0111\u1ed9 cao.<\/li>\n<li data-spm-anchor-id=\"a2700.details.0.i68.62ec7a17aZlLoN\">Gi\u00e1 tr\u1ecb \u0111\u1ed3ng ti\u1ec1n: V\u1edbi t\u00f9y ch\u1ecdn b\u1ed9 k\u1ebft h\u1ee3p, ng\u01b0\u1eddi d\u00f9ng c\u00f3 th\u1ec3 mua b\u1ed9 d\u1ee5ng c\u1ee5 t\u1eadp luy\u1ec7n n\u00e0y v\u1edbi m\u1ee9c gi\u00e1 ph\u1ea3i ch\u0103ng, khi\u1ebfn n\u00f3 tr\u1edf th\u00e0nh m\u1ed9t s\u1ea3n ph\u1ea9m c\u00f3 gi\u00e1 tr\u1ecb \u0111\u1ed3ng ti\u1ec1n tuy\u1ec7t v\u1eddi, \u0111\u1eb7c bi\u1ec7t \u0111\u1ed1i v\u1edbi nh\u1eefng ng\u01b0\u1eddi d\u00f9ng c\u00f3 k\u1ebf ho\u1ea1ch mua nhi\u1ec1u b\u1ed9 d\u1ee5ng c\u1ee5<\/li>\n<\/ul>\n<p>\u00a0<\/p>\n<h2>Ch\u1ee9ng nh\u1eadn c\u1ee7a ch\u00fang t\u00f4i<\/h2>\n\t<div class=\"img has-hover x md-x lg-x y md-y lg-y\" id=\"image_1929842816\">\n\t\t\t\t\t\t\t\t<div class=\"img-inner dark\" >\n\t\t\t<img loading=\"lazy\" decoding=\"async\" width=\"1020\" height=\"316\" src=\"https:\/\/cdn.krcsports.com\/2024\/07\/certification070-1-1024x317.webp\" class=\"attachment-large size-large wp-image-1633\" alt=\"gi\u1ea5y ch\u1ee9ng nh\u1eadn\" srcset=\"https:\/\/cdn.krcsports.com\/2024\/07\/certification070-1-1024x317.webp 1024w, https:\/\/cdn.krcsports.com\/2024\/07\/certification070-1-300x93.webp 300w, https:\/\/cdn.krcsports.com\/2024\/07\/certification070-1-768x238.webp 768w, https:\/\/cdn.krcsports.com\/2024\/07\/certification070-1-1536x475.webp 1536w, https:\/\/cdn.krcsports.com\/2024\/07\/certification070-1-18x6.webp 18w, https:\/\/cdn.krcsports.com\/2024\/07\/certification070-1-600x186.webp 600w, https:\/\/cdn.krcsports.com\/2024\/07\/certification070-1.webp 1625w\" sizes=\"auto, (max-width: 1020px) 100vw, 1020px\" \/>\t\t\t\t\t\t\n\t\t\t\t\t<\/div>\n\t\t\t\t\t\t\t\t\n<style>\n#image_1929842816 {\n  width: 100%;\n}\n<\/style>\n\t<\/div>\n\t\n\n<h2>Nh\u00e0 m\u00e1y c\u1ee7a ch\u00fang t\u00f4i \u0111\u01b0\u1ee3c BSCI ch\u1ea5p thu\u1eadn<\/h2>\n<h2>\u00a0<\/h2>\n\t<div class=\"img has-hover x md-x lg-x y md-y lg-y\" id=\"image_629424960\">\n\t\t\t\t\t\t\t\t<div class=\"img-inner dark\" >\n\t\t\t<img loading=\"lazy\" decoding=\"async\" width=\"850\" height=\"1100\" src=\"https:\/\/cdn.krcsports.com\/2024\/07\/BSCI-SummaryAuditReportforall_21-41.webp\" class=\"attachment-original size-original wp-image-1634\" alt=\"T\u00f3m t\u1eaft BSCI\" srcset=\"https:\/\/cdn.krcsports.com\/2024\/07\/BSCI-SummaryAuditReportforall_21-41.webp 850w, https:\/\/cdn.krcsports.com\/2024\/07\/BSCI-SummaryAuditReportforall_21-41-232x300.webp 232w, https:\/\/cdn.krcsports.com\/2024\/07\/BSCI-SummaryAuditReportforall_21-41-791x1024.webp 791w, https:\/\/cdn.krcsports.com\/2024\/07\/BSCI-SummaryAuditReportforall_21-41-768x994.webp 768w, https:\/\/cdn.krcsports.com\/2024\/07\/BSCI-SummaryAuditReportforall_21-41-9x12.webp 9w, https:\/\/cdn.krcsports.com\/2024\/07\/BSCI-SummaryAuditReportforall_21-41-600x776.webp 600w\" sizes=\"auto, (max-width: 850px) 100vw, 850px\" \/>\t\t\t\t\t\t\n\t\t\t\t\t<\/div>\n\t\t\t\t\t\t\t\t\n<style>\n#image_629424960 {\n  width: 100%;\n}\n<\/style>\n\t<\/div>\n\t\n\n\t<div class=\"img has-hover x md-x lg-x y md-y lg-y\" id=\"image_394930529\">\n\t\t\t\t\t\t\t\t<div class=\"img-inner dark\" >\n\t\t\t<img loading=\"lazy\" decoding=\"async\" width=\"745\" height=\"364\" src=\"https:\/\/cdn.krcsports.com\/2024\/10\/Sports-manufacture1.webp\" class=\"attachment-original size-original wp-image-2862\" alt=\"nh\u00e0 s\u1ea3n xu\u1ea5t\" srcset=\"https:\/\/cdn.krcsports.com\/2024\/10\/Sports-manufacture1.webp 745w, https:\/\/cdn.krcsports.com\/2024\/10\/Sports-manufacture1-300x147.webp 300w, https:\/\/cdn.krcsports.com\/2024\/10\/Sports-manufacture1-18x9.webp 18w, https:\/\/cdn.krcsports.com\/2024\/10\/Sports-manufacture1-600x293.webp 600w\" sizes=\"auto, (max-width: 745px) 100vw, 745px\" \/>\t\t\t\t\t\t\n\t\t\t\t\t<\/div>\n\t\t\t\t\t\t\t\t\n<style>\n#image_394930529 {\n  width: 100%;\n}\n<\/style>\n\t<\/div>\n\t\n\n\t<section class=\"section\" id=\"section_2060999596\">\n\t\t<div class=\"bg section-bg fill bg-fill  bg-loaded\" >\n\n\t\t\t\n\t\t\t\n\t\t\t\n\n\t\t<\/div>\n\n\t\t\n\n\t\t<div class=\"section-content relative\">\n\t\t\t\n\n<h2>\u0110\u1ed9i ng\u0169 chuy\u00ean nghi\u1ec7p c\u1ee7a ch\u00fang t\u00f4i<\/h2>\n\n\t\t<\/div>\n\n\t\t\n<style>\n#section_2060999596 {\n  padding-top: 30px;\n  padding-bottom: 30px;\n}\n<\/style>\n\t<\/section>\n\t\n\t<section class=\"section\" id=\"section_541735862\">\n\t\t<div class=\"bg section-bg fill bg-fill  bg-loaded\" >\n\n\t\t\t\n\t\t\t\n\t\t\t\n\n\t\t<\/div>\n\n\t\t\n\n\t\t<div class=\"section-content relative\">\n\t\t\t\n\n\t<div class=\"img has-hover x md-x lg-x y md-y lg-y\" id=\"image_1227175292\">\n\t\t\t\t\t\t\t\t<div class=\"img-inner dark\" >\n\t\t\t<img loading=\"lazy\" decoding=\"async\" width=\"493\" height=\"301\" src=\"https:\/\/cdn.krcsports.com\/2024\/10\/team002.webp\" class=\"attachment-large size-large wp-image-2863\" alt=\"\u0111\u1ed9i\" srcset=\"https:\/\/cdn.krcsports.com\/2024\/10\/team002.webp 493w, https:\/\/cdn.krcsports.com\/2024\/10\/team002-300x183.webp 300w, https:\/\/cdn.krcsports.com\/2024\/10\/team002-18x12.webp 18w\" sizes=\"auto, (max-width: 493px) 100vw, 493px\" \/>\t\t\t\t\t\t\n\t\t\t\t\t<\/div>\n\t\t\t\t\t\t\t\t\n<style>\n#image_1227175292 {\n  width: 100%;\n}\n<\/style>\n\t<\/div>\n\t\n\n\n\t\t<\/div>\n\n\t\t\n<style>\n#section_541735862 {\n  padding-top: 30px;\n  padding-bottom: 30px;\n}\n<\/style>\n\t<\/section>\n\t\n\t<section class=\"section\" id=\"section_2010001462\">\n\t\t<div class=\"bg section-bg fill bg-fill  bg-loaded\" >\n\n\t\t\t\n\t\t\t\n\t\t\t\n\n\t\t<\/div>\n\n\t\t\n\n\t\t<div class=\"section-content relative\">\n\t\t\t\n\n\t<div class=\"img has-hover x md-x lg-x y md-y lg-y\" id=\"image_732036171\">\n\t\t\t\t\t\t\t\t<div class=\"img-inner dark\" >\n\t\t\t<img loading=\"lazy\" decoding=\"async\" width=\"1020\" height=\"466\" src=\"https:\/\/cdn.krcsports.com\/2024\/10\/exhibition1-1024x468.webp\" class=\"attachment-large size-large wp-image-2864\" alt=\"tri\u1ec3n l\u00e3m\" srcset=\"https:\/\/cdn.krcsports.com\/2024\/10\/exhibition1-1024x468.webp 1024w, https:\/\/cdn.krcsports.com\/2024\/10\/exhibition1-300x137.webp 300w, https:\/\/cdn.krcsports.com\/2024\/10\/exhibition1-768x351.webp 768w, https:\/\/cdn.krcsports.com\/2024\/10\/exhibition1-18x8.webp 18w, https:\/\/cdn.krcsports.com\/2024\/10\/exhibition1-600x274.webp 600w, https:\/\/cdn.krcsports.com\/2024\/10\/exhibition1.webp 1200w\" sizes=\"auto, (max-width: 1020px) 100vw, 1020px\" \/>\t\t\t\t\t\t\n\t\t\t\t\t<\/div>\n\t\t\t\t\t\t\t\t\n<style>\n#image_732036171 {\n  width: 100%;\n}\n<\/style>\n\t<\/div>\n\t\n\n\n\t\t<\/div>\n\n\t\t\n<style>\n#section_2010001462 {\n  padding-top: 30px;\n  padding-bottom: 30px;\n}\n<\/style>\n\t<\/section>\n\t\n<p>\n\n<div class=\"wpcf7 no-js\" id=\"wpcf7-f5-o1\" lang=\"en-US\" dir=\"ltr\">\n<div class=\"screen-reader-response\"><p role=\"status\" aria-live=\"polite\" aria-atomic=\"true\"><\/p> <ul><\/ul><\/div>\n<form action=\"\/vi\/wp-json\/wp\/v2\/product\/2655#wpcf7-f5-o1\" method=\"post\" class=\"wpcf7-form init\" aria-label=\"Bi\u1ec3u m\u1eabu li\u00ean h\u1ec7\" novalidate=\"novalidate\" data-status=\"init\" data-trp-original-action=\"\/vi\/wp-json\/wp\/v2\/product\/2655#wpcf7-f5-o1\">\n<div style=\"display: none;\">\n<input type=\"hidden\" name=\"_wpcf7\" value=\"5\" \/>\n<input type=\"hidden\" name=\"_wpcf7_version\" value=\"5.9.5\" \/>\n<input type=\"hidden\" name=\"_wpcf7_locale\" value=\"en_US\" \/>\n<input type=\"hidden\" name=\"_wpcf7_unit_tag\" value=\"wpcf7-f5-o1\" \/>\n<input type=\"hidden\" name=\"_wpcf7_container_post\" value=\"0\" \/>\n<input type=\"hidden\" name=\"_wpcf7_posted_data_hash\" value=\"\" \/>\n<\/div>\n<div class='custom_contact_style'>\n\t<p><label> T\u00ean c\u1ee7a b\u1ea1n<br \/>\n<span class=\"wpcf7-form-control-wrap\" data-name=\"your-name\"><input size=\"40\" class=\"wpcf7-form-control wpcf7-text wpcf7-validates-as-required\" autocomplete=\"name\" aria-required=\"true\" aria-invalid=\"false\" value=\"\" type=\"text\" name=\"your-name\" \/><\/span> <\/label>\n\t<\/p>\n\t<p><label> Email c\u1ee7a b\u1ea1n<br \/>\n<span class=\"wpcf7-form-control-wrap\" data-name=\"your-email\"><input size=\"40\" class=\"wpcf7-form-control wpcf7-email wpcf7-validates-as-required wpcf7-text wpcf7-validates-as-email\" autocomplete=\"email\" aria-required=\"true\" aria-invalid=\"false\" value=\"\" type=\"email\" name=\"your-email\" \/><\/span> <\/label>\n\t<\/p>\n\t<p><label> Tin nh\u1eafn c\u1ee7a b\u1ea1n (t\u00f9y ch\u1ecdn)<br \/>\n<span class=\"wpcf7-form-control-wrap\" data-name=\"your-message\"><textarea cols=\"40\" rows=\"10\" class=\"wpcf7-form-control wpcf7-textarea\" aria-invalid=\"false\" name=\"your-message\"><\/textarea><\/span> <\/label>\n\t<\/p>\n\t<div style=\"margin-bottom:10px;\">\n\t\t<p><span class=\"wpcf7-form-control-wrap kc_captcha cf7ic-toggle\" data-name=\"kc_captcha\"><span class=\"wpcf7-form-control wpcf7-radio\"><span class=\"captcha-image\" style=\"display: none;\"><span class=\"cf7ic_instructions\">H\u00e3y ch\u1ee9ng minh b\u1ea1n l\u00e0 ng\u01b0\u1eddi b\u1eb1ng c\u00e1ch ch\u1ecdn<span> c\u0103n nh\u00e0<\/span>.<\/span><label><input type=\"radio\" name=\"kc_captcha\" value=\"kc_human\" \/><svg width=\"50\" height=\"50\" aria-hidden=\"true\" role=\"img\" xmlns=\"http:\/\/www.w3.org\/2000\/svg\" viewbox=\"0 0 576 512\"><path fill=\"currentColor\" d=\"M488 313v143c0 13-11 24-24 24H348c-7 0-12-5-12-12V356c0-7-5-12-12-12h-72c-7 0-12 5-12 12v112c0 7-5 12-12 12H112c-13 0-24-11-24-24V313c0-4 2-7 4-10l188-154c5-4 11-4 16 0l188 154c2 3 4 6 4 10zm84-61l-84-69V44c0-6-5-12-12-12h-56c-7 0-12 6-12 12v73l-89-74a48 48 0 00-61 0L4 252c-5 4-5 12-1 17l25 31c5 5 12 5 17 1l235-193c5-4 11-4 16 0l235 193c5 5 13 4 17-1l25-31c4-6 4-13-1-17z\"\/><\/svg><\/label><label><input type=\"radio\" name=\"kc_captcha\" value=\"bot\" \/><svg width=\"50\" height=\"50\" aria-hidden=\"true\" role=\"img\" xmlns=\"http:\/\/www.w3.org\/2000\/svg\" viewbox=\"0 0 512 512\"><path fill=\"currentColor\" d=\"M512 176a176 176 0 01-209 173l-24 27a24 24 0 01-18 8h-37v40c0 13-11 24-24 24h-40v40c0 13-11 24-24 24H24c-13 0-24-11-24-24v-78c0-6 3-13 7-17l162-162a176 176 0 11343-55zm-176-48a48 48 0 1096 0 48 48 0 00-96 0z\"\/><\/svg><\/label><label><input type=\"radio\" name=\"kc_captcha\" value=\"bot\" \/><svg width=\"50\" height=\"50\" aria-hidden=\"true\" role=\"img\" xmlns=\"http:\/\/www.w3.org\/2000\/svg\" viewbox=\"0 0 384 512\"><path fill=\"currentColor\" d=\"M377 375l-83-87h34c21 0 32-25 17-40l-82-88h33c21 0 32-25 18-40L210 8c-10-11-26-11-36 0L70 120c-14 15-3 40 18 40h33l-82 88c-15 15-4 40 17 40h34L7 375c-15 16-4 41 17 41h120c0 33-11 49-34 68-12 9-5 28 10 28h144c15 0 22-19 10-28-20-16-34-32-34-68h120c21 0 32-25 17-41z\"\/><\/svg><\/label>\r\n    <\/span>\r\n    <span style=\"display:none\">\r\n        <input type=\"text\" name=\"kc_honeypot\">\r\n    <\/span><\/span><\/span>\n\t\t<\/p>\n\t<\/div>\n\t<p><input class=\"wpcf7-form-control wpcf7-submit has-spinner\" type=\"submit\" value=\"N\u1ed9p\" \/>\n\t<\/p>\n<\/div><div class=\"wpcf7-response-output\" aria-hidden=\"true\"><\/div>\n<input type=\"hidden\" name=\"trp-form-language\" value=\"vi\"\/><\/form>\n<\/div>\n\n\n<\/p>","protected":false},"excerpt":{"rendered":"<p>\u0111\u1ec7m tay v\u00e0 \u0111\u1ec7m \u1ed1ng ch\u00e2n r\u1ea5t tho\u1ea3i m\u00e1i.<\/p>\n<p>Ch\u1ea5t li\u1ec7u: V\u1ea3i d\u1ec7t kim co gi\u00e3n, PU, EVA m\u1eadt \u0111\u1ed9 cao<\/p>\n<p>Ch\u1ea5t li\u1ec7u n\u00e9n tho\u1ea3i m\u00e1i \u0111\u01b0\u1ee3c thi\u1ebft k\u1ebf \u00f4m s\u00e1t ch\u00e2n, b\u00e0n ch\u00e2n v\u00e0 c\u00e1nh tay.<\/p>\n<p>B\u1ecdt bi\u1ec3n m\u1eadt \u0111\u1ed9 cao c\u00f3 th\u00eam l\u1edbp \u0111\u1ec7m t\u0103ng c\u01b0\u1eddng kh\u1ea3 n\u0103ng ch\u1ed1ng s\u1ed1c.<\/p>\n<p>Thi\u1ebft k\u1ebf nh\u1eb9 v\u00e0 linh ho\u1ea1t mang l\u1ea1i kh\u1ea3 n\u0103ng di chuy\u1ec3n kh\u00f4ng b\u1ecb h\u1ea1n ch\u1ebf v\u00e0<\/p>","protected":false},"featured_media":2658,"template":"","meta":[],"product_cat":[60,38],"product_tag":[],"class_list":{"0":"post-2655","1":"product","2":"type-product","3":"status-publish","4":"has-post-thumbnail","6":"product_cat-taekwondo-protective-gear","7":"product_cat-boxing-ring","9":"first","10":"instock","11":"shipping-taxable","12":"product-type-simple"},"yoast_head":"<!-- This site is optimized with the Yoast SEO plugin v22.7 - https:\/\/yoast.com\/wordpress\/plugins\/seo\/ -->\n<title>arm pads &amp; shin pads - trustworthy combat sports equipment manufacturer<\/title>\n<meta name=\"description\" content=\"Taekwondo protector forearm guard shin guard with custom logo printing leg protectors Shin Guard\/Leg Protector + Arm Guard\/Elbow Protector Set\" \/>\n<meta name=\"robots\" content=\"index, follow, max-snippet:-1, max-image-preview:large, max-video-preview:-1\" \/>\n<link rel=\"canonical\" href=\"https:\/\/krcsports.com\/vi\/san-pham\/arm-pads-shin-pads\/\" \/>\n<meta property=\"og:locale\" content=\"vi_VN\" \/>\n<meta property=\"og:type\" content=\"article\" \/>\n<meta property=\"og:title\" content=\"arm pads &amp; shin pads - trustworthy combat sports equipment manufacturer\" \/>\n<meta property=\"og:description\" content=\"Taekwondo protector forearm guard shin guard with custom logo printing leg protectors Shin Guard\/Leg Protector + Arm Guard\/Elbow Protector Set\" \/>\n<meta property=\"og:url\" content=\"https:\/\/krcsports.com\/vi\/san-pham\/arm-pads-shin-pads\/\" \/>\n<meta property=\"og:site_name\" content=\"trustworthy combat sports equipment manufacturer\" \/>\n<meta property=\"article:publisher\" content=\"https:\/\/www.facebook.com\/people\/Krc-sports\/100063994129159\/\" \/>\n<meta property=\"article:modified_time\" content=\"2024-11-30T12:31:33+00:00\" \/>\n<meta property=\"og:image\" content=\"https:\/\/krcsports.com\/wp-content\/uploads\/2024\/09\/shin-guards.webp\" \/>\n\t<meta property=\"og:image:width\" content=\"800\" \/>\n\t<meta property=\"og:image:height\" content=\"800\" \/>\n\t<meta property=\"og:image:type\" content=\"image\/webp\" \/>\n<meta name=\"twitter:card\" content=\"summary_large_image\" \/>\n<meta name=\"twitter:label1\" content=\"\u01af\u1edbc t\u00ednh th\u1eddi gian \u0111\u1ecdc\" \/>\n\t<meta name=\"twitter:data1\" content=\"1 ph\u00fat\" \/>\n<script type=\"application\/ld+json\" class=\"yoast-schema-graph\">{\"@context\":\"https:\/\/schema.org\",\"@graph\":[{\"@type\":\"WebPage\",\"@id\":\"https:\/\/krcsports.com\/manufacturer\/arm-pads-shin-pads\/\",\"url\":\"https:\/\/krcsports.com\/manufacturer\/arm-pads-shin-pads\/\",\"name\":\"arm pads & shin pads - trustworthy combat sports equipment manufacturer\",\"isPartOf\":{\"@id\":\"https:\/\/krcsports.com\/#website\"},\"primaryImageOfPage\":{\"@id\":\"https:\/\/krcsports.com\/manufacturer\/arm-pads-shin-pads\/#primaryimage\"},\"image\":{\"@id\":\"https:\/\/krcsports.com\/manufacturer\/arm-pads-shin-pads\/#primaryimage\"},\"thumbnailUrl\":\"https:\/\/cdn.krcsports.com\/2024\/09\/shin-guards.webp\",\"datePublished\":\"2024-09-12T07:45:17+00:00\",\"dateModified\":\"2024-11-30T12:31:33+00:00\",\"description\":\"Taekwondo protector forearm guard shin guard with custom logo printing leg protectors Shin Guard\/Leg Protector + Arm Guard\/Elbow Protector Set\",\"breadcrumb\":{\"@id\":\"https:\/\/krcsports.com\/manufacturer\/arm-pads-shin-pads\/#breadcrumb\"},\"inLanguage\":\"vi\",\"potentialAction\":[{\"@type\":\"ReadAction\",\"target\":[\"https:\/\/krcsports.com\/manufacturer\/arm-pads-shin-pads\/\"]}]},{\"@type\":\"ImageObject\",\"inLanguage\":\"vi\",\"@id\":\"https:\/\/krcsports.com\/manufacturer\/arm-pads-shin-pads\/#primaryimage\",\"url\":\"https:\/\/cdn.krcsports.com\/2024\/09\/shin-guards.webp\",\"contentUrl\":\"https:\/\/cdn.krcsports.com\/2024\/09\/shin-guards.webp\",\"width\":800,\"height\":800,\"caption\":\"shin guards\"},{\"@type\":\"BreadcrumbList\",\"@id\":\"https:\/\/krcsports.com\/manufacturer\/arm-pads-shin-pads\/#breadcrumb\",\"itemListElement\":[{\"@type\":\"ListItem\",\"position\":1,\"name\":\"Home\",\"item\":\"https:\/\/krcsports.com\/\"},{\"@type\":\"ListItem\",\"position\":2,\"name\":\"Products\",\"item\":\"https:\/\/krcsports.com\/shop\/\"},{\"@type\":\"ListItem\",\"position\":3,\"name\":\"arm pads &#038; shin pads\"}]},{\"@type\":\"WebSite\",\"@id\":\"https:\/\/krcsports.com\/#website\",\"url\":\"https:\/\/krcsports.com\/\",\"name\":\"krc sports\",\"description\":\"\",\"publisher\":{\"@id\":\"https:\/\/krcsports.com\/#organization\"},\"potentialAction\":[{\"@type\":\"SearchAction\",\"target\":{\"@type\":\"EntryPoint\",\"urlTemplate\":\"https:\/\/krcsports.com\/?s={search_term_string}\"},\"query-input\":\"required name=search_term_string\"}],\"inLanguage\":\"vi\"},{\"@type\":\"Organization\",\"@id\":\"https:\/\/krcsports.com\/#organization\",\"name\":\"krc sports\",\"url\":\"https:\/\/krcsports.com\/\",\"logo\":{\"@type\":\"ImageObject\",\"inLanguage\":\"vi\",\"@id\":\"https:\/\/krcsports.com\/#\/schema\/logo\/image\/\",\"url\":\"https:\/\/krcsports.com\/wp-content\/uploads\/2024\/07\/logo.webp\",\"contentUrl\":\"https:\/\/krcsports.com\/wp-content\/uploads\/2024\/07\/logo.webp\",\"width\":80,\"height\":60,\"caption\":\"krc sports\"},\"image\":{\"@id\":\"https:\/\/krcsports.com\/#\/schema\/logo\/image\/\"},\"sameAs\":[\"https:\/\/www.facebook.com\/people\/Krc-sports\/100063994129159\/\"]}]}<\/script>\n<!-- \/ Yoast SEO plugin. -->","yoast_head_json":{"title":"mi\u1ebfng \u0111\u1ec7m tay &amp; mi\u1ebfng \u0111\u1ec7m \u1ed1ng quy\u1ec3n - nh\u00e0 s\u1ea3n xu\u1ea5t thi\u1ebft b\u1ecb th\u1ec3 thao chi\u1ebfn \u0111\u1ea5u \u0111\u00e1ng tin c\u1eady","description":"B\u1ed9 b\u1ea3o v\u1ec7 c\u1eb3ng tay Taekwondo, b\u1ea3o v\u1ec7 \u1ed1ng quy\u1ec3n, b\u1ea3o v\u1ec7 \u1ed1ng quy\u1ec3n c\u00f3 in logo t\u00f9y ch\u1ec9nh, b\u1ea3o v\u1ec7 ch\u00e2n, B\u1ed9 b\u1ea3o v\u1ec7 \u1ed1ng quy\u1ec3n\/B\u1ea3o v\u1ec7 ch\u00e2n + B\u1ea3o v\u1ec7 c\u00e1nh tay\/B\u1ea3o v\u1ec7 khu\u1ef7u tay","robots":{"index":"index","follow":"follow","max-snippet":"max-snippet:-1","max-image-preview":"max-image-preview:large","max-video-preview":"max-video-preview:-1"},"canonical":"https:\/\/krcsports.com\/vi\/san-pham\/arm-pads-shin-pads\/","og_locale":"vi_VN","og_type":"article","og_title":"arm pads & shin pads - trustworthy combat sports equipment manufacturer","og_description":"Taekwondo protector forearm guard shin guard with custom logo printing leg protectors Shin Guard\/Leg Protector + Arm Guard\/Elbow Protector Set","og_url":"https:\/\/krcsports.com\/vi\/san-pham\/arm-pads-shin-pads\/","og_site_name":"trustworthy combat sports equipment manufacturer","article_publisher":"https:\/\/www.facebook.com\/people\/Krc-sports\/100063994129159\/","article_modified_time":"2024-11-30T12:31:33+00:00","og_image":[{"width":800,"height":800,"url":"https:\/\/krcsports.com\/wp-content\/uploads\/2024\/09\/shin-guards.webp","type":"image\/webp"}],"twitter_card":"summary_large_image","twitter_misc":{"\u01af\u1edbc t\u00ednh th\u1eddi gian \u0111\u1ecdc":"1 ph\u00fat"},"schema":{"@context":"https:\/\/schema.org","@graph":[{"@type":"WebPage","@id":"https:\/\/krcsports.com\/manufacturer\/arm-pads-shin-pads\/","url":"https:\/\/krcsports.com\/manufacturer\/arm-pads-shin-pads\/","name":"mi\u1ebfng \u0111\u1ec7m tay &amp; mi\u1ebfng \u0111\u1ec7m \u1ed1ng quy\u1ec3n - nh\u00e0 s\u1ea3n xu\u1ea5t thi\u1ebft b\u1ecb th\u1ec3 thao chi\u1ebfn \u0111\u1ea5u \u0111\u00e1ng tin c\u1eady","isPartOf":{"@id":"https:\/\/krcsports.com\/#website"},"primaryImageOfPage":{"@id":"https:\/\/krcsports.com\/manufacturer\/arm-pads-shin-pads\/#primaryimage"},"image":{"@id":"https:\/\/krcsports.com\/manufacturer\/arm-pads-shin-pads\/#primaryimage"},"thumbnailUrl":"https:\/\/cdn.krcsports.com\/2024\/09\/shin-guards.webp","datePublished":"2024-09-12T07:45:17+00:00","dateModified":"2024-11-30T12:31:33+00:00","description":"B\u1ed9 b\u1ea3o v\u1ec7 c\u1eb3ng tay Taekwondo, b\u1ea3o v\u1ec7 \u1ed1ng quy\u1ec3n, b\u1ea3o v\u1ec7 \u1ed1ng quy\u1ec3n c\u00f3 in logo t\u00f9y ch\u1ec9nh, b\u1ea3o v\u1ec7 ch\u00e2n, B\u1ed9 b\u1ea3o v\u1ec7 \u1ed1ng quy\u1ec3n\/B\u1ea3o v\u1ec7 ch\u00e2n + B\u1ea3o v\u1ec7 c\u00e1nh tay\/B\u1ea3o v\u1ec7 khu\u1ef7u tay","breadcrumb":{"@id":"https:\/\/krcsports.com\/manufacturer\/arm-pads-shin-pads\/#breadcrumb"},"inLanguage":"vi","potentialAction":[{"@type":"ReadAction","target":["https:\/\/krcsports.com\/manufacturer\/arm-pads-shin-pads\/"]}]},{"@type":"ImageObject","inLanguage":"vi","@id":"https:\/\/krcsports.com\/manufacturer\/arm-pads-shin-pads\/#primaryimage","url":"https:\/\/cdn.krcsports.com\/2024\/09\/shin-guards.webp","contentUrl":"https:\/\/cdn.krcsports.com\/2024\/09\/shin-guards.webp","width":800,"height":800,"caption":"shin guards"},{"@type":"BreadcrumbList","@id":"https:\/\/krcsports.com\/manufacturer\/arm-pads-shin-pads\/#breadcrumb","itemListElement":[{"@type":"ListItem","position":1,"name":"Home","item":"https:\/\/krcsports.com\/"},{"@type":"ListItem","position":2,"name":"Products","item":"https:\/\/krcsports.com\/shop\/"},{"@type":"ListItem","position":3,"name":"arm pads &#038; shin pads"}]},{"@type":"WebSite","@id":"https:\/\/krcsports.com\/#website","url":"https:\/\/krcsports.com\/","name":"th\u1ec3 thao krc","description":"","publisher":{"@id":"https:\/\/krcsports.com\/#organization"},"potentialAction":[{"@type":"SearchAction","target":{"@type":"EntryPoint","urlTemplate":"https:\/\/krcsports.com\/?s={search_term_string}"},"query-input":"required name=search_term_string"}],"inLanguage":"vi"},{"@type":"Organization","@id":"https:\/\/krcsports.com\/#organization","name":"th\u1ec3 thao krc","url":"https:\/\/krcsports.com\/","logo":{"@type":"ImageObject","inLanguage":"vi","@id":"https:\/\/krcsports.com\/#\/schema\/logo\/image\/","url":"https:\/\/krcsports.com\/wp-content\/uploads\/2024\/07\/logo.webp","contentUrl":"https:\/\/krcsports.com\/wp-content\/uploads\/2024\/07\/logo.webp","width":80,"height":60,"caption":"krc sports"},"image":{"@id":"https:\/\/krcsports.com\/#\/schema\/logo\/image\/"},"sameAs":["https:\/\/www.facebook.com\/people\/Krc-sports\/100063994129159\/"]}]}},"_links":{"self":[{"href":"https:\/\/krcsports.com\/vi\/wp-json\/wp\/v2\/product\/2655","targetHints":{"allow":["GET"]}}],"collection":[{"href":"https:\/\/krcsports.com\/vi\/wp-json\/wp\/v2\/product"}],"about":[{"href":"https:\/\/krcsports.com\/vi\/wp-json\/wp\/v2\/types\/product"}],"wp:featuredmedia":[{"embeddable":true,"href":"https:\/\/krcsports.com\/vi\/wp-json\/wp\/v2\/media\/2658"}],"wp:attachment":[{"href":"https:\/\/krcsports.com\/vi\/wp-json\/wp\/v2\/media?parent=2655"}],"wp:term":[{"taxonomy":"product_cat","embeddable":true,"href":"https:\/\/krcsports.com\/vi\/wp-json\/wp\/v2\/product_cat?post=2655"},{"taxonomy":"product_tag","embeddable":true,"href":"https:\/\/krcsports.com\/vi\/wp-json\/wp\/v2\/product_tag?post=2655"}],"curies":[{"name":"wp","href":"https:\/\/api.w.org\/{rel}","templated":true}]}}