{"id":2590,"date":"2024-09-12T02:31:08","date_gmt":"2024-09-12T02:31:08","guid":{"rendered":"https:\/\/krcsports.com\/?post_type=product&#038;p=2590"},"modified":"2024-11-24T06:22:12","modified_gmt":"2024-11-24T06:22:12","slug":"taekwondo-shoes","status":"publish","type":"product","link":"https:\/\/krcsports.com\/vi\/manufacturer\/taekwondo-shoes\/","title":{"rendered":"gi\u00e0y taekwondo"},"content":{"rendered":"<p>1. \u0110\u01b0\u1ee3c thi\u1ebft k\u1ebf cho c\u00e1c m\u00f4n th\u1ec3 thao v\u00f5 thu\u1eadt, ph\u00f9 h\u1ee3p v\u1edbi Taekwondo, Karate, MMA, Muay Th\u00e1i, Kickboxing, Th\u00e1i C\u1ef1c Quy\u1ec1n, Wushu, Kung Fu, Hapkido, ho\u00e0n h\u1ea3o cho ng\u01b0\u1eddi m\u1edbi b\u1eaft \u0111\u1ea7u v\u00e0 chuy\u00ean nghi\u1ec7p, Gi\u00e0y th\u1ec3 thao<\/p>\n<p>2. \u0110\u01b0\u1ee3c c\u00e1c v\u1eadn \u0111\u1ed9ng vi\u00ean v\u00e0 hu\u1ea5n luy\u1ec7n vi\u00ean ki\u1ec3m ch\u1ee9ng v\u00e0 c\u1ea3i ti\u1ebfn: ph\u1ea7n tr\u00ean m\u1ec1m m\u1ea1i v\u00e0 \u00f4m s\u00e1t b\u00e0n ch\u00e2n. Gi\u00e0y nh\u1eb9, kh\u00f4ng g\u00e2y \u00e1p l\u1ef1c l\u00ean chuy\u1ec3n \u0111\u1ed9ng v\u00e0 gi\u00fap b\u1ea1n \u0111\u00e1 nhanh h\u01a1n.<\/p>\n<p>3. \u0110\u1ebf ch\u1ed1ng tr\u01b0\u1ee3t chuy\u00ean nghi\u1ec7p v\u1edbi \u0111i\u1ec3m xoay: thi\u1ebft k\u1ebf n\u00e0y mang l\u1ea1i ma s\u00e1t tho\u1ea3i m\u00e1i v\u00e0 \u0111\u1ed9 \u1ed5n \u0111\u1ecbnh t\u1ed1t tr\u00ean th\u1ea3m th\u1ec3 thao, s\u00e0n nh\u00e0 v\u00e0 \u0111\u1ecba \u0111i\u1ec3m ngo\u00e0i tr\u1eddi.<\/p>\n<p>4. Thi\u1ebft k\u1ebf d\u00e2y thun b\u00ean h\u00f4ng v\u00e0 d\u00e2y bu\u1ed9c: d\u1ec5 s\u1eed d\u1ee5ng, th\u00e1o ra v\u00e0 m\u1eb7c v\u00e0o nhanh ch\u00f3ng, kh\u00f4ng \u1ea3nh h\u01b0\u1edfng \u0111\u1ebfn \u0111\u1ed9ng t\u00e1c \u0111\u00e1. C\u00e1c l\u1ed7 v\u00e0 khe h\u1edf b\u00ean h\u00f4ng tho\u00e1ng kh\u00ed \u0111\u1ea3m b\u1ea3o chuy\u1ec3n \u0111\u1ed9ng tho\u1ea3i m\u00e1i.<\/p>\n<p>5. Nhi\u1ec1u k\u00edch c\u1ee1, ph\u00f9 h\u1ee3p cho tr\u1ebb em, thanh thi\u1ebfu ni\u00ean, ph\u1ee5 n\u1eef v\u00e0 nam gi\u1edbi. Vui l\u00f2ng ki\u1ec3m tra k\u00edch th\u01b0\u1edbc c\u1ea9n th\u1eadn, tham kh\u1ea3o chi\u1ec1u d\u00e0i b\u00ean trong v\u00e0 xem x\u00e9t h\u00ecnh d\u1ea1ng b\u00e0n ch\u00e2n c\u1ee7a b\u1ea1n.<\/p>\n<p>\u00a0<\/p>\n<p>\u00a0<\/p>\n<h2>Ch\u1ee9ng nh\u1eadn c\u1ee7a ch\u00fang t\u00f4i<\/h2>\n\t<div class=\"img has-hover x md-x lg-x y md-y lg-y\" id=\"image_1750098666\">\n\t\t\t\t\t\t\t\t<div class=\"img-inner dark\" >\n\t\t\t<img loading=\"lazy\" decoding=\"async\" width=\"1020\" height=\"316\" src=\"https:\/\/cdn.krcsports.com\/2024\/07\/certification070-1-1024x317.webp\" class=\"attachment-large size-large wp-image-1633\" alt=\"gi\u1ea5y ch\u1ee9ng nh\u1eadn\" srcset=\"https:\/\/cdn.krcsports.com\/2024\/07\/certification070-1-1024x317.webp 1024w, https:\/\/cdn.krcsports.com\/2024\/07\/certification070-1-300x93.webp 300w, https:\/\/cdn.krcsports.com\/2024\/07\/certification070-1-768x238.webp 768w, https:\/\/cdn.krcsports.com\/2024\/07\/certification070-1-1536x475.webp 1536w, https:\/\/cdn.krcsports.com\/2024\/07\/certification070-1-18x6.webp 18w, https:\/\/cdn.krcsports.com\/2024\/07\/certification070-1-600x186.webp 600w, https:\/\/cdn.krcsports.com\/2024\/07\/certification070-1.webp 1625w\" sizes=\"auto, (max-width: 1020px) 100vw, 1020px\" \/>\t\t\t\t\t\t\n\t\t\t\t\t<\/div>\n\t\t\t\t\t\t\t\t\n<style>\n#image_1750098666 {\n  width: 100%;\n}\n<\/style>\n\t<\/div>\n\t\n\n<h2>Nh\u00e0 m\u00e1y c\u1ee7a ch\u00fang t\u00f4i \u0111\u01b0\u1ee3c BSCI ch\u1ea5p thu\u1eadn<\/h2>\n<h2>\u00a0<\/h2>\n\t<div class=\"img has-hover x md-x lg-x y md-y lg-y\" id=\"image_982307260\">\n\t\t\t\t\t\t\t\t<div class=\"img-inner dark\" >\n\t\t\t<img loading=\"lazy\" decoding=\"async\" width=\"850\" height=\"1100\" src=\"https:\/\/cdn.krcsports.com\/2024\/07\/BSCI-SummaryAuditReportforall_21-41.webp\" class=\"attachment-original size-original wp-image-1634\" alt=\"T\u00f3m t\u1eaft BSCI\" srcset=\"https:\/\/cdn.krcsports.com\/2024\/07\/BSCI-SummaryAuditReportforall_21-41.webp 850w, https:\/\/cdn.krcsports.com\/2024\/07\/BSCI-SummaryAuditReportforall_21-41-232x300.webp 232w, https:\/\/cdn.krcsports.com\/2024\/07\/BSCI-SummaryAuditReportforall_21-41-791x1024.webp 791w, https:\/\/cdn.krcsports.com\/2024\/07\/BSCI-SummaryAuditReportforall_21-41-768x994.webp 768w, https:\/\/cdn.krcsports.com\/2024\/07\/BSCI-SummaryAuditReportforall_21-41-9x12.webp 9w, https:\/\/cdn.krcsports.com\/2024\/07\/BSCI-SummaryAuditReportforall_21-41-600x776.webp 600w\" sizes=\"auto, (max-width: 850px) 100vw, 850px\" \/>\t\t\t\t\t\t\n\t\t\t\t\t<\/div>\n\t\t\t\t\t\t\t\t\n<style>\n#image_982307260 {\n  width: 100%;\n}\n<\/style>\n\t<\/div>\n\t\n\n\t<div class=\"img has-hover x md-x lg-x y md-y lg-y\" id=\"image_1815194191\">\n\t\t\t\t\t\t\t\t<div class=\"img-inner dark\" >\n\t\t\t<img loading=\"lazy\" decoding=\"async\" width=\"745\" height=\"364\" src=\"https:\/\/cdn.krcsports.com\/2024\/10\/Sports-manufacture1.webp\" class=\"attachment-original size-original wp-image-2862\" alt=\"nh\u00e0 s\u1ea3n xu\u1ea5t\" srcset=\"https:\/\/cdn.krcsports.com\/2024\/10\/Sports-manufacture1.webp 745w, https:\/\/cdn.krcsports.com\/2024\/10\/Sports-manufacture1-300x147.webp 300w, https:\/\/cdn.krcsports.com\/2024\/10\/Sports-manufacture1-18x9.webp 18w, https:\/\/cdn.krcsports.com\/2024\/10\/Sports-manufacture1-600x293.webp 600w\" sizes=\"auto, (max-width: 745px) 100vw, 745px\" \/>\t\t\t\t\t\t\n\t\t\t\t\t<\/div>\n\t\t\t\t\t\t\t\t\n<style>\n#image_1815194191 {\n  width: 100%;\n}\n<\/style>\n\t<\/div>\n\t\n\n\t<section class=\"section\" id=\"section_1717016802\">\n\t\t<div class=\"bg section-bg fill bg-fill  bg-loaded\" >\n\n\t\t\t\n\t\t\t\n\t\t\t\n\n\t\t<\/div>\n\n\t\t\n\n\t\t<div class=\"section-content relative\">\n\t\t\t\n\n<h2>\u0110\u1ed9i ng\u0169 chuy\u00ean nghi\u1ec7p c\u1ee7a ch\u00fang t\u00f4i<\/h2>\n\n\t\t<\/div>\n\n\t\t\n<style>\n#section_1717016802 {\n  padding-top: 30px;\n  padding-bottom: 30px;\n}\n<\/style>\n\t<\/section>\n\t\n\t<section class=\"section\" id=\"section_261769559\">\n\t\t<div class=\"bg section-bg fill bg-fill  bg-loaded\" >\n\n\t\t\t\n\t\t\t\n\t\t\t\n\n\t\t<\/div>\n\n\t\t\n\n\t\t<div class=\"section-content relative\">\n\t\t\t\n\n\t<div class=\"img has-hover x md-x lg-x y md-y lg-y\" id=\"image_578310242\">\n\t\t\t\t\t\t\t\t<div class=\"img-inner dark\" >\n\t\t\t<img loading=\"lazy\" decoding=\"async\" width=\"493\" height=\"301\" src=\"https:\/\/cdn.krcsports.com\/2024\/10\/team002.webp\" class=\"attachment-large size-large wp-image-2863\" alt=\"\u0111\u1ed9i\" srcset=\"https:\/\/cdn.krcsports.com\/2024\/10\/team002.webp 493w, https:\/\/cdn.krcsports.com\/2024\/10\/team002-300x183.webp 300w, https:\/\/cdn.krcsports.com\/2024\/10\/team002-18x12.webp 18w\" sizes=\"auto, (max-width: 493px) 100vw, 493px\" \/>\t\t\t\t\t\t\n\t\t\t\t\t<\/div>\n\t\t\t\t\t\t\t\t\n<style>\n#image_578310242 {\n  width: 100%;\n}\n<\/style>\n\t<\/div>\n\t\n\n\n\t\t<\/div>\n\n\t\t\n<style>\n#section_261769559 {\n  padding-top: 30px;\n  padding-bottom: 30px;\n}\n<\/style>\n\t<\/section>\n\t\n\t<section class=\"section\" id=\"section_2102010910\">\n\t\t<div class=\"bg section-bg fill bg-fill  bg-loaded\" >\n\n\t\t\t\n\t\t\t\n\t\t\t\n\n\t\t<\/div>\n\n\t\t\n\n\t\t<div class=\"section-content relative\">\n\t\t\t\n\n\t<div class=\"img has-hover x md-x lg-x y md-y lg-y\" id=\"image_1253135277\">\n\t\t\t\t\t\t\t\t<div class=\"img-inner dark\" >\n\t\t\t<img loading=\"lazy\" decoding=\"async\" width=\"1020\" height=\"466\" src=\"https:\/\/cdn.krcsports.com\/2024\/10\/exhibition1-1024x468.webp\" class=\"attachment-large size-large wp-image-2864\" alt=\"tri\u1ec3n l\u00e3m\" srcset=\"https:\/\/cdn.krcsports.com\/2024\/10\/exhibition1-1024x468.webp 1024w, https:\/\/cdn.krcsports.com\/2024\/10\/exhibition1-300x137.webp 300w, https:\/\/cdn.krcsports.com\/2024\/10\/exhibition1-768x351.webp 768w, https:\/\/cdn.krcsports.com\/2024\/10\/exhibition1-18x8.webp 18w, https:\/\/cdn.krcsports.com\/2024\/10\/exhibition1-600x274.webp 600w, https:\/\/cdn.krcsports.com\/2024\/10\/exhibition1.webp 1200w\" sizes=\"auto, (max-width: 1020px) 100vw, 1020px\" \/>\t\t\t\t\t\t\n\t\t\t\t\t<\/div>\n\t\t\t\t\t\t\t\t\n<style>\n#image_1253135277 {\n  width: 100%;\n}\n<\/style>\n\t<\/div>\n\t\n\n\n\t\t<\/div>\n\n\t\t\n<style>\n#section_2102010910 {\n  padding-top: 30px;\n  padding-bottom: 30px;\n}\n<\/style>\n\t<\/section>\n\t\n<p>\n\n<div class=\"wpcf7 no-js\" id=\"wpcf7-f5-o1\" lang=\"en-US\" dir=\"ltr\">\n<div class=\"screen-reader-response\"><p role=\"status\" aria-live=\"polite\" aria-atomic=\"true\"><\/p> <ul><\/ul><\/div>\n<form action=\"\/vi\/wp-json\/wp\/v2\/product\/2590#wpcf7-f5-o1\" method=\"post\" class=\"wpcf7-form init\" aria-label=\"Bi\u1ec3u m\u1eabu li\u00ean h\u1ec7\" novalidate=\"novalidate\" data-status=\"init\" data-trp-original-action=\"\/vi\/wp-json\/wp\/v2\/product\/2590#wpcf7-f5-o1\">\n<div style=\"display: none;\">\n<input type=\"hidden\" name=\"_wpcf7\" value=\"5\" \/>\n<input type=\"hidden\" name=\"_wpcf7_version\" value=\"5.9.5\" \/>\n<input type=\"hidden\" name=\"_wpcf7_locale\" value=\"en_US\" \/>\n<input type=\"hidden\" name=\"_wpcf7_unit_tag\" value=\"wpcf7-f5-o1\" \/>\n<input type=\"hidden\" name=\"_wpcf7_container_post\" value=\"0\" \/>\n<input type=\"hidden\" name=\"_wpcf7_posted_data_hash\" value=\"\" \/>\n<\/div>\n<div class='custom_contact_style'>\n\t<p><label> T\u00ean c\u1ee7a b\u1ea1n<br \/>\n<span class=\"wpcf7-form-control-wrap\" data-name=\"your-name\"><input size=\"40\" class=\"wpcf7-form-control wpcf7-text wpcf7-validates-as-required\" autocomplete=\"name\" aria-required=\"true\" aria-invalid=\"false\" value=\"\" type=\"text\" name=\"your-name\" \/><\/span> <\/label>\n\t<\/p>\n\t<p><label> Email c\u1ee7a b\u1ea1n<br \/>\n<span class=\"wpcf7-form-control-wrap\" data-name=\"your-email\"><input size=\"40\" class=\"wpcf7-form-control wpcf7-email wpcf7-validates-as-required wpcf7-text wpcf7-validates-as-email\" autocomplete=\"email\" aria-required=\"true\" aria-invalid=\"false\" value=\"\" type=\"email\" name=\"your-email\" \/><\/span> <\/label>\n\t<\/p>\n\t<p><label> Tin nh\u1eafn c\u1ee7a b\u1ea1n (t\u00f9y ch\u1ecdn)<br \/>\n<span class=\"wpcf7-form-control-wrap\" data-name=\"your-message\"><textarea cols=\"40\" rows=\"10\" class=\"wpcf7-form-control wpcf7-textarea\" aria-invalid=\"false\" name=\"your-message\"><\/textarea><\/span> <\/label>\n\t<\/p>\n\t<div style=\"margin-bottom:10px;\">\n\t\t<p><span class=\"wpcf7-form-control-wrap kc_captcha cf7ic-toggle\" data-name=\"kc_captcha\"><span class=\"wpcf7-form-control wpcf7-radio\"><span class=\"captcha-image\" style=\"display: none;\"><span class=\"cf7ic_instructions\">H\u00e3y ch\u1ee9ng minh b\u1ea1n l\u00e0 ng\u01b0\u1eddi b\u1eb1ng c\u00e1ch ch\u1ecdn<span> c\u0103n nh\u00e0<\/span>.<\/span><label><input type=\"radio\" name=\"kc_captcha\" value=\"kc_human\" \/><svg width=\"50\" height=\"50\" aria-hidden=\"true\" role=\"img\" xmlns=\"http:\/\/www.w3.org\/2000\/svg\" viewbox=\"0 0 576 512\"><path fill=\"currentColor\" d=\"M488 313v143c0 13-11 24-24 24H348c-7 0-12-5-12-12V356c0-7-5-12-12-12h-72c-7 0-12 5-12 12v112c0 7-5 12-12 12H112c-13 0-24-11-24-24V313c0-4 2-7 4-10l188-154c5-4 11-4 16 0l188 154c2 3 4 6 4 10zm84-61l-84-69V44c0-6-5-12-12-12h-56c-7 0-12 6-12 12v73l-89-74a48 48 0 00-61 0L4 252c-5 4-5 12-1 17l25 31c5 5 12 5 17 1l235-193c5-4 11-4 16 0l235 193c5 5 13 4 17-1l25-31c4-6 4-13-1-17z\"\/><\/svg><\/label><label><input type=\"radio\" name=\"kc_captcha\" value=\"bot\" \/><svg width=\"50\" height=\"50\" aria-hidden=\"true\" role=\"img\" xmlns=\"http:\/\/www.w3.org\/2000\/svg\" viewbox=\"0 0 512 512\"><path fill=\"currentColor\" d=\"M500 168h-55l-8-21a127 127 0 00-120-83H195a127 127 0 00-120 83l-8 21H12c-8 0-14 8-11 16l8 24a12 12 0 0011 8h29a64 64 0 00-33 56v48c0 16 6 31 16 42v62c0 13 11 24 24 24h48c13 0 24-11 24-24v-40h256v40c0 13 11 24 24 24h48c13 0 24-11 24-24v-62c10-11 16-26 16-42v-48c0-24-13-45-33-56h29a12 12 0 0011-8l8-24c3-8-3-16-11-16zm-365 2c9-25 33-42 60-42h122c27 0 51 17 60 42l15 38H120l15-38zM88 328a32 32 0 010-64c18 0 48 30 48 48s-30 16-48 16zm336 0c-18 0-48 2-48-16s30-48 48-48 32 14 32 32-14 32-32 32z\"\/><\/svg><\/label><label><input type=\"radio\" name=\"kc_captcha\" value=\"bot\" \/><svg width=\"50\" height=\"50\" aria-hidden=\"true\" role=\"img\" xmlns=\"http:\/\/www.w3.org\/2000\/svg\" viewbox=\"0 0 640 512\"><path fill=\"currentColor\" d=\"M192 384h192c53 0 96-43 96-96h32a128 128 0 000-256H120c-13 0-24 11-24 24v232c0 53 43 96 96 96zM512 96a64 64 0 010 128h-32V96h32zm48 384H48c-47 0-61-64-36-64h584c25 0 11 64-36 64z\"\/><\/svg><\/label>\r\n    <\/span>\r\n    <span style=\"display:none\">\r\n        <input type=\"text\" name=\"kc_honeypot\">\r\n    <\/span><\/span><\/span>\n\t\t<\/p>\n\t<\/div>\n\t<p><input class=\"wpcf7-form-control wpcf7-submit has-spinner\" type=\"submit\" value=\"N\u1ed9p\" \/>\n\t<\/p>\n<\/div><div class=\"wpcf7-response-output\" aria-hidden=\"true\"><\/div>\n<input type=\"hidden\" name=\"trp-form-language\" value=\"vi\"\/><\/form>\n<\/div>\n\n\n<\/p>","protected":false},"excerpt":{"rendered":"<p>Gi\u00e0y taekwon c\u00f3 \u0111\u1ebf ngo\u00e0i b\u1eb1ng cao su v\u1eeba v\u1eb7n v\u00e0 c\u00f3 \u0111\u1ed9 b\u00e1m t\u1ed1t.<\/p>\n<p>D\u00e2y gi\u00e0y ng\u1eafn gi\u00fap c\u1ed1 \u0111\u1ecbnh ch\u00e2n t\u1ed1t h\u01a1n.<\/p>\n<p>Phi\u00ean b\u1ea3n c\u1eadp nh\u1eadt c\u1ee7a Adidas Adi-kick<\/p>\n<p>V\u1eadt li\u1ec7u PU.<\/p>\n<p>C\u00f3 \u0111\u1ebf cao su v\u1edbi c\u00e1c \u0111i\u1ec3m xoay<\/p>","protected":false},"featured_media":2618,"template":"","meta":[],"product_cat":[38,58],"product_tag":[],"class_list":{"0":"post-2590","1":"product","2":"type-product","3":"status-publish","4":"has-post-thumbnail","6":"product_cat-boxing-ring","7":"product_cat-taekwondo-shoes","9":"first","10":"instock","11":"shipping-taxable","12":"product-type-simple"},"yoast_head":"<!-- This site is optimized with the Yoast SEO plugin v22.7 - https:\/\/yoast.com\/wordpress\/plugins\/seo\/ -->\n<title>taekwondo shoes - trustworthy combat sports equipment manufacturer<\/title>\n<meta name=\"description\" content=\"taekwondo shoes , Karate, Martial Arts Mat Training Shoes\" \/>\n<meta name=\"robots\" content=\"index, follow, max-snippet:-1, max-image-preview:large, max-video-preview:-1\" \/>\n<link rel=\"canonical\" href=\"https:\/\/krcsports.com\/vi\/san-pham\/taekwondo-shoes\/\" \/>\n<meta property=\"og:locale\" content=\"vi_VN\" \/>\n<meta property=\"og:type\" content=\"article\" \/>\n<meta property=\"og:title\" content=\"taekwondo shoes - trustworthy combat sports equipment manufacturer\" \/>\n<meta property=\"og:description\" content=\"taekwondo shoes , Karate, Martial Arts Mat Training Shoes\" \/>\n<meta property=\"og:url\" content=\"https:\/\/krcsports.com\/vi\/san-pham\/taekwondo-shoes\/\" \/>\n<meta property=\"og:site_name\" content=\"trustworthy combat sports equipment manufacturer\" \/>\n<meta property=\"article:publisher\" content=\"https:\/\/www.facebook.com\/people\/Krc-sports\/100063994129159\/\" \/>\n<meta property=\"article:modified_time\" content=\"2024-11-24T06:22:12+00:00\" \/>\n<meta property=\"og:image\" content=\"https:\/\/krcsports.com\/wp-content\/uploads\/2024\/09\/taekwondo-shoes-1.webp\" \/>\n\t<meta property=\"og:image:width\" content=\"800\" \/>\n\t<meta property=\"og:image:height\" content=\"800\" \/>\n\t<meta property=\"og:image:type\" content=\"image\/webp\" \/>\n<meta name=\"twitter:card\" content=\"summary_large_image\" \/>\n<meta name=\"twitter:label1\" content=\"\u01af\u1edbc t\u00ednh th\u1eddi gian \u0111\u1ecdc\" \/>\n\t<meta name=\"twitter:data1\" content=\"1 ph\u00fat\" \/>\n<script type=\"application\/ld+json\" class=\"yoast-schema-graph\">{\"@context\":\"https:\/\/schema.org\",\"@graph\":[{\"@type\":\"WebPage\",\"@id\":\"https:\/\/krcsports.com\/manufacturer\/taekwondo-shoes\/\",\"url\":\"https:\/\/krcsports.com\/manufacturer\/taekwondo-shoes\/\",\"name\":\"taekwondo shoes - trustworthy combat sports equipment manufacturer\",\"isPartOf\":{\"@id\":\"https:\/\/krcsports.com\/#website\"},\"primaryImageOfPage\":{\"@id\":\"https:\/\/krcsports.com\/manufacturer\/taekwondo-shoes\/#primaryimage\"},\"image\":{\"@id\":\"https:\/\/krcsports.com\/manufacturer\/taekwondo-shoes\/#primaryimage\"},\"thumbnailUrl\":\"https:\/\/cdn.krcsports.com\/2024\/09\/taekwondo-shoes-1.webp\",\"datePublished\":\"2024-09-12T02:31:08+00:00\",\"dateModified\":\"2024-11-24T06:22:12+00:00\",\"description\":\"taekwondo shoes , Karate, Martial Arts Mat Training Shoes\",\"breadcrumb\":{\"@id\":\"https:\/\/krcsports.com\/manufacturer\/taekwondo-shoes\/#breadcrumb\"},\"inLanguage\":\"vi\",\"potentialAction\":[{\"@type\":\"ReadAction\",\"target\":[\"https:\/\/krcsports.com\/manufacturer\/taekwondo-shoes\/\"]}]},{\"@type\":\"ImageObject\",\"inLanguage\":\"vi\",\"@id\":\"https:\/\/krcsports.com\/manufacturer\/taekwondo-shoes\/#primaryimage\",\"url\":\"https:\/\/cdn.krcsports.com\/2024\/09\/taekwondo-shoes-1.webp\",\"contentUrl\":\"https:\/\/cdn.krcsports.com\/2024\/09\/taekwondo-shoes-1.webp\",\"width\":800,\"height\":800,\"caption\":\"taekwondo shoes\"},{\"@type\":\"BreadcrumbList\",\"@id\":\"https:\/\/krcsports.com\/manufacturer\/taekwondo-shoes\/#breadcrumb\",\"itemListElement\":[{\"@type\":\"ListItem\",\"position\":1,\"name\":\"Home\",\"item\":\"https:\/\/krcsports.com\/\"},{\"@type\":\"ListItem\",\"position\":2,\"name\":\"Products\",\"item\":\"https:\/\/krcsports.com\/shop\/\"},{\"@type\":\"ListItem\",\"position\":3,\"name\":\"taekwondo shoes\"}]},{\"@type\":\"WebSite\",\"@id\":\"https:\/\/krcsports.com\/#website\",\"url\":\"https:\/\/krcsports.com\/\",\"name\":\"krc sports\",\"description\":\"\",\"publisher\":{\"@id\":\"https:\/\/krcsports.com\/#organization\"},\"potentialAction\":[{\"@type\":\"SearchAction\",\"target\":{\"@type\":\"EntryPoint\",\"urlTemplate\":\"https:\/\/krcsports.com\/?s={search_term_string}\"},\"query-input\":\"required name=search_term_string\"}],\"inLanguage\":\"vi\"},{\"@type\":\"Organization\",\"@id\":\"https:\/\/krcsports.com\/#organization\",\"name\":\"krc sports\",\"url\":\"https:\/\/krcsports.com\/\",\"logo\":{\"@type\":\"ImageObject\",\"inLanguage\":\"vi\",\"@id\":\"https:\/\/krcsports.com\/#\/schema\/logo\/image\/\",\"url\":\"https:\/\/krcsports.com\/wp-content\/uploads\/2024\/07\/logo.webp\",\"contentUrl\":\"https:\/\/krcsports.com\/wp-content\/uploads\/2024\/07\/logo.webp\",\"width\":80,\"height\":60,\"caption\":\"krc sports\"},\"image\":{\"@id\":\"https:\/\/krcsports.com\/#\/schema\/logo\/image\/\"},\"sameAs\":[\"https:\/\/www.facebook.com\/people\/Krc-sports\/100063994129159\/\"]}]}<\/script>\n<!-- \/ Yoast SEO plugin. -->","yoast_head_json":{"title":"gi\u00e0y taekwondo - nh\u00e0 s\u1ea3n xu\u1ea5t thi\u1ebft b\u1ecb th\u1ec3 thao chi\u1ebfn \u0111\u1ea5u \u0111\u00e1ng tin c\u1eady","description":"gi\u00e0y taekwondo, Karate, Gi\u00e0y t\u1eadp v\u00f5 thu\u1eadt","robots":{"index":"index","follow":"follow","max-snippet":"max-snippet:-1","max-image-preview":"max-image-preview:large","max-video-preview":"max-video-preview:-1"},"canonical":"https:\/\/krcsports.com\/vi\/san-pham\/taekwondo-shoes\/","og_locale":"vi_VN","og_type":"article","og_title":"taekwondo shoes - trustworthy combat sports equipment manufacturer","og_description":"taekwondo shoes , Karate, Martial Arts Mat Training Shoes","og_url":"https:\/\/krcsports.com\/vi\/san-pham\/taekwondo-shoes\/","og_site_name":"trustworthy combat sports equipment manufacturer","article_publisher":"https:\/\/www.facebook.com\/people\/Krc-sports\/100063994129159\/","article_modified_time":"2024-11-24T06:22:12+00:00","og_image":[{"width":800,"height":800,"url":"https:\/\/krcsports.com\/wp-content\/uploads\/2024\/09\/taekwondo-shoes-1.webp","type":"image\/webp"}],"twitter_card":"summary_large_image","twitter_misc":{"\u01af\u1edbc t\u00ednh th\u1eddi gian \u0111\u1ecdc":"1 ph\u00fat"},"schema":{"@context":"https:\/\/schema.org","@graph":[{"@type":"WebPage","@id":"https:\/\/krcsports.com\/manufacturer\/taekwondo-shoes\/","url":"https:\/\/krcsports.com\/manufacturer\/taekwondo-shoes\/","name":"gi\u00e0y taekwondo - nh\u00e0 s\u1ea3n xu\u1ea5t thi\u1ebft b\u1ecb th\u1ec3 thao chi\u1ebfn \u0111\u1ea5u \u0111\u00e1ng tin c\u1eady","isPartOf":{"@id":"https:\/\/krcsports.com\/#website"},"primaryImageOfPage":{"@id":"https:\/\/krcsports.com\/manufacturer\/taekwondo-shoes\/#primaryimage"},"image":{"@id":"https:\/\/krcsports.com\/manufacturer\/taekwondo-shoes\/#primaryimage"},"thumbnailUrl":"https:\/\/cdn.krcsports.com\/2024\/09\/taekwondo-shoes-1.webp","datePublished":"2024-09-12T02:31:08+00:00","dateModified":"2024-11-24T06:22:12+00:00","description":"gi\u00e0y taekwondo, Karate, Gi\u00e0y t\u1eadp v\u00f5 thu\u1eadt","breadcrumb":{"@id":"https:\/\/krcsports.com\/manufacturer\/taekwondo-shoes\/#breadcrumb"},"inLanguage":"vi","potentialAction":[{"@type":"ReadAction","target":["https:\/\/krcsports.com\/manufacturer\/taekwondo-shoes\/"]}]},{"@type":"ImageObject","inLanguage":"vi","@id":"https:\/\/krcsports.com\/manufacturer\/taekwondo-shoes\/#primaryimage","url":"https:\/\/cdn.krcsports.com\/2024\/09\/taekwondo-shoes-1.webp","contentUrl":"https:\/\/cdn.krcsports.com\/2024\/09\/taekwondo-shoes-1.webp","width":800,"height":800,"caption":"taekwondo shoes"},{"@type":"BreadcrumbList","@id":"https:\/\/krcsports.com\/manufacturer\/taekwondo-shoes\/#breadcrumb","itemListElement":[{"@type":"ListItem","position":1,"name":"Home","item":"https:\/\/krcsports.com\/"},{"@type":"ListItem","position":2,"name":"Products","item":"https:\/\/krcsports.com\/shop\/"},{"@type":"ListItem","position":3,"name":"taekwondo shoes"}]},{"@type":"WebSite","@id":"https:\/\/krcsports.com\/#website","url":"https:\/\/krcsports.com\/","name":"th\u1ec3 thao krc","description":"","publisher":{"@id":"https:\/\/krcsports.com\/#organization"},"potentialAction":[{"@type":"SearchAction","target":{"@type":"EntryPoint","urlTemplate":"https:\/\/krcsports.com\/?s={search_term_string}"},"query-input":"required name=search_term_string"}],"inLanguage":"vi"},{"@type":"Organization","@id":"https:\/\/krcsports.com\/#organization","name":"th\u1ec3 thao krc","url":"https:\/\/krcsports.com\/","logo":{"@type":"ImageObject","inLanguage":"vi","@id":"https:\/\/krcsports.com\/#\/schema\/logo\/image\/","url":"https:\/\/krcsports.com\/wp-content\/uploads\/2024\/07\/logo.webp","contentUrl":"https:\/\/krcsports.com\/wp-content\/uploads\/2024\/07\/logo.webp","width":80,"height":60,"caption":"krc sports"},"image":{"@id":"https:\/\/krcsports.com\/#\/schema\/logo\/image\/"},"sameAs":["https:\/\/www.facebook.com\/people\/Krc-sports\/100063994129159\/"]}]}},"_links":{"self":[{"href":"https:\/\/krcsports.com\/vi\/wp-json\/wp\/v2\/product\/2590","targetHints":{"allow":["GET"]}}],"collection":[{"href":"https:\/\/krcsports.com\/vi\/wp-json\/wp\/v2\/product"}],"about":[{"href":"https:\/\/krcsports.com\/vi\/wp-json\/wp\/v2\/types\/product"}],"wp:featuredmedia":[{"embeddable":true,"href":"https:\/\/krcsports.com\/vi\/wp-json\/wp\/v2\/media\/2618"}],"wp:attachment":[{"href":"https:\/\/krcsports.com\/vi\/wp-json\/wp\/v2\/media?parent=2590"}],"wp:term":[{"taxonomy":"product_cat","embeddable":true,"href":"https:\/\/krcsports.com\/vi\/wp-json\/wp\/v2\/product_cat?post=2590"},{"taxonomy":"product_tag","embeddable":true,"href":"https:\/\/krcsports.com\/vi\/wp-json\/wp\/v2\/product_tag?post=2590"}],"curies":[{"name":"wp","href":"https:\/\/api.w.org\/{rel}","templated":true}]}}