{"id":2587,"date":"2024-09-12T02:29:30","date_gmt":"2024-09-12T02:29:30","guid":{"rendered":"https:\/\/krcsports.com\/?post_type=product&#038;p=2587"},"modified":"2024-12-01T11:12:04","modified_gmt":"2024-12-01T11:12:04","slug":"karate-chest-guard","status":"publish","type":"product","link":"https:\/\/krcsports.com\/vi\/manufacturer\/karate-chest-guard\/","title":{"rendered":"b\u1ea3o v\u1ec7 ng\u1ef1c karate"},"content":{"rendered":"<ul class=\"a-unordered-list a-vertical a-spacing-mini\">\n<li class=\"a-spacing-mini\">\u00a0<\/li>\n<li class=\"a-spacing-mini\"><span class=\"a-list-item\">B\u1ea3o v\u1ec7 ng\u1ef1c karate \u2013 \u0111\u01b0\u1ee3c thi\u1ebft k\u1ebf \u0111\u1ec3 gi\u1eef cho tr\u1ebb em c\u1ee7a b\u1ea1n tho\u1ea3i m\u00e1i v\u00e0 \u0111\u01b0\u1ee3c b\u1ea3o v\u1ec7 khi tham gia c\u00e1c m\u00f4n th\u1ec3 thao y\u00eau th\u00edch c\u1ee7a ch\u00fang<\/span><\/li>\n<\/ul>\n<p>\u00a0<\/p>\n<ul class=\"a-unordered-list a-vertical a-spacing-mini\">\n<li class=\"a-spacing-mini\"><span class=\"a-list-item\">\u00a0mi\u1ebfng b\u1ea3o v\u1ec7 ng\u1ef1c \u2013 c\u00f3 th\u1ec3 c\u1ed1 \u0111\u1ecbnh mi\u1ebfng b\u1ea3o v\u1ec7 m\u1ed9t c\u00e1ch ho\u00e0n h\u1ea3o tr\u00ean c\u01a1 th\u1ec3 tr\u1ebb em, thu\u1eadn ti\u1ec7n \u0111i\u1ec1u ch\u1ec9nh \u0111\u1ec3 v\u1eeba v\u1eb7n v\u1edbi c\u01a1 th\u1ec3 tr\u1ebb em, d\u1ec5 d\u00e0ng \u0111eo ho\u1eb7c th\u00e1o ra. mi\u1ebfng b\u1ea3o v\u1ec7 ng\u1ef1c karate<\/span><\/li>\n<\/ul>\n<p>\u00a0<\/p>\n<ul class=\"a-unordered-list a-vertical a-spacing-mini\">\n<li class=\"a-spacing-mini\"><span class=\"a-list-item\">\u00c1o b\u1ea3o v\u1ec7 ng\u1ef1c karate cho tr\u1ebb em \u2013 d\u1ec5 m\u1eb7c v\u00e0 tho\u1ea3i m\u00e1i, ph\u00f9 h\u1ee3p cho c\u00e1c m\u00f4n th\u1ec3 thao \u0111\u1ea5m b\u1ed1c, th\u1ec3 d\u1ee5c, kickboxing v\u00e0 nhi\u1ec1u m\u00f4n kh\u00e1c<\/span><\/li>\n<\/ul>\n<p>\u00a0<\/p>\n<ul class=\"a-unordered-list a-vertical a-spacing-mini\">\n<li class=\"a-spacing-mini\"><span class=\"a-list-item\">d\u00e0nh cho tr\u1ebb em \u2013 c\u00f3 th\u1ec3 s\u1eed d\u1ee5ng cho m\u00f4n quy\u1ec1n anh Th\u00e1i, karate, kickboxing ho\u1eb7c b\u1ea5t k\u1ef3 ho\u1ea1t \u0111\u1ed9ng n\u00e0o kh\u00e1c m\u00e0 con b\u1ea1n c\u1ea7n th\u00eam l\u1edbp b\u1ea3o v\u1ec7 ng\u1ef1c<\/span><\/li>\n<\/ul>\n<p>\u00a0<\/p>\n<ul class=\"a-unordered-list a-vertical a-spacing-mini\">\n<li class=\"a-spacing-mini\"><span class=\"a-list-item\">\u00c1o b\u1ea3o h\u1ed9 s\u00e1ng t\u1ea1o \u2013 thi\u1ebft k\u1ebf c\u00f3 th\u1ec3 \u0111i\u1ec1u ch\u1ec9nh, ph\u00f9 h\u1ee3p v\u1edbi h\u1ea7u h\u1ebft tr\u1ebb em, \u0111\u1ea3m b\u1ea3o t\u00ednh th\u1ef1c t\u1ebf v\u00e0 ph\u1ed5 bi\u1ebfn<\/span><\/li>\n<\/ul>","protected":false},"excerpt":{"rendered":"<p>\u0110ai b\u1ea3o v\u1ec7 ng\u1ef1c karate \u0110\u01b0\u1ee3c l\u00e0m t\u1eeb ch\u1ea5t li\u1ec7u cao c\u1ea5p \u0111\u1ea3m b\u1ea3o s\u1ef1 tho\u1ea3i m\u00e1i.<\/p>\n<p>Nh\u1eb9 \u0111\u1ec3 di chuy\u1ec3n nhanh h\u01a1n khi chi\u1ebfn \u0111\u1ea5u.<\/p>\n<p>L\u1edbp v\u1ea3i b\u00ean trong tho\u00e1ng kh\u00ed cho lu\u1ed3ng kh\u00f4ng kh\u00ed li\u00ean t\u1ee5c<\/p>\n<p>\u0110\u01b0\u1eddng kh\u00e2u ch\u1eafc ch\u1eafn v\u00e0 vi\u1ec1n c\u1eaft t\u1ec9a \u0111\u1ec3 t\u0103ng \u0111\u1ed9 b\u1ec1n<\/p>\n<p>\u0110\u01b0\u1ee3c thi\u1ebft k\u1ebf theo c\u00f4ng th\u00e1i h\u1ecdc \u0111\u1ec3 b\u1ea3o v\u1ec7 ng\u1ef1c t\u1ed1i \u01b0u m\u00e0 kh\u00f4ng \u1ea3nh h\u01b0\u1edfng \u0111\u1ebfn ph\u1ea1m vi chuy\u1ec3n \u0111\u1ed9ng c\u1ee7a b\u1ea1n.<\/p>\n<p>\u0110\u1ec7m b\u00ean trong c\u00f3 t\u00e1c d\u1ee5ng h\u1ea5p th\u1ee5 v\u00e0 ph\u00e2n t\u00e1n l\u1ef1c t\u00e1c \u0111\u1ed9ng.<\/p>\n<p>\u0110\u01b0\u1ee3c thi\u1ebft k\u1ebf v\u1edbi d\u00e2y \u0111ai velcro \u0111\u00e0n h\u1ed3i c\u00f3 th\u1ec3 \u0111i\u1ec1u ch\u1ec9nh \u0111\u1ec3 v\u1eeba v\u1eb7n ho\u00e0n h\u1ea3o.<\/p>\n<p>D\u1ec5 m\u1eb7c<\/p>\n<p>\u0110\u01b0\u1ee3c l\u00e0m t\u1eeb v\u1ea3i Oxford v\u00e0 v\u1ea3i thun ch\u1ea5t l\u01b0\u1ee3ng cao<\/p>","protected":false},"featured_media":2607,"template":"","meta":[],"product_cat":[38,69],"product_tag":[],"class_list":{"0":"post-2587","1":"product","2":"type-product","3":"status-publish","4":"has-post-thumbnail","6":"product_cat-boxing-ring","7":"product_cat-karate-protective-gear","9":"first","10":"instock","11":"shipping-taxable","12":"product-type-simple"},"yoast_head":"<!-- This site is optimized with the Yoast SEO plugin v22.7 - https:\/\/yoast.com\/wordpress\/plugins\/seo\/ -->\n<title>karate chest guard - trustworthy combat sports equipment manufacturer<\/title>\n<meta name=\"description\" content=\"Karate Chest Guard for Kids &amp; Adults chest protector sweat vest muay thai chest guard taekwondo chest guard kids protector vest boxing\" \/>\n<meta name=\"robots\" content=\"index, follow, max-snippet:-1, max-image-preview:large, max-video-preview:-1\" \/>\n<link rel=\"canonical\" href=\"https:\/\/krcsports.com\/vi\/san-pham\/karate-chest-guard\/\" \/>\n<meta property=\"og:locale\" content=\"vi_VN\" \/>\n<meta property=\"og:type\" content=\"article\" \/>\n<meta property=\"og:title\" content=\"karate chest guard - trustworthy combat sports equipment manufacturer\" \/>\n<meta property=\"og:description\" content=\"Karate Chest Guard for Kids &amp; Adults chest protector sweat vest muay thai chest guard taekwondo chest guard kids protector vest boxing\" \/>\n<meta property=\"og:url\" content=\"https:\/\/krcsports.com\/vi\/san-pham\/karate-chest-guard\/\" \/>\n<meta property=\"og:site_name\" content=\"trustworthy combat sports equipment manufacturer\" \/>\n<meta property=\"article:publisher\" content=\"https:\/\/www.facebook.com\/people\/Krc-sports\/100063994129159\/\" \/>\n<meta property=\"article:modified_time\" content=\"2024-12-01T11:12:04+00:00\" \/>\n<meta property=\"og:image\" content=\"https:\/\/krcsports.com\/wp-content\/uploads\/2024\/09\/chest-guard11.webp\" \/>\n\t<meta property=\"og:image:width\" content=\"800\" \/>\n\t<meta property=\"og:image:height\" content=\"800\" \/>\n\t<meta property=\"og:image:type\" content=\"image\/webp\" \/>\n<meta name=\"twitter:card\" content=\"summary_large_image\" \/>\n<meta name=\"twitter:label1\" content=\"\u01af\u1edbc t\u00ednh th\u1eddi gian \u0111\u1ecdc\" \/>\n\t<meta name=\"twitter:data1\" content=\"1 ph\u00fat\" \/>\n<script type=\"application\/ld+json\" class=\"yoast-schema-graph\">{\"@context\":\"https:\/\/schema.org\",\"@graph\":[{\"@type\":\"WebPage\",\"@id\":\"https:\/\/krcsports.com\/manufacturer\/karate-chest-guard\/\",\"url\":\"https:\/\/krcsports.com\/manufacturer\/karate-chest-guard\/\",\"name\":\"karate chest guard - trustworthy combat sports equipment manufacturer\",\"isPartOf\":{\"@id\":\"https:\/\/krcsports.com\/#website\"},\"primaryImageOfPage\":{\"@id\":\"https:\/\/krcsports.com\/manufacturer\/karate-chest-guard\/#primaryimage\"},\"image\":{\"@id\":\"https:\/\/krcsports.com\/manufacturer\/karate-chest-guard\/#primaryimage\"},\"thumbnailUrl\":\"https:\/\/cdn.krcsports.com\/2024\/09\/chest-guard11.webp\",\"datePublished\":\"2024-09-12T02:29:30+00:00\",\"dateModified\":\"2024-12-01T11:12:04+00:00\",\"description\":\"Karate Chest Guard for Kids & Adults chest protector sweat vest muay thai chest guard taekwondo chest guard kids protector vest boxing\",\"breadcrumb\":{\"@id\":\"https:\/\/krcsports.com\/manufacturer\/karate-chest-guard\/#breadcrumb\"},\"inLanguage\":\"vi\",\"potentialAction\":[{\"@type\":\"ReadAction\",\"target\":[\"https:\/\/krcsports.com\/manufacturer\/karate-chest-guard\/\"]}]},{\"@type\":\"ImageObject\",\"inLanguage\":\"vi\",\"@id\":\"https:\/\/krcsports.com\/manufacturer\/karate-chest-guard\/#primaryimage\",\"url\":\"https:\/\/cdn.krcsports.com\/2024\/09\/chest-guard11.webp\",\"contentUrl\":\"https:\/\/cdn.krcsports.com\/2024\/09\/chest-guard11.webp\",\"width\":800,\"height\":800,\"caption\":\"chest guard\"},{\"@type\":\"BreadcrumbList\",\"@id\":\"https:\/\/krcsports.com\/manufacturer\/karate-chest-guard\/#breadcrumb\",\"itemListElement\":[{\"@type\":\"ListItem\",\"position\":1,\"name\":\"Home\",\"item\":\"https:\/\/krcsports.com\/\"},{\"@type\":\"ListItem\",\"position\":2,\"name\":\"Products\",\"item\":\"https:\/\/krcsports.com\/shop\/\"},{\"@type\":\"ListItem\",\"position\":3,\"name\":\"karate chest guard\"}]},{\"@type\":\"WebSite\",\"@id\":\"https:\/\/krcsports.com\/#website\",\"url\":\"https:\/\/krcsports.com\/\",\"name\":\"krc sports\",\"description\":\"\",\"publisher\":{\"@id\":\"https:\/\/krcsports.com\/#organization\"},\"potentialAction\":[{\"@type\":\"SearchAction\",\"target\":{\"@type\":\"EntryPoint\",\"urlTemplate\":\"https:\/\/krcsports.com\/?s={search_term_string}\"},\"query-input\":\"required name=search_term_string\"}],\"inLanguage\":\"vi\"},{\"@type\":\"Organization\",\"@id\":\"https:\/\/krcsports.com\/#organization\",\"name\":\"krc sports\",\"url\":\"https:\/\/krcsports.com\/\",\"logo\":{\"@type\":\"ImageObject\",\"inLanguage\":\"vi\",\"@id\":\"https:\/\/krcsports.com\/#\/schema\/logo\/image\/\",\"url\":\"https:\/\/krcsports.com\/wp-content\/uploads\/2024\/07\/logo.webp\",\"contentUrl\":\"https:\/\/krcsports.com\/wp-content\/uploads\/2024\/07\/logo.webp\",\"width\":80,\"height\":60,\"caption\":\"krc sports\"},\"image\":{\"@id\":\"https:\/\/krcsports.com\/#\/schema\/logo\/image\/\"},\"sameAs\":[\"https:\/\/www.facebook.com\/people\/Krc-sports\/100063994129159\/\"]}]}<\/script>\n<!-- \/ Yoast SEO plugin. -->","yoast_head_json":{"title":"b\u1ea3o v\u1ec7 ng\u1ef1c karate - nh\u00e0 s\u1ea3n xu\u1ea5t thi\u1ebft b\u1ecb th\u1ec3 thao chi\u1ebfn \u0111\u1ea5u \u0111\u00e1ng tin c\u1eady","description":"B\u1ea3o v\u1ec7 ng\u1ef1c Karate cho tr\u1ebb em v\u00e0 ng\u01b0\u1eddi l\u1edbn b\u1ea3o v\u1ec7 ng\u1ef1c \u00e1o m\u1ed3 h\u00f4i b\u1ea3o v\u1ec7 ng\u1ef1c muay th\u00e1i b\u1ea3o v\u1ec7 ng\u1ef1c taekwondo b\u1ea3o v\u1ec7 tr\u1ebb em \u00e1o vest boxing","robots":{"index":"index","follow":"follow","max-snippet":"max-snippet:-1","max-image-preview":"max-image-preview:large","max-video-preview":"max-video-preview:-1"},"canonical":"https:\/\/krcsports.com\/vi\/san-pham\/karate-chest-guard\/","og_locale":"vi_VN","og_type":"article","og_title":"karate chest guard - trustworthy combat sports equipment manufacturer","og_description":"Karate Chest Guard for Kids & Adults chest protector sweat vest muay thai chest guard taekwondo chest guard kids protector vest boxing","og_url":"https:\/\/krcsports.com\/vi\/san-pham\/karate-chest-guard\/","og_site_name":"trustworthy combat sports equipment manufacturer","article_publisher":"https:\/\/www.facebook.com\/people\/Krc-sports\/100063994129159\/","article_modified_time":"2024-12-01T11:12:04+00:00","og_image":[{"width":800,"height":800,"url":"https:\/\/krcsports.com\/wp-content\/uploads\/2024\/09\/chest-guard11.webp","type":"image\/webp"}],"twitter_card":"summary_large_image","twitter_misc":{"\u01af\u1edbc t\u00ednh th\u1eddi gian \u0111\u1ecdc":"1 ph\u00fat"},"schema":{"@context":"https:\/\/schema.org","@graph":[{"@type":"WebPage","@id":"https:\/\/krcsports.com\/manufacturer\/karate-chest-guard\/","url":"https:\/\/krcsports.com\/manufacturer\/karate-chest-guard\/","name":"b\u1ea3o v\u1ec7 ng\u1ef1c karate - nh\u00e0 s\u1ea3n xu\u1ea5t thi\u1ebft b\u1ecb th\u1ec3 thao chi\u1ebfn \u0111\u1ea5u \u0111\u00e1ng tin c\u1eady","isPartOf":{"@id":"https:\/\/krcsports.com\/#website"},"primaryImageOfPage":{"@id":"https:\/\/krcsports.com\/manufacturer\/karate-chest-guard\/#primaryimage"},"image":{"@id":"https:\/\/krcsports.com\/manufacturer\/karate-chest-guard\/#primaryimage"},"thumbnailUrl":"https:\/\/cdn.krcsports.com\/2024\/09\/chest-guard11.webp","datePublished":"2024-09-12T02:29:30+00:00","dateModified":"2024-12-01T11:12:04+00:00","description":"B\u1ea3o v\u1ec7 ng\u1ef1c Karate cho tr\u1ebb em v\u00e0 ng\u01b0\u1eddi l\u1edbn b\u1ea3o v\u1ec7 ng\u1ef1c \u00e1o m\u1ed3 h\u00f4i b\u1ea3o v\u1ec7 ng\u1ef1c muay th\u00e1i b\u1ea3o v\u1ec7 ng\u1ef1c taekwondo b\u1ea3o v\u1ec7 tr\u1ebb em \u00e1o vest boxing","breadcrumb":{"@id":"https:\/\/krcsports.com\/manufacturer\/karate-chest-guard\/#breadcrumb"},"inLanguage":"vi","potentialAction":[{"@type":"ReadAction","target":["https:\/\/krcsports.com\/manufacturer\/karate-chest-guard\/"]}]},{"@type":"ImageObject","inLanguage":"vi","@id":"https:\/\/krcsports.com\/manufacturer\/karate-chest-guard\/#primaryimage","url":"https:\/\/cdn.krcsports.com\/2024\/09\/chest-guard11.webp","contentUrl":"https:\/\/cdn.krcsports.com\/2024\/09\/chest-guard11.webp","width":800,"height":800,"caption":"chest guard"},{"@type":"BreadcrumbList","@id":"https:\/\/krcsports.com\/manufacturer\/karate-chest-guard\/#breadcrumb","itemListElement":[{"@type":"ListItem","position":1,"name":"Home","item":"https:\/\/krcsports.com\/"},{"@type":"ListItem","position":2,"name":"Products","item":"https:\/\/krcsports.com\/shop\/"},{"@type":"ListItem","position":3,"name":"karate chest guard"}]},{"@type":"WebSite","@id":"https:\/\/krcsports.com\/#website","url":"https:\/\/krcsports.com\/","name":"th\u1ec3 thao krc","description":"","publisher":{"@id":"https:\/\/krcsports.com\/#organization"},"potentialAction":[{"@type":"SearchAction","target":{"@type":"EntryPoint","urlTemplate":"https:\/\/krcsports.com\/?s={search_term_string}"},"query-input":"required name=search_term_string"}],"inLanguage":"vi"},{"@type":"Organization","@id":"https:\/\/krcsports.com\/#organization","name":"th\u1ec3 thao krc","url":"https:\/\/krcsports.com\/","logo":{"@type":"ImageObject","inLanguage":"vi","@id":"https:\/\/krcsports.com\/#\/schema\/logo\/image\/","url":"https:\/\/krcsports.com\/wp-content\/uploads\/2024\/07\/logo.webp","contentUrl":"https:\/\/krcsports.com\/wp-content\/uploads\/2024\/07\/logo.webp","width":80,"height":60,"caption":"krc sports"},"image":{"@id":"https:\/\/krcsports.com\/#\/schema\/logo\/image\/"},"sameAs":["https:\/\/www.facebook.com\/people\/Krc-sports\/100063994129159\/"]}]}},"_links":{"self":[{"href":"https:\/\/krcsports.com\/vi\/wp-json\/wp\/v2\/product\/2587","targetHints":{"allow":["GET"]}}],"collection":[{"href":"https:\/\/krcsports.com\/vi\/wp-json\/wp\/v2\/product"}],"about":[{"href":"https:\/\/krcsports.com\/vi\/wp-json\/wp\/v2\/types\/product"}],"wp:featuredmedia":[{"embeddable":true,"href":"https:\/\/krcsports.com\/vi\/wp-json\/wp\/v2\/media\/2607"}],"wp:attachment":[{"href":"https:\/\/krcsports.com\/vi\/wp-json\/wp\/v2\/media?parent=2587"}],"wp:term":[{"taxonomy":"product_cat","embeddable":true,"href":"https:\/\/krcsports.com\/vi\/wp-json\/wp\/v2\/product_cat?post=2587"},{"taxonomy":"product_tag","embeddable":true,"href":"https:\/\/krcsports.com\/vi\/wp-json\/wp\/v2\/product_tag?post=2587"}],"curies":[{"name":"wp","href":"https:\/\/api.w.org\/{rel}","templated":true}]}}