{"id":2580,"date":"2024-09-12T02:03:37","date_gmt":"2024-09-12T02:03:37","guid":{"rendered":"https:\/\/krcsports.com\/?post_type=product&#038;p=2580"},"modified":"2024-12-03T12:12:34","modified_gmt":"2024-12-03T12:12:34","slug":"knee-guard","status":"publish","type":"product","link":"https:\/\/krcsports.com\/vi\/manufacturer\/knee-guard\/","title":{"rendered":"b\u1ea3o v\u1ec7 \u0111\u1ea7u g\u1ed1i"},"content":{"rendered":"","protected":false},"excerpt":{"rendered":"<p>B\u1ea3o v\u1ec7 \u0111\u1ea7u g\u1ed1i karate Eva, Polyester<\/p>\n<p>\u0110\u1ec7m \u0111\u1ea7u g\u1ed1i (tr\u00e1i v\u00e0 ph\u1ea3i), thi\u1ebft k\u1ebf d\u00e0nh cho c\u1ea3 nam v\u00e0 n\u1eef, c\u00f3 hai k\u00edch c\u1ee1.<\/p>\n<p> \u0110\u1ed9 \u0111\u00e0n h\u1ed3i t\u1ed1t, v\u1ea3i tho\u00e1ng kh\u00ed gi\u00fap da kh\u00f4 r\u00e1o v\u00e0 tho\u1ea3i m\u00e1i h\u01a1n.<\/p>\n<p>Thi\u1ebft k\u1ebf c\u00f4ng th\u00e1i h\u1ecdc, si\u00eau nh\u1eb9, mang l\u1ea1i s\u1ef1 t\u1ef1 do di chuy\u1ec3n. M\u1ed9t s\u1ea3n ph\u1ea9m b\u1ea3o v\u1ec7 \u0111\u1ea7u g\u1ed1i l\u00fd t\u01b0\u1edfng cho c\u00e1c m\u00f4n th\u1ec3 thao ngo\u00e0i tr\u1eddi.<\/p>\n<p>B\u1ea3o v\u1ec7 v\u00e0 ng\u0103n ng\u1eeba ch\u1ea5n th\u01b0\u01a1ng \u0111\u1ea7u g\u1ed1i khi t\u1eadp th\u1ec3 d\u1ee5c.<\/p>","protected":false},"featured_media":2583,"template":"","meta":[],"product_cat":[69,38],"product_tag":[],"class_list":{"0":"post-2580","1":"product","2":"type-product","3":"status-publish","4":"has-post-thumbnail","6":"product_cat-karate-protective-gear","7":"product_cat-boxing-ring","9":"first","10":"instock","11":"shipping-taxable","12":"product-type-simple"},"yoast_head":"<!-- This site is optimized with the Yoast SEO plugin v22.7 - https:\/\/yoast.com\/wordpress\/plugins\/seo\/ -->\n<title>knee guard - trustworthy combat sports equipment manufacturer<\/title>\n<meta name=\"description\" content=\"karate knee guard Combat Sports MMA Advanced IMF Striking Knee Pads\" \/>\n<meta name=\"robots\" content=\"index, follow, max-snippet:-1, max-image-preview:large, max-video-preview:-1\" \/>\n<link rel=\"canonical\" href=\"https:\/\/krcsports.com\/vi\/san-pham\/knee-guard\/\" \/>\n<meta property=\"og:locale\" content=\"vi_VN\" \/>\n<meta property=\"og:type\" content=\"article\" \/>\n<meta property=\"og:title\" content=\"knee guard - trustworthy combat sports equipment manufacturer\" \/>\n<meta property=\"og:description\" content=\"karate knee guard Combat Sports MMA Advanced IMF Striking Knee Pads\" \/>\n<meta property=\"og:url\" content=\"https:\/\/krcsports.com\/vi\/san-pham\/knee-guard\/\" \/>\n<meta property=\"og:site_name\" content=\"trustworthy combat sports equipment manufacturer\" \/>\n<meta property=\"article:publisher\" content=\"https:\/\/www.facebook.com\/people\/Krc-sports\/100063994129159\/\" \/>\n<meta property=\"article:modified_time\" content=\"2024-12-03T12:12:34+00:00\" \/>\n<meta property=\"og:image\" content=\"https:\/\/krcsports.com\/wp-content\/uploads\/2024\/09\/knee-guard5.webp\" \/>\n\t<meta property=\"og:image:width\" content=\"800\" \/>\n\t<meta property=\"og:image:height\" content=\"800\" \/>\n\t<meta property=\"og:image:type\" content=\"image\/webp\" \/>\n<meta name=\"twitter:card\" content=\"summary_large_image\" \/>\n<meta name=\"twitter:label1\" content=\"\u01af\u1edbc t\u00ednh th\u1eddi gian \u0111\u1ecdc\" \/>\n\t<meta name=\"twitter:data1\" content=\"1 ph\u00fat\" \/>\n<script type=\"application\/ld+json\" class=\"yoast-schema-graph\">{\"@context\":\"https:\/\/schema.org\",\"@graph\":[{\"@type\":\"WebPage\",\"@id\":\"https:\/\/krcsports.com\/manufacturer\/knee-guard\/\",\"url\":\"https:\/\/krcsports.com\/manufacturer\/knee-guard\/\",\"name\":\"knee guard - trustworthy combat sports equipment manufacturer\",\"isPartOf\":{\"@id\":\"https:\/\/krcsports.com\/#website\"},\"primaryImageOfPage\":{\"@id\":\"https:\/\/krcsports.com\/manufacturer\/knee-guard\/#primaryimage\"},\"image\":{\"@id\":\"https:\/\/krcsports.com\/manufacturer\/knee-guard\/#primaryimage\"},\"thumbnailUrl\":\"https:\/\/cdn.krcsports.com\/2024\/09\/knee-guard5.webp\",\"datePublished\":\"2024-09-12T02:03:37+00:00\",\"dateModified\":\"2024-12-03T12:12:34+00:00\",\"description\":\"karate knee guard Combat Sports MMA Advanced IMF Striking Knee Pads\",\"breadcrumb\":{\"@id\":\"https:\/\/krcsports.com\/manufacturer\/knee-guard\/#breadcrumb\"},\"inLanguage\":\"vi\",\"potentialAction\":[{\"@type\":\"ReadAction\",\"target\":[\"https:\/\/krcsports.com\/manufacturer\/knee-guard\/\"]}]},{\"@type\":\"ImageObject\",\"inLanguage\":\"vi\",\"@id\":\"https:\/\/krcsports.com\/manufacturer\/knee-guard\/#primaryimage\",\"url\":\"https:\/\/cdn.krcsports.com\/2024\/09\/knee-guard5.webp\",\"contentUrl\":\"https:\/\/cdn.krcsports.com\/2024\/09\/knee-guard5.webp\",\"width\":800,\"height\":800,\"caption\":\"knee guard\"},{\"@type\":\"BreadcrumbList\",\"@id\":\"https:\/\/krcsports.com\/manufacturer\/knee-guard\/#breadcrumb\",\"itemListElement\":[{\"@type\":\"ListItem\",\"position\":1,\"name\":\"Home\",\"item\":\"https:\/\/krcsports.com\/\"},{\"@type\":\"ListItem\",\"position\":2,\"name\":\"Products\",\"item\":\"https:\/\/krcsports.com\/shop\/\"},{\"@type\":\"ListItem\",\"position\":3,\"name\":\"knee guard\"}]},{\"@type\":\"WebSite\",\"@id\":\"https:\/\/krcsports.com\/#website\",\"url\":\"https:\/\/krcsports.com\/\",\"name\":\"krc sports\",\"description\":\"\",\"publisher\":{\"@id\":\"https:\/\/krcsports.com\/#organization\"},\"potentialAction\":[{\"@type\":\"SearchAction\",\"target\":{\"@type\":\"EntryPoint\",\"urlTemplate\":\"https:\/\/krcsports.com\/?s={search_term_string}\"},\"query-input\":\"required name=search_term_string\"}],\"inLanguage\":\"vi\"},{\"@type\":\"Organization\",\"@id\":\"https:\/\/krcsports.com\/#organization\",\"name\":\"krc sports\",\"url\":\"https:\/\/krcsports.com\/\",\"logo\":{\"@type\":\"ImageObject\",\"inLanguage\":\"vi\",\"@id\":\"https:\/\/krcsports.com\/#\/schema\/logo\/image\/\",\"url\":\"https:\/\/krcsports.com\/wp-content\/uploads\/2024\/07\/logo.webp\",\"contentUrl\":\"https:\/\/krcsports.com\/wp-content\/uploads\/2024\/07\/logo.webp\",\"width\":80,\"height\":60,\"caption\":\"krc sports\"},\"image\":{\"@id\":\"https:\/\/krcsports.com\/#\/schema\/logo\/image\/\"},\"sameAs\":[\"https:\/\/www.facebook.com\/people\/Krc-sports\/100063994129159\/\"]}]}<\/script>\n<!-- \/ Yoast SEO plugin. -->","yoast_head_json":{"title":"b\u1ea3o v\u1ec7 \u0111\u1ea7u g\u1ed1i - nh\u00e0 s\u1ea3n xu\u1ea5t thi\u1ebft b\u1ecb th\u1ec3 thao chi\u1ebfn \u0111\u1ea5u \u0111\u00e1ng tin c\u1eady","description":"mi\u1ebfng b\u1ea3o v\u1ec7 \u0111\u1ea7u g\u1ed1i karate Combat Sports MMA Advanced IMF Striking Knee Pads","robots":{"index":"index","follow":"follow","max-snippet":"max-snippet:-1","max-image-preview":"max-image-preview:large","max-video-preview":"max-video-preview:-1"},"canonical":"https:\/\/krcsports.com\/vi\/san-pham\/knee-guard\/","og_locale":"vi_VN","og_type":"article","og_title":"knee guard - trustworthy combat sports equipment manufacturer","og_description":"karate knee guard Combat Sports MMA Advanced IMF Striking Knee Pads","og_url":"https:\/\/krcsports.com\/vi\/san-pham\/knee-guard\/","og_site_name":"trustworthy combat sports equipment manufacturer","article_publisher":"https:\/\/www.facebook.com\/people\/Krc-sports\/100063994129159\/","article_modified_time":"2024-12-03T12:12:34+00:00","og_image":[{"width":800,"height":800,"url":"https:\/\/krcsports.com\/wp-content\/uploads\/2024\/09\/knee-guard5.webp","type":"image\/webp"}],"twitter_card":"summary_large_image","twitter_misc":{"\u01af\u1edbc t\u00ednh th\u1eddi gian \u0111\u1ecdc":"1 ph\u00fat"},"schema":{"@context":"https:\/\/schema.org","@graph":[{"@type":"WebPage","@id":"https:\/\/krcsports.com\/manufacturer\/knee-guard\/","url":"https:\/\/krcsports.com\/manufacturer\/knee-guard\/","name":"b\u1ea3o v\u1ec7 \u0111\u1ea7u g\u1ed1i - nh\u00e0 s\u1ea3n xu\u1ea5t thi\u1ebft b\u1ecb th\u1ec3 thao chi\u1ebfn \u0111\u1ea5u \u0111\u00e1ng tin c\u1eady","isPartOf":{"@id":"https:\/\/krcsports.com\/#website"},"primaryImageOfPage":{"@id":"https:\/\/krcsports.com\/manufacturer\/knee-guard\/#primaryimage"},"image":{"@id":"https:\/\/krcsports.com\/manufacturer\/knee-guard\/#primaryimage"},"thumbnailUrl":"https:\/\/cdn.krcsports.com\/2024\/09\/knee-guard5.webp","datePublished":"2024-09-12T02:03:37+00:00","dateModified":"2024-12-03T12:12:34+00:00","description":"mi\u1ebfng b\u1ea3o v\u1ec7 \u0111\u1ea7u g\u1ed1i karate Combat Sports MMA Advanced IMF Striking Knee Pads","breadcrumb":{"@id":"https:\/\/krcsports.com\/manufacturer\/knee-guard\/#breadcrumb"},"inLanguage":"vi","potentialAction":[{"@type":"ReadAction","target":["https:\/\/krcsports.com\/manufacturer\/knee-guard\/"]}]},{"@type":"ImageObject","inLanguage":"vi","@id":"https:\/\/krcsports.com\/manufacturer\/knee-guard\/#primaryimage","url":"https:\/\/cdn.krcsports.com\/2024\/09\/knee-guard5.webp","contentUrl":"https:\/\/cdn.krcsports.com\/2024\/09\/knee-guard5.webp","width":800,"height":800,"caption":"knee guard"},{"@type":"BreadcrumbList","@id":"https:\/\/krcsports.com\/manufacturer\/knee-guard\/#breadcrumb","itemListElement":[{"@type":"ListItem","position":1,"name":"Home","item":"https:\/\/krcsports.com\/"},{"@type":"ListItem","position":2,"name":"Products","item":"https:\/\/krcsports.com\/shop\/"},{"@type":"ListItem","position":3,"name":"knee guard"}]},{"@type":"WebSite","@id":"https:\/\/krcsports.com\/#website","url":"https:\/\/krcsports.com\/","name":"th\u1ec3 thao krc","description":"","publisher":{"@id":"https:\/\/krcsports.com\/#organization"},"potentialAction":[{"@type":"SearchAction","target":{"@type":"EntryPoint","urlTemplate":"https:\/\/krcsports.com\/?s={search_term_string}"},"query-input":"required name=search_term_string"}],"inLanguage":"vi"},{"@type":"Organization","@id":"https:\/\/krcsports.com\/#organization","name":"th\u1ec3 thao krc","url":"https:\/\/krcsports.com\/","logo":{"@type":"ImageObject","inLanguage":"vi","@id":"https:\/\/krcsports.com\/#\/schema\/logo\/image\/","url":"https:\/\/krcsports.com\/wp-content\/uploads\/2024\/07\/logo.webp","contentUrl":"https:\/\/krcsports.com\/wp-content\/uploads\/2024\/07\/logo.webp","width":80,"height":60,"caption":"krc sports"},"image":{"@id":"https:\/\/krcsports.com\/#\/schema\/logo\/image\/"},"sameAs":["https:\/\/www.facebook.com\/people\/Krc-sports\/100063994129159\/"]}]}},"_links":{"self":[{"href":"https:\/\/krcsports.com\/vi\/wp-json\/wp\/v2\/product\/2580","targetHints":{"allow":["GET"]}}],"collection":[{"href":"https:\/\/krcsports.com\/vi\/wp-json\/wp\/v2\/product"}],"about":[{"href":"https:\/\/krcsports.com\/vi\/wp-json\/wp\/v2\/types\/product"}],"wp:featuredmedia":[{"embeddable":true,"href":"https:\/\/krcsports.com\/vi\/wp-json\/wp\/v2\/media\/2583"}],"wp:attachment":[{"href":"https:\/\/krcsports.com\/vi\/wp-json\/wp\/v2\/media?parent=2580"}],"wp:term":[{"taxonomy":"product_cat","embeddable":true,"href":"https:\/\/krcsports.com\/vi\/wp-json\/wp\/v2\/product_cat?post=2580"},{"taxonomy":"product_tag","embeddable":true,"href":"https:\/\/krcsports.com\/vi\/wp-json\/wp\/v2\/product_tag?post=2580"}],"curies":[{"name":"wp","href":"https:\/\/api.w.org\/{rel}","templated":true}]}}