{"id":2474,"date":"2024-09-10T07:59:50","date_gmt":"2024-09-10T07:59:50","guid":{"rendered":"https:\/\/krcsports.com\/?post_type=product&#038;p=2474"},"modified":"2024-11-10T09:05:59","modified_gmt":"2024-11-10T09:05:59","slug":"leather-grion-guards","status":"publish","type":"product","link":"https:\/\/krcsports.com\/vi\/manufacturer\/leather-grion-guards\/","title":{"rendered":"b\u1ea3o v\u1ec7 da grion"},"content":{"rendered":"\t<section class=\"section\" id=\"section_913355127\">\n\t\t<div class=\"bg section-bg fill bg-fill  bg-loaded\" >\n\n\t\t\t\n\t\t\t\n\t\t\t\n\n\t\t<\/div>\n\n\t\t\n\n\t\t<div class=\"section-content relative\">\n\t\t\t\n<ul class=\"a-unordered-list a-vertical a-spacing-mini\">\n<li class=\"a-spacing-mini\"><span class=\"a-list-item\">boxing groin protector Lightweight for excellent mobility<\/span><\/li>\n<\/ul>\n<p>\u00a0<\/p>\n<ul class=\"a-unordered-list a-vertical a-spacing-mini\">\n<li class=\"a-spacing-mini\"><span class=\"a-list-item\">\u00a0leather construction<\/span><\/li>\n<\/ul>\n<p>\u00a0<\/p>\n<ul class=\"a-unordered-list a-vertical a-spacing-mini\">\n<li class=\"a-spacing-mini\"><span class=\"a-list-item\">Comfortable tricot lining<\/span><\/li>\n<\/ul>\n<p>\u00a0<\/p>\n<ul class=\"a-unordered-list a-vertical a-spacing-mini\">\n<li class=\"a-spacing-mini\"><span class=\"a-list-item\">Hook and loop closure<\/span><\/li>\n<\/ul>\n<p>\u00a0<\/p>\n<ul class=\"a-unordered-list a-vertical a-spacing-mini\">\n<li class=\"a-spacing-mini\"><span class=\"a-list-item\">Cut 1&#8243; taller for fuller, more comfortable fit<\/span><\/li>\n<\/ul>\n\t\t<\/div>\n\n\t\t\n<style>\n#section_913355127 {\n  padding-top: 30px;\n  padding-bottom: 30px;\n}\n<\/style>\n\t<\/section>\n\t\n<h2>Our certification<\/h2>\n\t<div class=\"img has-hover x md-x lg-x y md-y lg-y\" id=\"image_311034954\">\n\t\t\t\t\t\t\t\t<div class=\"img-inner dark\" >\n\t\t\t<img loading=\"lazy\" decoding=\"async\" width=\"1020\" height=\"316\" src=\"https:\/\/cdn.krcsports.com\/2024\/07\/certification070-1-1024x317.webp\" class=\"attachment-large size-large wp-image-1633\" alt=\"certificate\" srcset=\"https:\/\/cdn.krcsports.com\/2024\/07\/certification070-1-1024x317.webp 1024w, https:\/\/cdn.krcsports.com\/2024\/07\/certification070-1-300x93.webp 300w, https:\/\/cdn.krcsports.com\/2024\/07\/certification070-1-768x238.webp 768w, https:\/\/cdn.krcsports.com\/2024\/07\/certification070-1-1536x475.webp 1536w, https:\/\/cdn.krcsports.com\/2024\/07\/certification070-1-18x6.webp 18w, https:\/\/cdn.krcsports.com\/2024\/07\/certification070-1-600x186.webp 600w, https:\/\/cdn.krcsports.com\/2024\/07\/certification070-1.webp 1625w\" sizes=\"auto, (max-width: 1020px) 100vw, 1020px\" \/>\t\t\t\t\t\t\n\t\t\t\t\t<\/div>\n\t\t\t\t\t\t\t\t\n<style>\n#image_311034954 {\n  width: 100%;\n}\n<\/style>\n\t<\/div>\n\t\n\n<h2>Our factory approved by BSCI<\/h2>\n<h2>\u00a0<\/h2>\n\t<div class=\"img has-hover x md-x lg-x y md-y lg-y\" id=\"image_2088711706\">\n\t\t\t\t\t\t\t\t<div class=\"img-inner dark\" >\n\t\t\t<img loading=\"lazy\" decoding=\"async\" width=\"850\" height=\"1100\" src=\"https:\/\/cdn.krcsports.com\/2024\/07\/BSCI-SummaryAuditReportforall_21-41.webp\" class=\"attachment-original size-original wp-image-1634\" alt=\"BSCI Summary\" srcset=\"https:\/\/cdn.krcsports.com\/2024\/07\/BSCI-SummaryAuditReportforall_21-41.webp 850w, https:\/\/cdn.krcsports.com\/2024\/07\/BSCI-SummaryAuditReportforall_21-41-232x300.webp 232w, https:\/\/cdn.krcsports.com\/2024\/07\/BSCI-SummaryAuditReportforall_21-41-791x1024.webp 791w, https:\/\/cdn.krcsports.com\/2024\/07\/BSCI-SummaryAuditReportforall_21-41-768x994.webp 768w, https:\/\/cdn.krcsports.com\/2024\/07\/BSCI-SummaryAuditReportforall_21-41-9x12.webp 9w, https:\/\/cdn.krcsports.com\/2024\/07\/BSCI-SummaryAuditReportforall_21-41-600x776.webp 600w\" sizes=\"auto, (max-width: 850px) 100vw, 850px\" \/>\t\t\t\t\t\t\n\t\t\t\t\t<\/div>\n\t\t\t\t\t\t\t\t\n<style>\n#image_2088711706 {\n  width: 100%;\n}\n<\/style>\n\t<\/div>\n\t\n\n\t<div class=\"img has-hover x md-x lg-x y md-y lg-y\" id=\"image_1846184369\">\n\t\t\t\t\t\t\t\t<div class=\"img-inner dark\" >\n\t\t\t<img loading=\"lazy\" decoding=\"async\" width=\"745\" height=\"364\" src=\"https:\/\/cdn.krcsports.com\/2024\/10\/Sports-manufacture1.webp\" class=\"attachment-original size-original wp-image-2862\" alt=\"manufacturer\" srcset=\"https:\/\/cdn.krcsports.com\/2024\/10\/Sports-manufacture1.webp 745w, https:\/\/cdn.krcsports.com\/2024\/10\/Sports-manufacture1-300x147.webp 300w, https:\/\/cdn.krcsports.com\/2024\/10\/Sports-manufacture1-18x9.webp 18w, https:\/\/cdn.krcsports.com\/2024\/10\/Sports-manufacture1-600x293.webp 600w\" sizes=\"auto, (max-width: 745px) 100vw, 745px\" \/>\t\t\t\t\t\t\n\t\t\t\t\t<\/div>\n\t\t\t\t\t\t\t\t\n<style>\n#image_1846184369 {\n  width: 100%;\n}\n<\/style>\n\t<\/div>\n\t\n\n\t<section class=\"section\" id=\"section_971201416\">\n\t\t<div class=\"bg section-bg fill bg-fill  bg-loaded\" >\n\n\t\t\t\n\t\t\t\n\t\t\t\n\n\t\t<\/div>\n\n\t\t\n\n\t\t<div class=\"section-content relative\">\n\t\t\t\n\n<h2>Our professional team<\/h2>\n\n\t\t<\/div>\n\n\t\t\n<style>\n#section_971201416 {\n  padding-top: 30px;\n  padding-bottom: 30px;\n}\n<\/style>\n\t<\/section>\n\t\n\t<section class=\"section\" id=\"section_653564007\">\n\t\t<div class=\"bg section-bg fill bg-fill  bg-loaded\" >\n\n\t\t\t\n\t\t\t\n\t\t\t\n\n\t\t<\/div>\n\n\t\t\n\n\t\t<div class=\"section-content relative\">\n\t\t\t\n\n\t<div class=\"img has-hover x md-x lg-x y md-y lg-y\" id=\"image_1815899469\">\n\t\t\t\t\t\t\t\t<div class=\"img-inner dark\" >\n\t\t\t<img loading=\"lazy\" decoding=\"async\" width=\"493\" height=\"301\" src=\"https:\/\/cdn.krcsports.com\/2024\/10\/team002.webp\" class=\"attachment-large size-large wp-image-2863\" alt=\"team\" srcset=\"https:\/\/cdn.krcsports.com\/2024\/10\/team002.webp 493w, https:\/\/cdn.krcsports.com\/2024\/10\/team002-300x183.webp 300w, https:\/\/cdn.krcsports.com\/2024\/10\/team002-18x12.webp 18w\" sizes=\"auto, (max-width: 493px) 100vw, 493px\" \/>\t\t\t\t\t\t\n\t\t\t\t\t<\/div>\n\t\t\t\t\t\t\t\t\n<style>\n#image_1815899469 {\n  width: 100%;\n}\n<\/style>\n\t<\/div>\n\t\n\n\n\t\t<\/div>\n\n\t\t\n<style>\n#section_653564007 {\n  padding-top: 30px;\n  padding-bottom: 30px;\n}\n<\/style>\n\t<\/section>\n\t\n\t<section class=\"section\" id=\"section_1399214805\">\n\t\t<div class=\"bg section-bg fill bg-fill  bg-loaded\" >\n\n\t\t\t\n\t\t\t\n\t\t\t\n\n\t\t<\/div>\n\n\t\t\n\n\t\t<div class=\"section-content relative\">\n\t\t\t\n\n\t<div class=\"img has-hover x md-x lg-x y md-y lg-y\" id=\"image_1515439210\">\n\t\t\t\t\t\t\t\t<div class=\"img-inner dark\" >\n\t\t\t<img loading=\"lazy\" decoding=\"async\" width=\"1020\" height=\"466\" src=\"https:\/\/cdn.krcsports.com\/2024\/10\/exhibition1-1024x468.webp\" class=\"attachment-large size-large wp-image-2864\" alt=\"exhibition\" srcset=\"https:\/\/cdn.krcsports.com\/2024\/10\/exhibition1-1024x468.webp 1024w, https:\/\/cdn.krcsports.com\/2024\/10\/exhibition1-300x137.webp 300w, https:\/\/cdn.krcsports.com\/2024\/10\/exhibition1-768x351.webp 768w, https:\/\/cdn.krcsports.com\/2024\/10\/exhibition1-18x8.webp 18w, https:\/\/cdn.krcsports.com\/2024\/10\/exhibition1-600x274.webp 600w, https:\/\/cdn.krcsports.com\/2024\/10\/exhibition1.webp 1200w\" sizes=\"auto, (max-width: 1020px) 100vw, 1020px\" \/>\t\t\t\t\t\t\n\t\t\t\t\t<\/div>\n\t\t\t\t\t\t\t\t\n<style>\n#image_1515439210 {\n  width: 100%;\n}\n<\/style>\n\t<\/div>\n\t\n\n\n\t\t<\/div>\n\n\t\t\n<style>\n#section_1399214805 {\n  padding-top: 30px;\n  padding-bottom: 30px;\n}\n<\/style>\n\t<\/section>\n\t\n<p>\n\n<div class=\"wpcf7 no-js\" id=\"wpcf7-f5-o1\" lang=\"en-US\" dir=\"ltr\">\n<div class=\"screen-reader-response\"><p role=\"status\" aria-live=\"polite\" aria-atomic=\"true\"><\/p> <ul><\/ul><\/div>\n<form action=\"\/vi\/wp-json\/wp\/v2\/product\/2474#wpcf7-f5-o1\" method=\"post\" class=\"wpcf7-form init\" aria-label=\"Contact form\" novalidate=\"novalidate\" data-status=\"init\">\n<div style=\"display: none;\">\n<input type=\"hidden\" name=\"_wpcf7\" value=\"5\" \/>\n<input type=\"hidden\" name=\"_wpcf7_version\" value=\"5.9.5\" \/>\n<input type=\"hidden\" name=\"_wpcf7_locale\" value=\"en_US\" \/>\n<input type=\"hidden\" name=\"_wpcf7_unit_tag\" value=\"wpcf7-f5-o1\" \/>\n<input type=\"hidden\" name=\"_wpcf7_container_post\" value=\"0\" \/>\n<input type=\"hidden\" name=\"_wpcf7_posted_data_hash\" value=\"\" \/>\n<\/div>\n<div class='custom_contact_style'>\n\t<p><label> Your name<br \/>\n<span class=\"wpcf7-form-control-wrap\" data-name=\"your-name\"><input size=\"40\" class=\"wpcf7-form-control wpcf7-text wpcf7-validates-as-required\" autocomplete=\"name\" aria-required=\"true\" aria-invalid=\"false\" value=\"\" type=\"text\" name=\"your-name\" \/><\/span> <\/label>\n\t<\/p>\n\t<p><label> Your email<br \/>\n<span class=\"wpcf7-form-control-wrap\" data-name=\"your-email\"><input size=\"40\" class=\"wpcf7-form-control wpcf7-email wpcf7-validates-as-required wpcf7-text wpcf7-validates-as-email\" autocomplete=\"email\" aria-required=\"true\" aria-invalid=\"false\" value=\"\" type=\"email\" name=\"your-email\" \/><\/span> <\/label>\n\t<\/p>\n\t<p><label> Your message (optional)<br \/>\n<span class=\"wpcf7-form-control-wrap\" data-name=\"your-message\"><textarea cols=\"40\" rows=\"10\" class=\"wpcf7-form-control wpcf7-textarea\" aria-invalid=\"false\" name=\"your-message\"><\/textarea><\/span> <\/label>\n\t<\/p>\n\t<div style=\"margin-bottom:10px;\">\n\t\t<p><span class=\"wpcf7-form-control-wrap kc_captcha cf7ic-toggle\" data-name=\"kc_captcha\"><span class=\"wpcf7-form-control wpcf7-radio\"><span class=\"captcha-image\" style=\"display: none;\"><span class=\"cf7ic_instructions\">Please prove you are human by selecting the<span> plane<\/span>.<\/span><label><input type=\"radio\" name=\"kc_captcha\" value=\"bot\" \/><svg width=\"50\" height=\"50\" aria-hidden=\"true\" role=\"img\" xmlns=\"http:\/\/www.w3.org\/2000\/svg\" viewBox=\"0 0 640 512\"><path fill=\"currentColor\" d=\"M624 352h-16V244c0-13-5-25-14-34L494 110c-9-9-21-14-34-14h-44V48c0-26-21-48-48-48H48C22 0 0 22 0 48v320c0 27 22 48 48 48h16a96 96 0 00192 0h128a96 96 0 00192 0h48c9 0 16-7 16-16v-32c0-9-7-16-16-16zM160 464a48 48 0 110-96 48 48 0 010 96zm320 0a48 48 0 110-96 48 48 0 010 96zm80-208H416V144h44l100 100v12z\"\/><\/svg><\/label><label><input type=\"radio\" name=\"kc_captcha\" value=\"bot\" \/><svg width=\"50\" height=\"50\" aria-hidden=\"true\" role=\"img\" xmlns=\"http:\/\/www.w3.org\/2000\/svg\" viewBox=\"0 0 384 512\"><path fill=\"currentColor\" d=\"M377 375l-83-87h34c21 0 32-25 17-40l-82-88h33c21 0 32-25 18-40L210 8c-10-11-26-11-36 0L70 120c-14 15-3 40 18 40h33l-82 88c-15 15-4 40 17 40h34L7 375c-15 16-4 41 17 41h120c0 33-11 49-34 68-12 9-5 28 10 28h144c15 0 22-19 10-28-20-16-34-32-34-68h120c21 0 32-25 17-41z\"\/><\/svg><\/label><label><input type=\"radio\" name=\"kc_captcha\" value=\"kc_human\" \/><svg width=\"50\" height=\"50\" aria-hidden=\"true\" role=\"img\" xmlns=\"http:\/\/www.w3.org\/2000\/svg\" viewBox=\"0 0 576 512\"><path fill=\"currentColor\" d=\"M472 200H360L256 6a12 12 0 00-10-6h-58c-8 0-14 7-12 15l34 185H100l-35-58a12 12 0 00-10-6H12c-8 0-13 7-12 14l21 106L0 362c-1 7 4 14 12 14h43c4 0 8-2 10-6l35-58h110l-34 185c-2 8 4 15 12 15h58a12 12 0 0010-6l104-194h112c57 0 104-25 104-56s-47-56-104-56z\"\/><\/svg><\/label>\r\n    <\/span>\r\n    <span style=\"display:none\">\r\n        <input type=\"text\" name=\"kc_honeypot\">\r\n    <\/span><\/span><\/span>\n\t\t<\/p>\n\t<\/div>\n\t<p><input class=\"wpcf7-form-control wpcf7-submit has-spinner\" type=\"submit\" value=\"Submit\" \/>\n\t<\/p>\n<\/div><div class=\"wpcf7-response-output\" aria-hidden=\"true\"><\/div>\n<\/form>\n<\/div>\n\n\n<\/p>\n[\/section]\n","protected":false},"excerpt":{"rendered":"<p>Thi\u1ebft k\u1ebf bao b\u1ecdc to\u00e0n b\u1ed9 v\u00f9ng h\u00e1ng, th\u1eadn, gan, b\u1ee5ng v\u00e0 h\u00f4ng \u0111\u1ec3 c\u00f3 \u0111\u1ed9 che ph\u1ee7 t\u1ed1i \u01b0u nh\u1ea5t<\/p>\n<p>D\u00e2y \u0111ai l\u01b0ng \u0111\u00e0n h\u1ed3i ph\u00eda sau c\u1ef1c r\u1ed9ng c\u00f3 kh\u00f3a d\u00e1n c\u00f3 th\u1ec3 \u0111i\u1ec1u ch\u1ec9nh v\u00e0 d\u00e2y \u0111ai ch\u00e2n \u0111\u00e0n h\u1ed3i c\u00f3 th\u1ec3 \u0111i\u1ec1u ch\u1ec9nh mang \u0111\u1ebfn s\u1ef1 v\u1eeba v\u1eb7n t\u00f9y ch\u1ec9nh, kh\u00f4ng tr\u01a1n tr\u01b0\u1ee3t, kh\u00f4ng h\u1ea1n ch\u1ebf<\/p>\n<p>L\u00fd t\u01b0\u1edfng cho vi\u1ec7c luy\u1ec7n t\u1eadp v\u00e0 thi \u0111\u1ea5u<\/p>","protected":false},"featured_media":2478,"template":"","meta":[],"product_cat":[51,44],"product_tag":[],"class_list":{"0":"post-2474","1":"product","2":"type-product","3":"status-publish","4":"has-post-thumbnail","6":"product_cat-martial-arts-protective-gear","7":"product_cat-boxing-protective-gear","9":"first","10":"instock","11":"shipping-taxable","12":"product-type-simple"},"yoast_head":"<!-- This site is optimized with the Yoast SEO plugin v22.7 - https:\/\/yoast.com\/wordpress\/plugins\/seo\/ -->\n<title>leather grion guards - trustworthy combat sports equipment manufacturer<\/title>\n<meta name=\"description\" content=\"Boxing Armor No-Foul Protector - Groin Protector, Boxing MMA Cup, Boxing Cup, Groin Guard, Muay Thai Cup, Boxing Equipment, MMA Cup Protector for Men, Boxing Equipment\" \/>\n<meta name=\"robots\" content=\"index, follow, max-snippet:-1, max-image-preview:large, max-video-preview:-1\" \/>\n<link rel=\"canonical\" href=\"https:\/\/krcsports.com\/vi\/san-pham\/leather-grion-guards\/\" \/>\n<meta property=\"og:locale\" content=\"vi_VN\" \/>\n<meta property=\"og:type\" content=\"article\" \/>\n<meta property=\"og:title\" content=\"leather grion guards - trustworthy combat sports equipment manufacturer\" \/>\n<meta property=\"og:description\" content=\"Boxing Armor No-Foul Protector - Groin Protector, Boxing MMA Cup, Boxing Cup, Groin Guard, Muay Thai Cup, Boxing Equipment, MMA Cup Protector for Men, Boxing Equipment\" \/>\n<meta property=\"og:url\" content=\"https:\/\/krcsports.com\/vi\/san-pham\/leather-grion-guards\/\" \/>\n<meta property=\"og:site_name\" content=\"trustworthy combat sports equipment manufacturer\" \/>\n<meta property=\"article:publisher\" content=\"https:\/\/www.facebook.com\/people\/Krc-sports\/100063994129159\/\" \/>\n<meta property=\"article:modified_time\" content=\"2024-11-10T09:05:59+00:00\" \/>\n<meta property=\"og:image\" content=\"https:\/\/krcsports.com\/wp-content\/uploads\/2024\/09\/groin-guards-4-1.webp\" \/>\n\t<meta property=\"og:image:width\" content=\"800\" \/>\n\t<meta property=\"og:image:height\" content=\"800\" \/>\n\t<meta property=\"og:image:type\" content=\"image\/webp\" \/>\n<meta name=\"twitter:card\" content=\"summary_large_image\" \/>\n<meta name=\"twitter:label1\" content=\"\u01af\u1edbc t\u00ednh th\u1eddi gian \u0111\u1ecdc\" \/>\n\t<meta name=\"twitter:data1\" content=\"1 ph\u00fat\" \/>\n<script type=\"application\/ld+json\" class=\"yoast-schema-graph\">{\"@context\":\"https:\/\/schema.org\",\"@graph\":[{\"@type\":\"WebPage\",\"@id\":\"https:\/\/krcsports.com\/manufacturer\/leather-grion-guards\/\",\"url\":\"https:\/\/krcsports.com\/manufacturer\/leather-grion-guards\/\",\"name\":\"leather grion guards - trustworthy combat sports equipment manufacturer\",\"isPartOf\":{\"@id\":\"https:\/\/krcsports.com\/#website\"},\"primaryImageOfPage\":{\"@id\":\"https:\/\/krcsports.com\/manufacturer\/leather-grion-guards\/#primaryimage\"},\"image\":{\"@id\":\"https:\/\/krcsports.com\/manufacturer\/leather-grion-guards\/#primaryimage\"},\"thumbnailUrl\":\"https:\/\/cdn.krcsports.com\/2024\/09\/groin-guards-4-1.webp\",\"datePublished\":\"2024-09-10T07:59:50+00:00\",\"dateModified\":\"2024-11-10T09:05:59+00:00\",\"description\":\"Boxing Armor No-Foul Protector - Groin Protector, Boxing MMA Cup, Boxing Cup, Groin Guard, Muay Thai Cup, Boxing Equipment, MMA Cup Protector for Men, Boxing Equipment\",\"breadcrumb\":{\"@id\":\"https:\/\/krcsports.com\/manufacturer\/leather-grion-guards\/#breadcrumb\"},\"inLanguage\":\"vi\",\"potentialAction\":[{\"@type\":\"ReadAction\",\"target\":[\"https:\/\/krcsports.com\/manufacturer\/leather-grion-guards\/\"]}]},{\"@type\":\"ImageObject\",\"inLanguage\":\"vi\",\"@id\":\"https:\/\/krcsports.com\/manufacturer\/leather-grion-guards\/#primaryimage\",\"url\":\"https:\/\/cdn.krcsports.com\/2024\/09\/groin-guards-4-1.webp\",\"contentUrl\":\"https:\/\/cdn.krcsports.com\/2024\/09\/groin-guards-4-1.webp\",\"width\":800,\"height\":800,\"caption\":\"groin guards\"},{\"@type\":\"BreadcrumbList\",\"@id\":\"https:\/\/krcsports.com\/manufacturer\/leather-grion-guards\/#breadcrumb\",\"itemListElement\":[{\"@type\":\"ListItem\",\"position\":1,\"name\":\"Home\",\"item\":\"https:\/\/krcsports.com\/\"},{\"@type\":\"ListItem\",\"position\":2,\"name\":\"Products\",\"item\":\"https:\/\/krcsports.com\/shop\/\"},{\"@type\":\"ListItem\",\"position\":3,\"name\":\"leather grion guards\"}]},{\"@type\":\"WebSite\",\"@id\":\"https:\/\/krcsports.com\/#website\",\"url\":\"https:\/\/krcsports.com\/\",\"name\":\"krc sports\",\"description\":\"\",\"publisher\":{\"@id\":\"https:\/\/krcsports.com\/#organization\"},\"potentialAction\":[{\"@type\":\"SearchAction\",\"target\":{\"@type\":\"EntryPoint\",\"urlTemplate\":\"https:\/\/krcsports.com\/?s={search_term_string}\"},\"query-input\":\"required name=search_term_string\"}],\"inLanguage\":\"vi\"},{\"@type\":\"Organization\",\"@id\":\"https:\/\/krcsports.com\/#organization\",\"name\":\"krc sports\",\"url\":\"https:\/\/krcsports.com\/\",\"logo\":{\"@type\":\"ImageObject\",\"inLanguage\":\"vi\",\"@id\":\"https:\/\/krcsports.com\/#\/schema\/logo\/image\/\",\"url\":\"https:\/\/krcsports.com\/wp-content\/uploads\/2024\/07\/logo.webp\",\"contentUrl\":\"https:\/\/krcsports.com\/wp-content\/uploads\/2024\/07\/logo.webp\",\"width\":80,\"height\":60,\"caption\":\"krc sports\"},\"image\":{\"@id\":\"https:\/\/krcsports.com\/#\/schema\/logo\/image\/\"},\"sameAs\":[\"https:\/\/www.facebook.com\/people\/Krc-sports\/100063994129159\/\"]}]}<\/script>\n<!-- \/ Yoast SEO plugin. -->","yoast_head_json":{"title":"b\u1ea3o v\u1ec7 da grion - nh\u00e0 s\u1ea3n xu\u1ea5t thi\u1ebft b\u1ecb th\u1ec3 thao chi\u1ebfn \u0111\u1ea5u \u0111\u00e1ng tin c\u1eady","description":"Boxing Armor No-Foul Protector - B\u1ea3o v\u1ec7 h\u00e1ng, C\u00fap quy\u1ec1n anh MMA, C\u00fap quy\u1ec1n anh, B\u1ea3o v\u1ec7 h\u00e1ng, C\u00fap Muay Th\u00e1i, Thi\u1ebft b\u1ecb quy\u1ec1n anh, B\u1ea3o v\u1ec7 C\u00fap MMA cho nam, Thi\u1ebft b\u1ecb quy\u1ec1n anh","robots":{"index":"index","follow":"follow","max-snippet":"max-snippet:-1","max-image-preview":"max-image-preview:large","max-video-preview":"max-video-preview:-1"},"canonical":"https:\/\/krcsports.com\/vi\/san-pham\/leather-grion-guards\/","og_locale":"vi_VN","og_type":"article","og_title":"leather grion guards - trustworthy combat sports equipment manufacturer","og_description":"Boxing Armor No-Foul Protector - Groin Protector, Boxing MMA Cup, Boxing Cup, Groin Guard, Muay Thai Cup, Boxing Equipment, MMA Cup Protector for Men, Boxing Equipment","og_url":"https:\/\/krcsports.com\/vi\/san-pham\/leather-grion-guards\/","og_site_name":"trustworthy combat sports equipment manufacturer","article_publisher":"https:\/\/www.facebook.com\/people\/Krc-sports\/100063994129159\/","article_modified_time":"2024-11-10T09:05:59+00:00","og_image":[{"width":800,"height":800,"url":"https:\/\/krcsports.com\/wp-content\/uploads\/2024\/09\/groin-guards-4-1.webp","type":"image\/webp"}],"twitter_card":"summary_large_image","twitter_misc":{"\u01af\u1edbc t\u00ednh th\u1eddi gian \u0111\u1ecdc":"1 ph\u00fat"},"schema":{"@context":"https:\/\/schema.org","@graph":[{"@type":"WebPage","@id":"https:\/\/krcsports.com\/manufacturer\/leather-grion-guards\/","url":"https:\/\/krcsports.com\/manufacturer\/leather-grion-guards\/","name":"b\u1ea3o v\u1ec7 da grion - nh\u00e0 s\u1ea3n xu\u1ea5t thi\u1ebft b\u1ecb th\u1ec3 thao chi\u1ebfn \u0111\u1ea5u \u0111\u00e1ng tin c\u1eady","isPartOf":{"@id":"https:\/\/krcsports.com\/#website"},"primaryImageOfPage":{"@id":"https:\/\/krcsports.com\/manufacturer\/leather-grion-guards\/#primaryimage"},"image":{"@id":"https:\/\/krcsports.com\/manufacturer\/leather-grion-guards\/#primaryimage"},"thumbnailUrl":"https:\/\/cdn.krcsports.com\/2024\/09\/groin-guards-4-1.webp","datePublished":"2024-09-10T07:59:50+00:00","dateModified":"2024-11-10T09:05:59+00:00","description":"Boxing Armor No-Foul Protector - B\u1ea3o v\u1ec7 h\u00e1ng, C\u00fap quy\u1ec1n anh MMA, C\u00fap quy\u1ec1n anh, B\u1ea3o v\u1ec7 h\u00e1ng, C\u00fap Muay Th\u00e1i, Thi\u1ebft b\u1ecb quy\u1ec1n anh, B\u1ea3o v\u1ec7 C\u00fap MMA cho nam, Thi\u1ebft b\u1ecb quy\u1ec1n anh","breadcrumb":{"@id":"https:\/\/krcsports.com\/manufacturer\/leather-grion-guards\/#breadcrumb"},"inLanguage":"vi","potentialAction":[{"@type":"ReadAction","target":["https:\/\/krcsports.com\/manufacturer\/leather-grion-guards\/"]}]},{"@type":"ImageObject","inLanguage":"vi","@id":"https:\/\/krcsports.com\/manufacturer\/leather-grion-guards\/#primaryimage","url":"https:\/\/cdn.krcsports.com\/2024\/09\/groin-guards-4-1.webp","contentUrl":"https:\/\/cdn.krcsports.com\/2024\/09\/groin-guards-4-1.webp","width":800,"height":800,"caption":"groin guards"},{"@type":"BreadcrumbList","@id":"https:\/\/krcsports.com\/manufacturer\/leather-grion-guards\/#breadcrumb","itemListElement":[{"@type":"ListItem","position":1,"name":"Home","item":"https:\/\/krcsports.com\/"},{"@type":"ListItem","position":2,"name":"Products","item":"https:\/\/krcsports.com\/shop\/"},{"@type":"ListItem","position":3,"name":"leather grion guards"}]},{"@type":"WebSite","@id":"https:\/\/krcsports.com\/#website","url":"https:\/\/krcsports.com\/","name":"th\u1ec3 thao krc","description":"","publisher":{"@id":"https:\/\/krcsports.com\/#organization"},"potentialAction":[{"@type":"SearchAction","target":{"@type":"EntryPoint","urlTemplate":"https:\/\/krcsports.com\/?s={search_term_string}"},"query-input":"required name=search_term_string"}],"inLanguage":"vi"},{"@type":"Organization","@id":"https:\/\/krcsports.com\/#organization","name":"th\u1ec3 thao krc","url":"https:\/\/krcsports.com\/","logo":{"@type":"ImageObject","inLanguage":"vi","@id":"https:\/\/krcsports.com\/#\/schema\/logo\/image\/","url":"https:\/\/krcsports.com\/wp-content\/uploads\/2024\/07\/logo.webp","contentUrl":"https:\/\/krcsports.com\/wp-content\/uploads\/2024\/07\/logo.webp","width":80,"height":60,"caption":"krc sports"},"image":{"@id":"https:\/\/krcsports.com\/#\/schema\/logo\/image\/"},"sameAs":["https:\/\/www.facebook.com\/people\/Krc-sports\/100063994129159\/"]}]}},"_links":{"self":[{"href":"https:\/\/krcsports.com\/vi\/wp-json\/wp\/v2\/product\/2474","targetHints":{"allow":["GET"]}}],"collection":[{"href":"https:\/\/krcsports.com\/vi\/wp-json\/wp\/v2\/product"}],"about":[{"href":"https:\/\/krcsports.com\/vi\/wp-json\/wp\/v2\/types\/product"}],"wp:featuredmedia":[{"embeddable":true,"href":"https:\/\/krcsports.com\/vi\/wp-json\/wp\/v2\/media\/2478"}],"wp:attachment":[{"href":"https:\/\/krcsports.com\/vi\/wp-json\/wp\/v2\/media?parent=2474"}],"wp:term":[{"taxonomy":"product_cat","embeddable":true,"href":"https:\/\/krcsports.com\/vi\/wp-json\/wp\/v2\/product_cat?post=2474"},{"taxonomy":"product_tag","embeddable":true,"href":"https:\/\/krcsports.com\/vi\/wp-json\/wp\/v2\/product_tag?post=2474"}],"curies":[{"name":"wp","href":"https:\/\/api.w.org\/{rel}","templated":true}]}}