{"id":2418,"date":"2024-09-10T07:11:46","date_gmt":"2024-09-10T07:11:46","guid":{"rendered":"https:\/\/krcsports.com\/?post_type=product&#038;p=2418"},"modified":"2024-11-11T14:00:08","modified_gmt":"2024-11-11T14:00:08","slug":"punching-bag-manufacturer","status":"publish","type":"product","link":"https:\/\/krcsports.com\/vi\/manufacturer\/punching-bag-manufacturer\/","title":{"rendered":"nh\u00e0 s\u1ea3n xu\u1ea5t bao \u0111\u1ea5m b\u1ed1c"},"content":{"rendered":"\t<section class=\"section\" id=\"section_1186227025\">\n\t\t<div class=\"bg section-bg fill bg-fill  bg-loaded\" >\n\n\t\t\t\n\t\t\t\n\t\t\t\n\n\t\t<\/div>\n\n\t\t\n\n\t\t<div class=\"section-content relative\">\n\t\t\t\n<p><span class=\"a-list-item\">\u00a0 Boxing Heavy Bag is expertly crafted of PU leather with attached heavy-duty, hanging nylon webbing straps \u2013 furnished in red or black \u2013 using reinforced stitching.<\/span><\/p>\n<p><span class=\"a-list-item\">\u00a0 Punching Bags features a large round lid opening on top, making it easy to fill and customize the bag to your own personal preference. Just add the desired amount of filling up to a maximum weight of 100 pounds and secure with zipper.<\/span><\/p>\n<p><span class=\"a-list-item\">\u00a0 Engage in a full-body workout by using the LoGest Heavy Bag Boxing. This effective piece of equipment helps you improve strength and power, build up cardiovascular endurance, improve coordination and reduce stress.<\/span><\/p>\n<p><span class=\"a-list-item\">\u00a0custom punch\u00a0 Bag: Allowing you to practice punches, kicks and jabs; build up speed and develop solid footwork, LoGest\u2019s Boxing Punching Bag is the perfect tool for boxing, MMA, kickboxing, martial arts, muay thai, karate, judo, taekwondo and self-defense training boxing bags.<\/span><\/p>\n\t\t<\/div>\n\n\t\t\n<style>\n#section_1186227025 {\n  padding-top: 30px;\n  padding-bottom: 30px;\n}\n<\/style>\n\t<\/section>\n\t\n<h2>Our certification<\/h2>\n\t<div class=\"img has-hover x md-x lg-x y md-y lg-y\" id=\"image_227777074\">\n\t\t\t\t\t\t\t\t<div class=\"img-inner dark\" >\n\t\t\t<img loading=\"lazy\" decoding=\"async\" width=\"1020\" height=\"316\" src=\"https:\/\/cdn.krcsports.com\/2024\/07\/certification070-1-1024x317.webp\" class=\"attachment-large size-large wp-image-1633\" alt=\"certificate\" srcset=\"https:\/\/cdn.krcsports.com\/2024\/07\/certification070-1-1024x317.webp 1024w, https:\/\/cdn.krcsports.com\/2024\/07\/certification070-1-300x93.webp 300w, https:\/\/cdn.krcsports.com\/2024\/07\/certification070-1-768x238.webp 768w, https:\/\/cdn.krcsports.com\/2024\/07\/certification070-1-1536x475.webp 1536w, https:\/\/cdn.krcsports.com\/2024\/07\/certification070-1-18x6.webp 18w, https:\/\/cdn.krcsports.com\/2024\/07\/certification070-1-600x186.webp 600w, https:\/\/cdn.krcsports.com\/2024\/07\/certification070-1.webp 1625w\" sizes=\"auto, (max-width: 1020px) 100vw, 1020px\" \/>\t\t\t\t\t\t\n\t\t\t\t\t<\/div>\n\t\t\t\t\t\t\t\t\n<style>\n#image_227777074 {\n  width: 100%;\n}\n<\/style>\n\t<\/div>\n\t\n\n<h2>Our factory approved by BSCI<\/h2>\n<h2>\u00a0<\/h2>\n\t<div class=\"img has-hover x md-x lg-x y md-y lg-y\" id=\"image_1974333097\">\n\t\t\t\t\t\t\t\t<div class=\"img-inner dark\" >\n\t\t\t<img loading=\"lazy\" decoding=\"async\" width=\"850\" height=\"1100\" src=\"https:\/\/cdn.krcsports.com\/2024\/07\/BSCI-SummaryAuditReportforall_21-41.webp\" class=\"attachment-original size-original wp-image-1634\" alt=\"BSCI Summary\" srcset=\"https:\/\/cdn.krcsports.com\/2024\/07\/BSCI-SummaryAuditReportforall_21-41.webp 850w, https:\/\/cdn.krcsports.com\/2024\/07\/BSCI-SummaryAuditReportforall_21-41-232x300.webp 232w, https:\/\/cdn.krcsports.com\/2024\/07\/BSCI-SummaryAuditReportforall_21-41-791x1024.webp 791w, https:\/\/cdn.krcsports.com\/2024\/07\/BSCI-SummaryAuditReportforall_21-41-768x994.webp 768w, https:\/\/cdn.krcsports.com\/2024\/07\/BSCI-SummaryAuditReportforall_21-41-9x12.webp 9w, https:\/\/cdn.krcsports.com\/2024\/07\/BSCI-SummaryAuditReportforall_21-41-600x776.webp 600w\" sizes=\"auto, (max-width: 850px) 100vw, 850px\" \/>\t\t\t\t\t\t\n\t\t\t\t\t<\/div>\n\t\t\t\t\t\t\t\t\n<style>\n#image_1974333097 {\n  width: 100%;\n}\n<\/style>\n\t<\/div>\n\t\n\n\t<div class=\"img has-hover x md-x lg-x y md-y lg-y\" id=\"image_1231584739\">\n\t\t\t\t\t\t\t\t<div class=\"img-inner dark\" >\n\t\t\t<img loading=\"lazy\" decoding=\"async\" width=\"745\" height=\"364\" src=\"https:\/\/cdn.krcsports.com\/2024\/10\/Sports-manufacture1.webp\" class=\"attachment-original size-original wp-image-2862\" alt=\"manufacturer\" srcset=\"https:\/\/cdn.krcsports.com\/2024\/10\/Sports-manufacture1.webp 745w, https:\/\/cdn.krcsports.com\/2024\/10\/Sports-manufacture1-300x147.webp 300w, https:\/\/cdn.krcsports.com\/2024\/10\/Sports-manufacture1-18x9.webp 18w, https:\/\/cdn.krcsports.com\/2024\/10\/Sports-manufacture1-600x293.webp 600w\" sizes=\"auto, (max-width: 745px) 100vw, 745px\" \/>\t\t\t\t\t\t\n\t\t\t\t\t<\/div>\n\t\t\t\t\t\t\t\t\n<style>\n#image_1231584739 {\n  width: 100%;\n}\n<\/style>\n\t<\/div>\n\t\n\n\t<section class=\"section\" id=\"section_185163553\">\n\t\t<div class=\"bg section-bg fill bg-fill  bg-loaded\" >\n\n\t\t\t\n\t\t\t\n\t\t\t\n\n\t\t<\/div>\n\n\t\t\n\n\t\t<div class=\"section-content relative\">\n\t\t\t\n\n<h2>Our professional team<\/h2>\n\n\t\t<\/div>\n\n\t\t\n<style>\n#section_185163553 {\n  padding-top: 30px;\n  padding-bottom: 30px;\n}\n<\/style>\n\t<\/section>\n\t\n\t<section class=\"section\" id=\"section_1688258188\">\n\t\t<div class=\"bg section-bg fill bg-fill  bg-loaded\" >\n\n\t\t\t\n\t\t\t\n\t\t\t\n\n\t\t<\/div>\n\n\t\t\n\n\t\t<div class=\"section-content relative\">\n\t\t\t\n\n\t<div class=\"img has-hover x md-x lg-x y md-y lg-y\" id=\"image_1656087333\">\n\t\t\t\t\t\t\t\t<div class=\"img-inner dark\" >\n\t\t\t<img loading=\"lazy\" decoding=\"async\" width=\"493\" height=\"301\" src=\"https:\/\/cdn.krcsports.com\/2024\/10\/team002.webp\" class=\"attachment-large size-large wp-image-2863\" alt=\"team\" srcset=\"https:\/\/cdn.krcsports.com\/2024\/10\/team002.webp 493w, https:\/\/cdn.krcsports.com\/2024\/10\/team002-300x183.webp 300w, https:\/\/cdn.krcsports.com\/2024\/10\/team002-18x12.webp 18w\" sizes=\"auto, (max-width: 493px) 100vw, 493px\" \/>\t\t\t\t\t\t\n\t\t\t\t\t<\/div>\n\t\t\t\t\t\t\t\t\n<style>\n#image_1656087333 {\n  width: 100%;\n}\n<\/style>\n\t<\/div>\n\t\n\n\n\t\t<\/div>\n\n\t\t\n<style>\n#section_1688258188 {\n  padding-top: 30px;\n  padding-bottom: 30px;\n}\n<\/style>\n\t<\/section>\n\t\n\t<section class=\"section\" id=\"section_1709780028\">\n\t\t<div class=\"bg section-bg fill bg-fill  bg-loaded\" >\n\n\t\t\t\n\t\t\t\n\t\t\t\n\n\t\t<\/div>\n\n\t\t\n\n\t\t<div class=\"section-content relative\">\n\t\t\t\n\n\t<div class=\"img has-hover x md-x lg-x y md-y lg-y\" id=\"image_491713690\">\n\t\t\t\t\t\t\t\t<div class=\"img-inner dark\" >\n\t\t\t<img loading=\"lazy\" decoding=\"async\" width=\"1020\" height=\"466\" src=\"https:\/\/cdn.krcsports.com\/2024\/10\/exhibition1-1024x468.webp\" class=\"attachment-large size-large wp-image-2864\" alt=\"exhibition\" srcset=\"https:\/\/cdn.krcsports.com\/2024\/10\/exhibition1-1024x468.webp 1024w, https:\/\/cdn.krcsports.com\/2024\/10\/exhibition1-300x137.webp 300w, https:\/\/cdn.krcsports.com\/2024\/10\/exhibition1-768x351.webp 768w, https:\/\/cdn.krcsports.com\/2024\/10\/exhibition1-18x8.webp 18w, https:\/\/cdn.krcsports.com\/2024\/10\/exhibition1-600x274.webp 600w, https:\/\/cdn.krcsports.com\/2024\/10\/exhibition1.webp 1200w\" sizes=\"auto, (max-width: 1020px) 100vw, 1020px\" \/>\t\t\t\t\t\t\n\t\t\t\t\t<\/div>\n\t\t\t\t\t\t\t\t\n<style>\n#image_491713690 {\n  width: 100%;\n}\n<\/style>\n\t<\/div>\n\t\n\n\n\t\t<\/div>\n\n\t\t\n<style>\n#section_1709780028 {\n  padding-top: 30px;\n  padding-bottom: 30px;\n}\n<\/style>\n\t<\/section>\n\t\n<p>\n\n<div class=\"wpcf7 no-js\" id=\"wpcf7-f5-o1\" lang=\"en-US\" dir=\"ltr\">\n<div class=\"screen-reader-response\"><p role=\"status\" aria-live=\"polite\" aria-atomic=\"true\"><\/p> <ul><\/ul><\/div>\n<form action=\"\/vi\/wp-json\/wp\/v2\/product\/2418#wpcf7-f5-o1\" method=\"post\" class=\"wpcf7-form init\" aria-label=\"Contact form\" novalidate=\"novalidate\" data-status=\"init\">\n<div style=\"display: none;\">\n<input type=\"hidden\" name=\"_wpcf7\" value=\"5\" \/>\n<input type=\"hidden\" name=\"_wpcf7_version\" value=\"5.9.5\" \/>\n<input type=\"hidden\" name=\"_wpcf7_locale\" value=\"en_US\" \/>\n<input type=\"hidden\" name=\"_wpcf7_unit_tag\" value=\"wpcf7-f5-o1\" \/>\n<input type=\"hidden\" name=\"_wpcf7_container_post\" value=\"0\" \/>\n<input type=\"hidden\" name=\"_wpcf7_posted_data_hash\" value=\"\" \/>\n<\/div>\n<div class='custom_contact_style'>\n\t<p><label> Your name<br \/>\n<span class=\"wpcf7-form-control-wrap\" data-name=\"your-name\"><input size=\"40\" class=\"wpcf7-form-control wpcf7-text wpcf7-validates-as-required\" autocomplete=\"name\" aria-required=\"true\" aria-invalid=\"false\" value=\"\" type=\"text\" name=\"your-name\" \/><\/span> <\/label>\n\t<\/p>\n\t<p><label> Your email<br \/>\n<span class=\"wpcf7-form-control-wrap\" data-name=\"your-email\"><input size=\"40\" class=\"wpcf7-form-control wpcf7-email wpcf7-validates-as-required wpcf7-text wpcf7-validates-as-email\" autocomplete=\"email\" aria-required=\"true\" aria-invalid=\"false\" value=\"\" type=\"email\" name=\"your-email\" \/><\/span> <\/label>\n\t<\/p>\n\t<p><label> Your message (optional)<br \/>\n<span class=\"wpcf7-form-control-wrap\" data-name=\"your-message\"><textarea cols=\"40\" rows=\"10\" class=\"wpcf7-form-control wpcf7-textarea\" aria-invalid=\"false\" name=\"your-message\"><\/textarea><\/span> <\/label>\n\t<\/p>\n\t<div style=\"margin-bottom:10px;\">\n\t\t<p><span class=\"wpcf7-form-control-wrap kc_captcha cf7ic-toggle\" data-name=\"kc_captcha\"><span class=\"wpcf7-form-control wpcf7-radio\"><span class=\"captcha-image\" style=\"display: none;\"><span class=\"cf7ic_instructions\">Please prove you are human by selecting the<span> tree<\/span>.<\/span><label><input type=\"radio\" name=\"kc_captcha\" value=\"bot\" \/><svg width=\"50\" height=\"50\" aria-hidden=\"true\" role=\"img\" xmlns=\"http:\/\/www.w3.org\/2000\/svg\" viewBox=\"0 0 576 512\"><path fill=\"currentColor\" d=\"M259 18l-65 132-146 22c-26 3-37 36-18 54l106 103-25 146c-5 26 23 46 46 33l131-68 131 68c23 13 51-7 46-33l-25-146 106-103c19-18 8-51-18-54l-146-22-65-132a32 32 0 00-58 0z\"\/><\/svg><\/label><label><input type=\"radio\" name=\"kc_captcha\" value=\"bot\" \/><svg width=\"50\" height=\"50\" aria-hidden=\"true\" role=\"img\" xmlns=\"http:\/\/www.w3.org\/2000\/svg\" viewBox=\"0 0 512 512\"><path fill=\"currentColor\" d=\"M350 99c-54 0-98-35-166-35-25 0-47 4-68 12a56 56 0 004-24C118 24 95 1 66 0a56 56 0 00-34 102v386c0 13 11 24 24 24h16c13 0 24-11 24-24v-94c28-12 64-23 114-23 54 0 98 35 166 35 48 0 86-16 122-41 9-6 14-15 14-26V96c0-23-24-39-45-29-35 16-77 32-117 32z\"\/><\/svg><\/label><label><input type=\"radio\" name=\"kc_captcha\" value=\"kc_human\" \/><svg width=\"50\" height=\"50\" aria-hidden=\"true\" role=\"img\" xmlns=\"http:\/\/www.w3.org\/2000\/svg\" viewBox=\"0 0 384 512\"><path fill=\"currentColor\" d=\"M377 375l-83-87h34c21 0 32-25 17-40l-82-88h33c21 0 32-25 18-40L210 8c-10-11-26-11-36 0L70 120c-14 15-3 40 18 40h33l-82 88c-15 15-4 40 17 40h34L7 375c-15 16-4 41 17 41h120c0 33-11 49-34 68-12 9-5 28 10 28h144c15 0 22-19 10-28-20-16-34-32-34-68h120c21 0 32-25 17-41z\"\/><\/svg><\/label>\r\n    <\/span>\r\n    <span style=\"display:none\">\r\n        <input type=\"text\" name=\"kc_honeypot\">\r\n    <\/span><\/span><\/span>\n\t\t<\/p>\n\t<\/div>\n\t<p><input class=\"wpcf7-form-control wpcf7-submit has-spinner\" type=\"submit\" value=\"Submit\" \/>\n\t<\/p>\n<\/div><div class=\"wpcf7-response-output\" aria-hidden=\"true\"><\/div>\n<\/form>\n<\/div>\n\n\n<\/p>\n[\/section]\n","protected":false},"excerpt":{"rendered":"<p>Bao \u0111\u1ea5m b\u1ed1c l\u00e0m b\u1eb1ng da cao c\u1ea5p c\u00f3 \u0111\u1ed9 b\u1ec1n v\u00e0 ch\u1ee9c n\u0103ng l\u00e2u d\u00e0i, v\u1edbi ch\u1ea5t \u0111\u1ed9n pha tr\u1ed9n \u0111\u1eb7c bi\u1ec7t \u0111\u1ec3 h\u1ea5p th\u1ee5 s\u1ed1c m\u1ea1nh m\u1ebd<\/p>\n<p>V\u1edbi c\u00e1c v\u00f2ng \u0111\u1ec7m gia c\u1ed1 ba l\u1edbp \u1edf ph\u00eda tr\u00ean v\u00e0 m\u1ed9t v\u00f2ng hai \u0111\u1ea7u \u1edf ph\u00eda d\u01b0\u1edbi \u0111\u1ec3 neo; <\/p>\n<p>\u0110i k\u00e8m v\u1edbi d\u00e2y x\u00edch v\u00e0 c\u1ee5m xoay;<\/p>","protected":false},"featured_media":2430,"template":"","meta":[],"product_cat":[59,50,36],"product_tag":[],"class_list":{"0":"post-2418","1":"product","2":"type-product","3":"status-publish","4":"has-post-thumbnail","6":"product_cat-punching-bag-dummy-taekwondo","7":"product_cat-punching-bag-dummy","8":"product_cat-boxing-punching-bag","10":"first","11":"instock","12":"shipping-taxable","13":"product-type-simple"},"yoast_head":"<!-- This site is optimized with the Yoast SEO plugin v22.7 - https:\/\/yoast.com\/wordpress\/plugins\/seo\/ -->\n<title>punching bag manufacturer - trustworthy combat sports equipment manufacturer<\/title>\n<meta name=\"description\" content=\"Boxing Punching Bag Set for Adults Heavy Boxing Bag Set different Capacity, Unfilled Training Bag for Home Gym Set Kickboxing MMA Karate Martial Arts\" \/>\n<meta name=\"robots\" content=\"index, follow, max-snippet:-1, max-image-preview:large, max-video-preview:-1\" \/>\n<link rel=\"canonical\" href=\"https:\/\/krcsports.com\/vi\/san-pham\/punching-bag-manufacturer\/\" \/>\n<meta property=\"og:locale\" content=\"vi_VN\" \/>\n<meta property=\"og:type\" content=\"article\" \/>\n<meta property=\"og:title\" content=\"punching bag manufacturer - trustworthy combat sports equipment manufacturer\" \/>\n<meta property=\"og:description\" content=\"Boxing Punching Bag Set for Adults Heavy Boxing Bag Set different Capacity, Unfilled Training Bag for Home Gym Set Kickboxing MMA Karate Martial Arts\" \/>\n<meta property=\"og:url\" content=\"https:\/\/krcsports.com\/vi\/san-pham\/punching-bag-manufacturer\/\" \/>\n<meta property=\"og:site_name\" content=\"trustworthy combat sports equipment manufacturer\" \/>\n<meta property=\"article:publisher\" content=\"https:\/\/www.facebook.com\/people\/Krc-sports\/100063994129159\/\" \/>\n<meta property=\"article:modified_time\" content=\"2024-11-11T14:00:08+00:00\" \/>\n<meta property=\"og:image\" content=\"https:\/\/krcsports.com\/wp-content\/uploads\/2024\/09\/punching-bag2.webp\" \/>\n\t<meta property=\"og:image:width\" content=\"800\" \/>\n\t<meta property=\"og:image:height\" content=\"800\" \/>\n\t<meta property=\"og:image:type\" content=\"image\/webp\" \/>\n<meta name=\"twitter:card\" content=\"summary_large_image\" \/>\n<meta name=\"twitter:label1\" content=\"\u01af\u1edbc t\u00ednh th\u1eddi gian \u0111\u1ecdc\" \/>\n\t<meta name=\"twitter:data1\" content=\"1 ph\u00fat\" \/>\n<script type=\"application\/ld+json\" class=\"yoast-schema-graph\">{\"@context\":\"https:\/\/schema.org\",\"@graph\":[{\"@type\":\"WebPage\",\"@id\":\"https:\/\/krcsports.com\/manufacturer\/punching-bag-manufacturer\/\",\"url\":\"https:\/\/krcsports.com\/manufacturer\/punching-bag-manufacturer\/\",\"name\":\"punching bag manufacturer - trustworthy combat sports equipment manufacturer\",\"isPartOf\":{\"@id\":\"https:\/\/krcsports.com\/#website\"},\"primaryImageOfPage\":{\"@id\":\"https:\/\/krcsports.com\/manufacturer\/punching-bag-manufacturer\/#primaryimage\"},\"image\":{\"@id\":\"https:\/\/krcsports.com\/manufacturer\/punching-bag-manufacturer\/#primaryimage\"},\"thumbnailUrl\":\"https:\/\/cdn.krcsports.com\/2024\/09\/punching-bag2.webp\",\"datePublished\":\"2024-09-10T07:11:46+00:00\",\"dateModified\":\"2024-11-11T14:00:08+00:00\",\"description\":\"Boxing Punching Bag Set for Adults Heavy Boxing Bag Set different Capacity, Unfilled Training Bag for Home Gym Set Kickboxing MMA Karate Martial Arts\",\"breadcrumb\":{\"@id\":\"https:\/\/krcsports.com\/manufacturer\/punching-bag-manufacturer\/#breadcrumb\"},\"inLanguage\":\"vi\",\"potentialAction\":[{\"@type\":\"ReadAction\",\"target\":[\"https:\/\/krcsports.com\/manufacturer\/punching-bag-manufacturer\/\"]}]},{\"@type\":\"ImageObject\",\"inLanguage\":\"vi\",\"@id\":\"https:\/\/krcsports.com\/manufacturer\/punching-bag-manufacturer\/#primaryimage\",\"url\":\"https:\/\/cdn.krcsports.com\/2024\/09\/punching-bag2.webp\",\"contentUrl\":\"https:\/\/cdn.krcsports.com\/2024\/09\/punching-bag2.webp\",\"width\":800,\"height\":800,\"caption\":\"punching bag\"},{\"@type\":\"BreadcrumbList\",\"@id\":\"https:\/\/krcsports.com\/manufacturer\/punching-bag-manufacturer\/#breadcrumb\",\"itemListElement\":[{\"@type\":\"ListItem\",\"position\":1,\"name\":\"Home\",\"item\":\"https:\/\/krcsports.com\/\"},{\"@type\":\"ListItem\",\"position\":2,\"name\":\"Products\",\"item\":\"https:\/\/krcsports.com\/shop\/\"},{\"@type\":\"ListItem\",\"position\":3,\"name\":\"punching bag manufacturer\"}]},{\"@type\":\"WebSite\",\"@id\":\"https:\/\/krcsports.com\/#website\",\"url\":\"https:\/\/krcsports.com\/\",\"name\":\"krc sports\",\"description\":\"\",\"publisher\":{\"@id\":\"https:\/\/krcsports.com\/#organization\"},\"potentialAction\":[{\"@type\":\"SearchAction\",\"target\":{\"@type\":\"EntryPoint\",\"urlTemplate\":\"https:\/\/krcsports.com\/?s={search_term_string}\"},\"query-input\":\"required name=search_term_string\"}],\"inLanguage\":\"vi\"},{\"@type\":\"Organization\",\"@id\":\"https:\/\/krcsports.com\/#organization\",\"name\":\"krc sports\",\"url\":\"https:\/\/krcsports.com\/\",\"logo\":{\"@type\":\"ImageObject\",\"inLanguage\":\"vi\",\"@id\":\"https:\/\/krcsports.com\/#\/schema\/logo\/image\/\",\"url\":\"https:\/\/krcsports.com\/wp-content\/uploads\/2024\/07\/logo.webp\",\"contentUrl\":\"https:\/\/krcsports.com\/wp-content\/uploads\/2024\/07\/logo.webp\",\"width\":80,\"height\":60,\"caption\":\"krc sports\"},\"image\":{\"@id\":\"https:\/\/krcsports.com\/#\/schema\/logo\/image\/\"},\"sameAs\":[\"https:\/\/www.facebook.com\/people\/Krc-sports\/100063994129159\/\"]}]}<\/script>\n<!-- \/ Yoast SEO plugin. -->","yoast_head_json":{"title":"nh\u00e0 s\u1ea3n xu\u1ea5t bao \u0111\u1ea5m b\u1ed1c - nh\u00e0 s\u1ea3n xu\u1ea5t thi\u1ebft b\u1ecb th\u1ec3 thao chi\u1ebfn \u0111\u1ea5u \u0111\u00e1ng tin c\u1eady","description":"B\u1ed9 t\u00fai \u0111\u1ea5m b\u1ed1c d\u00e0nh cho ng\u01b0\u1eddi l\u1edbn B\u1ed9 t\u00fai \u0111\u1ea5m b\u1ed1c n\u1eb7ng c\u00f3 nhi\u1ec1u dung t\u00edch kh\u00e1c nhau, T\u00fai t\u1eadp luy\u1ec7n kh\u00f4ng c\u1ea7n nh\u1ed3i cho ph\u00f2ng t\u1eadp th\u1ec3 d\u1ee5c t\u1ea1i nh\u00e0 B\u1ed9 Kickboxing MMA Karate V\u00f5 thu\u1eadt","robots":{"index":"index","follow":"follow","max-snippet":"max-snippet:-1","max-image-preview":"max-image-preview:large","max-video-preview":"max-video-preview:-1"},"canonical":"https:\/\/krcsports.com\/vi\/san-pham\/punching-bag-manufacturer\/","og_locale":"vi_VN","og_type":"article","og_title":"punching bag manufacturer - trustworthy combat sports equipment manufacturer","og_description":"Boxing Punching Bag Set for Adults Heavy Boxing Bag Set different Capacity, Unfilled Training Bag for Home Gym Set Kickboxing MMA Karate Martial Arts","og_url":"https:\/\/krcsports.com\/vi\/san-pham\/punching-bag-manufacturer\/","og_site_name":"trustworthy combat sports equipment manufacturer","article_publisher":"https:\/\/www.facebook.com\/people\/Krc-sports\/100063994129159\/","article_modified_time":"2024-11-11T14:00:08+00:00","og_image":[{"width":800,"height":800,"url":"https:\/\/krcsports.com\/wp-content\/uploads\/2024\/09\/punching-bag2.webp","type":"image\/webp"}],"twitter_card":"summary_large_image","twitter_misc":{"\u01af\u1edbc t\u00ednh th\u1eddi gian \u0111\u1ecdc":"1 ph\u00fat"},"schema":{"@context":"https:\/\/schema.org","@graph":[{"@type":"WebPage","@id":"https:\/\/krcsports.com\/manufacturer\/punching-bag-manufacturer\/","url":"https:\/\/krcsports.com\/manufacturer\/punching-bag-manufacturer\/","name":"nh\u00e0 s\u1ea3n xu\u1ea5t bao \u0111\u1ea5m b\u1ed1c - nh\u00e0 s\u1ea3n xu\u1ea5t thi\u1ebft b\u1ecb th\u1ec3 thao chi\u1ebfn \u0111\u1ea5u \u0111\u00e1ng tin c\u1eady","isPartOf":{"@id":"https:\/\/krcsports.com\/#website"},"primaryImageOfPage":{"@id":"https:\/\/krcsports.com\/manufacturer\/punching-bag-manufacturer\/#primaryimage"},"image":{"@id":"https:\/\/krcsports.com\/manufacturer\/punching-bag-manufacturer\/#primaryimage"},"thumbnailUrl":"https:\/\/cdn.krcsports.com\/2024\/09\/punching-bag2.webp","datePublished":"2024-09-10T07:11:46+00:00","dateModified":"2024-11-11T14:00:08+00:00","description":"B\u1ed9 t\u00fai \u0111\u1ea5m b\u1ed1c d\u00e0nh cho ng\u01b0\u1eddi l\u1edbn B\u1ed9 t\u00fai \u0111\u1ea5m b\u1ed1c n\u1eb7ng c\u00f3 nhi\u1ec1u dung t\u00edch kh\u00e1c nhau, T\u00fai t\u1eadp luy\u1ec7n kh\u00f4ng c\u1ea7n nh\u1ed3i cho ph\u00f2ng t\u1eadp th\u1ec3 d\u1ee5c t\u1ea1i nh\u00e0 B\u1ed9 Kickboxing MMA Karate V\u00f5 thu\u1eadt","breadcrumb":{"@id":"https:\/\/krcsports.com\/manufacturer\/punching-bag-manufacturer\/#breadcrumb"},"inLanguage":"vi","potentialAction":[{"@type":"ReadAction","target":["https:\/\/krcsports.com\/manufacturer\/punching-bag-manufacturer\/"]}]},{"@type":"ImageObject","inLanguage":"vi","@id":"https:\/\/krcsports.com\/manufacturer\/punching-bag-manufacturer\/#primaryimage","url":"https:\/\/cdn.krcsports.com\/2024\/09\/punching-bag2.webp","contentUrl":"https:\/\/cdn.krcsports.com\/2024\/09\/punching-bag2.webp","width":800,"height":800,"caption":"punching bag"},{"@type":"BreadcrumbList","@id":"https:\/\/krcsports.com\/manufacturer\/punching-bag-manufacturer\/#breadcrumb","itemListElement":[{"@type":"ListItem","position":1,"name":"Home","item":"https:\/\/krcsports.com\/"},{"@type":"ListItem","position":2,"name":"Products","item":"https:\/\/krcsports.com\/shop\/"},{"@type":"ListItem","position":3,"name":"punching bag manufacturer"}]},{"@type":"WebSite","@id":"https:\/\/krcsports.com\/#website","url":"https:\/\/krcsports.com\/","name":"th\u1ec3 thao krc","description":"","publisher":{"@id":"https:\/\/krcsports.com\/#organization"},"potentialAction":[{"@type":"SearchAction","target":{"@type":"EntryPoint","urlTemplate":"https:\/\/krcsports.com\/?s={search_term_string}"},"query-input":"required name=search_term_string"}],"inLanguage":"vi"},{"@type":"Organization","@id":"https:\/\/krcsports.com\/#organization","name":"th\u1ec3 thao krc","url":"https:\/\/krcsports.com\/","logo":{"@type":"ImageObject","inLanguage":"vi","@id":"https:\/\/krcsports.com\/#\/schema\/logo\/image\/","url":"https:\/\/krcsports.com\/wp-content\/uploads\/2024\/07\/logo.webp","contentUrl":"https:\/\/krcsports.com\/wp-content\/uploads\/2024\/07\/logo.webp","width":80,"height":60,"caption":"krc sports"},"image":{"@id":"https:\/\/krcsports.com\/#\/schema\/logo\/image\/"},"sameAs":["https:\/\/www.facebook.com\/people\/Krc-sports\/100063994129159\/"]}]}},"_links":{"self":[{"href":"https:\/\/krcsports.com\/vi\/wp-json\/wp\/v2\/product\/2418","targetHints":{"allow":["GET"]}}],"collection":[{"href":"https:\/\/krcsports.com\/vi\/wp-json\/wp\/v2\/product"}],"about":[{"href":"https:\/\/krcsports.com\/vi\/wp-json\/wp\/v2\/types\/product"}],"wp:featuredmedia":[{"embeddable":true,"href":"https:\/\/krcsports.com\/vi\/wp-json\/wp\/v2\/media\/2430"}],"wp:attachment":[{"href":"https:\/\/krcsports.com\/vi\/wp-json\/wp\/v2\/media?parent=2418"}],"wp:term":[{"taxonomy":"product_cat","embeddable":true,"href":"https:\/\/krcsports.com\/vi\/wp-json\/wp\/v2\/product_cat?post=2418"},{"taxonomy":"product_tag","embeddable":true,"href":"https:\/\/krcsports.com\/vi\/wp-json\/wp\/v2\/product_tag?post=2418"}],"curies":[{"name":"wp","href":"https:\/\/api.w.org\/{rel}","templated":true}]}}