{"id":2321,"date":"2024-09-10T05:51:11","date_gmt":"2024-09-10T05:51:11","guid":{"rendered":"https:\/\/krcsports.com\/?post_type=product&#038;p=2321"},"modified":"2024-11-17T11:11:14","modified_gmt":"2024-11-17T11:11:14","slug":"focus-mitts","status":"publish","type":"product","link":"https:\/\/krcsports.com\/vi\/manufacturer\/focus-mitts\/","title":{"rendered":"g\u0103ng tay t\u1eadp trung"},"content":{"rendered":"<ul class=\"a-unordered-list a-vertical a-spacing-mini\">\n<li class=\"a-spacing-mini\"><span class=\"a-list-item\">\u00a0focus mitts pads are designed to improve focus and are highly suitable to train fighters in precision hits. With a moving target, these focus mitts provide an enhanced training regimen in Boxing, Muay Thai, Kickboxing, MMA, Brazilian Jiu Jitsu, Karate, and other similar sports.<\/span><\/li>\n<li class=\"a-spacing-mini\"><span class=\"a-list-item\">Focus mitts are highly durable and last for a long time. The with EVA-Lution sheet and Polygonal Fusion foam that diffuse the brunt of the impact, helps create a pair of martial arts pads that gives its users an experience like none others.<\/span><\/li>\n<li class=\"a-spacing-mini\"><span class=\"a-list-item\">creating a sweat-free and breathable training experience for its esteemed and valued users.<\/span><\/li>\n<li class=\"a-spacing-mini\"><span class=\"a-list-item\">using a combination of the unique Palm Dome in the hand compartments and anatomically curved design of the sparring pads<\/span><\/li>\n<li class=\"a-spacing-mini\"><span class=\"a-list-item\">\u00a0Hook-and-Loop closure system makes it easy and convenient to put on and take off the kickboxing pads. The tightly fitting closure straps also offer optimal wrist alignment in the martial arts pads along proper fitting.<\/span><\/li>\n<\/ul>\n[\/section]\n<h2>Our certification<\/h2>\n\t<div class=\"img has-hover x md-x lg-x y md-y lg-y\" id=\"image_2033675105\">\n\t\t\t\t\t\t\t\t<div class=\"img-inner dark\" >\n\t\t\t<img loading=\"lazy\" decoding=\"async\" width=\"1020\" height=\"316\" src=\"https:\/\/cdn.krcsports.com\/2024\/07\/certification070-1-1024x317.webp\" class=\"attachment-large size-large wp-image-1633\" alt=\"certificate\" srcset=\"https:\/\/cdn.krcsports.com\/2024\/07\/certification070-1-1024x317.webp 1024w, https:\/\/cdn.krcsports.com\/2024\/07\/certification070-1-300x93.webp 300w, https:\/\/cdn.krcsports.com\/2024\/07\/certification070-1-768x238.webp 768w, https:\/\/cdn.krcsports.com\/2024\/07\/certification070-1-1536x475.webp 1536w, https:\/\/cdn.krcsports.com\/2024\/07\/certification070-1-18x6.webp 18w, https:\/\/cdn.krcsports.com\/2024\/07\/certification070-1-600x186.webp 600w, https:\/\/cdn.krcsports.com\/2024\/07\/certification070-1.webp 1625w\" sizes=\"auto, (max-width: 1020px) 100vw, 1020px\" \/>\t\t\t\t\t\t\n\t\t\t\t\t<\/div>\n\t\t\t\t\t\t\t\t\n<style>\n#image_2033675105 {\n  width: 100%;\n}\n<\/style>\n\t<\/div>\n\t\n\n<h2>Our factory approved by BSCI<\/h2>\n<h2>\u00a0<\/h2>\n\t<div class=\"img has-hover x md-x lg-x y md-y lg-y\" id=\"image_38805856\">\n\t\t\t\t\t\t\t\t<div class=\"img-inner dark\" >\n\t\t\t<img loading=\"lazy\" decoding=\"async\" width=\"850\" height=\"1100\" src=\"https:\/\/cdn.krcsports.com\/2024\/07\/BSCI-SummaryAuditReportforall_21-41.webp\" class=\"attachment-original size-original wp-image-1634\" alt=\"BSCI Summary\" srcset=\"https:\/\/cdn.krcsports.com\/2024\/07\/BSCI-SummaryAuditReportforall_21-41.webp 850w, https:\/\/cdn.krcsports.com\/2024\/07\/BSCI-SummaryAuditReportforall_21-41-232x300.webp 232w, https:\/\/cdn.krcsports.com\/2024\/07\/BSCI-SummaryAuditReportforall_21-41-791x1024.webp 791w, https:\/\/cdn.krcsports.com\/2024\/07\/BSCI-SummaryAuditReportforall_21-41-768x994.webp 768w, https:\/\/cdn.krcsports.com\/2024\/07\/BSCI-SummaryAuditReportforall_21-41-9x12.webp 9w, https:\/\/cdn.krcsports.com\/2024\/07\/BSCI-SummaryAuditReportforall_21-41-600x776.webp 600w\" sizes=\"auto, (max-width: 850px) 100vw, 850px\" \/>\t\t\t\t\t\t\n\t\t\t\t\t<\/div>\n\t\t\t\t\t\t\t\t\n<style>\n#image_38805856 {\n  width: 100%;\n}\n<\/style>\n\t<\/div>\n\t\n\n\t<div class=\"img has-hover x md-x lg-x y md-y lg-y\" id=\"image_1147207770\">\n\t\t\t\t\t\t\t\t<div class=\"img-inner dark\" >\n\t\t\t<img loading=\"lazy\" decoding=\"async\" width=\"745\" height=\"364\" src=\"https:\/\/cdn.krcsports.com\/2024\/10\/Sports-manufacture1.webp\" class=\"attachment-original size-original wp-image-2862\" alt=\"manufacturer\" srcset=\"https:\/\/cdn.krcsports.com\/2024\/10\/Sports-manufacture1.webp 745w, https:\/\/cdn.krcsports.com\/2024\/10\/Sports-manufacture1-300x147.webp 300w, https:\/\/cdn.krcsports.com\/2024\/10\/Sports-manufacture1-18x9.webp 18w, https:\/\/cdn.krcsports.com\/2024\/10\/Sports-manufacture1-600x293.webp 600w\" sizes=\"auto, (max-width: 745px) 100vw, 745px\" \/>\t\t\t\t\t\t\n\t\t\t\t\t<\/div>\n\t\t\t\t\t\t\t\t\n<style>\n#image_1147207770 {\n  width: 100%;\n}\n<\/style>\n\t<\/div>\n\t\n\n\t<section class=\"section\" id=\"section_1980883788\">\n\t\t<div class=\"bg section-bg fill bg-fill  bg-loaded\" >\n\n\t\t\t\n\t\t\t\n\t\t\t\n\n\t\t<\/div>\n\n\t\t\n\n\t\t<div class=\"section-content relative\">\n\t\t\t\n\n<h2>Our professional team<\/h2>\n\n\t\t<\/div>\n\n\t\t\n<style>\n#section_1980883788 {\n  padding-top: 30px;\n  padding-bottom: 30px;\n}\n<\/style>\n\t<\/section>\n\t\n\t<section class=\"section\" id=\"section_160235645\">\n\t\t<div class=\"bg section-bg fill bg-fill  bg-loaded\" >\n\n\t\t\t\n\t\t\t\n\t\t\t\n\n\t\t<\/div>\n\n\t\t\n\n\t\t<div class=\"section-content relative\">\n\t\t\t\n\n\t<div class=\"img has-hover x md-x lg-x y md-y lg-y\" id=\"image_1503547369\">\n\t\t\t\t\t\t\t\t<div class=\"img-inner dark\" >\n\t\t\t<img loading=\"lazy\" decoding=\"async\" width=\"493\" height=\"301\" src=\"https:\/\/cdn.krcsports.com\/2024\/10\/team002.webp\" class=\"attachment-large size-large wp-image-2863\" alt=\"team\" srcset=\"https:\/\/cdn.krcsports.com\/2024\/10\/team002.webp 493w, https:\/\/cdn.krcsports.com\/2024\/10\/team002-300x183.webp 300w, https:\/\/cdn.krcsports.com\/2024\/10\/team002-18x12.webp 18w\" sizes=\"auto, (max-width: 493px) 100vw, 493px\" \/>\t\t\t\t\t\t\n\t\t\t\t\t<\/div>\n\t\t\t\t\t\t\t\t\n<style>\n#image_1503547369 {\n  width: 100%;\n}\n<\/style>\n\t<\/div>\n\t\n\n\n\t\t<\/div>\n\n\t\t\n<style>\n#section_160235645 {\n  padding-top: 30px;\n  padding-bottom: 30px;\n}\n<\/style>\n\t<\/section>\n\t\n\t<section class=\"section\" id=\"section_323284100\">\n\t\t<div class=\"bg section-bg fill bg-fill  bg-loaded\" >\n\n\t\t\t\n\t\t\t\n\t\t\t\n\n\t\t<\/div>\n\n\t\t\n\n\t\t<div class=\"section-content relative\">\n\t\t\t\n\n\t<div class=\"img has-hover x md-x lg-x y md-y lg-y\" id=\"image_869296324\">\n\t\t\t\t\t\t\t\t<div class=\"img-inner dark\" >\n\t\t\t<img loading=\"lazy\" decoding=\"async\" width=\"1020\" height=\"466\" src=\"https:\/\/cdn.krcsports.com\/2024\/10\/exhibition1-1024x468.webp\" class=\"attachment-large size-large wp-image-2864\" alt=\"exhibition\" srcset=\"https:\/\/cdn.krcsports.com\/2024\/10\/exhibition1-1024x468.webp 1024w, https:\/\/cdn.krcsports.com\/2024\/10\/exhibition1-300x137.webp 300w, https:\/\/cdn.krcsports.com\/2024\/10\/exhibition1-768x351.webp 768w, https:\/\/cdn.krcsports.com\/2024\/10\/exhibition1-18x8.webp 18w, https:\/\/cdn.krcsports.com\/2024\/10\/exhibition1-600x274.webp 600w, https:\/\/cdn.krcsports.com\/2024\/10\/exhibition1.webp 1200w\" sizes=\"auto, (max-width: 1020px) 100vw, 1020px\" \/>\t\t\t\t\t\t\n\t\t\t\t\t<\/div>\n\t\t\t\t\t\t\t\t\n<style>\n#image_869296324 {\n  width: 100%;\n}\n<\/style>\n\t<\/div>\n\t\n\n\n\t\t<\/div>\n\n\t\t\n<style>\n#section_323284100 {\n  padding-top: 30px;\n  padding-bottom: 30px;\n}\n<\/style>\n\t<\/section>\n\t\n<p>\n\n<div class=\"wpcf7 no-js\" id=\"wpcf7-f5-o1\" lang=\"en-US\" dir=\"ltr\">\n<div class=\"screen-reader-response\"><p role=\"status\" aria-live=\"polite\" aria-atomic=\"true\"><\/p> <ul><\/ul><\/div>\n<form action=\"\/vi\/wp-json\/wp\/v2\/product\/2321#wpcf7-f5-o1\" method=\"post\" class=\"wpcf7-form init\" aria-label=\"Contact form\" novalidate=\"novalidate\" data-status=\"init\">\n<div style=\"display: none;\">\n<input type=\"hidden\" name=\"_wpcf7\" value=\"5\" \/>\n<input type=\"hidden\" name=\"_wpcf7_version\" value=\"5.9.5\" \/>\n<input type=\"hidden\" name=\"_wpcf7_locale\" value=\"en_US\" \/>\n<input type=\"hidden\" name=\"_wpcf7_unit_tag\" value=\"wpcf7-f5-o1\" \/>\n<input type=\"hidden\" name=\"_wpcf7_container_post\" value=\"0\" \/>\n<input type=\"hidden\" name=\"_wpcf7_posted_data_hash\" value=\"\" \/>\n<\/div>\n<div class='custom_contact_style'>\n\t<p><label> Your name<br \/>\n<span class=\"wpcf7-form-control-wrap\" data-name=\"your-name\"><input size=\"40\" class=\"wpcf7-form-control wpcf7-text wpcf7-validates-as-required\" autocomplete=\"name\" aria-required=\"true\" aria-invalid=\"false\" value=\"\" type=\"text\" name=\"your-name\" \/><\/span> <\/label>\n\t<\/p>\n\t<p><label> Your email<br \/>\n<span class=\"wpcf7-form-control-wrap\" data-name=\"your-email\"><input size=\"40\" class=\"wpcf7-form-control wpcf7-email wpcf7-validates-as-required wpcf7-text wpcf7-validates-as-email\" autocomplete=\"email\" aria-required=\"true\" aria-invalid=\"false\" value=\"\" type=\"email\" name=\"your-email\" \/><\/span> <\/label>\n\t<\/p>\n\t<p><label> Your message (optional)<br \/>\n<span class=\"wpcf7-form-control-wrap\" data-name=\"your-message\"><textarea cols=\"40\" rows=\"10\" class=\"wpcf7-form-control wpcf7-textarea\" aria-invalid=\"false\" name=\"your-message\"><\/textarea><\/span> <\/label>\n\t<\/p>\n\t<div style=\"margin-bottom:10px;\">\n\t\t<p><span class=\"wpcf7-form-control-wrap kc_captcha cf7ic-toggle\" data-name=\"kc_captcha\"><span class=\"wpcf7-form-control wpcf7-radio\"><span class=\"captcha-image\" style=\"display: none;\"><span class=\"cf7ic_instructions\">Please prove you are human by selecting the<span> house<\/span>.<\/span><label><input type=\"radio\" name=\"kc_captcha\" value=\"kc_human\" \/><svg width=\"50\" height=\"50\" aria-hidden=\"true\" role=\"img\" xmlns=\"http:\/\/www.w3.org\/2000\/svg\" viewBox=\"0 0 576 512\"><path fill=\"currentColor\" d=\"M488 313v143c0 13-11 24-24 24H348c-7 0-12-5-12-12V356c0-7-5-12-12-12h-72c-7 0-12 5-12 12v112c0 7-5 12-12 12H112c-13 0-24-11-24-24V313c0-4 2-7 4-10l188-154c5-4 11-4 16 0l188 154c2 3 4 6 4 10zm84-61l-84-69V44c0-6-5-12-12-12h-56c-7 0-12 6-12 12v73l-89-74a48 48 0 00-61 0L4 252c-5 4-5 12-1 17l25 31c5 5 12 5 17 1l235-193c5-4 11-4 16 0l235 193c5 5 13 4 17-1l25-31c4-6 4-13-1-17z\"\/><\/svg><\/label><label><input type=\"radio\" name=\"kc_captcha\" value=\"bot\" \/><svg width=\"50\" height=\"50\" aria-hidden=\"true\" role=\"img\" xmlns=\"http:\/\/www.w3.org\/2000\/svg\" viewBox=\"0 0 512 512\"><path fill=\"currentColor\" d=\"M500 168h-55l-8-21a127 127 0 00-120-83H195a127 127 0 00-120 83l-8 21H12c-8 0-14 8-11 16l8 24a12 12 0 0011 8h29a64 64 0 00-33 56v48c0 16 6 31 16 42v62c0 13 11 24 24 24h48c13 0 24-11 24-24v-40h256v40c0 13 11 24 24 24h48c13 0 24-11 24-24v-62c10-11 16-26 16-42v-48c0-24-13-45-33-56h29a12 12 0 0011-8l8-24c3-8-3-16-11-16zm-365 2c9-25 33-42 60-42h122c27 0 51 17 60 42l15 38H120l15-38zM88 328a32 32 0 010-64c18 0 48 30 48 48s-30 16-48 16zm336 0c-18 0-48 2-48-16s30-48 48-48 32 14 32 32-14 32-32 32z\"\/><\/svg><\/label><label><input type=\"radio\" name=\"kc_captcha\" value=\"bot\" \/><svg width=\"50\" height=\"50\" aria-hidden=\"true\" role=\"img\" xmlns=\"http:\/\/www.w3.org\/2000\/svg\" viewBox=\"0 0 640 512\"><path fill=\"currentColor\" d=\"M192 384h192c53 0 96-43 96-96h32a128 128 0 000-256H120c-13 0-24 11-24 24v232c0 53 43 96 96 96zM512 96a64 64 0 010 128h-32V96h32zm48 384H48c-47 0-61-64-36-64h584c25 0 11 64-36 64z\"\/><\/svg><\/label>\r\n    <\/span>\r\n    <span style=\"display:none\">\r\n        <input type=\"text\" name=\"kc_honeypot\">\r\n    <\/span><\/span><\/span>\n\t\t<\/p>\n\t<\/div>\n\t<p><input class=\"wpcf7-form-control wpcf7-submit has-spinner\" type=\"submit\" value=\"Submit\" \/>\n\t<\/p>\n<\/div><div class=\"wpcf7-response-output\" aria-hidden=\"true\"><\/div>\n<\/form>\n<\/div>\n\n\n<\/p>\n","protected":false},"excerpt":{"rendered":"<p>G\u0103ng tay t\u1eadp trung c\u00f3 th\u1ec3 gi\u00fap b\u1ea1n nhanh ch\u00f3ng ph\u00e1t tri\u1ec3n k\u1ef9 n\u0103ng \u0111\u1ea5m v\u00e0 ph\u00f2ng th\u1ee7 tuy\u1ec7t v\u1eddi.<br \/>\nB\u1ec1 m\u1eb7t m\u1ecbn l\u00e0m b\u1eb1ng da PU ch\u1ea5t l\u01b0\u1ee3ng cao, m\u1ec1m m\u1ea1i v\u00e0 tho\u1ea3i m\u00e1i, kh\u00f4ng \u0111\u1ed9c h\u1ea1i.<br \/>\nL\u1edbp b\u1ecdt x\u1ed1p \u0111\u00fac m\u1ed9t b\u01b0\u1edbc d\u00e0y 1,5 inch gi\u00fap ch\u1ecbu \u0111\u01b0\u1ee3c nh\u1eefng c\u00fa \u0111\u1ea5m m\u1ea1nh.<br \/>\nM\u1ed9t k\u00edch th\u01b0\u1edbc ph\u00f9 h\u1ee3p v\u1edbi h\u1ea7u h\u1ebft m\u1ecdi ng\u01b0\u1eddi: 7,9\u2033(20 cm) x 9,8\u2033(25 cm), v\u1eeba v\u1eb7n v\u1edbi m\u1ed9t b\u00e0n tay l\u1edbn.<br \/>\nD\u00e2y \u0111eo c\u1ed5 tay c\u00f3 th\u1ec3 \u0111i\u1ec1u ch\u1ec9nh v\u1edbi kh\u00f3a d\u00e1n \u1edf m\u1eb7t sau cho ph\u00e9p v\u1eeba v\u1eb7n v\u1edbi h\u1ea7u h\u1ebft m\u1ecdi b\u00e0n tay.<\/p>","protected":false},"featured_media":2333,"template":"","meta":[],"product_cat":[36,66,48,57],"product_tag":[],"class_list":{"0":"post-2321","1":"product","2":"type-product","3":"status-publish","4":"has-post-thumbnail","6":"product_cat-boxing-punching-bag","7":"product_cat-karate-mitts-target","8":"product_cat-martial-arts-target-pad","9":"product_cat-taekwondo-mitts-target","11":"first","12":"instock","13":"shipping-taxable","14":"product-type-simple"},"yoast_head":"<!-- This site is optimized with the Yoast SEO plugin v22.7 - https:\/\/yoast.com\/wordpress\/plugins\/seo\/ -->\n<title>focus mitts - trustworthy combat sports equipment manufacturer<\/title>\n<meta name=\"description\" content=\"Boxing Curved Focus Punching Mitts- Leatherette Training Hand Pads\" \/>\n<meta name=\"robots\" content=\"index, follow, max-snippet:-1, max-image-preview:large, max-video-preview:-1\" \/>\n<link rel=\"canonical\" href=\"https:\/\/krcsports.com\/vi\/san-pham\/focus-mitts\/\" \/>\n<meta property=\"og:locale\" content=\"vi_VN\" \/>\n<meta property=\"og:type\" content=\"article\" \/>\n<meta property=\"og:title\" content=\"focus mitts - trustworthy combat sports equipment manufacturer\" \/>\n<meta property=\"og:description\" content=\"Boxing Curved Focus Punching Mitts- Leatherette Training Hand Pads\" \/>\n<meta property=\"og:url\" content=\"https:\/\/krcsports.com\/vi\/san-pham\/focus-mitts\/\" \/>\n<meta property=\"og:site_name\" content=\"trustworthy combat sports equipment manufacturer\" \/>\n<meta property=\"article:publisher\" content=\"https:\/\/www.facebook.com\/people\/Krc-sports\/100063994129159\/\" \/>\n<meta property=\"article:modified_time\" content=\"2024-11-17T11:11:14+00:00\" \/>\n<meta property=\"og:image\" content=\"https:\/\/krcsports.com\/wp-content\/uploads\/2024\/09\/focus-mitts-12.webp\" \/>\n\t<meta property=\"og:image:width\" content=\"640\" \/>\n\t<meta property=\"og:image:height\" content=\"640\" \/>\n\t<meta property=\"og:image:type\" content=\"image\/webp\" \/>\n<meta name=\"twitter:card\" content=\"summary_large_image\" \/>\n<meta name=\"twitter:label1\" content=\"\u01af\u1edbc t\u00ednh th\u1eddi gian \u0111\u1ecdc\" \/>\n\t<meta name=\"twitter:data1\" content=\"1 ph\u00fat\" \/>\n<script type=\"application\/ld+json\" class=\"yoast-schema-graph\">{\"@context\":\"https:\/\/schema.org\",\"@graph\":[{\"@type\":\"WebPage\",\"@id\":\"https:\/\/krcsports.com\/manufacturer\/focus-mitts\/\",\"url\":\"https:\/\/krcsports.com\/manufacturer\/focus-mitts\/\",\"name\":\"focus mitts - trustworthy combat sports equipment manufacturer\",\"isPartOf\":{\"@id\":\"https:\/\/krcsports.com\/#website\"},\"primaryImageOfPage\":{\"@id\":\"https:\/\/krcsports.com\/manufacturer\/focus-mitts\/#primaryimage\"},\"image\":{\"@id\":\"https:\/\/krcsports.com\/manufacturer\/focus-mitts\/#primaryimage\"},\"thumbnailUrl\":\"https:\/\/cdn.krcsports.com\/2024\/09\/focus-mitts-12.webp\",\"datePublished\":\"2024-09-10T05:51:11+00:00\",\"dateModified\":\"2024-11-17T11:11:14+00:00\",\"description\":\"Boxing Curved Focus Punching Mitts- Leatherette Training Hand Pads\",\"breadcrumb\":{\"@id\":\"https:\/\/krcsports.com\/manufacturer\/focus-mitts\/#breadcrumb\"},\"inLanguage\":\"vi\",\"potentialAction\":[{\"@type\":\"ReadAction\",\"target\":[\"https:\/\/krcsports.com\/manufacturer\/focus-mitts\/\"]}]},{\"@type\":\"ImageObject\",\"inLanguage\":\"vi\",\"@id\":\"https:\/\/krcsports.com\/manufacturer\/focus-mitts\/#primaryimage\",\"url\":\"https:\/\/cdn.krcsports.com\/2024\/09\/focus-mitts-12.webp\",\"contentUrl\":\"https:\/\/cdn.krcsports.com\/2024\/09\/focus-mitts-12.webp\",\"width\":640,\"height\":640,\"caption\":\"focus mitts\"},{\"@type\":\"BreadcrumbList\",\"@id\":\"https:\/\/krcsports.com\/manufacturer\/focus-mitts\/#breadcrumb\",\"itemListElement\":[{\"@type\":\"ListItem\",\"position\":1,\"name\":\"Home\",\"item\":\"https:\/\/krcsports.com\/\"},{\"@type\":\"ListItem\",\"position\":2,\"name\":\"Products\",\"item\":\"https:\/\/krcsports.com\/shop\/\"},{\"@type\":\"ListItem\",\"position\":3,\"name\":\"focus mitts\"}]},{\"@type\":\"WebSite\",\"@id\":\"https:\/\/krcsports.com\/#website\",\"url\":\"https:\/\/krcsports.com\/\",\"name\":\"krc sports\",\"description\":\"\",\"publisher\":{\"@id\":\"https:\/\/krcsports.com\/#organization\"},\"potentialAction\":[{\"@type\":\"SearchAction\",\"target\":{\"@type\":\"EntryPoint\",\"urlTemplate\":\"https:\/\/krcsports.com\/?s={search_term_string}\"},\"query-input\":\"required name=search_term_string\"}],\"inLanguage\":\"vi\"},{\"@type\":\"Organization\",\"@id\":\"https:\/\/krcsports.com\/#organization\",\"name\":\"krc sports\",\"url\":\"https:\/\/krcsports.com\/\",\"logo\":{\"@type\":\"ImageObject\",\"inLanguage\":\"vi\",\"@id\":\"https:\/\/krcsports.com\/#\/schema\/logo\/image\/\",\"url\":\"https:\/\/krcsports.com\/wp-content\/uploads\/2024\/07\/logo.webp\",\"contentUrl\":\"https:\/\/krcsports.com\/wp-content\/uploads\/2024\/07\/logo.webp\",\"width\":80,\"height\":60,\"caption\":\"krc sports\"},\"image\":{\"@id\":\"https:\/\/krcsports.com\/#\/schema\/logo\/image\/\"},\"sameAs\":[\"https:\/\/www.facebook.com\/people\/Krc-sports\/100063994129159\/\"]}]}<\/script>\n<!-- \/ Yoast SEO plugin. -->","yoast_head_json":{"title":"focus mitts - nh\u00e0 s\u1ea3n xu\u1ea5t thi\u1ebft b\u1ecb th\u1ec3 thao chi\u1ebfn \u0111\u1ea5u \u0111\u00e1ng tin c\u1eady","description":"G\u0103ng tay \u0111\u1ea5m b\u1ed1c cong t\u1eadp trung - Mi\u1ebfng \u0111\u1ec7m tay t\u1eadp luy\u1ec7n b\u1eb1ng da gi\u1ea3","robots":{"index":"index","follow":"follow","max-snippet":"max-snippet:-1","max-image-preview":"max-image-preview:large","max-video-preview":"max-video-preview:-1"},"canonical":"https:\/\/krcsports.com\/vi\/san-pham\/focus-mitts\/","og_locale":"vi_VN","og_type":"article","og_title":"focus mitts - trustworthy combat sports equipment manufacturer","og_description":"Boxing Curved Focus Punching Mitts- Leatherette Training Hand Pads","og_url":"https:\/\/krcsports.com\/vi\/san-pham\/focus-mitts\/","og_site_name":"trustworthy combat sports equipment manufacturer","article_publisher":"https:\/\/www.facebook.com\/people\/Krc-sports\/100063994129159\/","article_modified_time":"2024-11-17T11:11:14+00:00","og_image":[{"width":640,"height":640,"url":"https:\/\/krcsports.com\/wp-content\/uploads\/2024\/09\/focus-mitts-12.webp","type":"image\/webp"}],"twitter_card":"summary_large_image","twitter_misc":{"\u01af\u1edbc t\u00ednh th\u1eddi gian \u0111\u1ecdc":"1 ph\u00fat"},"schema":{"@context":"https:\/\/schema.org","@graph":[{"@type":"WebPage","@id":"https:\/\/krcsports.com\/manufacturer\/focus-mitts\/","url":"https:\/\/krcsports.com\/manufacturer\/focus-mitts\/","name":"focus mitts - nh\u00e0 s\u1ea3n xu\u1ea5t thi\u1ebft b\u1ecb th\u1ec3 thao chi\u1ebfn \u0111\u1ea5u \u0111\u00e1ng tin c\u1eady","isPartOf":{"@id":"https:\/\/krcsports.com\/#website"},"primaryImageOfPage":{"@id":"https:\/\/krcsports.com\/manufacturer\/focus-mitts\/#primaryimage"},"image":{"@id":"https:\/\/krcsports.com\/manufacturer\/focus-mitts\/#primaryimage"},"thumbnailUrl":"https:\/\/cdn.krcsports.com\/2024\/09\/focus-mitts-12.webp","datePublished":"2024-09-10T05:51:11+00:00","dateModified":"2024-11-17T11:11:14+00:00","description":"G\u0103ng tay \u0111\u1ea5m b\u1ed1c cong t\u1eadp trung - Mi\u1ebfng \u0111\u1ec7m tay t\u1eadp luy\u1ec7n b\u1eb1ng da gi\u1ea3","breadcrumb":{"@id":"https:\/\/krcsports.com\/manufacturer\/focus-mitts\/#breadcrumb"},"inLanguage":"vi","potentialAction":[{"@type":"ReadAction","target":["https:\/\/krcsports.com\/manufacturer\/focus-mitts\/"]}]},{"@type":"ImageObject","inLanguage":"vi","@id":"https:\/\/krcsports.com\/manufacturer\/focus-mitts\/#primaryimage","url":"https:\/\/cdn.krcsports.com\/2024\/09\/focus-mitts-12.webp","contentUrl":"https:\/\/cdn.krcsports.com\/2024\/09\/focus-mitts-12.webp","width":640,"height":640,"caption":"focus mitts"},{"@type":"BreadcrumbList","@id":"https:\/\/krcsports.com\/manufacturer\/focus-mitts\/#breadcrumb","itemListElement":[{"@type":"ListItem","position":1,"name":"Home","item":"https:\/\/krcsports.com\/"},{"@type":"ListItem","position":2,"name":"Products","item":"https:\/\/krcsports.com\/shop\/"},{"@type":"ListItem","position":3,"name":"focus mitts"}]},{"@type":"WebSite","@id":"https:\/\/krcsports.com\/#website","url":"https:\/\/krcsports.com\/","name":"th\u1ec3 thao krc","description":"","publisher":{"@id":"https:\/\/krcsports.com\/#organization"},"potentialAction":[{"@type":"SearchAction","target":{"@type":"EntryPoint","urlTemplate":"https:\/\/krcsports.com\/?s={search_term_string}"},"query-input":"required name=search_term_string"}],"inLanguage":"vi"},{"@type":"Organization","@id":"https:\/\/krcsports.com\/#organization","name":"th\u1ec3 thao krc","url":"https:\/\/krcsports.com\/","logo":{"@type":"ImageObject","inLanguage":"vi","@id":"https:\/\/krcsports.com\/#\/schema\/logo\/image\/","url":"https:\/\/krcsports.com\/wp-content\/uploads\/2024\/07\/logo.webp","contentUrl":"https:\/\/krcsports.com\/wp-content\/uploads\/2024\/07\/logo.webp","width":80,"height":60,"caption":"krc sports"},"image":{"@id":"https:\/\/krcsports.com\/#\/schema\/logo\/image\/"},"sameAs":["https:\/\/www.facebook.com\/people\/Krc-sports\/100063994129159\/"]}]}},"_links":{"self":[{"href":"https:\/\/krcsports.com\/vi\/wp-json\/wp\/v2\/product\/2321","targetHints":{"allow":["GET"]}}],"collection":[{"href":"https:\/\/krcsports.com\/vi\/wp-json\/wp\/v2\/product"}],"about":[{"href":"https:\/\/krcsports.com\/vi\/wp-json\/wp\/v2\/types\/product"}],"wp:featuredmedia":[{"embeddable":true,"href":"https:\/\/krcsports.com\/vi\/wp-json\/wp\/v2\/media\/2333"}],"wp:attachment":[{"href":"https:\/\/krcsports.com\/vi\/wp-json\/wp\/v2\/media?parent=2321"}],"wp:term":[{"taxonomy":"product_cat","embeddable":true,"href":"https:\/\/krcsports.com\/vi\/wp-json\/wp\/v2\/product_cat?post=2321"},{"taxonomy":"product_tag","embeddable":true,"href":"https:\/\/krcsports.com\/vi\/wp-json\/wp\/v2\/product_tag?post=2321"}],"curies":[{"name":"wp","href":"https:\/\/api.w.org\/{rel}","templated":true}]}}