{"id":2156,"date":"2024-09-09T08:06:34","date_gmt":"2024-09-09T08:06:34","guid":{"rendered":"https:\/\/krcsports.com\/?post_type=product&#038;p=2156"},"modified":"2024-11-10T01:35:27","modified_gmt":"2024-11-10T01:35:27","slug":"training-type-head-guard","status":"publish","type":"product","link":"https:\/\/krcsports.com\/vi\/manufacturer\/training-type-head-guard\/","title":{"rendered":"m\u0169 \u0111\u1ed9i \u0111\u1ea7u"},"content":{"rendered":"<section class=\"section\" id=\"section_1478556802\">\n\t\t<div class=\"bg section-bg fill bg-fill  bg-loaded\" >\n\n\t\t\t\n\t\t\t\n\t\t\t\n\n\t\t<\/div>\n\n\t\t\n\n\t\t<div class=\"section-content relative\">\n\t\t\t\n<ul class=\"a-unordered-list a-vertical a-spacing-mini\">\n<li class=\"a-spacing-mini\"><span class=\"a-list-item\">M\u0169 b\u1ea3o hi\u1ec3m \u0111\u1ea5m b\u1ed1c \u0111\u01b0\u1ee3c ch\u1ebf t\u00e1c v\u1edbi l\u1edbp ngo\u00e0i b\u1eb1ng da cao c\u1ea5p, \u0111\u1ea3m b\u1ea3o \u0111\u1ed9 b\u1ec1n v\u00e0 v\u1ebb ngo\u00e0i b\u00f3ng b\u1ea9y. \u0110\u01b0\u1ee3c trang b\u1ecb l\u1edbp l\u00f3t b\u00ean trong Amara c\u1ee7a Nh\u1eadt B\u1ea3n, m\u0169 b\u1ea3o hi\u1ec3m n\u00e0y mang \u0111\u1ebfn cho c\u00e1c v\u00f5 s\u0129 s\u1ef1 tho\u1ea3i m\u00e1i v\u00e0 kh\u1ea3 n\u0103ng th\u1ea5m kh\u00ed t\u1ed1i \u0111a.<\/span><\/li>\n<\/ul>\n<p>\u00a0<\/p>\n<ul class=\"a-unordered-list a-vertical a-spacing-mini\">\n<li class=\"a-spacing-mini\"><span class=\"a-list-item\">B\u1ec1n b\u1ec9: Tin t\u01b0\u1edfng v\u00e0o \u0111\u1ed9 ch\u00ednh x\u00e1c c\u1ee7a m\u0169 b\u1ea3o v\u1ec7 \u0111\u1ea7u c\u1ee7a ch\u00fang t\u00f4i, \u0111\u01b0\u1ee3c ch\u1ea5p thu\u1eadn theo c\u00e1c h\u01b0\u1edbng d\u1eabn nghi\u00eam ng\u1eb7t c\u1ee7a USA Boxing v\u00e0 \u0111\u01b0\u1ee3c thi\u1ebft k\u1ebf \u0111\u1ec3 ch\u1ecbu \u0111\u01b0\u1ee3c s\u1ef1 kh\u1eafc nghi\u1ec7t c\u1ee7a qu\u00e1 tr\u00ecnh luy\u1ec7n t\u1eadp quy\u1ec1n anh c\u01b0\u1eddng \u0111\u1ed9 cao. V\u1edbi thi\u1ebft k\u1ebf ph\u00f9 h\u1ee3p v\u1edbi c\u00e1c ti\u00eau chu\u1ea9n chuy\u00ean nghi\u1ec7p, h\u00e3y luy\u1ec7n t\u1eadp v\u1edbi s\u1ef1 t\u1ef1 tin v\u00e0 t\u1ecfa s\u00e1ng.<\/span><\/li>\n<\/ul>\n<p>\u00a0<\/p>\n<ul class=\"a-unordered-list a-vertical a-spacing-mini\">\n<li class=\"a-spacing-mini\"><span class=\"a-list-item\">T\u1eadp trung v\u00e0o tr\u1eadn \u0111\u1ea5u: \u0110\u01b0\u1ee3c ch\u1ebf t\u1ea1o \u0111\u1ec3 v\u1eeba v\u1eb7n an to\u00e0n, thi\u1ebft b\u1ecb \u0111\u1ea5m b\u1ed1c c\u1ee7a ch\u00fang t\u00f4i l\u00e0 ng\u01b0\u1eddi b\u1ea1n \u0111\u1ed3ng h\u00e0nh \u0111\u00e1ng tin c\u1eady c\u1ee7a b\u1ea1n tr\u00ean v\u00f5 \u0111\u00e0i. T\u1eadp luy\u1ec7n v\u1edbi s\u1ef1 t\u1eadp trung v\u00e0 ch\u00ednh x\u00e1c, bi\u1ebft r\u1eb1ng mi\u1ebfng b\u1ea3o v\u1ec7 \u0111\u1ea7u s\u1ebd kh\u00f4ng l\u00e0m b\u1ea1n th\u1ea5t v\u1ecdng.<\/span><\/li>\n<\/ul>\n<p>\u00a0<\/p>\n<ul class=\"a-unordered-list a-vertical a-spacing-mini\">\n<li class=\"a-spacing-mini\"><span class=\"a-list-item\">\u00a0V\u1edbi l\u1edbp \u0111\u1ec7m cao c\u1ea5p \u1edf v\u00f9ng tr\u00e1n, m\u00e1 v\u00e0 th\u00e1i d\u01b0\u01a1ng, m\u0169 b\u1ea3o hi\u1ec3m \u0111\u1ea5m b\u1ed1c c\u1ee7a ch\u00fang t\u00f4i \u0111\u1ea3m b\u1ea3o m\u1ecdi c\u00fa \u0111\u1ea5m \u0111\u1ec1u \u0111\u01b0\u1ee3c h\u1ea5p th\u1ee5 t\u1ed1i \u0111a. Thi\u1ebft k\u1ebf tai \u1ea9n, h\u1ee3p l\u00fd gi\u00fap gi\u1ea3m nguy c\u01a1 ch\u1ea5n th\u01b0\u01a1ng li\u00ean quan \u0111\u1ebfn va ch\u1ea1m.<\/span><\/li>\n<\/ul>\n<p>\u00a0<\/p>\n<ul class=\"a-unordered-list a-vertical a-spacing-mini\">\n<li class=\"a-spacing-mini\"><span class=\"a-list-item\">Gi\u1ea3m m\u1ec7t m\u1ecfi, t\u0103ng s\u1ee9c b\u1ec1n: C\u00f4ng ngh\u1ec7 Neo Gel c\u1ea3i ti\u1ebfn \u0111\u01b0\u1ee3c nh\u00fang trong \u0111\u1ed3 t\u1eadp \u0111\u1ea5m b\u1ed1c c\u1ee7a ch\u00fang t\u00f4i gi\u00fap gi\u1ea3m m\u1ec7t m\u1ecfi, h\u1ea5p th\u1ee5 s\u1ed1c v\u00e0 gi\u00fap b\u1ea1n t\u1eadp luy\u1ec7n l\u00e2u h\u01a1n m\u00e0 kh\u00f4ng ph\u1ea3i th\u1ecfa hi\u1ec7p. Tr\u1ea3i nghi\u1ec7m c\u00e1c bu\u1ed5i t\u1eadp \u0111\u1ea9y gi\u1edbi h\u1ea1n c\u1ee7a b\u1ea1n m\u00e0 kh\u00f4ng l\u00e0m b\u1ea1n ki\u1ec7t s\u1ee9c.<\/span><\/li>\n<\/ul>\n\t\t<\/div>\n\n\t\t\n<style>\n#section_1478556802 {\n  padding-top: 30px;\n  padding-bottom: 30px;\n}\n<\/style>\n\t<\/section>","protected":false},"excerpt":{"rendered":"<p> M\u0169 b\u1ea3o hi\u1ec3m \u0111a n\u0103ng v\u00e0 ph\u00f9 h\u1ee3p v\u1edbi m\u1ecdi m\u00f4n th\u1ec3 thao t\u1ea5n c\u00f4ng, t\u1eeb Kickboxing, Muay Th\u00e1i, Boxing \u0111\u1ed1i kh\u00e1ng v\u00e0 MMA \u0111\u1ebfn Karate v\u00e0 Tae Kwon Do.<\/p>\n<p>C\u00d3 TH\u1ec2 \u0110I\u1ec0U CH\u1ec8NH V\u1eeaA V\u1eb6N \u2013 C\u00f3 ch\u1ee9c n\u0103ng cao, v\u1eeba v\u1eb7n ho\u00e0n h\u1ea3o,<br \/>\n\u0110\u00e2y l\u00e0 m\u0169 b\u1ea3o hi\u1ec3m \u0111\u1ea5m b\u1ed1c ho\u00e0n h\u1ea3o d\u00e0nh cho nam gi\u1edbi, thanh thi\u1ebfu ni\u00ean v\u00e0 b\u00e9 trai tr\u00ean 11 tu\u1ed5i. C\u00f3 2 k\u00edch c\u1ee1 nh\u1ecf v\u00e0 l\u1edbn v\u1edbi 2 ki\u1ec3u d\u00e1ng.<\/p>\n<p>AN TO\u00c0N L\u00c0 TR\u00caN H\u1ebeT: M\u0169 b\u1ea3o hi\u1ec3m \u0111\u1ea5m b\u1ed1c c\u1ee7a ch\u00fang t\u00f4i \u0111\u1ea3m b\u1ea3o an to\u00e0n trong qu\u00e1 tr\u00ecnh luy\u1ec7n t\u1eadp ho\u1eb7c thi \u0111\u1ea5u. <\/p>","protected":false},"featured_media":2170,"template":"","meta":[],"product_cat":[44],"product_tag":[],"class_list":{"0":"post-2156","1":"product","2":"type-product","3":"status-publish","4":"has-post-thumbnail","6":"product_cat-boxing-protective-gear","8":"first","9":"instock","10":"shipping-taxable","11":"product-type-simple"},"yoast_head":"<!-- This site is optimized with the Yoast SEO plugin v22.7 - https:\/\/yoast.com\/wordpress\/plugins\/seo\/ -->\n<title>headgear - trustworthy combat sports equipment manufacturer<\/title>\n<meta name=\"robots\" content=\"index, follow, max-snippet:-1, max-image-preview:large, max-video-preview:-1\" \/>\n<link rel=\"canonical\" href=\"https:\/\/krcsports.com\/vi\/san-pham\/training-type-head-guard\/\" \/>\n<meta property=\"og:locale\" content=\"vi_VN\" \/>\n<meta property=\"og:type\" content=\"article\" \/>\n<meta property=\"og:title\" content=\"headgear - trustworthy combat sports equipment manufacturer\" \/>\n<meta property=\"og:description\" content=\"headgear is versatile and suitable for any striking sport, ranging from Kickboxing, Muay Thai, Boxing sparring and MMA to Karate and Tae Kwon Do.  ADJUSTABLE FIT - It is highly functional, perfectly fitting, it&#039;s the perfect boxing headgear for men, teenagers, and boys above the age of 11. It comes in 2 sizes small and large with 2 designs.  SAFETY FIRST: Our boxing headgear promotes safety during training or competition.\" \/>\n<meta property=\"og:url\" content=\"https:\/\/krcsports.com\/vi\/san-pham\/training-type-head-guard\/\" \/>\n<meta property=\"og:site_name\" content=\"trustworthy combat sports equipment manufacturer\" \/>\n<meta property=\"article:publisher\" content=\"https:\/\/www.facebook.com\/people\/Krc-sports\/100063994129159\/\" \/>\n<meta property=\"article:modified_time\" content=\"2024-11-10T01:35:27+00:00\" \/>\n<meta property=\"og:image\" content=\"https:\/\/krcsports.com\/wp-content\/uploads\/2024\/09\/Headgear-6-1.webp\" \/>\n\t<meta property=\"og:image:width\" content=\"640\" \/>\n\t<meta property=\"og:image:height\" content=\"640\" \/>\n\t<meta property=\"og:image:type\" content=\"image\/webp\" \/>\n<meta name=\"twitter:card\" content=\"summary_large_image\" \/>\n<meta name=\"twitter:label1\" content=\"\u01af\u1edbc t\u00ednh th\u1eddi gian \u0111\u1ecdc\" \/>\n\t<meta name=\"twitter:data1\" content=\"1 ph\u00fat\" \/>\n<script type=\"application\/ld+json\" class=\"yoast-schema-graph\">{\"@context\":\"https:\/\/schema.org\",\"@graph\":[{\"@type\":\"WebPage\",\"@id\":\"https:\/\/krcsports.com\/manufacturer\/training-type-head-guard\/\",\"url\":\"https:\/\/krcsports.com\/manufacturer\/training-type-head-guard\/\",\"name\":\"headgear - trustworthy combat sports equipment manufacturer\",\"isPartOf\":{\"@id\":\"https:\/\/krcsports.com\/#website\"},\"primaryImageOfPage\":{\"@id\":\"https:\/\/krcsports.com\/manufacturer\/training-type-head-guard\/#primaryimage\"},\"image\":{\"@id\":\"https:\/\/krcsports.com\/manufacturer\/training-type-head-guard\/#primaryimage\"},\"thumbnailUrl\":\"https:\/\/cdn.krcsports.com\/2024\/09\/Headgear-6-1.webp\",\"datePublished\":\"2024-09-09T08:06:34+00:00\",\"dateModified\":\"2024-11-10T01:35:27+00:00\",\"breadcrumb\":{\"@id\":\"https:\/\/krcsports.com\/manufacturer\/training-type-head-guard\/#breadcrumb\"},\"inLanguage\":\"vi\",\"potentialAction\":[{\"@type\":\"ReadAction\",\"target\":[\"https:\/\/krcsports.com\/manufacturer\/training-type-head-guard\/\"]}]},{\"@type\":\"ImageObject\",\"inLanguage\":\"vi\",\"@id\":\"https:\/\/krcsports.com\/manufacturer\/training-type-head-guard\/#primaryimage\",\"url\":\"https:\/\/cdn.krcsports.com\/2024\/09\/Headgear-6-1.webp\",\"contentUrl\":\"https:\/\/cdn.krcsports.com\/2024\/09\/Headgear-6-1.webp\",\"width\":640,\"height\":640,\"caption\":\"Headgear\"},{\"@type\":\"BreadcrumbList\",\"@id\":\"https:\/\/krcsports.com\/manufacturer\/training-type-head-guard\/#breadcrumb\",\"itemListElement\":[{\"@type\":\"ListItem\",\"position\":1,\"name\":\"Home\",\"item\":\"https:\/\/krcsports.com\/\"},{\"@type\":\"ListItem\",\"position\":2,\"name\":\"Products\",\"item\":\"https:\/\/krcsports.com\/shop\/\"},{\"@type\":\"ListItem\",\"position\":3,\"name\":\"headgear\"}]},{\"@type\":\"WebSite\",\"@id\":\"https:\/\/krcsports.com\/#website\",\"url\":\"https:\/\/krcsports.com\/\",\"name\":\"krc sports\",\"description\":\"\",\"publisher\":{\"@id\":\"https:\/\/krcsports.com\/#organization\"},\"potentialAction\":[{\"@type\":\"SearchAction\",\"target\":{\"@type\":\"EntryPoint\",\"urlTemplate\":\"https:\/\/krcsports.com\/?s={search_term_string}\"},\"query-input\":\"required name=search_term_string\"}],\"inLanguage\":\"vi\"},{\"@type\":\"Organization\",\"@id\":\"https:\/\/krcsports.com\/#organization\",\"name\":\"krc sports\",\"url\":\"https:\/\/krcsports.com\/\",\"logo\":{\"@type\":\"ImageObject\",\"inLanguage\":\"vi\",\"@id\":\"https:\/\/krcsports.com\/#\/schema\/logo\/image\/\",\"url\":\"https:\/\/krcsports.com\/wp-content\/uploads\/2024\/07\/logo.webp\",\"contentUrl\":\"https:\/\/krcsports.com\/wp-content\/uploads\/2024\/07\/logo.webp\",\"width\":80,\"height\":60,\"caption\":\"krc sports\"},\"image\":{\"@id\":\"https:\/\/krcsports.com\/#\/schema\/logo\/image\/\"},\"sameAs\":[\"https:\/\/www.facebook.com\/people\/Krc-sports\/100063994129159\/\"]}]}<\/script>\n<!-- \/ Yoast SEO plugin. -->","yoast_head_json":{"title":"m\u0169 b\u1ea3o hi\u1ec3m - nh\u00e0 s\u1ea3n xu\u1ea5t thi\u1ebft b\u1ecb th\u1ec3 thao chi\u1ebfn \u0111\u1ea5u \u0111\u00e1ng tin c\u1eady","robots":{"index":"index","follow":"follow","max-snippet":"max-snippet:-1","max-image-preview":"max-image-preview:large","max-video-preview":"max-video-preview:-1"},"canonical":"https:\/\/krcsports.com\/vi\/san-pham\/training-type-head-guard\/","og_locale":"vi_VN","og_type":"article","og_title":"headgear - trustworthy combat sports equipment manufacturer","og_description":"headgear is versatile and suitable for any striking sport, ranging from Kickboxing, Muay Thai, Boxing sparring and MMA to Karate and Tae Kwon Do.  ADJUSTABLE FIT - It is highly functional, perfectly fitting, it's the perfect boxing headgear for men, teenagers, and boys above the age of 11. It comes in 2 sizes small and large with 2 designs.  SAFETY FIRST: Our boxing headgear promotes safety during training or competition.","og_url":"https:\/\/krcsports.com\/vi\/san-pham\/training-type-head-guard\/","og_site_name":"trustworthy combat sports equipment manufacturer","article_publisher":"https:\/\/www.facebook.com\/people\/Krc-sports\/100063994129159\/","article_modified_time":"2024-11-10T01:35:27+00:00","og_image":[{"width":640,"height":640,"url":"https:\/\/krcsports.com\/wp-content\/uploads\/2024\/09\/Headgear-6-1.webp","type":"image\/webp"}],"twitter_card":"summary_large_image","twitter_misc":{"\u01af\u1edbc t\u00ednh th\u1eddi gian \u0111\u1ecdc":"1 ph\u00fat"},"schema":{"@context":"https:\/\/schema.org","@graph":[{"@type":"WebPage","@id":"https:\/\/krcsports.com\/manufacturer\/training-type-head-guard\/","url":"https:\/\/krcsports.com\/manufacturer\/training-type-head-guard\/","name":"m\u0169 b\u1ea3o hi\u1ec3m - nh\u00e0 s\u1ea3n xu\u1ea5t thi\u1ebft b\u1ecb th\u1ec3 thao chi\u1ebfn \u0111\u1ea5u \u0111\u00e1ng tin c\u1eady","isPartOf":{"@id":"https:\/\/krcsports.com\/#website"},"primaryImageOfPage":{"@id":"https:\/\/krcsports.com\/manufacturer\/training-type-head-guard\/#primaryimage"},"image":{"@id":"https:\/\/krcsports.com\/manufacturer\/training-type-head-guard\/#primaryimage"},"thumbnailUrl":"https:\/\/cdn.krcsports.com\/2024\/09\/Headgear-6-1.webp","datePublished":"2024-09-09T08:06:34+00:00","dateModified":"2024-11-10T01:35:27+00:00","breadcrumb":{"@id":"https:\/\/krcsports.com\/manufacturer\/training-type-head-guard\/#breadcrumb"},"inLanguage":"vi","potentialAction":[{"@type":"ReadAction","target":["https:\/\/krcsports.com\/manufacturer\/training-type-head-guard\/"]}]},{"@type":"ImageObject","inLanguage":"vi","@id":"https:\/\/krcsports.com\/manufacturer\/training-type-head-guard\/#primaryimage","url":"https:\/\/cdn.krcsports.com\/2024\/09\/Headgear-6-1.webp","contentUrl":"https:\/\/cdn.krcsports.com\/2024\/09\/Headgear-6-1.webp","width":640,"height":640,"caption":"Headgear"},{"@type":"BreadcrumbList","@id":"https:\/\/krcsports.com\/manufacturer\/training-type-head-guard\/#breadcrumb","itemListElement":[{"@type":"ListItem","position":1,"name":"Home","item":"https:\/\/krcsports.com\/"},{"@type":"ListItem","position":2,"name":"Products","item":"https:\/\/krcsports.com\/shop\/"},{"@type":"ListItem","position":3,"name":"headgear"}]},{"@type":"WebSite","@id":"https:\/\/krcsports.com\/#website","url":"https:\/\/krcsports.com\/","name":"th\u1ec3 thao krc","description":"","publisher":{"@id":"https:\/\/krcsports.com\/#organization"},"potentialAction":[{"@type":"SearchAction","target":{"@type":"EntryPoint","urlTemplate":"https:\/\/krcsports.com\/?s={search_term_string}"},"query-input":"required name=search_term_string"}],"inLanguage":"vi"},{"@type":"Organization","@id":"https:\/\/krcsports.com\/#organization","name":"th\u1ec3 thao krc","url":"https:\/\/krcsports.com\/","logo":{"@type":"ImageObject","inLanguage":"vi","@id":"https:\/\/krcsports.com\/#\/schema\/logo\/image\/","url":"https:\/\/krcsports.com\/wp-content\/uploads\/2024\/07\/logo.webp","contentUrl":"https:\/\/krcsports.com\/wp-content\/uploads\/2024\/07\/logo.webp","width":80,"height":60,"caption":"krc sports"},"image":{"@id":"https:\/\/krcsports.com\/#\/schema\/logo\/image\/"},"sameAs":["https:\/\/www.facebook.com\/people\/Krc-sports\/100063994129159\/"]}]}},"_links":{"self":[{"href":"https:\/\/krcsports.com\/vi\/wp-json\/wp\/v2\/product\/2156","targetHints":{"allow":["GET"]}}],"collection":[{"href":"https:\/\/krcsports.com\/vi\/wp-json\/wp\/v2\/product"}],"about":[{"href":"https:\/\/krcsports.com\/vi\/wp-json\/wp\/v2\/types\/product"}],"wp:featuredmedia":[{"embeddable":true,"href":"https:\/\/krcsports.com\/vi\/wp-json\/wp\/v2\/media\/2170"}],"wp:attachment":[{"href":"https:\/\/krcsports.com\/vi\/wp-json\/wp\/v2\/media?parent=2156"}],"wp:term":[{"taxonomy":"product_cat","embeddable":true,"href":"https:\/\/krcsports.com\/vi\/wp-json\/wp\/v2\/product_cat?post=2156"},{"taxonomy":"product_tag","embeddable":true,"href":"https:\/\/krcsports.com\/vi\/wp-json\/wp\/v2\/product_tag?post=2156"}],"curies":[{"name":"wp","href":"https:\/\/api.w.org\/{rel}","templated":true}]}}