{"id":2153,"date":"2024-09-09T08:06:30","date_gmt":"2024-09-09T08:06:30","guid":{"rendered":"https:\/\/krcsports.com\/?post_type=product&#038;p=2153"},"modified":"2024-12-01T05:14:19","modified_gmt":"2024-12-01T05:14:19","slug":"martial-arts-chest-guard","status":"publish","type":"product","link":"https:\/\/krcsports.com\/vi\/manufacturer\/martial-arts-chest-guard\/","title":{"rendered":"v\u00f5 thu\u1eadt b\u1ea3o v\u1ec7 ng\u1ef1c"},"content":{"rendered":"<ul class=\"a-unordered-list a-vertical a-spacing-mini\">\n<li class=\"a-spacing-mini\"><span class=\"a-list-item\">Si\u00eau nh\u1eb9 v\u00e0 c\u1ef1c k\u1ef3 tho\u1ea3i m\u00e1i: B\u1ed9 b\u1ea3o v\u1ec7 ng\u1ef1c d\u00e0nh cho b\u00e9 g\u00e1i v\u00e0 b\u00e9 trai c\u1ee7a ch\u00fang t\u00f4i \u0111\u01b0\u1ee3c l\u00e0m t\u1eeb l\u1edbp da t\u1ed1t nh\u1ea5t ph\u1ee7 l\u1edbp x\u1ed1p 24MM ch\u1ea5t l\u01b0\u1ee3ng cao, mang \u0111\u1ebfn ch\u1ee9c n\u0103ng ti\u00ean ti\u1ebfn m\u00e0 kh\u00f4ng g\u00e2y \u00e1p l\u1ef1c n\u1eb7ng n\u1ec1 \u0111\u1ec3 gi\u00fap chi\u1ebfn binh nh\u1ecf b\u00e9 c\u1ee7a b\u1ea1n \u0111\u1ee9ng v\u1eefng v\u00e0 ti\u1ebft ki\u1ec7m n\u0103ng l\u01b0\u1ee3ng \u0111\u1ec3 gi\u1eef th\u1eb3ng ng\u01b0\u1eddi.<\/span><\/li>\n<li class=\"a-spacing-mini\"><span class=\"a-list-item\">Thi\u1ebft k\u1ebf hi\u1ec7n \u0111\u1ea1i v\u00e0 tinh t\u1ebf: \u0110ai b\u1ea3o v\u1ec7 ng\u1ef1c cho tr\u1ebb em c\u1ee7a ch\u00fang t\u00f4i \u0111\u01b0\u1ee3c \u0111\u1ec7m v\u00e0 ph\u1ee7 hai l\u1edbp \u1edf t\u1ea5t c\u1ea3 c\u00e1c b\u1ed9 ph\u1eadn ch\u00ednh c\u1ee7a c\u01a1 th\u1ec3 d\u1ec5 b\u1ecb t\u1ea5n c\u00f4ng. K\u1ebft h\u1ee3p v\u1edbi thi\u1ebft k\u1ebf v\u00e0 v\u1ecb tr\u00ed c\u0169ng nh\u01b0 ch\u1ea5t l\u01b0\u1ee3ng v\u1eadt li\u1ec7u v\u00e0 th\u1eed nghi\u1ec7m nghi\u00eam ng\u1eb7t, \u0111ai b\u1ea3o v\u1ec7 ng\u1ef1c cho tr\u1ebb em c\u1ee7a ch\u00fang t\u00f4i \u0111\u1ea3m b\u1ea3o kh\u1ea3 n\u0103ng di chuy\u1ec3n m\u00e0 ch\u00fang c\u1ea7n \u0111\u1ec3 ch\u1ecbu \u0111\u01b0\u1ee3c c\u00e1c bu\u1ed5i t\u1eadp luy\u1ec7n kh\u1eafc nghi\u1ec7t v\u00e0 kh\u00f4ng c\u00f3 g\u00ec ngo\u00e0i nh\u1eefng b\u00e0i h\u1ecdc \u0111\u1ec3 mang v\u1ec1 nh\u00e0.<\/span><\/li>\n<li class=\"a-spacing-mini\"><span class=\"a-list-item\">B\u1ea3o v\u1ec7 v\u01b0\u1ee3t tr\u1ed9i: \u0110\u01b0\u1ee3c \u0111\u1ec7m b\u1eb1ng l\u1edbp b\u1ecdt d\u00e0y nh\u1ea5t v\u1edbi \u0111\u01b0\u1eddng kh\u00e2u ba l\u1edbp nylon T-3 v\u00e0 \u0111\u01b0\u1eddng vi\u1ec1n PU, mi\u1ebfng b\u1ea3o v\u1ec7 ng\u1ef1c \u0111\u1ea5m b\u1ed1c d\u00e0nh cho tr\u1ebb em c\u1ee7a ch\u00fang t\u00f4i t\u1ea1o n\u00ean m\u1ed9t t\u1ea5m khi\u00ean ch\u1eafc ch\u1eafn gi\u00fap tr\u1ebb kh\u00f4ng c\u1ea3m th\u1ea5y b\u1ea5t k\u1ef3 t\u00e1c \u0111\u1ed9ng nghi\u00eam tr\u1ecdng n\u00e0o b\u1ea5t k\u1ec3 s\u1ed1 l\u1ea7n ho\u1eb7c h\u01b0\u1edbng m\u00e0 ch\u00fang b\u1ecb \u0111\u00e1nh. C\u00e1c nh\u00e0 thi\u1ebft k\u1ebf v\u00e0 v\u1eadn \u0111\u1ed9ng vi\u00ean c\u1ee7a ch\u00fang t\u00f4i \u0111\u00e3 \u0111\u1ea3m b\u1ea3o thi\u1ebft k\u1ebf v\u00e0 th\u1eed nghi\u1ec7m nh\u1eefng mi\u1ebfng b\u1ea3o v\u1ec7 ng\u1ef1c d\u00e0nh cho tr\u1ebb em n\u00e0y \u0111\u1ec3 cung c\u1ea5p kh\u1ea3 n\u0103ng b\u1ea3o v\u1ec7 v\u00f4 song kh\u1ecfi ch\u1ea5n th\u01b0\u01a1ng, m\u1ed3 h\u00f4i v\u00e0 k\u00edch \u1ee9ng.<\/span><\/li>\n<li class=\"a-spacing-mini\"><span class=\"a-list-item\">Ph\u00f9 h\u1ee3p v\u1edbi h\u1ea7u h\u1ebft c\u00e1c k\u00edch c\u1ee1: \u0110ai b\u1ea3o v\u1ec7 ng\u1ef1c tr\u1ebb em Elite Sports c\u00f3 d\u00e2y \u0111eo cho ph\u00e9p s\u1ea3n ph\u1ea9m c\u1ee7a ch\u00fang t\u00f4i \u0111\u01b0\u1ee3c th\u1eaft ch\u1eb7t v\u00e0 n\u1edbi l\u1ecfng t\u00f9y theo s\u1ef1 ti\u1ec7n l\u1ee3i. \u0110i\u1ec1u n\u00e0y gi\u00fap lo\u1ea1i b\u1ecf nhu c\u1ea7u ph\u1ea3i mua k\u00edch th\u01b0\u1edbc l\u1edbn h\u01a1n ho\u1eb7c nh\u1ecf h\u01a1n trong h\u1ea7u h\u1ebft c\u00e1c tr\u01b0\u1eddng h\u1ee3p. \u0110i\u1ec1u n\u00e0y c\u0169ng c\u00f3 ngh\u0129a l\u00e0 \u0111ai b\u1ea3o v\u1ec7 ng\u1ef1c tr\u1ebb em n\u00e0y s\u1ebd s\u1eed d\u1ee5ng \u0111\u01b0\u1ee3c l\u00e2u d\u00e0i m\u00e0 kh\u00f4ng c\u1ea7n ph\u1ea3i thay th\u1ebf b\u1eb1ng c\u00e1c s\u1ea3n ph\u1ea9m thay th\u1ebf l\u1edbn h\u01a1n<\/span><\/li>\n<\/ul>\n<h2>Ch\u1ee9ng nh\u1eadn c\u1ee7a ch\u00fang t\u00f4i<\/h2>\n\t<div class=\"img has-hover x md-x lg-x y md-y lg-y\" id=\"image_2061669475\">\n\t\t\t\t\t\t\t\t<div class=\"img-inner dark\" >\n\t\t\t<img loading=\"lazy\" decoding=\"async\" width=\"1020\" height=\"316\" src=\"https:\/\/cdn.krcsports.com\/2024\/07\/certification070-1-1024x317.webp\" class=\"attachment-large size-large wp-image-1633\" alt=\"gi\u1ea5y ch\u1ee9ng nh\u1eadn\" srcset=\"https:\/\/cdn.krcsports.com\/2024\/07\/certification070-1-1024x317.webp 1024w, https:\/\/cdn.krcsports.com\/2024\/07\/certification070-1-300x93.webp 300w, https:\/\/cdn.krcsports.com\/2024\/07\/certification070-1-768x238.webp 768w, https:\/\/cdn.krcsports.com\/2024\/07\/certification070-1-1536x475.webp 1536w, https:\/\/cdn.krcsports.com\/2024\/07\/certification070-1-18x6.webp 18w, https:\/\/cdn.krcsports.com\/2024\/07\/certification070-1-600x186.webp 600w, https:\/\/cdn.krcsports.com\/2024\/07\/certification070-1.webp 1625w\" sizes=\"auto, (max-width: 1020px) 100vw, 1020px\" \/>\t\t\t\t\t\t\n\t\t\t\t\t<\/div>\n\t\t\t\t\t\t\t\t\n<style>\n#image_2061669475 {\n  width: 100%;\n}\n<\/style>\n\t<\/div>\n\t\n\n<h2>Nh\u00e0 m\u00e1y c\u1ee7a ch\u00fang t\u00f4i \u0111\u01b0\u1ee3c BSCI ch\u1ea5p thu\u1eadn<\/h2>\n<h2>\u00a0<\/h2>\n\t<div class=\"img has-hover x md-x lg-x y md-y lg-y\" id=\"image_112811400\">\n\t\t\t\t\t\t\t\t<div class=\"img-inner dark\" >\n\t\t\t<img loading=\"lazy\" decoding=\"async\" width=\"850\" height=\"1100\" src=\"https:\/\/cdn.krcsports.com\/2024\/07\/BSCI-SummaryAuditReportforall_21-41.webp\" class=\"attachment-original size-original wp-image-1634\" alt=\"T\u00f3m t\u1eaft BSCI\" srcset=\"https:\/\/cdn.krcsports.com\/2024\/07\/BSCI-SummaryAuditReportforall_21-41.webp 850w, https:\/\/cdn.krcsports.com\/2024\/07\/BSCI-SummaryAuditReportforall_21-41-232x300.webp 232w, https:\/\/cdn.krcsports.com\/2024\/07\/BSCI-SummaryAuditReportforall_21-41-791x1024.webp 791w, https:\/\/cdn.krcsports.com\/2024\/07\/BSCI-SummaryAuditReportforall_21-41-768x994.webp 768w, https:\/\/cdn.krcsports.com\/2024\/07\/BSCI-SummaryAuditReportforall_21-41-9x12.webp 9w, https:\/\/cdn.krcsports.com\/2024\/07\/BSCI-SummaryAuditReportforall_21-41-600x776.webp 600w\" sizes=\"auto, (max-width: 850px) 100vw, 850px\" \/>\t\t\t\t\t\t\n\t\t\t\t\t<\/div>\n\t\t\t\t\t\t\t\t\n<style>\n#image_112811400 {\n  width: 100%;\n}\n<\/style>\n\t<\/div>\n\t\n\n\t<div class=\"img has-hover x md-x lg-x y md-y lg-y\" id=\"image_609760554\">\n\t\t\t\t\t\t\t\t<div class=\"img-inner dark\" >\n\t\t\t<img loading=\"lazy\" decoding=\"async\" width=\"745\" height=\"364\" src=\"https:\/\/cdn.krcsports.com\/2024\/10\/Sports-manufacture1.webp\" class=\"attachment-original size-original wp-image-2862\" alt=\"nh\u00e0 s\u1ea3n xu\u1ea5t\" srcset=\"https:\/\/cdn.krcsports.com\/2024\/10\/Sports-manufacture1.webp 745w, https:\/\/cdn.krcsports.com\/2024\/10\/Sports-manufacture1-300x147.webp 300w, https:\/\/cdn.krcsports.com\/2024\/10\/Sports-manufacture1-18x9.webp 18w, https:\/\/cdn.krcsports.com\/2024\/10\/Sports-manufacture1-600x293.webp 600w\" sizes=\"auto, (max-width: 745px) 100vw, 745px\" \/>\t\t\t\t\t\t\n\t\t\t\t\t<\/div>\n\t\t\t\t\t\t\t\t\n<style>\n#image_609760554 {\n  width: 100%;\n}\n<\/style>\n\t<\/div>\n\t\n\n\t<section class=\"section\" id=\"section_1152419007\">\n\t\t<div class=\"bg section-bg fill bg-fill  bg-loaded\" >\n\n\t\t\t\n\t\t\t\n\t\t\t\n\n\t\t<\/div>\n\n\t\t\n\n\t\t<div class=\"section-content relative\">\n\t\t\t\n\n<h2>\u0110\u1ed9i ng\u0169 chuy\u00ean nghi\u1ec7p c\u1ee7a ch\u00fang t\u00f4i<\/h2>\n\n\t\t<\/div>\n\n\t\t\n<style>\n#section_1152419007 {\n  padding-top: 30px;\n  padding-bottom: 30px;\n}\n<\/style>\n\t<\/section>\n\t\n\t<section class=\"section\" id=\"section_1105294670\">\n\t\t<div class=\"bg section-bg fill bg-fill  bg-loaded\" >\n\n\t\t\t\n\t\t\t\n\t\t\t\n\n\t\t<\/div>\n\n\t\t\n\n\t\t<div class=\"section-content relative\">\n\t\t\t\n\n\t<div class=\"img has-hover x md-x lg-x y md-y lg-y\" id=\"image_497961985\">\n\t\t\t\t\t\t\t\t<div class=\"img-inner dark\" >\n\t\t\t<img loading=\"lazy\" decoding=\"async\" width=\"493\" height=\"301\" src=\"https:\/\/cdn.krcsports.com\/2024\/10\/team002.webp\" class=\"attachment-large size-large wp-image-2863\" alt=\"\u0111\u1ed9i\" srcset=\"https:\/\/cdn.krcsports.com\/2024\/10\/team002.webp 493w, https:\/\/cdn.krcsports.com\/2024\/10\/team002-300x183.webp 300w, https:\/\/cdn.krcsports.com\/2024\/10\/team002-18x12.webp 18w\" sizes=\"auto, (max-width: 493px) 100vw, 493px\" \/>\t\t\t\t\t\t\n\t\t\t\t\t<\/div>\n\t\t\t\t\t\t\t\t\n<style>\n#image_497961985 {\n  width: 100%;\n}\n<\/style>\n\t<\/div>\n\t\n\n\n\t\t<\/div>\n\n\t\t\n<style>\n#section_1105294670 {\n  padding-top: 30px;\n  padding-bottom: 30px;\n}\n<\/style>\n\t<\/section>\n\t\n\t<section class=\"section\" id=\"section_1161413342\">\n\t\t<div class=\"bg section-bg fill bg-fill  bg-loaded\" >\n\n\t\t\t\n\t\t\t\n\t\t\t\n\n\t\t<\/div>\n\n\t\t\n\n\t\t<div class=\"section-content relative\">\n\t\t\t\n\n\t<div class=\"img has-hover x md-x lg-x y md-y lg-y\" id=\"image_227664533\">\n\t\t\t\t\t\t\t\t<div class=\"img-inner dark\" >\n\t\t\t<img loading=\"lazy\" decoding=\"async\" width=\"1020\" height=\"466\" src=\"https:\/\/cdn.krcsports.com\/2024\/10\/exhibition1-1024x468.webp\" class=\"attachment-large size-large wp-image-2864\" alt=\"tri\u1ec3n l\u00e3m\" srcset=\"https:\/\/cdn.krcsports.com\/2024\/10\/exhibition1-1024x468.webp 1024w, https:\/\/cdn.krcsports.com\/2024\/10\/exhibition1-300x137.webp 300w, https:\/\/cdn.krcsports.com\/2024\/10\/exhibition1-768x351.webp 768w, https:\/\/cdn.krcsports.com\/2024\/10\/exhibition1-18x8.webp 18w, https:\/\/cdn.krcsports.com\/2024\/10\/exhibition1-600x274.webp 600w, https:\/\/cdn.krcsports.com\/2024\/10\/exhibition1.webp 1200w\" sizes=\"auto, (max-width: 1020px) 100vw, 1020px\" \/>\t\t\t\t\t\t\n\t\t\t\t\t<\/div>\n\t\t\t\t\t\t\t\t\n<style>\n#image_227664533 {\n  width: 100%;\n}\n<\/style>\n\t<\/div>\n\t\n\n\n\t\t<\/div>\n\n\t\t\n<style>\n#section_1161413342 {\n  padding-top: 30px;\n  padding-bottom: 30px;\n}\n<\/style>\n\t<\/section>\n\t\n<p>\n\n<div class=\"wpcf7 no-js\" id=\"wpcf7-f5-o1\" lang=\"en-US\" dir=\"ltr\">\n<div class=\"screen-reader-response\"><p role=\"status\" aria-live=\"polite\" aria-atomic=\"true\"><\/p> <ul><\/ul><\/div>\n<form action=\"\/vi\/wp-json\/wp\/v2\/product\/2153#wpcf7-f5-o1\" method=\"post\" class=\"wpcf7-form init\" aria-label=\"Bi\u1ec3u m\u1eabu li\u00ean h\u1ec7\" novalidate=\"novalidate\" data-status=\"init\" data-trp-original-action=\"\/vi\/wp-json\/wp\/v2\/product\/2153#wpcf7-f5-o1\">\n<div style=\"display: none;\">\n<input type=\"hidden\" name=\"_wpcf7\" value=\"5\" \/>\n<input type=\"hidden\" name=\"_wpcf7_version\" value=\"5.9.5\" \/>\n<input type=\"hidden\" name=\"_wpcf7_locale\" value=\"en_US\" \/>\n<input type=\"hidden\" name=\"_wpcf7_unit_tag\" value=\"wpcf7-f5-o1\" \/>\n<input type=\"hidden\" name=\"_wpcf7_container_post\" value=\"0\" \/>\n<input type=\"hidden\" name=\"_wpcf7_posted_data_hash\" value=\"\" \/>\n<\/div>\n<div class='custom_contact_style'>\n\t<p><label> T\u00ean c\u1ee7a b\u1ea1n<br \/>\n<span class=\"wpcf7-form-control-wrap\" data-name=\"your-name\"><input size=\"40\" class=\"wpcf7-form-control wpcf7-text wpcf7-validates-as-required\" autocomplete=\"name\" aria-required=\"true\" aria-invalid=\"false\" value=\"\" type=\"text\" name=\"your-name\" \/><\/span> <\/label>\n\t<\/p>\n\t<p><label> Email c\u1ee7a b\u1ea1n<br \/>\n<span class=\"wpcf7-form-control-wrap\" data-name=\"your-email\"><input size=\"40\" class=\"wpcf7-form-control wpcf7-email wpcf7-validates-as-required wpcf7-text wpcf7-validates-as-email\" autocomplete=\"email\" aria-required=\"true\" aria-invalid=\"false\" value=\"\" type=\"email\" name=\"your-email\" \/><\/span> <\/label>\n\t<\/p>\n\t<p><label> Tin nh\u1eafn c\u1ee7a b\u1ea1n (t\u00f9y ch\u1ecdn)<br \/>\n<span class=\"wpcf7-form-control-wrap\" data-name=\"your-message\"><textarea cols=\"40\" rows=\"10\" class=\"wpcf7-form-control wpcf7-textarea\" aria-invalid=\"false\" name=\"your-message\"><\/textarea><\/span> <\/label>\n\t<\/p>\n\t<div style=\"margin-bottom:10px;\">\n\t\t<p><span class=\"wpcf7-form-control-wrap kc_captcha cf7ic-toggle\" data-name=\"kc_captcha\"><span class=\"wpcf7-form-control wpcf7-radio\"><span class=\"captcha-image\" style=\"display: none;\"><span class=\"cf7ic_instructions\">H\u00e3y ch\u1ee9ng minh b\u1ea1n l\u00e0 ng\u01b0\u1eddi b\u1eb1ng c\u00e1ch ch\u1ecdn<span> ch\u00eca kh\u00f3a<\/span>.<\/span><label><input type=\"radio\" name=\"kc_captcha\" value=\"bot\" \/><svg width=\"50\" height=\"50\" aria-hidden=\"true\" role=\"img\" xmlns=\"http:\/\/www.w3.org\/2000\/svg\" viewbox=\"0 0 576 512\"><path fill=\"currentColor\" d=\"M488 313v143c0 13-11 24-24 24H348c-7 0-12-5-12-12V356c0-7-5-12-12-12h-72c-7 0-12 5-12 12v112c0 7-5 12-12 12H112c-13 0-24-11-24-24V313c0-4 2-7 4-10l188-154c5-4 11-4 16 0l188 154c2 3 4 6 4 10zm84-61l-84-69V44c0-6-5-12-12-12h-56c-7 0-12 6-12 12v73l-89-74a48 48 0 00-61 0L4 252c-5 4-5 12-1 17l25 31c5 5 12 5 17 1l235-193c5-4 11-4 16 0l235 193c5 5 13 4 17-1l25-31c4-6 4-13-1-17z\"\/><\/svg><\/label><label><input type=\"radio\" name=\"kc_captcha\" value=\"bot\" \/><svg width=\"50\" height=\"50\" aria-hidden=\"true\" role=\"img\" xmlns=\"http:\/\/www.w3.org\/2000\/svg\" viewbox=\"0 0 576 512\"><path fill=\"currentColor\" d=\"M259 18l-65 132-146 22c-26 3-37 36-18 54l106 103-25 146c-5 26 23 46 46 33l131-68 131 68c23 13 51-7 46-33l-25-146 106-103c19-18 8-51-18-54l-146-22-65-132a32 32 0 00-58 0z\"\/><\/svg><\/label><label><input type=\"radio\" name=\"kc_captcha\" value=\"kc_human\" \/><svg width=\"50\" height=\"50\" aria-hidden=\"true\" role=\"img\" xmlns=\"http:\/\/www.w3.org\/2000\/svg\" viewbox=\"0 0 512 512\"><path fill=\"currentColor\" d=\"M512 176a176 176 0 01-209 173l-24 27a24 24 0 01-18 8h-37v40c0 13-11 24-24 24h-40v40c0 13-11 24-24 24H24c-13 0-24-11-24-24v-78c0-6 3-13 7-17l162-162a176 176 0 11343-55zm-176-48a48 48 0 1096 0 48 48 0 00-96 0z\"\/><\/svg><\/label>\r\n    <\/span>\r\n    <span style=\"display:none\">\r\n        <input type=\"text\" name=\"kc_honeypot\">\r\n    <\/span><\/span><\/span>\n\t\t<\/p>\n\t<\/div>\n\t<p><input class=\"wpcf7-form-control wpcf7-submit has-spinner\" type=\"submit\" value=\"N\u1ed9p\" \/>\n\t<\/p>\n<\/div><div class=\"wpcf7-response-output\" aria-hidden=\"true\"><\/div>\n<input type=\"hidden\" name=\"trp-form-language\" value=\"vi\"\/><\/form>\n<\/div>\n\n\n<\/p>","protected":false},"excerpt":{"rendered":"<p>T\u1ea5m b\u1ea3o v\u1ec7 ng\u1ef1c \u0110\u01b0\u1ee3c l\u00e0m t\u1eeb da oxford ch\u1eafc ch\u1eafn.<\/p>\n<p>L\u1edbp x\u1ed1p XPE v\u00e0 chip tre b\u00ean trong gi\u00fap h\u1ea5p th\u1ee5 s\u1ed1c t\u1ed1t h\u01a1n.<\/p>\n<p>D\u00e2y \u0111eo sau l\u01b0ng c\u00f3 kh\u00f3a \u0111\u1ec3 \u0111i\u1ec1u ch\u1ec9nh v\u00e0 d\u1ec5 m\u1eb7c.<\/p>\n<p>Ph\u00f9 h\u1ee3p cho v\u00f5 thu\u1eadt, quy\u1ec1n anh, MMA, Muay Th\u00e1i, Sanda v\u00e0 t\u1ea5t c\u1ea3 c\u00e1c m\u00f4n th\u1ec3 thao c\u1ea7n b\u1ea3o v\u1ec7 ng\u1ef1c.<\/p>\n<p>Thi\u1ebft k\u1ebf Unisex v\u00e0 ba m\u00e0u \u0111\u1ec3 l\u1ef1a ch\u1ecdn<\/p>","protected":false},"featured_media":2196,"template":"","meta":[],"product_cat":[60,51,44],"product_tag":[],"class_list":{"0":"post-2153","1":"product","2":"type-product","3":"status-publish","4":"has-post-thumbnail","6":"product_cat-taekwondo-protective-gear","7":"product_cat-martial-arts-protective-gear","8":"product_cat-boxing-protective-gear","10":"first","11":"instock","12":"shipping-taxable","13":"product-type-simple"},"yoast_head":"<!-- This site is optimized with the Yoast SEO plugin v22.7 - https:\/\/yoast.com\/wordpress\/plugins\/seo\/ -->\n<title>martial arts chest guard - trustworthy combat sports equipment manufacturer<\/title>\n<meta name=\"description\" content=\"Custom High Quality Martial Arts Chest Guard Mens Women Wushu Sanda Chest Guards\" \/>\n<meta name=\"robots\" content=\"index, follow, max-snippet:-1, max-image-preview:large, max-video-preview:-1\" \/>\n<link rel=\"canonical\" href=\"https:\/\/krcsports.com\/vi\/san-pham\/martial-arts-chest-guard\/\" \/>\n<meta property=\"og:locale\" content=\"vi_VN\" \/>\n<meta property=\"og:type\" content=\"article\" \/>\n<meta property=\"og:title\" content=\"martial arts chest guard - trustworthy combat sports equipment manufacturer\" \/>\n<meta property=\"og:description\" content=\"Custom High Quality Martial Arts Chest Guard Mens Women Wushu Sanda Chest Guards\" \/>\n<meta property=\"og:url\" content=\"https:\/\/krcsports.com\/vi\/san-pham\/martial-arts-chest-guard\/\" \/>\n<meta property=\"og:site_name\" content=\"trustworthy combat sports equipment manufacturer\" \/>\n<meta property=\"article:publisher\" content=\"https:\/\/www.facebook.com\/people\/Krc-sports\/100063994129159\/\" \/>\n<meta property=\"article:modified_time\" content=\"2024-12-01T05:14:19+00:00\" \/>\n<meta property=\"og:image\" content=\"https:\/\/krcsports.com\/wp-content\/uploads\/2024\/09\/chest-guard012.webp\" \/>\n\t<meta property=\"og:image:width\" content=\"800\" \/>\n\t<meta property=\"og:image:height\" content=\"800\" \/>\n\t<meta property=\"og:image:type\" content=\"image\/webp\" \/>\n<meta name=\"twitter:card\" content=\"summary_large_image\" \/>\n<meta name=\"twitter:label1\" content=\"\u01af\u1edbc t\u00ednh th\u1eddi gian \u0111\u1ecdc\" \/>\n\t<meta name=\"twitter:data1\" content=\"2 ph\u00fat\" \/>\n<script type=\"application\/ld+json\" class=\"yoast-schema-graph\">{\"@context\":\"https:\/\/schema.org\",\"@graph\":[{\"@type\":\"WebPage\",\"@id\":\"https:\/\/krcsports.com\/manufacturer\/martial-arts-chest-guard\/\",\"url\":\"https:\/\/krcsports.com\/manufacturer\/martial-arts-chest-guard\/\",\"name\":\"martial arts chest guard - trustworthy combat sports equipment manufacturer\",\"isPartOf\":{\"@id\":\"https:\/\/krcsports.com\/#website\"},\"primaryImageOfPage\":{\"@id\":\"https:\/\/krcsports.com\/manufacturer\/martial-arts-chest-guard\/#primaryimage\"},\"image\":{\"@id\":\"https:\/\/krcsports.com\/manufacturer\/martial-arts-chest-guard\/#primaryimage\"},\"thumbnailUrl\":\"https:\/\/cdn.krcsports.com\/2024\/09\/chest-guard012.webp\",\"datePublished\":\"2024-09-09T08:06:30+00:00\",\"dateModified\":\"2024-12-01T05:14:19+00:00\",\"description\":\"Custom High Quality Martial Arts Chest Guard Mens Women Wushu Sanda Chest Guards\",\"breadcrumb\":{\"@id\":\"https:\/\/krcsports.com\/manufacturer\/martial-arts-chest-guard\/#breadcrumb\"},\"inLanguage\":\"vi\",\"potentialAction\":[{\"@type\":\"ReadAction\",\"target\":[\"https:\/\/krcsports.com\/manufacturer\/martial-arts-chest-guard\/\"]}]},{\"@type\":\"ImageObject\",\"inLanguage\":\"vi\",\"@id\":\"https:\/\/krcsports.com\/manufacturer\/martial-arts-chest-guard\/#primaryimage\",\"url\":\"https:\/\/cdn.krcsports.com\/2024\/09\/chest-guard012.webp\",\"contentUrl\":\"https:\/\/cdn.krcsports.com\/2024\/09\/chest-guard012.webp\",\"width\":800,\"height\":800,\"caption\":\"chest guard\"},{\"@type\":\"BreadcrumbList\",\"@id\":\"https:\/\/krcsports.com\/manufacturer\/martial-arts-chest-guard\/#breadcrumb\",\"itemListElement\":[{\"@type\":\"ListItem\",\"position\":1,\"name\":\"Home\",\"item\":\"https:\/\/krcsports.com\/\"},{\"@type\":\"ListItem\",\"position\":2,\"name\":\"Products\",\"item\":\"https:\/\/krcsports.com\/shop\/\"},{\"@type\":\"ListItem\",\"position\":3,\"name\":\"martial arts chest guard\"}]},{\"@type\":\"WebSite\",\"@id\":\"https:\/\/krcsports.com\/#website\",\"url\":\"https:\/\/krcsports.com\/\",\"name\":\"krc sports\",\"description\":\"\",\"publisher\":{\"@id\":\"https:\/\/krcsports.com\/#organization\"},\"potentialAction\":[{\"@type\":\"SearchAction\",\"target\":{\"@type\":\"EntryPoint\",\"urlTemplate\":\"https:\/\/krcsports.com\/?s={search_term_string}\"},\"query-input\":\"required name=search_term_string\"}],\"inLanguage\":\"vi\"},{\"@type\":\"Organization\",\"@id\":\"https:\/\/krcsports.com\/#organization\",\"name\":\"krc sports\",\"url\":\"https:\/\/krcsports.com\/\",\"logo\":{\"@type\":\"ImageObject\",\"inLanguage\":\"vi\",\"@id\":\"https:\/\/krcsports.com\/#\/schema\/logo\/image\/\",\"url\":\"https:\/\/krcsports.com\/wp-content\/uploads\/2024\/07\/logo.webp\",\"contentUrl\":\"https:\/\/krcsports.com\/wp-content\/uploads\/2024\/07\/logo.webp\",\"width\":80,\"height\":60,\"caption\":\"krc sports\"},\"image\":{\"@id\":\"https:\/\/krcsports.com\/#\/schema\/logo\/image\/\"},\"sameAs\":[\"https:\/\/www.facebook.com\/people\/Krc-sports\/100063994129159\/\"]}]}<\/script>\n<!-- \/ Yoast SEO plugin. -->","yoast_head_json":{"title":"b\u1ea3o v\u1ec7 ng\u1ef1c v\u00f5 thu\u1eadt - nh\u00e0 s\u1ea3n xu\u1ea5t thi\u1ebft b\u1ecb th\u1ec3 thao chi\u1ebfn \u0111\u1ea5u \u0111\u00e1ng tin c\u1eady","description":"B\u1ea3o v\u1ec7 ng\u1ef1c v\u00f5 thu\u1eadt ch\u1ea5t l\u01b0\u1ee3ng cao t\u00f9y ch\u1ec9nh cho nam v\u00e0 n\u1eef Wushu Sanda","robots":{"index":"index","follow":"follow","max-snippet":"max-snippet:-1","max-image-preview":"max-image-preview:large","max-video-preview":"max-video-preview:-1"},"canonical":"https:\/\/krcsports.com\/vi\/san-pham\/martial-arts-chest-guard\/","og_locale":"vi_VN","og_type":"article","og_title":"martial arts chest guard - trustworthy combat sports equipment manufacturer","og_description":"Custom High Quality Martial Arts Chest Guard Mens Women Wushu Sanda Chest Guards","og_url":"https:\/\/krcsports.com\/vi\/san-pham\/martial-arts-chest-guard\/","og_site_name":"trustworthy combat sports equipment manufacturer","article_publisher":"https:\/\/www.facebook.com\/people\/Krc-sports\/100063994129159\/","article_modified_time":"2024-12-01T05:14:19+00:00","og_image":[{"width":800,"height":800,"url":"https:\/\/krcsports.com\/wp-content\/uploads\/2024\/09\/chest-guard012.webp","type":"image\/webp"}],"twitter_card":"summary_large_image","twitter_misc":{"\u01af\u1edbc t\u00ednh th\u1eddi gian \u0111\u1ecdc":"2 ph\u00fat"},"schema":{"@context":"https:\/\/schema.org","@graph":[{"@type":"WebPage","@id":"https:\/\/krcsports.com\/manufacturer\/martial-arts-chest-guard\/","url":"https:\/\/krcsports.com\/manufacturer\/martial-arts-chest-guard\/","name":"b\u1ea3o v\u1ec7 ng\u1ef1c v\u00f5 thu\u1eadt - nh\u00e0 s\u1ea3n xu\u1ea5t thi\u1ebft b\u1ecb th\u1ec3 thao chi\u1ebfn \u0111\u1ea5u \u0111\u00e1ng tin c\u1eady","isPartOf":{"@id":"https:\/\/krcsports.com\/#website"},"primaryImageOfPage":{"@id":"https:\/\/krcsports.com\/manufacturer\/martial-arts-chest-guard\/#primaryimage"},"image":{"@id":"https:\/\/krcsports.com\/manufacturer\/martial-arts-chest-guard\/#primaryimage"},"thumbnailUrl":"https:\/\/cdn.krcsports.com\/2024\/09\/chest-guard012.webp","datePublished":"2024-09-09T08:06:30+00:00","dateModified":"2024-12-01T05:14:19+00:00","description":"B\u1ea3o v\u1ec7 ng\u1ef1c v\u00f5 thu\u1eadt ch\u1ea5t l\u01b0\u1ee3ng cao t\u00f9y ch\u1ec9nh cho nam v\u00e0 n\u1eef Wushu Sanda","breadcrumb":{"@id":"https:\/\/krcsports.com\/manufacturer\/martial-arts-chest-guard\/#breadcrumb"},"inLanguage":"vi","potentialAction":[{"@type":"ReadAction","target":["https:\/\/krcsports.com\/manufacturer\/martial-arts-chest-guard\/"]}]},{"@type":"ImageObject","inLanguage":"vi","@id":"https:\/\/krcsports.com\/manufacturer\/martial-arts-chest-guard\/#primaryimage","url":"https:\/\/cdn.krcsports.com\/2024\/09\/chest-guard012.webp","contentUrl":"https:\/\/cdn.krcsports.com\/2024\/09\/chest-guard012.webp","width":800,"height":800,"caption":"chest guard"},{"@type":"BreadcrumbList","@id":"https:\/\/krcsports.com\/manufacturer\/martial-arts-chest-guard\/#breadcrumb","itemListElement":[{"@type":"ListItem","position":1,"name":"Home","item":"https:\/\/krcsports.com\/"},{"@type":"ListItem","position":2,"name":"Products","item":"https:\/\/krcsports.com\/shop\/"},{"@type":"ListItem","position":3,"name":"martial arts chest guard"}]},{"@type":"WebSite","@id":"https:\/\/krcsports.com\/#website","url":"https:\/\/krcsports.com\/","name":"th\u1ec3 thao krc","description":"","publisher":{"@id":"https:\/\/krcsports.com\/#organization"},"potentialAction":[{"@type":"SearchAction","target":{"@type":"EntryPoint","urlTemplate":"https:\/\/krcsports.com\/?s={search_term_string}"},"query-input":"required name=search_term_string"}],"inLanguage":"vi"},{"@type":"Organization","@id":"https:\/\/krcsports.com\/#organization","name":"th\u1ec3 thao krc","url":"https:\/\/krcsports.com\/","logo":{"@type":"ImageObject","inLanguage":"vi","@id":"https:\/\/krcsports.com\/#\/schema\/logo\/image\/","url":"https:\/\/krcsports.com\/wp-content\/uploads\/2024\/07\/logo.webp","contentUrl":"https:\/\/krcsports.com\/wp-content\/uploads\/2024\/07\/logo.webp","width":80,"height":60,"caption":"krc sports"},"image":{"@id":"https:\/\/krcsports.com\/#\/schema\/logo\/image\/"},"sameAs":["https:\/\/www.facebook.com\/people\/Krc-sports\/100063994129159\/"]}]}},"_links":{"self":[{"href":"https:\/\/krcsports.com\/vi\/wp-json\/wp\/v2\/product\/2153","targetHints":{"allow":["GET"]}}],"collection":[{"href":"https:\/\/krcsports.com\/vi\/wp-json\/wp\/v2\/product"}],"about":[{"href":"https:\/\/krcsports.com\/vi\/wp-json\/wp\/v2\/types\/product"}],"wp:featuredmedia":[{"embeddable":true,"href":"https:\/\/krcsports.com\/vi\/wp-json\/wp\/v2\/media\/2196"}],"wp:attachment":[{"href":"https:\/\/krcsports.com\/vi\/wp-json\/wp\/v2\/media?parent=2153"}],"wp:term":[{"taxonomy":"product_cat","embeddable":true,"href":"https:\/\/krcsports.com\/vi\/wp-json\/wp\/v2\/product_cat?post=2153"},{"taxonomy":"product_tag","embeddable":true,"href":"https:\/\/krcsports.com\/vi\/wp-json\/wp\/v2\/product_tag?post=2153"}],"curies":[{"name":"wp","href":"https:\/\/api.w.org\/{rel}","templated":true}]}}