{"id":2146,"date":"2024-09-09T08:05:49","date_gmt":"2024-09-09T08:05:49","guid":{"rendered":"https:\/\/krcsports.com\/?post_type=product&#038;p=2146"},"modified":"2024-11-10T09:16:53","modified_gmt":"2024-11-10T09:16:53","slug":"kid-groin-guard","status":"publish","type":"product","link":"https:\/\/krcsports.com\/vi\/manufacturer\/kid-groin-guard\/","title":{"rendered":"b\u1ea3o v\u1ec7 h\u00e1ng tr\u1ebb em"},"content":{"rendered":"<section class=\"section\" id=\"section_446532453\">\n\t\t<div class=\"bg section-bg fill bg-fill  bg-loaded\" >\n\n\t\t\t\n\t\t\t\n\t\t\t\n\n\t\t<\/div>\n\n\t\t\n\n\t\t<div class=\"section-content relative\">\n\t\t\t\n<ul class=\"a-unordered-list a-vertical a-spacing-mini\">\n<li class=\"a-spacing-mini\"><span class=\"a-list-item\">\u0110ai b\u1ea3o v\u1ec7 h\u00e1ng cho tr\u1ebb em Cup Boy h\u1ea5p th\u1ee5 s\u1ed1c Taekwondo Boxing Kickboxing Fight Sports \u0110ai b\u1ea3o v\u1ec7 b\u1ee5ng cho t\u1eadp luy\u1ec7n chi\u1ebfn \u0111\u1ea5u Karate. Thi\u1ebft k\u1ebf tho\u00e1ng kh\u00ed c\u00f3 th\u1ec3 gi\u00fap b\u1ea1n tho\u1ea3i m\u00e1i h\u01a1n khi \u0111eo v\u00e0 gi\u1ea3m ma s\u00e1t<\/span><\/li>\n<\/ul>\n<p>\u00a0<\/p>\n<ul class=\"a-unordered-list a-vertical a-spacing-mini\">\n<li class=\"a-spacing-mini\"><span class=\"a-list-item\">v\u1eeba v\u1eb7n \u0111\u00e0n h\u1ed3i: d\u00e2y \u0111ai \u0111\u00e0n h\u1ed3i v\u00e0 \u0111ai l\u01b0ng \u0111\u00e0n h\u1ed3i cho ph\u00e9p ng\u01b0\u1eddi d\u00f9ng t\u00ecm \u0111\u01b0\u1ee3c s\u1ef1 v\u1eeba v\u1eb7n tho\u1ea3i m\u00e1i t\u1ed1i \u01b0u c\u1ee7a ph\u1ea7n h\u1ed7 tr\u1ee3 h\u00e1ng, cho ph\u00e9p h\u1ecd luy\u1ec7n t\u1eadp v\u00e0 r\u00e8n luy\u1ec7n tho\u1ea3i m\u00e1i nh\u1ea5t c\u00f3 th\u1ec3<\/span><\/li>\n<\/ul>\n<p>\u00a0<\/p>\n<ul class=\"a-unordered-list a-vertical a-spacing-mini\">\n<li class=\"a-spacing-mini\"><span class=\"a-list-item\">th\u00f4ng gi\u00f3 v\u00e0 th\u1ea5m m\u1ed3 h\u00f4i: v\u1ea3i polyester th\u00f4ng gi\u00f3 v\u00e0 th\u1ea5m m\u1ed3 h\u00f4i \u0111\u1ec3 \u0111\u1ea3m b\u1ea3o ng\u01b0\u1eddi d\u00f9ng c\u00f3 th\u1ec3 t\u1eadn h\u01b0\u1edfng tr\u1ea3i nghi\u1ec7m t\u1eadp luy\u1ec7n kh\u00f4 r\u00e1o v\u00e0 tho\u1ea3i m\u00e1i khi s\u1eed d\u1ee5ng \u0111ai h\u1ed7 tr\u1ee3 h\u00e1ng cho nam gi\u1edbi<\/span><\/li>\n<\/ul>\n<p>\u00a0<\/p>\n<ul class=\"a-unordered-list a-vertical a-spacing-mini\">\n<li class=\"a-spacing-mini\"><span class=\"a-list-item\">B\u1ea3o v\u1ec7 b\u1ee5ng b\u1eb9n Th\u00e1i Lan: R\u1ea5t \u0111\u01b0\u1ee3c khuy\u1ebfn kh\u00edch s\u1eed d\u1ee5ng cho taekwondo, boxing, karate, v.v. R\u1ea5t h\u1eefu \u00edch. M\u1eadt \u0111\u1ed9 cao b\u00ean trong, cung c\u1ea5p kh\u1ea3 n\u0103ng b\u1ea3o v\u1ec7 m\u1ea1nh m\u1ebd v\u00e0 ch\u0103m s\u00f3c h\u1ea5p th\u1ee5 s\u1ed1c. B\u1ea3o v\u1ec7 b\u1eb9n chuy\u00ean nghi\u1ec7p B\u1ea3o v\u1ec7 \u0111\u00e1y qu\u1ea7n ch\u1ed1ng m\u00e0i m\u00f2n B\u1ea3o v\u1ec7 \u0111\u00e1y qu\u1ea7n di \u0111\u1ed9ng<\/span><\/li>\n<\/ul>\n<p>\u00a0<\/p>\n<ul class=\"a-unordered-list a-vertical a-spacing-mini\">\n<li class=\"a-spacing-mini\"><span class=\"a-list-item\">B\u1ea3o v\u1ec7 h\u00e1ng cho Boxing: Cho d\u00f9 b\u1ea1n l\u00e0 m\u1ed9t ng\u01b0\u1eddi chuy\u00ean nghi\u1ec7p hay ch\u1ec9 l\u00e0 m\u1ed9t ng\u01b0\u1eddi y\u00eau th\u00edch boxing nghi\u1ec7p d\u01b0, th\u00ec vi\u1ec7c trang b\u1ecb b\u1ea3o v\u1ec7 n\u00e0y l\u00e0 c\u1ea7n thi\u1ebft. Ch\u1ea5t li\u1ec7u PU, nh\u1ef1a k\u1ef9 thu\u1eadt ABS v\u00e0 b\u1ecdt bi\u1ec3n b\u1ec1n, b\u1ea3o v\u1ec7 n\u00e0y ph\u00f9 h\u1ee3p cho c\u00e1c m\u00f4n th\u1ec3 thao c\u1ea1nh tranh d\u00e0nh cho nam gi\u1edbi<\/span><\/li>\n<\/ul>\n\t\t<\/div>\n\n\t\t\n<style>\n#section_446532453 {\n  padding-top: 30px;\n  padding-bottom: 30px;\n}\n<\/style>\n\t<\/section>","protected":false},"excerpt":{"rendered":"<p>. Ch\u1ea5t li\u1ec7u: PU<\/p>\n<p>. Cho ph\u00e9p v\u1eeba v\u1eb7n tho\u1ea3i m\u00e1i, kh\u00f4ng b\u1ecb h\u1ea1n ch\u1ebf<\/p>\n<p>. Cung c\u1ea5p kh\u1ea3 n\u0103ng b\u1ea3o v\u1ec7 t\u0103ng c\u01b0\u1eddng<\/p>\n<p>. Thi\u1ebft k\u1ebf tuy\u1ec7t v\u1eddi gi\u00fap b\u1ea3o v\u1ec7 v\u00f9ng b\u1eb9n v\u00e0 b\u1ee5ng d\u01b0\u1edbi<\/p>\n<p>. Gi\u00fap b\u1ea3o v\u1ec7 th\u1eadn, gan, h\u00e1ng, nam gi\u1edbi v\u00e0 h\u00f4ng<\/p>","protected":false},"featured_media":2266,"template":"","meta":[],"product_cat":[51,44],"product_tag":[],"class_list":{"0":"post-2146","1":"product","2":"type-product","3":"status-publish","4":"has-post-thumbnail","6":"product_cat-martial-arts-protective-gear","7":"product_cat-boxing-protective-gear","9":"first","10":"instock","11":"shipping-taxable","12":"product-type-simple"},"yoast_head":"<!-- This site is optimized with the Yoast SEO plugin v22.7 - https:\/\/yoast.com\/wordpress\/plugins\/seo\/ -->\n<title>kid groin guard - trustworthy combat sports equipment manufacturer<\/title>\n<meta name=\"description\" content=\"Kids Groin Guard, Sports Groin Abdominal Protector Boxing Taekwondo Groin Guard Protection Karate Thai Groin Ab Protector Kickboxing Fight Protective Cup Red\" \/>\n<meta name=\"robots\" content=\"index, follow, max-snippet:-1, max-image-preview:large, max-video-preview:-1\" \/>\n<link rel=\"canonical\" href=\"https:\/\/krcsports.com\/vi\/san-pham\/kid-groin-guard\/\" \/>\n<meta property=\"og:locale\" content=\"vi_VN\" \/>\n<meta property=\"og:type\" content=\"article\" \/>\n<meta property=\"og:title\" content=\"kid groin guard - trustworthy combat sports equipment manufacturer\" \/>\n<meta property=\"og:description\" content=\"Kids Groin Guard, Sports Groin Abdominal Protector Boxing Taekwondo Groin Guard Protection Karate Thai Groin Ab Protector Kickboxing Fight Protective Cup Red\" \/>\n<meta property=\"og:url\" content=\"https:\/\/krcsports.com\/vi\/san-pham\/kid-groin-guard\/\" \/>\n<meta property=\"og:site_name\" content=\"trustworthy combat sports equipment manufacturer\" \/>\n<meta property=\"article:publisher\" content=\"https:\/\/www.facebook.com\/people\/Krc-sports\/100063994129159\/\" \/>\n<meta property=\"article:modified_time\" content=\"2024-11-10T09:16:53+00:00\" \/>\n<meta property=\"og:image\" content=\"https:\/\/krcsports.com\/wp-content\/uploads\/2024\/09\/kid-groin-guard1.webp\" \/>\n\t<meta property=\"og:image:width\" content=\"800\" \/>\n\t<meta property=\"og:image:height\" content=\"800\" \/>\n\t<meta property=\"og:image:type\" content=\"image\/webp\" \/>\n<meta name=\"twitter:card\" content=\"summary_large_image\" \/>\n<meta name=\"twitter:label1\" content=\"\u01af\u1edbc t\u00ednh th\u1eddi gian \u0111\u1ecdc\" \/>\n\t<meta name=\"twitter:data1\" content=\"1 ph\u00fat\" \/>\n<script type=\"application\/ld+json\" class=\"yoast-schema-graph\">{\"@context\":\"https:\/\/schema.org\",\"@graph\":[{\"@type\":\"WebPage\",\"@id\":\"https:\/\/krcsports.com\/manufacturer\/kid-groin-guard\/\",\"url\":\"https:\/\/krcsports.com\/manufacturer\/kid-groin-guard\/\",\"name\":\"kid groin guard - trustworthy combat sports equipment manufacturer\",\"isPartOf\":{\"@id\":\"https:\/\/krcsports.com\/#website\"},\"primaryImageOfPage\":{\"@id\":\"https:\/\/krcsports.com\/manufacturer\/kid-groin-guard\/#primaryimage\"},\"image\":{\"@id\":\"https:\/\/krcsports.com\/manufacturer\/kid-groin-guard\/#primaryimage\"},\"thumbnailUrl\":\"https:\/\/cdn.krcsports.com\/2024\/09\/kid-groin-guard1.webp\",\"datePublished\":\"2024-09-09T08:05:49+00:00\",\"dateModified\":\"2024-11-10T09:16:53+00:00\",\"description\":\"Kids Groin Guard, Sports Groin Abdominal Protector Boxing Taekwondo Groin Guard Protection Karate Thai Groin Ab Protector Kickboxing Fight Protective Cup Red\",\"breadcrumb\":{\"@id\":\"https:\/\/krcsports.com\/manufacturer\/kid-groin-guard\/#breadcrumb\"},\"inLanguage\":\"vi\",\"potentialAction\":[{\"@type\":\"ReadAction\",\"target\":[\"https:\/\/krcsports.com\/manufacturer\/kid-groin-guard\/\"]}]},{\"@type\":\"ImageObject\",\"inLanguage\":\"vi\",\"@id\":\"https:\/\/krcsports.com\/manufacturer\/kid-groin-guard\/#primaryimage\",\"url\":\"https:\/\/cdn.krcsports.com\/2024\/09\/kid-groin-guard1.webp\",\"contentUrl\":\"https:\/\/cdn.krcsports.com\/2024\/09\/kid-groin-guard1.webp\",\"width\":800,\"height\":800,\"caption\":\"kid groin guard\"},{\"@type\":\"BreadcrumbList\",\"@id\":\"https:\/\/krcsports.com\/manufacturer\/kid-groin-guard\/#breadcrumb\",\"itemListElement\":[{\"@type\":\"ListItem\",\"position\":1,\"name\":\"Home\",\"item\":\"https:\/\/krcsports.com\/\"},{\"@type\":\"ListItem\",\"position\":2,\"name\":\"Products\",\"item\":\"https:\/\/krcsports.com\/shop\/\"},{\"@type\":\"ListItem\",\"position\":3,\"name\":\"kid groin guard\"}]},{\"@type\":\"WebSite\",\"@id\":\"https:\/\/krcsports.com\/#website\",\"url\":\"https:\/\/krcsports.com\/\",\"name\":\"krc sports\",\"description\":\"\",\"publisher\":{\"@id\":\"https:\/\/krcsports.com\/#organization\"},\"potentialAction\":[{\"@type\":\"SearchAction\",\"target\":{\"@type\":\"EntryPoint\",\"urlTemplate\":\"https:\/\/krcsports.com\/?s={search_term_string}\"},\"query-input\":\"required name=search_term_string\"}],\"inLanguage\":\"vi\"},{\"@type\":\"Organization\",\"@id\":\"https:\/\/krcsports.com\/#organization\",\"name\":\"krc sports\",\"url\":\"https:\/\/krcsports.com\/\",\"logo\":{\"@type\":\"ImageObject\",\"inLanguage\":\"vi\",\"@id\":\"https:\/\/krcsports.com\/#\/schema\/logo\/image\/\",\"url\":\"https:\/\/krcsports.com\/wp-content\/uploads\/2024\/07\/logo.webp\",\"contentUrl\":\"https:\/\/krcsports.com\/wp-content\/uploads\/2024\/07\/logo.webp\",\"width\":80,\"height\":60,\"caption\":\"krc sports\"},\"image\":{\"@id\":\"https:\/\/krcsports.com\/#\/schema\/logo\/image\/\"},\"sameAs\":[\"https:\/\/www.facebook.com\/people\/Krc-sports\/100063994129159\/\"]}]}<\/script>\n<!-- \/ Yoast SEO plugin. -->","yoast_head_json":{"title":"b\u1ea3o v\u1ec7 h\u00e1ng tr\u1ebb em - nh\u00e0 s\u1ea3n xu\u1ea5t thi\u1ebft b\u1ecb th\u1ec3 thao chi\u1ebfn \u0111\u1ea5u \u0111\u00e1ng tin c\u1eady","description":"B\u1ea3o v\u1ec7 h\u00e1ng tr\u1ebb em, B\u1ea3o v\u1ec7 h\u00e1ng b\u1ee5ng th\u1ec3 thao Boxing Taekwondo B\u1ea3o v\u1ec7 h\u00e1ng Karate B\u1ea3o v\u1ec7 b\u1ee5ng Th\u00e1i Kickboxing Chi\u1ebfn \u0111\u1ea5u C\u00fap b\u1ea3o v\u1ec7 m\u00e0u \u0111\u1ecf","robots":{"index":"index","follow":"follow","max-snippet":"max-snippet:-1","max-image-preview":"max-image-preview:large","max-video-preview":"max-video-preview:-1"},"canonical":"https:\/\/krcsports.com\/vi\/san-pham\/kid-groin-guard\/","og_locale":"vi_VN","og_type":"article","og_title":"kid groin guard - trustworthy combat sports equipment manufacturer","og_description":"Kids Groin Guard, Sports Groin Abdominal Protector Boxing Taekwondo Groin Guard Protection Karate Thai Groin Ab Protector Kickboxing Fight Protective Cup Red","og_url":"https:\/\/krcsports.com\/vi\/san-pham\/kid-groin-guard\/","og_site_name":"trustworthy combat sports equipment manufacturer","article_publisher":"https:\/\/www.facebook.com\/people\/Krc-sports\/100063994129159\/","article_modified_time":"2024-11-10T09:16:53+00:00","og_image":[{"width":800,"height":800,"url":"https:\/\/krcsports.com\/wp-content\/uploads\/2024\/09\/kid-groin-guard1.webp","type":"image\/webp"}],"twitter_card":"summary_large_image","twitter_misc":{"\u01af\u1edbc t\u00ednh th\u1eddi gian \u0111\u1ecdc":"1 ph\u00fat"},"schema":{"@context":"https:\/\/schema.org","@graph":[{"@type":"WebPage","@id":"https:\/\/krcsports.com\/manufacturer\/kid-groin-guard\/","url":"https:\/\/krcsports.com\/manufacturer\/kid-groin-guard\/","name":"b\u1ea3o v\u1ec7 h\u00e1ng tr\u1ebb em - nh\u00e0 s\u1ea3n xu\u1ea5t thi\u1ebft b\u1ecb th\u1ec3 thao chi\u1ebfn \u0111\u1ea5u \u0111\u00e1ng tin c\u1eady","isPartOf":{"@id":"https:\/\/krcsports.com\/#website"},"primaryImageOfPage":{"@id":"https:\/\/krcsports.com\/manufacturer\/kid-groin-guard\/#primaryimage"},"image":{"@id":"https:\/\/krcsports.com\/manufacturer\/kid-groin-guard\/#primaryimage"},"thumbnailUrl":"https:\/\/cdn.krcsports.com\/2024\/09\/kid-groin-guard1.webp","datePublished":"2024-09-09T08:05:49+00:00","dateModified":"2024-11-10T09:16:53+00:00","description":"B\u1ea3o v\u1ec7 h\u00e1ng tr\u1ebb em, B\u1ea3o v\u1ec7 h\u00e1ng b\u1ee5ng th\u1ec3 thao Boxing Taekwondo B\u1ea3o v\u1ec7 h\u00e1ng Karate B\u1ea3o v\u1ec7 b\u1ee5ng Th\u00e1i Kickboxing Chi\u1ebfn \u0111\u1ea5u C\u00fap b\u1ea3o v\u1ec7 m\u00e0u \u0111\u1ecf","breadcrumb":{"@id":"https:\/\/krcsports.com\/manufacturer\/kid-groin-guard\/#breadcrumb"},"inLanguage":"vi","potentialAction":[{"@type":"ReadAction","target":["https:\/\/krcsports.com\/manufacturer\/kid-groin-guard\/"]}]},{"@type":"ImageObject","inLanguage":"vi","@id":"https:\/\/krcsports.com\/manufacturer\/kid-groin-guard\/#primaryimage","url":"https:\/\/cdn.krcsports.com\/2024\/09\/kid-groin-guard1.webp","contentUrl":"https:\/\/cdn.krcsports.com\/2024\/09\/kid-groin-guard1.webp","width":800,"height":800,"caption":"kid groin guard"},{"@type":"BreadcrumbList","@id":"https:\/\/krcsports.com\/manufacturer\/kid-groin-guard\/#breadcrumb","itemListElement":[{"@type":"ListItem","position":1,"name":"Home","item":"https:\/\/krcsports.com\/"},{"@type":"ListItem","position":2,"name":"Products","item":"https:\/\/krcsports.com\/shop\/"},{"@type":"ListItem","position":3,"name":"kid groin guard"}]},{"@type":"WebSite","@id":"https:\/\/krcsports.com\/#website","url":"https:\/\/krcsports.com\/","name":"th\u1ec3 thao krc","description":"","publisher":{"@id":"https:\/\/krcsports.com\/#organization"},"potentialAction":[{"@type":"SearchAction","target":{"@type":"EntryPoint","urlTemplate":"https:\/\/krcsports.com\/?s={search_term_string}"},"query-input":"required name=search_term_string"}],"inLanguage":"vi"},{"@type":"Organization","@id":"https:\/\/krcsports.com\/#organization","name":"th\u1ec3 thao krc","url":"https:\/\/krcsports.com\/","logo":{"@type":"ImageObject","inLanguage":"vi","@id":"https:\/\/krcsports.com\/#\/schema\/logo\/image\/","url":"https:\/\/krcsports.com\/wp-content\/uploads\/2024\/07\/logo.webp","contentUrl":"https:\/\/krcsports.com\/wp-content\/uploads\/2024\/07\/logo.webp","width":80,"height":60,"caption":"krc sports"},"image":{"@id":"https:\/\/krcsports.com\/#\/schema\/logo\/image\/"},"sameAs":["https:\/\/www.facebook.com\/people\/Krc-sports\/100063994129159\/"]}]}},"_links":{"self":[{"href":"https:\/\/krcsports.com\/vi\/wp-json\/wp\/v2\/product\/2146","targetHints":{"allow":["GET"]}}],"collection":[{"href":"https:\/\/krcsports.com\/vi\/wp-json\/wp\/v2\/product"}],"about":[{"href":"https:\/\/krcsports.com\/vi\/wp-json\/wp\/v2\/types\/product"}],"wp:featuredmedia":[{"embeddable":true,"href":"https:\/\/krcsports.com\/vi\/wp-json\/wp\/v2\/media\/2266"}],"wp:attachment":[{"href":"https:\/\/krcsports.com\/vi\/wp-json\/wp\/v2\/media?parent=2146"}],"wp:term":[{"taxonomy":"product_cat","embeddable":true,"href":"https:\/\/krcsports.com\/vi\/wp-json\/wp\/v2\/product_cat?post=2146"},{"taxonomy":"product_tag","embeddable":true,"href":"https:\/\/krcsports.com\/vi\/wp-json\/wp\/v2\/product_tag?post=2146"}],"curies":[{"name":"wp","href":"https:\/\/api.w.org\/{rel}","templated":true}]}}