{"id":2120,"date":"2024-09-09T07:46:58","date_gmt":"2024-09-09T07:46:58","guid":{"rendered":"https:\/\/krcsports.com\/?post_type=product&#038;p=2120"},"modified":"2024-12-01T02:27:09","modified_gmt":"2024-12-01T02:27:09","slug":"target-pads","status":"publish","type":"product","link":"https:\/\/krcsports.com\/vi\/manufacturer\/target-pads\/","title":{"rendered":"mi\u1ebfng \u0111\u1ec7m m\u1ee5c ti\u00eau"},"content":{"rendered":"<ul class=\"a-unordered-list a-vertical a-spacing-mini\">\n<li class=\"a-spacing-mini\"><span class=\"a-list-item\">Ch\u1ea5t li\u1ec7u ch\u1ea5t l\u01b0\u1ee3ng v\u00e0 kh\u1ea3 n\u0103ng h\u1ea5p th\u1ee5 t\u00e1c \u0111\u1ed9ng: mi\u1ebfng \u0111\u1ec7m \u0111\u00e1 taekwondo \u0111\u01b0\u1ee3c l\u00e0m b\u1eb1ng ch\u1ea5t li\u1ec7u PU ch\u1eafc ch\u1eafn v\u00e0 ch\u1ee9a \u0111\u1ea7y b\u1ecdt bi\u1ec3n ch\u1ea5t l\u01b0\u1ee3ng; \u0110i\u1ec1u n\u00e0y kh\u00f4ng ch\u1ec9 \u0111\u1ea3m b\u1ea3o \u0111\u1ed9 b\u1ec1n l\u00e2u d\u00e0i m\u00e0 c\u00f2n h\u1ea5p th\u1ee5 t\u00e1c \u0111\u1ed9ng tuy\u1ec7t v\u1eddi, b\u1ea3o v\u1ec7 c\u1ea3 ng\u01b0\u1eddi hu\u1ea5n luy\u1ec7n v\u00e0 v\u1eadn \u0111\u1ed9ng vi\u00ean kh\u1ecfi ch\u1ea5n th\u01b0\u01a1ng trong c\u00e1c c\u00fa \u0111\u00e1 v\u00e0 \u0111\u00f2n \u0111\u00e1nh m\u1ea1nh.<\/span><\/li>\n<\/ul>\n<p>\u00a0<\/p>\n<ul class=\"a-unordered-list a-vertical a-spacing-mini\">\n<li class=\"a-spacing-mini\"><span class=\"a-list-item\">T\u00f9y ch\u1ecdn k\u00edch th\u01b0\u1edbc \u0111a d\u1ea1ng: c\u00e1c thi\u1ebft b\u1ecb taekwondo n\u00e0y c\u00f3 2 t\u00f9y ch\u1ecdn k\u00edch th\u01b0\u1edbc ri\u00eang bi\u1ec7t, mang \u0111\u1ebfn s\u1ef1 luy\u1ec7n t\u1eadp t\u1ed1i \u01b0u cho c\u00e1c tr\u01b0\u1eddng h\u1ee3p s\u1eed d\u1ee5ng kh\u00e1c nhau; H\u00ecnh d\u1ea1ng ch\u00e2n g\u00e0 kho\u1ea3ng 15,35 x 7,48 x 1,97 inch\/ 39 x 19 x 5 cm, th\u00edch h\u1ee3p cho vi\u1ec7c luy\u1ec7n t\u1eadp ch\u00ednh x\u00e1c v\u00e0 h\u00ecnh vu\u00f4ng kho\u1ea3ng 15,75 x 7,87 x 3,94 inch\/ 40 x 20 x 10 cm, l\u00fd t\u01b0\u1edfng cho nh\u1eefng ng\u01b0\u1eddi mu\u1ed1n luy\u1ec7n t\u1eadp v\u1edbi b\u1ec1 m\u1eb7t r\u1ed9ng h\u01a1n<\/span><\/li>\n<\/ul>\n<p>\u00a0<\/p>\n<ul class=\"a-unordered-list a-vertical a-spacing-mini\">\n<li class=\"a-spacing-mini\"><span class=\"a-list-item\">Thi\u1ebft k\u1ebf tho\u1ea3i m\u00e1i: tay c\u1ea7m b\u1eb1ng da PU \u0111\u01b0\u1ee3c thi\u1ebft k\u1ebf c\u00f4ng th\u00e1i h\u1ecdc v\u00e0 d\u00e2y \u0111eo c\u00e1nh tay \u0111\u00e0n h\u1ed3i c\u1ee7a mi\u1ebfng \u0111\u1ec7m kickboxing c\u1ee7a ch\u00fang t\u00f4i mang l\u1ea1i s\u1ef1 v\u1eeba v\u1eb7n tho\u1ea3i m\u00e1i, trong khi \u0111\u1ebf d\u1ec7t ch\u1eb7t ch\u1ebd mang l\u1ea1i \u0111\u1ed9 b\u1ec1n cho vi\u1ec7c luy\u1ec7n t\u1eadp h\u00e0ng ng\u00e0y; Thi\u1ebft k\u1ebf b\u1ec1 m\u1eb7t cong \u0111\u01b0\u1ee3c \u00e1p d\u1ee5ng cho mi\u1ebfng \u0111\u1ec7m \u0111\u00e1 Taekwondo, c\u00f3 l\u1ee3i cho vi\u1ec7c ti\u1ebfp nh\u1eadn l\u1ef1c t\u1ea5n c\u00f4ng, h\u1ea5p th\u1ee5 l\u1ef1c nhanh ch\u00f3ng v\u00e0 \u0111\u1ed9 ch\u00ednh x\u00e1c c\u1ee7a c\u00fa \u0111\u1ea5m cao h\u01a1n.<\/span><\/li>\n<\/ul>\n<p>\u00a0<\/p>\n<ul class=\"a-unordered-list a-vertical a-spacing-mini\">\n<li class=\"a-spacing-mini\"><span class=\"a-list-item\">D\u1ec5 s\u1eed d\u1ee5ng: \u0111\u1ed3 t\u1eadp taekwondo c\u1ee7a ch\u00fang t\u00f4i \u0111\u01b0\u1ee3c thi\u1ebft k\u1ebf \u0111\u01a1n gi\u1ea3n v\u00e0 tho\u1ea3i m\u00e1i, v\u1edbi d\u00e2y \u0111eo \u1edf cu\u1ed1i gi\u00fap b\u1ea1n d\u1ec5 d\u00e0ng qu\u1ea5n quanh c\u1ed5 tay; \u0110i\u1ec1u n\u00e0y t\u1ea1o \u0111\u1ed9 b\u00e1m ch\u1eafc ch\u1eafn, \u0111\u1ea3m b\u1ea3o mi\u1ebfng \u0111\u1ec7m lu\u00f4n c\u1ed1 \u0111\u1ecbnh ngay c\u1ea3 trong c\u00e1c bu\u1ed5i t\u1eadp luy\u1ec7n c\u01b0\u1eddng \u0111\u1ed9 cao nh\u1ea5t, gi\u00fap b\u1ea1n b\u1eaft \u0111\u1ea7u t\u1eadp luy\u1ec7n m\u00e0 kh\u00f4ng g\u1eb7p r\u1eafc r\u1ed1i<\/span><\/li>\n<\/ul>\n<p>\u00a0<\/p>\n<ul class=\"a-unordered-list a-vertical a-spacing-mini\">\n<li class=\"a-spacing-mini\"><span class=\"a-list-item\">Thi\u1ebft k\u1ebf \u0111a n\u0103ng v\u1edbi nhi\u1ec1u \u1ee9ng d\u1ee5ng: nh\u1eefng mi\u1ebfng \u0111\u1ec7m \u0111\u00e1 n\u00e0y kh\u00f4ng ch\u1ec9 d\u00e0nh cho Taekwondo; Thi\u1ebft k\u1ebf c\u1ee7a ch\u00fang l\u00e0m cho ch\u00fang tr\u1edf n\u00ean linh ho\u1ea1t, ph\u00f9 h\u1ee3p v\u1edbi nhi\u1ec1u m\u00f4n v\u00f5 thu\u1eadt t\u1ea5n c\u00f4ng kh\u00e1c nhau bao g\u1ed3m karate, v\u00f5 thu\u1eadt, quy\u1ec1n anh, v\u00f5 thu\u1eadt, kickboxing, Muay Th\u00e1i v\u00e0 c\u00e1c b\u00e0i t\u1eadp luy\u1ec7n MMA; Ch\u00fang cung c\u1ea5p m\u1ed9t ng\u01b0\u1eddi b\u1ea1n \u0111\u1ed3ng h\u00e0nh t\u1eadp luy\u1ec7n \u0111\u00e1ng tin c\u1eady cho b\u1ea5t k\u1ef3 ho\u1ea1t \u0111\u1ed9ng t\u1ea5n c\u00f4ng c\u01b0\u1eddng \u0111\u1ed9 cao n\u00e0o<\/span><\/li>\n<\/ul>\n<h2>Ch\u1ee9ng nh\u1eadn c\u1ee7a ch\u00fang t\u00f4i<\/h2>\n\t<div class=\"img has-hover x md-x lg-x y md-y lg-y\" id=\"image_976185652\">\n\t\t\t\t\t\t\t\t<div class=\"img-inner dark\" >\n\t\t\t<img loading=\"lazy\" decoding=\"async\" width=\"1020\" height=\"316\" src=\"https:\/\/cdn.krcsports.com\/2024\/07\/certification070-1-1024x317.webp\" class=\"attachment-large size-large wp-image-1633\" alt=\"gi\u1ea5y ch\u1ee9ng nh\u1eadn\" srcset=\"https:\/\/cdn.krcsports.com\/2024\/07\/certification070-1-1024x317.webp 1024w, https:\/\/cdn.krcsports.com\/2024\/07\/certification070-1-300x93.webp 300w, https:\/\/cdn.krcsports.com\/2024\/07\/certification070-1-768x238.webp 768w, https:\/\/cdn.krcsports.com\/2024\/07\/certification070-1-1536x475.webp 1536w, https:\/\/cdn.krcsports.com\/2024\/07\/certification070-1-18x6.webp 18w, https:\/\/cdn.krcsports.com\/2024\/07\/certification070-1-600x186.webp 600w, https:\/\/cdn.krcsports.com\/2024\/07\/certification070-1.webp 1625w\" sizes=\"auto, (max-width: 1020px) 100vw, 1020px\" \/>\t\t\t\t\t\t\n\t\t\t\t\t<\/div>\n\t\t\t\t\t\t\t\t\n<style>\n#image_976185652 {\n  width: 100%;\n}\n<\/style>\n\t<\/div>\n\t\n\n<h2>Nh\u00e0 m\u00e1y c\u1ee7a ch\u00fang t\u00f4i \u0111\u01b0\u1ee3c BSCI ch\u1ea5p thu\u1eadn<\/h2>\n<h2>\u00a0<\/h2>\n\t<div class=\"img has-hover x md-x lg-x y md-y lg-y\" id=\"image_844533494\">\n\t\t\t\t\t\t\t\t<div class=\"img-inner dark\" >\n\t\t\t<img loading=\"lazy\" decoding=\"async\" width=\"850\" height=\"1100\" src=\"https:\/\/cdn.krcsports.com\/2024\/07\/BSCI-SummaryAuditReportforall_21-41.webp\" class=\"attachment-original size-original wp-image-1634\" alt=\"T\u00f3m t\u1eaft BSCI\" srcset=\"https:\/\/cdn.krcsports.com\/2024\/07\/BSCI-SummaryAuditReportforall_21-41.webp 850w, https:\/\/cdn.krcsports.com\/2024\/07\/BSCI-SummaryAuditReportforall_21-41-232x300.webp 232w, https:\/\/cdn.krcsports.com\/2024\/07\/BSCI-SummaryAuditReportforall_21-41-791x1024.webp 791w, https:\/\/cdn.krcsports.com\/2024\/07\/BSCI-SummaryAuditReportforall_21-41-768x994.webp 768w, https:\/\/cdn.krcsports.com\/2024\/07\/BSCI-SummaryAuditReportforall_21-41-9x12.webp 9w, https:\/\/cdn.krcsports.com\/2024\/07\/BSCI-SummaryAuditReportforall_21-41-600x776.webp 600w\" sizes=\"auto, (max-width: 850px) 100vw, 850px\" \/>\t\t\t\t\t\t\n\t\t\t\t\t<\/div>\n\t\t\t\t\t\t\t\t\n<style>\n#image_844533494 {\n  width: 100%;\n}\n<\/style>\n\t<\/div>\n\t\n\n\t<div class=\"img has-hover x md-x lg-x y md-y lg-y\" id=\"image_6845769\">\n\t\t\t\t\t\t\t\t<div class=\"img-inner dark\" >\n\t\t\t<img loading=\"lazy\" decoding=\"async\" width=\"745\" height=\"364\" src=\"https:\/\/cdn.krcsports.com\/2024\/10\/Sports-manufacture1.webp\" class=\"attachment-original size-original wp-image-2862\" alt=\"nh\u00e0 s\u1ea3n xu\u1ea5t\" srcset=\"https:\/\/cdn.krcsports.com\/2024\/10\/Sports-manufacture1.webp 745w, https:\/\/cdn.krcsports.com\/2024\/10\/Sports-manufacture1-300x147.webp 300w, https:\/\/cdn.krcsports.com\/2024\/10\/Sports-manufacture1-18x9.webp 18w, https:\/\/cdn.krcsports.com\/2024\/10\/Sports-manufacture1-600x293.webp 600w\" sizes=\"auto, (max-width: 745px) 100vw, 745px\" \/>\t\t\t\t\t\t\n\t\t\t\t\t<\/div>\n\t\t\t\t\t\t\t\t\n<style>\n#image_6845769 {\n  width: 100%;\n}\n<\/style>\n\t<\/div>\n\t\n\n\t<section class=\"section\" id=\"section_1933471262\">\n\t\t<div class=\"bg section-bg fill bg-fill  bg-loaded\" >\n\n\t\t\t\n\t\t\t\n\t\t\t\n\n\t\t<\/div>\n\n\t\t\n\n\t\t<div class=\"section-content relative\">\n\t\t\t\n\n<h2>\u0110\u1ed9i ng\u0169 chuy\u00ean nghi\u1ec7p c\u1ee7a ch\u00fang t\u00f4i<\/h2>\n\n\t\t<\/div>\n\n\t\t\n<style>\n#section_1933471262 {\n  padding-top: 30px;\n  padding-bottom: 30px;\n}\n<\/style>\n\t<\/section>\n\t\n\t<section class=\"section\" id=\"section_1854579767\">\n\t\t<div class=\"bg section-bg fill bg-fill  bg-loaded\" >\n\n\t\t\t\n\t\t\t\n\t\t\t\n\n\t\t<\/div>\n\n\t\t\n\n\t\t<div class=\"section-content relative\">\n\t\t\t\n\n\t<div class=\"img has-hover x md-x lg-x y md-y lg-y\" id=\"image_791096767\">\n\t\t\t\t\t\t\t\t<div class=\"img-inner dark\" >\n\t\t\t<img loading=\"lazy\" decoding=\"async\" width=\"493\" height=\"301\" src=\"https:\/\/cdn.krcsports.com\/2024\/10\/team002.webp\" class=\"attachment-large size-large wp-image-2863\" alt=\"\u0111\u1ed9i\" srcset=\"https:\/\/cdn.krcsports.com\/2024\/10\/team002.webp 493w, https:\/\/cdn.krcsports.com\/2024\/10\/team002-300x183.webp 300w, https:\/\/cdn.krcsports.com\/2024\/10\/team002-18x12.webp 18w\" sizes=\"auto, (max-width: 493px) 100vw, 493px\" \/>\t\t\t\t\t\t\n\t\t\t\t\t<\/div>\n\t\t\t\t\t\t\t\t\n<style>\n#image_791096767 {\n  width: 100%;\n}\n<\/style>\n\t<\/div>\n\t\n\n\n\t\t<\/div>\n\n\t\t\n<style>\n#section_1854579767 {\n  padding-top: 30px;\n  padding-bottom: 30px;\n}\n<\/style>\n\t<\/section>\n\t\n\t<section class=\"section\" id=\"section_1919307576\">\n\t\t<div class=\"bg section-bg fill bg-fill  bg-loaded\" >\n\n\t\t\t\n\t\t\t\n\t\t\t\n\n\t\t<\/div>\n\n\t\t\n\n\t\t<div class=\"section-content relative\">\n\t\t\t\n\n\t<div class=\"img has-hover x md-x lg-x y md-y lg-y\" id=\"image_717296172\">\n\t\t\t\t\t\t\t\t<div class=\"img-inner dark\" >\n\t\t\t<img loading=\"lazy\" decoding=\"async\" width=\"1020\" height=\"466\" src=\"https:\/\/cdn.krcsports.com\/2024\/10\/exhibition1-1024x468.webp\" class=\"attachment-large size-large wp-image-2864\" alt=\"tri\u1ec3n l\u00e3m\" srcset=\"https:\/\/cdn.krcsports.com\/2024\/10\/exhibition1-1024x468.webp 1024w, https:\/\/cdn.krcsports.com\/2024\/10\/exhibition1-300x137.webp 300w, https:\/\/cdn.krcsports.com\/2024\/10\/exhibition1-768x351.webp 768w, https:\/\/cdn.krcsports.com\/2024\/10\/exhibition1-18x8.webp 18w, https:\/\/cdn.krcsports.com\/2024\/10\/exhibition1-600x274.webp 600w, https:\/\/cdn.krcsports.com\/2024\/10\/exhibition1.webp 1200w\" sizes=\"auto, (max-width: 1020px) 100vw, 1020px\" \/>\t\t\t\t\t\t\n\t\t\t\t\t<\/div>\n\t\t\t\t\t\t\t\t\n<style>\n#image_717296172 {\n  width: 100%;\n}\n<\/style>\n\t<\/div>\n\t\n\n\n\t\t<\/div>\n\n\t\t\n<style>\n#section_1919307576 {\n  padding-top: 30px;\n  padding-bottom: 30px;\n}\n<\/style>\n\t<\/section>\n\t\n<p>\n\n<div class=\"wpcf7 no-js\" id=\"wpcf7-f5-o1\" lang=\"en-US\" dir=\"ltr\">\n<div class=\"screen-reader-response\"><p role=\"status\" aria-live=\"polite\" aria-atomic=\"true\"><\/p> <ul><\/ul><\/div>\n<form action=\"\/vi\/wp-json\/wp\/v2\/product\/2120#wpcf7-f5-o1\" method=\"post\" class=\"wpcf7-form init\" aria-label=\"Bi\u1ec3u m\u1eabu li\u00ean h\u1ec7\" novalidate=\"novalidate\" data-status=\"init\" data-trp-original-action=\"\/vi\/wp-json\/wp\/v2\/product\/2120#wpcf7-f5-o1\">\n<div style=\"display: none;\">\n<input type=\"hidden\" name=\"_wpcf7\" value=\"5\" \/>\n<input type=\"hidden\" name=\"_wpcf7_version\" value=\"5.9.5\" \/>\n<input type=\"hidden\" name=\"_wpcf7_locale\" value=\"en_US\" \/>\n<input type=\"hidden\" name=\"_wpcf7_unit_tag\" value=\"wpcf7-f5-o1\" \/>\n<input type=\"hidden\" name=\"_wpcf7_container_post\" value=\"0\" \/>\n<input type=\"hidden\" name=\"_wpcf7_posted_data_hash\" value=\"\" \/>\n<\/div>\n<div class='custom_contact_style'>\n\t<p><label> T\u00ean c\u1ee7a b\u1ea1n<br \/>\n<span class=\"wpcf7-form-control-wrap\" data-name=\"your-name\"><input size=\"40\" class=\"wpcf7-form-control wpcf7-text wpcf7-validates-as-required\" autocomplete=\"name\" aria-required=\"true\" aria-invalid=\"false\" value=\"\" type=\"text\" name=\"your-name\" \/><\/span> <\/label>\n\t<\/p>\n\t<p><label> Email c\u1ee7a b\u1ea1n<br \/>\n<span class=\"wpcf7-form-control-wrap\" data-name=\"your-email\"><input size=\"40\" class=\"wpcf7-form-control wpcf7-email wpcf7-validates-as-required wpcf7-text wpcf7-validates-as-email\" autocomplete=\"email\" aria-required=\"true\" aria-invalid=\"false\" value=\"\" type=\"email\" name=\"your-email\" \/><\/span> <\/label>\n\t<\/p>\n\t<p><label> Tin nh\u1eafn c\u1ee7a b\u1ea1n (t\u00f9y ch\u1ecdn)<br \/>\n<span class=\"wpcf7-form-control-wrap\" data-name=\"your-message\"><textarea cols=\"40\" rows=\"10\" class=\"wpcf7-form-control wpcf7-textarea\" aria-invalid=\"false\" name=\"your-message\"><\/textarea><\/span> <\/label>\n\t<\/p>\n\t<div style=\"margin-bottom:10px;\">\n\t\t<p><span class=\"wpcf7-form-control-wrap kc_captcha cf7ic-toggle\" data-name=\"kc_captcha\"><span class=\"wpcf7-form-control wpcf7-radio\"><span class=\"captcha-image\" style=\"display: none;\"><span class=\"cf7ic_instructions\">H\u00e3y ch\u1ee9ng minh b\u1ea1n l\u00e0 ng\u01b0\u1eddi b\u1eb1ng c\u00e1ch ch\u1ecdn<span> c\u00e2y<\/span>.<\/span><label><input type=\"radio\" name=\"kc_captcha\" value=\"bot\" \/><svg width=\"50\" height=\"50\" aria-hidden=\"true\" role=\"img\" xmlns=\"http:\/\/www.w3.org\/2000\/svg\" viewbox=\"0 0 576 512\"><path fill=\"currentColor\" d=\"M488 313v143c0 13-11 24-24 24H348c-7 0-12-5-12-12V356c0-7-5-12-12-12h-72c-7 0-12 5-12 12v112c0 7-5 12-12 12H112c-13 0-24-11-24-24V313c0-4 2-7 4-10l188-154c5-4 11-4 16 0l188 154c2 3 4 6 4 10zm84-61l-84-69V44c0-6-5-12-12-12h-56c-7 0-12 6-12 12v73l-89-74a48 48 0 00-61 0L4 252c-5 4-5 12-1 17l25 31c5 5 12 5 17 1l235-193c5-4 11-4 16 0l235 193c5 5 13 4 17-1l25-31c4-6 4-13-1-17z\"\/><\/svg><\/label><label><input type=\"radio\" name=\"kc_captcha\" value=\"bot\" \/><svg width=\"50\" height=\"50\" aria-hidden=\"true\" role=\"img\" xmlns=\"http:\/\/www.w3.org\/2000\/svg\" viewbox=\"0 0 640 512\"><path fill=\"currentColor\" d=\"M192 384h192c53 0 96-43 96-96h32a128 128 0 000-256H120c-13 0-24 11-24 24v232c0 53 43 96 96 96zM512 96a64 64 0 010 128h-32V96h32zm48 384H48c-47 0-61-64-36-64h584c25 0 11 64-36 64z\"\/><\/svg><\/label><label><input type=\"radio\" name=\"kc_captcha\" value=\"kc_human\" \/><svg width=\"50\" height=\"50\" aria-hidden=\"true\" role=\"img\" xmlns=\"http:\/\/www.w3.org\/2000\/svg\" viewbox=\"0 0 384 512\"><path fill=\"currentColor\" d=\"M377 375l-83-87h34c21 0 32-25 17-40l-82-88h33c21 0 32-25 18-40L210 8c-10-11-26-11-36 0L70 120c-14 15-3 40 18 40h33l-82 88c-15 15-4 40 17 40h34L7 375c-15 16-4 41 17 41h120c0 33-11 49-34 68-12 9-5 28 10 28h144c15 0 22-19 10-28-20-16-34-32-34-68h120c21 0 32-25 17-41z\"\/><\/svg><\/label>\r\n    <\/span>\r\n    <span style=\"display:none\">\r\n        <input type=\"text\" name=\"kc_honeypot\">\r\n    <\/span><\/span><\/span>\n\t\t<\/p>\n\t<\/div>\n\t<p><input class=\"wpcf7-form-control wpcf7-submit has-spinner\" type=\"submit\" value=\"N\u1ed9p\" \/>\n\t<\/p>\n<\/div><div class=\"wpcf7-response-output\" aria-hidden=\"true\"><\/div>\n<input type=\"hidden\" name=\"trp-form-language\" value=\"vi\"\/><\/form>\n<\/div>\n\n\n<\/p>","protected":false},"excerpt":{"rendered":"<p>mi\u1ebfng \u0111\u1ec7m m\u1ee5c ti\u00eau<\/p>\n<p>m\u00e0u s\u1eafc v\u00e0 logo t\u00f9y ch\u1ec9nh<\/p>\n<p>v\u1eadt li\u1ec7u pu v\u00e0 v\u1ea3i b\u1ea1t<\/p>","protected":false},"featured_media":2125,"template":"","meta":[],"product_cat":[48,37],"product_tag":[],"class_list":{"0":"post-2120","1":"product","2":"type-product","3":"status-publish","4":"has-post-thumbnail","6":"product_cat-martial-arts-target-pad","7":"product_cat-boxing-target","9":"first","10":"instock","11":"shipping-taxable","12":"product-type-simple"},"yoast_head":"<!-- This site is optimized with the Yoast SEO plugin v22.7 - https:\/\/yoast.com\/wordpress\/plugins\/seo\/ -->\n<title>target pads - trustworthy combat sports equipment manufacturer<\/title>\n<meta name=\"description\" content=\"Kick Pads Muay Thai Pads MMA Karate Sparring Gear Martial Arts Kickboxing Training Pads Punching Striking Target Equipment PU Leather Paddles Strike Curved Kick Shield\" \/>\n<meta name=\"robots\" content=\"index, follow, max-snippet:-1, max-image-preview:large, max-video-preview:-1\" \/>\n<link rel=\"canonical\" href=\"https:\/\/krcsports.com\/vi\/san-pham\/target-pads\/\" \/>\n<meta property=\"og:locale\" content=\"vi_VN\" \/>\n<meta property=\"og:type\" content=\"article\" \/>\n<meta property=\"og:title\" content=\"target pads - trustworthy combat sports equipment manufacturer\" \/>\n<meta property=\"og:description\" content=\"Kick Pads Muay Thai Pads MMA Karate Sparring Gear Martial Arts Kickboxing Training Pads Punching Striking Target Equipment PU Leather Paddles Strike Curved Kick Shield\" \/>\n<meta property=\"og:url\" content=\"https:\/\/krcsports.com\/vi\/san-pham\/target-pads\/\" \/>\n<meta property=\"og:site_name\" content=\"trustworthy combat sports equipment manufacturer\" \/>\n<meta property=\"article:publisher\" content=\"https:\/\/www.facebook.com\/people\/Krc-sports\/100063994129159\/\" \/>\n<meta property=\"article:modified_time\" content=\"2024-12-01T02:27:09+00:00\" \/>\n<meta property=\"og:image\" content=\"https:\/\/krcsports.com\/wp-content\/uploads\/2024\/09\/target-pad5.webp\" \/>\n\t<meta property=\"og:image:width\" content=\"800\" \/>\n\t<meta property=\"og:image:height\" content=\"800\" \/>\n\t<meta property=\"og:image:type\" content=\"image\/webp\" \/>\n<meta name=\"twitter:card\" content=\"summary_large_image\" \/>\n<meta name=\"twitter:label1\" content=\"\u01af\u1edbc t\u00ednh th\u1eddi gian \u0111\u1ecdc\" \/>\n\t<meta name=\"twitter:data1\" content=\"1 ph\u00fat\" \/>\n<script type=\"application\/ld+json\" class=\"yoast-schema-graph\">{\"@context\":\"https:\/\/schema.org\",\"@graph\":[{\"@type\":\"WebPage\",\"@id\":\"https:\/\/krcsports.com\/manufacturer\/target-pads\/\",\"url\":\"https:\/\/krcsports.com\/manufacturer\/target-pads\/\",\"name\":\"target pads - trustworthy combat sports equipment manufacturer\",\"isPartOf\":{\"@id\":\"https:\/\/krcsports.com\/#website\"},\"primaryImageOfPage\":{\"@id\":\"https:\/\/krcsports.com\/manufacturer\/target-pads\/#primaryimage\"},\"image\":{\"@id\":\"https:\/\/krcsports.com\/manufacturer\/target-pads\/#primaryimage\"},\"thumbnailUrl\":\"https:\/\/cdn.krcsports.com\/2024\/09\/target-pad5.webp\",\"datePublished\":\"2024-09-09T07:46:58+00:00\",\"dateModified\":\"2024-12-01T02:27:09+00:00\",\"description\":\"Kick Pads Muay Thai Pads MMA Karate Sparring Gear Martial Arts Kickboxing Training Pads Punching Striking Target Equipment PU Leather Paddles Strike Curved Kick Shield\",\"breadcrumb\":{\"@id\":\"https:\/\/krcsports.com\/manufacturer\/target-pads\/#breadcrumb\"},\"inLanguage\":\"vi\",\"potentialAction\":[{\"@type\":\"ReadAction\",\"target\":[\"https:\/\/krcsports.com\/manufacturer\/target-pads\/\"]}]},{\"@type\":\"ImageObject\",\"inLanguage\":\"vi\",\"@id\":\"https:\/\/krcsports.com\/manufacturer\/target-pads\/#primaryimage\",\"url\":\"https:\/\/cdn.krcsports.com\/2024\/09\/target-pad5.webp\",\"contentUrl\":\"https:\/\/cdn.krcsports.com\/2024\/09\/target-pad5.webp\",\"width\":800,\"height\":800,\"caption\":\"target pads\"},{\"@type\":\"BreadcrumbList\",\"@id\":\"https:\/\/krcsports.com\/manufacturer\/target-pads\/#breadcrumb\",\"itemListElement\":[{\"@type\":\"ListItem\",\"position\":1,\"name\":\"Home\",\"item\":\"https:\/\/krcsports.com\/\"},{\"@type\":\"ListItem\",\"position\":2,\"name\":\"Products\",\"item\":\"https:\/\/krcsports.com\/shop\/\"},{\"@type\":\"ListItem\",\"position\":3,\"name\":\"target pads\"}]},{\"@type\":\"WebSite\",\"@id\":\"https:\/\/krcsports.com\/#website\",\"url\":\"https:\/\/krcsports.com\/\",\"name\":\"krc sports\",\"description\":\"\",\"publisher\":{\"@id\":\"https:\/\/krcsports.com\/#organization\"},\"potentialAction\":[{\"@type\":\"SearchAction\",\"target\":{\"@type\":\"EntryPoint\",\"urlTemplate\":\"https:\/\/krcsports.com\/?s={search_term_string}\"},\"query-input\":\"required name=search_term_string\"}],\"inLanguage\":\"vi\"},{\"@type\":\"Organization\",\"@id\":\"https:\/\/krcsports.com\/#organization\",\"name\":\"krc sports\",\"url\":\"https:\/\/krcsports.com\/\",\"logo\":{\"@type\":\"ImageObject\",\"inLanguage\":\"vi\",\"@id\":\"https:\/\/krcsports.com\/#\/schema\/logo\/image\/\",\"url\":\"https:\/\/krcsports.com\/wp-content\/uploads\/2024\/07\/logo.webp\",\"contentUrl\":\"https:\/\/krcsports.com\/wp-content\/uploads\/2024\/07\/logo.webp\",\"width\":80,\"height\":60,\"caption\":\"krc sports\"},\"image\":{\"@id\":\"https:\/\/krcsports.com\/#\/schema\/logo\/image\/\"},\"sameAs\":[\"https:\/\/www.facebook.com\/people\/Krc-sports\/100063994129159\/\"]}]}<\/script>\n<!-- \/ Yoast SEO plugin. -->","yoast_head_json":{"title":"mi\u1ebfng \u0111\u1ec7m m\u1ee5c ti\u00eau - nh\u00e0 s\u1ea3n xu\u1ea5t thi\u1ebft b\u1ecb th\u1ec3 thao chi\u1ebfn \u0111\u1ea5u \u0111\u00e1ng tin c\u1eady","description":"T\u1ea5m l\u00f3t \u0111\u00e1 Muay Th\u00e1i MMA Karate \u0110\u1ed3 t\u1eadp v\u00f5 thu\u1eadt Kickboxing T\u1ea5m l\u00f3t t\u1eadp luy\u1ec7n \u0110\u1ea5m Thi\u1ebft b\u1ecb m\u1ee5c ti\u00eau t\u1ea5n c\u00f4ng V\u1ee3t da PU T\u1ea5m ch\u1eafn \u0111\u00e1 cong","robots":{"index":"index","follow":"follow","max-snippet":"max-snippet:-1","max-image-preview":"max-image-preview:large","max-video-preview":"max-video-preview:-1"},"canonical":"https:\/\/krcsports.com\/vi\/san-pham\/target-pads\/","og_locale":"vi_VN","og_type":"article","og_title":"target pads - trustworthy combat sports equipment manufacturer","og_description":"Kick Pads Muay Thai Pads MMA Karate Sparring Gear Martial Arts Kickboxing Training Pads Punching Striking Target Equipment PU Leather Paddles Strike Curved Kick Shield","og_url":"https:\/\/krcsports.com\/vi\/san-pham\/target-pads\/","og_site_name":"trustworthy combat sports equipment manufacturer","article_publisher":"https:\/\/www.facebook.com\/people\/Krc-sports\/100063994129159\/","article_modified_time":"2024-12-01T02:27:09+00:00","og_image":[{"width":800,"height":800,"url":"https:\/\/krcsports.com\/wp-content\/uploads\/2024\/09\/target-pad5.webp","type":"image\/webp"}],"twitter_card":"summary_large_image","twitter_misc":{"\u01af\u1edbc t\u00ednh th\u1eddi gian \u0111\u1ecdc":"1 ph\u00fat"},"schema":{"@context":"https:\/\/schema.org","@graph":[{"@type":"WebPage","@id":"https:\/\/krcsports.com\/manufacturer\/target-pads\/","url":"https:\/\/krcsports.com\/manufacturer\/target-pads\/","name":"mi\u1ebfng \u0111\u1ec7m m\u1ee5c ti\u00eau - nh\u00e0 s\u1ea3n xu\u1ea5t thi\u1ebft b\u1ecb th\u1ec3 thao chi\u1ebfn \u0111\u1ea5u \u0111\u00e1ng tin c\u1eady","isPartOf":{"@id":"https:\/\/krcsports.com\/#website"},"primaryImageOfPage":{"@id":"https:\/\/krcsports.com\/manufacturer\/target-pads\/#primaryimage"},"image":{"@id":"https:\/\/krcsports.com\/manufacturer\/target-pads\/#primaryimage"},"thumbnailUrl":"https:\/\/cdn.krcsports.com\/2024\/09\/target-pad5.webp","datePublished":"2024-09-09T07:46:58+00:00","dateModified":"2024-12-01T02:27:09+00:00","description":"T\u1ea5m l\u00f3t \u0111\u00e1 Muay Th\u00e1i MMA Karate \u0110\u1ed3 t\u1eadp v\u00f5 thu\u1eadt Kickboxing T\u1ea5m l\u00f3t t\u1eadp luy\u1ec7n \u0110\u1ea5m Thi\u1ebft b\u1ecb m\u1ee5c ti\u00eau t\u1ea5n c\u00f4ng V\u1ee3t da PU T\u1ea5m ch\u1eafn \u0111\u00e1 cong","breadcrumb":{"@id":"https:\/\/krcsports.com\/manufacturer\/target-pads\/#breadcrumb"},"inLanguage":"vi","potentialAction":[{"@type":"ReadAction","target":["https:\/\/krcsports.com\/manufacturer\/target-pads\/"]}]},{"@type":"ImageObject","inLanguage":"vi","@id":"https:\/\/krcsports.com\/manufacturer\/target-pads\/#primaryimage","url":"https:\/\/cdn.krcsports.com\/2024\/09\/target-pad5.webp","contentUrl":"https:\/\/cdn.krcsports.com\/2024\/09\/target-pad5.webp","width":800,"height":800,"caption":"target pads"},{"@type":"BreadcrumbList","@id":"https:\/\/krcsports.com\/manufacturer\/target-pads\/#breadcrumb","itemListElement":[{"@type":"ListItem","position":1,"name":"Home","item":"https:\/\/krcsports.com\/"},{"@type":"ListItem","position":2,"name":"Products","item":"https:\/\/krcsports.com\/shop\/"},{"@type":"ListItem","position":3,"name":"target pads"}]},{"@type":"WebSite","@id":"https:\/\/krcsports.com\/#website","url":"https:\/\/krcsports.com\/","name":"th\u1ec3 thao krc","description":"","publisher":{"@id":"https:\/\/krcsports.com\/#organization"},"potentialAction":[{"@type":"SearchAction","target":{"@type":"EntryPoint","urlTemplate":"https:\/\/krcsports.com\/?s={search_term_string}"},"query-input":"required name=search_term_string"}],"inLanguage":"vi"},{"@type":"Organization","@id":"https:\/\/krcsports.com\/#organization","name":"th\u1ec3 thao krc","url":"https:\/\/krcsports.com\/","logo":{"@type":"ImageObject","inLanguage":"vi","@id":"https:\/\/krcsports.com\/#\/schema\/logo\/image\/","url":"https:\/\/krcsports.com\/wp-content\/uploads\/2024\/07\/logo.webp","contentUrl":"https:\/\/krcsports.com\/wp-content\/uploads\/2024\/07\/logo.webp","width":80,"height":60,"caption":"krc sports"},"image":{"@id":"https:\/\/krcsports.com\/#\/schema\/logo\/image\/"},"sameAs":["https:\/\/www.facebook.com\/people\/Krc-sports\/100063994129159\/"]}]}},"_links":{"self":[{"href":"https:\/\/krcsports.com\/vi\/wp-json\/wp\/v2\/product\/2120","targetHints":{"allow":["GET"]}}],"collection":[{"href":"https:\/\/krcsports.com\/vi\/wp-json\/wp\/v2\/product"}],"about":[{"href":"https:\/\/krcsports.com\/vi\/wp-json\/wp\/v2\/types\/product"}],"wp:featuredmedia":[{"embeddable":true,"href":"https:\/\/krcsports.com\/vi\/wp-json\/wp\/v2\/media\/2125"}],"wp:attachment":[{"href":"https:\/\/krcsports.com\/vi\/wp-json\/wp\/v2\/media?parent=2120"}],"wp:term":[{"taxonomy":"product_cat","embeddable":true,"href":"https:\/\/krcsports.com\/vi\/wp-json\/wp\/v2\/product_cat?post=2120"},{"taxonomy":"product_tag","embeddable":true,"href":"https:\/\/krcsports.com\/vi\/wp-json\/wp\/v2\/product_tag?post=2120"}],"curies":[{"name":"wp","href":"https:\/\/api.w.org\/{rel}","templated":true}]}}