{"id":2073,"date":"2024-09-09T06:52:39","date_gmt":"2024-09-09T06:52:39","guid":{"rendered":"https:\/\/krcsports.com\/?post_type=product&#038;p=2073"},"modified":"2024-11-23T14:22:17","modified_gmt":"2024-11-23T14:22:17","slug":"mma-sparring-training-gloves","status":"publish","type":"product","link":"https:\/\/krcsports.com\/vi\/manufacturer\/mma-sparring-training-gloves\/","title":{"rendered":"G\u0103ng tay t\u1eadp luy\u1ec7n MMA"},"content":{"rendered":"<p>G\u0103ng tay t\u1eadp luy\u1ec7n MMA \u0111\u01b0\u1ee3c thi\u1ebft k\u1ebf \u0111\u1ec3 c\u00f3 hi\u1ec7u su\u1ea5t cao v\u00e0 b\u1ec1n l\u00e2u.<\/p>\n<p>G\u0103ng tay kickboxing \u0111\u01b0\u1ee3c \u0111\u1ec7m b\u1eb1ng l\u1edbp x\u1ed1p EVA m\u1ec1m.<\/p>\n<p>\u0110\u1ec7m m\u00fat \u0111\u1ea3m b\u1ea3o l\u1ef1c t\u00e1c \u0111\u1ed9ng c\u1ee7a \u0111\u1ea5m b\u1ed1c \u0111\u01b0\u1ee3c ph\u00e2n t\u00e1n hi\u1ec7u qu\u1ea3 trong qu\u00e1 tr\u00ecnh luy\u1ec7n t\u1eadp ho\u1eb7c thi \u0111\u1ea5u.<\/p>\n<p>M\u1ed9t t\u00ednh n\u0103ng kh\u00e1c c\u1ee7a g\u0103ng tay MMA l\u00e0 \u0111\u01b0\u1eddng kh\u00e2u gia c\u1ed1, gi\u00fap h\u1ed7 tr\u1ee3 c\u1ed5 tay khi \u0111\u1ea5m b\u1eb1ng d\u00e2y \u0111ai d\u00e1n v\u00e0 kh\u00f3a d\u00e1n.<\/p>\n<p>G\u0103ng tay v\u00f5 thu\u1eadt Hybrid Open Palm d\u1ec5 s\u1eed d\u1ee5ng c\u00f3 thi\u1ebft k\u1ebf v\u00f2ng da \u0111\u1ed9c \u0111\u00e1o v\u00e0 l\u1edbp l\u00f3t ng\u00f3n tay c\u00e1i c\u00f3 \u0111\u1ec7m,<\/p>\n<p>cho ph\u00e9p ng\u01b0\u1eddi d\u00f9ng t\u0103ng \u0111\u1ed9 linh ho\u1ea1t v\u00e0 \u0111i\u1ec1u ch\u1ec9nh g\u0103ng tay \u0111\u00fang c\u00e1ch \u0111\u1ec3 v\u1eeba v\u1eb7n t\u1ed1i \u01b0u. Thi\u1ebft k\u1ebf n\u00e0y t\u0103ng c\u01b0\u1eddng th\u00eam s\u1ee9c m\u1ea1nh c\u1ea7m n\u1eafm v\u00e0 mang l\u1ea1i hi\u1ec7u \u1ee9ng c\u1ea7m n\u1eafm tuy\u1ec7t v\u1eddi trong khi c\u1ea7m n\u1eafm.<\/p>\n<p>G\u0103ng tay t\u1eadp luy\u1ec7n v\u00f5 thu\u1eadt l\u00fd t\u01b0\u1edfng cho Taekwondo, chi\u1ebfn \u0111\u1ea5u, v\u00f5 thu\u1eadt, \u0111\u1ed1i kh\u00e1ng, quy\u1ec1n Th\u00e1i, quy\u1ec1n Anh, \u0111\u1ea5m b\u1ed1c ho\u1eb7c b\u1ea5t k\u1ef3 b\u00e0i t\u1eadp luy\u1ec7n nh\u1eb9 h\u00e0ng ng\u00e0y n\u00e0o.<\/p>","protected":false},"excerpt":{"rendered":"<p>G\u0103ng tay t\u1eadp luy\u1ec7n MMA c\u00f3 hai k\u00edch c\u1ee1 <\/p>\n<p>v\u1eadt li\u1ec7u l\u00e0 da ho\u1eb7c da pu<\/p>\n<p>m\u00e0u s\u1eafc c\u00f3 th\u1ec3 t\u00f9y ch\u1ec9nh<\/p>","protected":false},"featured_media":2079,"template":"","meta":[],"product_cat":[42],"product_tag":[],"class_list":{"0":"post-2073","1":"product","2":"type-product","3":"status-publish","4":"has-post-thumbnail","6":"product_cat-boxing-gloves","8":"first","9":"instock","10":"shipping-taxable","11":"product-type-simple"},"yoast_head":"<!-- This site is optimized with the Yoast SEO plugin v22.7 - https:\/\/yoast.com\/wordpress\/plugins\/seo\/ -->\n<title>MMA Sparring Training Gloves - trustworthy combat sports equipment manufacturer<\/title>\n<meta name=\"description\" content=\"MMA Sparring Training Gloves Men &amp; Women MMA Gloves for Sparring Grappling, Hybrid Open Palm Martial Arts Mitts, Maya Hide Leather Wrist Support, Fighting Combat Sports MMA Boxing Glove for Men Women Punching Bag Muay Thai Training\" \/>\n<meta name=\"robots\" content=\"index, follow, max-snippet:-1, max-image-preview:large, max-video-preview:-1\" \/>\n<link rel=\"canonical\" href=\"https:\/\/krcsports.com\/vi\/san-pham\/mma-sparring-training-gloves\/\" \/>\n<meta property=\"og:locale\" content=\"vi_VN\" \/>\n<meta property=\"og:type\" content=\"article\" \/>\n<meta property=\"og:title\" content=\"MMA Sparring Training Gloves - trustworthy combat sports equipment manufacturer\" \/>\n<meta property=\"og:description\" content=\"MMA Sparring Training Gloves Men &amp; Women MMA Gloves for Sparring Grappling, Hybrid Open Palm Martial Arts Mitts, Maya Hide Leather Wrist Support, Fighting Combat Sports MMA Boxing Glove for Men Women Punching Bag Muay Thai Training\" \/>\n<meta property=\"og:url\" content=\"https:\/\/krcsports.com\/vi\/san-pham\/mma-sparring-training-gloves\/\" \/>\n<meta property=\"og:site_name\" content=\"trustworthy combat sports equipment manufacturer\" \/>\n<meta property=\"article:publisher\" content=\"https:\/\/www.facebook.com\/people\/Krc-sports\/100063994129159\/\" \/>\n<meta property=\"article:modified_time\" content=\"2024-11-23T14:22:17+00:00\" \/>\n<meta property=\"og:image\" content=\"https:\/\/krcsports.com\/wp-content\/uploads\/2024\/09\/mma-glove-6.webp\" \/>\n\t<meta property=\"og:image:width\" content=\"640\" \/>\n\t<meta property=\"og:image:height\" content=\"640\" \/>\n\t<meta property=\"og:image:type\" content=\"image\/webp\" \/>\n<meta name=\"twitter:card\" content=\"summary_large_image\" \/>\n<meta name=\"twitter:label1\" content=\"\u01af\u1edbc t\u00ednh th\u1eddi gian \u0111\u1ecdc\" \/>\n\t<meta name=\"twitter:data1\" content=\"1 ph\u00fat\" \/>\n<script type=\"application\/ld+json\" class=\"yoast-schema-graph\">{\"@context\":\"https:\/\/schema.org\",\"@graph\":[{\"@type\":\"WebPage\",\"@id\":\"https:\/\/krcsports.com\/manufacturer\/mma-sparring-training-gloves\/\",\"url\":\"https:\/\/krcsports.com\/manufacturer\/mma-sparring-training-gloves\/\",\"name\":\"MMA Sparring Training Gloves - trustworthy combat sports equipment manufacturer\",\"isPartOf\":{\"@id\":\"https:\/\/krcsports.com\/#website\"},\"primaryImageOfPage\":{\"@id\":\"https:\/\/krcsports.com\/manufacturer\/mma-sparring-training-gloves\/#primaryimage\"},\"image\":{\"@id\":\"https:\/\/krcsports.com\/manufacturer\/mma-sparring-training-gloves\/#primaryimage\"},\"thumbnailUrl\":\"https:\/\/cdn.krcsports.com\/2024\/09\/mma-glove-6.webp\",\"datePublished\":\"2024-09-09T06:52:39+00:00\",\"dateModified\":\"2024-11-23T14:22:17+00:00\",\"description\":\"MMA Sparring Training Gloves Men & Women MMA Gloves for Sparring Grappling, Hybrid Open Palm Martial Arts Mitts, Maya Hide Leather Wrist Support, Fighting Combat Sports MMA Boxing Glove for Men Women Punching Bag Muay Thai Training\",\"breadcrumb\":{\"@id\":\"https:\/\/krcsports.com\/manufacturer\/mma-sparring-training-gloves\/#breadcrumb\"},\"inLanguage\":\"vi\",\"potentialAction\":[{\"@type\":\"ReadAction\",\"target\":[\"https:\/\/krcsports.com\/manufacturer\/mma-sparring-training-gloves\/\"]}]},{\"@type\":\"ImageObject\",\"inLanguage\":\"vi\",\"@id\":\"https:\/\/krcsports.com\/manufacturer\/mma-sparring-training-gloves\/#primaryimage\",\"url\":\"https:\/\/cdn.krcsports.com\/2024\/09\/mma-glove-6.webp\",\"contentUrl\":\"https:\/\/cdn.krcsports.com\/2024\/09\/mma-glove-6.webp\",\"width\":640,\"height\":640,\"caption\":\"mma glove\"},{\"@type\":\"BreadcrumbList\",\"@id\":\"https:\/\/krcsports.com\/manufacturer\/mma-sparring-training-gloves\/#breadcrumb\",\"itemListElement\":[{\"@type\":\"ListItem\",\"position\":1,\"name\":\"Home\",\"item\":\"https:\/\/krcsports.com\/\"},{\"@type\":\"ListItem\",\"position\":2,\"name\":\"Products\",\"item\":\"https:\/\/krcsports.com\/shop\/\"},{\"@type\":\"ListItem\",\"position\":3,\"name\":\"MMA Sparring Training Gloves\"}]},{\"@type\":\"WebSite\",\"@id\":\"https:\/\/krcsports.com\/#website\",\"url\":\"https:\/\/krcsports.com\/\",\"name\":\"krc sports\",\"description\":\"\",\"publisher\":{\"@id\":\"https:\/\/krcsports.com\/#organization\"},\"potentialAction\":[{\"@type\":\"SearchAction\",\"target\":{\"@type\":\"EntryPoint\",\"urlTemplate\":\"https:\/\/krcsports.com\/?s={search_term_string}\"},\"query-input\":\"required name=search_term_string\"}],\"inLanguage\":\"vi\"},{\"@type\":\"Organization\",\"@id\":\"https:\/\/krcsports.com\/#organization\",\"name\":\"krc sports\",\"url\":\"https:\/\/krcsports.com\/\",\"logo\":{\"@type\":\"ImageObject\",\"inLanguage\":\"vi\",\"@id\":\"https:\/\/krcsports.com\/#\/schema\/logo\/image\/\",\"url\":\"https:\/\/krcsports.com\/wp-content\/uploads\/2024\/07\/logo.webp\",\"contentUrl\":\"https:\/\/krcsports.com\/wp-content\/uploads\/2024\/07\/logo.webp\",\"width\":80,\"height\":60,\"caption\":\"krc sports\"},\"image\":{\"@id\":\"https:\/\/krcsports.com\/#\/schema\/logo\/image\/\"},\"sameAs\":[\"https:\/\/www.facebook.com\/people\/Krc-sports\/100063994129159\/\"]}]}<\/script>\n<!-- \/ Yoast SEO plugin. -->","yoast_head_json":{"title":"G\u0103ng tay t\u1eadp luy\u1ec7n MMA - nh\u00e0 s\u1ea3n xu\u1ea5t thi\u1ebft b\u1ecb th\u1ec3 thao chi\u1ebfn \u0111\u1ea5u \u0111\u00e1ng tin c\u1eady","description":"G\u0103ng tay t\u1eadp luy\u1ec7n MMA d\u00e0nh cho nam v\u00e0 n\u1eef G\u0103ng tay MMA d\u00e0nh cho t\u1eadp luy\u1ec7n v\u1eadt l\u1ed9n, G\u0103ng tay v\u00f5 thu\u1eadt Hybrid Open Palm, \u0110ai b\u1ea3o v\u1ec7 c\u1ed5 tay b\u1eb1ng da Maya Hide, G\u0103ng tay \u0111\u1ea5m b\u1ed1c MMA d\u00e0nh cho nam v\u00e0 n\u1eef, Bao \u0111\u1ea5m, T\u1eadp luy\u1ec7n Muay Th\u00e1i","robots":{"index":"index","follow":"follow","max-snippet":"max-snippet:-1","max-image-preview":"max-image-preview:large","max-video-preview":"max-video-preview:-1"},"canonical":"https:\/\/krcsports.com\/vi\/san-pham\/mma-sparring-training-gloves\/","og_locale":"vi_VN","og_type":"article","og_title":"MMA Sparring Training Gloves - trustworthy combat sports equipment manufacturer","og_description":"MMA Sparring Training Gloves Men & Women MMA Gloves for Sparring Grappling, Hybrid Open Palm Martial Arts Mitts, Maya Hide Leather Wrist Support, Fighting Combat Sports MMA Boxing Glove for Men Women Punching Bag Muay Thai Training","og_url":"https:\/\/krcsports.com\/vi\/san-pham\/mma-sparring-training-gloves\/","og_site_name":"trustworthy combat sports equipment manufacturer","article_publisher":"https:\/\/www.facebook.com\/people\/Krc-sports\/100063994129159\/","article_modified_time":"2024-11-23T14:22:17+00:00","og_image":[{"width":640,"height":640,"url":"https:\/\/krcsports.com\/wp-content\/uploads\/2024\/09\/mma-glove-6.webp","type":"image\/webp"}],"twitter_card":"summary_large_image","twitter_misc":{"\u01af\u1edbc t\u00ednh th\u1eddi gian \u0111\u1ecdc":"1 ph\u00fat"},"schema":{"@context":"https:\/\/schema.org","@graph":[{"@type":"WebPage","@id":"https:\/\/krcsports.com\/manufacturer\/mma-sparring-training-gloves\/","url":"https:\/\/krcsports.com\/manufacturer\/mma-sparring-training-gloves\/","name":"G\u0103ng tay t\u1eadp luy\u1ec7n MMA - nh\u00e0 s\u1ea3n xu\u1ea5t thi\u1ebft b\u1ecb th\u1ec3 thao chi\u1ebfn \u0111\u1ea5u \u0111\u00e1ng tin c\u1eady","isPartOf":{"@id":"https:\/\/krcsports.com\/#website"},"primaryImageOfPage":{"@id":"https:\/\/krcsports.com\/manufacturer\/mma-sparring-training-gloves\/#primaryimage"},"image":{"@id":"https:\/\/krcsports.com\/manufacturer\/mma-sparring-training-gloves\/#primaryimage"},"thumbnailUrl":"https:\/\/cdn.krcsports.com\/2024\/09\/mma-glove-6.webp","datePublished":"2024-09-09T06:52:39+00:00","dateModified":"2024-11-23T14:22:17+00:00","description":"G\u0103ng tay t\u1eadp luy\u1ec7n MMA d\u00e0nh cho nam v\u00e0 n\u1eef G\u0103ng tay MMA d\u00e0nh cho t\u1eadp luy\u1ec7n v\u1eadt l\u1ed9n, G\u0103ng tay v\u00f5 thu\u1eadt Hybrid Open Palm, \u0110ai b\u1ea3o v\u1ec7 c\u1ed5 tay b\u1eb1ng da Maya Hide, G\u0103ng tay \u0111\u1ea5m b\u1ed1c MMA d\u00e0nh cho nam v\u00e0 n\u1eef, Bao \u0111\u1ea5m, T\u1eadp luy\u1ec7n Muay Th\u00e1i","breadcrumb":{"@id":"https:\/\/krcsports.com\/manufacturer\/mma-sparring-training-gloves\/#breadcrumb"},"inLanguage":"vi","potentialAction":[{"@type":"ReadAction","target":["https:\/\/krcsports.com\/manufacturer\/mma-sparring-training-gloves\/"]}]},{"@type":"ImageObject","inLanguage":"vi","@id":"https:\/\/krcsports.com\/manufacturer\/mma-sparring-training-gloves\/#primaryimage","url":"https:\/\/cdn.krcsports.com\/2024\/09\/mma-glove-6.webp","contentUrl":"https:\/\/cdn.krcsports.com\/2024\/09\/mma-glove-6.webp","width":640,"height":640,"caption":"mma glove"},{"@type":"BreadcrumbList","@id":"https:\/\/krcsports.com\/manufacturer\/mma-sparring-training-gloves\/#breadcrumb","itemListElement":[{"@type":"ListItem","position":1,"name":"Home","item":"https:\/\/krcsports.com\/"},{"@type":"ListItem","position":2,"name":"Products","item":"https:\/\/krcsports.com\/shop\/"},{"@type":"ListItem","position":3,"name":"MMA Sparring Training Gloves"}]},{"@type":"WebSite","@id":"https:\/\/krcsports.com\/#website","url":"https:\/\/krcsports.com\/","name":"th\u1ec3 thao krc","description":"","publisher":{"@id":"https:\/\/krcsports.com\/#organization"},"potentialAction":[{"@type":"SearchAction","target":{"@type":"EntryPoint","urlTemplate":"https:\/\/krcsports.com\/?s={search_term_string}"},"query-input":"required name=search_term_string"}],"inLanguage":"vi"},{"@type":"Organization","@id":"https:\/\/krcsports.com\/#organization","name":"th\u1ec3 thao krc","url":"https:\/\/krcsports.com\/","logo":{"@type":"ImageObject","inLanguage":"vi","@id":"https:\/\/krcsports.com\/#\/schema\/logo\/image\/","url":"https:\/\/krcsports.com\/wp-content\/uploads\/2024\/07\/logo.webp","contentUrl":"https:\/\/krcsports.com\/wp-content\/uploads\/2024\/07\/logo.webp","width":80,"height":60,"caption":"krc sports"},"image":{"@id":"https:\/\/krcsports.com\/#\/schema\/logo\/image\/"},"sameAs":["https:\/\/www.facebook.com\/people\/Krc-sports\/100063994129159\/"]}]}},"_links":{"self":[{"href":"https:\/\/krcsports.com\/vi\/wp-json\/wp\/v2\/product\/2073","targetHints":{"allow":["GET"]}}],"collection":[{"href":"https:\/\/krcsports.com\/vi\/wp-json\/wp\/v2\/product"}],"about":[{"href":"https:\/\/krcsports.com\/vi\/wp-json\/wp\/v2\/types\/product"}],"wp:featuredmedia":[{"embeddable":true,"href":"https:\/\/krcsports.com\/vi\/wp-json\/wp\/v2\/media\/2079"}],"wp:attachment":[{"href":"https:\/\/krcsports.com\/vi\/wp-json\/wp\/v2\/media?parent=2073"}],"wp:term":[{"taxonomy":"product_cat","embeddable":true,"href":"https:\/\/krcsports.com\/vi\/wp-json\/wp\/v2\/product_cat?post=2073"},{"taxonomy":"product_tag","embeddable":true,"href":"https:\/\/krcsports.com\/vi\/wp-json\/wp\/v2\/product_tag?post=2073"}],"curies":[{"name":"wp","href":"https:\/\/api.w.org\/{rel}","templated":true}]}}