{"id":2032,"date":"2024-08-29T08:06:26","date_gmt":"2024-08-29T08:06:26","guid":{"rendered":"https:\/\/krcsports.com\/?post_type=product&#038;p=2032"},"modified":"2024-10-11T07:51:22","modified_gmt":"2024-10-11T07:51:22","slug":"personalized-boxing-gloves","status":"publish","type":"product","link":"https:\/\/krcsports.com\/vi\/manufacturer\/personalized-boxing-gloves\/","title":{"rendered":"g\u0103ng tay \u0111\u1ea5m b\u1ed1c c\u00e1 nh\u00e2n"},"content":{"rendered":"<p>\ud83c\udfc6\u3010Ch\u1ea5t l\u01b0\u1ee3ng cao c\u1ea5p\u3011g\u0103ng tay \u0111\u1ea5m b\u1ed1c t\u00f9y ch\u1ec9nh v\u1edbi da PU s\u1ee3i nh\u1ecf b\u1ec1n, da th\u1eadt, \u0111\u01b0\u1eddng kh\u00e2u ch\u1eafc ch\u1eafn v\u00e0 ch\u1ea5t li\u1ec7u b\u00ean trong m\u1ecbn m\u00e0ng kh\u00f4ng ch\u1ec9 mang l\u1ea1i \u0111\u1ed9 b\u1ec1n l\u00e2u d\u00e0i m\u00e0 c\u00f2n t\u1ea1o ra nh\u1eefng c\u00fa \u0111\u1ea5m m\u1ea1nh h\u01a1n v\u00e0 \u1ed5n \u0111\u1ecbnh h\u01a1n.<br \/>\n\ud83c\udfc6\u3010G\u0103ng tay \u0111\u1ea5m b\u1ed1c c\u00f4ng ngh\u1ec7 cao\u3011g\u0103ng tay \u0111\u1ea5m b\u1ed1c c\u00e1 nh\u00e2n t\u1ea1o ra t\u01b0 th\u1ebf tay t\u1ef1 nhi\u00ean v\u00e0 tho\u1ea3i m\u00e1i h\u01a1n. G\u0103ng tay \u0111\u1ea5m b\u1ed1c nh\u1eb9 ho\u00e0n h\u1ea3o cho ng\u01b0\u1eddi m\u1edbi b\u1eaft \u0111\u1ea7u t\u1eadp luy\u1ec7n \u0111\u1ea5m b\u1ed1c. D\u1ec5 d\u00e0ng \u0111eo v\u00e0o v\u00e0 th\u00e1o ra, c\u00f3 hi\u1ec7u su\u1ea5t h\u1ed7 tr\u1ee3\/\u0111\u1ec7m t\u1ed1t v\u00e0 t\u1ea5m u\u1ed1n cong l\u00f2ng b\u00e0n tay v\u00e0 ng\u00f3n tay ch\u1eafc ch\u1eafn b\u00ean trong. \u0110\u01b0\u1ee3c thi\u1ebft k\u1ebf \u0111\u1eb7c bi\u1ec7t \u0111\u1ec3 t\u1eadp luy\u1ec7n v\u00e0 \u0111i k\u00e8m, v\u1edbi nh\u1eefng \u01b0u \u0111i\u1ec3m v\u01b0\u1ee3t tr\u1ed9i.<br \/>\n\ud83c\udfc6\u3010L\u01b0\u1edbi tho\u00e1ng kh\u00ed b\u1eb1ng da th\u00e2n thi\u1ec7n v\u1edbi m\u00f4i tr\u01b0\u1eddng\u3011V\u1ecf b\u1ecdc \u0111\u01b0\u1ee3c l\u00e0m b\u1eb1ng da t\u1ed5ng h\u1ee3p \u0111\u1ec3 d\u1ec5 d\u00e0ng v\u1ec7 sinh v\u00e0 b\u1ea3o d\u01b0\u1ee1ng. L\u01b0\u1edbi tho\u00e1ng kh\u00ed gi\u00fap kh\u00f4ng kh\u00ed l\u01b0u th\u00f4ng qua \u0111\u1ec3 m\u1eb7c kh\u00f4 r\u00e1o, tho\u1ea3i m\u00e1i. L\u1edbp l\u00f3t b\u1eb1ng nylon th\u00e2n thi\u1ec7n v\u1edbi da r\u1ea5t d\u1ec5 m\u1eb7c v\u00e0 m\u1edf ra v\u1edbi l\u1edbp \u0111\u1ec7m th\u00edch h\u1ee3p.<br \/>\n\ud83c\udfc6\u3010Th\u1ec3 thao \u0111\u1ea5m b\u1ed1c &amp; \u0110a n\u0103ng\u3011 G\u0103ng tay \u0111\u1ea5m b\u1ed1c r\u1ea5t tuy\u1ec7t khi s\u1eed d\u1ee5ng v\u1edbi c\u00e1c thi\u1ebft b\u1ecb \u0111\u1ea5m b\u1ed1c kh\u00e1c. MMA, Quy\u1ec1n anh, Muay Th\u00e1i, Kickboxing, Taekwondo, Judo, Karate, T\u1ef1 v\u1ec7, B\u1ed9 \u0111\u1ea5u t\u1eadp, B\u1ed9 \u0111\u1ea5m b\u1ed1c, Bao c\u00e1t, Bao \u0111\u1ea5m b\u1ed1c, Bao c\u00e1t \u0111\u1ea5m b\u1ed1c, B\u0103ng qu\u1ea5n tay \u0111\u1ea5m b\u1ed1c, G\u0103ng tay \u0111\u1ea5m b\u1ed1c v\u00e0 mi\u1ebfng \u0111\u1ec7m.<br \/>\n\ud83c\udfc6\u3010g\u0103ng tay \u0111\u1ea5m b\u1ed1c b\u00e1n bu\u00f4n\u3011Ch\u00fang t\u00f4i cung c\u1ea5p nhi\u1ec1u k\u00edch c\u1ee1 kh\u00e1c nhau: g\u0103ng tay \u0111\u1ea5m b\u1ed1c 6oz, 8oz, 10oz, 12oz 14oz v\u00e0 16oz. Ch\u00fang t\u00f4i r\u1ea5t mu\u1ed1n th\u1ea5y b\u1ea1n c\u00f3 kh\u1ea3 n\u0103ng th\u00edch \u1ee9ng chi\u1ebfn \u0111\u1ea5u ho\u00e0n h\u1ea3o \u0111\u1ec3 \u0111\u01b0a qu\u00e1 tr\u00ecnh luy\u1ec7n t\u1eadp c\u1ee7a m\u00ecnh l\u00ean m\u1ed9t t\u1ea7m cao m\u1edbi. Ngo\u00e0i ra, ch\u00fang t\u00f4i c\u00f3 th\u1ec3 l\u00e0m g\u0103ng tay \u0111\u1ea5m b\u1ed1c theo y\u00eau c\u1ea7u.<\/p>\n\t<section class=\"section\" id=\"section_160403860\">\n\t\t<div class=\"bg section-bg fill bg-fill  bg-loaded\" >\n\n\t\t\t\n\t\t\t\n\t\t\t\n\n\t\t<\/div>\n\n\t\t\n\n\t\t<div class=\"section-content relative\">\n\t\t\t\n<h2>nh\u00e0 m\u00e1y c\u1ee7a ch\u00fang t\u00f4i Certificte<\/h2>\n\t<div class=\"img has-hover x md-x lg-x y md-y lg-y\" id=\"image_357421623\">\n\t\t\t\t\t\t\t\t<div class=\"img-inner dark\" >\n\t\t\t<img loading=\"lazy\" decoding=\"async\" width=\"1020\" height=\"316\" src=\"https:\/\/cdn.krcsports.com\/2024\/07\/certification070-1-1024x317.webp\" class=\"attachment-large size-large wp-image-1633\" alt=\"gi\u1ea5y ch\u1ee9ng nh\u1eadn\" srcset=\"https:\/\/cdn.krcsports.com\/2024\/07\/certification070-1-1024x317.webp 1024w, https:\/\/cdn.krcsports.com\/2024\/07\/certification070-1-300x93.webp 300w, https:\/\/cdn.krcsports.com\/2024\/07\/certification070-1-768x238.webp 768w, https:\/\/cdn.krcsports.com\/2024\/07\/certification070-1-1536x475.webp 1536w, https:\/\/cdn.krcsports.com\/2024\/07\/certification070-1-18x6.webp 18w, https:\/\/cdn.krcsports.com\/2024\/07\/certification070-1-600x186.webp 600w, https:\/\/cdn.krcsports.com\/2024\/07\/certification070-1.webp 1625w\" sizes=\"auto, (max-width: 1020px) 100vw, 1020px\" \/>\t\t\t\t\t\t\n\t\t\t\t\t<\/div>\n\t\t\t\t\t\t\t\t\n<style>\n#image_357421623 {\n  width: 100%;\n}\n<\/style>\n\t<\/div>\n\t\n\t\t<\/div>\n\n\t\t\n<style>\n#section_160403860 {\n  padding-top: 30px;\n  padding-bottom: 30px;\n}\n<\/style>\n\t<\/section>\n\t\n<h2>Nh\u00e0 m\u00e1y c\u1ee7a ch\u00fang t\u00f4i \u0111\u01b0\u1ee3c BSCI ch\u1ea5p thu\u1eadn, ch\u00fang t\u00f4i c\u00f3 th\u1ec3 l\u00e0m theo y\u00eau c\u1ea7u v\u00e0 b\u00e1n bu\u00f4n cho b\u1ea5t k\u1ef3 doanh nghi\u1ec7p n\u00e0o<\/h2>\n\t<div class=\"img has-hover x md-x lg-x y md-y lg-y\" id=\"image_577271685\">\n\t\t\t\t\t\t\t\t<div class=\"img-inner dark\" >\n\t\t\t<img loading=\"lazy\" decoding=\"async\" width=\"850\" height=\"1100\" src=\"https:\/\/cdn.krcsports.com\/2024\/07\/BSCI-SummaryAuditReportforall_21-41.webp\" class=\"attachment-original size-original wp-image-1634\" alt=\"T\u00f3m t\u1eaft BSCI\" srcset=\"https:\/\/cdn.krcsports.com\/2024\/07\/BSCI-SummaryAuditReportforall_21-41.webp 850w, https:\/\/cdn.krcsports.com\/2024\/07\/BSCI-SummaryAuditReportforall_21-41-232x300.webp 232w, https:\/\/cdn.krcsports.com\/2024\/07\/BSCI-SummaryAuditReportforall_21-41-791x1024.webp 791w, https:\/\/cdn.krcsports.com\/2024\/07\/BSCI-SummaryAuditReportforall_21-41-768x994.webp 768w, https:\/\/cdn.krcsports.com\/2024\/07\/BSCI-SummaryAuditReportforall_21-41-9x12.webp 9w, https:\/\/cdn.krcsports.com\/2024\/07\/BSCI-SummaryAuditReportforall_21-41-600x776.webp 600w\" sizes=\"auto, (max-width: 850px) 100vw, 850px\" \/>\t\t\t\t\t\t\n\t\t\t\t\t<\/div>\n\t\t\t\t\t\t\t\t\n<style>\n#image_577271685 {\n  width: 100%;\n}\n<\/style>\n\t<\/div>\n\t\n\t<div class=\"img has-hover x md-x lg-x y md-y lg-y\" id=\"image_961711495\">\n\t\t\t\t\t\t\t\t<div class=\"img-inner dark\" >\n\t\t\t<img loading=\"lazy\" decoding=\"async\" width=\"745\" height=\"364\" src=\"https:\/\/cdn.krcsports.com\/2024\/10\/Sports-manufacture1.webp\" class=\"attachment-original size-original wp-image-2862\" alt=\"nh\u00e0 s\u1ea3n xu\u1ea5t\" srcset=\"https:\/\/cdn.krcsports.com\/2024\/10\/Sports-manufacture1.webp 745w, https:\/\/cdn.krcsports.com\/2024\/10\/Sports-manufacture1-300x147.webp 300w, https:\/\/cdn.krcsports.com\/2024\/10\/Sports-manufacture1-18x9.webp 18w, https:\/\/cdn.krcsports.com\/2024\/10\/Sports-manufacture1-600x293.webp 600w\" sizes=\"auto, (max-width: 745px) 100vw, 745px\" \/>\t\t\t\t\t\t\n\t\t\t\t\t<\/div>\n\t\t\t\t\t\t\t\t\n<style>\n#image_961711495 {\n  width: 100%;\n}\n<\/style>\n\t<\/div>\n\t\n\t<section class=\"section\" id=\"section_1387499053\">\n\t\t<div class=\"bg section-bg fill bg-fill  bg-loaded\" >\n\n\t\t\t\n\t\t\t\n\t\t\t\n\n\t\t<\/div>\n\n\t\t\n\n\t\t<div class=\"section-content relative\">\n\t\t\t\n<h2>\u0110\u1ed9i ng\u0169 chuy\u00ean nghi\u1ec7p c\u1ee7a ch\u00fang t\u00f4i<\/h2>\n\t\t<\/div>\n\n\t\t\n<style>\n#section_1387499053 {\n  padding-top: 30px;\n  padding-bottom: 30px;\n}\n<\/style>\n\t<\/section>\n\t\n\t<section class=\"section\" id=\"section_1797022586\">\n\t\t<div class=\"bg section-bg fill bg-fill  bg-loaded\" >\n\n\t\t\t\n\t\t\t\n\t\t\t\n\n\t\t<\/div>\n\n\t\t\n\n\t\t<div class=\"section-content relative\">\n\t\t\t\n\t<div class=\"img has-hover x md-x lg-x y md-y lg-y\" id=\"image_708508408\">\n\t\t\t\t\t\t\t\t<div class=\"img-inner dark\" >\n\t\t\t<img loading=\"lazy\" decoding=\"async\" width=\"493\" height=\"301\" src=\"https:\/\/cdn.krcsports.com\/2024\/10\/team002.webp\" class=\"attachment-large size-large wp-image-2863\" alt=\"\u0111\u1ed9i\" srcset=\"https:\/\/cdn.krcsports.com\/2024\/10\/team002.webp 493w, https:\/\/cdn.krcsports.com\/2024\/10\/team002-300x183.webp 300w, https:\/\/cdn.krcsports.com\/2024\/10\/team002-18x12.webp 18w\" sizes=\"auto, (max-width: 493px) 100vw, 493px\" \/>\t\t\t\t\t\t\n\t\t\t\t\t<\/div>\n\t\t\t\t\t\t\t\t\n<style>\n#image_708508408 {\n  width: 100%;\n}\n<\/style>\n\t<\/div>\n\t\n\t\t<\/div>\n\n\t\t\n<style>\n#section_1797022586 {\n  padding-top: 30px;\n  padding-bottom: 30px;\n}\n<\/style>\n\t<\/section>\n\t\n\t<section class=\"section\" id=\"section_1529111952\">\n\t\t<div class=\"bg section-bg fill bg-fill  bg-loaded\" >\n\n\t\t\t\n\t\t\t\n\t\t\t\n\n\t\t<\/div>\n\n\t\t\n\n\t\t<div class=\"section-content relative\">\n\t\t\t\n\t<div class=\"img has-hover x md-x lg-x y md-y lg-y\" id=\"image_525536241\">\n\t\t\t\t\t\t\t\t<div class=\"img-inner dark\" >\n\t\t\t<img loading=\"lazy\" decoding=\"async\" width=\"1020\" height=\"466\" src=\"https:\/\/cdn.krcsports.com\/2024\/10\/exhibition1-1024x468.webp\" class=\"attachment-large size-large wp-image-2864\" alt=\"tri\u1ec3n l\u00e3m\" srcset=\"https:\/\/cdn.krcsports.com\/2024\/10\/exhibition1-1024x468.webp 1024w, https:\/\/cdn.krcsports.com\/2024\/10\/exhibition1-300x137.webp 300w, https:\/\/cdn.krcsports.com\/2024\/10\/exhibition1-768x351.webp 768w, https:\/\/cdn.krcsports.com\/2024\/10\/exhibition1-18x8.webp 18w, https:\/\/cdn.krcsports.com\/2024\/10\/exhibition1-600x274.webp 600w, https:\/\/cdn.krcsports.com\/2024\/10\/exhibition1.webp 1200w\" sizes=\"auto, (max-width: 1020px) 100vw, 1020px\" \/>\t\t\t\t\t\t\n\t\t\t\t\t<\/div>\n\t\t\t\t\t\t\t\t\n<style>\n#image_525536241 {\n  width: 100%;\n}\n<\/style>\n\t<\/div>\n\t\n\t\t<\/div>\n\n\t\t\n<style>\n#section_1529111952 {\n  padding-top: 30px;\n  padding-bottom: 30px;\n}\n<\/style>\n\t<\/section>\n\t\n\n<div class=\"wpcf7 no-js\" id=\"wpcf7-f5-o1\" lang=\"en-US\" dir=\"ltr\">\n<div class=\"screen-reader-response\"><p role=\"status\" aria-live=\"polite\" aria-atomic=\"true\"><\/p> <ul><\/ul><\/div>\n<form action=\"\/vi\/wp-json\/wp\/v2\/product\/2032#wpcf7-f5-o1\" method=\"post\" class=\"wpcf7-form init\" aria-label=\"Bi\u1ec3u m\u1eabu li\u00ean h\u1ec7\" novalidate=\"novalidate\" data-status=\"init\" data-trp-original-action=\"\/vi\/wp-json\/wp\/v2\/product\/2032#wpcf7-f5-o1\">\n<div style=\"display: none;\">\n<input type=\"hidden\" name=\"_wpcf7\" value=\"5\" \/>\n<input type=\"hidden\" name=\"_wpcf7_version\" value=\"5.9.5\" \/>\n<input type=\"hidden\" name=\"_wpcf7_locale\" value=\"en_US\" \/>\n<input type=\"hidden\" name=\"_wpcf7_unit_tag\" value=\"wpcf7-f5-o1\" \/>\n<input type=\"hidden\" name=\"_wpcf7_container_post\" value=\"0\" \/>\n<input type=\"hidden\" name=\"_wpcf7_posted_data_hash\" value=\"\" \/>\n<\/div>\n<div class='custom_contact_style'>\n\t<p><label> T\u00ean c\u1ee7a b\u1ea1n<br \/>\n<span class=\"wpcf7-form-control-wrap\" data-name=\"your-name\"><input size=\"40\" class=\"wpcf7-form-control wpcf7-text wpcf7-validates-as-required\" autocomplete=\"name\" aria-required=\"true\" aria-invalid=\"false\" value=\"\" type=\"text\" name=\"your-name\" \/><\/span> <\/label>\n\t<\/p>\n\t<p><label> Email c\u1ee7a b\u1ea1n<br \/>\n<span class=\"wpcf7-form-control-wrap\" data-name=\"your-email\"><input size=\"40\" class=\"wpcf7-form-control wpcf7-email wpcf7-validates-as-required wpcf7-text wpcf7-validates-as-email\" autocomplete=\"email\" aria-required=\"true\" aria-invalid=\"false\" value=\"\" type=\"email\" name=\"your-email\" \/><\/span> <\/label>\n\t<\/p>\n\t<p><label> Tin nh\u1eafn c\u1ee7a b\u1ea1n (t\u00f9y ch\u1ecdn)<br \/>\n<span class=\"wpcf7-form-control-wrap\" data-name=\"your-message\"><textarea cols=\"40\" rows=\"10\" class=\"wpcf7-form-control wpcf7-textarea\" aria-invalid=\"false\" name=\"your-message\"><\/textarea><\/span> <\/label>\n\t<\/p>\n\t<div style=\"margin-bottom:10px;\">\n\t\t<p><span class=\"wpcf7-form-control-wrap kc_captcha cf7ic-toggle\" data-name=\"kc_captcha\"><span class=\"wpcf7-form-control wpcf7-radio\"><span class=\"captcha-image\" style=\"display: none;\"><span class=\"cf7ic_instructions\">H\u00e3y ch\u1ee9ng minh b\u1ea1n l\u00e0 ng\u01b0\u1eddi b\u1eb1ng c\u00e1ch ch\u1ecdn<span> xe t\u1ea3i<\/span>.<\/span><label><input type=\"radio\" name=\"kc_captcha\" value=\"bot\" \/><svg width=\"50\" height=\"50\" aria-hidden=\"true\" role=\"img\" xmlns=\"http:\/\/www.w3.org\/2000\/svg\" viewbox=\"0 0 640 512\"><path fill=\"currentColor\" d=\"M192 384h192c53 0 96-43 96-96h32a128 128 0 000-256H120c-13 0-24 11-24 24v232c0 53 43 96 96 96zM512 96a64 64 0 010 128h-32V96h32zm48 384H48c-47 0-61-64-36-64h584c25 0 11 64-36 64z\"\/><\/svg><\/label><label><input type=\"radio\" name=\"kc_captcha\" value=\"bot\" \/><svg width=\"50\" height=\"50\" aria-hidden=\"true\" role=\"img\" xmlns=\"http:\/\/www.w3.org\/2000\/svg\" viewbox=\"0 0 512 512\"><path fill=\"currentColor\" d=\"M350 99c-54 0-98-35-166-35-25 0-47 4-68 12a56 56 0 004-24C118 24 95 1 66 0a56 56 0 00-34 102v386c0 13 11 24 24 24h16c13 0 24-11 24-24v-94c28-12 64-23 114-23 54 0 98 35 166 35 48 0 86-16 122-41 9-6 14-15 14-26V96c0-23-24-39-45-29-35 16-77 32-117 32z\"\/><\/svg><\/label><label><input type=\"radio\" name=\"kc_captcha\" value=\"kc_human\" \/><svg width=\"50\" height=\"50\" aria-hidden=\"true\" role=\"img\" xmlns=\"http:\/\/www.w3.org\/2000\/svg\" viewbox=\"0 0 640 512\"><path fill=\"currentColor\" d=\"M624 352h-16V244c0-13-5-25-14-34L494 110c-9-9-21-14-34-14h-44V48c0-26-21-48-48-48H48C22 0 0 22 0 48v320c0 27 22 48 48 48h16a96 96 0 00192 0h128a96 96 0 00192 0h48c9 0 16-7 16-16v-32c0-9-7-16-16-16zM160 464a48 48 0 110-96 48 48 0 010 96zm320 0a48 48 0 110-96 48 48 0 010 96zm80-208H416V144h44l100 100v12z\"\/><\/svg><\/label>\r\n    <\/span>\r\n    <span style=\"display:none\">\r\n        <input type=\"text\" name=\"kc_honeypot\">\r\n    <\/span><\/span><\/span>\n\t\t<\/p>\n\t<\/div>\n\t<p><input class=\"wpcf7-form-control wpcf7-submit has-spinner\" type=\"submit\" value=\"N\u1ed9p\" \/>\n\t<\/p>\n<\/div><div class=\"wpcf7-response-output\" aria-hidden=\"true\"><\/div>\n<input type=\"hidden\" name=\"trp-form-language\" value=\"vi\"\/><\/form>\n<\/div>","protected":false},"excerpt":{"rendered":"<p>1. G\u0103ng tay \u0111\u1ea5m b\u1ed1c cao c\u1ea5p t\u1eeb m\u1ed9t c\u00f4ng ty \u0111\u1ea5m b\u1ed1c h\u00e0ng \u0111\u1ea7u, \u0111\u01b0\u1ee3c thi\u1ebft k\u1ebf \u0111\u1ec3 c\u00f3 \u0111\u1ed9 b\u1ec1n v\u00e0 tho\u1ea3i m\u00e1i.<\/p>\n<p>2. G\u0103ng tay \u0111\u1ea5m b\u1ed1c t\u00f9y ch\u1ec9nh c\u00f3 s\u1eb5n v\u1edbi s\u1ed1 l\u01b0\u1ee3ng l\u1edbn, ho\u00e0n h\u1ea3o cho c\u00e1c bu\u1ed5i t\u1eadp luy\u1ec7n c\u00e1 nh\u00e2n.<\/p>\n<p>3. Kh\u00e1m ph\u00e1 nh\u1eefng th\u01b0\u01a1ng hi\u1ec7u g\u0103ng tay \u0111\u1ea5m b\u1ed1c t\u1ed1t nh\u1ea5t d\u00e0nh cho ng\u01b0\u1eddi chuy\u00ean nghi\u1ec7p v\u00e0 ng\u01b0\u1eddi m\u1edbi b\u1eaft \u0111\u1ea7u.<\/p>\n<p>4. G\u0103ng tay \u0111\u1ea5m b\u1ed1c \u0111\u01b0\u1ee3c thi\u1ebft k\u1ebf ri\u00eang v\u1edbi ki\u1ec3u d\u00e1ng \u0111\u1ed9c \u0111\u00e1o gi\u00fap n\u00e2ng cao hi\u1ec7u qu\u1ea3 t\u1eadp luy\u1ec7n c\u1ee7a b\u1ea1n.<\/p>","protected":false},"featured_media":2034,"template":"","meta":[],"product_cat":[42],"product_tag":[],"class_list":{"0":"post-2032","1":"product","2":"type-product","3":"status-publish","4":"has-post-thumbnail","6":"product_cat-boxing-gloves","8":"first","9":"instock","10":"shipping-taxable","11":"product-type-simple"},"yoast_head":"<!-- This site is optimized with the Yoast SEO plugin v22.7 - https:\/\/yoast.com\/wordpress\/plugins\/seo\/ -->\n<title>personalized boxing gloves - trustworthy combat sports equipment manufacturer<\/title>\n<meta name=\"description\" content=\"personalized boxing gloves for your academy or gym\" \/>\n<meta name=\"robots\" content=\"index, follow, max-snippet:-1, max-image-preview:large, max-video-preview:-1\" \/>\n<link rel=\"canonical\" href=\"https:\/\/krcsports.com\/vi\/san-pham\/personalized-boxing-gloves\/\" \/>\n<meta property=\"og:locale\" content=\"vi_VN\" \/>\n<meta property=\"og:type\" content=\"article\" \/>\n<meta property=\"og:title\" content=\"personalized boxing gloves - trustworthy combat sports equipment manufacturer\" \/>\n<meta property=\"og:description\" content=\"personalized boxing gloves for your academy or gym\" \/>\n<meta property=\"og:url\" content=\"https:\/\/krcsports.com\/vi\/san-pham\/personalized-boxing-gloves\/\" \/>\n<meta property=\"og:site_name\" content=\"trustworthy combat sports equipment manufacturer\" \/>\n<meta property=\"article:publisher\" content=\"https:\/\/www.facebook.com\/people\/Krc-sports\/100063994129159\/\" \/>\n<meta property=\"article:modified_time\" content=\"2024-10-11T07:51:22+00:00\" \/>\n<meta property=\"og:image\" content=\"https:\/\/krcsports.com\/wp-content\/uploads\/2024\/08\/boxing-gloves2-7-scaled.webp\" \/>\n\t<meta property=\"og:image:width\" content=\"2560\" \/>\n\t<meta property=\"og:image:height\" content=\"1707\" \/>\n\t<meta property=\"og:image:type\" content=\"image\/webp\" \/>\n<meta name=\"twitter:card\" content=\"summary_large_image\" \/>\n<meta name=\"twitter:label1\" content=\"\u01af\u1edbc t\u00ednh th\u1eddi gian \u0111\u1ecdc\" \/>\n\t<meta name=\"twitter:data1\" content=\"2 ph\u00fat\" \/>\n<script type=\"application\/ld+json\" class=\"yoast-schema-graph\">{\"@context\":\"https:\/\/schema.org\",\"@graph\":[{\"@type\":\"WebPage\",\"@id\":\"https:\/\/krcsports.com\/manufacturer\/personalized-boxing-gloves\/\",\"url\":\"https:\/\/krcsports.com\/manufacturer\/personalized-boxing-gloves\/\",\"name\":\"personalized boxing gloves - trustworthy combat sports equipment manufacturer\",\"isPartOf\":{\"@id\":\"https:\/\/krcsports.com\/#website\"},\"primaryImageOfPage\":{\"@id\":\"https:\/\/krcsports.com\/manufacturer\/personalized-boxing-gloves\/#primaryimage\"},\"image\":{\"@id\":\"https:\/\/krcsports.com\/manufacturer\/personalized-boxing-gloves\/#primaryimage\"},\"thumbnailUrl\":\"https:\/\/cdn.krcsports.com\/2024\/08\/boxing-gloves2-7-scaled.webp\",\"datePublished\":\"2024-08-29T08:06:26+00:00\",\"dateModified\":\"2024-10-11T07:51:22+00:00\",\"description\":\"personalized boxing gloves for your academy or gym\",\"breadcrumb\":{\"@id\":\"https:\/\/krcsports.com\/manufacturer\/personalized-boxing-gloves\/#breadcrumb\"},\"inLanguage\":\"vi\",\"potentialAction\":[{\"@type\":\"ReadAction\",\"target\":[\"https:\/\/krcsports.com\/manufacturer\/personalized-boxing-gloves\/\"]}]},{\"@type\":\"ImageObject\",\"inLanguage\":\"vi\",\"@id\":\"https:\/\/krcsports.com\/manufacturer\/personalized-boxing-gloves\/#primaryimage\",\"url\":\"https:\/\/cdn.krcsports.com\/2024\/08\/boxing-gloves2-7-scaled.webp\",\"contentUrl\":\"https:\/\/cdn.krcsports.com\/2024\/08\/boxing-gloves2-7-scaled.webp\",\"width\":2560,\"height\":1707,\"caption\":\"boxing gloves\"},{\"@type\":\"BreadcrumbList\",\"@id\":\"https:\/\/krcsports.com\/manufacturer\/personalized-boxing-gloves\/#breadcrumb\",\"itemListElement\":[{\"@type\":\"ListItem\",\"position\":1,\"name\":\"Home\",\"item\":\"https:\/\/krcsports.com\/\"},{\"@type\":\"ListItem\",\"position\":2,\"name\":\"Products\",\"item\":\"https:\/\/krcsports.com\/shop\/\"},{\"@type\":\"ListItem\",\"position\":3,\"name\":\"personalized boxing gloves\"}]},{\"@type\":\"WebSite\",\"@id\":\"https:\/\/krcsports.com\/#website\",\"url\":\"https:\/\/krcsports.com\/\",\"name\":\"krc sports\",\"description\":\"\",\"publisher\":{\"@id\":\"https:\/\/krcsports.com\/#organization\"},\"potentialAction\":[{\"@type\":\"SearchAction\",\"target\":{\"@type\":\"EntryPoint\",\"urlTemplate\":\"https:\/\/krcsports.com\/?s={search_term_string}\"},\"query-input\":\"required name=search_term_string\"}],\"inLanguage\":\"vi\"},{\"@type\":\"Organization\",\"@id\":\"https:\/\/krcsports.com\/#organization\",\"name\":\"krc sports\",\"url\":\"https:\/\/krcsports.com\/\",\"logo\":{\"@type\":\"ImageObject\",\"inLanguage\":\"vi\",\"@id\":\"https:\/\/krcsports.com\/#\/schema\/logo\/image\/\",\"url\":\"https:\/\/krcsports.com\/wp-content\/uploads\/2024\/07\/logo.webp\",\"contentUrl\":\"https:\/\/krcsports.com\/wp-content\/uploads\/2024\/07\/logo.webp\",\"width\":80,\"height\":60,\"caption\":\"krc sports\"},\"image\":{\"@id\":\"https:\/\/krcsports.com\/#\/schema\/logo\/image\/\"},\"sameAs\":[\"https:\/\/www.facebook.com\/people\/Krc-sports\/100063994129159\/\"]}]}<\/script>\n<!-- \/ Yoast SEO plugin. -->","yoast_head_json":{"title":"g\u0103ng tay \u0111\u1ea5m b\u1ed1c c\u00e1 nh\u00e2n - nh\u00e0 s\u1ea3n xu\u1ea5t thi\u1ebft b\u1ecb th\u1ec3 thao chi\u1ebfn \u0111\u1ea5u \u0111\u00e1ng tin c\u1eady","description":"g\u0103ng tay \u0111\u1ea5m b\u1ed1c c\u00e1 nh\u00e2n h\u00f3a cho h\u1ecdc vi\u1ec7n ho\u1eb7c ph\u00f2ng t\u1eadp th\u1ec3 d\u1ee5c c\u1ee7a b\u1ea1n","robots":{"index":"index","follow":"follow","max-snippet":"max-snippet:-1","max-image-preview":"max-image-preview:large","max-video-preview":"max-video-preview:-1"},"canonical":"https:\/\/krcsports.com\/vi\/san-pham\/personalized-boxing-gloves\/","og_locale":"vi_VN","og_type":"article","og_title":"personalized boxing gloves - trustworthy combat sports equipment manufacturer","og_description":"personalized boxing gloves for your academy or gym","og_url":"https:\/\/krcsports.com\/vi\/san-pham\/personalized-boxing-gloves\/","og_site_name":"trustworthy combat sports equipment manufacturer","article_publisher":"https:\/\/www.facebook.com\/people\/Krc-sports\/100063994129159\/","article_modified_time":"2024-10-11T07:51:22+00:00","og_image":[{"width":2560,"height":1707,"url":"https:\/\/krcsports.com\/wp-content\/uploads\/2024\/08\/boxing-gloves2-7-scaled.webp","type":"image\/webp"}],"twitter_card":"summary_large_image","twitter_misc":{"\u01af\u1edbc t\u00ednh th\u1eddi gian \u0111\u1ecdc":"2 ph\u00fat"},"schema":{"@context":"https:\/\/schema.org","@graph":[{"@type":"WebPage","@id":"https:\/\/krcsports.com\/manufacturer\/personalized-boxing-gloves\/","url":"https:\/\/krcsports.com\/manufacturer\/personalized-boxing-gloves\/","name":"g\u0103ng tay \u0111\u1ea5m b\u1ed1c c\u00e1 nh\u00e2n - nh\u00e0 s\u1ea3n xu\u1ea5t thi\u1ebft b\u1ecb th\u1ec3 thao chi\u1ebfn \u0111\u1ea5u \u0111\u00e1ng tin c\u1eady","isPartOf":{"@id":"https:\/\/krcsports.com\/#website"},"primaryImageOfPage":{"@id":"https:\/\/krcsports.com\/manufacturer\/personalized-boxing-gloves\/#primaryimage"},"image":{"@id":"https:\/\/krcsports.com\/manufacturer\/personalized-boxing-gloves\/#primaryimage"},"thumbnailUrl":"https:\/\/cdn.krcsports.com\/2024\/08\/boxing-gloves2-7-scaled.webp","datePublished":"2024-08-29T08:06:26+00:00","dateModified":"2024-10-11T07:51:22+00:00","description":"g\u0103ng tay \u0111\u1ea5m b\u1ed1c c\u00e1 nh\u00e2n h\u00f3a cho h\u1ecdc vi\u1ec7n ho\u1eb7c ph\u00f2ng t\u1eadp th\u1ec3 d\u1ee5c c\u1ee7a b\u1ea1n","breadcrumb":{"@id":"https:\/\/krcsports.com\/manufacturer\/personalized-boxing-gloves\/#breadcrumb"},"inLanguage":"vi","potentialAction":[{"@type":"ReadAction","target":["https:\/\/krcsports.com\/manufacturer\/personalized-boxing-gloves\/"]}]},{"@type":"ImageObject","inLanguage":"vi","@id":"https:\/\/krcsports.com\/manufacturer\/personalized-boxing-gloves\/#primaryimage","url":"https:\/\/cdn.krcsports.com\/2024\/08\/boxing-gloves2-7-scaled.webp","contentUrl":"https:\/\/cdn.krcsports.com\/2024\/08\/boxing-gloves2-7-scaled.webp","width":2560,"height":1707,"caption":"boxing gloves"},{"@type":"BreadcrumbList","@id":"https:\/\/krcsports.com\/manufacturer\/personalized-boxing-gloves\/#breadcrumb","itemListElement":[{"@type":"ListItem","position":1,"name":"Home","item":"https:\/\/krcsports.com\/"},{"@type":"ListItem","position":2,"name":"Products","item":"https:\/\/krcsports.com\/shop\/"},{"@type":"ListItem","position":3,"name":"personalized boxing gloves"}]},{"@type":"WebSite","@id":"https:\/\/krcsports.com\/#website","url":"https:\/\/krcsports.com\/","name":"th\u1ec3 thao krc","description":"","publisher":{"@id":"https:\/\/krcsports.com\/#organization"},"potentialAction":[{"@type":"SearchAction","target":{"@type":"EntryPoint","urlTemplate":"https:\/\/krcsports.com\/?s={search_term_string}"},"query-input":"required name=search_term_string"}],"inLanguage":"vi"},{"@type":"Organization","@id":"https:\/\/krcsports.com\/#organization","name":"th\u1ec3 thao krc","url":"https:\/\/krcsports.com\/","logo":{"@type":"ImageObject","inLanguage":"vi","@id":"https:\/\/krcsports.com\/#\/schema\/logo\/image\/","url":"https:\/\/krcsports.com\/wp-content\/uploads\/2024\/07\/logo.webp","contentUrl":"https:\/\/krcsports.com\/wp-content\/uploads\/2024\/07\/logo.webp","width":80,"height":60,"caption":"krc sports"},"image":{"@id":"https:\/\/krcsports.com\/#\/schema\/logo\/image\/"},"sameAs":["https:\/\/www.facebook.com\/people\/Krc-sports\/100063994129159\/"]}]}},"_links":{"self":[{"href":"https:\/\/krcsports.com\/vi\/wp-json\/wp\/v2\/product\/2032","targetHints":{"allow":["GET"]}}],"collection":[{"href":"https:\/\/krcsports.com\/vi\/wp-json\/wp\/v2\/product"}],"about":[{"href":"https:\/\/krcsports.com\/vi\/wp-json\/wp\/v2\/types\/product"}],"wp:featuredmedia":[{"embeddable":true,"href":"https:\/\/krcsports.com\/vi\/wp-json\/wp\/v2\/media\/2034"}],"wp:attachment":[{"href":"https:\/\/krcsports.com\/vi\/wp-json\/wp\/v2\/media?parent=2032"}],"wp:term":[{"taxonomy":"product_cat","embeddable":true,"href":"https:\/\/krcsports.com\/vi\/wp-json\/wp\/v2\/product_cat?post=2032"},{"taxonomy":"product_tag","embeddable":true,"href":"https:\/\/krcsports.com\/vi\/wp-json\/wp\/v2\/product_tag?post=2032"}],"curies":[{"name":"wp","href":"https:\/\/api.w.org\/{rel}","templated":true}]}}