{"id":3632,"date":"2024-12-08T07:34:41","date_gmt":"2024-12-08T07:34:41","guid":{"rendered":"https:\/\/krcsports.com\/?post_type=product&#038;p=3632"},"modified":"2024-12-08T08:34:26","modified_gmt":"2024-12-08T08:34:26","slug":"wrestling-dummy","status":"publish","type":"product","link":"https:\/\/krcsports.com\/tr\/manufacturer\/wrestling-dummy\/","title":{"rendered":"g\u00fcre\u015f mankeni"},"content":{"rendered":"<section class=\"section\" id=\"section_1204046874\">\n\t\t<div class=\"bg section-bg fill bg-fill  bg-loaded\" >\n\n\t\t\t\n\t\t\t\n\t\t\t\n\n\t\t<\/div>\n\n\t\t\n\n\t\t<div class=\"section-content relative\">\n\t\t\t\n<p>G\u00fcre\u015f mankeni olarak da bilinen g\u00fcre\u015f mankeni, profesyonel g\u00fcre\u015f\u00e7ilerin becerilerini geli\u015ftirmek ve tekniklerini keskinle\u015ftirmek i\u00e7in kulland\u0131klar\u0131 temel bir ara\u00e7t\u0131r.<\/p>\n<p>\u00a0<\/p>\n<p>Deri veya vinil gibi y\u00fcksek kaliteli dayan\u0131kl\u0131 malzemelerden \u00fcretilen g\u00fcre\u015f mankeni, ger\u00e7ek\u00e7i d\u00f6v\u00fc\u015f senaryolar\u0131n\u0131 sim\u00fcle edebilmek i\u00e7in insan v\u00fccuduna benzeyecek \u015fekilde tasarland\u0131.<\/p>\n<p>\u00a0<\/p>\n<p>Eklem yerlerinin stratejik yerle\u015fimi, g\u00fcre\u015f\u00e7ilerin tutu\u015f, kilitleme, f\u0131rlatma ve d\u00fc\u015f\u00fcrme hareketlerini hassas bir \u015fekilde pratik etmelerine olanak tan\u0131r.<\/p>\n<p>\u00a0<\/p>\n<p>Ayr\u0131ca, \u00e7o\u011fu g\u00fcre\u015f mankeni anatomik olarak do\u011frudur ve antrenman seanslar\u0131 s\u0131ras\u0131nda gerekli direnci sa\u011flayan a\u011f\u0131rl\u0131kl\u0131 uzuvlara sahiptir.<\/p>\n<p>\u00a0<\/p>\n<p>Bu mankenler bir\u00e7ok amaca hizmet ediyor; g\u00fcre\u015f\u00e7ilerin g\u00fc\u00e7lerini, \u00e7evikliklerini, dengelerini ve esnekliklerini geli\u015ftirmelerine yard\u0131mc\u0131 olurken, ayn\u0131 zamanda canl\u0131 bir rakibe zarar verme riskine girmeden yeni hareketler ve diziler denemelerine olanak sa\u011fl\u0131yor.<\/p>\n<p>\u00a0<\/p>\n<p>\u0130ster tek ba\u015f\u0131na yap\u0131lan antrenmanlarda, ister e\u011fitmenlerin veya ko\u00e7lar\u0131n rehberli\u011finde yap\u0131lan grup egzersizlerinde kullan\u0131ls\u0131n, g\u00fcre\u015f mankeni profesyonel g\u00fcre\u015f \u00e7evrelerinde vazge\u00e7ilmez bir ara\u00e7 olarak yayg\u0131n olarak kabul edilmektedir.<\/p>\n<h2>Sertifikam\u0131z<\/h2>\n\t<div class=\"img has-hover x md-x lg-x y md-y lg-y\" id=\"image_510960185\">\n\t\t\t\t\t\t\t\t<div class=\"img-inner dark\" >\n\t\t\t<img loading=\"lazy\" decoding=\"async\" width=\"1020\" height=\"316\" src=\"https:\/\/cdn.krcsports.com\/2024\/07\/certification070-1-1024x317.webp\" class=\"attachment-large size-large wp-image-1633\" alt=\"sertifika\" srcset=\"https:\/\/cdn.krcsports.com\/2024\/07\/certification070-1-1024x317.webp 1024w, https:\/\/cdn.krcsports.com\/2024\/07\/certification070-1-300x93.webp 300w, https:\/\/cdn.krcsports.com\/2024\/07\/certification070-1-768x238.webp 768w, https:\/\/cdn.krcsports.com\/2024\/07\/certification070-1-1536x475.webp 1536w, https:\/\/cdn.krcsports.com\/2024\/07\/certification070-1-18x6.webp 18w, https:\/\/cdn.krcsports.com\/2024\/07\/certification070-1-600x186.webp 600w, https:\/\/cdn.krcsports.com\/2024\/07\/certification070-1.webp 1625w\" sizes=\"auto, (max-width: 1020px) 100vw, 1020px\" \/>\t\t\t\t\t\t\n\t\t\t\t\t<\/div>\n\t\t\t\t\t\t\t\t\n<style>\n#image_510960185 {\n  width: 100%;\n}\n<\/style>\n\t<\/div>\n\t\n\n<h2>Fabrikam\u0131z BSCI taraf\u0131ndan onayland\u0131<\/h2>\n<h2>\u00a0<\/h2>\n\t<div class=\"img has-hover x md-x lg-x y md-y lg-y\" id=\"image_2002004071\">\n\t\t\t\t\t\t\t\t<div class=\"img-inner dark\" >\n\t\t\t<img loading=\"lazy\" decoding=\"async\" width=\"850\" height=\"1100\" src=\"https:\/\/cdn.krcsports.com\/2024\/07\/BSCI-SummaryAuditReportforall_21-41.webp\" class=\"attachment-original size-original wp-image-1634\" alt=\"BSCI \u00d6zeti\" srcset=\"https:\/\/cdn.krcsports.com\/2024\/07\/BSCI-SummaryAuditReportforall_21-41.webp 850w, https:\/\/cdn.krcsports.com\/2024\/07\/BSCI-SummaryAuditReportforall_21-41-232x300.webp 232w, https:\/\/cdn.krcsports.com\/2024\/07\/BSCI-SummaryAuditReportforall_21-41-791x1024.webp 791w, https:\/\/cdn.krcsports.com\/2024\/07\/BSCI-SummaryAuditReportforall_21-41-768x994.webp 768w, https:\/\/cdn.krcsports.com\/2024\/07\/BSCI-SummaryAuditReportforall_21-41-9x12.webp 9w, https:\/\/cdn.krcsports.com\/2024\/07\/BSCI-SummaryAuditReportforall_21-41-600x776.webp 600w\" sizes=\"auto, (max-width: 850px) 100vw, 850px\" \/>\t\t\t\t\t\t\n\t\t\t\t\t<\/div>\n\t\t\t\t\t\t\t\t\n<style>\n#image_2002004071 {\n  width: 100%;\n}\n<\/style>\n\t<\/div>\n\t\n\n\t<div class=\"img has-hover x md-x lg-x y md-y lg-y\" id=\"image_748181615\">\n\t\t\t\t\t\t\t\t<div class=\"img-inner dark\" >\n\t\t\t<img loading=\"lazy\" decoding=\"async\" width=\"745\" height=\"364\" src=\"https:\/\/cdn.krcsports.com\/2024\/10\/Sports-manufacture1.webp\" class=\"attachment-original size-original wp-image-2862\" alt=\"\u00fcretici\" srcset=\"https:\/\/cdn.krcsports.com\/2024\/10\/Sports-manufacture1.webp 745w, https:\/\/cdn.krcsports.com\/2024\/10\/Sports-manufacture1-300x147.webp 300w, https:\/\/cdn.krcsports.com\/2024\/10\/Sports-manufacture1-18x9.webp 18w, https:\/\/cdn.krcsports.com\/2024\/10\/Sports-manufacture1-600x293.webp 600w\" sizes=\"auto, (max-width: 745px) 100vw, 745px\" \/>\t\t\t\t\t\t\n\t\t\t\t\t<\/div>\n\t\t\t\t\t\t\t\t\n<style>\n#image_748181615 {\n  width: 100%;\n}\n<\/style>\n\t<\/div>\n\t\n\n\t<section class=\"section\" id=\"section_1575926108\">\n\t\t<div class=\"bg section-bg fill bg-fill  bg-loaded\" >\n\n\t\t\t\n\t\t\t\n\t\t\t\n\n\t\t<\/div>\n\n\t\t\n\n\t\t<div class=\"section-content relative\">\n\t\t\t\n\n<h2>Profesyonel ekibimiz<\/h2>\n\n\t\t<\/div>\n\n\t\t\n<style>\n#section_1575926108 {\n  padding-top: 30px;\n  padding-bottom: 30px;\n}\n<\/style>\n\t<\/section>\n\t\n\t<section class=\"section\" id=\"section_304585554\">\n\t\t<div class=\"bg section-bg fill bg-fill  bg-loaded\" >\n\n\t\t\t\n\t\t\t\n\t\t\t\n\n\t\t<\/div>\n\n\t\t\n\n\t\t<div class=\"section-content relative\">\n\t\t\t\n\n\t<div class=\"img has-hover x md-x lg-x y md-y lg-y\" id=\"image_589355845\">\n\t\t\t\t\t\t\t\t<div class=\"img-inner dark\" >\n\t\t\t<img loading=\"lazy\" decoding=\"async\" width=\"493\" height=\"301\" src=\"https:\/\/cdn.krcsports.com\/2024\/10\/team002.webp\" class=\"attachment-large size-large wp-image-2863\" alt=\"tak\u0131m\" srcset=\"https:\/\/cdn.krcsports.com\/2024\/10\/team002.webp 493w, https:\/\/cdn.krcsports.com\/2024\/10\/team002-300x183.webp 300w, https:\/\/cdn.krcsports.com\/2024\/10\/team002-18x12.webp 18w\" sizes=\"auto, (max-width: 493px) 100vw, 493px\" \/>\t\t\t\t\t\t\n\t\t\t\t\t<\/div>\n\t\t\t\t\t\t\t\t\n<style>\n#image_589355845 {\n  width: 100%;\n}\n<\/style>\n\t<\/div>\n\t\n\n\n\t\t<\/div>\n\n\t\t\n<style>\n#section_304585554 {\n  padding-top: 30px;\n  padding-bottom: 30px;\n}\n<\/style>\n\t<\/section>\n\t\n\t<section class=\"section\" id=\"section_803014687\">\n\t\t<div class=\"bg section-bg fill bg-fill  bg-loaded\" >\n\n\t\t\t\n\t\t\t\n\t\t\t\n\n\t\t<\/div>\n\n\t\t\n\n\t\t<div class=\"section-content relative\">\n\t\t\t\n\n\t<div class=\"img has-hover x md-x lg-x y md-y lg-y\" id=\"image_507697901\">\n\t\t\t\t\t\t\t\t<div class=\"img-inner dark\" >\n\t\t\t<img loading=\"lazy\" decoding=\"async\" width=\"1020\" height=\"466\" src=\"https:\/\/cdn.krcsports.com\/2024\/10\/exhibition1-1024x468.webp\" class=\"attachment-large size-large wp-image-2864\" alt=\"sergi\" srcset=\"https:\/\/cdn.krcsports.com\/2024\/10\/exhibition1-1024x468.webp 1024w, https:\/\/cdn.krcsports.com\/2024\/10\/exhibition1-300x137.webp 300w, https:\/\/cdn.krcsports.com\/2024\/10\/exhibition1-768x351.webp 768w, https:\/\/cdn.krcsports.com\/2024\/10\/exhibition1-18x8.webp 18w, https:\/\/cdn.krcsports.com\/2024\/10\/exhibition1-600x274.webp 600w, https:\/\/cdn.krcsports.com\/2024\/10\/exhibition1.webp 1200w\" sizes=\"auto, (max-width: 1020px) 100vw, 1020px\" \/>\t\t\t\t\t\t\n\t\t\t\t\t<\/div>\n\t\t\t\t\t\t\t\t\n<style>\n#image_507697901 {\n  width: 100%;\n}\n<\/style>\n\t<\/div>\n\t\n\n\n\t\t<\/div>\n\n\t\t\n<style>\n#section_803014687 {\n  padding-top: 30px;\n  padding-bottom: 30px;\n}\n<\/style>\n\t<\/section>\n\t\n<p>\n\n<div class=\"wpcf7 no-js\" id=\"wpcf7-f5-o1\" lang=\"en-US\" dir=\"ltr\">\n<div class=\"screen-reader-response\"><p role=\"status\" aria-live=\"polite\" aria-atomic=\"true\"><\/p> <ul><\/ul><\/div>\n<form action=\"\/tr\/wp-json\/wp\/v2\/product\/3632#wpcf7-f5-o1\" method=\"post\" class=\"wpcf7-form init\" aria-label=\"\u0130leti\u015fim formu\" novalidate=\"novalidate\" data-status=\"init\" data-trp-original-action=\"\/tr\/wp-json\/wp\/v2\/product\/3632#wpcf7-f5-o1\">\n<div style=\"display: none;\">\n<input type=\"hidden\" name=\"_wpcf7\" value=\"5\" \/>\n<input type=\"hidden\" name=\"_wpcf7_version\" value=\"5.9.5\" \/>\n<input type=\"hidden\" name=\"_wpcf7_locale\" value=\"en_US\" \/>\n<input type=\"hidden\" name=\"_wpcf7_unit_tag\" value=\"wpcf7-f5-o1\" \/>\n<input type=\"hidden\" name=\"_wpcf7_container_post\" value=\"0\" \/>\n<input type=\"hidden\" name=\"_wpcf7_posted_data_hash\" value=\"\" \/>\n<\/div>\n<div class='custom_contact_style'>\n\t<p><label> Ad\u0131n\u0131z<br \/>\n<span class=\"wpcf7-form-control-wrap\" data-name=\"your-name\"><input size=\"40\" class=\"wpcf7-form-control wpcf7-text wpcf7-validates-as-required\" autocomplete=\"name\" aria-required=\"true\" aria-invalid=\"false\" value=\"\" type=\"text\" name=\"your-name\" \/><\/span> <\/label>\n\t<\/p>\n\t<p><label> E-postan\u0131z<br \/>\n<span class=\"wpcf7-form-control-wrap\" data-name=\"your-email\"><input size=\"40\" class=\"wpcf7-form-control wpcf7-email wpcf7-validates-as-required wpcf7-text wpcf7-validates-as-email\" autocomplete=\"email\" aria-required=\"true\" aria-invalid=\"false\" value=\"\" type=\"email\" name=\"your-email\" \/><\/span> <\/label>\n\t<\/p>\n\t<p><label> Mesaj\u0131n\u0131z (iste\u011fe ba\u011fl\u0131)<br \/>\n<span class=\"wpcf7-form-control-wrap\" data-name=\"your-message\"><textarea cols=\"40\" rows=\"10\" class=\"wpcf7-form-control wpcf7-textarea\" aria-invalid=\"false\" name=\"your-message\"><\/textarea><\/span> <\/label>\n\t<\/p>\n\t<div style=\"margin-bottom:10px;\">\n\t\t<p><span class=\"wpcf7-form-control-wrap kc_captcha cf7ic-toggle\" data-name=\"kc_captcha\"><span class=\"wpcf7-form-control wpcf7-radio\"><span class=\"captcha-image\" style=\"display: none;\"><span class=\"cf7ic_instructions\">L\u00fctfen insan oldu\u011funuzu kan\u0131tlamak i\u00e7in \u015funu se\u00e7in:<span> u\u00e7ak<\/span>.<\/span><label><input type=\"radio\" name=\"kc_captcha\" value=\"bot\" \/><svg width=\"50\" height=\"50\" aria-hidden=\"true\" role=\"img\" xmlns=\"http:\/\/www.w3.org\/2000\/svg\" viewbox=\"0 0 576 512\"><path fill=\"currentColor\" d=\"M259 18l-65 132-146 22c-26 3-37 36-18 54l106 103-25 146c-5 26 23 46 46 33l131-68 131 68c23 13 51-7 46-33l-25-146 106-103c19-18 8-51-18-54l-146-22-65-132a32 32 0 00-58 0z\"\/><\/svg><\/label><label><input type=\"radio\" name=\"kc_captcha\" value=\"bot\" \/><svg width=\"50\" height=\"50\" aria-hidden=\"true\" role=\"img\" xmlns=\"http:\/\/www.w3.org\/2000\/svg\" viewbox=\"0 0 640 512\"><path fill=\"currentColor\" d=\"M192 384h192c53 0 96-43 96-96h32a128 128 0 000-256H120c-13 0-24 11-24 24v232c0 53 43 96 96 96zM512 96a64 64 0 010 128h-32V96h32zm48 384H48c-47 0-61-64-36-64h584c25 0 11 64-36 64z\"\/><\/svg><\/label><label><input type=\"radio\" name=\"kc_captcha\" value=\"kc_human\" \/><svg width=\"50\" height=\"50\" aria-hidden=\"true\" role=\"img\" xmlns=\"http:\/\/www.w3.org\/2000\/svg\" viewbox=\"0 0 576 512\"><path fill=\"currentColor\" d=\"M472 200H360L256 6a12 12 0 00-10-6h-58c-8 0-14 7-12 15l34 185H100l-35-58a12 12 0 00-10-6H12c-8 0-13 7-12 14l21 106L0 362c-1 7 4 14 12 14h43c4 0 8-2 10-6l35-58h110l-34 185c-2 8 4 15 12 15h58a12 12 0 0010-6l104-194h112c57 0 104-25 104-56s-47-56-104-56z\"\/><\/svg><\/label>\r\n    <\/span>\r\n    <span style=\"display:none\">\r\n        <input type=\"text\" name=\"kc_honeypot\">\r\n    <\/span><\/span><\/span>\n\t\t<\/p>\n\t<\/div>\n\t<p><input class=\"wpcf7-form-control wpcf7-submit has-spinner\" type=\"submit\" value=\"G\u00f6ndermek\" \/>\n\t<\/p>\n<\/div><div class=\"wpcf7-response-output\" aria-hidden=\"true\"><\/div>\n<input type=\"hidden\" name=\"trp-form-language\" value=\"tr\"\/><\/form>\n<\/div>\n\n\n<\/p>\n\t\t<\/div>\n\n\t\t\n<style>\n#section_1204046874 {\n  padding-top: 30px;\n  padding-bottom: 30px;\n}\n<\/style>\n\t<\/section>","protected":false},"excerpt":{"rendered":"<p>1. E\u011fitim i\u00e7in g\u00fcre\u015f mankeni<br \/>\n2. MAM karma d\u00f6v\u00fc\u015f sanatlar\u0131 m\u00fcsabakas\u0131<br \/>\n3. Yang\u0131n ta\u015f\u0131mac\u0131l\u0131\u011f\u0131 sim\u00fclasyonu kuklas\u0131<\/p>","protected":false},"featured_media":3635,"template":"","meta":[],"product_cat":[37,50,59,83],"product_tag":[],"class_list":{"0":"post-3632","1":"product","2":"type-product","3":"status-publish","4":"has-post-thumbnail","6":"product_cat-boxing-target","7":"product_cat-punching-bag-dummy","8":"product_cat-punching-bag-dummy-taekwondo","9":"product_cat-wrestling","11":"first","12":"instock","13":"shipping-taxable","14":"product-type-simple"},"yoast_head":"<!-- This site is optimized with the Yoast SEO plugin v22.7 - https:\/\/yoast.com\/wordpress\/plugins\/seo\/ -->\n<title>wrestling dummy - trustworthy combat sports equipment manufacturer<\/title>\n<meta name=\"description\" content=\"martial arts Mixed Martial Arts fighting dummy\/Judo Jujitsu wrestling dummy Customisable logo grappling dummy for jiu jitsu\" \/>\n<meta name=\"robots\" content=\"index, follow, max-snippet:-1, max-image-preview:large, max-video-preview:-1\" \/>\n<link rel=\"canonical\" href=\"https:\/\/krcsports.com\/tr\/urun\/wrestling-dummy\/\" \/>\n<meta property=\"og:locale\" content=\"tr_TR\" \/>\n<meta property=\"og:type\" content=\"article\" \/>\n<meta property=\"og:title\" content=\"wrestling dummy - trustworthy combat sports equipment manufacturer\" \/>\n<meta property=\"og:description\" content=\"martial arts Mixed Martial Arts fighting dummy\/Judo Jujitsu wrestling dummy Customisable logo grappling dummy for jiu jitsu\" \/>\n<meta property=\"og:url\" content=\"https:\/\/krcsports.com\/tr\/urun\/wrestling-dummy\/\" \/>\n<meta property=\"og:site_name\" content=\"trustworthy combat sports equipment manufacturer\" \/>\n<meta property=\"article:publisher\" content=\"https:\/\/www.facebook.com\/people\/Krc-sports\/100063994129159\/\" \/>\n<meta property=\"article:modified_time\" content=\"2024-12-08T08:34:26+00:00\" \/>\n<meta property=\"og:image\" content=\"https:\/\/krcsports.com\/wp-content\/uploads\/2024\/12\/wrestling-dummy-3.webp\" \/>\n\t<meta property=\"og:image:width\" content=\"800\" \/>\n\t<meta property=\"og:image:height\" content=\"800\" \/>\n\t<meta property=\"og:image:type\" content=\"image\/webp\" \/>\n<meta name=\"twitter:card\" content=\"summary_large_image\" \/>\n<meta name=\"twitter:label1\" content=\"Tahmini okuma s\u00fcresi\" \/>\n\t<meta name=\"twitter:data1\" content=\"2 dakika\" \/>\n<script type=\"application\/ld+json\" class=\"yoast-schema-graph\">{\"@context\":\"https:\/\/schema.org\",\"@graph\":[{\"@type\":\"WebPage\",\"@id\":\"https:\/\/krcsports.com\/manufacturer\/wrestling-dummy\/\",\"url\":\"https:\/\/krcsports.com\/manufacturer\/wrestling-dummy\/\",\"name\":\"wrestling dummy - trustworthy combat sports equipment manufacturer\",\"isPartOf\":{\"@id\":\"https:\/\/krcsports.com\/#website\"},\"primaryImageOfPage\":{\"@id\":\"https:\/\/krcsports.com\/manufacturer\/wrestling-dummy\/#primaryimage\"},\"image\":{\"@id\":\"https:\/\/krcsports.com\/manufacturer\/wrestling-dummy\/#primaryimage\"},\"thumbnailUrl\":\"https:\/\/cdn.krcsports.com\/2024\/12\/wrestling-dummy-3.webp\",\"datePublished\":\"2024-12-08T07:34:41+00:00\",\"dateModified\":\"2024-12-08T08:34:26+00:00\",\"description\":\"martial arts Mixed Martial Arts fighting dummy\/Judo Jujitsu wrestling dummy Customisable logo grappling dummy for jiu jitsu\",\"breadcrumb\":{\"@id\":\"https:\/\/krcsports.com\/manufacturer\/wrestling-dummy\/#breadcrumb\"},\"inLanguage\":\"tr\",\"potentialAction\":[{\"@type\":\"ReadAction\",\"target\":[\"https:\/\/krcsports.com\/manufacturer\/wrestling-dummy\/\"]}]},{\"@type\":\"ImageObject\",\"inLanguage\":\"tr\",\"@id\":\"https:\/\/krcsports.com\/manufacturer\/wrestling-dummy\/#primaryimage\",\"url\":\"https:\/\/cdn.krcsports.com\/2024\/12\/wrestling-dummy-3.webp\",\"contentUrl\":\"https:\/\/cdn.krcsports.com\/2024\/12\/wrestling-dummy-3.webp\",\"width\":800,\"height\":800,\"caption\":\"wrestling dummy\"},{\"@type\":\"BreadcrumbList\",\"@id\":\"https:\/\/krcsports.com\/manufacturer\/wrestling-dummy\/#breadcrumb\",\"itemListElement\":[{\"@type\":\"ListItem\",\"position\":1,\"name\":\"Home\",\"item\":\"https:\/\/krcsports.com\/\"},{\"@type\":\"ListItem\",\"position\":2,\"name\":\"Products\",\"item\":\"https:\/\/krcsports.com\/shop\/\"},{\"@type\":\"ListItem\",\"position\":3,\"name\":\"wrestling dummy\"}]},{\"@type\":\"WebSite\",\"@id\":\"https:\/\/krcsports.com\/#website\",\"url\":\"https:\/\/krcsports.com\/\",\"name\":\"krc sports\",\"description\":\"\",\"publisher\":{\"@id\":\"https:\/\/krcsports.com\/#organization\"},\"potentialAction\":[{\"@type\":\"SearchAction\",\"target\":{\"@type\":\"EntryPoint\",\"urlTemplate\":\"https:\/\/krcsports.com\/?s={search_term_string}\"},\"query-input\":\"required name=search_term_string\"}],\"inLanguage\":\"tr\"},{\"@type\":\"Organization\",\"@id\":\"https:\/\/krcsports.com\/#organization\",\"name\":\"krc sports\",\"url\":\"https:\/\/krcsports.com\/\",\"logo\":{\"@type\":\"ImageObject\",\"inLanguage\":\"tr\",\"@id\":\"https:\/\/krcsports.com\/#\/schema\/logo\/image\/\",\"url\":\"https:\/\/krcsports.com\/wp-content\/uploads\/2024\/07\/logo.webp\",\"contentUrl\":\"https:\/\/krcsports.com\/wp-content\/uploads\/2024\/07\/logo.webp\",\"width\":80,\"height\":60,\"caption\":\"krc sports\"},\"image\":{\"@id\":\"https:\/\/krcsports.com\/#\/schema\/logo\/image\/\"},\"sameAs\":[\"https:\/\/www.facebook.com\/people\/Krc-sports\/100063994129159\/\"]}]}<\/script>\n<!-- \/ Yoast SEO plugin. -->","yoast_head_json":{"title":"g\u00fcre\u015f mankeni - g\u00fcvenilir d\u00f6v\u00fc\u015f sporlar\u0131 ekipman\u0131 \u00fcreticisi","description":"d\u00f6v\u00fc\u015f sanatlar\u0131 Karma D\u00f6v\u00fc\u015f Sanatlar\u0131 d\u00f6v\u00fc\u015f mankeni\/Judo Jujitsu g\u00fcre\u015f mankeni Jiu jitsu i\u00e7in \u00f6zelle\u015ftirilebilir logolu g\u00fcre\u015f mankeni","robots":{"index":"index","follow":"follow","max-snippet":"max-snippet:-1","max-image-preview":"max-image-preview:large","max-video-preview":"max-video-preview:-1"},"canonical":"https:\/\/krcsports.com\/tr\/urun\/wrestling-dummy\/","og_locale":"tr_TR","og_type":"article","og_title":"wrestling dummy - trustworthy combat sports equipment manufacturer","og_description":"martial arts Mixed Martial Arts fighting dummy\/Judo Jujitsu wrestling dummy Customisable logo grappling dummy for jiu jitsu","og_url":"https:\/\/krcsports.com\/tr\/urun\/wrestling-dummy\/","og_site_name":"trustworthy combat sports equipment manufacturer","article_publisher":"https:\/\/www.facebook.com\/people\/Krc-sports\/100063994129159\/","article_modified_time":"2024-12-08T08:34:26+00:00","og_image":[{"width":800,"height":800,"url":"https:\/\/krcsports.com\/wp-content\/uploads\/2024\/12\/wrestling-dummy-3.webp","type":"image\/webp"}],"twitter_card":"summary_large_image","twitter_misc":{"Tahmini okuma s\u00fcresi":"2 dakika"},"schema":{"@context":"https:\/\/schema.org","@graph":[{"@type":"WebPage","@id":"https:\/\/krcsports.com\/manufacturer\/wrestling-dummy\/","url":"https:\/\/krcsports.com\/manufacturer\/wrestling-dummy\/","name":"g\u00fcre\u015f mankeni - g\u00fcvenilir d\u00f6v\u00fc\u015f sporlar\u0131 ekipman\u0131 \u00fcreticisi","isPartOf":{"@id":"https:\/\/krcsports.com\/#website"},"primaryImageOfPage":{"@id":"https:\/\/krcsports.com\/manufacturer\/wrestling-dummy\/#primaryimage"},"image":{"@id":"https:\/\/krcsports.com\/manufacturer\/wrestling-dummy\/#primaryimage"},"thumbnailUrl":"https:\/\/cdn.krcsports.com\/2024\/12\/wrestling-dummy-3.webp","datePublished":"2024-12-08T07:34:41+00:00","dateModified":"2024-12-08T08:34:26+00:00","description":"d\u00f6v\u00fc\u015f sanatlar\u0131 Karma D\u00f6v\u00fc\u015f Sanatlar\u0131 d\u00f6v\u00fc\u015f mankeni\/Judo Jujitsu g\u00fcre\u015f mankeni Jiu jitsu i\u00e7in \u00f6zelle\u015ftirilebilir logolu g\u00fcre\u015f mankeni","breadcrumb":{"@id":"https:\/\/krcsports.com\/manufacturer\/wrestling-dummy\/#breadcrumb"},"inLanguage":"tr","potentialAction":[{"@type":"ReadAction","target":["https:\/\/krcsports.com\/manufacturer\/wrestling-dummy\/"]}]},{"@type":"ImageObject","inLanguage":"tr","@id":"https:\/\/krcsports.com\/manufacturer\/wrestling-dummy\/#primaryimage","url":"https:\/\/cdn.krcsports.com\/2024\/12\/wrestling-dummy-3.webp","contentUrl":"https:\/\/cdn.krcsports.com\/2024\/12\/wrestling-dummy-3.webp","width":800,"height":800,"caption":"wrestling dummy"},{"@type":"BreadcrumbList","@id":"https:\/\/krcsports.com\/manufacturer\/wrestling-dummy\/#breadcrumb","itemListElement":[{"@type":"ListItem","position":1,"name":"Home","item":"https:\/\/krcsports.com\/"},{"@type":"ListItem","position":2,"name":"Products","item":"https:\/\/krcsports.com\/shop\/"},{"@type":"ListItem","position":3,"name":"wrestling dummy"}]},{"@type":"WebSite","@id":"https:\/\/krcsports.com\/#website","url":"https:\/\/krcsports.com\/","name":"krc sporlar\u0131","description":"","publisher":{"@id":"https:\/\/krcsports.com\/#organization"},"potentialAction":[{"@type":"SearchAction","target":{"@type":"EntryPoint","urlTemplate":"https:\/\/krcsports.com\/?s={search_term_string}"},"query-input":"required name=search_term_string"}],"inLanguage":"tr"},{"@type":"Organization","@id":"https:\/\/krcsports.com\/#organization","name":"krc sporlar\u0131","url":"https:\/\/krcsports.com\/","logo":{"@type":"ImageObject","inLanguage":"tr","@id":"https:\/\/krcsports.com\/#\/schema\/logo\/image\/","url":"https:\/\/krcsports.com\/wp-content\/uploads\/2024\/07\/logo.webp","contentUrl":"https:\/\/krcsports.com\/wp-content\/uploads\/2024\/07\/logo.webp","width":80,"height":60,"caption":"krc sports"},"image":{"@id":"https:\/\/krcsports.com\/#\/schema\/logo\/image\/"},"sameAs":["https:\/\/www.facebook.com\/people\/Krc-sports\/100063994129159\/"]}]}},"_links":{"self":[{"href":"https:\/\/krcsports.com\/tr\/wp-json\/wp\/v2\/product\/3632","targetHints":{"allow":["GET"]}}],"collection":[{"href":"https:\/\/krcsports.com\/tr\/wp-json\/wp\/v2\/product"}],"about":[{"href":"https:\/\/krcsports.com\/tr\/wp-json\/wp\/v2\/types\/product"}],"wp:featuredmedia":[{"embeddable":true,"href":"https:\/\/krcsports.com\/tr\/wp-json\/wp\/v2\/media\/3635"}],"wp:attachment":[{"href":"https:\/\/krcsports.com\/tr\/wp-json\/wp\/v2\/media?parent=3632"}],"wp:term":[{"taxonomy":"product_cat","embeddable":true,"href":"https:\/\/krcsports.com\/tr\/wp-json\/wp\/v2\/product_cat?post=3632"},{"taxonomy":"product_tag","embeddable":true,"href":"https:\/\/krcsports.com\/tr\/wp-json\/wp\/v2\/product_tag?post=3632"}],"curies":[{"name":"wp","href":"https:\/\/api.w.org\/{rel}","templated":true}]}}