{"id":3593,"date":"2024-12-08T01:11:52","date_gmt":"2024-12-08T01:11:52","guid":{"rendered":"https:\/\/krcsports.com\/?post_type=product&#038;p=3593"},"modified":"2024-12-08T01:30:11","modified_gmt":"2024-12-08T01:30:11","slug":"mma-dummy","status":"publish","type":"product","link":"https:\/\/krcsports.com\/tr\/manufacturer\/mma-dummy\/","title":{"rendered":"MMA mankeni"},"content":{"rendered":"<section class=\"section\" id=\"section_1065548313\">\n\t\t<div class=\"bg section-bg fill bg-fill  bg-loaded\" >\n\n\t\t\t\n\t\t\t\n\t\t\t\n\n\t\t<\/div>\n\n\t\t\n\n\t\t<div class=\"section-content relative\">\n\t\t\t\n<ul class=\"a-unordered-list a-vertical a-spacing-mini\">\n<li class=\"a-spacing-mini\"><span class=\"a-list-item\">MMA antrenman mankeni, ger\u00e7ek\u00e7i bir \u015fekil ve ger\u00e7ek\u00e7i vinil yap\u0131s\u0131yla insan rakibini sim\u00fcle etmek i\u00e7in tasarlanm\u0131\u015ft\u0131r. Vuru\u015f, tekmeleme, bo\u011fu\u015fma ve teslim etme egzersizleri dahil olmak \u00fczere \u00e7e\u015fitli kendini savunma egzersizleri i\u00e7in kullan\u0131labilir<\/span><\/li>\n<\/ul>\n<p>\u00a0<\/p>\n<ul class=\"a-unordered-list a-vertical a-spacing-mini\">\n<li class=\"a-spacing-mini\"><span class=\"a-list-item\">MMA Grappling Dummy, grappling becerilerinizi geli\u015ftirmek i\u00e7in m\u00fckemmel bir ara\u00e7t\u0131r. Ayr\u0131ca, e\u011flenirken ve tekni\u011finizi geli\u015ftirirken egzersiz yapman\u0131n ve formda kalman\u0131n harika bir yoludur.<\/span><\/li>\n<\/ul>\n<p>\u00a0<\/p>\n<ul class=\"a-unordered-list a-vertical a-spacing-mini\">\n<li class=\"a-spacing-mini\"><span class=\"a-list-item\">Size en kaliteli grappling mankenini veriyoruz. Bu g\u00fc\u00e7lendirilmi\u015f, bu y\u00fczden d\u00f6rt katl\u0131 polyester-naylon iplik ve \u00e7ift g\u00fc\u00e7lendirilmi\u015f diki\u015fle s\u00fcper a\u011f\u0131r hizmet tipi vinil ve onu \u00e7ok g\u00fc\u00e7l\u00fc yapt\u0131k. Kuma\u015f tamamen su ge\u00e7irmezdir, b\u00f6ylece temizleyebilir ve spor salonunuz veya okulunuz varsa di\u011fer ki\u015filerle payla\u015fabilirsiniz. Sadece seanslar aras\u0131nda temizleyin ve farkl\u0131 ki\u015filer g\u00fcvenli bir \u015fekilde onunla pratik yapabilir.<\/span><\/li>\n<\/ul>\n<p>\u00a0<\/p>\n<ul class=\"a-unordered-list a-vertical a-spacing-mini\">\n<li class=\"a-spacing-mini\"><span class=\"a-list-item\">Bu \u00fcr\u00fcn Bo\u015f olarak gelir, son resimler doldurulduktan sonra nas\u0131l g\u00f6r\u00fcnece\u011fini g\u00f6stermek i\u00e7indir. Bu, kullan\u0131lm\u0131\u015f giysilerle \/ battaniyelerle \/ daha k\u00fc\u00e7\u00fck par\u00e7alara ayr\u0131lm\u0131\u015f tekstillerle doldurulabilir. M\u00fckemmel bir g\u00f6r\u00fcn\u00fcm i\u00e7in Poly dolgu maddeleri Mevcut \/ Pamuk&#039;u \u00f6neririz.<\/span><\/li>\n<\/ul>\n<p>\u00a0<\/p>\n<ul class=\"a-unordered-list a-vertical a-spacing-mini\">\n<li class=\"a-spacing-mini\"><span class=\"a-list-item\">En \u0130yi Grappling G\u00fcre\u015f Mankeni \u00d6m\u00fcr Boyu Garantiyle Birlikte Gelir,<\/span><\/li>\n<\/ul>\n<h2>Sertifikam\u0131z<\/h2>\n\t<div class=\"img has-hover x md-x lg-x y md-y lg-y\" id=\"image_2117840065\">\n\t\t\t\t\t\t\t\t<div class=\"img-inner dark\" >\n\t\t\t<img loading=\"lazy\" decoding=\"async\" width=\"1020\" height=\"316\" src=\"https:\/\/cdn.krcsports.com\/2024\/07\/certification070-1-1024x317.webp\" class=\"attachment-large size-large wp-image-1633\" alt=\"sertifika\" srcset=\"https:\/\/cdn.krcsports.com\/2024\/07\/certification070-1-1024x317.webp 1024w, https:\/\/cdn.krcsports.com\/2024\/07\/certification070-1-300x93.webp 300w, https:\/\/cdn.krcsports.com\/2024\/07\/certification070-1-768x238.webp 768w, https:\/\/cdn.krcsports.com\/2024\/07\/certification070-1-1536x475.webp 1536w, https:\/\/cdn.krcsports.com\/2024\/07\/certification070-1-18x6.webp 18w, https:\/\/cdn.krcsports.com\/2024\/07\/certification070-1-600x186.webp 600w, https:\/\/cdn.krcsports.com\/2024\/07\/certification070-1.webp 1625w\" sizes=\"auto, (max-width: 1020px) 100vw, 1020px\" \/>\t\t\t\t\t\t\n\t\t\t\t\t<\/div>\n\t\t\t\t\t\t\t\t\n<style>\n#image_2117840065 {\n  width: 100%;\n}\n<\/style>\n\t<\/div>\n\t\n\n<h2>Fabrikam\u0131z BSCI taraf\u0131ndan onayland\u0131<\/h2>\n<h2>\u00a0<\/h2>\n\t<div class=\"img has-hover x md-x lg-x y md-y lg-y\" id=\"image_1191177007\">\n\t\t\t\t\t\t\t\t<div class=\"img-inner dark\" >\n\t\t\t<img loading=\"lazy\" decoding=\"async\" width=\"850\" height=\"1100\" src=\"https:\/\/cdn.krcsports.com\/2024\/07\/BSCI-SummaryAuditReportforall_21-41.webp\" class=\"attachment-original size-original wp-image-1634\" alt=\"BSCI \u00d6zeti\" srcset=\"https:\/\/cdn.krcsports.com\/2024\/07\/BSCI-SummaryAuditReportforall_21-41.webp 850w, https:\/\/cdn.krcsports.com\/2024\/07\/BSCI-SummaryAuditReportforall_21-41-232x300.webp 232w, https:\/\/cdn.krcsports.com\/2024\/07\/BSCI-SummaryAuditReportforall_21-41-791x1024.webp 791w, https:\/\/cdn.krcsports.com\/2024\/07\/BSCI-SummaryAuditReportforall_21-41-768x994.webp 768w, https:\/\/cdn.krcsports.com\/2024\/07\/BSCI-SummaryAuditReportforall_21-41-9x12.webp 9w, https:\/\/cdn.krcsports.com\/2024\/07\/BSCI-SummaryAuditReportforall_21-41-600x776.webp 600w\" sizes=\"auto, (max-width: 850px) 100vw, 850px\" \/>\t\t\t\t\t\t\n\t\t\t\t\t<\/div>\n\t\t\t\t\t\t\t\t\n<style>\n#image_1191177007 {\n  width: 100%;\n}\n<\/style>\n\t<\/div>\n\t\n\n\t<div class=\"img has-hover x md-x lg-x y md-y lg-y\" id=\"image_1607452976\">\n\t\t\t\t\t\t\t\t<div class=\"img-inner dark\" >\n\t\t\t<img loading=\"lazy\" decoding=\"async\" width=\"745\" height=\"364\" src=\"https:\/\/cdn.krcsports.com\/2024\/10\/Sports-manufacture1.webp\" class=\"attachment-original size-original wp-image-2862\" alt=\"\u00fcretici\" srcset=\"https:\/\/cdn.krcsports.com\/2024\/10\/Sports-manufacture1.webp 745w, https:\/\/cdn.krcsports.com\/2024\/10\/Sports-manufacture1-300x147.webp 300w, https:\/\/cdn.krcsports.com\/2024\/10\/Sports-manufacture1-18x9.webp 18w, https:\/\/cdn.krcsports.com\/2024\/10\/Sports-manufacture1-600x293.webp 600w\" sizes=\"auto, (max-width: 745px) 100vw, 745px\" \/>\t\t\t\t\t\t\n\t\t\t\t\t<\/div>\n\t\t\t\t\t\t\t\t\n<style>\n#image_1607452976 {\n  width: 100%;\n}\n<\/style>\n\t<\/div>\n\t\n\n\t<section class=\"section\" id=\"section_1838321644\">\n\t\t<div class=\"bg section-bg fill bg-fill  bg-loaded\" >\n\n\t\t\t\n\t\t\t\n\t\t\t\n\n\t\t<\/div>\n\n\t\t\n\n\t\t<div class=\"section-content relative\">\n\t\t\t\n\n<h2>Profesyonel ekibimiz<\/h2>\n\n\t\t<\/div>\n\n\t\t\n<style>\n#section_1838321644 {\n  padding-top: 30px;\n  padding-bottom: 30px;\n}\n<\/style>\n\t<\/section>\n\t\n\t<section class=\"section\" id=\"section_223405745\">\n\t\t<div class=\"bg section-bg fill bg-fill  bg-loaded\" >\n\n\t\t\t\n\t\t\t\n\t\t\t\n\n\t\t<\/div>\n\n\t\t\n\n\t\t<div class=\"section-content relative\">\n\t\t\t\n\n\t<div class=\"img has-hover x md-x lg-x y md-y lg-y\" id=\"image_1355823198\">\n\t\t\t\t\t\t\t\t<div class=\"img-inner dark\" >\n\t\t\t<img loading=\"lazy\" decoding=\"async\" width=\"493\" height=\"301\" src=\"https:\/\/cdn.krcsports.com\/2024\/10\/team002.webp\" class=\"attachment-large size-large wp-image-2863\" alt=\"tak\u0131m\" srcset=\"https:\/\/cdn.krcsports.com\/2024\/10\/team002.webp 493w, https:\/\/cdn.krcsports.com\/2024\/10\/team002-300x183.webp 300w, https:\/\/cdn.krcsports.com\/2024\/10\/team002-18x12.webp 18w\" sizes=\"auto, (max-width: 493px) 100vw, 493px\" \/>\t\t\t\t\t\t\n\t\t\t\t\t<\/div>\n\t\t\t\t\t\t\t\t\n<style>\n#image_1355823198 {\n  width: 100%;\n}\n<\/style>\n\t<\/div>\n\t\n\n\n\t\t<\/div>\n\n\t\t\n<style>\n#section_223405745 {\n  padding-top: 30px;\n  padding-bottom: 30px;\n}\n<\/style>\n\t<\/section>\n\t\n\t<section class=\"section\" id=\"section_223516969\">\n\t\t<div class=\"bg section-bg fill bg-fill  bg-loaded\" >\n\n\t\t\t\n\t\t\t\n\t\t\t\n\n\t\t<\/div>\n\n\t\t\n\n\t\t<div class=\"section-content relative\">\n\t\t\t\n\n\t<div class=\"img has-hover x md-x lg-x y md-y lg-y\" id=\"image_778396354\">\n\t\t\t\t\t\t\t\t<div class=\"img-inner dark\" >\n\t\t\t<img loading=\"lazy\" decoding=\"async\" width=\"1020\" height=\"466\" src=\"https:\/\/cdn.krcsports.com\/2024\/10\/exhibition1-1024x468.webp\" class=\"attachment-large size-large wp-image-2864\" alt=\"sergi\" srcset=\"https:\/\/cdn.krcsports.com\/2024\/10\/exhibition1-1024x468.webp 1024w, https:\/\/cdn.krcsports.com\/2024\/10\/exhibition1-300x137.webp 300w, https:\/\/cdn.krcsports.com\/2024\/10\/exhibition1-768x351.webp 768w, https:\/\/cdn.krcsports.com\/2024\/10\/exhibition1-18x8.webp 18w, https:\/\/cdn.krcsports.com\/2024\/10\/exhibition1-600x274.webp 600w, https:\/\/cdn.krcsports.com\/2024\/10\/exhibition1.webp 1200w\" sizes=\"auto, (max-width: 1020px) 100vw, 1020px\" \/>\t\t\t\t\t\t\n\t\t\t\t\t<\/div>\n\t\t\t\t\t\t\t\t\n<style>\n#image_778396354 {\n  width: 100%;\n}\n<\/style>\n\t<\/div>\n\t\n\n\n\t\t<\/div>\n\n\t\t\n<style>\n#section_223516969 {\n  padding-top: 30px;\n  padding-bottom: 30px;\n}\n<\/style>\n\t<\/section>\n\t\n<p>\n\n<div class=\"wpcf7 no-js\" id=\"wpcf7-f5-o1\" lang=\"en-US\" dir=\"ltr\">\n<div class=\"screen-reader-response\"><p role=\"status\" aria-live=\"polite\" aria-atomic=\"true\"><\/p> <ul><\/ul><\/div>\n<form action=\"\/tr\/wp-json\/wp\/v2\/product\/3593#wpcf7-f5-o1\" method=\"post\" class=\"wpcf7-form init\" aria-label=\"\u0130leti\u015fim formu\" novalidate=\"novalidate\" data-status=\"init\" data-trp-original-action=\"\/tr\/wp-json\/wp\/v2\/product\/3593#wpcf7-f5-o1\">\n<div style=\"display: none;\">\n<input type=\"hidden\" name=\"_wpcf7\" value=\"5\" \/>\n<input type=\"hidden\" name=\"_wpcf7_version\" value=\"5.9.5\" \/>\n<input type=\"hidden\" name=\"_wpcf7_locale\" value=\"en_US\" \/>\n<input type=\"hidden\" name=\"_wpcf7_unit_tag\" value=\"wpcf7-f5-o1\" \/>\n<input type=\"hidden\" name=\"_wpcf7_container_post\" value=\"0\" \/>\n<input type=\"hidden\" name=\"_wpcf7_posted_data_hash\" value=\"\" \/>\n<\/div>\n<div class='custom_contact_style'>\n\t<p><label> Ad\u0131n\u0131z<br \/>\n<span class=\"wpcf7-form-control-wrap\" data-name=\"your-name\"><input size=\"40\" class=\"wpcf7-form-control wpcf7-text wpcf7-validates-as-required\" autocomplete=\"name\" aria-required=\"true\" aria-invalid=\"false\" value=\"\" type=\"text\" name=\"your-name\" \/><\/span> <\/label>\n\t<\/p>\n\t<p><label> E-postan\u0131z<br \/>\n<span class=\"wpcf7-form-control-wrap\" data-name=\"your-email\"><input size=\"40\" class=\"wpcf7-form-control wpcf7-email wpcf7-validates-as-required wpcf7-text wpcf7-validates-as-email\" autocomplete=\"email\" aria-required=\"true\" aria-invalid=\"false\" value=\"\" type=\"email\" name=\"your-email\" \/><\/span> <\/label>\n\t<\/p>\n\t<p><label> Mesaj\u0131n\u0131z (iste\u011fe ba\u011fl\u0131)<br \/>\n<span class=\"wpcf7-form-control-wrap\" data-name=\"your-message\"><textarea cols=\"40\" rows=\"10\" class=\"wpcf7-form-control wpcf7-textarea\" aria-invalid=\"false\" name=\"your-message\"><\/textarea><\/span> <\/label>\n\t<\/p>\n\t<div style=\"margin-bottom:10px;\">\n\t\t<p><span class=\"wpcf7-form-control-wrap kc_captcha cf7ic-toggle\" data-name=\"kc_captcha\"><span class=\"wpcf7-form-control wpcf7-radio\"><span class=\"captcha-image\" style=\"display: none;\"><span class=\"cf7ic_instructions\">L\u00fctfen insan oldu\u011funuzu kan\u0131tlamak i\u00e7in \u015funu se\u00e7in:<span> kalp<\/span>.<\/span><label><input type=\"radio\" name=\"kc_captcha\" value=\"kc_human\" \/><svg width=\"50\" height=\"50\" aria-hidden=\"true\" role=\"img\" xmlns=\"http:\/\/www.w3.org\/2000\/svg\" viewbox=\"0 0 576 512\"><path fill=\"currentColor\" d=\"M415 24c-53 0-103 42-127 65-24-23-74-65-127-65C70 24 16 77 16 166c0 72 67 133 69 135l187 181c9 8 23 8 32 0l187-180c2-3 69-64 69-136 0-89-54-142-145-142z\"\/><\/svg><\/label><label><input type=\"radio\" name=\"kc_captcha\" value=\"bot\" \/><svg width=\"50\" height=\"50\" aria-hidden=\"true\" role=\"img\" xmlns=\"http:\/\/www.w3.org\/2000\/svg\" viewbox=\"0 0 576 512\"><path fill=\"currentColor\" d=\"M259 18l-65 132-146 22c-26 3-37 36-18 54l106 103-25 146c-5 26 23 46 46 33l131-68 131 68c23 13 51-7 46-33l-25-146 106-103c19-18 8-51-18-54l-146-22-65-132a32 32 0 00-58 0z\"\/><\/svg><\/label><label><input type=\"radio\" name=\"kc_captcha\" value=\"bot\" \/><svg width=\"50\" height=\"50\" aria-hidden=\"true\" role=\"img\" xmlns=\"http:\/\/www.w3.org\/2000\/svg\" viewbox=\"0 0 512 512\"><path fill=\"currentColor\" d=\"M500 168h-55l-8-21a127 127 0 00-120-83H195a127 127 0 00-120 83l-8 21H12c-8 0-14 8-11 16l8 24a12 12 0 0011 8h29a64 64 0 00-33 56v48c0 16 6 31 16 42v62c0 13 11 24 24 24h48c13 0 24-11 24-24v-40h256v40c0 13 11 24 24 24h48c13 0 24-11 24-24v-62c10-11 16-26 16-42v-48c0-24-13-45-33-56h29a12 12 0 0011-8l8-24c3-8-3-16-11-16zm-365 2c9-25 33-42 60-42h122c27 0 51 17 60 42l15 38H120l15-38zM88 328a32 32 0 010-64c18 0 48 30 48 48s-30 16-48 16zm336 0c-18 0-48 2-48-16s30-48 48-48 32 14 32 32-14 32-32 32z\"\/><\/svg><\/label>\r\n    <\/span>\r\n    <span style=\"display:none\">\r\n        <input type=\"text\" name=\"kc_honeypot\">\r\n    <\/span><\/span><\/span>\n\t\t<\/p>\n\t<\/div>\n\t<p><input class=\"wpcf7-form-control wpcf7-submit has-spinner\" type=\"submit\" value=\"G\u00f6ndermek\" \/>\n\t<\/p>\n<\/div><div class=\"wpcf7-response-output\" aria-hidden=\"true\"><\/div>\n<input type=\"hidden\" name=\"trp-form-language\" value=\"tr\"\/><\/form>\n<\/div>\n\n\n<\/p>\n\t\t<\/div>\n\n\t\t\n<style>\n#section_1065548313 {\n  padding-top: 30px;\n  padding-bottom: 30px;\n}\n<\/style>\n\t<\/section>","protected":false},"excerpt":{"rendered":"<p>Brezilya jiu jitsu-g\u00fcre\u015f-mma antrenman\u0131 i\u00e7in MMA mankeni, rakibinizle d\u00f6v\u00fc\u015fmekle ayn\u0131.<\/p>\n<p>Do\u011fru antrenman i\u00e7in uzat\u0131lm\u0131\u015f kollu MMA mankeni.<\/p>\n<p>Oyununuzu geli\u015ftirin, yeni \u015feyler deneyin ve becerilerinizi geli\u015ftirin; \u00e7\u00fcnk\u00fc bu kukla m\u00fckemmel bir insan v\u00fccudu \u015feklindedir.<\/p>\n<p>Bu \u00fcr\u00fcn bo\u015f olarak gelir, son g\u00f6rseller doldurulduktan sonra nas\u0131l g\u00f6r\u00fcnece\u011fini g\u00f6stermek i\u00e7indir. <\/p>\n<p>\u0130\u00e7ine kullan\u0131lm\u0131\u015f giysiler\/battaniyeler\/tekstil par\u00e7alar\u0131 par\u00e7alanarak daha k\u00fc\u00e7\u00fck par\u00e7alara ayr\u0131labilir.<\/p>\n<p>M\u00fckemmel bir g\u00f6r\u00fcn\u00fcm i\u00e7in Poli dolgular \u00f6neririz Mevcut \/ Pamuk<\/p>","protected":false},"featured_media":3597,"template":"","meta":[],"product_cat":[59,50,37],"product_tag":[],"class_list":{"0":"post-3593","1":"product","2":"type-product","3":"status-publish","4":"has-post-thumbnail","6":"product_cat-punching-bag-dummy-taekwondo","7":"product_cat-punching-bag-dummy","8":"product_cat-boxing-target","10":"first","11":"instock","12":"shipping-taxable","13":"product-type-simple"},"yoast_head":"<!-- This site is optimized with the Yoast SEO plugin v22.7 - https:\/\/yoast.com\/wordpress\/plugins\/seo\/ -->\n<title>MMA dummy - trustworthy combat sports equipment manufacturer<\/title>\n<meta name=\"description\" content=\"Wholesale Wrestling Dummy Grappling Dummy PU Leather BJJ MMA Judo Karate Adult Jiu Jitsu Dummy\" \/>\n<meta name=\"robots\" content=\"index, follow, max-snippet:-1, max-image-preview:large, max-video-preview:-1\" \/>\n<link rel=\"canonical\" href=\"https:\/\/krcsports.com\/tr\/urun\/mma-dummy\/\" \/>\n<meta property=\"og:locale\" content=\"tr_TR\" \/>\n<meta property=\"og:type\" content=\"article\" \/>\n<meta property=\"og:title\" content=\"MMA dummy - trustworthy combat sports equipment manufacturer\" \/>\n<meta property=\"og:description\" content=\"Wholesale Wrestling Dummy Grappling Dummy PU Leather BJJ MMA Judo Karate Adult Jiu Jitsu Dummy\" \/>\n<meta property=\"og:url\" content=\"https:\/\/krcsports.com\/tr\/urun\/mma-dummy\/\" \/>\n<meta property=\"og:site_name\" content=\"trustworthy combat sports equipment manufacturer\" \/>\n<meta property=\"article:publisher\" content=\"https:\/\/www.facebook.com\/people\/Krc-sports\/100063994129159\/\" \/>\n<meta property=\"article:modified_time\" content=\"2024-12-08T01:30:11+00:00\" \/>\n<meta property=\"og:image\" content=\"https:\/\/krcsports.com\/wp-content\/uploads\/2024\/12\/MMA-dummy-4.webp\" \/>\n\t<meta property=\"og:image:width\" content=\"1000\" \/>\n\t<meta property=\"og:image:height\" content=\"1000\" \/>\n\t<meta property=\"og:image:type\" content=\"image\/webp\" \/>\n<meta name=\"twitter:card\" content=\"summary_large_image\" \/>\n<meta name=\"twitter:label1\" content=\"Tahmini okuma s\u00fcresi\" \/>\n\t<meta name=\"twitter:data1\" content=\"2 dakika\" \/>\n<script type=\"application\/ld+json\" class=\"yoast-schema-graph\">{\"@context\":\"https:\/\/schema.org\",\"@graph\":[{\"@type\":\"WebPage\",\"@id\":\"https:\/\/krcsports.com\/manufacturer\/mma-dummy\/\",\"url\":\"https:\/\/krcsports.com\/manufacturer\/mma-dummy\/\",\"name\":\"MMA dummy - trustworthy combat sports equipment manufacturer\",\"isPartOf\":{\"@id\":\"https:\/\/krcsports.com\/#website\"},\"primaryImageOfPage\":{\"@id\":\"https:\/\/krcsports.com\/manufacturer\/mma-dummy\/#primaryimage\"},\"image\":{\"@id\":\"https:\/\/krcsports.com\/manufacturer\/mma-dummy\/#primaryimage\"},\"thumbnailUrl\":\"https:\/\/cdn.krcsports.com\/2024\/12\/MMA-dummy-4.webp\",\"datePublished\":\"2024-12-08T01:11:52+00:00\",\"dateModified\":\"2024-12-08T01:30:11+00:00\",\"description\":\"Wholesale Wrestling Dummy Grappling Dummy PU Leather BJJ MMA Judo Karate Adult Jiu Jitsu Dummy\",\"breadcrumb\":{\"@id\":\"https:\/\/krcsports.com\/manufacturer\/mma-dummy\/#breadcrumb\"},\"inLanguage\":\"tr\",\"potentialAction\":[{\"@type\":\"ReadAction\",\"target\":[\"https:\/\/krcsports.com\/manufacturer\/mma-dummy\/\"]}]},{\"@type\":\"ImageObject\",\"inLanguage\":\"tr\",\"@id\":\"https:\/\/krcsports.com\/manufacturer\/mma-dummy\/#primaryimage\",\"url\":\"https:\/\/cdn.krcsports.com\/2024\/12\/MMA-dummy-4.webp\",\"contentUrl\":\"https:\/\/cdn.krcsports.com\/2024\/12\/MMA-dummy-4.webp\",\"width\":1000,\"height\":1000,\"caption\":\"MMA dummy\"},{\"@type\":\"BreadcrumbList\",\"@id\":\"https:\/\/krcsports.com\/manufacturer\/mma-dummy\/#breadcrumb\",\"itemListElement\":[{\"@type\":\"ListItem\",\"position\":1,\"name\":\"Home\",\"item\":\"https:\/\/krcsports.com\/\"},{\"@type\":\"ListItem\",\"position\":2,\"name\":\"Products\",\"item\":\"https:\/\/krcsports.com\/shop\/\"},{\"@type\":\"ListItem\",\"position\":3,\"name\":\"MMA dummy\"}]},{\"@type\":\"WebSite\",\"@id\":\"https:\/\/krcsports.com\/#website\",\"url\":\"https:\/\/krcsports.com\/\",\"name\":\"krc sports\",\"description\":\"\",\"publisher\":{\"@id\":\"https:\/\/krcsports.com\/#organization\"},\"potentialAction\":[{\"@type\":\"SearchAction\",\"target\":{\"@type\":\"EntryPoint\",\"urlTemplate\":\"https:\/\/krcsports.com\/?s={search_term_string}\"},\"query-input\":\"required name=search_term_string\"}],\"inLanguage\":\"tr\"},{\"@type\":\"Organization\",\"@id\":\"https:\/\/krcsports.com\/#organization\",\"name\":\"krc sports\",\"url\":\"https:\/\/krcsports.com\/\",\"logo\":{\"@type\":\"ImageObject\",\"inLanguage\":\"tr\",\"@id\":\"https:\/\/krcsports.com\/#\/schema\/logo\/image\/\",\"url\":\"https:\/\/krcsports.com\/wp-content\/uploads\/2024\/07\/logo.webp\",\"contentUrl\":\"https:\/\/krcsports.com\/wp-content\/uploads\/2024\/07\/logo.webp\",\"width\":80,\"height\":60,\"caption\":\"krc sports\"},\"image\":{\"@id\":\"https:\/\/krcsports.com\/#\/schema\/logo\/image\/\"},\"sameAs\":[\"https:\/\/www.facebook.com\/people\/Krc-sports\/100063994129159\/\"]}]}<\/script>\n<!-- \/ Yoast SEO plugin. -->","yoast_head_json":{"title":"MMA mankeni - g\u00fcvenilir d\u00f6v\u00fc\u015f sporlar\u0131 ekipman\u0131 \u00fcreticisi","description":"Toptan G\u00fcre\u015f Mankeni Grappling Mankeni PU Deri BJJ MMA Judo Karate Yeti\u015fkin Jiu Jitsu Mankeni","robots":{"index":"index","follow":"follow","max-snippet":"max-snippet:-1","max-image-preview":"max-image-preview:large","max-video-preview":"max-video-preview:-1"},"canonical":"https:\/\/krcsports.com\/tr\/urun\/mma-dummy\/","og_locale":"tr_TR","og_type":"article","og_title":"MMA dummy - trustworthy combat sports equipment manufacturer","og_description":"Wholesale Wrestling Dummy Grappling Dummy PU Leather BJJ MMA Judo Karate Adult Jiu Jitsu Dummy","og_url":"https:\/\/krcsports.com\/tr\/urun\/mma-dummy\/","og_site_name":"trustworthy combat sports equipment manufacturer","article_publisher":"https:\/\/www.facebook.com\/people\/Krc-sports\/100063994129159\/","article_modified_time":"2024-12-08T01:30:11+00:00","og_image":[{"width":1000,"height":1000,"url":"https:\/\/krcsports.com\/wp-content\/uploads\/2024\/12\/MMA-dummy-4.webp","type":"image\/webp"}],"twitter_card":"summary_large_image","twitter_misc":{"Tahmini okuma s\u00fcresi":"2 dakika"},"schema":{"@context":"https:\/\/schema.org","@graph":[{"@type":"WebPage","@id":"https:\/\/krcsports.com\/manufacturer\/mma-dummy\/","url":"https:\/\/krcsports.com\/manufacturer\/mma-dummy\/","name":"MMA mankeni - g\u00fcvenilir d\u00f6v\u00fc\u015f sporlar\u0131 ekipman\u0131 \u00fcreticisi","isPartOf":{"@id":"https:\/\/krcsports.com\/#website"},"primaryImageOfPage":{"@id":"https:\/\/krcsports.com\/manufacturer\/mma-dummy\/#primaryimage"},"image":{"@id":"https:\/\/krcsports.com\/manufacturer\/mma-dummy\/#primaryimage"},"thumbnailUrl":"https:\/\/cdn.krcsports.com\/2024\/12\/MMA-dummy-4.webp","datePublished":"2024-12-08T01:11:52+00:00","dateModified":"2024-12-08T01:30:11+00:00","description":"Toptan G\u00fcre\u015f Mankeni Grappling Mankeni PU Deri BJJ MMA Judo Karate Yeti\u015fkin Jiu Jitsu Mankeni","breadcrumb":{"@id":"https:\/\/krcsports.com\/manufacturer\/mma-dummy\/#breadcrumb"},"inLanguage":"tr","potentialAction":[{"@type":"ReadAction","target":["https:\/\/krcsports.com\/manufacturer\/mma-dummy\/"]}]},{"@type":"ImageObject","inLanguage":"tr","@id":"https:\/\/krcsports.com\/manufacturer\/mma-dummy\/#primaryimage","url":"https:\/\/cdn.krcsports.com\/2024\/12\/MMA-dummy-4.webp","contentUrl":"https:\/\/cdn.krcsports.com\/2024\/12\/MMA-dummy-4.webp","width":1000,"height":1000,"caption":"MMA dummy"},{"@type":"BreadcrumbList","@id":"https:\/\/krcsports.com\/manufacturer\/mma-dummy\/#breadcrumb","itemListElement":[{"@type":"ListItem","position":1,"name":"Home","item":"https:\/\/krcsports.com\/"},{"@type":"ListItem","position":2,"name":"Products","item":"https:\/\/krcsports.com\/shop\/"},{"@type":"ListItem","position":3,"name":"MMA dummy"}]},{"@type":"WebSite","@id":"https:\/\/krcsports.com\/#website","url":"https:\/\/krcsports.com\/","name":"krc sporlar\u0131","description":"","publisher":{"@id":"https:\/\/krcsports.com\/#organization"},"potentialAction":[{"@type":"SearchAction","target":{"@type":"EntryPoint","urlTemplate":"https:\/\/krcsports.com\/?s={search_term_string}"},"query-input":"required name=search_term_string"}],"inLanguage":"tr"},{"@type":"Organization","@id":"https:\/\/krcsports.com\/#organization","name":"krc sporlar\u0131","url":"https:\/\/krcsports.com\/","logo":{"@type":"ImageObject","inLanguage":"tr","@id":"https:\/\/krcsports.com\/#\/schema\/logo\/image\/","url":"https:\/\/krcsports.com\/wp-content\/uploads\/2024\/07\/logo.webp","contentUrl":"https:\/\/krcsports.com\/wp-content\/uploads\/2024\/07\/logo.webp","width":80,"height":60,"caption":"krc sports"},"image":{"@id":"https:\/\/krcsports.com\/#\/schema\/logo\/image\/"},"sameAs":["https:\/\/www.facebook.com\/people\/Krc-sports\/100063994129159\/"]}]}},"_links":{"self":[{"href":"https:\/\/krcsports.com\/tr\/wp-json\/wp\/v2\/product\/3593","targetHints":{"allow":["GET"]}}],"collection":[{"href":"https:\/\/krcsports.com\/tr\/wp-json\/wp\/v2\/product"}],"about":[{"href":"https:\/\/krcsports.com\/tr\/wp-json\/wp\/v2\/types\/product"}],"wp:featuredmedia":[{"embeddable":true,"href":"https:\/\/krcsports.com\/tr\/wp-json\/wp\/v2\/media\/3597"}],"wp:attachment":[{"href":"https:\/\/krcsports.com\/tr\/wp-json\/wp\/v2\/media?parent=3593"}],"wp:term":[{"taxonomy":"product_cat","embeddable":true,"href":"https:\/\/krcsports.com\/tr\/wp-json\/wp\/v2\/product_cat?post=3593"},{"taxonomy":"product_tag","embeddable":true,"href":"https:\/\/krcsports.com\/tr\/wp-json\/wp\/v2\/product_tag?post=3593"}],"curies":[{"name":"wp","href":"https:\/\/api.w.org\/{rel}","templated":true}]}}