{"id":2715,"date":"2024-09-13T02:31:33","date_gmt":"2024-09-13T02:31:33","guid":{"rendered":"https:\/\/krcsports.com\/?post_type=product&#038;p=2715"},"modified":"2024-11-24T03:41:33","modified_gmt":"2024-11-24T03:41:33","slug":"itf-uniforms","status":"publish","type":"product","link":"https:\/\/krcsports.com\/tr\/manufacturer\/itf-uniforms\/","title":{"rendered":"ITF \u00fcniformalar\u0131"},"content":{"rendered":"<ul class=\"\">\n<li data-spm-anchor-id=\"a2700.details.0.i63.361b7139X2MutV\">ITF \u00fcniformas\u0131 \u00d6zelle\u015ftirme Se\u00e7enekleri: Logonuzu veya tasar\u0131m\u0131n\u0131z\u0131 \u00fcniformaya eklemek de dahil olmak \u00fczere \u00f6zel ihtiya\u00e7lar\u0131n\u0131z\u0131 kar\u015f\u0131lamak i\u00e7in \u00f6zelle\u015ftirme hizmetleri sunuyoruz. Ekibiniz veya markan\u0131z i\u00e7in \u00f6zel bir uyum sa\u011flayarak t\u00fcm \u00f6zelle\u015ftirme taleplerini memnuniyetle kar\u015f\u0131l\u0131yoruz.<\/li>\n<\/ul>\n<p>\u00a0<\/p>\n<ul class=\"\">\n<li>Y\u00fcksek Kaliteli Malzemeler: ITF Taekwondo \u00dcniformalar\u0131m\u0131z, sporculara konfor ve dayan\u0131kl\u0131l\u0131k sa\u011flayan 100% pamuklu kuma\u015f veya poli\/pamuktan \u00fcretilmi\u015ftir. Kuma\u015f a\u011f\u0131rl\u0131\u011f\u0131 8,5oz&#039;dur ve birinci s\u0131n\u0131f bir his sa\u011flar.<\/li>\n<\/ul>\n<p>\u00a0<\/p>\n<ul class=\"\">\n<li>\u00c7e\u015fitli Bedenler: \u00dcniformalar\u0131m\u0131z 000&#039;den 8&#039;e kadar de\u011fi\u015fen beden \u00f6l\u00e7\u00fclerinin yan\u0131 s\u0131ra 110&#039;dan 210&#039;a kadar bel \u00f6l\u00e7\u00fcleriyle farkl\u0131 v\u00fccut tiplerine hitap etmektedir. Bu, farkl\u0131 ya\u015f ve v\u00fccut tiplerindeki sporcular i\u00e7in rahat ve g\u00fcvenli bir uyum sa\u011flar.<\/li>\n<\/ul>\n<p>\u00a0<\/p>\n<ul class=\"\">\n<li>H\u0131zl\u0131 Kargo: 7 g\u00fcnl\u00fck numune sipari\u015fi teslim s\u00fcresi sunuyoruz ve kurye hizmetleri dahil olmak \u00fczere deniz ve hava yoluyla \u00e7e\u015fitli g\u00f6nderim y\u00f6ntemlerini destekliyoruz. Bu, sipari\u015finizin zaman\u0131nda teslim edilmesini sa\u011flar.<\/li>\n<\/ul>\n<p>\u00a0<\/p>\n<ul class=\"\">\n<li data-spm-anchor-id=\"a2700.details.0.i62.361b7139X2MutV\">Kalite G\u00fcvencesi: \u00dcr\u00fcnlerimizde en y\u00fcksek kalite ve g\u00fcvenilirlik standartlar\u0131n\u0131 garanti ederek, kaliteyi test etmek i\u00e7in numuneler sa\u011fl\u0131yoruz ve OEM hizmetleri sunuyoruz.<\/li>\n<\/ul>\n<p>\u00a0<\/p>\n<p>\u00a0<\/p>\n<h2>Sertifikam\u0131z<\/h2>\n\t<div class=\"img has-hover x md-x lg-x y md-y lg-y\" id=\"image_1822912076\">\n\t\t\t\t\t\t\t\t<div class=\"img-inner dark\" >\n\t\t\t<img loading=\"lazy\" decoding=\"async\" width=\"1020\" height=\"316\" src=\"https:\/\/cdn.krcsports.com\/2024\/07\/certification070-1-1024x317.webp\" class=\"attachment-large size-large wp-image-1633\" alt=\"sertifika\" srcset=\"https:\/\/cdn.krcsports.com\/2024\/07\/certification070-1-1024x317.webp 1024w, https:\/\/cdn.krcsports.com\/2024\/07\/certification070-1-300x93.webp 300w, https:\/\/cdn.krcsports.com\/2024\/07\/certification070-1-768x238.webp 768w, https:\/\/cdn.krcsports.com\/2024\/07\/certification070-1-1536x475.webp 1536w, https:\/\/cdn.krcsports.com\/2024\/07\/certification070-1-18x6.webp 18w, https:\/\/cdn.krcsports.com\/2024\/07\/certification070-1-600x186.webp 600w, https:\/\/cdn.krcsports.com\/2024\/07\/certification070-1.webp 1625w\" sizes=\"auto, (max-width: 1020px) 100vw, 1020px\" \/>\t\t\t\t\t\t\n\t\t\t\t\t<\/div>\n\t\t\t\t\t\t\t\t\n<style>\n#image_1822912076 {\n  width: 100%;\n}\n<\/style>\n\t<\/div>\n\t\n\n<h2>Fabrikam\u0131z BSCI taraf\u0131ndan onayland\u0131<\/h2>\n<h2>\u00a0<\/h2>\n\t<div class=\"img has-hover x md-x lg-x y md-y lg-y\" id=\"image_155662809\">\n\t\t\t\t\t\t\t\t<div class=\"img-inner dark\" >\n\t\t\t<img loading=\"lazy\" decoding=\"async\" width=\"850\" height=\"1100\" src=\"https:\/\/cdn.krcsports.com\/2024\/07\/BSCI-SummaryAuditReportforall_21-41.webp\" class=\"attachment-original size-original wp-image-1634\" alt=\"BSCI \u00d6zeti\" srcset=\"https:\/\/cdn.krcsports.com\/2024\/07\/BSCI-SummaryAuditReportforall_21-41.webp 850w, https:\/\/cdn.krcsports.com\/2024\/07\/BSCI-SummaryAuditReportforall_21-41-232x300.webp 232w, https:\/\/cdn.krcsports.com\/2024\/07\/BSCI-SummaryAuditReportforall_21-41-791x1024.webp 791w, https:\/\/cdn.krcsports.com\/2024\/07\/BSCI-SummaryAuditReportforall_21-41-768x994.webp 768w, https:\/\/cdn.krcsports.com\/2024\/07\/BSCI-SummaryAuditReportforall_21-41-9x12.webp 9w, https:\/\/cdn.krcsports.com\/2024\/07\/BSCI-SummaryAuditReportforall_21-41-600x776.webp 600w\" sizes=\"auto, (max-width: 850px) 100vw, 850px\" \/>\t\t\t\t\t\t\n\t\t\t\t\t<\/div>\n\t\t\t\t\t\t\t\t\n<style>\n#image_155662809 {\n  width: 100%;\n}\n<\/style>\n\t<\/div>\n\t\n\n\t<div class=\"img has-hover x md-x lg-x y md-y lg-y\" id=\"image_410234970\">\n\t\t\t\t\t\t\t\t<div class=\"img-inner dark\" >\n\t\t\t<img loading=\"lazy\" decoding=\"async\" width=\"745\" height=\"364\" src=\"https:\/\/cdn.krcsports.com\/2024\/10\/Sports-manufacture1.webp\" class=\"attachment-original size-original wp-image-2862\" alt=\"\u00fcretici\" srcset=\"https:\/\/cdn.krcsports.com\/2024\/10\/Sports-manufacture1.webp 745w, https:\/\/cdn.krcsports.com\/2024\/10\/Sports-manufacture1-300x147.webp 300w, https:\/\/cdn.krcsports.com\/2024\/10\/Sports-manufacture1-18x9.webp 18w, https:\/\/cdn.krcsports.com\/2024\/10\/Sports-manufacture1-600x293.webp 600w\" sizes=\"auto, (max-width: 745px) 100vw, 745px\" \/>\t\t\t\t\t\t\n\t\t\t\t\t<\/div>\n\t\t\t\t\t\t\t\t\n<style>\n#image_410234970 {\n  width: 100%;\n}\n<\/style>\n\t<\/div>\n\t\n\n\t<section class=\"section\" id=\"section_412792270\">\n\t\t<div class=\"bg section-bg fill bg-fill  bg-loaded\" >\n\n\t\t\t\n\t\t\t\n\t\t\t\n\n\t\t<\/div>\n\n\t\t\n\n\t\t<div class=\"section-content relative\">\n\t\t\t\n\n<h2>Profesyonel ekibimiz<\/h2>\n\n\t\t<\/div>\n\n\t\t\n<style>\n#section_412792270 {\n  padding-top: 30px;\n  padding-bottom: 30px;\n}\n<\/style>\n\t<\/section>\n\t\n\t<section class=\"section\" id=\"section_922411201\">\n\t\t<div class=\"bg section-bg fill bg-fill  bg-loaded\" >\n\n\t\t\t\n\t\t\t\n\t\t\t\n\n\t\t<\/div>\n\n\t\t\n\n\t\t<div class=\"section-content relative\">\n\t\t\t\n\n\t<div class=\"img has-hover x md-x lg-x y md-y lg-y\" id=\"image_349279927\">\n\t\t\t\t\t\t\t\t<div class=\"img-inner dark\" >\n\t\t\t<img loading=\"lazy\" decoding=\"async\" width=\"493\" height=\"301\" src=\"https:\/\/cdn.krcsports.com\/2024\/10\/team002.webp\" class=\"attachment-large size-large wp-image-2863\" alt=\"tak\u0131m\" srcset=\"https:\/\/cdn.krcsports.com\/2024\/10\/team002.webp 493w, https:\/\/cdn.krcsports.com\/2024\/10\/team002-300x183.webp 300w, https:\/\/cdn.krcsports.com\/2024\/10\/team002-18x12.webp 18w\" sizes=\"auto, (max-width: 493px) 100vw, 493px\" \/>\t\t\t\t\t\t\n\t\t\t\t\t<\/div>\n\t\t\t\t\t\t\t\t\n<style>\n#image_349279927 {\n  width: 100%;\n}\n<\/style>\n\t<\/div>\n\t\n\n\n\t\t<\/div>\n\n\t\t\n<style>\n#section_922411201 {\n  padding-top: 30px;\n  padding-bottom: 30px;\n}\n<\/style>\n\t<\/section>\n\t\n\t<section class=\"section\" id=\"section_2020985155\">\n\t\t<div class=\"bg section-bg fill bg-fill  bg-loaded\" >\n\n\t\t\t\n\t\t\t\n\t\t\t\n\n\t\t<\/div>\n\n\t\t\n\n\t\t<div class=\"section-content relative\">\n\t\t\t\n\n\t<div class=\"img has-hover x md-x lg-x y md-y lg-y\" id=\"image_2071787043\">\n\t\t\t\t\t\t\t\t<div class=\"img-inner dark\" >\n\t\t\t<img loading=\"lazy\" decoding=\"async\" width=\"1020\" height=\"466\" src=\"https:\/\/cdn.krcsports.com\/2024\/10\/exhibition1-1024x468.webp\" class=\"attachment-large size-large wp-image-2864\" alt=\"sergi\" srcset=\"https:\/\/cdn.krcsports.com\/2024\/10\/exhibition1-1024x468.webp 1024w, https:\/\/cdn.krcsports.com\/2024\/10\/exhibition1-300x137.webp 300w, https:\/\/cdn.krcsports.com\/2024\/10\/exhibition1-768x351.webp 768w, https:\/\/cdn.krcsports.com\/2024\/10\/exhibition1-18x8.webp 18w, https:\/\/cdn.krcsports.com\/2024\/10\/exhibition1-600x274.webp 600w, https:\/\/cdn.krcsports.com\/2024\/10\/exhibition1.webp 1200w\" sizes=\"auto, (max-width: 1020px) 100vw, 1020px\" \/>\t\t\t\t\t\t\n\t\t\t\t\t<\/div>\n\t\t\t\t\t\t\t\t\n<style>\n#image_2071787043 {\n  width: 100%;\n}\n<\/style>\n\t<\/div>\n\t\n\n\n\t\t<\/div>\n\n\t\t\n<style>\n#section_2020985155 {\n  padding-top: 30px;\n  padding-bottom: 30px;\n}\n<\/style>\n\t<\/section>\n\t\n<p>\n\n<div class=\"wpcf7 no-js\" id=\"wpcf7-f5-o1\" lang=\"en-US\" dir=\"ltr\">\n<div class=\"screen-reader-response\"><p role=\"status\" aria-live=\"polite\" aria-atomic=\"true\"><\/p> <ul><\/ul><\/div>\n<form action=\"\/tr\/wp-json\/wp\/v2\/product\/2715#wpcf7-f5-o1\" method=\"post\" class=\"wpcf7-form init\" aria-label=\"\u0130leti\u015fim formu\" novalidate=\"novalidate\" data-status=\"init\" data-trp-original-action=\"\/tr\/wp-json\/wp\/v2\/product\/2715#wpcf7-f5-o1\">\n<div style=\"display: none;\">\n<input type=\"hidden\" name=\"_wpcf7\" value=\"5\" \/>\n<input type=\"hidden\" name=\"_wpcf7_version\" value=\"5.9.5\" \/>\n<input type=\"hidden\" name=\"_wpcf7_locale\" value=\"en_US\" \/>\n<input type=\"hidden\" name=\"_wpcf7_unit_tag\" value=\"wpcf7-f5-o1\" \/>\n<input type=\"hidden\" name=\"_wpcf7_container_post\" value=\"0\" \/>\n<input type=\"hidden\" name=\"_wpcf7_posted_data_hash\" value=\"\" \/>\n<\/div>\n<div class='custom_contact_style'>\n\t<p><label> Ad\u0131n\u0131z<br \/>\n<span class=\"wpcf7-form-control-wrap\" data-name=\"your-name\"><input size=\"40\" class=\"wpcf7-form-control wpcf7-text wpcf7-validates-as-required\" autocomplete=\"name\" aria-required=\"true\" aria-invalid=\"false\" value=\"\" type=\"text\" name=\"your-name\" \/><\/span> <\/label>\n\t<\/p>\n\t<p><label> E-postan\u0131z<br \/>\n<span class=\"wpcf7-form-control-wrap\" data-name=\"your-email\"><input size=\"40\" class=\"wpcf7-form-control wpcf7-email wpcf7-validates-as-required wpcf7-text wpcf7-validates-as-email\" autocomplete=\"email\" aria-required=\"true\" aria-invalid=\"false\" value=\"\" type=\"email\" name=\"your-email\" \/><\/span> <\/label>\n\t<\/p>\n\t<p><label> Mesaj\u0131n\u0131z (iste\u011fe ba\u011fl\u0131)<br \/>\n<span class=\"wpcf7-form-control-wrap\" data-name=\"your-message\"><textarea cols=\"40\" rows=\"10\" class=\"wpcf7-form-control wpcf7-textarea\" aria-invalid=\"false\" name=\"your-message\"><\/textarea><\/span> <\/label>\n\t<\/p>\n\t<div style=\"margin-bottom:10px;\">\n\t\t<p><span class=\"wpcf7-form-control-wrap kc_captcha cf7ic-toggle\" data-name=\"kc_captcha\"><span class=\"wpcf7-form-control wpcf7-radio\"><span class=\"captcha-image\" style=\"display: none;\"><span class=\"cf7ic_instructions\">L\u00fctfen insan oldu\u011funuzu kan\u0131tlamak i\u00e7in \u015funu se\u00e7in:<span> bayrak<\/span>.<\/span><label><input type=\"radio\" name=\"kc_captcha\" value=\"bot\" \/><svg width=\"50\" height=\"50\" aria-hidden=\"true\" role=\"img\" xmlns=\"http:\/\/www.w3.org\/2000\/svg\" viewbox=\"0 0 576 512\"><path fill=\"currentColor\" d=\"M259 18l-65 132-146 22c-26 3-37 36-18 54l106 103-25 146c-5 26 23 46 46 33l131-68 131 68c23 13 51-7 46-33l-25-146 106-103c19-18 8-51-18-54l-146-22-65-132a32 32 0 00-58 0z\"\/><\/svg><\/label><label><input type=\"radio\" name=\"kc_captcha\" value=\"kc_human\" \/><svg width=\"50\" height=\"50\" aria-hidden=\"true\" role=\"img\" xmlns=\"http:\/\/www.w3.org\/2000\/svg\" viewbox=\"0 0 512 512\"><path fill=\"currentColor\" d=\"M350 99c-54 0-98-35-166-35-25 0-47 4-68 12a56 56 0 004-24C118 24 95 1 66 0a56 56 0 00-34 102v386c0 13 11 24 24 24h16c13 0 24-11 24-24v-94c28-12 64-23 114-23 54 0 98 35 166 35 48 0 86-16 122-41 9-6 14-15 14-26V96c0-23-24-39-45-29-35 16-77 32-117 32z\"\/><\/svg><\/label><label><input type=\"radio\" name=\"kc_captcha\" value=\"bot\" \/><svg width=\"50\" height=\"50\" aria-hidden=\"true\" role=\"img\" xmlns=\"http:\/\/www.w3.org\/2000\/svg\" viewbox=\"0 0 384 512\"><path fill=\"currentColor\" d=\"M377 375l-83-87h34c21 0 32-25 17-40l-82-88h33c21 0 32-25 18-40L210 8c-10-11-26-11-36 0L70 120c-14 15-3 40 18 40h33l-82 88c-15 15-4 40 17 40h34L7 375c-15 16-4 41 17 41h120c0 33-11 49-34 68-12 9-5 28 10 28h144c15 0 22-19 10-28-20-16-34-32-34-68h120c21 0 32-25 17-41z\"\/><\/svg><\/label>\r\n    <\/span>\r\n    <span style=\"display:none\">\r\n        <input type=\"text\" name=\"kc_honeypot\">\r\n    <\/span><\/span><\/span>\n\t\t<\/p>\n\t<\/div>\n\t<p><input class=\"wpcf7-form-control wpcf7-submit has-spinner\" type=\"submit\" value=\"G\u00f6ndermek\" \/>\n\t<\/p>\n<\/div><div class=\"wpcf7-response-output\" aria-hidden=\"true\"><\/div>\n<input type=\"hidden\" name=\"trp-form-language\" value=\"tr\"\/><\/form>\n<\/div>\n\n\n<\/p>","protected":false},"excerpt":{"rendered":"<p>ITF Tekvando \u00dcniformas\u0131<\/p>\n<p>Beyaz yaka<\/p>\n<p>ITF tekvando \u00fcniformas\u0131, c\u0131rt c\u0131rtl\u0131 kemer 8.5oz, 100% pamuklu matkap bezi veya nerv\u00fcrl\u00fc bez, <\/p>\n<p>Ek ba\u011fc\u0131kl\u0131 ve kemerli elastik bel pantolon. Dayan\u0131kl\u0131 ve rahat, y\u0131kamadan sonra \u00e7ekmez.<\/p>\n<p>\u00d6zel logo, etiket ve nak\u0131\u015f hizmeti verilmektedir.<\/p>","protected":false},"featured_media":3295,"template":"","meta":[],"product_cat":[38,61],"product_tag":[],"class_list":{"0":"post-2715","1":"product","2":"type-product","3":"status-publish","4":"has-post-thumbnail","6":"product_cat-boxing-ring","7":"product_cat-taekwondo-uniforms","9":"first","10":"instock","11":"shipping-taxable","12":"product-type-simple"},"yoast_head":"<!-- This site is optimized with the Yoast SEO plugin v22.7 - https:\/\/yoast.com\/wordpress\/plugins\/seo\/ -->\n<title>ITF uniforms - trustworthy combat sports equipment manufacturer<\/title>\n<meta name=\"description\" content=\"ITF Taekwondo Uniform made of 100% Cotton drill cloth or rib cloth, elastic waist pant in all sizes, colors &amp; fabrics as per customer&#039;s demand\" \/>\n<meta name=\"robots\" content=\"index, follow, max-snippet:-1, max-image-preview:large, max-video-preview:-1\" \/>\n<link rel=\"canonical\" href=\"https:\/\/krcsports.com\/tr\/urun\/itf-uniforms\/\" \/>\n<meta property=\"og:locale\" content=\"tr_TR\" \/>\n<meta property=\"og:type\" content=\"article\" \/>\n<meta property=\"og:title\" content=\"ITF uniforms - trustworthy combat sports equipment manufacturer\" \/>\n<meta property=\"og:description\" content=\"ITF Taekwondo Uniform made of 100% Cotton drill cloth or rib cloth, elastic waist pant in all sizes, colors &amp; fabrics as per customer&#039;s demand\" \/>\n<meta property=\"og:url\" content=\"https:\/\/krcsports.com\/tr\/urun\/itf-uniforms\/\" \/>\n<meta property=\"og:site_name\" content=\"trustworthy combat sports equipment manufacturer\" \/>\n<meta property=\"article:publisher\" content=\"https:\/\/www.facebook.com\/people\/Krc-sports\/100063994129159\/\" \/>\n<meta property=\"article:modified_time\" content=\"2024-11-24T03:41:33+00:00\" \/>\n<meta property=\"og:image\" content=\"https:\/\/krcsports.com\/wp-content\/uploads\/2024\/11\/ITF-uniform-1.webp\" \/>\n\t<meta property=\"og:image:width\" content=\"640\" \/>\n\t<meta property=\"og:image:height\" content=\"640\" \/>\n\t<meta property=\"og:image:type\" content=\"image\/webp\" \/>\n<meta name=\"twitter:card\" content=\"summary_large_image\" \/>\n<meta name=\"twitter:label1\" content=\"Tahmini okuma s\u00fcresi\" \/>\n\t<meta name=\"twitter:data1\" content=\"1 dakika\" \/>\n<script type=\"application\/ld+json\" class=\"yoast-schema-graph\">{\"@context\":\"https:\/\/schema.org\",\"@graph\":[{\"@type\":\"WebPage\",\"@id\":\"https:\/\/krcsports.com\/manufacturer\/itf-uniforms\/\",\"url\":\"https:\/\/krcsports.com\/manufacturer\/itf-uniforms\/\",\"name\":\"ITF uniforms - trustworthy combat sports equipment manufacturer\",\"isPartOf\":{\"@id\":\"https:\/\/krcsports.com\/#website\"},\"primaryImageOfPage\":{\"@id\":\"https:\/\/krcsports.com\/manufacturer\/itf-uniforms\/#primaryimage\"},\"image\":{\"@id\":\"https:\/\/krcsports.com\/manufacturer\/itf-uniforms\/#primaryimage\"},\"thumbnailUrl\":\"https:\/\/cdn.krcsports.com\/2024\/11\/ITF-uniform-1.webp\",\"datePublished\":\"2024-09-13T02:31:33+00:00\",\"dateModified\":\"2024-11-24T03:41:33+00:00\",\"description\":\"ITF Taekwondo Uniform made of 100% Cotton drill cloth or rib cloth, elastic waist pant in all sizes, colors & fabrics as per customer's demand\",\"breadcrumb\":{\"@id\":\"https:\/\/krcsports.com\/manufacturer\/itf-uniforms\/#breadcrumb\"},\"inLanguage\":\"tr\",\"potentialAction\":[{\"@type\":\"ReadAction\",\"target\":[\"https:\/\/krcsports.com\/manufacturer\/itf-uniforms\/\"]}]},{\"@type\":\"ImageObject\",\"inLanguage\":\"tr\",\"@id\":\"https:\/\/krcsports.com\/manufacturer\/itf-uniforms\/#primaryimage\",\"url\":\"https:\/\/cdn.krcsports.com\/2024\/11\/ITF-uniform-1.webp\",\"contentUrl\":\"https:\/\/cdn.krcsports.com\/2024\/11\/ITF-uniform-1.webp\",\"width\":640,\"height\":640,\"caption\":\"ITF uniform\"},{\"@type\":\"BreadcrumbList\",\"@id\":\"https:\/\/krcsports.com\/manufacturer\/itf-uniforms\/#breadcrumb\",\"itemListElement\":[{\"@type\":\"ListItem\",\"position\":1,\"name\":\"Home\",\"item\":\"https:\/\/krcsports.com\/\"},{\"@type\":\"ListItem\",\"position\":2,\"name\":\"Products\",\"item\":\"https:\/\/krcsports.com\/shop\/\"},{\"@type\":\"ListItem\",\"position\":3,\"name\":\"ITF uniforms\"}]},{\"@type\":\"WebSite\",\"@id\":\"https:\/\/krcsports.com\/#website\",\"url\":\"https:\/\/krcsports.com\/\",\"name\":\"krc sports\",\"description\":\"\",\"publisher\":{\"@id\":\"https:\/\/krcsports.com\/#organization\"},\"potentialAction\":[{\"@type\":\"SearchAction\",\"target\":{\"@type\":\"EntryPoint\",\"urlTemplate\":\"https:\/\/krcsports.com\/?s={search_term_string}\"},\"query-input\":\"required name=search_term_string\"}],\"inLanguage\":\"tr\"},{\"@type\":\"Organization\",\"@id\":\"https:\/\/krcsports.com\/#organization\",\"name\":\"krc sports\",\"url\":\"https:\/\/krcsports.com\/\",\"logo\":{\"@type\":\"ImageObject\",\"inLanguage\":\"tr\",\"@id\":\"https:\/\/krcsports.com\/#\/schema\/logo\/image\/\",\"url\":\"https:\/\/krcsports.com\/wp-content\/uploads\/2024\/07\/logo.webp\",\"contentUrl\":\"https:\/\/krcsports.com\/wp-content\/uploads\/2024\/07\/logo.webp\",\"width\":80,\"height\":60,\"caption\":\"krc sports\"},\"image\":{\"@id\":\"https:\/\/krcsports.com\/#\/schema\/logo\/image\/\"},\"sameAs\":[\"https:\/\/www.facebook.com\/people\/Krc-sports\/100063994129159\/\"]}]}<\/script>\n<!-- \/ Yoast SEO plugin. -->","yoast_head_json":{"title":"ITF \u00fcniformalar\u0131 - g\u00fcvenilir d\u00f6v\u00fc\u015f sporlar\u0131 ekipmanlar\u0131 \u00fcreticisi","description":"ITF Taekwondo \u00dcniformas\u0131 100% Pamuklu kuma\u015f veya ribana kuma\u015ftan, m\u00fc\u015fterinin talebine g\u00f6re her boyutta, renkte ve kuma\u015fta elastik bel pantolonu","robots":{"index":"index","follow":"follow","max-snippet":"max-snippet:-1","max-image-preview":"max-image-preview:large","max-video-preview":"max-video-preview:-1"},"canonical":"https:\/\/krcsports.com\/tr\/urun\/itf-uniforms\/","og_locale":"tr_TR","og_type":"article","og_title":"ITF uniforms - trustworthy combat sports equipment manufacturer","og_description":"ITF Taekwondo Uniform made of 100% Cotton drill cloth or rib cloth, elastic waist pant in all sizes, colors & fabrics as per customer's demand","og_url":"https:\/\/krcsports.com\/tr\/urun\/itf-uniforms\/","og_site_name":"trustworthy combat sports equipment manufacturer","article_publisher":"https:\/\/www.facebook.com\/people\/Krc-sports\/100063994129159\/","article_modified_time":"2024-11-24T03:41:33+00:00","og_image":[{"width":640,"height":640,"url":"https:\/\/krcsports.com\/wp-content\/uploads\/2024\/11\/ITF-uniform-1.webp","type":"image\/webp"}],"twitter_card":"summary_large_image","twitter_misc":{"Tahmini okuma s\u00fcresi":"1 dakika"},"schema":{"@context":"https:\/\/schema.org","@graph":[{"@type":"WebPage","@id":"https:\/\/krcsports.com\/manufacturer\/itf-uniforms\/","url":"https:\/\/krcsports.com\/manufacturer\/itf-uniforms\/","name":"ITF \u00fcniformalar\u0131 - g\u00fcvenilir d\u00f6v\u00fc\u015f sporlar\u0131 ekipmanlar\u0131 \u00fcreticisi","isPartOf":{"@id":"https:\/\/krcsports.com\/#website"},"primaryImageOfPage":{"@id":"https:\/\/krcsports.com\/manufacturer\/itf-uniforms\/#primaryimage"},"image":{"@id":"https:\/\/krcsports.com\/manufacturer\/itf-uniforms\/#primaryimage"},"thumbnailUrl":"https:\/\/cdn.krcsports.com\/2024\/11\/ITF-uniform-1.webp","datePublished":"2024-09-13T02:31:33+00:00","dateModified":"2024-11-24T03:41:33+00:00","description":"ITF Taekwondo \u00dcniformas\u0131 100% Pamuklu kuma\u015f veya ribana kuma\u015ftan, m\u00fc\u015fterinin talebine g\u00f6re her boyutta, renkte ve kuma\u015fta elastik bel pantolonu","breadcrumb":{"@id":"https:\/\/krcsports.com\/manufacturer\/itf-uniforms\/#breadcrumb"},"inLanguage":"tr","potentialAction":[{"@type":"ReadAction","target":["https:\/\/krcsports.com\/manufacturer\/itf-uniforms\/"]}]},{"@type":"ImageObject","inLanguage":"tr","@id":"https:\/\/krcsports.com\/manufacturer\/itf-uniforms\/#primaryimage","url":"https:\/\/cdn.krcsports.com\/2024\/11\/ITF-uniform-1.webp","contentUrl":"https:\/\/cdn.krcsports.com\/2024\/11\/ITF-uniform-1.webp","width":640,"height":640,"caption":"ITF uniform"},{"@type":"BreadcrumbList","@id":"https:\/\/krcsports.com\/manufacturer\/itf-uniforms\/#breadcrumb","itemListElement":[{"@type":"ListItem","position":1,"name":"Home","item":"https:\/\/krcsports.com\/"},{"@type":"ListItem","position":2,"name":"Products","item":"https:\/\/krcsports.com\/shop\/"},{"@type":"ListItem","position":3,"name":"ITF uniforms"}]},{"@type":"WebSite","@id":"https:\/\/krcsports.com\/#website","url":"https:\/\/krcsports.com\/","name":"krc sporlar\u0131","description":"","publisher":{"@id":"https:\/\/krcsports.com\/#organization"},"potentialAction":[{"@type":"SearchAction","target":{"@type":"EntryPoint","urlTemplate":"https:\/\/krcsports.com\/?s={search_term_string}"},"query-input":"required name=search_term_string"}],"inLanguage":"tr"},{"@type":"Organization","@id":"https:\/\/krcsports.com\/#organization","name":"krc sporlar\u0131","url":"https:\/\/krcsports.com\/","logo":{"@type":"ImageObject","inLanguage":"tr","@id":"https:\/\/krcsports.com\/#\/schema\/logo\/image\/","url":"https:\/\/krcsports.com\/wp-content\/uploads\/2024\/07\/logo.webp","contentUrl":"https:\/\/krcsports.com\/wp-content\/uploads\/2024\/07\/logo.webp","width":80,"height":60,"caption":"krc sports"},"image":{"@id":"https:\/\/krcsports.com\/#\/schema\/logo\/image\/"},"sameAs":["https:\/\/www.facebook.com\/people\/Krc-sports\/100063994129159\/"]}]}},"_links":{"self":[{"href":"https:\/\/krcsports.com\/tr\/wp-json\/wp\/v2\/product\/2715","targetHints":{"allow":["GET"]}}],"collection":[{"href":"https:\/\/krcsports.com\/tr\/wp-json\/wp\/v2\/product"}],"about":[{"href":"https:\/\/krcsports.com\/tr\/wp-json\/wp\/v2\/types\/product"}],"wp:featuredmedia":[{"embeddable":true,"href":"https:\/\/krcsports.com\/tr\/wp-json\/wp\/v2\/media\/3295"}],"wp:attachment":[{"href":"https:\/\/krcsports.com\/tr\/wp-json\/wp\/v2\/media?parent=2715"}],"wp:term":[{"taxonomy":"product_cat","embeddable":true,"href":"https:\/\/krcsports.com\/tr\/wp-json\/wp\/v2\/product_cat?post=2715"},{"taxonomy":"product_tag","embeddable":true,"href":"https:\/\/krcsports.com\/tr\/wp-json\/wp\/v2\/product_tag?post=2715"}],"curies":[{"name":"wp","href":"https:\/\/api.w.org\/{rel}","templated":true}]}}