{"id":2670,"date":"2024-09-13T01:23:14","date_gmt":"2024-09-13T01:23:14","guid":{"rendered":"https:\/\/krcsports.com\/?post_type=product&#038;p=2670"},"modified":"2024-11-30T07:30:39","modified_gmt":"2024-11-30T07:30:39","slug":"taekwondo-arm-mitts","status":"publish","type":"product","link":"https:\/\/krcsports.com\/tr\/manufacturer\/taekwondo-arm-mitts\/","title":{"rendered":"tekvando kol eldivenleri hedef"},"content":{"rendered":"<ul class=\"\">\n<li data-spm-anchor-id=\"a2700.details.0.i69.3fac2b28uOUELK\">Y\u00fcksek Kaliteli Malzeme: Dayan\u0131kl\u0131 PU malzemeden \u00fcretilen bu kickboks pedi, zorlu d\u00f6v\u00fc\u015f sanatlar\u0131 e\u011fitimlerine dayanacak \u015fekilde tasarlanm\u0131\u015ft\u0131r ve uzun \u00f6m\u00fcrl\u00fc ve g\u00fcvenilir bir performans sa\u011flar.<\/li>\n<\/ul>\n<p>\u00a0<\/p>\n<ul class=\"\">\n<li>\u00d6zelle\u015ftirilebilir Tasar\u0131m: Benzersiz bir sat\u0131\u015f noktas\u0131 olarak bu \u00fcr\u00fcn, \u015firketinizin logosuyla \u00f6zelle\u015ftirilmi\u015f markala\u015fmaya olanak tan\u0131r ve bu da onu spor salonlar\u0131, d\u00f6v\u00fc\u015f sanatlar\u0131 okullar\u0131 ve ki\u015fiselle\u015ftirilmi\u015f ekipman arayan tak\u0131mlar i\u00e7in m\u00fckemmel bir se\u00e7im haline getirir.<\/li>\n<\/ul>\n<p>\u00a0<\/p>\n<ul class=\"\">\n<li>\u00c7ok Renkli Se\u00e7enekler: K\u0131rm\u0131z\u0131, siyah ve mavi olmak \u00fczere \u00fc\u00e7 \u015f\u0131k renkte mevcut olan bu kickboks mat\u0131, \u00e7e\u015fitli tercihlere hitap eder ve \u00e7e\u015fitli e\u011fitim ortamlar\u0131na kolayca entegre edilebilir.<\/li>\n<\/ul>\n<p>\u00a0<\/p>\n<ul class=\"\">\n<li>Unisex Tasar\u0131m: Hem erkekler hem de kad\u0131nlar i\u00e7in uygun olan bu \u00fcr\u00fcn, t\u00fcm d\u00f6v\u00fc\u015f sanat\u00e7\u0131lar\u0131n\u0131n y\u00fcksek kaliteli tasar\u0131m\u0131ndan ve i\u015flevselli\u011finden e\u015fit \u015fekilde faydalanmas\u0131n\u0131 sa\u011flar.<\/li>\n<\/ul>\n<p>\u00a0<\/p>\n<ul class=\"\">\n<li data-spm-anchor-id=\"a2700.details.0.i68.3fac2b28uOUELK\">Tekvando E\u011fitimi \u0130\u00e7in \u0130deal: \u00d6zellikle tekvando uygulay\u0131c\u0131lar\u0131 i\u00e7in tasarlanan bu kickboks minderi, tekme tekniklerini m\u00fckemmelle\u015ftirmek ve genel d\u00f6v\u00fc\u015f sanatlar\u0131 becerilerini geli\u015ftirmek i\u00e7in olmazsa olmaz bir ekipmand\u0131r.<\/li>\n<\/ul>","protected":false},"excerpt":{"rendered":"<p>tekvando kol eldivenleri: M\u00dc\u015eTER\u0130 LOGOSU<\/p>\n<p>*Stil: kol koruyucular\u0131<\/p>\n<p>*Renk:\u00f6zel tekvando hedefi<\/p>","protected":false},"featured_media":2673,"template":"","meta":[],"product_cat":[57,38],"product_tag":[],"class_list":{"0":"post-2670","1":"product","2":"type-product","3":"status-publish","4":"has-post-thumbnail","6":"product_cat-taekwondo-mitts-target","7":"product_cat-boxing-ring","9":"first","10":"instock","11":"shipping-taxable","12":"product-type-simple"},"yoast_head":"<!-- This site is optimized with the Yoast SEO plugin v22.7 - https:\/\/yoast.com\/wordpress\/plugins\/seo\/ -->\n<title>taekwondo arm mitts target - trustworthy combat sports equipment manufacturer<\/title>\n<meta name=\"description\" content=\"wholesale training equipment boxing pad kicking martial arts taekwondo arm mitt Target Pad \/taekwondo training equipment custom size and color\" \/>\n<meta name=\"robots\" content=\"index, follow, max-snippet:-1, max-image-preview:large, max-video-preview:-1\" \/>\n<link rel=\"canonical\" href=\"https:\/\/krcsports.com\/tr\/urun\/taekwondo-arm-mitts\/\" \/>\n<meta property=\"og:locale\" content=\"tr_TR\" \/>\n<meta property=\"og:type\" content=\"article\" \/>\n<meta property=\"og:title\" content=\"taekwondo arm mitts target - trustworthy combat sports equipment manufacturer\" \/>\n<meta property=\"og:description\" content=\"wholesale training equipment boxing pad kicking martial arts taekwondo arm mitt Target Pad \/taekwondo training equipment custom size and color\" \/>\n<meta property=\"og:url\" content=\"https:\/\/krcsports.com\/tr\/urun\/taekwondo-arm-mitts\/\" \/>\n<meta property=\"og:site_name\" content=\"trustworthy combat sports equipment manufacturer\" \/>\n<meta property=\"article:publisher\" content=\"https:\/\/www.facebook.com\/people\/Krc-sports\/100063994129159\/\" \/>\n<meta property=\"article:modified_time\" content=\"2024-11-30T07:30:39+00:00\" \/>\n<meta property=\"og:image\" content=\"https:\/\/krcsports.com\/wp-content\/uploads\/2024\/09\/taekwondo-target.webp\" \/>\n\t<meta property=\"og:image:width\" content=\"800\" \/>\n\t<meta property=\"og:image:height\" content=\"800\" \/>\n\t<meta property=\"og:image:type\" content=\"image\/webp\" \/>\n<meta name=\"twitter:card\" content=\"summary_large_image\" \/>\n<meta name=\"twitter:label1\" content=\"Tahmini okuma s\u00fcresi\" \/>\n\t<meta name=\"twitter:data1\" content=\"1 dakika\" \/>\n<script type=\"application\/ld+json\" class=\"yoast-schema-graph\">{\"@context\":\"https:\/\/schema.org\",\"@graph\":[{\"@type\":\"WebPage\",\"@id\":\"https:\/\/krcsports.com\/manufacturer\/taekwondo-arm-mitts\/\",\"url\":\"https:\/\/krcsports.com\/manufacturer\/taekwondo-arm-mitts\/\",\"name\":\"taekwondo arm mitts target - trustworthy combat sports equipment manufacturer\",\"isPartOf\":{\"@id\":\"https:\/\/krcsports.com\/#website\"},\"primaryImageOfPage\":{\"@id\":\"https:\/\/krcsports.com\/manufacturer\/taekwondo-arm-mitts\/#primaryimage\"},\"image\":{\"@id\":\"https:\/\/krcsports.com\/manufacturer\/taekwondo-arm-mitts\/#primaryimage\"},\"thumbnailUrl\":\"https:\/\/cdn.krcsports.com\/2024\/09\/taekwondo-target.webp\",\"datePublished\":\"2024-09-13T01:23:14+00:00\",\"dateModified\":\"2024-11-30T07:30:39+00:00\",\"description\":\"wholesale training equipment boxing pad kicking martial arts taekwondo arm mitt Target Pad \/taekwondo training equipment custom size and color\",\"breadcrumb\":{\"@id\":\"https:\/\/krcsports.com\/manufacturer\/taekwondo-arm-mitts\/#breadcrumb\"},\"inLanguage\":\"tr\",\"potentialAction\":[{\"@type\":\"ReadAction\",\"target\":[\"https:\/\/krcsports.com\/manufacturer\/taekwondo-arm-mitts\/\"]}]},{\"@type\":\"ImageObject\",\"inLanguage\":\"tr\",\"@id\":\"https:\/\/krcsports.com\/manufacturer\/taekwondo-arm-mitts\/#primaryimage\",\"url\":\"https:\/\/cdn.krcsports.com\/2024\/09\/taekwondo-target.webp\",\"contentUrl\":\"https:\/\/cdn.krcsports.com\/2024\/09\/taekwondo-target.webp\",\"width\":800,\"height\":800,\"caption\":\"taekwondo target\"},{\"@type\":\"BreadcrumbList\",\"@id\":\"https:\/\/krcsports.com\/manufacturer\/taekwondo-arm-mitts\/#breadcrumb\",\"itemListElement\":[{\"@type\":\"ListItem\",\"position\":1,\"name\":\"Home\",\"item\":\"https:\/\/krcsports.com\/\"},{\"@type\":\"ListItem\",\"position\":2,\"name\":\"Products\",\"item\":\"https:\/\/krcsports.com\/shop\/\"},{\"@type\":\"ListItem\",\"position\":3,\"name\":\"taekwondo arm mitts target\"}]},{\"@type\":\"WebSite\",\"@id\":\"https:\/\/krcsports.com\/#website\",\"url\":\"https:\/\/krcsports.com\/\",\"name\":\"krc sports\",\"description\":\"\",\"publisher\":{\"@id\":\"https:\/\/krcsports.com\/#organization\"},\"potentialAction\":[{\"@type\":\"SearchAction\",\"target\":{\"@type\":\"EntryPoint\",\"urlTemplate\":\"https:\/\/krcsports.com\/?s={search_term_string}\"},\"query-input\":\"required name=search_term_string\"}],\"inLanguage\":\"tr\"},{\"@type\":\"Organization\",\"@id\":\"https:\/\/krcsports.com\/#organization\",\"name\":\"krc sports\",\"url\":\"https:\/\/krcsports.com\/\",\"logo\":{\"@type\":\"ImageObject\",\"inLanguage\":\"tr\",\"@id\":\"https:\/\/krcsports.com\/#\/schema\/logo\/image\/\",\"url\":\"https:\/\/krcsports.com\/wp-content\/uploads\/2024\/07\/logo.webp\",\"contentUrl\":\"https:\/\/krcsports.com\/wp-content\/uploads\/2024\/07\/logo.webp\",\"width\":80,\"height\":60,\"caption\":\"krc sports\"},\"image\":{\"@id\":\"https:\/\/krcsports.com\/#\/schema\/logo\/image\/\"},\"sameAs\":[\"https:\/\/www.facebook.com\/people\/Krc-sports\/100063994129159\/\"]}]}<\/script>\n<!-- \/ Yoast SEO plugin. -->","yoast_head_json":{"title":"tekvando kol eldivenleri hedef - g\u00fcvenilir d\u00f6v\u00fc\u015f sporlar\u0131 ekipman\u0131 \u00fcreticisi","description":"Toptan e\u011fitim ekipman\u0131 boks pedi tekme d\u00f6v\u00fc\u015f sanatlar\u0131 tekvando kol eldiveni Hedef Pedi \/ tekvando e\u011fitim ekipman\u0131 \u00f6zel boyut ve renk","robots":{"index":"index","follow":"follow","max-snippet":"max-snippet:-1","max-image-preview":"max-image-preview:large","max-video-preview":"max-video-preview:-1"},"canonical":"https:\/\/krcsports.com\/tr\/urun\/taekwondo-arm-mitts\/","og_locale":"tr_TR","og_type":"article","og_title":"taekwondo arm mitts target - trustworthy combat sports equipment manufacturer","og_description":"wholesale training equipment boxing pad kicking martial arts taekwondo arm mitt Target Pad \/taekwondo training equipment custom size and color","og_url":"https:\/\/krcsports.com\/tr\/urun\/taekwondo-arm-mitts\/","og_site_name":"trustworthy combat sports equipment manufacturer","article_publisher":"https:\/\/www.facebook.com\/people\/Krc-sports\/100063994129159\/","article_modified_time":"2024-11-30T07:30:39+00:00","og_image":[{"width":800,"height":800,"url":"https:\/\/krcsports.com\/wp-content\/uploads\/2024\/09\/taekwondo-target.webp","type":"image\/webp"}],"twitter_card":"summary_large_image","twitter_misc":{"Tahmini okuma s\u00fcresi":"1 dakika"},"schema":{"@context":"https:\/\/schema.org","@graph":[{"@type":"WebPage","@id":"https:\/\/krcsports.com\/manufacturer\/taekwondo-arm-mitts\/","url":"https:\/\/krcsports.com\/manufacturer\/taekwondo-arm-mitts\/","name":"tekvando kol eldivenleri hedef - g\u00fcvenilir d\u00f6v\u00fc\u015f sporlar\u0131 ekipman\u0131 \u00fcreticisi","isPartOf":{"@id":"https:\/\/krcsports.com\/#website"},"primaryImageOfPage":{"@id":"https:\/\/krcsports.com\/manufacturer\/taekwondo-arm-mitts\/#primaryimage"},"image":{"@id":"https:\/\/krcsports.com\/manufacturer\/taekwondo-arm-mitts\/#primaryimage"},"thumbnailUrl":"https:\/\/cdn.krcsports.com\/2024\/09\/taekwondo-target.webp","datePublished":"2024-09-13T01:23:14+00:00","dateModified":"2024-11-30T07:30:39+00:00","description":"Toptan e\u011fitim ekipman\u0131 boks pedi tekme d\u00f6v\u00fc\u015f sanatlar\u0131 tekvando kol eldiveni Hedef Pedi \/ tekvando e\u011fitim ekipman\u0131 \u00f6zel boyut ve renk","breadcrumb":{"@id":"https:\/\/krcsports.com\/manufacturer\/taekwondo-arm-mitts\/#breadcrumb"},"inLanguage":"tr","potentialAction":[{"@type":"ReadAction","target":["https:\/\/krcsports.com\/manufacturer\/taekwondo-arm-mitts\/"]}]},{"@type":"ImageObject","inLanguage":"tr","@id":"https:\/\/krcsports.com\/manufacturer\/taekwondo-arm-mitts\/#primaryimage","url":"https:\/\/cdn.krcsports.com\/2024\/09\/taekwondo-target.webp","contentUrl":"https:\/\/cdn.krcsports.com\/2024\/09\/taekwondo-target.webp","width":800,"height":800,"caption":"taekwondo target"},{"@type":"BreadcrumbList","@id":"https:\/\/krcsports.com\/manufacturer\/taekwondo-arm-mitts\/#breadcrumb","itemListElement":[{"@type":"ListItem","position":1,"name":"Home","item":"https:\/\/krcsports.com\/"},{"@type":"ListItem","position":2,"name":"Products","item":"https:\/\/krcsports.com\/shop\/"},{"@type":"ListItem","position":3,"name":"taekwondo arm mitts target"}]},{"@type":"WebSite","@id":"https:\/\/krcsports.com\/#website","url":"https:\/\/krcsports.com\/","name":"krc sporlar\u0131","description":"","publisher":{"@id":"https:\/\/krcsports.com\/#organization"},"potentialAction":[{"@type":"SearchAction","target":{"@type":"EntryPoint","urlTemplate":"https:\/\/krcsports.com\/?s={search_term_string}"},"query-input":"required name=search_term_string"}],"inLanguage":"tr"},{"@type":"Organization","@id":"https:\/\/krcsports.com\/#organization","name":"krc sporlar\u0131","url":"https:\/\/krcsports.com\/","logo":{"@type":"ImageObject","inLanguage":"tr","@id":"https:\/\/krcsports.com\/#\/schema\/logo\/image\/","url":"https:\/\/krcsports.com\/wp-content\/uploads\/2024\/07\/logo.webp","contentUrl":"https:\/\/krcsports.com\/wp-content\/uploads\/2024\/07\/logo.webp","width":80,"height":60,"caption":"krc sports"},"image":{"@id":"https:\/\/krcsports.com\/#\/schema\/logo\/image\/"},"sameAs":["https:\/\/www.facebook.com\/people\/Krc-sports\/100063994129159\/"]}]}},"_links":{"self":[{"href":"https:\/\/krcsports.com\/tr\/wp-json\/wp\/v2\/product\/2670","targetHints":{"allow":["GET"]}}],"collection":[{"href":"https:\/\/krcsports.com\/tr\/wp-json\/wp\/v2\/product"}],"about":[{"href":"https:\/\/krcsports.com\/tr\/wp-json\/wp\/v2\/types\/product"}],"wp:featuredmedia":[{"embeddable":true,"href":"https:\/\/krcsports.com\/tr\/wp-json\/wp\/v2\/media\/2673"}],"wp:attachment":[{"href":"https:\/\/krcsports.com\/tr\/wp-json\/wp\/v2\/media?parent=2670"}],"wp:term":[{"taxonomy":"product_cat","embeddable":true,"href":"https:\/\/krcsports.com\/tr\/wp-json\/wp\/v2\/product_cat?post=2670"},{"taxonomy":"product_tag","embeddable":true,"href":"https:\/\/krcsports.com\/tr\/wp-json\/wp\/v2\/product_tag?post=2670"}],"curies":[{"name":"wp","href":"https:\/\/api.w.org\/{rel}","templated":true}]}}