{"id":2587,"date":"2024-09-12T02:29:30","date_gmt":"2024-09-12T02:29:30","guid":{"rendered":"https:\/\/krcsports.com\/?post_type=product&#038;p=2587"},"modified":"2024-12-01T11:12:04","modified_gmt":"2024-12-01T11:12:04","slug":"karate-chest-guard","status":"publish","type":"product","link":"https:\/\/krcsports.com\/tr\/manufacturer\/karate-chest-guard\/","title":{"rendered":"karate g\u00f6\u011f\u00fcs koruyucusu"},"content":{"rendered":"<ul class=\"a-unordered-list a-vertical a-spacing-mini\">\n<li class=\"a-spacing-mini\">\u00a0<\/li>\n<li class=\"a-spacing-mini\"><span class=\"a-list-item\">karate G\u00f6\u011f\u00fcs koruyucusu - \u00e7ocuklar\u0131n\u0131z\u0131n en sevdikleri sporlarla u\u011fra\u015f\u0131rken rahat ve korumal\u0131 olmas\u0131n\u0131 sa\u011flamak i\u00e7in tasarlanm\u0131\u015ft\u0131r<\/span><\/li>\n<\/ul>\n<p>\u00a0<\/p>\n<ul class=\"a-unordered-list a-vertical a-spacing-mini\">\n<li class=\"a-spacing-mini\"><span class=\"a-list-item\">\u00a0G\u00f6\u011f\u00fcs koruyucular\u0131 - koruyucuyu \u00e7ocuklar\u0131n v\u00fccuduna m\u00fckemmel bir \u015fekilde sabitleyebilir, \u00e7ocuklar\u0131n v\u00fccuduna uyacak \u015fekilde ayarlamak uygundur, giymesi veya \u00e7\u0131karmas\u0131 kolayd\u0131r. karate g\u00f6\u011f\u00fcs koruyucusu<\/span><\/li>\n<\/ul>\n<p>\u00a0<\/p>\n<ul class=\"a-unordered-list a-vertical a-spacing-mini\">\n<li class=\"a-spacing-mini\"><span class=\"a-list-item\">\u00c7ocuklar i\u00e7in karate g\u00f6\u011f\u00fcs koruyucusu - giyilmesi kolay ve rahat, boks sporlar\u0131, fitness, kickboks ve daha fazlas\u0131 i\u00e7in uygundur<\/span><\/li>\n<\/ul>\n<p>\u00a0<\/p>\n<ul class=\"a-unordered-list a-vertical a-spacing-mini\">\n<li class=\"a-spacing-mini\"><span class=\"a-list-item\">\u00c7ocuklar i\u00e7in - Tay boksu, karate, kickboks veya \u00e7ocu\u011funuzun ekstra g\u00f6\u011f\u00fcs korumas\u0131na ihtiya\u00e7 duydu\u011fu di\u011fer aktiviteler i\u00e7in kullan\u0131labilir<\/span><\/li>\n<\/ul>\n<p>\u00a0<\/p>\n<ul class=\"a-unordered-list a-vertical a-spacing-mini\">\n<li class=\"a-spacing-mini\"><span class=\"a-list-item\">Yarat\u0131c\u0131 koruyucu yelek - ayarlanabilir tasar\u0131m, \u00e7o\u011fu \u00e7ocuk i\u00e7in uygundur, bu da pratikli\u011fini ve pop\u00fclerli\u011fini garanti eder<\/span><\/li>\n<\/ul>","protected":false},"excerpt":{"rendered":"<p>Karate G\u00f6\u011f\u00fcs Koruyucusu Konforu garanti alt\u0131na almak i\u00e7in y\u00fcksek kaliteli malzemelerden \u00fcretilmi\u015ftir.<\/p>\n<p>Sava\u015flarda daha h\u0131zl\u0131 hareket edebilmeniz i\u00e7in hafif.<\/p>\n<p>S\u00fcrekli hava ak\u0131\u015f\u0131 i\u00e7in nefes alabilen kuma\u015f i\u00e7 k\u0131s\u0131m<\/p>\n<p>Dayan\u0131kl\u0131l\u0131k i\u00e7in sa\u011flam diki\u015f ve kesilmi\u015f kenar<\/p>\n<p>Hareket aral\u0131\u011f\u0131n\u0131z\u0131 k\u0131s\u0131tlamadan optimum g\u00f6\u011f\u00fcs korumas\u0131 sa\u011flamak i\u00e7in ergonomik olarak tasarlanm\u0131\u015ft\u0131r.<\/p>\n<p>Darbe emilimi ve darbelerin da\u011f\u0131t\u0131lmas\u0131 i\u00e7in i\u00e7 pedler.<\/p>\n<p>M\u00fckemmel uyum i\u00e7in ayarlanabilir elastik c\u0131rt c\u0131rtl\u0131 kay\u0131\u015flarla tasarlanm\u0131\u015ft\u0131r.<\/p>\n<p>Giymesi kolay<\/p>\n<p>Y\u00fcksek kaliteli Oxford ve elastik kuma\u015ftan \u00fcretilmi\u015ftir<\/p>","protected":false},"featured_media":2607,"template":"","meta":[],"product_cat":[69,38],"product_tag":[],"class_list":{"0":"post-2587","1":"product","2":"type-product","3":"status-publish","4":"has-post-thumbnail","6":"product_cat-karate-protective-gear","7":"product_cat-boxing-ring","9":"first","10":"instock","11":"shipping-taxable","12":"product-type-simple"},"yoast_head":"<!-- This site is optimized with the Yoast SEO plugin v22.7 - https:\/\/yoast.com\/wordpress\/plugins\/seo\/ -->\n<title>karate chest guard - trustworthy combat sports equipment manufacturer<\/title>\n<meta name=\"description\" content=\"Karate Chest Guard for Kids &amp; Adults chest protector sweat vest muay thai chest guard taekwondo chest guard kids protector vest boxing\" \/>\n<meta name=\"robots\" content=\"index, follow, max-snippet:-1, max-image-preview:large, max-video-preview:-1\" \/>\n<link rel=\"canonical\" href=\"https:\/\/krcsports.com\/tr\/urun\/karate-chest-guard\/\" \/>\n<meta property=\"og:locale\" content=\"tr_TR\" \/>\n<meta property=\"og:type\" content=\"article\" \/>\n<meta property=\"og:title\" content=\"karate chest guard - trustworthy combat sports equipment manufacturer\" \/>\n<meta property=\"og:description\" content=\"Karate Chest Guard for Kids &amp; Adults chest protector sweat vest muay thai chest guard taekwondo chest guard kids protector vest boxing\" \/>\n<meta property=\"og:url\" content=\"https:\/\/krcsports.com\/tr\/urun\/karate-chest-guard\/\" \/>\n<meta property=\"og:site_name\" content=\"trustworthy combat sports equipment manufacturer\" \/>\n<meta property=\"article:publisher\" content=\"https:\/\/www.facebook.com\/people\/Krc-sports\/100063994129159\/\" \/>\n<meta property=\"article:modified_time\" content=\"2024-12-01T11:12:04+00:00\" \/>\n<meta property=\"og:image\" content=\"https:\/\/krcsports.com\/wp-content\/uploads\/2024\/09\/chest-guard11.webp\" \/>\n\t<meta property=\"og:image:width\" content=\"800\" \/>\n\t<meta property=\"og:image:height\" content=\"800\" \/>\n\t<meta property=\"og:image:type\" content=\"image\/webp\" \/>\n<meta name=\"twitter:card\" content=\"summary_large_image\" \/>\n<meta name=\"twitter:label1\" content=\"Tahmini okuma s\u00fcresi\" \/>\n\t<meta name=\"twitter:data1\" content=\"1 dakika\" \/>\n<script type=\"application\/ld+json\" class=\"yoast-schema-graph\">{\"@context\":\"https:\/\/schema.org\",\"@graph\":[{\"@type\":\"WebPage\",\"@id\":\"https:\/\/krcsports.com\/manufacturer\/karate-chest-guard\/\",\"url\":\"https:\/\/krcsports.com\/manufacturer\/karate-chest-guard\/\",\"name\":\"karate chest guard - trustworthy combat sports equipment manufacturer\",\"isPartOf\":{\"@id\":\"https:\/\/krcsports.com\/#website\"},\"primaryImageOfPage\":{\"@id\":\"https:\/\/krcsports.com\/manufacturer\/karate-chest-guard\/#primaryimage\"},\"image\":{\"@id\":\"https:\/\/krcsports.com\/manufacturer\/karate-chest-guard\/#primaryimage\"},\"thumbnailUrl\":\"https:\/\/cdn.krcsports.com\/2024\/09\/chest-guard11.webp\",\"datePublished\":\"2024-09-12T02:29:30+00:00\",\"dateModified\":\"2024-12-01T11:12:04+00:00\",\"description\":\"Karate Chest Guard for Kids & Adults chest protector sweat vest muay thai chest guard taekwondo chest guard kids protector vest boxing\",\"breadcrumb\":{\"@id\":\"https:\/\/krcsports.com\/manufacturer\/karate-chest-guard\/#breadcrumb\"},\"inLanguage\":\"tr\",\"potentialAction\":[{\"@type\":\"ReadAction\",\"target\":[\"https:\/\/krcsports.com\/manufacturer\/karate-chest-guard\/\"]}]},{\"@type\":\"ImageObject\",\"inLanguage\":\"tr\",\"@id\":\"https:\/\/krcsports.com\/manufacturer\/karate-chest-guard\/#primaryimage\",\"url\":\"https:\/\/cdn.krcsports.com\/2024\/09\/chest-guard11.webp\",\"contentUrl\":\"https:\/\/cdn.krcsports.com\/2024\/09\/chest-guard11.webp\",\"width\":800,\"height\":800,\"caption\":\"chest guard\"},{\"@type\":\"BreadcrumbList\",\"@id\":\"https:\/\/krcsports.com\/manufacturer\/karate-chest-guard\/#breadcrumb\",\"itemListElement\":[{\"@type\":\"ListItem\",\"position\":1,\"name\":\"Home\",\"item\":\"https:\/\/krcsports.com\/\"},{\"@type\":\"ListItem\",\"position\":2,\"name\":\"Products\",\"item\":\"https:\/\/krcsports.com\/shop\/\"},{\"@type\":\"ListItem\",\"position\":3,\"name\":\"karate chest guard\"}]},{\"@type\":\"WebSite\",\"@id\":\"https:\/\/krcsports.com\/#website\",\"url\":\"https:\/\/krcsports.com\/\",\"name\":\"krc sports\",\"description\":\"\",\"publisher\":{\"@id\":\"https:\/\/krcsports.com\/#organization\"},\"potentialAction\":[{\"@type\":\"SearchAction\",\"target\":{\"@type\":\"EntryPoint\",\"urlTemplate\":\"https:\/\/krcsports.com\/?s={search_term_string}\"},\"query-input\":\"required name=search_term_string\"}],\"inLanguage\":\"tr\"},{\"@type\":\"Organization\",\"@id\":\"https:\/\/krcsports.com\/#organization\",\"name\":\"krc sports\",\"url\":\"https:\/\/krcsports.com\/\",\"logo\":{\"@type\":\"ImageObject\",\"inLanguage\":\"tr\",\"@id\":\"https:\/\/krcsports.com\/#\/schema\/logo\/image\/\",\"url\":\"https:\/\/krcsports.com\/wp-content\/uploads\/2024\/07\/logo.webp\",\"contentUrl\":\"https:\/\/krcsports.com\/wp-content\/uploads\/2024\/07\/logo.webp\",\"width\":80,\"height\":60,\"caption\":\"krc sports\"},\"image\":{\"@id\":\"https:\/\/krcsports.com\/#\/schema\/logo\/image\/\"},\"sameAs\":[\"https:\/\/www.facebook.com\/people\/Krc-sports\/100063994129159\/\"]}]}<\/script>\n<!-- \/ Yoast SEO plugin. -->","yoast_head_json":{"title":"karate g\u00f6\u011f\u00fcs koruyucusu - g\u00fcvenilir d\u00f6v\u00fc\u015f sporlar\u0131 ekipman\u0131 \u00fcreticisi","description":"\u00c7ocuklar ve Yeti\u015fkinler i\u00e7in Karate G\u00f6\u011f\u00fcs Koruyucu g\u00f6\u011f\u00fcs koruyucu ter yele\u011fi muay thai g\u00f6\u011f\u00fcs koruyucu tekvando g\u00f6\u011f\u00fcs koruyucu \u00e7ocuk koruyucu yelek boks","robots":{"index":"index","follow":"follow","max-snippet":"max-snippet:-1","max-image-preview":"max-image-preview:large","max-video-preview":"max-video-preview:-1"},"canonical":"https:\/\/krcsports.com\/tr\/urun\/karate-chest-guard\/","og_locale":"tr_TR","og_type":"article","og_title":"karate chest guard - trustworthy combat sports equipment manufacturer","og_description":"Karate Chest Guard for Kids & Adults chest protector sweat vest muay thai chest guard taekwondo chest guard kids protector vest boxing","og_url":"https:\/\/krcsports.com\/tr\/urun\/karate-chest-guard\/","og_site_name":"trustworthy combat sports equipment manufacturer","article_publisher":"https:\/\/www.facebook.com\/people\/Krc-sports\/100063994129159\/","article_modified_time":"2024-12-01T11:12:04+00:00","og_image":[{"width":800,"height":800,"url":"https:\/\/krcsports.com\/wp-content\/uploads\/2024\/09\/chest-guard11.webp","type":"image\/webp"}],"twitter_card":"summary_large_image","twitter_misc":{"Tahmini okuma s\u00fcresi":"1 dakika"},"schema":{"@context":"https:\/\/schema.org","@graph":[{"@type":"WebPage","@id":"https:\/\/krcsports.com\/manufacturer\/karate-chest-guard\/","url":"https:\/\/krcsports.com\/manufacturer\/karate-chest-guard\/","name":"karate g\u00f6\u011f\u00fcs koruyucusu - g\u00fcvenilir d\u00f6v\u00fc\u015f sporlar\u0131 ekipman\u0131 \u00fcreticisi","isPartOf":{"@id":"https:\/\/krcsports.com\/#website"},"primaryImageOfPage":{"@id":"https:\/\/krcsports.com\/manufacturer\/karate-chest-guard\/#primaryimage"},"image":{"@id":"https:\/\/krcsports.com\/manufacturer\/karate-chest-guard\/#primaryimage"},"thumbnailUrl":"https:\/\/cdn.krcsports.com\/2024\/09\/chest-guard11.webp","datePublished":"2024-09-12T02:29:30+00:00","dateModified":"2024-12-01T11:12:04+00:00","description":"\u00c7ocuklar ve Yeti\u015fkinler i\u00e7in Karate G\u00f6\u011f\u00fcs Koruyucu g\u00f6\u011f\u00fcs koruyucu ter yele\u011fi muay thai g\u00f6\u011f\u00fcs koruyucu tekvando g\u00f6\u011f\u00fcs koruyucu \u00e7ocuk koruyucu yelek boks","breadcrumb":{"@id":"https:\/\/krcsports.com\/manufacturer\/karate-chest-guard\/#breadcrumb"},"inLanguage":"tr","potentialAction":[{"@type":"ReadAction","target":["https:\/\/krcsports.com\/manufacturer\/karate-chest-guard\/"]}]},{"@type":"ImageObject","inLanguage":"tr","@id":"https:\/\/krcsports.com\/manufacturer\/karate-chest-guard\/#primaryimage","url":"https:\/\/cdn.krcsports.com\/2024\/09\/chest-guard11.webp","contentUrl":"https:\/\/cdn.krcsports.com\/2024\/09\/chest-guard11.webp","width":800,"height":800,"caption":"chest guard"},{"@type":"BreadcrumbList","@id":"https:\/\/krcsports.com\/manufacturer\/karate-chest-guard\/#breadcrumb","itemListElement":[{"@type":"ListItem","position":1,"name":"Home","item":"https:\/\/krcsports.com\/"},{"@type":"ListItem","position":2,"name":"Products","item":"https:\/\/krcsports.com\/shop\/"},{"@type":"ListItem","position":3,"name":"karate chest guard"}]},{"@type":"WebSite","@id":"https:\/\/krcsports.com\/#website","url":"https:\/\/krcsports.com\/","name":"krc sporlar\u0131","description":"","publisher":{"@id":"https:\/\/krcsports.com\/#organization"},"potentialAction":[{"@type":"SearchAction","target":{"@type":"EntryPoint","urlTemplate":"https:\/\/krcsports.com\/?s={search_term_string}"},"query-input":"required name=search_term_string"}],"inLanguage":"tr"},{"@type":"Organization","@id":"https:\/\/krcsports.com\/#organization","name":"krc sporlar\u0131","url":"https:\/\/krcsports.com\/","logo":{"@type":"ImageObject","inLanguage":"tr","@id":"https:\/\/krcsports.com\/#\/schema\/logo\/image\/","url":"https:\/\/krcsports.com\/wp-content\/uploads\/2024\/07\/logo.webp","contentUrl":"https:\/\/krcsports.com\/wp-content\/uploads\/2024\/07\/logo.webp","width":80,"height":60,"caption":"krc sports"},"image":{"@id":"https:\/\/krcsports.com\/#\/schema\/logo\/image\/"},"sameAs":["https:\/\/www.facebook.com\/people\/Krc-sports\/100063994129159\/"]}]}},"_links":{"self":[{"href":"https:\/\/krcsports.com\/tr\/wp-json\/wp\/v2\/product\/2587","targetHints":{"allow":["GET"]}}],"collection":[{"href":"https:\/\/krcsports.com\/tr\/wp-json\/wp\/v2\/product"}],"about":[{"href":"https:\/\/krcsports.com\/tr\/wp-json\/wp\/v2\/types\/product"}],"wp:featuredmedia":[{"embeddable":true,"href":"https:\/\/krcsports.com\/tr\/wp-json\/wp\/v2\/media\/2607"}],"wp:attachment":[{"href":"https:\/\/krcsports.com\/tr\/wp-json\/wp\/v2\/media?parent=2587"}],"wp:term":[{"taxonomy":"product_cat","embeddable":true,"href":"https:\/\/krcsports.com\/tr\/wp-json\/wp\/v2\/product_cat?post=2587"},{"taxonomy":"product_tag","embeddable":true,"href":"https:\/\/krcsports.com\/tr\/wp-json\/wp\/v2\/product_tag?post=2587"}],"curies":[{"name":"wp","href":"https:\/\/api.w.org\/{rel}","templated":true}]}}