{"id":2156,"date":"2024-09-09T08:06:34","date_gmt":"2024-09-09T08:06:34","guid":{"rendered":"https:\/\/krcsports.com\/?post_type=product&#038;p=2156"},"modified":"2024-11-10T01:35:27","modified_gmt":"2024-11-10T01:35:27","slug":"training-type-head-guard","status":"publish","type":"product","link":"https:\/\/krcsports.com\/tr\/manufacturer\/training-type-head-guard\/","title":{"rendered":"ba\u015fl\u0131k"},"content":{"rendered":"<section class=\"section\" id=\"section_1263922529\">\n\t\t<div class=\"bg section-bg fill bg-fill  bg-loaded\" >\n\n\t\t\t\n\t\t\t\n\t\t\t\n\n\t\t<\/div>\n\n\t\t\n\n\t\t<div class=\"section-content relative\">\n\t\t\t\n<ul class=\"a-unordered-list a-vertical a-spacing-mini\">\n<li class=\"a-spacing-mini\"><span class=\"a-list-item\">boks ba\u015fl\u0131\u011f\u0131, dayan\u0131kl\u0131l\u0131k ve \u015f\u0131k bir g\u00f6r\u00fcn\u00fcm sa\u011flayan birinci s\u0131n\u0131f deri d\u0131\u015f katmanla \u00fcretilmi\u015ftir. Japon Amara i\u00e7 astar\u0131 ile donat\u0131lm\u0131\u015f olup, d\u00f6v\u00fc\u015f\u00e7\u00fclere en \u00fcst d\u00fczeyde konfor ve hava ge\u00e7irgenli\u011fi sa\u011flar.<\/span><\/li>\n<\/ul>\n<p>\u00a0<\/p>\n<ul class=\"a-unordered-list a-vertical a-spacing-mini\">\n<li class=\"a-spacing-mini\"><span class=\"a-list-item\">Dayan\u0131kl\u0131: USA Boksunun s\u0131k\u0131 kurallar\u0131 taraf\u0131ndan onaylanan ve yo\u011fun boks antrenmanlar\u0131n\u0131n zorluklar\u0131na dayanacak \u015fekilde tasarlanan ba\u015fl\u0131\u011f\u0131m\u0131z\u0131n hassasiyetine g\u00fcvenin. Profesyonel standartlara uygun bir tasar\u0131mla, g\u00fcvenle antrenman yap\u0131n ve parlay\u0131n.<\/span><\/li>\n<\/ul>\n<p>\u00a0<\/p>\n<ul class=\"a-unordered-list a-vertical a-spacing-mini\">\n<li class=\"a-spacing-mini\"><span class=\"a-list-item\">D\u00f6v\u00fc\u015fe Odaklan\u0131n: G\u00fcvenli bir uyum i\u00e7in tasarlanan boks ekipmanlar\u0131m\u0131z, ringdeki g\u00fcvenilir orta\u011f\u0131n\u0131zd\u0131r. Ba\u015fl\u0131\u011f\u0131n\u0131z\u0131n sizi yar\u0131 yolda b\u0131rakmayaca\u011f\u0131n\u0131 bilerek, odaklanarak ve hassasiyetle antrenman yap\u0131n.<\/span><\/li>\n<\/ul>\n<p>\u00a0<\/p>\n<ul class=\"a-unordered-list a-vertical a-spacing-mini\">\n<li class=\"a-spacing-mini\"><span class=\"a-list-item\">\u00a0Ka\u015f, yanak ve \u015fakak b\u00f6lgelerinde y\u00fcksek seviyede dolgu bulunan boks ba\u015fl\u0131\u011f\u0131m\u0131z, her yumru\u011fun maksimum emilimle kar\u015f\u0131lanmas\u0131n\u0131 sa\u011flar. Aerodinamik, gizli kulak tasar\u0131m\u0131, darbe kaynakl\u0131 yaralanma riskini azalt\u0131r.<\/span><\/li>\n<\/ul>\n<p>\u00a0<\/p>\n<ul class=\"a-unordered-list a-vertical a-spacing-mini\">\n<li class=\"a-spacing-mini\"><span class=\"a-list-item\">Daha Az Yorgunluk, Daha Fazla Dayan\u0131kl\u0131l\u0131k: Boks ekipmanlar\u0131m\u0131za yerle\u015ftirilen yenilik\u00e7i Neo Gel teknolojisi yorgunlu\u011fu azalt\u0131r, \u015foku emer ve \u00f6d\u00fcn vermeden daha uzun s\u00fcre antrenman yapman\u0131z\u0131 sa\u011flar. Sizi y\u0131pratmadan s\u0131n\u0131rlar\u0131n\u0131z\u0131 zorlayan antrenman seanslar\u0131n\u0131 deneyimleyin.<\/span><\/li>\n<\/ul>\n\t\t<\/div>\n\n\t\t\n<style>\n#section_1263922529 {\n  padding-top: 30px;\n  padding-bottom: 30px;\n}\n<\/style>\n\t<\/section>","protected":false},"excerpt":{"rendered":"<p> Ba\u015fl\u0131k \u00e7ok y\u00f6nl\u00fcd\u00fcr ve Kickboks, Muay Thai, Boks m\u00fcsabakas\u0131 ve MMA&#039;dan Karate ve Tae Kwon Do&#039;ya kadar her t\u00fcrl\u00fc vuru\u015flu spor i\u00e7in uygundur.<\/p>\n<p>AYARLANAB\u0130L\u0130R UYUM \u2013 Son derece i\u015flevseldir, m\u00fckemmel uyum sa\u011flar,<br \/>\nErkekler, gen\u00e7ler ve 11 ya\u015f \u00fcst\u00fc erkek \u00e7ocuklar i\u00e7in m\u00fckemmel bir boks ba\u015fl\u0131\u011f\u0131d\u0131r. K\u00fc\u00e7\u00fck ve b\u00fcy\u00fck olmak \u00fczere 2 boyutta ve 2 tasar\u0131mda gelir.<\/p>\n<p>\u00d6NCE G\u00dcVENL\u0130K: Boks ba\u015fl\u0131\u011f\u0131m\u0131z antrenman veya m\u00fcsabaka s\u0131ras\u0131nda g\u00fcvenli\u011finizi art\u0131r\u0131r. <\/p>","protected":false},"featured_media":2170,"template":"","meta":[],"product_cat":[44],"product_tag":[],"class_list":{"0":"post-2156","1":"product","2":"type-product","3":"status-publish","4":"has-post-thumbnail","6":"product_cat-boxing-protective-gear","8":"first","9":"instock","10":"shipping-taxable","11":"product-type-simple"},"yoast_head":"<!-- This site is optimized with the Yoast SEO plugin v22.7 - https:\/\/yoast.com\/wordpress\/plugins\/seo\/ -->\n<title>headgear - trustworthy combat sports equipment manufacturer<\/title>\n<meta name=\"robots\" content=\"index, follow, max-snippet:-1, max-image-preview:large, max-video-preview:-1\" \/>\n<link rel=\"canonical\" href=\"https:\/\/krcsports.com\/tr\/urun\/training-type-head-guard\/\" \/>\n<meta property=\"og:locale\" content=\"tr_TR\" \/>\n<meta property=\"og:type\" content=\"article\" \/>\n<meta property=\"og:title\" content=\"headgear - trustworthy combat sports equipment manufacturer\" \/>\n<meta property=\"og:description\" content=\"headgear is versatile and suitable for any striking sport, ranging from Kickboxing, Muay Thai, Boxing sparring and MMA to Karate and Tae Kwon Do.  ADJUSTABLE FIT - It is highly functional, perfectly fitting, it&#039;s the perfect boxing headgear for men, teenagers, and boys above the age of 11. It comes in 2 sizes small and large with 2 designs.  SAFETY FIRST: Our boxing headgear promotes safety during training or competition.\" \/>\n<meta property=\"og:url\" content=\"https:\/\/krcsports.com\/tr\/urun\/training-type-head-guard\/\" \/>\n<meta property=\"og:site_name\" content=\"trustworthy combat sports equipment manufacturer\" \/>\n<meta property=\"article:publisher\" content=\"https:\/\/www.facebook.com\/people\/Krc-sports\/100063994129159\/\" \/>\n<meta property=\"article:modified_time\" content=\"2024-11-10T01:35:27+00:00\" \/>\n<meta property=\"og:image\" content=\"https:\/\/krcsports.com\/wp-content\/uploads\/2024\/09\/Headgear-6-1.webp\" \/>\n\t<meta property=\"og:image:width\" content=\"640\" \/>\n\t<meta property=\"og:image:height\" content=\"640\" \/>\n\t<meta property=\"og:image:type\" content=\"image\/webp\" \/>\n<meta name=\"twitter:card\" content=\"summary_large_image\" \/>\n<meta name=\"twitter:label1\" content=\"Tahmini okuma s\u00fcresi\" \/>\n\t<meta name=\"twitter:data1\" content=\"1 dakika\" \/>\n<script type=\"application\/ld+json\" class=\"yoast-schema-graph\">{\"@context\":\"https:\/\/schema.org\",\"@graph\":[{\"@type\":\"WebPage\",\"@id\":\"https:\/\/krcsports.com\/manufacturer\/training-type-head-guard\/\",\"url\":\"https:\/\/krcsports.com\/manufacturer\/training-type-head-guard\/\",\"name\":\"headgear - trustworthy combat sports equipment manufacturer\",\"isPartOf\":{\"@id\":\"https:\/\/krcsports.com\/#website\"},\"primaryImageOfPage\":{\"@id\":\"https:\/\/krcsports.com\/manufacturer\/training-type-head-guard\/#primaryimage\"},\"image\":{\"@id\":\"https:\/\/krcsports.com\/manufacturer\/training-type-head-guard\/#primaryimage\"},\"thumbnailUrl\":\"https:\/\/cdn.krcsports.com\/2024\/09\/Headgear-6-1.webp\",\"datePublished\":\"2024-09-09T08:06:34+00:00\",\"dateModified\":\"2024-11-10T01:35:27+00:00\",\"breadcrumb\":{\"@id\":\"https:\/\/krcsports.com\/manufacturer\/training-type-head-guard\/#breadcrumb\"},\"inLanguage\":\"tr\",\"potentialAction\":[{\"@type\":\"ReadAction\",\"target\":[\"https:\/\/krcsports.com\/manufacturer\/training-type-head-guard\/\"]}]},{\"@type\":\"ImageObject\",\"inLanguage\":\"tr\",\"@id\":\"https:\/\/krcsports.com\/manufacturer\/training-type-head-guard\/#primaryimage\",\"url\":\"https:\/\/cdn.krcsports.com\/2024\/09\/Headgear-6-1.webp\",\"contentUrl\":\"https:\/\/cdn.krcsports.com\/2024\/09\/Headgear-6-1.webp\",\"width\":640,\"height\":640,\"caption\":\"Headgear\"},{\"@type\":\"BreadcrumbList\",\"@id\":\"https:\/\/krcsports.com\/manufacturer\/training-type-head-guard\/#breadcrumb\",\"itemListElement\":[{\"@type\":\"ListItem\",\"position\":1,\"name\":\"Home\",\"item\":\"https:\/\/krcsports.com\/\"},{\"@type\":\"ListItem\",\"position\":2,\"name\":\"Products\",\"item\":\"https:\/\/krcsports.com\/shop\/\"},{\"@type\":\"ListItem\",\"position\":3,\"name\":\"headgear\"}]},{\"@type\":\"WebSite\",\"@id\":\"https:\/\/krcsports.com\/#website\",\"url\":\"https:\/\/krcsports.com\/\",\"name\":\"krc sports\",\"description\":\"\",\"publisher\":{\"@id\":\"https:\/\/krcsports.com\/#organization\"},\"potentialAction\":[{\"@type\":\"SearchAction\",\"target\":{\"@type\":\"EntryPoint\",\"urlTemplate\":\"https:\/\/krcsports.com\/?s={search_term_string}\"},\"query-input\":\"required name=search_term_string\"}],\"inLanguage\":\"tr\"},{\"@type\":\"Organization\",\"@id\":\"https:\/\/krcsports.com\/#organization\",\"name\":\"krc sports\",\"url\":\"https:\/\/krcsports.com\/\",\"logo\":{\"@type\":\"ImageObject\",\"inLanguage\":\"tr\",\"@id\":\"https:\/\/krcsports.com\/#\/schema\/logo\/image\/\",\"url\":\"https:\/\/krcsports.com\/wp-content\/uploads\/2024\/07\/logo.webp\",\"contentUrl\":\"https:\/\/krcsports.com\/wp-content\/uploads\/2024\/07\/logo.webp\",\"width\":80,\"height\":60,\"caption\":\"krc sports\"},\"image\":{\"@id\":\"https:\/\/krcsports.com\/#\/schema\/logo\/image\/\"},\"sameAs\":[\"https:\/\/www.facebook.com\/people\/Krc-sports\/100063994129159\/\"]}]}<\/script>\n<!-- \/ Yoast SEO plugin. -->","yoast_head_json":{"title":"ba\u015fl\u0131k - g\u00fcvenilir d\u00f6v\u00fc\u015f sporlar\u0131 ekipman\u0131 \u00fcreticisi","robots":{"index":"index","follow":"follow","max-snippet":"max-snippet:-1","max-image-preview":"max-image-preview:large","max-video-preview":"max-video-preview:-1"},"canonical":"https:\/\/krcsports.com\/tr\/urun\/training-type-head-guard\/","og_locale":"tr_TR","og_type":"article","og_title":"headgear - trustworthy combat sports equipment manufacturer","og_description":"headgear is versatile and suitable for any striking sport, ranging from Kickboxing, Muay Thai, Boxing sparring and MMA to Karate and Tae Kwon Do.  ADJUSTABLE FIT - It is highly functional, perfectly fitting, it's the perfect boxing headgear for men, teenagers, and boys above the age of 11. It comes in 2 sizes small and large with 2 designs.  SAFETY FIRST: Our boxing headgear promotes safety during training or competition.","og_url":"https:\/\/krcsports.com\/tr\/urun\/training-type-head-guard\/","og_site_name":"trustworthy combat sports equipment manufacturer","article_publisher":"https:\/\/www.facebook.com\/people\/Krc-sports\/100063994129159\/","article_modified_time":"2024-11-10T01:35:27+00:00","og_image":[{"width":640,"height":640,"url":"https:\/\/krcsports.com\/wp-content\/uploads\/2024\/09\/Headgear-6-1.webp","type":"image\/webp"}],"twitter_card":"summary_large_image","twitter_misc":{"Tahmini okuma s\u00fcresi":"1 dakika"},"schema":{"@context":"https:\/\/schema.org","@graph":[{"@type":"WebPage","@id":"https:\/\/krcsports.com\/manufacturer\/training-type-head-guard\/","url":"https:\/\/krcsports.com\/manufacturer\/training-type-head-guard\/","name":"ba\u015fl\u0131k - g\u00fcvenilir d\u00f6v\u00fc\u015f sporlar\u0131 ekipman\u0131 \u00fcreticisi","isPartOf":{"@id":"https:\/\/krcsports.com\/#website"},"primaryImageOfPage":{"@id":"https:\/\/krcsports.com\/manufacturer\/training-type-head-guard\/#primaryimage"},"image":{"@id":"https:\/\/krcsports.com\/manufacturer\/training-type-head-guard\/#primaryimage"},"thumbnailUrl":"https:\/\/cdn.krcsports.com\/2024\/09\/Headgear-6-1.webp","datePublished":"2024-09-09T08:06:34+00:00","dateModified":"2024-11-10T01:35:27+00:00","breadcrumb":{"@id":"https:\/\/krcsports.com\/manufacturer\/training-type-head-guard\/#breadcrumb"},"inLanguage":"tr","potentialAction":[{"@type":"ReadAction","target":["https:\/\/krcsports.com\/manufacturer\/training-type-head-guard\/"]}]},{"@type":"ImageObject","inLanguage":"tr","@id":"https:\/\/krcsports.com\/manufacturer\/training-type-head-guard\/#primaryimage","url":"https:\/\/cdn.krcsports.com\/2024\/09\/Headgear-6-1.webp","contentUrl":"https:\/\/cdn.krcsports.com\/2024\/09\/Headgear-6-1.webp","width":640,"height":640,"caption":"Headgear"},{"@type":"BreadcrumbList","@id":"https:\/\/krcsports.com\/manufacturer\/training-type-head-guard\/#breadcrumb","itemListElement":[{"@type":"ListItem","position":1,"name":"Home","item":"https:\/\/krcsports.com\/"},{"@type":"ListItem","position":2,"name":"Products","item":"https:\/\/krcsports.com\/shop\/"},{"@type":"ListItem","position":3,"name":"headgear"}]},{"@type":"WebSite","@id":"https:\/\/krcsports.com\/#website","url":"https:\/\/krcsports.com\/","name":"krc sporlar\u0131","description":"","publisher":{"@id":"https:\/\/krcsports.com\/#organization"},"potentialAction":[{"@type":"SearchAction","target":{"@type":"EntryPoint","urlTemplate":"https:\/\/krcsports.com\/?s={search_term_string}"},"query-input":"required name=search_term_string"}],"inLanguage":"tr"},{"@type":"Organization","@id":"https:\/\/krcsports.com\/#organization","name":"krc sporlar\u0131","url":"https:\/\/krcsports.com\/","logo":{"@type":"ImageObject","inLanguage":"tr","@id":"https:\/\/krcsports.com\/#\/schema\/logo\/image\/","url":"https:\/\/krcsports.com\/wp-content\/uploads\/2024\/07\/logo.webp","contentUrl":"https:\/\/krcsports.com\/wp-content\/uploads\/2024\/07\/logo.webp","width":80,"height":60,"caption":"krc sports"},"image":{"@id":"https:\/\/krcsports.com\/#\/schema\/logo\/image\/"},"sameAs":["https:\/\/www.facebook.com\/people\/Krc-sports\/100063994129159\/"]}]}},"_links":{"self":[{"href":"https:\/\/krcsports.com\/tr\/wp-json\/wp\/v2\/product\/2156","targetHints":{"allow":["GET"]}}],"collection":[{"href":"https:\/\/krcsports.com\/tr\/wp-json\/wp\/v2\/product"}],"about":[{"href":"https:\/\/krcsports.com\/tr\/wp-json\/wp\/v2\/types\/product"}],"wp:featuredmedia":[{"embeddable":true,"href":"https:\/\/krcsports.com\/tr\/wp-json\/wp\/v2\/media\/2170"}],"wp:attachment":[{"href":"https:\/\/krcsports.com\/tr\/wp-json\/wp\/v2\/media?parent=2156"}],"wp:term":[{"taxonomy":"product_cat","embeddable":true,"href":"https:\/\/krcsports.com\/tr\/wp-json\/wp\/v2\/product_cat?post=2156"},{"taxonomy":"product_tag","embeddable":true,"href":"https:\/\/krcsports.com\/tr\/wp-json\/wp\/v2\/product_tag?post=2156"}],"curies":[{"name":"wp","href":"https:\/\/api.w.org\/{rel}","templated":true}]}}