{"id":1944,"date":"2024-08-26T08:21:22","date_gmt":"2024-08-26T08:21:22","guid":{"rendered":"https:\/\/krcsports.com\/?post_type=product&#038;p=1944"},"modified":"2024-12-01T10:35:59","modified_gmt":"2024-12-01T10:35:59","slug":"martial-arts-uniform","status":"publish","type":"product","link":"https:\/\/krcsports.com\/tr\/manufacturer\/martial-arts-uniform\/","title":{"rendered":"d\u00f6v\u00fc\u015f sanatlar\u0131 \u00fcniformas\u0131"},"content":{"rendered":"<ul class=\"a-unordered-list a-vertical a-spacing-small\">\n<li><span class=\"a-list-item a-size-base a-color-base\">D\u00f6v\u00fc\u015f sanatlar\u0131 \u00fcniforma kuma\u015f\u0131 rahat, emici, nefes alabilir, d\u00fczenlenmesi kolay ve a\u015f\u0131nmaya dayan\u0131kl\u0131 ve dayan\u0131kl\u0131d\u0131r.<\/span><\/li>\n<\/ul>\n<p>\u00a0<\/p>\n<ul class=\"a-unordered-list a-vertical a-spacing-small\">\n<li><span class=\"a-list-item a-size-base a-color-base\">\u00fcniformalar kad\u0131nlar ve erkekler i\u00e7in idealdir. Boks, Sanda, Muay Thai vb. i\u00e7in kullan\u0131labilir.<\/span><\/li>\n<\/ul>\n<p>\u00a0<\/p>\n<ul class=\"a-unordered-list a-vertical a-spacing-small\">\n<li><span class=\"a-list-item a-size-base a-color-base\">\u00a0\u0130yi bir antrenman yapmak, \u00f6zellikle kardiyo antrenman\u0131 yapmak stresi atman\u0131za yard\u0131mc\u0131 olur. Ve kalp i\u00e7in de iyidir. Ayr\u0131ca, Boks antrenman\u0131 sizi sorunlar\u0131n\u0131za de\u011fil, \u015fu ana odaklanmaya zorlar.<\/span><\/li>\n<\/ul>\n<p>\u00a0<\/p>\n<ul class=\"a-unordered-list a-vertical a-spacing-small\">\n<li><span class=\"a-list-item a-size-base a-color-base\">\u00a0\u0130yi \u00fcretilmi\u015f, diki\u015fi sa\u011flam, yaka ve man\u015fet tasar\u0131m\u0131 hareket k\u0131s\u0131tlamas\u0131 yok.<\/span><\/li>\n<\/ul>\n<p>\u00a0<\/p>\n<ul class=\"a-unordered-list a-vertical a-spacing-small\">\n<li><span class=\"a-list-item a-size-base a-color-base\">Yumu\u015fak ve zariftirler. Boks antrenman\u0131nda \u00fcniforma, uygulay\u0131c\u0131n\u0131n rahat hissetmesini sa\u011flar ve Boks antrenman\u0131n\u0131n gerekliliklerini kar\u015f\u0131lar<\/span><\/li>\n<\/ul>","protected":false},"excerpt":{"rendered":"<p>Elastik kuma\u015ftan \u00fcretilmi\u015ftir, rahat ve nefes alabilir<br \/>\nBel k\u0131sm\u0131 b\u00fczg\u00fcl\u00fc olarak tasarlanm\u0131\u015ft\u0131r, ayarlanabilir ve \u00e7\u0131kar\u0131lmas\u0131 kolay de\u011fildir<br \/>\nYan y\u0131rtma\u00e7 tasar\u0131m\u0131, baca\u011f\u0131n kald\u0131r\u0131lmas\u0131n\u0131 kolayla\u015ft\u0131r\u0131r ve boks hareketlerinizi s\u0131n\u0131rlamaz<br \/>\n3XS&#039;den 5XL&#039;a kadar bedenler, \u00e7ocuklar ve yeti\u015fkinler i\u00e7in mevcuttur<\/p>","protected":false},"featured_media":2489,"template":"","meta":[],"product_cat":[47,43],"product_tag":[],"class_list":{"0":"post-1944","1":"product","2":"type-product","3":"status-publish","4":"has-post-thumbnail","6":"product_cat-martial-arts-uniforms","7":"product_cat-boxing-apparel","9":"first","10":"instock","11":"shipping-taxable","12":"product-type-simple"},"yoast_head":"<!-- This site is optimized with the Yoast SEO plugin v22.7 - https:\/\/yoast.com\/wordpress\/plugins\/seo\/ -->\n<title>martial arts uniform - trustworthy combat sports equipment manufacturer<\/title>\n<meta name=\"description\" content=\"Sanda Suit Children Adult Boxing Competition Suit Muay Thai Training Boxing Shorts Adult Unisex Muay Thai Boxing Shorts Suit MMA Kick Boxing uniform\" \/>\n<meta name=\"robots\" content=\"index, follow, max-snippet:-1, max-image-preview:large, max-video-preview:-1\" \/>\n<link rel=\"canonical\" href=\"https:\/\/krcsports.com\/tr\/urun\/martial-arts-uniform\/\" \/>\n<meta property=\"og:locale\" content=\"tr_TR\" \/>\n<meta property=\"og:type\" content=\"article\" \/>\n<meta property=\"og:title\" content=\"martial arts uniform - trustworthy combat sports equipment manufacturer\" \/>\n<meta property=\"og:description\" content=\"Sanda Suit Children Adult Boxing Competition Suit Muay Thai Training Boxing Shorts Adult Unisex Muay Thai Boxing Shorts Suit MMA Kick Boxing uniform\" \/>\n<meta property=\"og:url\" content=\"https:\/\/krcsports.com\/tr\/urun\/martial-arts-uniform\/\" \/>\n<meta property=\"og:site_name\" content=\"trustworthy combat sports equipment manufacturer\" \/>\n<meta property=\"article:publisher\" content=\"https:\/\/www.facebook.com\/people\/Krc-sports\/100063994129159\/\" \/>\n<meta property=\"article:modified_time\" content=\"2024-12-01T10:35:59+00:00\" \/>\n<meta property=\"og:image\" content=\"https:\/\/krcsports.com\/wp-content\/uploads\/2024\/08\/wushu-uniform6.webp\" \/>\n\t<meta property=\"og:image:width\" content=\"790\" \/>\n\t<meta property=\"og:image:height\" content=\"804\" \/>\n\t<meta property=\"og:image:type\" content=\"image\/webp\" \/>\n<meta name=\"twitter:card\" content=\"summary_large_image\" \/>\n<meta name=\"twitter:label1\" content=\"Tahmini okuma s\u00fcresi\" \/>\n\t<meta name=\"twitter:data1\" content=\"1 dakika\" \/>\n<script type=\"application\/ld+json\" class=\"yoast-schema-graph\">{\"@context\":\"https:\/\/schema.org\",\"@graph\":[{\"@type\":\"WebPage\",\"@id\":\"https:\/\/krcsports.com\/manufacturer\/martial-arts-uniform\/\",\"url\":\"https:\/\/krcsports.com\/manufacturer\/martial-arts-uniform\/\",\"name\":\"martial arts uniform - trustworthy combat sports equipment manufacturer\",\"isPartOf\":{\"@id\":\"https:\/\/krcsports.com\/#website\"},\"primaryImageOfPage\":{\"@id\":\"https:\/\/krcsports.com\/manufacturer\/martial-arts-uniform\/#primaryimage\"},\"image\":{\"@id\":\"https:\/\/krcsports.com\/manufacturer\/martial-arts-uniform\/#primaryimage\"},\"thumbnailUrl\":\"https:\/\/cdn.krcsports.com\/2024\/08\/wushu-uniform6.webp\",\"datePublished\":\"2024-08-26T08:21:22+00:00\",\"dateModified\":\"2024-12-01T10:35:59+00:00\",\"description\":\"Sanda Suit Children Adult Boxing Competition Suit Muay Thai Training Boxing Shorts Adult Unisex Muay Thai Boxing Shorts Suit MMA Kick Boxing uniform\",\"breadcrumb\":{\"@id\":\"https:\/\/krcsports.com\/manufacturer\/martial-arts-uniform\/#breadcrumb\"},\"inLanguage\":\"tr\",\"potentialAction\":[{\"@type\":\"ReadAction\",\"target\":[\"https:\/\/krcsports.com\/manufacturer\/martial-arts-uniform\/\"]}]},{\"@type\":\"ImageObject\",\"inLanguage\":\"tr\",\"@id\":\"https:\/\/krcsports.com\/manufacturer\/martial-arts-uniform\/#primaryimage\",\"url\":\"https:\/\/cdn.krcsports.com\/2024\/08\/wushu-uniform6.webp\",\"contentUrl\":\"https:\/\/cdn.krcsports.com\/2024\/08\/wushu-uniform6.webp\",\"width\":790,\"height\":804,\"caption\":\"wushu uniform\"},{\"@type\":\"BreadcrumbList\",\"@id\":\"https:\/\/krcsports.com\/manufacturer\/martial-arts-uniform\/#breadcrumb\",\"itemListElement\":[{\"@type\":\"ListItem\",\"position\":1,\"name\":\"Home\",\"item\":\"https:\/\/krcsports.com\/\"},{\"@type\":\"ListItem\",\"position\":2,\"name\":\"Products\",\"item\":\"https:\/\/krcsports.com\/shop\/\"},{\"@type\":\"ListItem\",\"position\":3,\"name\":\"martial arts uniform\"}]},{\"@type\":\"WebSite\",\"@id\":\"https:\/\/krcsports.com\/#website\",\"url\":\"https:\/\/krcsports.com\/\",\"name\":\"krc sports\",\"description\":\"\",\"publisher\":{\"@id\":\"https:\/\/krcsports.com\/#organization\"},\"potentialAction\":[{\"@type\":\"SearchAction\",\"target\":{\"@type\":\"EntryPoint\",\"urlTemplate\":\"https:\/\/krcsports.com\/?s={search_term_string}\"},\"query-input\":\"required name=search_term_string\"}],\"inLanguage\":\"tr\"},{\"@type\":\"Organization\",\"@id\":\"https:\/\/krcsports.com\/#organization\",\"name\":\"krc sports\",\"url\":\"https:\/\/krcsports.com\/\",\"logo\":{\"@type\":\"ImageObject\",\"inLanguage\":\"tr\",\"@id\":\"https:\/\/krcsports.com\/#\/schema\/logo\/image\/\",\"url\":\"https:\/\/krcsports.com\/wp-content\/uploads\/2024\/07\/logo.webp\",\"contentUrl\":\"https:\/\/krcsports.com\/wp-content\/uploads\/2024\/07\/logo.webp\",\"width\":80,\"height\":60,\"caption\":\"krc sports\"},\"image\":{\"@id\":\"https:\/\/krcsports.com\/#\/schema\/logo\/image\/\"},\"sameAs\":[\"https:\/\/www.facebook.com\/people\/Krc-sports\/100063994129159\/\"]}]}<\/script>\n<!-- \/ Yoast SEO plugin. -->","yoast_head_json":{"title":"d\u00f6v\u00fc\u015f sanatlar\u0131 \u00fcniformas\u0131 - g\u00fcvenilir d\u00f6v\u00fc\u015f sporlar\u0131 ekipman\u0131 \u00fcreticisi","description":"Sanda Suit \u00c7ocuk Yeti\u015fkin Boks Yar\u0131\u015fmas\u0131 Tak\u0131m\u0131 Muay Thai E\u011fitim Boks \u015eortu Yeti\u015fkin Unisex Muay Thai Boks \u015eortu Tak\u0131m\u0131 MMA Kick Boks \u00fcniformas\u0131","robots":{"index":"index","follow":"follow","max-snippet":"max-snippet:-1","max-image-preview":"max-image-preview:large","max-video-preview":"max-video-preview:-1"},"canonical":"https:\/\/krcsports.com\/tr\/urun\/martial-arts-uniform\/","og_locale":"tr_TR","og_type":"article","og_title":"martial arts uniform - trustworthy combat sports equipment manufacturer","og_description":"Sanda Suit Children Adult Boxing Competition Suit Muay Thai Training Boxing Shorts Adult Unisex Muay Thai Boxing Shorts Suit MMA Kick Boxing uniform","og_url":"https:\/\/krcsports.com\/tr\/urun\/martial-arts-uniform\/","og_site_name":"trustworthy combat sports equipment manufacturer","article_publisher":"https:\/\/www.facebook.com\/people\/Krc-sports\/100063994129159\/","article_modified_time":"2024-12-01T10:35:59+00:00","og_image":[{"width":790,"height":804,"url":"https:\/\/krcsports.com\/wp-content\/uploads\/2024\/08\/wushu-uniform6.webp","type":"image\/webp"}],"twitter_card":"summary_large_image","twitter_misc":{"Tahmini okuma s\u00fcresi":"1 dakika"},"schema":{"@context":"https:\/\/schema.org","@graph":[{"@type":"WebPage","@id":"https:\/\/krcsports.com\/manufacturer\/martial-arts-uniform\/","url":"https:\/\/krcsports.com\/manufacturer\/martial-arts-uniform\/","name":"d\u00f6v\u00fc\u015f sanatlar\u0131 \u00fcniformas\u0131 - g\u00fcvenilir d\u00f6v\u00fc\u015f sporlar\u0131 ekipman\u0131 \u00fcreticisi","isPartOf":{"@id":"https:\/\/krcsports.com\/#website"},"primaryImageOfPage":{"@id":"https:\/\/krcsports.com\/manufacturer\/martial-arts-uniform\/#primaryimage"},"image":{"@id":"https:\/\/krcsports.com\/manufacturer\/martial-arts-uniform\/#primaryimage"},"thumbnailUrl":"https:\/\/cdn.krcsports.com\/2024\/08\/wushu-uniform6.webp","datePublished":"2024-08-26T08:21:22+00:00","dateModified":"2024-12-01T10:35:59+00:00","description":"Sanda Suit \u00c7ocuk Yeti\u015fkin Boks Yar\u0131\u015fmas\u0131 Tak\u0131m\u0131 Muay Thai E\u011fitim Boks \u015eortu Yeti\u015fkin Unisex Muay Thai Boks \u015eortu Tak\u0131m\u0131 MMA Kick Boks \u00fcniformas\u0131","breadcrumb":{"@id":"https:\/\/krcsports.com\/manufacturer\/martial-arts-uniform\/#breadcrumb"},"inLanguage":"tr","potentialAction":[{"@type":"ReadAction","target":["https:\/\/krcsports.com\/manufacturer\/martial-arts-uniform\/"]}]},{"@type":"ImageObject","inLanguage":"tr","@id":"https:\/\/krcsports.com\/manufacturer\/martial-arts-uniform\/#primaryimage","url":"https:\/\/cdn.krcsports.com\/2024\/08\/wushu-uniform6.webp","contentUrl":"https:\/\/cdn.krcsports.com\/2024\/08\/wushu-uniform6.webp","width":790,"height":804,"caption":"wushu uniform"},{"@type":"BreadcrumbList","@id":"https:\/\/krcsports.com\/manufacturer\/martial-arts-uniform\/#breadcrumb","itemListElement":[{"@type":"ListItem","position":1,"name":"Home","item":"https:\/\/krcsports.com\/"},{"@type":"ListItem","position":2,"name":"Products","item":"https:\/\/krcsports.com\/shop\/"},{"@type":"ListItem","position":3,"name":"martial arts uniform"}]},{"@type":"WebSite","@id":"https:\/\/krcsports.com\/#website","url":"https:\/\/krcsports.com\/","name":"krc sporlar\u0131","description":"","publisher":{"@id":"https:\/\/krcsports.com\/#organization"},"potentialAction":[{"@type":"SearchAction","target":{"@type":"EntryPoint","urlTemplate":"https:\/\/krcsports.com\/?s={search_term_string}"},"query-input":"required name=search_term_string"}],"inLanguage":"tr"},{"@type":"Organization","@id":"https:\/\/krcsports.com\/#organization","name":"krc sporlar\u0131","url":"https:\/\/krcsports.com\/","logo":{"@type":"ImageObject","inLanguage":"tr","@id":"https:\/\/krcsports.com\/#\/schema\/logo\/image\/","url":"https:\/\/krcsports.com\/wp-content\/uploads\/2024\/07\/logo.webp","contentUrl":"https:\/\/krcsports.com\/wp-content\/uploads\/2024\/07\/logo.webp","width":80,"height":60,"caption":"krc sports"},"image":{"@id":"https:\/\/krcsports.com\/#\/schema\/logo\/image\/"},"sameAs":["https:\/\/www.facebook.com\/people\/Krc-sports\/100063994129159\/"]}]}},"_links":{"self":[{"href":"https:\/\/krcsports.com\/tr\/wp-json\/wp\/v2\/product\/1944","targetHints":{"allow":["GET"]}}],"collection":[{"href":"https:\/\/krcsports.com\/tr\/wp-json\/wp\/v2\/product"}],"about":[{"href":"https:\/\/krcsports.com\/tr\/wp-json\/wp\/v2\/types\/product"}],"wp:featuredmedia":[{"embeddable":true,"href":"https:\/\/krcsports.com\/tr\/wp-json\/wp\/v2\/media\/2489"}],"wp:attachment":[{"href":"https:\/\/krcsports.com\/tr\/wp-json\/wp\/v2\/media?parent=1944"}],"wp:term":[{"taxonomy":"product_cat","embeddable":true,"href":"https:\/\/krcsports.com\/tr\/wp-json\/wp\/v2\/product_cat?post=1944"},{"taxonomy":"product_tag","embeddable":true,"href":"https:\/\/krcsports.com\/tr\/wp-json\/wp\/v2\/product_tag?post=1944"}],"curies":[{"name":"wp","href":"https:\/\/api.w.org\/{rel}","templated":true}]}}