{"id":2702,"date":"2024-09-13T02:13:59","date_gmt":"2024-09-13T02:13:59","guid":{"rendered":"https:\/\/krcsports.com\/?post_type=product&#038;p=2702"},"modified":"2024-12-08T11:39:08","modified_gmt":"2024-12-08T11:39:08","slug":"weightlifting-uniform","status":"publish","type":"product","link":"https:\/\/krcsports.com\/sv\/manufacturer\/weightlifting-uniform\/","title":{"rendered":"tyngdlyftningsuniform"},"content":{"rendered":"","protected":false},"excerpt":{"rendered":"<p>tyngdlyftningsdr\u00e4kter uniformer \u00e4r gjorda av h\u00f6gkvalitativ polyesterfiber,<\/p>\n<p>vilket g\u00f6r dem andningsbara och bekv\u00e4ma att b\u00e4ra under alla aktiva sporter eller tr\u00e4ningar.<\/p>\n<p>standard singlet f\u00f6r m\u00e4n har slitstarka flatlocks\u00f6mmar. <\/p>\n<p>Detta s\u00e4kerst\u00e4ller att du kan b\u00e4ra v\u00e5ra singlar under l\u00e5ng tid utan problem.<\/p>","protected":false},"featured_media":2710,"template":"","meta":[],"product_cat":[38,81],"product_tag":[],"class_list":{"0":"post-2702","1":"product","2":"type-product","3":"status-publish","4":"has-post-thumbnail","6":"product_cat-boxing-ring","7":"product_cat-weightlifting","9":"first","10":"instock","11":"shipping-taxable","12":"product-type-simple"},"yoast_head":"<!-- This site is optimized with the Yoast SEO plugin v22.7 - https:\/\/yoast.com\/wordpress\/plugins\/seo\/ -->\n<title>weightlifting uniform - trustworthy combat sports equipment manufacturer<\/title>\n<meta name=\"description\" content=\"Professional Wrestling Gear Sexy Wear Weightlifting uniforms Suit Custom Youth Wrestling Singlets\" \/>\n<meta name=\"robots\" content=\"index, follow, max-snippet:-1, max-image-preview:large, max-video-preview:-1\" \/>\n<link rel=\"canonical\" href=\"https:\/\/krcsports.com\/sv\/produkt\/weightlifting-uniform\/\" \/>\n<meta property=\"og:locale\" content=\"sv_SE\" \/>\n<meta property=\"og:type\" content=\"article\" \/>\n<meta property=\"og:title\" content=\"weightlifting uniform - trustworthy combat sports equipment manufacturer\" \/>\n<meta property=\"og:description\" content=\"Professional Wrestling Gear Sexy Wear Weightlifting uniforms Suit Custom Youth Wrestling Singlets\" \/>\n<meta property=\"og:url\" content=\"https:\/\/krcsports.com\/sv\/produkt\/weightlifting-uniform\/\" \/>\n<meta property=\"og:site_name\" content=\"trustworthy combat sports equipment manufacturer\" \/>\n<meta property=\"article:publisher\" content=\"https:\/\/www.facebook.com\/people\/Krc-sports\/100063994129159\/\" \/>\n<meta property=\"article:modified_time\" content=\"2024-12-08T11:39:08+00:00\" \/>\n<meta property=\"og:image\" content=\"https:\/\/krcsports.com\/wp-content\/uploads\/2024\/09\/weightlifting-uniform5.webp\" \/>\n\t<meta property=\"og:image:width\" content=\"800\" \/>\n\t<meta property=\"og:image:height\" content=\"800\" \/>\n\t<meta property=\"og:image:type\" content=\"image\/webp\" \/>\n<meta name=\"twitter:card\" content=\"summary_large_image\" \/>\n<meta name=\"twitter:label1\" content=\"Ber\u00e4knad l\u00e4stid\" \/>\n\t<meta name=\"twitter:data1\" content=\"1 minut\" \/>\n<script type=\"application\/ld+json\" class=\"yoast-schema-graph\">{\"@context\":\"https:\/\/schema.org\",\"@graph\":[{\"@type\":\"WebPage\",\"@id\":\"https:\/\/krcsports.com\/manufacturer\/weightlifting-uniform\/\",\"url\":\"https:\/\/krcsports.com\/manufacturer\/weightlifting-uniform\/\",\"name\":\"weightlifting uniform - trustworthy combat sports equipment manufacturer\",\"isPartOf\":{\"@id\":\"https:\/\/krcsports.com\/#website\"},\"primaryImageOfPage\":{\"@id\":\"https:\/\/krcsports.com\/manufacturer\/weightlifting-uniform\/#primaryimage\"},\"image\":{\"@id\":\"https:\/\/krcsports.com\/manufacturer\/weightlifting-uniform\/#primaryimage\"},\"thumbnailUrl\":\"https:\/\/cdn.krcsports.com\/2024\/09\/weightlifting-uniform5.webp\",\"datePublished\":\"2024-09-13T02:13:59+00:00\",\"dateModified\":\"2024-12-08T11:39:08+00:00\",\"description\":\"Professional Wrestling Gear Sexy Wear Weightlifting uniforms Suit Custom Youth Wrestling Singlets\",\"breadcrumb\":{\"@id\":\"https:\/\/krcsports.com\/manufacturer\/weightlifting-uniform\/#breadcrumb\"},\"inLanguage\":\"sv-SE\",\"potentialAction\":[{\"@type\":\"ReadAction\",\"target\":[\"https:\/\/krcsports.com\/manufacturer\/weightlifting-uniform\/\"]}]},{\"@type\":\"ImageObject\",\"inLanguage\":\"sv-SE\",\"@id\":\"https:\/\/krcsports.com\/manufacturer\/weightlifting-uniform\/#primaryimage\",\"url\":\"https:\/\/cdn.krcsports.com\/2024\/09\/weightlifting-uniform5.webp\",\"contentUrl\":\"https:\/\/cdn.krcsports.com\/2024\/09\/weightlifting-uniform5.webp\",\"width\":800,\"height\":800,\"caption\":\"weightlifting uniform\"},{\"@type\":\"BreadcrumbList\",\"@id\":\"https:\/\/krcsports.com\/manufacturer\/weightlifting-uniform\/#breadcrumb\",\"itemListElement\":[{\"@type\":\"ListItem\",\"position\":1,\"name\":\"Home\",\"item\":\"https:\/\/krcsports.com\/\"},{\"@type\":\"ListItem\",\"position\":2,\"name\":\"Products\",\"item\":\"https:\/\/krcsports.com\/shop\/\"},{\"@type\":\"ListItem\",\"position\":3,\"name\":\"weightlifting uniform\"}]},{\"@type\":\"WebSite\",\"@id\":\"https:\/\/krcsports.com\/#website\",\"url\":\"https:\/\/krcsports.com\/\",\"name\":\"krc sports\",\"description\":\"\",\"publisher\":{\"@id\":\"https:\/\/krcsports.com\/#organization\"},\"potentialAction\":[{\"@type\":\"SearchAction\",\"target\":{\"@type\":\"EntryPoint\",\"urlTemplate\":\"https:\/\/krcsports.com\/?s={search_term_string}\"},\"query-input\":\"required name=search_term_string\"}],\"inLanguage\":\"sv-SE\"},{\"@type\":\"Organization\",\"@id\":\"https:\/\/krcsports.com\/#organization\",\"name\":\"krc sports\",\"url\":\"https:\/\/krcsports.com\/\",\"logo\":{\"@type\":\"ImageObject\",\"inLanguage\":\"sv-SE\",\"@id\":\"https:\/\/krcsports.com\/#\/schema\/logo\/image\/\",\"url\":\"https:\/\/krcsports.com\/wp-content\/uploads\/2024\/07\/logo.webp\",\"contentUrl\":\"https:\/\/krcsports.com\/wp-content\/uploads\/2024\/07\/logo.webp\",\"width\":80,\"height\":60,\"caption\":\"krc sports\"},\"image\":{\"@id\":\"https:\/\/krcsports.com\/#\/schema\/logo\/image\/\"},\"sameAs\":[\"https:\/\/www.facebook.com\/people\/Krc-sports\/100063994129159\/\"]}]}<\/script>\n<!-- \/ Yoast SEO plugin. -->","yoast_head_json":{"title":"tyngdlyftningsuniform - p\u00e5litlig tillverkare av stridssportutrustning","description":"Professionell brottningsutrustning Sexig kl\u00e4dsel Tyngdlyftningsuniformer Suit Custom Youth Wrestling Singlets","robots":{"index":"index","follow":"follow","max-snippet":"max-snippet:-1","max-image-preview":"max-image-preview:large","max-video-preview":"max-video-preview:-1"},"canonical":"https:\/\/krcsports.com\/sv\/produkt\/weightlifting-uniform\/","og_locale":"sv_SE","og_type":"article","og_title":"weightlifting uniform - trustworthy combat sports equipment manufacturer","og_description":"Professional Wrestling Gear Sexy Wear Weightlifting uniforms Suit Custom Youth Wrestling Singlets","og_url":"https:\/\/krcsports.com\/sv\/produkt\/weightlifting-uniform\/","og_site_name":"trustworthy combat sports equipment manufacturer","article_publisher":"https:\/\/www.facebook.com\/people\/Krc-sports\/100063994129159\/","article_modified_time":"2024-12-08T11:39:08+00:00","og_image":[{"width":800,"height":800,"url":"https:\/\/krcsports.com\/wp-content\/uploads\/2024\/09\/weightlifting-uniform5.webp","type":"image\/webp"}],"twitter_card":"summary_large_image","twitter_misc":{"Ber\u00e4knad l\u00e4stid":"1 minut"},"schema":{"@context":"https:\/\/schema.org","@graph":[{"@type":"WebPage","@id":"https:\/\/krcsports.com\/manufacturer\/weightlifting-uniform\/","url":"https:\/\/krcsports.com\/manufacturer\/weightlifting-uniform\/","name":"tyngdlyftningsuniform - p\u00e5litlig tillverkare av stridssportutrustning","isPartOf":{"@id":"https:\/\/krcsports.com\/#website"},"primaryImageOfPage":{"@id":"https:\/\/krcsports.com\/manufacturer\/weightlifting-uniform\/#primaryimage"},"image":{"@id":"https:\/\/krcsports.com\/manufacturer\/weightlifting-uniform\/#primaryimage"},"thumbnailUrl":"https:\/\/cdn.krcsports.com\/2024\/09\/weightlifting-uniform5.webp","datePublished":"2024-09-13T02:13:59+00:00","dateModified":"2024-12-08T11:39:08+00:00","description":"Professionell brottningsutrustning Sexig kl\u00e4dsel Tyngdlyftningsuniformer Suit Custom Youth Wrestling Singlets","breadcrumb":{"@id":"https:\/\/krcsports.com\/manufacturer\/weightlifting-uniform\/#breadcrumb"},"inLanguage":"sv-SE","potentialAction":[{"@type":"ReadAction","target":["https:\/\/krcsports.com\/manufacturer\/weightlifting-uniform\/"]}]},{"@type":"ImageObject","inLanguage":"sv-SE","@id":"https:\/\/krcsports.com\/manufacturer\/weightlifting-uniform\/#primaryimage","url":"https:\/\/cdn.krcsports.com\/2024\/09\/weightlifting-uniform5.webp","contentUrl":"https:\/\/cdn.krcsports.com\/2024\/09\/weightlifting-uniform5.webp","width":800,"height":800,"caption":"weightlifting uniform"},{"@type":"BreadcrumbList","@id":"https:\/\/krcsports.com\/manufacturer\/weightlifting-uniform\/#breadcrumb","itemListElement":[{"@type":"ListItem","position":1,"name":"Home","item":"https:\/\/krcsports.com\/"},{"@type":"ListItem","position":2,"name":"Products","item":"https:\/\/krcsports.com\/shop\/"},{"@type":"ListItem","position":3,"name":"weightlifting uniform"}]},{"@type":"WebSite","@id":"https:\/\/krcsports.com\/#website","url":"https:\/\/krcsports.com\/","name":"krc sport","description":"","publisher":{"@id":"https:\/\/krcsports.com\/#organization"},"potentialAction":[{"@type":"SearchAction","target":{"@type":"EntryPoint","urlTemplate":"https:\/\/krcsports.com\/?s={search_term_string}"},"query-input":"required name=search_term_string"}],"inLanguage":"sv-SE"},{"@type":"Organization","@id":"https:\/\/krcsports.com\/#organization","name":"krc sport","url":"https:\/\/krcsports.com\/","logo":{"@type":"ImageObject","inLanguage":"sv-SE","@id":"https:\/\/krcsports.com\/#\/schema\/logo\/image\/","url":"https:\/\/krcsports.com\/wp-content\/uploads\/2024\/07\/logo.webp","contentUrl":"https:\/\/krcsports.com\/wp-content\/uploads\/2024\/07\/logo.webp","width":80,"height":60,"caption":"krc sports"},"image":{"@id":"https:\/\/krcsports.com\/#\/schema\/logo\/image\/"},"sameAs":["https:\/\/www.facebook.com\/people\/Krc-sports\/100063994129159\/"]}]}},"_links":{"self":[{"href":"https:\/\/krcsports.com\/sv\/wp-json\/wp\/v2\/product\/2702","targetHints":{"allow":["GET"]}}],"collection":[{"href":"https:\/\/krcsports.com\/sv\/wp-json\/wp\/v2\/product"}],"about":[{"href":"https:\/\/krcsports.com\/sv\/wp-json\/wp\/v2\/types\/product"}],"wp:featuredmedia":[{"embeddable":true,"href":"https:\/\/krcsports.com\/sv\/wp-json\/wp\/v2\/media\/2710"}],"wp:attachment":[{"href":"https:\/\/krcsports.com\/sv\/wp-json\/wp\/v2\/media?parent=2702"}],"wp:term":[{"taxonomy":"product_cat","embeddable":true,"href":"https:\/\/krcsports.com\/sv\/wp-json\/wp\/v2\/product_cat?post=2702"},{"taxonomy":"product_tag","embeddable":true,"href":"https:\/\/krcsports.com\/sv\/wp-json\/wp\/v2\/product_tag?post=2702"}],"curies":[{"name":"wp","href":"https:\/\/api.w.org\/{rel}","templated":true}]}}