{"id":2638,"date":"2024-09-12T07:15:03","date_gmt":"2024-09-12T07:15:03","guid":{"rendered":"https:\/\/krcsports.com\/?post_type=product&#038;p=2638"},"modified":"2024-11-30T06:58:38","modified_gmt":"2024-11-30T06:58:38","slug":"taekwondo-target","status":"publish","type":"product","link":"https:\/\/krcsports.com\/sv\/manufacturer\/taekwondo-target\/","title":{"rendered":"taekwondo m\u00e5l"},"content":{"rendered":"<ul class=\"a-unordered-list a-vertical a-spacing-mini\">\n<li class=\"a-spacing-mini\"><span class=\"a-list-item\">Unik design med dubbla kuddar: Detta paket kommer med tv\u00e5 dubbla sparkdynor, som var och en best\u00e5r av tv\u00e5 m\u00e5lblad. Denna unika design erbjuder mer yta f\u00f6r att \u00f6va dina Taekwondo-sparkar<\/span><\/li>\n<\/ul>\n<p>\u00a0<\/p>\n<ul class=\"a-unordered-list a-vertical a-spacing-mini\">\n<li class=\"a-spacing-mini\"><span class=\"a-list-item\">M\u00e5ngsidig anv\u00e4ndning: Dessa dubbla sparkkuddar \u00e4r idealiska f\u00f6r Taekwondo-entusiaster p\u00e5 alla niv\u00e5er. De kan anv\u00e4ndas f\u00f6r att tr\u00e4na b\u00e5de l\u00e5ga och h\u00f6ga sparkar, vilket hj\u00e4lper till att f\u00f6rb\u00e4ttra din hastighet, noggrannhet och styrka.<\/span><\/li>\n<\/ul>\n<p>\u00a0<\/p>\n<ul class=\"a-unordered-list a-vertical a-spacing-mini\">\n<li class=\"a-spacing-mini\"><span class=\"a-list-item\">F\u00f6rb\u00e4ttra dina f\u00e4rdigheter: V\u00e5ra sparkkuddar har designats med betoning p\u00e5 att f\u00f6rb\u00e4ttra dina h\u00f6ga och l\u00e5ga sparkar. L\u00e4r dig sj\u00e4lv att landa sparkar varje g\u00e5ng med \u00f6kad hastighet, noggrannhet och styrka.<\/span><\/li>\n<\/ul>\n<p>\u00a0<\/p>\n<ul class=\"a-unordered-list a-vertical a-spacing-mini\">\n<li class=\"a-spacing-mini\"><span class=\"a-list-item\">Handledsrem ing\u00e5r: En handledsrem ing\u00e5r f\u00f6r att f\u00f6rhindra att sparkdynan tappar under tr\u00e4ning. Denna funktion garanterar s\u00e4kerheten under rigor\u00f6sa tr\u00e4ningspass.<\/span><\/li>\n<\/ul>\n<p>\u00a0<\/p>\n<ul class=\"a-unordered-list a-vertical a-spacing-mini\">\n<li class=\"a-spacing-mini\"><span class=\"a-list-item\">Multi-Purpose: \u00c4ven f\u00f6r Taekwondo, kan dessa sparkkuddar anv\u00e4ndas f\u00f6r olika andra kampsporttr\u00e4ningar ocks\u00e5. Oavsett om det \u00e4r f\u00f6r Taekwondo, kickboxning eller annan kampsport \u00e4r dessa kuddar ett bra tillbeh\u00f6r f\u00f6r alla som vill f\u00f6rb\u00e4ttra sina sparkf\u00e4rdigheter.<\/span><\/li>\n<\/ul>","protected":false},"excerpt":{"rendered":"<p>Taekwondom\u00e5l med dubbla sidor \u00e4r gjord av h\u00f6gkvalitativt PU-l\u00e4der p\u00e5 utsidan och h\u00f6gelastisk kompressionssvamp inuti<\/p>\n<p>Paketet inneh\u00e5ller 2 paket r\u00f6da sparkdynor, storlek: 15.\u201d x 7,5 tum x 2,5 tum.<\/p>\n<p> Med handledsremmen f\u00f6r att f\u00f6rhindra att sparkdynan tappar.<\/p>\n<p>Sparkdyna \u00e4r utm\u00e4rkt f\u00f6r att tr\u00e4na h\u00f6ga och l\u00e5ga sparkar, <\/p>\n<p>br\u00e4dorna inuti pads producerar ett h\u00f6gt sl\u00e5ende ljud f\u00f6r att hj\u00e4lpa dig m\u00e4ta effektiviteten och noggrannheten i dina sparkar.<\/p>\n<p>Till\u00e4mplig f\u00f6r att tr\u00e4na taekwondo, kampsport, karate, boxning, muay thai, etc<\/p>","protected":false},"featured_media":2639,"template":"","meta":[],"product_cat":[57,38],"product_tag":[],"class_list":{"0":"post-2638","1":"product","2":"type-product","3":"status-publish","4":"has-post-thumbnail","6":"product_cat-taekwondo-mitts-target","7":"product_cat-boxing-ring","9":"first","10":"instock","11":"shipping-taxable","12":"product-type-simple"},"yoast_head":"<!-- This site is optimized with the Yoast SEO plugin v22.7 - https:\/\/yoast.com\/wordpress\/plugins\/seo\/ -->\n<title>taekwondo target - trustworthy combat sports equipment manufacturer<\/title>\n<meta name=\"description\" content=\"2 Pack Taekwondo target Kick Pads, Durable Striking Pad Target TKD Karate Martial Arts Strike Targets Kickboxing Training, Red\" \/>\n<meta name=\"robots\" content=\"index, follow, max-snippet:-1, max-image-preview:large, max-video-preview:-1\" \/>\n<link rel=\"canonical\" href=\"https:\/\/krcsports.com\/sv\/produkt\/taekwondo-target\/\" \/>\n<meta property=\"og:locale\" content=\"sv_SE\" \/>\n<meta property=\"og:type\" content=\"article\" \/>\n<meta property=\"og:title\" content=\"taekwondo target - trustworthy combat sports equipment manufacturer\" \/>\n<meta property=\"og:description\" content=\"2 Pack Taekwondo target Kick Pads, Durable Striking Pad Target TKD Karate Martial Arts Strike Targets Kickboxing Training, Red\" \/>\n<meta property=\"og:url\" content=\"https:\/\/krcsports.com\/sv\/produkt\/taekwondo-target\/\" \/>\n<meta property=\"og:site_name\" content=\"trustworthy combat sports equipment manufacturer\" \/>\n<meta property=\"article:publisher\" content=\"https:\/\/www.facebook.com\/people\/Krc-sports\/100063994129159\/\" \/>\n<meta property=\"article:modified_time\" content=\"2024-11-30T06:58:38+00:00\" \/>\n<meta property=\"og:image\" content=\"https:\/\/krcsports.com\/wp-content\/uploads\/2024\/09\/target1.webp\" \/>\n\t<meta property=\"og:image:width\" content=\"800\" \/>\n\t<meta property=\"og:image:height\" content=\"800\" \/>\n\t<meta property=\"og:image:type\" content=\"image\/webp\" \/>\n<meta name=\"twitter:card\" content=\"summary_large_image\" \/>\n<meta name=\"twitter:label1\" content=\"Ber\u00e4knad l\u00e4stid\" \/>\n\t<meta name=\"twitter:data1\" content=\"1 minut\" \/>\n<script type=\"application\/ld+json\" class=\"yoast-schema-graph\">{\"@context\":\"https:\/\/schema.org\",\"@graph\":[{\"@type\":\"WebPage\",\"@id\":\"https:\/\/krcsports.com\/manufacturer\/taekwondo-target\/\",\"url\":\"https:\/\/krcsports.com\/manufacturer\/taekwondo-target\/\",\"name\":\"taekwondo target - trustworthy combat sports equipment manufacturer\",\"isPartOf\":{\"@id\":\"https:\/\/krcsports.com\/#website\"},\"primaryImageOfPage\":{\"@id\":\"https:\/\/krcsports.com\/manufacturer\/taekwondo-target\/#primaryimage\"},\"image\":{\"@id\":\"https:\/\/krcsports.com\/manufacturer\/taekwondo-target\/#primaryimage\"},\"thumbnailUrl\":\"https:\/\/cdn.krcsports.com\/2024\/09\/target1.webp\",\"datePublished\":\"2024-09-12T07:15:03+00:00\",\"dateModified\":\"2024-11-30T06:58:38+00:00\",\"description\":\"2 Pack Taekwondo target Kick Pads, Durable Striking Pad Target TKD Karate Martial Arts Strike Targets Kickboxing Training, Red\",\"breadcrumb\":{\"@id\":\"https:\/\/krcsports.com\/manufacturer\/taekwondo-target\/#breadcrumb\"},\"inLanguage\":\"sv-SE\",\"potentialAction\":[{\"@type\":\"ReadAction\",\"target\":[\"https:\/\/krcsports.com\/manufacturer\/taekwondo-target\/\"]}]},{\"@type\":\"ImageObject\",\"inLanguage\":\"sv-SE\",\"@id\":\"https:\/\/krcsports.com\/manufacturer\/taekwondo-target\/#primaryimage\",\"url\":\"https:\/\/cdn.krcsports.com\/2024\/09\/target1.webp\",\"contentUrl\":\"https:\/\/cdn.krcsports.com\/2024\/09\/target1.webp\",\"width\":800,\"height\":800,\"caption\":\"target\"},{\"@type\":\"BreadcrumbList\",\"@id\":\"https:\/\/krcsports.com\/manufacturer\/taekwondo-target\/#breadcrumb\",\"itemListElement\":[{\"@type\":\"ListItem\",\"position\":1,\"name\":\"Home\",\"item\":\"https:\/\/krcsports.com\/\"},{\"@type\":\"ListItem\",\"position\":2,\"name\":\"Products\",\"item\":\"https:\/\/krcsports.com\/shop\/\"},{\"@type\":\"ListItem\",\"position\":3,\"name\":\"taekwondo target\"}]},{\"@type\":\"WebSite\",\"@id\":\"https:\/\/krcsports.com\/#website\",\"url\":\"https:\/\/krcsports.com\/\",\"name\":\"krc sports\",\"description\":\"\",\"publisher\":{\"@id\":\"https:\/\/krcsports.com\/#organization\"},\"potentialAction\":[{\"@type\":\"SearchAction\",\"target\":{\"@type\":\"EntryPoint\",\"urlTemplate\":\"https:\/\/krcsports.com\/?s={search_term_string}\"},\"query-input\":\"required name=search_term_string\"}],\"inLanguage\":\"sv-SE\"},{\"@type\":\"Organization\",\"@id\":\"https:\/\/krcsports.com\/#organization\",\"name\":\"krc sports\",\"url\":\"https:\/\/krcsports.com\/\",\"logo\":{\"@type\":\"ImageObject\",\"inLanguage\":\"sv-SE\",\"@id\":\"https:\/\/krcsports.com\/#\/schema\/logo\/image\/\",\"url\":\"https:\/\/krcsports.com\/wp-content\/uploads\/2024\/07\/logo.webp\",\"contentUrl\":\"https:\/\/krcsports.com\/wp-content\/uploads\/2024\/07\/logo.webp\",\"width\":80,\"height\":60,\"caption\":\"krc sports\"},\"image\":{\"@id\":\"https:\/\/krcsports.com\/#\/schema\/logo\/image\/\"},\"sameAs\":[\"https:\/\/www.facebook.com\/people\/Krc-sports\/100063994129159\/\"]}]}<\/script>\n<!-- \/ Yoast SEO plugin. -->","yoast_head_json":{"title":"taekwondo-m\u00e5l - p\u00e5litlig tillverkare av stridssportutrustning","description":"2-pack Taekwondo-m\u00e5ltavlor, slitstarka slagdynam\u00e5l TKD Karate Martial Arts Strike-m\u00e5l Kickboxningstr\u00e4ning, r\u00f6d","robots":{"index":"index","follow":"follow","max-snippet":"max-snippet:-1","max-image-preview":"max-image-preview:large","max-video-preview":"max-video-preview:-1"},"canonical":"https:\/\/krcsports.com\/sv\/produkt\/taekwondo-target\/","og_locale":"sv_SE","og_type":"article","og_title":"taekwondo target - trustworthy combat sports equipment manufacturer","og_description":"2 Pack Taekwondo target Kick Pads, Durable Striking Pad Target TKD Karate Martial Arts Strike Targets Kickboxing Training, Red","og_url":"https:\/\/krcsports.com\/sv\/produkt\/taekwondo-target\/","og_site_name":"trustworthy combat sports equipment manufacturer","article_publisher":"https:\/\/www.facebook.com\/people\/Krc-sports\/100063994129159\/","article_modified_time":"2024-11-30T06:58:38+00:00","og_image":[{"width":800,"height":800,"url":"https:\/\/krcsports.com\/wp-content\/uploads\/2024\/09\/target1.webp","type":"image\/webp"}],"twitter_card":"summary_large_image","twitter_misc":{"Ber\u00e4knad l\u00e4stid":"1 minut"},"schema":{"@context":"https:\/\/schema.org","@graph":[{"@type":"WebPage","@id":"https:\/\/krcsports.com\/manufacturer\/taekwondo-target\/","url":"https:\/\/krcsports.com\/manufacturer\/taekwondo-target\/","name":"taekwondo-m\u00e5l - p\u00e5litlig tillverkare av stridssportutrustning","isPartOf":{"@id":"https:\/\/krcsports.com\/#website"},"primaryImageOfPage":{"@id":"https:\/\/krcsports.com\/manufacturer\/taekwondo-target\/#primaryimage"},"image":{"@id":"https:\/\/krcsports.com\/manufacturer\/taekwondo-target\/#primaryimage"},"thumbnailUrl":"https:\/\/cdn.krcsports.com\/2024\/09\/target1.webp","datePublished":"2024-09-12T07:15:03+00:00","dateModified":"2024-11-30T06:58:38+00:00","description":"2-pack Taekwondo-m\u00e5ltavlor, slitstarka slagdynam\u00e5l TKD Karate Martial Arts Strike-m\u00e5l Kickboxningstr\u00e4ning, r\u00f6d","breadcrumb":{"@id":"https:\/\/krcsports.com\/manufacturer\/taekwondo-target\/#breadcrumb"},"inLanguage":"sv-SE","potentialAction":[{"@type":"ReadAction","target":["https:\/\/krcsports.com\/manufacturer\/taekwondo-target\/"]}]},{"@type":"ImageObject","inLanguage":"sv-SE","@id":"https:\/\/krcsports.com\/manufacturer\/taekwondo-target\/#primaryimage","url":"https:\/\/cdn.krcsports.com\/2024\/09\/target1.webp","contentUrl":"https:\/\/cdn.krcsports.com\/2024\/09\/target1.webp","width":800,"height":800,"caption":"target"},{"@type":"BreadcrumbList","@id":"https:\/\/krcsports.com\/manufacturer\/taekwondo-target\/#breadcrumb","itemListElement":[{"@type":"ListItem","position":1,"name":"Home","item":"https:\/\/krcsports.com\/"},{"@type":"ListItem","position":2,"name":"Products","item":"https:\/\/krcsports.com\/shop\/"},{"@type":"ListItem","position":3,"name":"taekwondo target"}]},{"@type":"WebSite","@id":"https:\/\/krcsports.com\/#website","url":"https:\/\/krcsports.com\/","name":"krc sport","description":"","publisher":{"@id":"https:\/\/krcsports.com\/#organization"},"potentialAction":[{"@type":"SearchAction","target":{"@type":"EntryPoint","urlTemplate":"https:\/\/krcsports.com\/?s={search_term_string}"},"query-input":"required name=search_term_string"}],"inLanguage":"sv-SE"},{"@type":"Organization","@id":"https:\/\/krcsports.com\/#organization","name":"krc sport","url":"https:\/\/krcsports.com\/","logo":{"@type":"ImageObject","inLanguage":"sv-SE","@id":"https:\/\/krcsports.com\/#\/schema\/logo\/image\/","url":"https:\/\/krcsports.com\/wp-content\/uploads\/2024\/07\/logo.webp","contentUrl":"https:\/\/krcsports.com\/wp-content\/uploads\/2024\/07\/logo.webp","width":80,"height":60,"caption":"krc sports"},"image":{"@id":"https:\/\/krcsports.com\/#\/schema\/logo\/image\/"},"sameAs":["https:\/\/www.facebook.com\/people\/Krc-sports\/100063994129159\/"]}]}},"_links":{"self":[{"href":"https:\/\/krcsports.com\/sv\/wp-json\/wp\/v2\/product\/2638","targetHints":{"allow":["GET"]}}],"collection":[{"href":"https:\/\/krcsports.com\/sv\/wp-json\/wp\/v2\/product"}],"about":[{"href":"https:\/\/krcsports.com\/sv\/wp-json\/wp\/v2\/types\/product"}],"wp:featuredmedia":[{"embeddable":true,"href":"https:\/\/krcsports.com\/sv\/wp-json\/wp\/v2\/media\/2639"}],"wp:attachment":[{"href":"https:\/\/krcsports.com\/sv\/wp-json\/wp\/v2\/media?parent=2638"}],"wp:term":[{"taxonomy":"product_cat","embeddable":true,"href":"https:\/\/krcsports.com\/sv\/wp-json\/wp\/v2\/product_cat?post=2638"},{"taxonomy":"product_tag","embeddable":true,"href":"https:\/\/krcsports.com\/sv\/wp-json\/wp\/v2\/product_tag?post=2638"}],"curies":[{"name":"wp","href":"https:\/\/api.w.org\/{rel}","templated":true}]}}