{"id":2073,"date":"2024-09-09T06:52:39","date_gmt":"2024-09-09T06:52:39","guid":{"rendered":"https:\/\/krcsports.com\/?post_type=product&#038;p=2073"},"modified":"2024-11-23T14:22:17","modified_gmt":"2024-11-23T14:22:17","slug":"mma-sparring-training-gloves","status":"publish","type":"product","link":"https:\/\/krcsports.com\/sv\/manufacturer\/mma-sparring-training-gloves\/","title":{"rendered":"MMA Sparring Tr\u00e4ningshandskar"},"content":{"rendered":"<p>Combat MMA tr\u00e4ningshandsken \u00e4r designad f\u00f6r l\u00e5ngvarig h\u00f6g prestanda.<\/p>\n<p>Kickboxningshandskar \u00e4r vadderade med mjukt EVA-skum.<\/p>\n<p>Skumkudden ser till att effekten av boxning effektivt sprids under tr\u00e4ning eller t\u00e4vling.<\/p>\n<p>En annan egenskap hos MMA-handskar \u00e4r de f\u00f6rst\u00e4rkta s\u00f6mmarna, som ger handledsst\u00f6d under stansning med ett kardborreband.<\/p>\n<p>De l\u00e4ttanv\u00e4nda Hybrid Open Palm Martial Arts-vanten har en unik l\u00e4derring och vadderad tumfoderdesign, en<\/p>\n<p>ger anv\u00e4ndarna m\u00f6jlighet att \u00f6ka flexibiliteten och justera handskarna korrekt f\u00f6r optimal passform. Denna design f\u00f6rb\u00e4ttrar greppstyrkan ytterligare och ger en utm\u00e4rkt greppeffekt under greppet.<\/p>\n<p>Kampsportshandskarna \u00e4r idealiska f\u00f6r Taekwondo, strid, kampsport, sparring, thaiboxning, boxning, fartv\u00e4skor eller andra l\u00e4tta dagliga tr\u00e4nings\u00f6vningar.<\/p>","protected":false},"excerpt":{"rendered":"<p>MMA Sparring Tr\u00e4ningshandskar har tv\u00e5 storlekar <\/p>\n<p>material \u00e4r l\u00e4der eller pu-l\u00e4der<\/p>\n<p>f\u00e4rger kan g\u00f6ra anpassa<\/p>","protected":false},"featured_media":2079,"template":"","meta":[],"product_cat":[42],"product_tag":[],"class_list":{"0":"post-2073","1":"product","2":"type-product","3":"status-publish","4":"has-post-thumbnail","6":"product_cat-boxing-gloves","8":"first","9":"instock","10":"shipping-taxable","11":"product-type-simple"},"yoast_head":"<!-- This site is optimized with the Yoast SEO plugin v22.7 - https:\/\/yoast.com\/wordpress\/plugins\/seo\/ -->\n<title>MMA Sparring Training Gloves - trustworthy combat sports equipment manufacturer<\/title>\n<meta name=\"description\" content=\"MMA Sparring Training Gloves Men &amp; Women MMA Gloves for Sparring Grappling, Hybrid Open Palm Martial Arts Mitts, Maya Hide Leather Wrist Support, Fighting Combat Sports MMA Boxing Glove for Men Women Punching Bag Muay Thai Training\" \/>\n<meta name=\"robots\" content=\"index, follow, max-snippet:-1, max-image-preview:large, max-video-preview:-1\" \/>\n<link rel=\"canonical\" href=\"https:\/\/krcsports.com\/sv\/produkt\/mma-sparring-training-gloves\/\" \/>\n<meta property=\"og:locale\" content=\"sv_SE\" \/>\n<meta property=\"og:type\" content=\"article\" \/>\n<meta property=\"og:title\" content=\"MMA Sparring Training Gloves - trustworthy combat sports equipment manufacturer\" \/>\n<meta property=\"og:description\" content=\"MMA Sparring Training Gloves Men &amp; Women MMA Gloves for Sparring Grappling, Hybrid Open Palm Martial Arts Mitts, Maya Hide Leather Wrist Support, Fighting Combat Sports MMA Boxing Glove for Men Women Punching Bag Muay Thai Training\" \/>\n<meta property=\"og:url\" content=\"https:\/\/krcsports.com\/sv\/produkt\/mma-sparring-training-gloves\/\" \/>\n<meta property=\"og:site_name\" content=\"trustworthy combat sports equipment manufacturer\" \/>\n<meta property=\"article:publisher\" content=\"https:\/\/www.facebook.com\/people\/Krc-sports\/100063994129159\/\" \/>\n<meta property=\"article:modified_time\" content=\"2024-11-23T14:22:17+00:00\" \/>\n<meta property=\"og:image\" content=\"https:\/\/krcsports.com\/wp-content\/uploads\/2024\/09\/mma-glove-6.webp\" \/>\n\t<meta property=\"og:image:width\" content=\"640\" \/>\n\t<meta property=\"og:image:height\" content=\"640\" \/>\n\t<meta property=\"og:image:type\" content=\"image\/webp\" \/>\n<meta name=\"twitter:card\" content=\"summary_large_image\" \/>\n<meta name=\"twitter:label1\" content=\"Ber\u00e4knad l\u00e4stid\" \/>\n\t<meta name=\"twitter:data1\" content=\"1 minut\" \/>\n<script type=\"application\/ld+json\" class=\"yoast-schema-graph\">{\"@context\":\"https:\/\/schema.org\",\"@graph\":[{\"@type\":\"WebPage\",\"@id\":\"https:\/\/krcsports.com\/manufacturer\/mma-sparring-training-gloves\/\",\"url\":\"https:\/\/krcsports.com\/manufacturer\/mma-sparring-training-gloves\/\",\"name\":\"MMA Sparring Training Gloves - trustworthy combat sports equipment manufacturer\",\"isPartOf\":{\"@id\":\"https:\/\/krcsports.com\/#website\"},\"primaryImageOfPage\":{\"@id\":\"https:\/\/krcsports.com\/manufacturer\/mma-sparring-training-gloves\/#primaryimage\"},\"image\":{\"@id\":\"https:\/\/krcsports.com\/manufacturer\/mma-sparring-training-gloves\/#primaryimage\"},\"thumbnailUrl\":\"https:\/\/cdn.krcsports.com\/2024\/09\/mma-glove-6.webp\",\"datePublished\":\"2024-09-09T06:52:39+00:00\",\"dateModified\":\"2024-11-23T14:22:17+00:00\",\"description\":\"MMA Sparring Training Gloves Men & Women MMA Gloves for Sparring Grappling, Hybrid Open Palm Martial Arts Mitts, Maya Hide Leather Wrist Support, Fighting Combat Sports MMA Boxing Glove for Men Women Punching Bag Muay Thai Training\",\"breadcrumb\":{\"@id\":\"https:\/\/krcsports.com\/manufacturer\/mma-sparring-training-gloves\/#breadcrumb\"},\"inLanguage\":\"sv-SE\",\"potentialAction\":[{\"@type\":\"ReadAction\",\"target\":[\"https:\/\/krcsports.com\/manufacturer\/mma-sparring-training-gloves\/\"]}]},{\"@type\":\"ImageObject\",\"inLanguage\":\"sv-SE\",\"@id\":\"https:\/\/krcsports.com\/manufacturer\/mma-sparring-training-gloves\/#primaryimage\",\"url\":\"https:\/\/cdn.krcsports.com\/2024\/09\/mma-glove-6.webp\",\"contentUrl\":\"https:\/\/cdn.krcsports.com\/2024\/09\/mma-glove-6.webp\",\"width\":640,\"height\":640,\"caption\":\"mma glove\"},{\"@type\":\"BreadcrumbList\",\"@id\":\"https:\/\/krcsports.com\/manufacturer\/mma-sparring-training-gloves\/#breadcrumb\",\"itemListElement\":[{\"@type\":\"ListItem\",\"position\":1,\"name\":\"Home\",\"item\":\"https:\/\/krcsports.com\/\"},{\"@type\":\"ListItem\",\"position\":2,\"name\":\"Products\",\"item\":\"https:\/\/krcsports.com\/shop\/\"},{\"@type\":\"ListItem\",\"position\":3,\"name\":\"MMA Sparring Training Gloves\"}]},{\"@type\":\"WebSite\",\"@id\":\"https:\/\/krcsports.com\/#website\",\"url\":\"https:\/\/krcsports.com\/\",\"name\":\"krc sports\",\"description\":\"\",\"publisher\":{\"@id\":\"https:\/\/krcsports.com\/#organization\"},\"potentialAction\":[{\"@type\":\"SearchAction\",\"target\":{\"@type\":\"EntryPoint\",\"urlTemplate\":\"https:\/\/krcsports.com\/?s={search_term_string}\"},\"query-input\":\"required name=search_term_string\"}],\"inLanguage\":\"sv-SE\"},{\"@type\":\"Organization\",\"@id\":\"https:\/\/krcsports.com\/#organization\",\"name\":\"krc sports\",\"url\":\"https:\/\/krcsports.com\/\",\"logo\":{\"@type\":\"ImageObject\",\"inLanguage\":\"sv-SE\",\"@id\":\"https:\/\/krcsports.com\/#\/schema\/logo\/image\/\",\"url\":\"https:\/\/krcsports.com\/wp-content\/uploads\/2024\/07\/logo.webp\",\"contentUrl\":\"https:\/\/krcsports.com\/wp-content\/uploads\/2024\/07\/logo.webp\",\"width\":80,\"height\":60,\"caption\":\"krc sports\"},\"image\":{\"@id\":\"https:\/\/krcsports.com\/#\/schema\/logo\/image\/\"},\"sameAs\":[\"https:\/\/www.facebook.com\/people\/Krc-sports\/100063994129159\/\"]}]}<\/script>\n<!-- \/ Yoast SEO plugin. -->","yoast_head_json":{"title":"MMA Sparring Training Gloves - p\u00e5litlig tillverkare av stridssportutrustning","description":"MMA Sparring Tr\u00e4ningshandskar Herr &amp; Kvinnor MMA Handskar f\u00f6r Sparring Grappling, Hybrid Open Palm Martial Arts Mitts, Maya Hide L\u00e4der Handledsst\u00f6d, Fighting Stridssport MMA Boxningshandske f\u00f6r m\u00e4n Kvinnor Boxningss\u00e4ck Muay Thai Training","robots":{"index":"index","follow":"follow","max-snippet":"max-snippet:-1","max-image-preview":"max-image-preview:large","max-video-preview":"max-video-preview:-1"},"canonical":"https:\/\/krcsports.com\/sv\/produkt\/mma-sparring-training-gloves\/","og_locale":"sv_SE","og_type":"article","og_title":"MMA Sparring Training Gloves - trustworthy combat sports equipment manufacturer","og_description":"MMA Sparring Training Gloves Men & Women MMA Gloves for Sparring Grappling, Hybrid Open Palm Martial Arts Mitts, Maya Hide Leather Wrist Support, Fighting Combat Sports MMA Boxing Glove for Men Women Punching Bag Muay Thai Training","og_url":"https:\/\/krcsports.com\/sv\/produkt\/mma-sparring-training-gloves\/","og_site_name":"trustworthy combat sports equipment manufacturer","article_publisher":"https:\/\/www.facebook.com\/people\/Krc-sports\/100063994129159\/","article_modified_time":"2024-11-23T14:22:17+00:00","og_image":[{"width":640,"height":640,"url":"https:\/\/krcsports.com\/wp-content\/uploads\/2024\/09\/mma-glove-6.webp","type":"image\/webp"}],"twitter_card":"summary_large_image","twitter_misc":{"Ber\u00e4knad l\u00e4stid":"1 minut"},"schema":{"@context":"https:\/\/schema.org","@graph":[{"@type":"WebPage","@id":"https:\/\/krcsports.com\/manufacturer\/mma-sparring-training-gloves\/","url":"https:\/\/krcsports.com\/manufacturer\/mma-sparring-training-gloves\/","name":"MMA Sparring Training Gloves - p\u00e5litlig tillverkare av stridssportutrustning","isPartOf":{"@id":"https:\/\/krcsports.com\/#website"},"primaryImageOfPage":{"@id":"https:\/\/krcsports.com\/manufacturer\/mma-sparring-training-gloves\/#primaryimage"},"image":{"@id":"https:\/\/krcsports.com\/manufacturer\/mma-sparring-training-gloves\/#primaryimage"},"thumbnailUrl":"https:\/\/cdn.krcsports.com\/2024\/09\/mma-glove-6.webp","datePublished":"2024-09-09T06:52:39+00:00","dateModified":"2024-11-23T14:22:17+00:00","description":"MMA Sparring Tr\u00e4ningshandskar Herr &amp; Kvinnor MMA Handskar f\u00f6r Sparring Grappling, Hybrid Open Palm Martial Arts Mitts, Maya Hide L\u00e4der Handledsst\u00f6d, Fighting Stridssport MMA Boxningshandske f\u00f6r m\u00e4n Kvinnor Boxningss\u00e4ck Muay Thai Training","breadcrumb":{"@id":"https:\/\/krcsports.com\/manufacturer\/mma-sparring-training-gloves\/#breadcrumb"},"inLanguage":"sv-SE","potentialAction":[{"@type":"ReadAction","target":["https:\/\/krcsports.com\/manufacturer\/mma-sparring-training-gloves\/"]}]},{"@type":"ImageObject","inLanguage":"sv-SE","@id":"https:\/\/krcsports.com\/manufacturer\/mma-sparring-training-gloves\/#primaryimage","url":"https:\/\/cdn.krcsports.com\/2024\/09\/mma-glove-6.webp","contentUrl":"https:\/\/cdn.krcsports.com\/2024\/09\/mma-glove-6.webp","width":640,"height":640,"caption":"mma glove"},{"@type":"BreadcrumbList","@id":"https:\/\/krcsports.com\/manufacturer\/mma-sparring-training-gloves\/#breadcrumb","itemListElement":[{"@type":"ListItem","position":1,"name":"Home","item":"https:\/\/krcsports.com\/"},{"@type":"ListItem","position":2,"name":"Products","item":"https:\/\/krcsports.com\/shop\/"},{"@type":"ListItem","position":3,"name":"MMA Sparring Training Gloves"}]},{"@type":"WebSite","@id":"https:\/\/krcsports.com\/#website","url":"https:\/\/krcsports.com\/","name":"krc sport","description":"","publisher":{"@id":"https:\/\/krcsports.com\/#organization"},"potentialAction":[{"@type":"SearchAction","target":{"@type":"EntryPoint","urlTemplate":"https:\/\/krcsports.com\/?s={search_term_string}"},"query-input":"required name=search_term_string"}],"inLanguage":"sv-SE"},{"@type":"Organization","@id":"https:\/\/krcsports.com\/#organization","name":"krc sport","url":"https:\/\/krcsports.com\/","logo":{"@type":"ImageObject","inLanguage":"sv-SE","@id":"https:\/\/krcsports.com\/#\/schema\/logo\/image\/","url":"https:\/\/krcsports.com\/wp-content\/uploads\/2024\/07\/logo.webp","contentUrl":"https:\/\/krcsports.com\/wp-content\/uploads\/2024\/07\/logo.webp","width":80,"height":60,"caption":"krc sports"},"image":{"@id":"https:\/\/krcsports.com\/#\/schema\/logo\/image\/"},"sameAs":["https:\/\/www.facebook.com\/people\/Krc-sports\/100063994129159\/"]}]}},"_links":{"self":[{"href":"https:\/\/krcsports.com\/sv\/wp-json\/wp\/v2\/product\/2073","targetHints":{"allow":["GET"]}}],"collection":[{"href":"https:\/\/krcsports.com\/sv\/wp-json\/wp\/v2\/product"}],"about":[{"href":"https:\/\/krcsports.com\/sv\/wp-json\/wp\/v2\/types\/product"}],"wp:featuredmedia":[{"embeddable":true,"href":"https:\/\/krcsports.com\/sv\/wp-json\/wp\/v2\/media\/2079"}],"wp:attachment":[{"href":"https:\/\/krcsports.com\/sv\/wp-json\/wp\/v2\/media?parent=2073"}],"wp:term":[{"taxonomy":"product_cat","embeddable":true,"href":"https:\/\/krcsports.com\/sv\/wp-json\/wp\/v2\/product_cat?post=2073"},{"taxonomy":"product_tag","embeddable":true,"href":"https:\/\/krcsports.com\/sv\/wp-json\/wp\/v2\/product_tag?post=2073"}],"curies":[{"name":"wp","href":"https:\/\/api.w.org\/{rel}","templated":true}]}}