{"id":1970,"date":"2024-08-28T07:49:32","date_gmt":"2024-08-28T07:49:32","guid":{"rendered":"https:\/\/krcsports.com\/?post_type=product&#038;p=1970"},"modified":"2024-10-12T13:14:11","modified_gmt":"2024-10-12T13:14:11","slug":"personal-boxing-gloves","status":"publish","type":"product","link":"https:\/\/krcsports.com\/sv\/manufacturer\/personal-boxing-gloves\/","title":{"rendered":"personliga boxningshandskar"},"content":{"rendered":"<p>Personliga boxningshandskar: K\u00e4mpa dig till toppen med de tre b\u00e4sta Boxing Bag Gloves-fabriken. <\/p>\n<p>Dessa slitstarka syntetiska l\u00e4derhandskar hj\u00e4lper dig att pressa din kropp till det yttersta varje g\u00e5ng och l\u00e5ter dig n\u00e5 dina tr\u00e4ningsm\u00e5l och atletiska m\u00e5l<\/p>\n<p>Injected Molded Foam (IMF): Den st\u00f6td\u00e4mpande IMF-stoppningen p\u00e5 boxningshandskarna ger f\u00f6rb\u00e4ttrat skydd och l\u00e5ter dig optimera din konditionstr\u00e4ning och styrketr\u00e4ning. <\/p>\n<p>S\u00e4tt p\u00e5 dem en g\u00e5ng s\u00e5 blir de ett permanent tillskott till din boxningsutrustning.<\/p>\n<p>Handledsst\u00f6d: Dessa boxningshandskar har en avsmalnande, omslutande st\u00e4ngning som hj\u00e4lper till att ge ett s\u00e4kert handledsst\u00f6d, medan kardborrst\u00e4ngningen g\u00f6r det enkelt och bekv\u00e4mt att ta av handskarna.<\/p>\n<p>Bekv\u00e4ma: Dessa v\u00e4skhandskar h\u00e5ller handflatorna och tummarna v\u00e4l ventilerade och hj\u00e4lper p\u00e5 s\u00e5 s\u00e4tt att h\u00e5lla h\u00e4nderna svala och bekv\u00e4ma under ditt boxningspass.<\/p>\n<p>Flerf\u00e4rgad: Dessa slitstarka handskar finns i flera f\u00e4rgkombinationer och tv\u00e5 olika storlekar.<\/p>\n<p>Ge din boxningsutrustning en stiluppgradering med de handskar som passar dig b\u00e4st, och g\u00e5 in i boxningsringen med sj\u00e4lvf\u00f6rtroende.<\/p>\n<h2>V\u00e5r certifiering<\/h2>\n\t<div class=\"img has-hover x md-x lg-x y md-y lg-y\" id=\"image_2019090577\">\n\t\t\t\t\t\t\t\t<div class=\"img-inner dark\" >\n\t\t\t<img loading=\"lazy\" decoding=\"async\" width=\"1020\" height=\"316\" src=\"https:\/\/cdn.krcsports.com\/2024\/07\/certification070-1-1024x317.webp\" class=\"attachment-large size-large wp-image-1633\" alt=\"certifikat\" srcset=\"https:\/\/cdn.krcsports.com\/2024\/07\/certification070-1-1024x317.webp 1024w, https:\/\/cdn.krcsports.com\/2024\/07\/certification070-1-300x93.webp 300w, https:\/\/cdn.krcsports.com\/2024\/07\/certification070-1-768x238.webp 768w, https:\/\/cdn.krcsports.com\/2024\/07\/certification070-1-1536x475.webp 1536w, https:\/\/cdn.krcsports.com\/2024\/07\/certification070-1-18x6.webp 18w, https:\/\/cdn.krcsports.com\/2024\/07\/certification070-1-600x186.webp 600w, https:\/\/cdn.krcsports.com\/2024\/07\/certification070-1.webp 1625w\" sizes=\"auto, (max-width: 1020px) 100vw, 1020px\" \/>\t\t\t\t\t\t\n\t\t\t\t\t<\/div>\n\t\t\t\t\t\t\t\t\n<style>\n#image_2019090577 {\n  width: 100%;\n}\n<\/style>\n\t<\/div>\n\t\n\n<h2>V\u00e5r fabrik godk\u00e4nd av BSCI<\/h2>\n<h2>\u00a0<\/h2>\n\t<div class=\"img has-hover x md-x lg-x y md-y lg-y\" id=\"image_13791853\">\n\t\t\t\t\t\t\t\t<div class=\"img-inner dark\" >\n\t\t\t<img loading=\"lazy\" decoding=\"async\" width=\"850\" height=\"1100\" src=\"https:\/\/cdn.krcsports.com\/2024\/07\/BSCI-SummaryAuditReportforall_21-41.webp\" class=\"attachment-original size-original wp-image-1634\" alt=\"Sammanfattning av BSCI\" srcset=\"https:\/\/cdn.krcsports.com\/2024\/07\/BSCI-SummaryAuditReportforall_21-41.webp 850w, https:\/\/cdn.krcsports.com\/2024\/07\/BSCI-SummaryAuditReportforall_21-41-232x300.webp 232w, https:\/\/cdn.krcsports.com\/2024\/07\/BSCI-SummaryAuditReportforall_21-41-791x1024.webp 791w, https:\/\/cdn.krcsports.com\/2024\/07\/BSCI-SummaryAuditReportforall_21-41-768x994.webp 768w, https:\/\/cdn.krcsports.com\/2024\/07\/BSCI-SummaryAuditReportforall_21-41-9x12.webp 9w, https:\/\/cdn.krcsports.com\/2024\/07\/BSCI-SummaryAuditReportforall_21-41-600x776.webp 600w\" sizes=\"auto, (max-width: 850px) 100vw, 850px\" \/>\t\t\t\t\t\t\n\t\t\t\t\t<\/div>\n\t\t\t\t\t\t\t\t\n<style>\n#image_13791853 {\n  width: 100%;\n}\n<\/style>\n\t<\/div>\n\t\n\n\t<div class=\"img has-hover x md-x lg-x y md-y lg-y\" id=\"image_34765085\">\n\t\t\t\t\t\t\t\t<div class=\"img-inner dark\" >\n\t\t\t<img loading=\"lazy\" decoding=\"async\" width=\"745\" height=\"364\" src=\"https:\/\/cdn.krcsports.com\/2024\/10\/Sports-manufacture1.webp\" class=\"attachment-original size-original wp-image-2862\" alt=\"tillverkare\" srcset=\"https:\/\/cdn.krcsports.com\/2024\/10\/Sports-manufacture1.webp 745w, https:\/\/cdn.krcsports.com\/2024\/10\/Sports-manufacture1-300x147.webp 300w, https:\/\/cdn.krcsports.com\/2024\/10\/Sports-manufacture1-18x9.webp 18w, https:\/\/cdn.krcsports.com\/2024\/10\/Sports-manufacture1-600x293.webp 600w\" sizes=\"auto, (max-width: 745px) 100vw, 745px\" \/>\t\t\t\t\t\t\n\t\t\t\t\t<\/div>\n\t\t\t\t\t\t\t\t\n<style>\n#image_34765085 {\n  width: 100%;\n}\n<\/style>\n\t<\/div>\n\t\n\n\t<section class=\"section\" id=\"section_693078672\">\n\t\t<div class=\"bg section-bg fill bg-fill  bg-loaded\" >\n\n\t\t\t\n\t\t\t\n\t\t\t\n\n\t\t<\/div>\n\n\t\t\n\n\t\t<div class=\"section-content relative\">\n\t\t\t\n\n<h2>V\u00e5rt professionella team<\/h2>\n\n\t\t<\/div>\n\n\t\t\n<style>\n#section_693078672 {\n  padding-top: 30px;\n  padding-bottom: 30px;\n}\n<\/style>\n\t<\/section>\n\t\n\t<section class=\"section\" id=\"section_873849352\">\n\t\t<div class=\"bg section-bg fill bg-fill  bg-loaded\" >\n\n\t\t\t\n\t\t\t\n\t\t\t\n\n\t\t<\/div>\n\n\t\t\n\n\t\t<div class=\"section-content relative\">\n\t\t\t\n\n\t<div class=\"img has-hover x md-x lg-x y md-y lg-y\" id=\"image_739473169\">\n\t\t\t\t\t\t\t\t<div class=\"img-inner dark\" >\n\t\t\t<img loading=\"lazy\" decoding=\"async\" width=\"493\" height=\"301\" src=\"https:\/\/cdn.krcsports.com\/2024\/10\/team002.webp\" class=\"attachment-large size-large wp-image-2863\" alt=\"team\" srcset=\"https:\/\/cdn.krcsports.com\/2024\/10\/team002.webp 493w, https:\/\/cdn.krcsports.com\/2024\/10\/team002-300x183.webp 300w, https:\/\/cdn.krcsports.com\/2024\/10\/team002-18x12.webp 18w\" sizes=\"auto, (max-width: 493px) 100vw, 493px\" \/>\t\t\t\t\t\t\n\t\t\t\t\t<\/div>\n\t\t\t\t\t\t\t\t\n<style>\n#image_739473169 {\n  width: 100%;\n}\n<\/style>\n\t<\/div>\n\t\n\n\n\t\t<\/div>\n\n\t\t\n<style>\n#section_873849352 {\n  padding-top: 30px;\n  padding-bottom: 30px;\n}\n<\/style>\n\t<\/section>\n\t\n\t<section class=\"section\" id=\"section_1423311308\">\n\t\t<div class=\"bg section-bg fill bg-fill  bg-loaded\" >\n\n\t\t\t\n\t\t\t\n\t\t\t\n\n\t\t<\/div>\n\n\t\t\n\n\t\t<div class=\"section-content relative\">\n\t\t\t\n\n\t<div class=\"img has-hover x md-x lg-x y md-y lg-y\" id=\"image_655042499\">\n\t\t\t\t\t\t\t\t<div class=\"img-inner dark\" >\n\t\t\t<img loading=\"lazy\" decoding=\"async\" width=\"1020\" height=\"466\" src=\"https:\/\/cdn.krcsports.com\/2024\/10\/exhibition1-1024x468.webp\" class=\"attachment-large size-large wp-image-2864\" alt=\"utst\u00e4llning\" srcset=\"https:\/\/cdn.krcsports.com\/2024\/10\/exhibition1-1024x468.webp 1024w, https:\/\/cdn.krcsports.com\/2024\/10\/exhibition1-300x137.webp 300w, https:\/\/cdn.krcsports.com\/2024\/10\/exhibition1-768x351.webp 768w, https:\/\/cdn.krcsports.com\/2024\/10\/exhibition1-18x8.webp 18w, https:\/\/cdn.krcsports.com\/2024\/10\/exhibition1-600x274.webp 600w, https:\/\/cdn.krcsports.com\/2024\/10\/exhibition1.webp 1200w\" sizes=\"auto, (max-width: 1020px) 100vw, 1020px\" \/>\t\t\t\t\t\t\n\t\t\t\t\t<\/div>\n\t\t\t\t\t\t\t\t\n<style>\n#image_655042499 {\n  width: 100%;\n}\n<\/style>\n\t<\/div>\n\t\n\n\n\t\t<\/div>\n\n\t\t\n<style>\n#section_1423311308 {\n  padding-top: 30px;\n  padding-bottom: 30px;\n}\n<\/style>\n\t<\/section>\n\t\n<p>\n\n<div class=\"wpcf7 no-js\" id=\"wpcf7-f5-o1\" lang=\"en-US\" dir=\"ltr\">\n<div class=\"screen-reader-response\"><p role=\"status\" aria-live=\"polite\" aria-atomic=\"true\"><\/p> <ul><\/ul><\/div>\n<form action=\"\/sv\/wp-json\/wp\/v2\/product\/1970#wpcf7-f5-o1\" method=\"post\" class=\"wpcf7-form init\" aria-label=\"Kontaktformul\u00e4r\" novalidate=\"novalidate\" data-status=\"init\" data-trp-original-action=\"\/sv\/wp-json\/wp\/v2\/product\/1970#wpcf7-f5-o1\">\n<div style=\"display: none;\">\n<input type=\"hidden\" name=\"_wpcf7\" value=\"5\" \/>\n<input type=\"hidden\" name=\"_wpcf7_version\" value=\"5.9.5\" \/>\n<input type=\"hidden\" name=\"_wpcf7_locale\" value=\"en_US\" \/>\n<input type=\"hidden\" name=\"_wpcf7_unit_tag\" value=\"wpcf7-f5-o1\" \/>\n<input type=\"hidden\" name=\"_wpcf7_container_post\" value=\"0\" \/>\n<input type=\"hidden\" name=\"_wpcf7_posted_data_hash\" value=\"\" \/>\n<\/div>\n<div class='custom_contact_style'>\n\t<p><label> Ditt namn<br \/>\n<span class=\"wpcf7-form-control-wrap\" data-name=\"your-name\"><input size=\"40\" class=\"wpcf7-form-control wpcf7-text wpcf7-validates-as-required\" autocomplete=\"name\" aria-required=\"true\" aria-invalid=\"false\" value=\"\" type=\"text\" name=\"your-name\" \/><\/span> <\/label>\n\t<\/p>\n\t<p><label> Din e-post<br \/>\n<span class=\"wpcf7-form-control-wrap\" data-name=\"your-email\"><input size=\"40\" class=\"wpcf7-form-control wpcf7-email wpcf7-validates-as-required wpcf7-text wpcf7-validates-as-email\" autocomplete=\"email\" aria-required=\"true\" aria-invalid=\"false\" value=\"\" type=\"email\" name=\"your-email\" \/><\/span> <\/label>\n\t<\/p>\n\t<p><label> Ditt meddelande (valfritt)<br \/>\n<span class=\"wpcf7-form-control-wrap\" data-name=\"your-message\"><textarea cols=\"40\" rows=\"10\" class=\"wpcf7-form-control wpcf7-textarea\" aria-invalid=\"false\" name=\"your-message\"><\/textarea><\/span> <\/label>\n\t<\/p>\n\t<div style=\"margin-bottom:10px;\">\n\t\t<p><span class=\"wpcf7-form-control-wrap kc_captcha cf7ic-toggle\" data-name=\"kc_captcha\"><span class=\"wpcf7-form-control wpcf7-radio\"><span class=\"captcha-image\" style=\"display: none;\"><span class=\"cf7ic_instructions\">V\u00e4nligen bevisa att du \u00e4r m\u00e4nsklig genom att v\u00e4lja<span> stj\u00e4rna<\/span>.<\/span><label><input type=\"radio\" name=\"kc_captcha\" value=\"kc_human\" \/><svg width=\"50\" height=\"50\" aria-hidden=\"true\" role=\"img\" xmlns=\"http:\/\/www.w3.org\/2000\/svg\" viewbox=\"0 0 576 512\"><path fill=\"currentColor\" d=\"M259 18l-65 132-146 22c-26 3-37 36-18 54l106 103-25 146c-5 26 23 46 46 33l131-68 131 68c23 13 51-7 46-33l-25-146 106-103c19-18 8-51-18-54l-146-22-65-132a32 32 0 00-58 0z\"\/><\/svg><\/label><label><input type=\"radio\" name=\"kc_captcha\" value=\"bot\" \/><svg width=\"50\" height=\"50\" aria-hidden=\"true\" role=\"img\" xmlns=\"http:\/\/www.w3.org\/2000\/svg\" viewbox=\"0 0 512 512\"><path fill=\"currentColor\" d=\"M500 168h-55l-8-21a127 127 0 00-120-83H195a127 127 0 00-120 83l-8 21H12c-8 0-14 8-11 16l8 24a12 12 0 0011 8h29a64 64 0 00-33 56v48c0 16 6 31 16 42v62c0 13 11 24 24 24h48c13 0 24-11 24-24v-40h256v40c0 13 11 24 24 24h48c13 0 24-11 24-24v-62c10-11 16-26 16-42v-48c0-24-13-45-33-56h29a12 12 0 0011-8l8-24c3-8-3-16-11-16zm-365 2c9-25 33-42 60-42h122c27 0 51 17 60 42l15 38H120l15-38zM88 328a32 32 0 010-64c18 0 48 30 48 48s-30 16-48 16zm336 0c-18 0-48 2-48-16s30-48 48-48 32 14 32 32-14 32-32 32z\"\/><\/svg><\/label><label><input type=\"radio\" name=\"kc_captcha\" value=\"bot\" \/><svg width=\"50\" height=\"50\" aria-hidden=\"true\" role=\"img\" xmlns=\"http:\/\/www.w3.org\/2000\/svg\" viewbox=\"0 0 640 512\"><path fill=\"currentColor\" d=\"M624 352h-16V244c0-13-5-25-14-34L494 110c-9-9-21-14-34-14h-44V48c0-26-21-48-48-48H48C22 0 0 22 0 48v320c0 27 22 48 48 48h16a96 96 0 00192 0h128a96 96 0 00192 0h48c9 0 16-7 16-16v-32c0-9-7-16-16-16zM160 464a48 48 0 110-96 48 48 0 010 96zm320 0a48 48 0 110-96 48 48 0 010 96zm80-208H416V144h44l100 100v12z\"\/><\/svg><\/label>\r\n    <\/span>\r\n    <span style=\"display:none\">\r\n        <input type=\"text\" name=\"kc_honeypot\">\r\n    <\/span><\/span><\/span>\n\t\t<\/p>\n\t<\/div>\n\t<p><input class=\"wpcf7-form-control wpcf7-submit has-spinner\" type=\"submit\" value=\"\u00d6verl\u00e4mna\" \/>\n\t<\/p>\n<\/div><div class=\"wpcf7-response-output\" aria-hidden=\"true\"><\/div>\n<input type=\"hidden\" name=\"trp-form-language\" value=\"sv\"\/><\/form>\n<\/div>\n\n\n<\/p>","protected":false},"excerpt":{"rendered":"<p>Personliga boxningshandskar tillverkade med precision f\u00f6r tr\u00e4ning och online.<\/p>\n<p>H\u00f6gkvalitativa boxningshandskar fr\u00e5n p\u00e5litliga tillverkare i Kina.<\/p>\n<p>Bulkboxningshandskar och kuddar tillg\u00e4ngliga f\u00f6r grupptr\u00e4ningsuppst\u00e4llningar.<\/p>\n<p>Designa dina egna boxningshandskar f\u00f6r en unik, personlig touch.<\/p>\n<p>Boxningshandskar i grossistledet f\u00f6r gym och fitnesscenter som s\u00f6ker kvalitetsutrustning.<\/p>","protected":false},"featured_media":1978,"template":"","meta":[],"product_cat":[42],"product_tag":[],"class_list":{"0":"post-1970","1":"product","2":"type-product","3":"status-publish","4":"has-post-thumbnail","6":"product_cat-boxing-gloves","8":"first","9":"instock","10":"shipping-taxable","11":"product-type-simple"},"yoast_head":"<!-- This site is optimized with the Yoast SEO plugin v22.7 - https:\/\/yoast.com\/wordpress\/plugins\/seo\/ -->\n<title>personal boxing gloves - trustworthy combat sports equipment manufacturer<\/title>\n<meta name=\"description\" content=\"The best personal boxing gloves for sale from the world&#039;s leading manufacturer. custom boxing sparring gloves, heavy bag gloves, fight gloves, training gloves and even ,all can do your own style\" \/>\n<meta name=\"robots\" content=\"index, follow, max-snippet:-1, max-image-preview:large, max-video-preview:-1\" \/>\n<link rel=\"canonical\" href=\"https:\/\/krcsports.com\/sv\/produkt\/personal-boxing-gloves\/\" \/>\n<meta property=\"og:locale\" content=\"sv_SE\" \/>\n<meta property=\"og:type\" content=\"article\" \/>\n<meta property=\"og:title\" content=\"personal boxing gloves - trustworthy combat sports equipment manufacturer\" \/>\n<meta property=\"og:description\" content=\"The best personal boxing gloves for sale from the world&#039;s leading manufacturer. custom boxing sparring gloves, heavy bag gloves, fight gloves, training gloves and even ,all can do your own style\" \/>\n<meta property=\"og:url\" content=\"https:\/\/krcsports.com\/sv\/produkt\/personal-boxing-gloves\/\" \/>\n<meta property=\"og:site_name\" content=\"trustworthy combat sports equipment manufacturer\" \/>\n<meta property=\"article:publisher\" content=\"https:\/\/www.facebook.com\/people\/Krc-sports\/100063994129159\/\" \/>\n<meta property=\"article:modified_time\" content=\"2024-10-12T13:14:11+00:00\" \/>\n<meta property=\"og:image\" content=\"https:\/\/krcsports.com\/wp-content\/uploads\/2024\/08\/boxing-gloves2-4.webp\" \/>\n\t<meta property=\"og:image:width\" content=\"640\" \/>\n\t<meta property=\"og:image:height\" content=\"640\" \/>\n\t<meta property=\"og:image:type\" content=\"image\/webp\" \/>\n<meta name=\"twitter:card\" content=\"summary_large_image\" \/>\n<meta name=\"twitter:label1\" content=\"Ber\u00e4knad l\u00e4stid\" \/>\n\t<meta name=\"twitter:data1\" content=\"1 minut\" \/>\n<script type=\"application\/ld+json\" class=\"yoast-schema-graph\">{\"@context\":\"https:\/\/schema.org\",\"@graph\":[{\"@type\":\"WebPage\",\"@id\":\"https:\/\/krcsports.com\/manufacturer\/personal-boxing-gloves\/\",\"url\":\"https:\/\/krcsports.com\/manufacturer\/personal-boxing-gloves\/\",\"name\":\"personal boxing gloves - trustworthy combat sports equipment manufacturer\",\"isPartOf\":{\"@id\":\"https:\/\/krcsports.com\/#website\"},\"primaryImageOfPage\":{\"@id\":\"https:\/\/krcsports.com\/manufacturer\/personal-boxing-gloves\/#primaryimage\"},\"image\":{\"@id\":\"https:\/\/krcsports.com\/manufacturer\/personal-boxing-gloves\/#primaryimage\"},\"thumbnailUrl\":\"https:\/\/cdn.krcsports.com\/2024\/08\/boxing-gloves2-4.webp\",\"datePublished\":\"2024-08-28T07:49:32+00:00\",\"dateModified\":\"2024-10-12T13:14:11+00:00\",\"description\":\"The best personal boxing gloves for sale from the world's leading manufacturer. custom boxing sparring gloves, heavy bag gloves, fight gloves, training gloves and even ,all can do your own style\",\"breadcrumb\":{\"@id\":\"https:\/\/krcsports.com\/manufacturer\/personal-boxing-gloves\/#breadcrumb\"},\"inLanguage\":\"sv-SE\",\"potentialAction\":[{\"@type\":\"ReadAction\",\"target\":[\"https:\/\/krcsports.com\/manufacturer\/personal-boxing-gloves\/\"]}]},{\"@type\":\"ImageObject\",\"inLanguage\":\"sv-SE\",\"@id\":\"https:\/\/krcsports.com\/manufacturer\/personal-boxing-gloves\/#primaryimage\",\"url\":\"https:\/\/cdn.krcsports.com\/2024\/08\/boxing-gloves2-4.webp\",\"contentUrl\":\"https:\/\/cdn.krcsports.com\/2024\/08\/boxing-gloves2-4.webp\",\"width\":640,\"height\":640,\"caption\":\"boxing gloves\"},{\"@type\":\"BreadcrumbList\",\"@id\":\"https:\/\/krcsports.com\/manufacturer\/personal-boxing-gloves\/#breadcrumb\",\"itemListElement\":[{\"@type\":\"ListItem\",\"position\":1,\"name\":\"Home\",\"item\":\"https:\/\/krcsports.com\/\"},{\"@type\":\"ListItem\",\"position\":2,\"name\":\"Products\",\"item\":\"https:\/\/krcsports.com\/shop\/\"},{\"@type\":\"ListItem\",\"position\":3,\"name\":\"personal boxing gloves\"}]},{\"@type\":\"WebSite\",\"@id\":\"https:\/\/krcsports.com\/#website\",\"url\":\"https:\/\/krcsports.com\/\",\"name\":\"krc sports\",\"description\":\"\",\"publisher\":{\"@id\":\"https:\/\/krcsports.com\/#organization\"},\"potentialAction\":[{\"@type\":\"SearchAction\",\"target\":{\"@type\":\"EntryPoint\",\"urlTemplate\":\"https:\/\/krcsports.com\/?s={search_term_string}\"},\"query-input\":\"required name=search_term_string\"}],\"inLanguage\":\"sv-SE\"},{\"@type\":\"Organization\",\"@id\":\"https:\/\/krcsports.com\/#organization\",\"name\":\"krc sports\",\"url\":\"https:\/\/krcsports.com\/\",\"logo\":{\"@type\":\"ImageObject\",\"inLanguage\":\"sv-SE\",\"@id\":\"https:\/\/krcsports.com\/#\/schema\/logo\/image\/\",\"url\":\"https:\/\/krcsports.com\/wp-content\/uploads\/2024\/07\/logo.webp\",\"contentUrl\":\"https:\/\/krcsports.com\/wp-content\/uploads\/2024\/07\/logo.webp\",\"width\":80,\"height\":60,\"caption\":\"krc sports\"},\"image\":{\"@id\":\"https:\/\/krcsports.com\/#\/schema\/logo\/image\/\"},\"sameAs\":[\"https:\/\/www.facebook.com\/people\/Krc-sports\/100063994129159\/\"]}]}<\/script>\n<!-- \/ Yoast SEO plugin. -->","yoast_head_json":{"title":"personliga boxningshandskar - p\u00e5litlig tillverkare av stridssportutrustning","description":"De b\u00e4sta personliga boxningshandskarna till salu fr\u00e5n v\u00e4rldens ledande tillverkare. anpassade boxningssparringshandskar, tunga v\u00e4ska handskar, kamphandskar, tr\u00e4ningshandskar och till och med alla kan g\u00f6ra din egen stil","robots":{"index":"index","follow":"follow","max-snippet":"max-snippet:-1","max-image-preview":"max-image-preview:large","max-video-preview":"max-video-preview:-1"},"canonical":"https:\/\/krcsports.com\/sv\/produkt\/personal-boxing-gloves\/","og_locale":"sv_SE","og_type":"article","og_title":"personal boxing gloves - trustworthy combat sports equipment manufacturer","og_description":"The best personal boxing gloves for sale from the world's leading manufacturer. custom boxing sparring gloves, heavy bag gloves, fight gloves, training gloves and even ,all can do your own style","og_url":"https:\/\/krcsports.com\/sv\/produkt\/personal-boxing-gloves\/","og_site_name":"trustworthy combat sports equipment manufacturer","article_publisher":"https:\/\/www.facebook.com\/people\/Krc-sports\/100063994129159\/","article_modified_time":"2024-10-12T13:14:11+00:00","og_image":[{"width":640,"height":640,"url":"https:\/\/krcsports.com\/wp-content\/uploads\/2024\/08\/boxing-gloves2-4.webp","type":"image\/webp"}],"twitter_card":"summary_large_image","twitter_misc":{"Ber\u00e4knad l\u00e4stid":"1 minut"},"schema":{"@context":"https:\/\/schema.org","@graph":[{"@type":"WebPage","@id":"https:\/\/krcsports.com\/manufacturer\/personal-boxing-gloves\/","url":"https:\/\/krcsports.com\/manufacturer\/personal-boxing-gloves\/","name":"personliga boxningshandskar - p\u00e5litlig tillverkare av stridssportutrustning","isPartOf":{"@id":"https:\/\/krcsports.com\/#website"},"primaryImageOfPage":{"@id":"https:\/\/krcsports.com\/manufacturer\/personal-boxing-gloves\/#primaryimage"},"image":{"@id":"https:\/\/krcsports.com\/manufacturer\/personal-boxing-gloves\/#primaryimage"},"thumbnailUrl":"https:\/\/cdn.krcsports.com\/2024\/08\/boxing-gloves2-4.webp","datePublished":"2024-08-28T07:49:32+00:00","dateModified":"2024-10-12T13:14:11+00:00","description":"De b\u00e4sta personliga boxningshandskarna till salu fr\u00e5n v\u00e4rldens ledande tillverkare. anpassade boxningssparringshandskar, tunga v\u00e4ska handskar, kamphandskar, tr\u00e4ningshandskar och till och med alla kan g\u00f6ra din egen stil","breadcrumb":{"@id":"https:\/\/krcsports.com\/manufacturer\/personal-boxing-gloves\/#breadcrumb"},"inLanguage":"sv-SE","potentialAction":[{"@type":"ReadAction","target":["https:\/\/krcsports.com\/manufacturer\/personal-boxing-gloves\/"]}]},{"@type":"ImageObject","inLanguage":"sv-SE","@id":"https:\/\/krcsports.com\/manufacturer\/personal-boxing-gloves\/#primaryimage","url":"https:\/\/cdn.krcsports.com\/2024\/08\/boxing-gloves2-4.webp","contentUrl":"https:\/\/cdn.krcsports.com\/2024\/08\/boxing-gloves2-4.webp","width":640,"height":640,"caption":"boxing gloves"},{"@type":"BreadcrumbList","@id":"https:\/\/krcsports.com\/manufacturer\/personal-boxing-gloves\/#breadcrumb","itemListElement":[{"@type":"ListItem","position":1,"name":"Home","item":"https:\/\/krcsports.com\/"},{"@type":"ListItem","position":2,"name":"Products","item":"https:\/\/krcsports.com\/shop\/"},{"@type":"ListItem","position":3,"name":"personal boxing gloves"}]},{"@type":"WebSite","@id":"https:\/\/krcsports.com\/#website","url":"https:\/\/krcsports.com\/","name":"krc sport","description":"","publisher":{"@id":"https:\/\/krcsports.com\/#organization"},"potentialAction":[{"@type":"SearchAction","target":{"@type":"EntryPoint","urlTemplate":"https:\/\/krcsports.com\/?s={search_term_string}"},"query-input":"required name=search_term_string"}],"inLanguage":"sv-SE"},{"@type":"Organization","@id":"https:\/\/krcsports.com\/#organization","name":"krc sport","url":"https:\/\/krcsports.com\/","logo":{"@type":"ImageObject","inLanguage":"sv-SE","@id":"https:\/\/krcsports.com\/#\/schema\/logo\/image\/","url":"https:\/\/krcsports.com\/wp-content\/uploads\/2024\/07\/logo.webp","contentUrl":"https:\/\/krcsports.com\/wp-content\/uploads\/2024\/07\/logo.webp","width":80,"height":60,"caption":"krc sports"},"image":{"@id":"https:\/\/krcsports.com\/#\/schema\/logo\/image\/"},"sameAs":["https:\/\/www.facebook.com\/people\/Krc-sports\/100063994129159\/"]}]}},"_links":{"self":[{"href":"https:\/\/krcsports.com\/sv\/wp-json\/wp\/v2\/product\/1970","targetHints":{"allow":["GET"]}}],"collection":[{"href":"https:\/\/krcsports.com\/sv\/wp-json\/wp\/v2\/product"}],"about":[{"href":"https:\/\/krcsports.com\/sv\/wp-json\/wp\/v2\/types\/product"}],"wp:featuredmedia":[{"embeddable":true,"href":"https:\/\/krcsports.com\/sv\/wp-json\/wp\/v2\/media\/1978"}],"wp:attachment":[{"href":"https:\/\/krcsports.com\/sv\/wp-json\/wp\/v2\/media?parent=1970"}],"wp:term":[{"taxonomy":"product_cat","embeddable":true,"href":"https:\/\/krcsports.com\/sv\/wp-json\/wp\/v2\/product_cat?post=1970"},{"taxonomy":"product_tag","embeddable":true,"href":"https:\/\/krcsports.com\/sv\/wp-json\/wp\/v2\/product_tag?post=1970"}],"curies":[{"name":"wp","href":"https:\/\/api.w.org\/{rel}","templated":true}]}}