{"id":1944,"date":"2024-08-26T08:21:22","date_gmt":"2024-08-26T08:21:22","guid":{"rendered":"https:\/\/krcsports.com\/?post_type=product&#038;p=1944"},"modified":"2024-12-01T10:35:59","modified_gmt":"2024-12-01T10:35:59","slug":"martial-arts-uniform","status":"publish","type":"product","link":"https:\/\/krcsports.com\/sv\/manufacturer\/martial-arts-uniform\/","title":{"rendered":"kampsportsuniform"},"content":{"rendered":"<ul class=\"a-unordered-list a-vertical a-spacing-small\">\n<li><span class=\"a-list-item a-size-base a-color-base\">kampsport uniformt tyg k\u00e4nns bekv\u00e4mt, absorberande andas, l\u00e4tt att organisera och slitstyrka och h\u00e5llbart.<\/span><\/li>\n<\/ul>\n<p>\u00a0<\/p>\n<ul class=\"a-unordered-list a-vertical a-spacing-small\">\n<li><span class=\"a-list-item a-size-base a-color-base\">uniformer \u00e4r idealiska f\u00f6r kvinnor och m\u00e4n. Kan anv\u00e4ndas f\u00f6r boxning, Sanda, Muay Thai och s\u00e5 vidare.<\/span><\/li>\n<\/ul>\n<p>\u00a0<\/p>\n<ul class=\"a-unordered-list a-vertical a-spacing-small\">\n<li><span class=\"a-list-item a-size-base a-color-base\">\u00a0Att f\u00e5 ett bra tr\u00e4ningspass, s\u00e4rskilt ett konditionstr\u00e4ning, hj\u00e4lper till att lindra stressen. Och det \u00e4r bra f\u00f6r hj\u00e4rtat ocks\u00e5. Dessutom tvingar tr\u00e4ning av boxning dig att fokusera p\u00e5 h\u00e4r och nu, inte p\u00e5 dina problem.<\/span><\/li>\n<\/ul>\n<p>\u00a0<\/p>\n<ul class=\"a-unordered-list a-vertical a-spacing-small\">\n<li><span class=\"a-list-item a-size-base a-color-base\">\u00a0Tillverka v\u00e4l, sy s\u00e4kert, krage och manschettdesign \u00e4r inte bunden r\u00f6relse.<\/span><\/li>\n<\/ul>\n<p>\u00a0<\/p>\n<ul class=\"a-unordered-list a-vertical a-spacing-small\">\n<li><span class=\"a-list-item a-size-base a-color-base\">De \u00e4r mjuka och eleganta. Vid boxningstr\u00e4ning g\u00f6r uniformen att ut\u00f6varen k\u00e4nner sig bekv\u00e4m och uppfyller kraven f\u00f6r boxningstr\u00e4ning<\/span><\/li>\n<\/ul>","protected":false},"excerpt":{"rendered":"<p>Tillverkad av elastiskt tyg, bekv\u00e4m och andas att b\u00e4ra<br \/>\nMidjebandet \u00e4r designat med dragband, justerbart och inte l\u00e4tt att ta av<br \/>\nSidoslitsdesign, l\u00e4tt att lyfta benet och binder inte din boxning<br \/>\nStorlek fr\u00e5n 3XS till 5XL, tillg\u00e4nglig f\u00f6r barn och vuxna<\/p>","protected":false},"featured_media":2489,"template":"","meta":[],"product_cat":[47,43],"product_tag":[],"class_list":{"0":"post-1944","1":"product","2":"type-product","3":"status-publish","4":"has-post-thumbnail","6":"product_cat-martial-arts-uniforms","7":"product_cat-boxing-apparel","9":"first","10":"instock","11":"shipping-taxable","12":"product-type-simple"},"yoast_head":"<!-- This site is optimized with the Yoast SEO plugin v22.7 - https:\/\/yoast.com\/wordpress\/plugins\/seo\/ -->\n<title>martial arts uniform - trustworthy combat sports equipment manufacturer<\/title>\n<meta name=\"description\" content=\"Sanda Suit Children Adult Boxing Competition Suit Muay Thai Training Boxing Shorts Adult Unisex Muay Thai Boxing Shorts Suit MMA Kick Boxing uniform\" \/>\n<meta name=\"robots\" content=\"index, follow, max-snippet:-1, max-image-preview:large, max-video-preview:-1\" \/>\n<link rel=\"canonical\" href=\"https:\/\/krcsports.com\/sv\/produkt\/martial-arts-uniform\/\" \/>\n<meta property=\"og:locale\" content=\"sv_SE\" \/>\n<meta property=\"og:type\" content=\"article\" \/>\n<meta property=\"og:title\" content=\"martial arts uniform - trustworthy combat sports equipment manufacturer\" \/>\n<meta property=\"og:description\" content=\"Sanda Suit Children Adult Boxing Competition Suit Muay Thai Training Boxing Shorts Adult Unisex Muay Thai Boxing Shorts Suit MMA Kick Boxing uniform\" \/>\n<meta property=\"og:url\" content=\"https:\/\/krcsports.com\/sv\/produkt\/martial-arts-uniform\/\" \/>\n<meta property=\"og:site_name\" content=\"trustworthy combat sports equipment manufacturer\" \/>\n<meta property=\"article:publisher\" content=\"https:\/\/www.facebook.com\/people\/Krc-sports\/100063994129159\/\" \/>\n<meta property=\"article:modified_time\" content=\"2024-12-01T10:35:59+00:00\" \/>\n<meta property=\"og:image\" content=\"https:\/\/krcsports.com\/wp-content\/uploads\/2024\/08\/wushu-uniform6.webp\" \/>\n\t<meta property=\"og:image:width\" content=\"790\" \/>\n\t<meta property=\"og:image:height\" content=\"804\" \/>\n\t<meta property=\"og:image:type\" content=\"image\/webp\" \/>\n<meta name=\"twitter:card\" content=\"summary_large_image\" \/>\n<meta name=\"twitter:label1\" content=\"Ber\u00e4knad l\u00e4stid\" \/>\n\t<meta name=\"twitter:data1\" content=\"1 minut\" \/>\n<script type=\"application\/ld+json\" class=\"yoast-schema-graph\">{\"@context\":\"https:\/\/schema.org\",\"@graph\":[{\"@type\":\"WebPage\",\"@id\":\"https:\/\/krcsports.com\/manufacturer\/martial-arts-uniform\/\",\"url\":\"https:\/\/krcsports.com\/manufacturer\/martial-arts-uniform\/\",\"name\":\"martial arts uniform - trustworthy combat sports equipment manufacturer\",\"isPartOf\":{\"@id\":\"https:\/\/krcsports.com\/#website\"},\"primaryImageOfPage\":{\"@id\":\"https:\/\/krcsports.com\/manufacturer\/martial-arts-uniform\/#primaryimage\"},\"image\":{\"@id\":\"https:\/\/krcsports.com\/manufacturer\/martial-arts-uniform\/#primaryimage\"},\"thumbnailUrl\":\"https:\/\/cdn.krcsports.com\/2024\/08\/wushu-uniform6.webp\",\"datePublished\":\"2024-08-26T08:21:22+00:00\",\"dateModified\":\"2024-12-01T10:35:59+00:00\",\"description\":\"Sanda Suit Children Adult Boxing Competition Suit Muay Thai Training Boxing Shorts Adult Unisex Muay Thai Boxing Shorts Suit MMA Kick Boxing uniform\",\"breadcrumb\":{\"@id\":\"https:\/\/krcsports.com\/manufacturer\/martial-arts-uniform\/#breadcrumb\"},\"inLanguage\":\"sv-SE\",\"potentialAction\":[{\"@type\":\"ReadAction\",\"target\":[\"https:\/\/krcsports.com\/manufacturer\/martial-arts-uniform\/\"]}]},{\"@type\":\"ImageObject\",\"inLanguage\":\"sv-SE\",\"@id\":\"https:\/\/krcsports.com\/manufacturer\/martial-arts-uniform\/#primaryimage\",\"url\":\"https:\/\/cdn.krcsports.com\/2024\/08\/wushu-uniform6.webp\",\"contentUrl\":\"https:\/\/cdn.krcsports.com\/2024\/08\/wushu-uniform6.webp\",\"width\":790,\"height\":804,\"caption\":\"wushu uniform\"},{\"@type\":\"BreadcrumbList\",\"@id\":\"https:\/\/krcsports.com\/manufacturer\/martial-arts-uniform\/#breadcrumb\",\"itemListElement\":[{\"@type\":\"ListItem\",\"position\":1,\"name\":\"Home\",\"item\":\"https:\/\/krcsports.com\/\"},{\"@type\":\"ListItem\",\"position\":2,\"name\":\"Products\",\"item\":\"https:\/\/krcsports.com\/shop\/\"},{\"@type\":\"ListItem\",\"position\":3,\"name\":\"martial arts uniform\"}]},{\"@type\":\"WebSite\",\"@id\":\"https:\/\/krcsports.com\/#website\",\"url\":\"https:\/\/krcsports.com\/\",\"name\":\"krc sports\",\"description\":\"\",\"publisher\":{\"@id\":\"https:\/\/krcsports.com\/#organization\"},\"potentialAction\":[{\"@type\":\"SearchAction\",\"target\":{\"@type\":\"EntryPoint\",\"urlTemplate\":\"https:\/\/krcsports.com\/?s={search_term_string}\"},\"query-input\":\"required name=search_term_string\"}],\"inLanguage\":\"sv-SE\"},{\"@type\":\"Organization\",\"@id\":\"https:\/\/krcsports.com\/#organization\",\"name\":\"krc sports\",\"url\":\"https:\/\/krcsports.com\/\",\"logo\":{\"@type\":\"ImageObject\",\"inLanguage\":\"sv-SE\",\"@id\":\"https:\/\/krcsports.com\/#\/schema\/logo\/image\/\",\"url\":\"https:\/\/krcsports.com\/wp-content\/uploads\/2024\/07\/logo.webp\",\"contentUrl\":\"https:\/\/krcsports.com\/wp-content\/uploads\/2024\/07\/logo.webp\",\"width\":80,\"height\":60,\"caption\":\"krc sports\"},\"image\":{\"@id\":\"https:\/\/krcsports.com\/#\/schema\/logo\/image\/\"},\"sameAs\":[\"https:\/\/www.facebook.com\/people\/Krc-sports\/100063994129159\/\"]}]}<\/script>\n<!-- \/ Yoast SEO plugin. -->","yoast_head_json":{"title":"kampsportsuniform - p\u00e5litlig tillverkare av stridssportutrustning","description":"Sanda Suit Barn Vuxen Boxnings T\u00e4vlingsdr\u00e4kt Muay Thai tr\u00e4ningsboxningsshorts Vuxen unisex Muay Thai boxningsshorts Dr\u00e4kt MMA Kickboxningsuniform","robots":{"index":"index","follow":"follow","max-snippet":"max-snippet:-1","max-image-preview":"max-image-preview:large","max-video-preview":"max-video-preview:-1"},"canonical":"https:\/\/krcsports.com\/sv\/produkt\/martial-arts-uniform\/","og_locale":"sv_SE","og_type":"article","og_title":"martial arts uniform - trustworthy combat sports equipment manufacturer","og_description":"Sanda Suit Children Adult Boxing Competition Suit Muay Thai Training Boxing Shorts Adult Unisex Muay Thai Boxing Shorts Suit MMA Kick Boxing uniform","og_url":"https:\/\/krcsports.com\/sv\/produkt\/martial-arts-uniform\/","og_site_name":"trustworthy combat sports equipment manufacturer","article_publisher":"https:\/\/www.facebook.com\/people\/Krc-sports\/100063994129159\/","article_modified_time":"2024-12-01T10:35:59+00:00","og_image":[{"width":790,"height":804,"url":"https:\/\/krcsports.com\/wp-content\/uploads\/2024\/08\/wushu-uniform6.webp","type":"image\/webp"}],"twitter_card":"summary_large_image","twitter_misc":{"Ber\u00e4knad l\u00e4stid":"1 minut"},"schema":{"@context":"https:\/\/schema.org","@graph":[{"@type":"WebPage","@id":"https:\/\/krcsports.com\/manufacturer\/martial-arts-uniform\/","url":"https:\/\/krcsports.com\/manufacturer\/martial-arts-uniform\/","name":"kampsportsuniform - p\u00e5litlig tillverkare av stridssportutrustning","isPartOf":{"@id":"https:\/\/krcsports.com\/#website"},"primaryImageOfPage":{"@id":"https:\/\/krcsports.com\/manufacturer\/martial-arts-uniform\/#primaryimage"},"image":{"@id":"https:\/\/krcsports.com\/manufacturer\/martial-arts-uniform\/#primaryimage"},"thumbnailUrl":"https:\/\/cdn.krcsports.com\/2024\/08\/wushu-uniform6.webp","datePublished":"2024-08-26T08:21:22+00:00","dateModified":"2024-12-01T10:35:59+00:00","description":"Sanda Suit Barn Vuxen Boxnings T\u00e4vlingsdr\u00e4kt Muay Thai tr\u00e4ningsboxningsshorts Vuxen unisex Muay Thai boxningsshorts Dr\u00e4kt MMA Kickboxningsuniform","breadcrumb":{"@id":"https:\/\/krcsports.com\/manufacturer\/martial-arts-uniform\/#breadcrumb"},"inLanguage":"sv-SE","potentialAction":[{"@type":"ReadAction","target":["https:\/\/krcsports.com\/manufacturer\/martial-arts-uniform\/"]}]},{"@type":"ImageObject","inLanguage":"sv-SE","@id":"https:\/\/krcsports.com\/manufacturer\/martial-arts-uniform\/#primaryimage","url":"https:\/\/cdn.krcsports.com\/2024\/08\/wushu-uniform6.webp","contentUrl":"https:\/\/cdn.krcsports.com\/2024\/08\/wushu-uniform6.webp","width":790,"height":804,"caption":"wushu uniform"},{"@type":"BreadcrumbList","@id":"https:\/\/krcsports.com\/manufacturer\/martial-arts-uniform\/#breadcrumb","itemListElement":[{"@type":"ListItem","position":1,"name":"Home","item":"https:\/\/krcsports.com\/"},{"@type":"ListItem","position":2,"name":"Products","item":"https:\/\/krcsports.com\/shop\/"},{"@type":"ListItem","position":3,"name":"martial arts uniform"}]},{"@type":"WebSite","@id":"https:\/\/krcsports.com\/#website","url":"https:\/\/krcsports.com\/","name":"krc sport","description":"","publisher":{"@id":"https:\/\/krcsports.com\/#organization"},"potentialAction":[{"@type":"SearchAction","target":{"@type":"EntryPoint","urlTemplate":"https:\/\/krcsports.com\/?s={search_term_string}"},"query-input":"required name=search_term_string"}],"inLanguage":"sv-SE"},{"@type":"Organization","@id":"https:\/\/krcsports.com\/#organization","name":"krc sport","url":"https:\/\/krcsports.com\/","logo":{"@type":"ImageObject","inLanguage":"sv-SE","@id":"https:\/\/krcsports.com\/#\/schema\/logo\/image\/","url":"https:\/\/krcsports.com\/wp-content\/uploads\/2024\/07\/logo.webp","contentUrl":"https:\/\/krcsports.com\/wp-content\/uploads\/2024\/07\/logo.webp","width":80,"height":60,"caption":"krc sports"},"image":{"@id":"https:\/\/krcsports.com\/#\/schema\/logo\/image\/"},"sameAs":["https:\/\/www.facebook.com\/people\/Krc-sports\/100063994129159\/"]}]}},"_links":{"self":[{"href":"https:\/\/krcsports.com\/sv\/wp-json\/wp\/v2\/product\/1944","targetHints":{"allow":["GET"]}}],"collection":[{"href":"https:\/\/krcsports.com\/sv\/wp-json\/wp\/v2\/product"}],"about":[{"href":"https:\/\/krcsports.com\/sv\/wp-json\/wp\/v2\/types\/product"}],"wp:featuredmedia":[{"embeddable":true,"href":"https:\/\/krcsports.com\/sv\/wp-json\/wp\/v2\/media\/2489"}],"wp:attachment":[{"href":"https:\/\/krcsports.com\/sv\/wp-json\/wp\/v2\/media?parent=1944"}],"wp:term":[{"taxonomy":"product_cat","embeddable":true,"href":"https:\/\/krcsports.com\/sv\/wp-json\/wp\/v2\/product_cat?post=1944"},{"taxonomy":"product_tag","embeddable":true,"href":"https:\/\/krcsports.com\/sv\/wp-json\/wp\/v2\/product_tag?post=1944"}],"curies":[{"name":"wp","href":"https:\/\/api.w.org\/{rel}","templated":true}]}}