{"id":3170,"date":"2024-11-20T13:13:49","date_gmt":"2024-11-20T13:13:49","guid":{"rendered":"https:\/\/krcsports.com\/?post_type=product&#038;p=3170"},"modified":"2024-11-20T13:21:23","modified_gmt":"2024-11-20T13:21:23","slug":"curved-kick-pad","status":"publish","type":"product","link":"https:\/\/krcsports.com\/pt\/manufacturer\/curved-kick-pad\/","title":{"rendered":"almofada de chute curva"},"content":{"rendered":"<ul class=\"a-unordered-list a-vertical a-spacing-mini\">\n<li class=\"a-spacing-mini\"><span class=\"a-list-item\">prote\u00e7\u00f5es de chute curvas como um profissional com este protetor de chute leve e dur\u00e1vel, perfeito para entusiastas de artes marciais de todos os n\u00edveis.<\/span><\/li>\n<li class=\"a-spacing-mini\"><span class=\"a-list-item\">Utilizando PU espesso, sem cheiro irritante, mais resistente a impactos, pode suportar 100.000 impactos.<\/span><\/li>\n<li class=\"a-spacing-mini\"><span class=\"a-list-item\">A costura forte e a constru\u00e7\u00e3o s\u00f3lida garantem que este escudo de chute possa suportar at\u00e9 os golpes mais fortes.<\/span><\/li>\n<li class=\"a-spacing-mini\"><span class=\"a-list-item\">Cada pedido vem como 1 UNIDADE (1 pads). As dimens\u00f5es da \u00e1rea de impacto frontal s\u00e3o 14,1\u2033 x 7,5\u2033. Perfeito para uso em Muay Thai, Kickboxing, Boxe, MMA (Artes Marciais Mistas), Tae Kwon Do ou Karat\u00ea.<\/span><\/li>\n<li class=\"a-spacing-mini\"><span class=\"a-list-item\">Ideal para treinamento individual ou sess\u00f5es de treinamento, esta almofada de chute curva \u00e9 um equipamento essencial para Muay Thai, carat\u00ea, kickboxing e outras artes marciais.<\/span><\/li>\n<li class=\"a-spacing-mini\"><span class=\"a-list-item\">Os produtos t\u00eam garantia de um ano e podem ser devolvidos ou trocados em caso de problemas.<\/span><\/li>\n<li class=\"a-spacing-mini\"><span class=\"a-list-item\">Projetado com almofadas macias no pulso para maior conforto e suporte durante sess\u00f5es de treinamento intensas.<\/span><\/li>\n<li class=\"a-spacing-mini\"><span class=\"a-list-item\">Al\u00e7as e altura ajust\u00e1veis o tornam adequado para crian\u00e7as, amigos, filhas, maridos, filhos, parceiros, treinadores e g\u00eameos.<\/span><\/li>\n<\/ul>\n<h2>Nossa certifica\u00e7\u00e3o<\/h2>\n\t<div class=\"img has-hover x md-x lg-x y md-y lg-y\" id=\"image_828397850\">\n\t\t\t\t\t\t\t\t<div class=\"img-inner dark\" >\n\t\t\t<img loading=\"lazy\" decoding=\"async\" width=\"1020\" height=\"316\" src=\"https:\/\/cdn.krcsports.com\/2024\/07\/certification070-1-1024x317.webp\" class=\"attachment-large size-large wp-image-1633\" alt=\"certificado\" srcset=\"https:\/\/cdn.krcsports.com\/2024\/07\/certification070-1-1024x317.webp 1024w, https:\/\/cdn.krcsports.com\/2024\/07\/certification070-1-300x93.webp 300w, https:\/\/cdn.krcsports.com\/2024\/07\/certification070-1-768x238.webp 768w, https:\/\/cdn.krcsports.com\/2024\/07\/certification070-1-1536x475.webp 1536w, https:\/\/cdn.krcsports.com\/2024\/07\/certification070-1-18x6.webp 18w, https:\/\/cdn.krcsports.com\/2024\/07\/certification070-1-600x186.webp 600w, https:\/\/cdn.krcsports.com\/2024\/07\/certification070-1.webp 1625w\" sizes=\"auto, (max-width: 1020px) 100vw, 1020px\" \/>\t\t\t\t\t\t\n\t\t\t\t\t<\/div>\n\t\t\t\t\t\t\t\t\n<style>\n#image_828397850 {\n  width: 100%;\n}\n<\/style>\n\t<\/div>\n\t\n\n<h2>Nossa f\u00e1brica aprovada pela BSCI<\/h2>\n<h2>\u00a0<\/h2>\n\t<div class=\"img has-hover x md-x lg-x y md-y lg-y\" id=\"image_561556150\">\n\t\t\t\t\t\t\t\t<div class=\"img-inner dark\" >\n\t\t\t<img loading=\"lazy\" decoding=\"async\" width=\"850\" height=\"1100\" src=\"https:\/\/cdn.krcsports.com\/2024\/07\/BSCI-SummaryAuditReportforall_21-41.webp\" class=\"attachment-original size-original wp-image-1634\" alt=\"Resumo do BSCI\" srcset=\"https:\/\/cdn.krcsports.com\/2024\/07\/BSCI-SummaryAuditReportforall_21-41.webp 850w, https:\/\/cdn.krcsports.com\/2024\/07\/BSCI-SummaryAuditReportforall_21-41-232x300.webp 232w, https:\/\/cdn.krcsports.com\/2024\/07\/BSCI-SummaryAuditReportforall_21-41-791x1024.webp 791w, https:\/\/cdn.krcsports.com\/2024\/07\/BSCI-SummaryAuditReportforall_21-41-768x994.webp 768w, https:\/\/cdn.krcsports.com\/2024\/07\/BSCI-SummaryAuditReportforall_21-41-9x12.webp 9w, https:\/\/cdn.krcsports.com\/2024\/07\/BSCI-SummaryAuditReportforall_21-41-600x776.webp 600w\" sizes=\"auto, (max-width: 850px) 100vw, 850px\" \/>\t\t\t\t\t\t\n\t\t\t\t\t<\/div>\n\t\t\t\t\t\t\t\t\n<style>\n#image_561556150 {\n  width: 100%;\n}\n<\/style>\n\t<\/div>\n\t\n\n\t<div class=\"img has-hover x md-x lg-x y md-y lg-y\" id=\"image_334287293\">\n\t\t\t\t\t\t\t\t<div class=\"img-inner dark\" >\n\t\t\t<img loading=\"lazy\" decoding=\"async\" width=\"745\" height=\"364\" src=\"https:\/\/cdn.krcsports.com\/2024\/10\/Sports-manufacture1.webp\" class=\"attachment-original size-original wp-image-2862\" alt=\"fabricante\" srcset=\"https:\/\/cdn.krcsports.com\/2024\/10\/Sports-manufacture1.webp 745w, https:\/\/cdn.krcsports.com\/2024\/10\/Sports-manufacture1-300x147.webp 300w, https:\/\/cdn.krcsports.com\/2024\/10\/Sports-manufacture1-18x9.webp 18w, https:\/\/cdn.krcsports.com\/2024\/10\/Sports-manufacture1-600x293.webp 600w\" sizes=\"auto, (max-width: 745px) 100vw, 745px\" \/>\t\t\t\t\t\t\n\t\t\t\t\t<\/div>\n\t\t\t\t\t\t\t\t\n<style>\n#image_334287293 {\n  width: 100%;\n}\n<\/style>\n\t<\/div>\n\t\n\n\t<section class=\"section\" id=\"section_1334708365\">\n\t\t<div class=\"bg section-bg fill bg-fill  bg-loaded\" >\n\n\t\t\t\n\t\t\t\n\t\t\t\n\n\t\t<\/div>\n\n\t\t\n\n\t\t<div class=\"section-content relative\">\n\t\t\t\n\n<h2>Nossa equipe profissional<\/h2>\n\n\t\t<\/div>\n\n\t\t\n<style>\n#section_1334708365 {\n  padding-top: 30px;\n  padding-bottom: 30px;\n}\n<\/style>\n\t<\/section>\n\t\n\t<section class=\"section\" id=\"section_217401462\">\n\t\t<div class=\"bg section-bg fill bg-fill  bg-loaded\" >\n\n\t\t\t\n\t\t\t\n\t\t\t\n\n\t\t<\/div>\n\n\t\t\n\n\t\t<div class=\"section-content relative\">\n\t\t\t\n\n\t<div class=\"img has-hover x md-x lg-x y md-y lg-y\" id=\"image_927930961\">\n\t\t\t\t\t\t\t\t<div class=\"img-inner dark\" >\n\t\t\t<img loading=\"lazy\" decoding=\"async\" width=\"493\" height=\"301\" src=\"https:\/\/cdn.krcsports.com\/2024\/10\/team002.webp\" class=\"attachment-large size-large wp-image-2863\" alt=\"equipe\" srcset=\"https:\/\/cdn.krcsports.com\/2024\/10\/team002.webp 493w, https:\/\/cdn.krcsports.com\/2024\/10\/team002-300x183.webp 300w, https:\/\/cdn.krcsports.com\/2024\/10\/team002-18x12.webp 18w\" sizes=\"auto, (max-width: 493px) 100vw, 493px\" \/>\t\t\t\t\t\t\n\t\t\t\t\t<\/div>\n\t\t\t\t\t\t\t\t\n<style>\n#image_927930961 {\n  width: 100%;\n}\n<\/style>\n\t<\/div>\n\t\n\n\n\t\t<\/div>\n\n\t\t\n<style>\n#section_217401462 {\n  padding-top: 30px;\n  padding-bottom: 30px;\n}\n<\/style>\n\t<\/section>\n\t\n\t<section class=\"section\" id=\"section_915809841\">\n\t\t<div class=\"bg section-bg fill bg-fill  bg-loaded\" >\n\n\t\t\t\n\t\t\t\n\t\t\t\n\n\t\t<\/div>\n\n\t\t\n\n\t\t<div class=\"section-content relative\">\n\t\t\t\n\n\t<div class=\"img has-hover x md-x lg-x y md-y lg-y\" id=\"image_276098837\">\n\t\t\t\t\t\t\t\t<div class=\"img-inner dark\" >\n\t\t\t<img loading=\"lazy\" decoding=\"async\" width=\"1020\" height=\"466\" src=\"https:\/\/cdn.krcsports.com\/2024\/10\/exhibition1-1024x468.webp\" class=\"attachment-large size-large wp-image-2864\" alt=\"exposi\u00e7\u00e3o\" srcset=\"https:\/\/cdn.krcsports.com\/2024\/10\/exhibition1-1024x468.webp 1024w, https:\/\/cdn.krcsports.com\/2024\/10\/exhibition1-300x137.webp 300w, https:\/\/cdn.krcsports.com\/2024\/10\/exhibition1-768x351.webp 768w, https:\/\/cdn.krcsports.com\/2024\/10\/exhibition1-18x8.webp 18w, https:\/\/cdn.krcsports.com\/2024\/10\/exhibition1-600x274.webp 600w, https:\/\/cdn.krcsports.com\/2024\/10\/exhibition1.webp 1200w\" sizes=\"auto, (max-width: 1020px) 100vw, 1020px\" \/>\t\t\t\t\t\t\n\t\t\t\t\t<\/div>\n\t\t\t\t\t\t\t\t\n<style>\n#image_276098837 {\n  width: 100%;\n}\n<\/style>\n\t<\/div>\n\t\n\n\n\t\t<\/div>\n\n\t\t\n<style>\n#section_915809841 {\n  padding-top: 30px;\n  padding-bottom: 30px;\n}\n<\/style>\n\t<\/section>\n\t\n<p>\n\n<div class=\"wpcf7 no-js\" id=\"wpcf7-f5-o1\" lang=\"en-US\" dir=\"ltr\">\n<div class=\"screen-reader-response\"><p role=\"status\" aria-live=\"polite\" aria-atomic=\"true\"><\/p> <ul><\/ul><\/div>\n<form action=\"\/pt\/wp-json\/wp\/v2\/product\/3170#wpcf7-f5-o1\" method=\"post\" class=\"wpcf7-form init\" aria-label=\"Formul\u00e1rio de contato\" novalidate=\"novalidate\" data-status=\"init\" data-trp-original-action=\"\/pt\/wp-json\/wp\/v2\/product\/3170#wpcf7-f5-o1\">\n<div style=\"display: none;\">\n<input type=\"hidden\" name=\"_wpcf7\" value=\"5\" \/>\n<input type=\"hidden\" name=\"_wpcf7_version\" value=\"5.9.5\" \/>\n<input type=\"hidden\" name=\"_wpcf7_locale\" value=\"en_US\" \/>\n<input type=\"hidden\" name=\"_wpcf7_unit_tag\" value=\"wpcf7-f5-o1\" \/>\n<input type=\"hidden\" name=\"_wpcf7_container_post\" value=\"0\" \/>\n<input type=\"hidden\" name=\"_wpcf7_posted_data_hash\" value=\"\" \/>\n<\/div>\n<div class='custom_contact_style'>\n\t<p><label> Seu nome<br \/>\n<span class=\"wpcf7-form-control-wrap\" data-name=\"your-name\"><input size=\"40\" class=\"wpcf7-form-control wpcf7-text wpcf7-validates-as-required\" autocomplete=\"name\" aria-required=\"true\" aria-invalid=\"false\" value=\"\" type=\"text\" name=\"your-name\" \/><\/span> <\/label>\n\t<\/p>\n\t<p><label> Seu e-mail<br \/>\n<span class=\"wpcf7-form-control-wrap\" data-name=\"your-email\"><input size=\"40\" class=\"wpcf7-form-control wpcf7-email wpcf7-validates-as-required wpcf7-text wpcf7-validates-as-email\" autocomplete=\"email\" aria-required=\"true\" aria-invalid=\"false\" value=\"\" type=\"email\" name=\"your-email\" \/><\/span> <\/label>\n\t<\/p>\n\t<p><label> Sua mensagem (opcional)<br \/>\n<span class=\"wpcf7-form-control-wrap\" data-name=\"your-message\"><textarea cols=\"40\" rows=\"10\" class=\"wpcf7-form-control wpcf7-textarea\" aria-invalid=\"false\" name=\"your-message\"><\/textarea><\/span> <\/label>\n\t<\/p>\n\t<div style=\"margin-bottom:10px;\">\n\t\t<p><span class=\"wpcf7-form-control-wrap kc_captcha cf7ic-toggle\" data-name=\"kc_captcha\"><span class=\"wpcf7-form-control wpcf7-radio\"><span class=\"captcha-image\" style=\"display: none;\"><span class=\"cf7ic_instructions\">Por favor, prove que voc\u00ea \u00e9 humano selecionando<span> chave<\/span>.<\/span><label><input type=\"radio\" name=\"kc_captcha\" value=\"bot\" \/><svg width=\"50\" height=\"50\" aria-hidden=\"true\" role=\"img\" xmlns=\"http:\/\/www.w3.org\/2000\/svg\" viewbox=\"0 0 640 512\"><path fill=\"currentColor\" d=\"M192 384h192c53 0 96-43 96-96h32a128 128 0 000-256H120c-13 0-24 11-24 24v232c0 53 43 96 96 96zM512 96a64 64 0 010 128h-32V96h32zm48 384H48c-47 0-61-64-36-64h584c25 0 11 64-36 64z\"\/><\/svg><\/label><label><input type=\"radio\" name=\"kc_captcha\" value=\"kc_human\" \/><svg width=\"50\" height=\"50\" aria-hidden=\"true\" role=\"img\" xmlns=\"http:\/\/www.w3.org\/2000\/svg\" viewbox=\"0 0 512 512\"><path fill=\"currentColor\" d=\"M512 176a176 176 0 01-209 173l-24 27a24 24 0 01-18 8h-37v40c0 13-11 24-24 24h-40v40c0 13-11 24-24 24H24c-13 0-24-11-24-24v-78c0-6 3-13 7-17l162-162a176 176 0 11343-55zm-176-48a48 48 0 1096 0 48 48 0 00-96 0z\"\/><\/svg><\/label><label><input type=\"radio\" name=\"kc_captcha\" value=\"bot\" \/><svg width=\"50\" height=\"50\" aria-hidden=\"true\" role=\"img\" xmlns=\"http:\/\/www.w3.org\/2000\/svg\" viewbox=\"0 0 576 512\"><path fill=\"currentColor\" d=\"M472 200H360L256 6a12 12 0 00-10-6h-58c-8 0-14 7-12 15l34 185H100l-35-58a12 12 0 00-10-6H12c-8 0-13 7-12 14l21 106L0 362c-1 7 4 14 12 14h43c4 0 8-2 10-6l35-58h110l-34 185c-2 8 4 15 12 15h58a12 12 0 0010-6l104-194h112c57 0 104-25 104-56s-47-56-104-56z\"\/><\/svg><\/label>\r\n    <\/span>\r\n    <span style=\"display:none\">\r\n        <input type=\"text\" name=\"kc_honeypot\">\r\n    <\/span><\/span><\/span>\n\t\t<\/p>\n\t<\/div>\n\t<p><input class=\"wpcf7-form-control wpcf7-submit has-spinner\" type=\"submit\" value=\"Enviar\" \/>\n\t<\/p>\n<\/div><div class=\"wpcf7-response-output\" aria-hidden=\"true\"><\/div>\n<input type=\"hidden\" name=\"trp-form-language\" value=\"pt\"\/><\/form>\n<\/div>\n\n\n<\/p>","protected":false},"excerpt":{"rendered":"<p>Almofadas de chute curvas Constru\u00e7\u00e3o em couro sint\u00e9tico dur\u00e1vel.<\/p>\n<p>Prote\u00e7\u00e3o ideal para receber joelhadas, cotoveladas, chutes e socos.<\/p>\n<p>Ajuste anat\u00f4mico curvo.<\/p>\n<p>O design curvo exclusivo promove golpes de aterrissagem no ponto ideal.<\/p>\n<p>Peso por almofada: 2,75 lbs, vendida em pares.<\/p>","protected":false},"featured_media":2084,"template":"","meta":[],"product_cat":[48,37],"product_tag":[],"class_list":{"0":"post-3170","1":"product","2":"type-product","3":"status-publish","4":"has-post-thumbnail","6":"product_cat-martial-arts-target-pad","7":"product_cat-boxing-target","9":"first","10":"instock","11":"shipping-taxable","12":"product-type-simple"},"yoast_head":"<!-- This site is optimized with the Yoast SEO plugin v22.7 - https:\/\/yoast.com\/wordpress\/plugins\/seo\/ -->\n<title>curved kick pad - trustworthy combat sports equipment manufacturer<\/title>\n<meta name=\"description\" content=\"Kickboxing Muay Thai Pads 2pcs Muay Thai Striking Coaching Gear Martial Arts Training Kick Pads 1 PairMuay Thai Kick Pads Superior All Genuine Leather | Professional Training Pads for Boxing, MMA, and More | Cow Hide Leather, Curved Design, Hook &amp; Loop Closure, Padded\" \/>\n<meta name=\"robots\" content=\"index, follow, max-snippet:-1, max-image-preview:large, max-video-preview:-1\" \/>\n<link rel=\"canonical\" href=\"https:\/\/krcsports.com\/pt\/produto\/curved-kick-pad\/\" \/>\n<meta property=\"og:locale\" content=\"pt_PT\" \/>\n<meta property=\"og:type\" content=\"article\" \/>\n<meta property=\"og:title\" content=\"curved kick pad - trustworthy combat sports equipment manufacturer\" \/>\n<meta property=\"og:description\" content=\"Kickboxing Muay Thai Pads 2pcs Muay Thai Striking Coaching Gear Martial Arts Training Kick Pads 1 PairMuay Thai Kick Pads Superior All Genuine Leather | Professional Training Pads for Boxing, MMA, and More | Cow Hide Leather, Curved Design, Hook &amp; Loop Closure, Padded\" \/>\n<meta property=\"og:url\" content=\"https:\/\/krcsports.com\/pt\/produto\/curved-kick-pad\/\" \/>\n<meta property=\"og:site_name\" content=\"trustworthy combat sports equipment manufacturer\" \/>\n<meta property=\"article:publisher\" content=\"https:\/\/www.facebook.com\/people\/Krc-sports\/100063994129159\/\" \/>\n<meta property=\"article:modified_time\" content=\"2024-11-20T13:21:23+00:00\" \/>\n<meta property=\"og:image\" content=\"https:\/\/krcsports.com\/wp-content\/uploads\/2024\/09\/kick-pad1.webp\" \/>\n\t<meta property=\"og:image:width\" content=\"800\" \/>\n\t<meta property=\"og:image:height\" content=\"800\" \/>\n\t<meta property=\"og:image:type\" content=\"image\/webp\" \/>\n<meta name=\"twitter:card\" content=\"summary_large_image\" \/>\n<meta name=\"twitter:label1\" content=\"Tempo estimado de leitura\" \/>\n\t<meta name=\"twitter:data1\" content=\"2 minutos\" \/>\n<script type=\"application\/ld+json\" class=\"yoast-schema-graph\">{\"@context\":\"https:\/\/schema.org\",\"@graph\":[{\"@type\":\"WebPage\",\"@id\":\"https:\/\/krcsports.com\/manufacturer\/curved-kick-pad\/\",\"url\":\"https:\/\/krcsports.com\/manufacturer\/curved-kick-pad\/\",\"name\":\"curved kick pad - trustworthy combat sports equipment manufacturer\",\"isPartOf\":{\"@id\":\"https:\/\/krcsports.com\/#website\"},\"primaryImageOfPage\":{\"@id\":\"https:\/\/krcsports.com\/manufacturer\/curved-kick-pad\/#primaryimage\"},\"image\":{\"@id\":\"https:\/\/krcsports.com\/manufacturer\/curved-kick-pad\/#primaryimage\"},\"thumbnailUrl\":\"https:\/\/cdn.krcsports.com\/2024\/09\/kick-pad1.webp\",\"datePublished\":\"2024-11-20T13:13:49+00:00\",\"dateModified\":\"2024-11-20T13:21:23+00:00\",\"description\":\"Kickboxing Muay Thai Pads 2pcs Muay Thai Striking Coaching Gear Martial Arts Training Kick Pads 1 PairMuay Thai Kick Pads Superior All Genuine Leather | Professional Training Pads for Boxing, MMA, and More | Cow Hide Leather, Curved Design, Hook & Loop Closure, Padded\",\"breadcrumb\":{\"@id\":\"https:\/\/krcsports.com\/manufacturer\/curved-kick-pad\/#breadcrumb\"},\"inLanguage\":\"pt-PT\",\"potentialAction\":[{\"@type\":\"ReadAction\",\"target\":[\"https:\/\/krcsports.com\/manufacturer\/curved-kick-pad\/\"]}]},{\"@type\":\"ImageObject\",\"inLanguage\":\"pt-PT\",\"@id\":\"https:\/\/krcsports.com\/manufacturer\/curved-kick-pad\/#primaryimage\",\"url\":\"https:\/\/cdn.krcsports.com\/2024\/09\/kick-pad1.webp\",\"contentUrl\":\"https:\/\/cdn.krcsports.com\/2024\/09\/kick-pad1.webp\",\"width\":800,\"height\":800,\"caption\":\"kick pad\"},{\"@type\":\"BreadcrumbList\",\"@id\":\"https:\/\/krcsports.com\/manufacturer\/curved-kick-pad\/#breadcrumb\",\"itemListElement\":[{\"@type\":\"ListItem\",\"position\":1,\"name\":\"Home\",\"item\":\"https:\/\/krcsports.com\/\"},{\"@type\":\"ListItem\",\"position\":2,\"name\":\"Products\",\"item\":\"https:\/\/krcsports.com\/shop\/\"},{\"@type\":\"ListItem\",\"position\":3,\"name\":\"curved kick pad\"}]},{\"@type\":\"WebSite\",\"@id\":\"https:\/\/krcsports.com\/#website\",\"url\":\"https:\/\/krcsports.com\/\",\"name\":\"krc sports\",\"description\":\"\",\"publisher\":{\"@id\":\"https:\/\/krcsports.com\/#organization\"},\"potentialAction\":[{\"@type\":\"SearchAction\",\"target\":{\"@type\":\"EntryPoint\",\"urlTemplate\":\"https:\/\/krcsports.com\/?s={search_term_string}\"},\"query-input\":\"required name=search_term_string\"}],\"inLanguage\":\"pt-PT\"},{\"@type\":\"Organization\",\"@id\":\"https:\/\/krcsports.com\/#organization\",\"name\":\"krc sports\",\"url\":\"https:\/\/krcsports.com\/\",\"logo\":{\"@type\":\"ImageObject\",\"inLanguage\":\"pt-PT\",\"@id\":\"https:\/\/krcsports.com\/#\/schema\/logo\/image\/\",\"url\":\"https:\/\/krcsports.com\/wp-content\/uploads\/2024\/07\/logo.webp\",\"contentUrl\":\"https:\/\/krcsports.com\/wp-content\/uploads\/2024\/07\/logo.webp\",\"width\":80,\"height\":60,\"caption\":\"krc sports\"},\"image\":{\"@id\":\"https:\/\/krcsports.com\/#\/schema\/logo\/image\/\"},\"sameAs\":[\"https:\/\/www.facebook.com\/people\/Krc-sports\/100063994129159\/\"]}]}<\/script>\n<!-- \/ Yoast SEO plugin. -->","yoast_head_json":{"title":"almofada de chute curva - fabricante confi\u00e1vel de equipamentos para esportes de combate","description":"Kickboxing Muay Thai Pads 2 pe\u00e7as Muay Thai Striking Coaching Gear Martial Arts Training Kick Pads 1 parMuay Thai Kick Pads Superior All Genuine Leather | Almofadas de treinamento profissional para boxe, MMA e muito mais | Couro de vaca, design curvo, fecho de velcro, acolchoado","robots":{"index":"index","follow":"follow","max-snippet":"max-snippet:-1","max-image-preview":"max-image-preview:large","max-video-preview":"max-video-preview:-1"},"canonical":"https:\/\/krcsports.com\/pt\/produto\/curved-kick-pad\/","og_locale":"pt_PT","og_type":"article","og_title":"curved kick pad - trustworthy combat sports equipment manufacturer","og_description":"Kickboxing Muay Thai Pads 2pcs Muay Thai Striking Coaching Gear Martial Arts Training Kick Pads 1 PairMuay Thai Kick Pads Superior All Genuine Leather | Professional Training Pads for Boxing, MMA, and More | Cow Hide Leather, Curved Design, Hook & Loop Closure, Padded","og_url":"https:\/\/krcsports.com\/pt\/produto\/curved-kick-pad\/","og_site_name":"trustworthy combat sports equipment manufacturer","article_publisher":"https:\/\/www.facebook.com\/people\/Krc-sports\/100063994129159\/","article_modified_time":"2024-11-20T13:21:23+00:00","og_image":[{"width":800,"height":800,"url":"https:\/\/krcsports.com\/wp-content\/uploads\/2024\/09\/kick-pad1.webp","type":"image\/webp"}],"twitter_card":"summary_large_image","twitter_misc":{"Tempo estimado de leitura":"2 minutos"},"schema":{"@context":"https:\/\/schema.org","@graph":[{"@type":"WebPage","@id":"https:\/\/krcsports.com\/manufacturer\/curved-kick-pad\/","url":"https:\/\/krcsports.com\/manufacturer\/curved-kick-pad\/","name":"almofada de chute curva - fabricante confi\u00e1vel de equipamentos para esportes de combate","isPartOf":{"@id":"https:\/\/krcsports.com\/#website"},"primaryImageOfPage":{"@id":"https:\/\/krcsports.com\/manufacturer\/curved-kick-pad\/#primaryimage"},"image":{"@id":"https:\/\/krcsports.com\/manufacturer\/curved-kick-pad\/#primaryimage"},"thumbnailUrl":"https:\/\/cdn.krcsports.com\/2024\/09\/kick-pad1.webp","datePublished":"2024-11-20T13:13:49+00:00","dateModified":"2024-11-20T13:21:23+00:00","description":"Kickboxing Muay Thai Pads 2 pe\u00e7as Muay Thai Striking Coaching Gear Martial Arts Training Kick Pads 1 parMuay Thai Kick Pads Superior All Genuine Leather | Almofadas de treinamento profissional para boxe, MMA e muito mais | Couro de vaca, design curvo, fecho de velcro, acolchoado","breadcrumb":{"@id":"https:\/\/krcsports.com\/manufacturer\/curved-kick-pad\/#breadcrumb"},"inLanguage":"pt-PT","potentialAction":[{"@type":"ReadAction","target":["https:\/\/krcsports.com\/manufacturer\/curved-kick-pad\/"]}]},{"@type":"ImageObject","inLanguage":"pt-PT","@id":"https:\/\/krcsports.com\/manufacturer\/curved-kick-pad\/#primaryimage","url":"https:\/\/cdn.krcsports.com\/2024\/09\/kick-pad1.webp","contentUrl":"https:\/\/cdn.krcsports.com\/2024\/09\/kick-pad1.webp","width":800,"height":800,"caption":"kick pad"},{"@type":"BreadcrumbList","@id":"https:\/\/krcsports.com\/manufacturer\/curved-kick-pad\/#breadcrumb","itemListElement":[{"@type":"ListItem","position":1,"name":"Home","item":"https:\/\/krcsports.com\/"},{"@type":"ListItem","position":2,"name":"Products","item":"https:\/\/krcsports.com\/shop\/"},{"@type":"ListItem","position":3,"name":"curved kick pad"}]},{"@type":"WebSite","@id":"https:\/\/krcsports.com\/#website","url":"https:\/\/krcsports.com\/","name":"esportes krc","description":"","publisher":{"@id":"https:\/\/krcsports.com\/#organization"},"potentialAction":[{"@type":"SearchAction","target":{"@type":"EntryPoint","urlTemplate":"https:\/\/krcsports.com\/?s={search_term_string}"},"query-input":"required name=search_term_string"}],"inLanguage":"pt-PT"},{"@type":"Organization","@id":"https:\/\/krcsports.com\/#organization","name":"esportes krc","url":"https:\/\/krcsports.com\/","logo":{"@type":"ImageObject","inLanguage":"pt-PT","@id":"https:\/\/krcsports.com\/#\/schema\/logo\/image\/","url":"https:\/\/krcsports.com\/wp-content\/uploads\/2024\/07\/logo.webp","contentUrl":"https:\/\/krcsports.com\/wp-content\/uploads\/2024\/07\/logo.webp","width":80,"height":60,"caption":"krc sports"},"image":{"@id":"https:\/\/krcsports.com\/#\/schema\/logo\/image\/"},"sameAs":["https:\/\/www.facebook.com\/people\/Krc-sports\/100063994129159\/"]}]}},"_links":{"self":[{"href":"https:\/\/krcsports.com\/pt\/wp-json\/wp\/v2\/product\/3170","targetHints":{"allow":["GET"]}}],"collection":[{"href":"https:\/\/krcsports.com\/pt\/wp-json\/wp\/v2\/product"}],"about":[{"href":"https:\/\/krcsports.com\/pt\/wp-json\/wp\/v2\/types\/product"}],"wp:featuredmedia":[{"embeddable":true,"href":"https:\/\/krcsports.com\/pt\/wp-json\/wp\/v2\/media\/2084"}],"wp:attachment":[{"href":"https:\/\/krcsports.com\/pt\/wp-json\/wp\/v2\/media?parent=3170"}],"wp:term":[{"taxonomy":"product_cat","embeddable":true,"href":"https:\/\/krcsports.com\/pt\/wp-json\/wp\/v2\/product_cat?post=3170"},{"taxonomy":"product_tag","embeddable":true,"href":"https:\/\/krcsports.com\/pt\/wp-json\/wp\/v2\/product_tag?post=3170"}],"curies":[{"name":"wp","href":"https:\/\/api.w.org\/{rel}","templated":true}]}}