{"id":2638,"date":"2024-09-12T07:15:03","date_gmt":"2024-09-12T07:15:03","guid":{"rendered":"https:\/\/krcsports.com\/?post_type=product&#038;p=2638"},"modified":"2024-11-30T06:58:38","modified_gmt":"2024-11-30T06:58:38","slug":"taekwondo-target","status":"publish","type":"product","link":"https:\/\/krcsports.com\/pt\/manufacturer\/taekwondo-target\/","title":{"rendered":"alvo de taekwondo"},"content":{"rendered":"<ul class=\"a-unordered-list a-vertical a-spacing-mini\">\n<li class=\"a-spacing-mini\"><span class=\"a-list-item\">Design exclusivo de Double-Pad: Este pacote vem com dois Double Kicking Pads, cada um consistindo de duas folhas de alvo. Este design exclusivo oferece mais \u00e1rea de superf\u00edcie para praticar seus chutes de Taekwondo<\/span><\/li>\n<\/ul>\n<p>\u00a0<\/p>\n<ul class=\"a-unordered-list a-vertical a-spacing-mini\">\n<li class=\"a-spacing-mini\"><span class=\"a-list-item\">Uso Vers\u00e1til: Essas almofadas de chute duplo s\u00e3o ideais para entusiastas de Taekwondo de todos os n\u00edveis. Elas podem ser usadas para praticar chutes baixos e altos, ajudando a melhorar sua velocidade, precis\u00e3o e for\u00e7a.<\/span><\/li>\n<\/ul>\n<p>\u00a0<\/p>\n<ul class=\"a-unordered-list a-vertical a-spacing-mini\">\n<li class=\"a-spacing-mini\"><span class=\"a-list-item\">Melhore suas habilidades: Nossos kick pads foram projetados com \u00eanfase em melhorar seus chutes altos e baixos. Aprenda a dar chutes a cada vez com velocidade, precis\u00e3o e for\u00e7a aprimoradas.<\/span><\/li>\n<\/ul>\n<p>\u00a0<\/p>\n<ul class=\"a-unordered-list a-vertical a-spacing-mini\">\n<li class=\"a-spacing-mini\"><span class=\"a-list-item\">Al\u00e7a de pulso inclu\u00edda: Uma al\u00e7a de pulso est\u00e1 inclu\u00edda para evitar que o kick pad caia durante o treinamento. Esse recurso garante seguran\u00e7a durante sess\u00f5es de treinamento rigorosas.<\/span><\/li>\n<\/ul>\n<p>\u00a0<\/p>\n<ul class=\"a-unordered-list a-vertical a-spacing-mini\">\n<li class=\"a-spacing-mini\"><span class=\"a-list-item\">Multiuso: embora para Taekwondo, essas almofadas de chute podem ser usadas para v\u00e1rias outras pr\u00e1ticas de artes marciais tamb\u00e9m. Seja para Taekwondo, kickboxing ou outras artes marciais, essas almofadas s\u00e3o um \u00f3timo acess\u00f3rio para qualquer um que queira melhorar suas habilidades de chute.<\/span><\/li>\n<\/ul>","protected":false},"excerpt":{"rendered":"<p>O alvo de taekwondo de dois lados \u00e9 feito de couro PU de alta qualidade por fora e esponja de alta compress\u00e3o el\u00e1stica por dentro<\/p>\n<p>O pacote inclui 2 protetores de chute vermelhos, tamanho: 15\u201d x 7,5\u201d x 2,5\u201d.<\/p>\n<p> Com a al\u00e7a de pulso para evitar que o apoio de chute caia.<\/p>\n<p>O kick pad \u00e9 excelente para praticar chutes altos e baixos, <\/p>\n<p>as placas dentro dos pads produzem um som alto de impacto para ajudar voc\u00ea a medir a efici\u00eancia e a precis\u00e3o dos seus chutes.<\/p>\n<p>Aplic\u00e1vel na pr\u00e1tica de taekwondo, artes marciais, carat\u00ea, boxe, muay thai, etc.<\/p>","protected":false},"featured_media":2639,"template":"","meta":[],"product_cat":[57,38],"product_tag":[],"class_list":{"0":"post-2638","1":"product","2":"type-product","3":"status-publish","4":"has-post-thumbnail","6":"product_cat-taekwondo-mitts-target","7":"product_cat-boxing-ring","9":"first","10":"instock","11":"shipping-taxable","12":"product-type-simple"},"yoast_head":"<!-- This site is optimized with the Yoast SEO plugin v22.7 - https:\/\/yoast.com\/wordpress\/plugins\/seo\/ -->\n<title>taekwondo target - trustworthy combat sports equipment manufacturer<\/title>\n<meta name=\"description\" content=\"2 Pack Taekwondo target Kick Pads, Durable Striking Pad Target TKD Karate Martial Arts Strike Targets Kickboxing Training, Red\" \/>\n<meta name=\"robots\" content=\"index, follow, max-snippet:-1, max-image-preview:large, max-video-preview:-1\" \/>\n<link rel=\"canonical\" href=\"https:\/\/krcsports.com\/pt\/produto\/taekwondo-target\/\" \/>\n<meta property=\"og:locale\" content=\"pt_PT\" \/>\n<meta property=\"og:type\" content=\"article\" \/>\n<meta property=\"og:title\" content=\"taekwondo target - trustworthy combat sports equipment manufacturer\" \/>\n<meta property=\"og:description\" content=\"2 Pack Taekwondo target Kick Pads, Durable Striking Pad Target TKD Karate Martial Arts Strike Targets Kickboxing Training, Red\" \/>\n<meta property=\"og:url\" content=\"https:\/\/krcsports.com\/pt\/produto\/taekwondo-target\/\" \/>\n<meta property=\"og:site_name\" content=\"trustworthy combat sports equipment manufacturer\" \/>\n<meta property=\"article:publisher\" content=\"https:\/\/www.facebook.com\/people\/Krc-sports\/100063994129159\/\" \/>\n<meta property=\"article:modified_time\" content=\"2024-11-30T06:58:38+00:00\" \/>\n<meta property=\"og:image\" content=\"https:\/\/krcsports.com\/wp-content\/uploads\/2024\/09\/target1.webp\" \/>\n\t<meta property=\"og:image:width\" content=\"800\" \/>\n\t<meta property=\"og:image:height\" content=\"800\" \/>\n\t<meta property=\"og:image:type\" content=\"image\/webp\" \/>\n<meta name=\"twitter:card\" content=\"summary_large_image\" \/>\n<meta name=\"twitter:label1\" content=\"Tempo estimado de leitura\" \/>\n\t<meta name=\"twitter:data1\" content=\"1 minuto\" \/>\n<script type=\"application\/ld+json\" class=\"yoast-schema-graph\">{\"@context\":\"https:\/\/schema.org\",\"@graph\":[{\"@type\":\"WebPage\",\"@id\":\"https:\/\/krcsports.com\/manufacturer\/taekwondo-target\/\",\"url\":\"https:\/\/krcsports.com\/manufacturer\/taekwondo-target\/\",\"name\":\"taekwondo target - trustworthy combat sports equipment manufacturer\",\"isPartOf\":{\"@id\":\"https:\/\/krcsports.com\/#website\"},\"primaryImageOfPage\":{\"@id\":\"https:\/\/krcsports.com\/manufacturer\/taekwondo-target\/#primaryimage\"},\"image\":{\"@id\":\"https:\/\/krcsports.com\/manufacturer\/taekwondo-target\/#primaryimage\"},\"thumbnailUrl\":\"https:\/\/cdn.krcsports.com\/2024\/09\/target1.webp\",\"datePublished\":\"2024-09-12T07:15:03+00:00\",\"dateModified\":\"2024-11-30T06:58:38+00:00\",\"description\":\"2 Pack Taekwondo target Kick Pads, Durable Striking Pad Target TKD Karate Martial Arts Strike Targets Kickboxing Training, Red\",\"breadcrumb\":{\"@id\":\"https:\/\/krcsports.com\/manufacturer\/taekwondo-target\/#breadcrumb\"},\"inLanguage\":\"pt-PT\",\"potentialAction\":[{\"@type\":\"ReadAction\",\"target\":[\"https:\/\/krcsports.com\/manufacturer\/taekwondo-target\/\"]}]},{\"@type\":\"ImageObject\",\"inLanguage\":\"pt-PT\",\"@id\":\"https:\/\/krcsports.com\/manufacturer\/taekwondo-target\/#primaryimage\",\"url\":\"https:\/\/cdn.krcsports.com\/2024\/09\/target1.webp\",\"contentUrl\":\"https:\/\/cdn.krcsports.com\/2024\/09\/target1.webp\",\"width\":800,\"height\":800,\"caption\":\"target\"},{\"@type\":\"BreadcrumbList\",\"@id\":\"https:\/\/krcsports.com\/manufacturer\/taekwondo-target\/#breadcrumb\",\"itemListElement\":[{\"@type\":\"ListItem\",\"position\":1,\"name\":\"Home\",\"item\":\"https:\/\/krcsports.com\/\"},{\"@type\":\"ListItem\",\"position\":2,\"name\":\"Products\",\"item\":\"https:\/\/krcsports.com\/shop\/\"},{\"@type\":\"ListItem\",\"position\":3,\"name\":\"taekwondo target\"}]},{\"@type\":\"WebSite\",\"@id\":\"https:\/\/krcsports.com\/#website\",\"url\":\"https:\/\/krcsports.com\/\",\"name\":\"krc sports\",\"description\":\"\",\"publisher\":{\"@id\":\"https:\/\/krcsports.com\/#organization\"},\"potentialAction\":[{\"@type\":\"SearchAction\",\"target\":{\"@type\":\"EntryPoint\",\"urlTemplate\":\"https:\/\/krcsports.com\/?s={search_term_string}\"},\"query-input\":\"required name=search_term_string\"}],\"inLanguage\":\"pt-PT\"},{\"@type\":\"Organization\",\"@id\":\"https:\/\/krcsports.com\/#organization\",\"name\":\"krc sports\",\"url\":\"https:\/\/krcsports.com\/\",\"logo\":{\"@type\":\"ImageObject\",\"inLanguage\":\"pt-PT\",\"@id\":\"https:\/\/krcsports.com\/#\/schema\/logo\/image\/\",\"url\":\"https:\/\/krcsports.com\/wp-content\/uploads\/2024\/07\/logo.webp\",\"contentUrl\":\"https:\/\/krcsports.com\/wp-content\/uploads\/2024\/07\/logo.webp\",\"width\":80,\"height\":60,\"caption\":\"krc sports\"},\"image\":{\"@id\":\"https:\/\/krcsports.com\/#\/schema\/logo\/image\/\"},\"sameAs\":[\"https:\/\/www.facebook.com\/people\/Krc-sports\/100063994129159\/\"]}]}<\/script>\n<!-- \/ Yoast SEO plugin. -->","yoast_head_json":{"title":"alvo de taekwondo - fabricante confi\u00e1vel de equipamentos para esportes de combate","description":"Pacote com 2 almofadas de chute de alvo de Taekwondo, almofada de ataque dur\u00e1vel, alvo de artes marciais de karat\u00ea TKD, alvos de treinamento de kickboxing, vermelho","robots":{"index":"index","follow":"follow","max-snippet":"max-snippet:-1","max-image-preview":"max-image-preview:large","max-video-preview":"max-video-preview:-1"},"canonical":"https:\/\/krcsports.com\/pt\/produto\/taekwondo-target\/","og_locale":"pt_PT","og_type":"article","og_title":"taekwondo target - trustworthy combat sports equipment manufacturer","og_description":"2 Pack Taekwondo target Kick Pads, Durable Striking Pad Target TKD Karate Martial Arts Strike Targets Kickboxing Training, Red","og_url":"https:\/\/krcsports.com\/pt\/produto\/taekwondo-target\/","og_site_name":"trustworthy combat sports equipment manufacturer","article_publisher":"https:\/\/www.facebook.com\/people\/Krc-sports\/100063994129159\/","article_modified_time":"2024-11-30T06:58:38+00:00","og_image":[{"width":800,"height":800,"url":"https:\/\/krcsports.com\/wp-content\/uploads\/2024\/09\/target1.webp","type":"image\/webp"}],"twitter_card":"summary_large_image","twitter_misc":{"Tempo estimado de leitura":"1 minuto"},"schema":{"@context":"https:\/\/schema.org","@graph":[{"@type":"WebPage","@id":"https:\/\/krcsports.com\/manufacturer\/taekwondo-target\/","url":"https:\/\/krcsports.com\/manufacturer\/taekwondo-target\/","name":"alvo de taekwondo - fabricante confi\u00e1vel de equipamentos para esportes de combate","isPartOf":{"@id":"https:\/\/krcsports.com\/#website"},"primaryImageOfPage":{"@id":"https:\/\/krcsports.com\/manufacturer\/taekwondo-target\/#primaryimage"},"image":{"@id":"https:\/\/krcsports.com\/manufacturer\/taekwondo-target\/#primaryimage"},"thumbnailUrl":"https:\/\/cdn.krcsports.com\/2024\/09\/target1.webp","datePublished":"2024-09-12T07:15:03+00:00","dateModified":"2024-11-30T06:58:38+00:00","description":"Pacote com 2 almofadas de chute de alvo de Taekwondo, almofada de ataque dur\u00e1vel, alvo de artes marciais de karat\u00ea TKD, alvos de treinamento de kickboxing, vermelho","breadcrumb":{"@id":"https:\/\/krcsports.com\/manufacturer\/taekwondo-target\/#breadcrumb"},"inLanguage":"pt-PT","potentialAction":[{"@type":"ReadAction","target":["https:\/\/krcsports.com\/manufacturer\/taekwondo-target\/"]}]},{"@type":"ImageObject","inLanguage":"pt-PT","@id":"https:\/\/krcsports.com\/manufacturer\/taekwondo-target\/#primaryimage","url":"https:\/\/cdn.krcsports.com\/2024\/09\/target1.webp","contentUrl":"https:\/\/cdn.krcsports.com\/2024\/09\/target1.webp","width":800,"height":800,"caption":"target"},{"@type":"BreadcrumbList","@id":"https:\/\/krcsports.com\/manufacturer\/taekwondo-target\/#breadcrumb","itemListElement":[{"@type":"ListItem","position":1,"name":"Home","item":"https:\/\/krcsports.com\/"},{"@type":"ListItem","position":2,"name":"Products","item":"https:\/\/krcsports.com\/shop\/"},{"@type":"ListItem","position":3,"name":"taekwondo target"}]},{"@type":"WebSite","@id":"https:\/\/krcsports.com\/#website","url":"https:\/\/krcsports.com\/","name":"esportes krc","description":"","publisher":{"@id":"https:\/\/krcsports.com\/#organization"},"potentialAction":[{"@type":"SearchAction","target":{"@type":"EntryPoint","urlTemplate":"https:\/\/krcsports.com\/?s={search_term_string}"},"query-input":"required name=search_term_string"}],"inLanguage":"pt-PT"},{"@type":"Organization","@id":"https:\/\/krcsports.com\/#organization","name":"esportes krc","url":"https:\/\/krcsports.com\/","logo":{"@type":"ImageObject","inLanguage":"pt-PT","@id":"https:\/\/krcsports.com\/#\/schema\/logo\/image\/","url":"https:\/\/krcsports.com\/wp-content\/uploads\/2024\/07\/logo.webp","contentUrl":"https:\/\/krcsports.com\/wp-content\/uploads\/2024\/07\/logo.webp","width":80,"height":60,"caption":"krc sports"},"image":{"@id":"https:\/\/krcsports.com\/#\/schema\/logo\/image\/"},"sameAs":["https:\/\/www.facebook.com\/people\/Krc-sports\/100063994129159\/"]}]}},"_links":{"self":[{"href":"https:\/\/krcsports.com\/pt\/wp-json\/wp\/v2\/product\/2638","targetHints":{"allow":["GET"]}}],"collection":[{"href":"https:\/\/krcsports.com\/pt\/wp-json\/wp\/v2\/product"}],"about":[{"href":"https:\/\/krcsports.com\/pt\/wp-json\/wp\/v2\/types\/product"}],"wp:featuredmedia":[{"embeddable":true,"href":"https:\/\/krcsports.com\/pt\/wp-json\/wp\/v2\/media\/2639"}],"wp:attachment":[{"href":"https:\/\/krcsports.com\/pt\/wp-json\/wp\/v2\/media?parent=2638"}],"wp:term":[{"taxonomy":"product_cat","embeddable":true,"href":"https:\/\/krcsports.com\/pt\/wp-json\/wp\/v2\/product_cat?post=2638"},{"taxonomy":"product_tag","embeddable":true,"href":"https:\/\/krcsports.com\/pt\/wp-json\/wp\/v2\/product_tag?post=2638"}],"curies":[{"name":"wp","href":"https:\/\/api.w.org\/{rel}","templated":true}]}}