{"id":2638,"date":"2024-09-12T07:15:03","date_gmt":"2024-09-12T07:15:03","guid":{"rendered":"https:\/\/krcsports.com\/?post_type=product&#038;p=2638"},"modified":"2024-11-30T06:58:38","modified_gmt":"2024-11-30T06:58:38","slug":"taekwondo-target","status":"publish","type":"product","link":"https:\/\/krcsports.com\/nb\/manufacturer\/taekwondo-target\/","title":{"rendered":"taekwondo m\u00e5l"},"content":{"rendered":"<ul class=\"a-unordered-list a-vertical a-spacing-mini\">\n<li class=\"a-spacing-mini\"><span class=\"a-list-item\">Unik design med dobbel pad: Denne pakken kommer med to doble sparkeputer, som hver best\u00e5r av to m\u00e5lblader. Denne unike designen tilbyr mer overflate for \u00e5 \u00f8ve dine Taekwondo-spark<\/span><\/li>\n<\/ul>\n<p>\u00a0<\/p>\n<ul class=\"a-unordered-list a-vertical a-spacing-mini\">\n<li class=\"a-spacing-mini\"><span class=\"a-list-item\">Allsidig bruk: Disse doble sparkeputene er ideelle for Taekwondo-entusiaster p\u00e5 alle niv\u00e5er. De kan brukes til \u00e5 \u00f8ve b\u00e5de lave og h\u00f8ye spark, og bidrar til \u00e5 forbedre hastigheten, n\u00f8yaktigheten og styrken.<\/span><\/li>\n<\/ul>\n<p>\u00a0<\/p>\n<ul class=\"a-unordered-list a-vertical a-spacing-mini\">\n<li class=\"a-spacing-mini\"><span class=\"a-list-item\">Forbedre dine ferdigheter: V\u00e5re sparkeputer er designet med vekt p\u00e5 \u00e5 forbedre dine h\u00f8ye og lave spark. L\u00e6r deg selv \u00e5 lande spark hver gang med forbedret hastighet, n\u00f8yaktighet og styrke.<\/span><\/li>\n<\/ul>\n<p>\u00a0<\/p>\n<ul class=\"a-unordered-list a-vertical a-spacing-mini\">\n<li class=\"a-spacing-mini\"><span class=\"a-list-item\">H\u00e5ndleddsstropp inkludert: En h\u00e5ndleddsstropp er inkludert for \u00e5 forhindre at sparkeputen faller under trening. Denne funksjonen sikrer sikkerhet under strenge trenings\u00f8kter.<\/span><\/li>\n<\/ul>\n<p>\u00a0<\/p>\n<ul class=\"a-unordered-list a-vertical a-spacing-mini\">\n<li class=\"a-spacing-mini\"><span class=\"a-list-item\">Multi-Purpose: Selv om for Taekwondo, kan disse sparkeputene ogs\u00e5 brukes til forskjellige andre kampsport\u00f8velser. Enten det er for Taekwondo, kickboksing eller annen kampsport, er disse putene et flott tilbeh\u00f8r for alle som \u00f8nsker \u00e5 forbedre sine sparkeferdigheter.<\/span><\/li>\n<\/ul>","protected":false},"excerpt":{"rendered":"<p>Taekwondo-m\u00e5l med doble sider er laget av h\u00f8ykvalitets PU-skinn utvendig og h\u00f8yelastisk kompresjonssvamp p\u00e5 innsiden<\/p>\n<p>Pakken inkluderer 2 pakke r\u00f8de sparkeputer, st\u00f8rrelse: 15. x 7,5&quot; x 2,5&quot;.<\/p>\n<p> Med h\u00e5ndleddsstroppen for \u00e5 forhindre at sparkeputen faller.<\/p>\n<p>Sparkepute er utmerket for \u00e5 trene h\u00f8ye og lave spark, <\/p>\n<p>brettene inne i pads produserer en h\u00f8y sl\u00e5ende lyd for \u00e5 hjelpe deg med \u00e5 m\u00e5le effektiviteten og n\u00f8yaktigheten til sparkene dine.<\/p>\n<p>Gjelder for \u00e5 trene taekwondo, kampsport, karate, boksing, muay thai, etc.<\/p>","protected":false},"featured_media":2639,"template":"","meta":[],"product_cat":[57,38],"product_tag":[],"class_list":{"0":"post-2638","1":"product","2":"type-product","3":"status-publish","4":"has-post-thumbnail","6":"product_cat-taekwondo-mitts-target","7":"product_cat-boxing-ring","9":"first","10":"instock","11":"shipping-taxable","12":"product-type-simple"},"yoast_head":"<!-- This site is optimized with the Yoast SEO plugin v22.7 - https:\/\/yoast.com\/wordpress\/plugins\/seo\/ -->\n<title>taekwondo target - trustworthy combat sports equipment manufacturer<\/title>\n<meta name=\"description\" content=\"2 Pack Taekwondo target Kick Pads, Durable Striking Pad Target TKD Karate Martial Arts Strike Targets Kickboxing Training, Red\" \/>\n<meta name=\"robots\" content=\"index, follow, max-snippet:-1, max-image-preview:large, max-video-preview:-1\" \/>\n<link rel=\"canonical\" href=\"https:\/\/krcsports.com\/nb\/produkt\/taekwondo-target\/\" \/>\n<meta property=\"og:locale\" content=\"nb_NO\" \/>\n<meta property=\"og:type\" content=\"article\" \/>\n<meta property=\"og:title\" content=\"taekwondo target - trustworthy combat sports equipment manufacturer\" \/>\n<meta property=\"og:description\" content=\"2 Pack Taekwondo target Kick Pads, Durable Striking Pad Target TKD Karate Martial Arts Strike Targets Kickboxing Training, Red\" \/>\n<meta property=\"og:url\" content=\"https:\/\/krcsports.com\/nb\/produkt\/taekwondo-target\/\" \/>\n<meta property=\"og:site_name\" content=\"trustworthy combat sports equipment manufacturer\" \/>\n<meta property=\"article:publisher\" content=\"https:\/\/www.facebook.com\/people\/Krc-sports\/100063994129159\/\" \/>\n<meta property=\"article:modified_time\" content=\"2024-11-30T06:58:38+00:00\" \/>\n<meta property=\"og:image\" content=\"https:\/\/krcsports.com\/wp-content\/uploads\/2024\/09\/target1.webp\" \/>\n\t<meta property=\"og:image:width\" content=\"800\" \/>\n\t<meta property=\"og:image:height\" content=\"800\" \/>\n\t<meta property=\"og:image:type\" content=\"image\/webp\" \/>\n<meta name=\"twitter:card\" content=\"summary_large_image\" \/>\n<meta name=\"twitter:label1\" content=\"Ansl. lesetid\" \/>\n\t<meta name=\"twitter:data1\" content=\"1 minutt\" \/>\n<script type=\"application\/ld+json\" class=\"yoast-schema-graph\">{\"@context\":\"https:\/\/schema.org\",\"@graph\":[{\"@type\":\"WebPage\",\"@id\":\"https:\/\/krcsports.com\/manufacturer\/taekwondo-target\/\",\"url\":\"https:\/\/krcsports.com\/manufacturer\/taekwondo-target\/\",\"name\":\"taekwondo target - trustworthy combat sports equipment manufacturer\",\"isPartOf\":{\"@id\":\"https:\/\/krcsports.com\/#website\"},\"primaryImageOfPage\":{\"@id\":\"https:\/\/krcsports.com\/manufacturer\/taekwondo-target\/#primaryimage\"},\"image\":{\"@id\":\"https:\/\/krcsports.com\/manufacturer\/taekwondo-target\/#primaryimage\"},\"thumbnailUrl\":\"https:\/\/cdn.krcsports.com\/2024\/09\/target1.webp\",\"datePublished\":\"2024-09-12T07:15:03+00:00\",\"dateModified\":\"2024-11-30T06:58:38+00:00\",\"description\":\"2 Pack Taekwondo target Kick Pads, Durable Striking Pad Target TKD Karate Martial Arts Strike Targets Kickboxing Training, Red\",\"breadcrumb\":{\"@id\":\"https:\/\/krcsports.com\/manufacturer\/taekwondo-target\/#breadcrumb\"},\"inLanguage\":\"nb-NO\",\"potentialAction\":[{\"@type\":\"ReadAction\",\"target\":[\"https:\/\/krcsports.com\/manufacturer\/taekwondo-target\/\"]}]},{\"@type\":\"ImageObject\",\"inLanguage\":\"nb-NO\",\"@id\":\"https:\/\/krcsports.com\/manufacturer\/taekwondo-target\/#primaryimage\",\"url\":\"https:\/\/cdn.krcsports.com\/2024\/09\/target1.webp\",\"contentUrl\":\"https:\/\/cdn.krcsports.com\/2024\/09\/target1.webp\",\"width\":800,\"height\":800,\"caption\":\"target\"},{\"@type\":\"BreadcrumbList\",\"@id\":\"https:\/\/krcsports.com\/manufacturer\/taekwondo-target\/#breadcrumb\",\"itemListElement\":[{\"@type\":\"ListItem\",\"position\":1,\"name\":\"Home\",\"item\":\"https:\/\/krcsports.com\/\"},{\"@type\":\"ListItem\",\"position\":2,\"name\":\"Products\",\"item\":\"https:\/\/krcsports.com\/shop\/\"},{\"@type\":\"ListItem\",\"position\":3,\"name\":\"taekwondo target\"}]},{\"@type\":\"WebSite\",\"@id\":\"https:\/\/krcsports.com\/#website\",\"url\":\"https:\/\/krcsports.com\/\",\"name\":\"krc sports\",\"description\":\"\",\"publisher\":{\"@id\":\"https:\/\/krcsports.com\/#organization\"},\"potentialAction\":[{\"@type\":\"SearchAction\",\"target\":{\"@type\":\"EntryPoint\",\"urlTemplate\":\"https:\/\/krcsports.com\/?s={search_term_string}\"},\"query-input\":\"required name=search_term_string\"}],\"inLanguage\":\"nb-NO\"},{\"@type\":\"Organization\",\"@id\":\"https:\/\/krcsports.com\/#organization\",\"name\":\"krc sports\",\"url\":\"https:\/\/krcsports.com\/\",\"logo\":{\"@type\":\"ImageObject\",\"inLanguage\":\"nb-NO\",\"@id\":\"https:\/\/krcsports.com\/#\/schema\/logo\/image\/\",\"url\":\"https:\/\/krcsports.com\/wp-content\/uploads\/2024\/07\/logo.webp\",\"contentUrl\":\"https:\/\/krcsports.com\/wp-content\/uploads\/2024\/07\/logo.webp\",\"width\":80,\"height\":60,\"caption\":\"krc sports\"},\"image\":{\"@id\":\"https:\/\/krcsports.com\/#\/schema\/logo\/image\/\"},\"sameAs\":[\"https:\/\/www.facebook.com\/people\/Krc-sports\/100063994129159\/\"]}]}<\/script>\n<!-- \/ Yoast SEO plugin. -->","yoast_head_json":{"title":"taekwondo-m\u00e5l - p\u00e5litelig produsent av kampsportutstyr","description":"2-pakk Taekwondo-m\u00e5l-kick-pads, slitesterk sl\u00e5-pad-m\u00e5l TKD Karate Martial Arts Strike-m\u00e5l Kickboksing-trening, r\u00f8d","robots":{"index":"index","follow":"follow","max-snippet":"max-snippet:-1","max-image-preview":"max-image-preview:large","max-video-preview":"max-video-preview:-1"},"canonical":"https:\/\/krcsports.com\/nb\/produkt\/taekwondo-target\/","og_locale":"nb_NO","og_type":"article","og_title":"taekwondo target - trustworthy combat sports equipment manufacturer","og_description":"2 Pack Taekwondo target Kick Pads, Durable Striking Pad Target TKD Karate Martial Arts Strike Targets Kickboxing Training, Red","og_url":"https:\/\/krcsports.com\/nb\/produkt\/taekwondo-target\/","og_site_name":"trustworthy combat sports equipment manufacturer","article_publisher":"https:\/\/www.facebook.com\/people\/Krc-sports\/100063994129159\/","article_modified_time":"2024-11-30T06:58:38+00:00","og_image":[{"width":800,"height":800,"url":"https:\/\/krcsports.com\/wp-content\/uploads\/2024\/09\/target1.webp","type":"image\/webp"}],"twitter_card":"summary_large_image","twitter_misc":{"Ansl. lesetid":"1 minutt"},"schema":{"@context":"https:\/\/schema.org","@graph":[{"@type":"WebPage","@id":"https:\/\/krcsports.com\/manufacturer\/taekwondo-target\/","url":"https:\/\/krcsports.com\/manufacturer\/taekwondo-target\/","name":"taekwondo-m\u00e5l - p\u00e5litelig produsent av kampsportutstyr","isPartOf":{"@id":"https:\/\/krcsports.com\/#website"},"primaryImageOfPage":{"@id":"https:\/\/krcsports.com\/manufacturer\/taekwondo-target\/#primaryimage"},"image":{"@id":"https:\/\/krcsports.com\/manufacturer\/taekwondo-target\/#primaryimage"},"thumbnailUrl":"https:\/\/cdn.krcsports.com\/2024\/09\/target1.webp","datePublished":"2024-09-12T07:15:03+00:00","dateModified":"2024-11-30T06:58:38+00:00","description":"2-pakk Taekwondo-m\u00e5l-kick-pads, slitesterk sl\u00e5-pad-m\u00e5l TKD Karate Martial Arts Strike-m\u00e5l Kickboksing-trening, r\u00f8d","breadcrumb":{"@id":"https:\/\/krcsports.com\/manufacturer\/taekwondo-target\/#breadcrumb"},"inLanguage":"nb-NO","potentialAction":[{"@type":"ReadAction","target":["https:\/\/krcsports.com\/manufacturer\/taekwondo-target\/"]}]},{"@type":"ImageObject","inLanguage":"nb-NO","@id":"https:\/\/krcsports.com\/manufacturer\/taekwondo-target\/#primaryimage","url":"https:\/\/cdn.krcsports.com\/2024\/09\/target1.webp","contentUrl":"https:\/\/cdn.krcsports.com\/2024\/09\/target1.webp","width":800,"height":800,"caption":"target"},{"@type":"BreadcrumbList","@id":"https:\/\/krcsports.com\/manufacturer\/taekwondo-target\/#breadcrumb","itemListElement":[{"@type":"ListItem","position":1,"name":"Home","item":"https:\/\/krcsports.com\/"},{"@type":"ListItem","position":2,"name":"Products","item":"https:\/\/krcsports.com\/shop\/"},{"@type":"ListItem","position":3,"name":"taekwondo target"}]},{"@type":"WebSite","@id":"https:\/\/krcsports.com\/#website","url":"https:\/\/krcsports.com\/","name":"krc sport","description":"","publisher":{"@id":"https:\/\/krcsports.com\/#organization"},"potentialAction":[{"@type":"SearchAction","target":{"@type":"EntryPoint","urlTemplate":"https:\/\/krcsports.com\/?s={search_term_string}"},"query-input":"required name=search_term_string"}],"inLanguage":"nb-NO"},{"@type":"Organization","@id":"https:\/\/krcsports.com\/#organization","name":"krc sport","url":"https:\/\/krcsports.com\/","logo":{"@type":"ImageObject","inLanguage":"nb-NO","@id":"https:\/\/krcsports.com\/#\/schema\/logo\/image\/","url":"https:\/\/krcsports.com\/wp-content\/uploads\/2024\/07\/logo.webp","contentUrl":"https:\/\/krcsports.com\/wp-content\/uploads\/2024\/07\/logo.webp","width":80,"height":60,"caption":"krc sports"},"image":{"@id":"https:\/\/krcsports.com\/#\/schema\/logo\/image\/"},"sameAs":["https:\/\/www.facebook.com\/people\/Krc-sports\/100063994129159\/"]}]}},"_links":{"self":[{"href":"https:\/\/krcsports.com\/nb\/wp-json\/wp\/v2\/product\/2638","targetHints":{"allow":["GET"]}}],"collection":[{"href":"https:\/\/krcsports.com\/nb\/wp-json\/wp\/v2\/product"}],"about":[{"href":"https:\/\/krcsports.com\/nb\/wp-json\/wp\/v2\/types\/product"}],"wp:featuredmedia":[{"embeddable":true,"href":"https:\/\/krcsports.com\/nb\/wp-json\/wp\/v2\/media\/2639"}],"wp:attachment":[{"href":"https:\/\/krcsports.com\/nb\/wp-json\/wp\/v2\/media?parent=2638"}],"wp:term":[{"taxonomy":"product_cat","embeddable":true,"href":"https:\/\/krcsports.com\/nb\/wp-json\/wp\/v2\/product_cat?post=2638"},{"taxonomy":"product_tag","embeddable":true,"href":"https:\/\/krcsports.com\/nb\/wp-json\/wp\/v2\/product_tag?post=2638"}],"curies":[{"name":"wp","href":"https:\/\/api.w.org\/{rel}","templated":true}]}}