{"id":2156,"date":"2024-09-09T08:06:34","date_gmt":"2024-09-09T08:06:34","guid":{"rendered":"https:\/\/krcsports.com\/?post_type=product&#038;p=2156"},"modified":"2024-11-10T01:35:27","modified_gmt":"2024-11-10T01:35:27","slug":"training-type-head-guard","status":"publish","type":"product","link":"https:\/\/krcsports.com\/nb\/manufacturer\/training-type-head-guard\/","title":{"rendered":"hodeplagg"},"content":{"rendered":"<section class=\"section\" id=\"section_1615821490\">\n\t\t<div class=\"bg section-bg fill bg-fill  bg-loaded\" >\n\n\t\t\t\n\t\t\t\n\t\t\t\n\n\t\t<\/div>\n\n\t\t\n\n\t\t<div class=\"section-content relative\">\n\t\t\t\n<ul class=\"a-unordered-list a-vertical a-spacing-mini\">\n<li class=\"a-spacing-mini\"><span class=\"a-list-item\">Boksehodeplagg er laget med et ytre lag av f\u00f8rsteklasses skinn, som sikrer holdbarhet og et elegant utseende. Den er utstyrt med en japansk Amara-innerf\u00f4r, og gir jagerfly topp komfort og luftgjennomtrengelighet.<\/span><\/li>\n<\/ul>\n<p>\u00a0<\/p>\n<ul class=\"a-unordered-list a-vertical a-spacing-mini\">\n<li class=\"a-spacing-mini\"><span class=\"a-list-item\">Slitesterk: Stol p\u00e5 presisjonen til hodebeskyttelsen v\u00e5r, godkjent av de strenge retningslinjene til USA Boxing, og er designet for \u00e5 t\u00e5le p\u00e5kjenningen av intens boksetrening. Med et design tilpasset profesjonelle standarder, tren med selvtillit og glans.<\/span><\/li>\n<\/ul>\n<p>\u00a0<\/p>\n<ul class=\"a-unordered-list a-vertical a-spacing-mini\">\n<li class=\"a-spacing-mini\"><span class=\"a-list-item\">Hold fokus p\u00e5 kampen: Bokseutstyret v\u00e5rt er laget for sikker passform og er din p\u00e5litelige partner i ringen. Tren med fokus og presisjon, vel vitende om at hodebeskyttelsen ikke vil svikte deg.<\/span><\/li>\n<\/ul>\n<p>\u00a0<\/p>\n<ul class=\"a-unordered-list a-vertical a-spacing-mini\">\n<li class=\"a-spacing-mini\"><span class=\"a-list-item\">\u00a0Boksehodeplaggene v\u00e5rt har h\u00f8ye niv\u00e5er av polstring p\u00e5 brynene, kinnene og tinningene, og s\u00f8rger for at hvert slag blir m\u00f8tt med maksimal absorpsjon. Det str\u00f8mlinjeformede, skjulte \u00f8redesignet reduserer risikoen for st\u00f8trelaterte skader.<\/span><\/li>\n<\/ul>\n<p>\u00a0<\/p>\n<ul class=\"a-unordered-list a-vertical a-spacing-mini\">\n<li class=\"a-spacing-mini\"><span class=\"a-list-item\">Mindre tretthet, mer utholdenhet: Den innovative Neo Gel-teknologien innebygd i bokseutstyret v\u00e5rt reduserer tretthet, absorberer st\u00f8t og holder deg til \u00e5 trene lenger uten kompromisser. Opplev trenings\u00f8kter som presser grensene dine uten \u00e5 slite deg ned.<\/span><\/li>\n<\/ul>\n\t\t<\/div>\n\n\t\t\n<style>\n#section_1615821490 {\n  padding-top: 30px;\n  padding-bottom: 30px;\n}\n<\/style>\n\t<\/section>","protected":false},"excerpt":{"rendered":"<p> hodeplagg er allsidig og egnet for enhver sl\u00e5ende sport, alt fra kickboksing, Muay Thai, boksing sparring og MMA til Karate og Tae Kwon Do.<\/p>\n<p>JUSTERBAR PASSFORM \u2013 Den er sv\u00e6rt funksjonell, passer perfekt,<br \/>\ndet er det perfekte boksehodeplagget for menn, ten\u00e5ringer og gutter over 11 \u00e5r. Det kommer i 2 st\u00f8rrelser sm\u00e5 og store med 2 design.<\/p>\n<p>SIKKERHET F\u00d8RST: Boksehodeplaggene v\u00e5rt fremmer sikkerhet under trening eller konkurranse. <\/p>","protected":false},"featured_media":2170,"template":"","meta":[],"product_cat":[44],"product_tag":[],"class_list":{"0":"post-2156","1":"product","2":"type-product","3":"status-publish","4":"has-post-thumbnail","6":"product_cat-boxing-protective-gear","8":"first","9":"instock","10":"shipping-taxable","11":"product-type-simple"},"yoast_head":"<!-- This site is optimized with the Yoast SEO plugin v22.7 - https:\/\/yoast.com\/wordpress\/plugins\/seo\/ -->\n<title>headgear - trustworthy combat sports equipment manufacturer<\/title>\n<meta name=\"robots\" content=\"index, follow, max-snippet:-1, max-image-preview:large, max-video-preview:-1\" \/>\n<link rel=\"canonical\" href=\"https:\/\/krcsports.com\/nb\/produkt\/training-type-head-guard\/\" \/>\n<meta property=\"og:locale\" content=\"nb_NO\" \/>\n<meta property=\"og:type\" content=\"article\" \/>\n<meta property=\"og:title\" content=\"headgear - trustworthy combat sports equipment manufacturer\" \/>\n<meta property=\"og:description\" content=\"headgear is versatile and suitable for any striking sport, ranging from Kickboxing, Muay Thai, Boxing sparring and MMA to Karate and Tae Kwon Do.  ADJUSTABLE FIT - It is highly functional, perfectly fitting, it&#039;s the perfect boxing headgear for men, teenagers, and boys above the age of 11. It comes in 2 sizes small and large with 2 designs.  SAFETY FIRST: Our boxing headgear promotes safety during training or competition.\" \/>\n<meta property=\"og:url\" content=\"https:\/\/krcsports.com\/nb\/produkt\/training-type-head-guard\/\" \/>\n<meta property=\"og:site_name\" content=\"trustworthy combat sports equipment manufacturer\" \/>\n<meta property=\"article:publisher\" content=\"https:\/\/www.facebook.com\/people\/Krc-sports\/100063994129159\/\" \/>\n<meta property=\"article:modified_time\" content=\"2024-11-10T01:35:27+00:00\" \/>\n<meta property=\"og:image\" content=\"https:\/\/krcsports.com\/wp-content\/uploads\/2024\/09\/Headgear-6-1.webp\" \/>\n\t<meta property=\"og:image:width\" content=\"640\" \/>\n\t<meta property=\"og:image:height\" content=\"640\" \/>\n\t<meta property=\"og:image:type\" content=\"image\/webp\" \/>\n<meta name=\"twitter:card\" content=\"summary_large_image\" \/>\n<meta name=\"twitter:label1\" content=\"Ansl. lesetid\" \/>\n\t<meta name=\"twitter:data1\" content=\"1 minutt\" \/>\n<script type=\"application\/ld+json\" class=\"yoast-schema-graph\">{\"@context\":\"https:\/\/schema.org\",\"@graph\":[{\"@type\":\"WebPage\",\"@id\":\"https:\/\/krcsports.com\/manufacturer\/training-type-head-guard\/\",\"url\":\"https:\/\/krcsports.com\/manufacturer\/training-type-head-guard\/\",\"name\":\"headgear - trustworthy combat sports equipment manufacturer\",\"isPartOf\":{\"@id\":\"https:\/\/krcsports.com\/#website\"},\"primaryImageOfPage\":{\"@id\":\"https:\/\/krcsports.com\/manufacturer\/training-type-head-guard\/#primaryimage\"},\"image\":{\"@id\":\"https:\/\/krcsports.com\/manufacturer\/training-type-head-guard\/#primaryimage\"},\"thumbnailUrl\":\"https:\/\/cdn.krcsports.com\/2024\/09\/Headgear-6-1.webp\",\"datePublished\":\"2024-09-09T08:06:34+00:00\",\"dateModified\":\"2024-11-10T01:35:27+00:00\",\"breadcrumb\":{\"@id\":\"https:\/\/krcsports.com\/manufacturer\/training-type-head-guard\/#breadcrumb\"},\"inLanguage\":\"nb-NO\",\"potentialAction\":[{\"@type\":\"ReadAction\",\"target\":[\"https:\/\/krcsports.com\/manufacturer\/training-type-head-guard\/\"]}]},{\"@type\":\"ImageObject\",\"inLanguage\":\"nb-NO\",\"@id\":\"https:\/\/krcsports.com\/manufacturer\/training-type-head-guard\/#primaryimage\",\"url\":\"https:\/\/cdn.krcsports.com\/2024\/09\/Headgear-6-1.webp\",\"contentUrl\":\"https:\/\/cdn.krcsports.com\/2024\/09\/Headgear-6-1.webp\",\"width\":640,\"height\":640,\"caption\":\"Headgear\"},{\"@type\":\"BreadcrumbList\",\"@id\":\"https:\/\/krcsports.com\/manufacturer\/training-type-head-guard\/#breadcrumb\",\"itemListElement\":[{\"@type\":\"ListItem\",\"position\":1,\"name\":\"Home\",\"item\":\"https:\/\/krcsports.com\/\"},{\"@type\":\"ListItem\",\"position\":2,\"name\":\"Products\",\"item\":\"https:\/\/krcsports.com\/shop\/\"},{\"@type\":\"ListItem\",\"position\":3,\"name\":\"headgear\"}]},{\"@type\":\"WebSite\",\"@id\":\"https:\/\/krcsports.com\/#website\",\"url\":\"https:\/\/krcsports.com\/\",\"name\":\"krc sports\",\"description\":\"\",\"publisher\":{\"@id\":\"https:\/\/krcsports.com\/#organization\"},\"potentialAction\":[{\"@type\":\"SearchAction\",\"target\":{\"@type\":\"EntryPoint\",\"urlTemplate\":\"https:\/\/krcsports.com\/?s={search_term_string}\"},\"query-input\":\"required name=search_term_string\"}],\"inLanguage\":\"nb-NO\"},{\"@type\":\"Organization\",\"@id\":\"https:\/\/krcsports.com\/#organization\",\"name\":\"krc sports\",\"url\":\"https:\/\/krcsports.com\/\",\"logo\":{\"@type\":\"ImageObject\",\"inLanguage\":\"nb-NO\",\"@id\":\"https:\/\/krcsports.com\/#\/schema\/logo\/image\/\",\"url\":\"https:\/\/krcsports.com\/wp-content\/uploads\/2024\/07\/logo.webp\",\"contentUrl\":\"https:\/\/krcsports.com\/wp-content\/uploads\/2024\/07\/logo.webp\",\"width\":80,\"height\":60,\"caption\":\"krc sports\"},\"image\":{\"@id\":\"https:\/\/krcsports.com\/#\/schema\/logo\/image\/\"},\"sameAs\":[\"https:\/\/www.facebook.com\/people\/Krc-sports\/100063994129159\/\"]}]}<\/script>\n<!-- \/ Yoast SEO plugin. -->","yoast_head_json":{"title":"hodeplagg - p\u00e5litelig produsent av kampsportutstyr","robots":{"index":"index","follow":"follow","max-snippet":"max-snippet:-1","max-image-preview":"max-image-preview:large","max-video-preview":"max-video-preview:-1"},"canonical":"https:\/\/krcsports.com\/nb\/produkt\/training-type-head-guard\/","og_locale":"nb_NO","og_type":"article","og_title":"headgear - trustworthy combat sports equipment manufacturer","og_description":"headgear is versatile and suitable for any striking sport, ranging from Kickboxing, Muay Thai, Boxing sparring and MMA to Karate and Tae Kwon Do.  ADJUSTABLE FIT - It is highly functional, perfectly fitting, it's the perfect boxing headgear for men, teenagers, and boys above the age of 11. It comes in 2 sizes small and large with 2 designs.  SAFETY FIRST: Our boxing headgear promotes safety during training or competition.","og_url":"https:\/\/krcsports.com\/nb\/produkt\/training-type-head-guard\/","og_site_name":"trustworthy combat sports equipment manufacturer","article_publisher":"https:\/\/www.facebook.com\/people\/Krc-sports\/100063994129159\/","article_modified_time":"2024-11-10T01:35:27+00:00","og_image":[{"width":640,"height":640,"url":"https:\/\/krcsports.com\/wp-content\/uploads\/2024\/09\/Headgear-6-1.webp","type":"image\/webp"}],"twitter_card":"summary_large_image","twitter_misc":{"Ansl. lesetid":"1 minutt"},"schema":{"@context":"https:\/\/schema.org","@graph":[{"@type":"WebPage","@id":"https:\/\/krcsports.com\/manufacturer\/training-type-head-guard\/","url":"https:\/\/krcsports.com\/manufacturer\/training-type-head-guard\/","name":"hodeplagg - p\u00e5litelig produsent av kampsportutstyr","isPartOf":{"@id":"https:\/\/krcsports.com\/#website"},"primaryImageOfPage":{"@id":"https:\/\/krcsports.com\/manufacturer\/training-type-head-guard\/#primaryimage"},"image":{"@id":"https:\/\/krcsports.com\/manufacturer\/training-type-head-guard\/#primaryimage"},"thumbnailUrl":"https:\/\/cdn.krcsports.com\/2024\/09\/Headgear-6-1.webp","datePublished":"2024-09-09T08:06:34+00:00","dateModified":"2024-11-10T01:35:27+00:00","breadcrumb":{"@id":"https:\/\/krcsports.com\/manufacturer\/training-type-head-guard\/#breadcrumb"},"inLanguage":"nb-NO","potentialAction":[{"@type":"ReadAction","target":["https:\/\/krcsports.com\/manufacturer\/training-type-head-guard\/"]}]},{"@type":"ImageObject","inLanguage":"nb-NO","@id":"https:\/\/krcsports.com\/manufacturer\/training-type-head-guard\/#primaryimage","url":"https:\/\/cdn.krcsports.com\/2024\/09\/Headgear-6-1.webp","contentUrl":"https:\/\/cdn.krcsports.com\/2024\/09\/Headgear-6-1.webp","width":640,"height":640,"caption":"Headgear"},{"@type":"BreadcrumbList","@id":"https:\/\/krcsports.com\/manufacturer\/training-type-head-guard\/#breadcrumb","itemListElement":[{"@type":"ListItem","position":1,"name":"Home","item":"https:\/\/krcsports.com\/"},{"@type":"ListItem","position":2,"name":"Products","item":"https:\/\/krcsports.com\/shop\/"},{"@type":"ListItem","position":3,"name":"headgear"}]},{"@type":"WebSite","@id":"https:\/\/krcsports.com\/#website","url":"https:\/\/krcsports.com\/","name":"krc sport","description":"","publisher":{"@id":"https:\/\/krcsports.com\/#organization"},"potentialAction":[{"@type":"SearchAction","target":{"@type":"EntryPoint","urlTemplate":"https:\/\/krcsports.com\/?s={search_term_string}"},"query-input":"required name=search_term_string"}],"inLanguage":"nb-NO"},{"@type":"Organization","@id":"https:\/\/krcsports.com\/#organization","name":"krc sport","url":"https:\/\/krcsports.com\/","logo":{"@type":"ImageObject","inLanguage":"nb-NO","@id":"https:\/\/krcsports.com\/#\/schema\/logo\/image\/","url":"https:\/\/krcsports.com\/wp-content\/uploads\/2024\/07\/logo.webp","contentUrl":"https:\/\/krcsports.com\/wp-content\/uploads\/2024\/07\/logo.webp","width":80,"height":60,"caption":"krc sports"},"image":{"@id":"https:\/\/krcsports.com\/#\/schema\/logo\/image\/"},"sameAs":["https:\/\/www.facebook.com\/people\/Krc-sports\/100063994129159\/"]}]}},"_links":{"self":[{"href":"https:\/\/krcsports.com\/nb\/wp-json\/wp\/v2\/product\/2156","targetHints":{"allow":["GET"]}}],"collection":[{"href":"https:\/\/krcsports.com\/nb\/wp-json\/wp\/v2\/product"}],"about":[{"href":"https:\/\/krcsports.com\/nb\/wp-json\/wp\/v2\/types\/product"}],"wp:featuredmedia":[{"embeddable":true,"href":"https:\/\/krcsports.com\/nb\/wp-json\/wp\/v2\/media\/2170"}],"wp:attachment":[{"href":"https:\/\/krcsports.com\/nb\/wp-json\/wp\/v2\/media?parent=2156"}],"wp:term":[{"taxonomy":"product_cat","embeddable":true,"href":"https:\/\/krcsports.com\/nb\/wp-json\/wp\/v2\/product_cat?post=2156"},{"taxonomy":"product_tag","embeddable":true,"href":"https:\/\/krcsports.com\/nb\/wp-json\/wp\/v2\/product_tag?post=2156"}],"curies":[{"name":"wp","href":"https:\/\/api.w.org\/{rel}","templated":true}]}}