{"id":2146,"date":"2024-09-09T08:05:49","date_gmt":"2024-09-09T08:05:49","guid":{"rendered":"https:\/\/krcsports.com\/?post_type=product&#038;p=2146"},"modified":"2024-11-10T09:16:53","modified_gmt":"2024-11-10T09:16:53","slug":"kid-groin-guard","status":"publish","type":"product","link":"https:\/\/krcsports.com\/nb\/manufacturer\/kid-groin-guard\/","title":{"rendered":"kid lyskevakt"},"content":{"rendered":"<section class=\"section\" id=\"section_831698211\">\n\t\t<div class=\"bg section-bg fill bg-fill  bg-loaded\" >\n\n\t\t\t\n\t\t\t\n\t\t\t\n\n\t\t<\/div>\n\n\t\t\n\n\t\t<div class=\"section-content relative\">\n\t\t\t\n<ul class=\"a-unordered-list a-vertical a-spacing-mini\">\n<li class=\"a-spacing-mini\"><span class=\"a-list-item\">Kids Groin Guard Protector Cup Gutt St\u00f8tdempende Taekwondo Boksing Kickboksing Fight Sport Lyske magebeskytter for karatekamptrening. Den pustende designen kan gj\u00f8re deg mer komfortabel n\u00e5r du bruker den, og redusere friksjonen<\/span><\/li>\n<\/ul>\n<p>\u00a0<\/p>\n<ul class=\"a-unordered-list a-vertical a-spacing-mini\">\n<li class=\"a-spacing-mini\"><span class=\"a-list-item\">elastisk passform: elastiske stropper og elastisk linning lar brukerne finne den optimalt komfortable passformen til lyskest\u00f8tten, slik at de kan \u00f8ve og trene med s\u00e5 mye komfort som mulig<\/span><\/li>\n<\/ul>\n<p>\u00a0<\/p>\n<ul class=\"a-unordered-list a-vertical a-spacing-mini\">\n<li class=\"a-spacing-mini\"><span class=\"a-list-item\">ventilert og svettetransporterende: polyesterstoffet er ventilert og svettetransporterende for \u00e5 sikre at brukerne kan nyte en t\u00f8rr og behagelig treningsopplevelse n\u00e5r de bruker lyskest\u00f8tten for menn<\/span><\/li>\n<\/ul>\n<p>\u00a0<\/p>\n<ul class=\"a-unordered-list a-vertical a-spacing-mini\">\n<li class=\"a-spacing-mini\"><span class=\"a-list-item\">Magebeskytter for thailandsk lyske: Anbefales p\u00e5 det sterkeste for taekwondo, boksing, karate, osv. Det er veldig nyttig. H\u00f8y tetthet innvendig, gir sterk beskyttelse og st\u00f8tdemping. Profesjonell lyskebeskytter Slitasjebestandig Crotch Guard b\u00e6rbar skrittbeskytter<\/span><\/li>\n<\/ul>\n<p>\u00a0<\/p>\n<ul class=\"a-unordered-list a-vertical a-spacing-mini\">\n<li class=\"a-spacing-mini\"><span class=\"a-list-item\">Lyskebeskytter for boksing: Enten du er en profesjonell eller bare en amat\u00f8rboksingelsker, er det n\u00f8dvendig \u00e5 utstyre denne beskyttelsen. PU, ABS ingeni\u00f8rplast og svampmateriale er slitesterkt, denne beskytteren er egnet konkurransesport for menn<\/span><\/li>\n<\/ul>\n\t\t<\/div>\n\n\t\t\n<style>\n#section_831698211 {\n  padding-top: 30px;\n  padding-bottom: 30px;\n}\n<\/style>\n\t<\/section>","protected":false},"excerpt":{"rendered":"<p>. Materiale: PU<\/p>\n<p>. Gir en sv\u00e6rt komfortabel, ubegrenset passform<\/p>\n<p>. Tilbyr \u00f8kt beskyttelse<\/p>\n<p>. Utmerket design bidrar til \u00e5 beskytte lyskene og nedre mageomr\u00e5der<\/p>\n<p>. Bidra til \u00e5 beskytte nyrer, lever, lyske, menn og hofter<\/p>","protected":false},"featured_media":2266,"template":"","meta":[],"product_cat":[51,44],"product_tag":[],"class_list":{"0":"post-2146","1":"product","2":"type-product","3":"status-publish","4":"has-post-thumbnail","6":"product_cat-martial-arts-protective-gear","7":"product_cat-boxing-protective-gear","9":"first","10":"instock","11":"shipping-taxable","12":"product-type-simple"},"yoast_head":"<!-- This site is optimized with the Yoast SEO plugin v22.7 - https:\/\/yoast.com\/wordpress\/plugins\/seo\/ -->\n<title>kid groin guard - trustworthy combat sports equipment manufacturer<\/title>\n<meta name=\"description\" content=\"Kids Groin Guard, Sports Groin Abdominal Protector Boxing Taekwondo Groin Guard Protection Karate Thai Groin Ab Protector Kickboxing Fight Protective Cup Red\" \/>\n<meta name=\"robots\" content=\"index, follow, max-snippet:-1, max-image-preview:large, max-video-preview:-1\" \/>\n<link rel=\"canonical\" href=\"https:\/\/krcsports.com\/nb\/produkt\/kid-groin-guard\/\" \/>\n<meta property=\"og:locale\" content=\"nb_NO\" \/>\n<meta property=\"og:type\" content=\"article\" \/>\n<meta property=\"og:title\" content=\"kid groin guard - trustworthy combat sports equipment manufacturer\" \/>\n<meta property=\"og:description\" content=\"Kids Groin Guard, Sports Groin Abdominal Protector Boxing Taekwondo Groin Guard Protection Karate Thai Groin Ab Protector Kickboxing Fight Protective Cup Red\" \/>\n<meta property=\"og:url\" content=\"https:\/\/krcsports.com\/nb\/produkt\/kid-groin-guard\/\" \/>\n<meta property=\"og:site_name\" content=\"trustworthy combat sports equipment manufacturer\" \/>\n<meta property=\"article:publisher\" content=\"https:\/\/www.facebook.com\/people\/Krc-sports\/100063994129159\/\" \/>\n<meta property=\"article:modified_time\" content=\"2024-11-10T09:16:53+00:00\" \/>\n<meta property=\"og:image\" content=\"https:\/\/krcsports.com\/wp-content\/uploads\/2024\/09\/kid-groin-guard1.webp\" \/>\n\t<meta property=\"og:image:width\" content=\"800\" \/>\n\t<meta property=\"og:image:height\" content=\"800\" \/>\n\t<meta property=\"og:image:type\" content=\"image\/webp\" \/>\n<meta name=\"twitter:card\" content=\"summary_large_image\" \/>\n<meta name=\"twitter:label1\" content=\"Ansl. lesetid\" \/>\n\t<meta name=\"twitter:data1\" content=\"1 minutt\" \/>\n<script type=\"application\/ld+json\" class=\"yoast-schema-graph\">{\"@context\":\"https:\/\/schema.org\",\"@graph\":[{\"@type\":\"WebPage\",\"@id\":\"https:\/\/krcsports.com\/manufacturer\/kid-groin-guard\/\",\"url\":\"https:\/\/krcsports.com\/manufacturer\/kid-groin-guard\/\",\"name\":\"kid groin guard - trustworthy combat sports equipment manufacturer\",\"isPartOf\":{\"@id\":\"https:\/\/krcsports.com\/#website\"},\"primaryImageOfPage\":{\"@id\":\"https:\/\/krcsports.com\/manufacturer\/kid-groin-guard\/#primaryimage\"},\"image\":{\"@id\":\"https:\/\/krcsports.com\/manufacturer\/kid-groin-guard\/#primaryimage\"},\"thumbnailUrl\":\"https:\/\/cdn.krcsports.com\/2024\/09\/kid-groin-guard1.webp\",\"datePublished\":\"2024-09-09T08:05:49+00:00\",\"dateModified\":\"2024-11-10T09:16:53+00:00\",\"description\":\"Kids Groin Guard, Sports Groin Abdominal Protector Boxing Taekwondo Groin Guard Protection Karate Thai Groin Ab Protector Kickboxing Fight Protective Cup Red\",\"breadcrumb\":{\"@id\":\"https:\/\/krcsports.com\/manufacturer\/kid-groin-guard\/#breadcrumb\"},\"inLanguage\":\"nb-NO\",\"potentialAction\":[{\"@type\":\"ReadAction\",\"target\":[\"https:\/\/krcsports.com\/manufacturer\/kid-groin-guard\/\"]}]},{\"@type\":\"ImageObject\",\"inLanguage\":\"nb-NO\",\"@id\":\"https:\/\/krcsports.com\/manufacturer\/kid-groin-guard\/#primaryimage\",\"url\":\"https:\/\/cdn.krcsports.com\/2024\/09\/kid-groin-guard1.webp\",\"contentUrl\":\"https:\/\/cdn.krcsports.com\/2024\/09\/kid-groin-guard1.webp\",\"width\":800,\"height\":800,\"caption\":\"kid groin guard\"},{\"@type\":\"BreadcrumbList\",\"@id\":\"https:\/\/krcsports.com\/manufacturer\/kid-groin-guard\/#breadcrumb\",\"itemListElement\":[{\"@type\":\"ListItem\",\"position\":1,\"name\":\"Home\",\"item\":\"https:\/\/krcsports.com\/\"},{\"@type\":\"ListItem\",\"position\":2,\"name\":\"Products\",\"item\":\"https:\/\/krcsports.com\/shop\/\"},{\"@type\":\"ListItem\",\"position\":3,\"name\":\"kid groin guard\"}]},{\"@type\":\"WebSite\",\"@id\":\"https:\/\/krcsports.com\/#website\",\"url\":\"https:\/\/krcsports.com\/\",\"name\":\"krc sports\",\"description\":\"\",\"publisher\":{\"@id\":\"https:\/\/krcsports.com\/#organization\"},\"potentialAction\":[{\"@type\":\"SearchAction\",\"target\":{\"@type\":\"EntryPoint\",\"urlTemplate\":\"https:\/\/krcsports.com\/?s={search_term_string}\"},\"query-input\":\"required name=search_term_string\"}],\"inLanguage\":\"nb-NO\"},{\"@type\":\"Organization\",\"@id\":\"https:\/\/krcsports.com\/#organization\",\"name\":\"krc sports\",\"url\":\"https:\/\/krcsports.com\/\",\"logo\":{\"@type\":\"ImageObject\",\"inLanguage\":\"nb-NO\",\"@id\":\"https:\/\/krcsports.com\/#\/schema\/logo\/image\/\",\"url\":\"https:\/\/krcsports.com\/wp-content\/uploads\/2024\/07\/logo.webp\",\"contentUrl\":\"https:\/\/krcsports.com\/wp-content\/uploads\/2024\/07\/logo.webp\",\"width\":80,\"height\":60,\"caption\":\"krc sports\"},\"image\":{\"@id\":\"https:\/\/krcsports.com\/#\/schema\/logo\/image\/\"},\"sameAs\":[\"https:\/\/www.facebook.com\/people\/Krc-sports\/100063994129159\/\"]}]}<\/script>\n<!-- \/ Yoast SEO plugin. -->","yoast_head_json":{"title":"lyskebeskyttelse for barn - p\u00e5litelig produsent av kampsportutstyr","description":"Barn lyskebeskytter, sport lyske magebeskytter Boksing Taekwondo lyskebeskyttelse Karate Thai lyske magebeskytter Kickboksing Kamp Beskyttelseskopp R\u00f8d","robots":{"index":"index","follow":"follow","max-snippet":"max-snippet:-1","max-image-preview":"max-image-preview:large","max-video-preview":"max-video-preview:-1"},"canonical":"https:\/\/krcsports.com\/nb\/produkt\/kid-groin-guard\/","og_locale":"nb_NO","og_type":"article","og_title":"kid groin guard - trustworthy combat sports equipment manufacturer","og_description":"Kids Groin Guard, Sports Groin Abdominal Protector Boxing Taekwondo Groin Guard Protection Karate Thai Groin Ab Protector Kickboxing Fight Protective Cup Red","og_url":"https:\/\/krcsports.com\/nb\/produkt\/kid-groin-guard\/","og_site_name":"trustworthy combat sports equipment manufacturer","article_publisher":"https:\/\/www.facebook.com\/people\/Krc-sports\/100063994129159\/","article_modified_time":"2024-11-10T09:16:53+00:00","og_image":[{"width":800,"height":800,"url":"https:\/\/krcsports.com\/wp-content\/uploads\/2024\/09\/kid-groin-guard1.webp","type":"image\/webp"}],"twitter_card":"summary_large_image","twitter_misc":{"Ansl. lesetid":"1 minutt"},"schema":{"@context":"https:\/\/schema.org","@graph":[{"@type":"WebPage","@id":"https:\/\/krcsports.com\/manufacturer\/kid-groin-guard\/","url":"https:\/\/krcsports.com\/manufacturer\/kid-groin-guard\/","name":"lyskebeskyttelse for barn - p\u00e5litelig produsent av kampsportutstyr","isPartOf":{"@id":"https:\/\/krcsports.com\/#website"},"primaryImageOfPage":{"@id":"https:\/\/krcsports.com\/manufacturer\/kid-groin-guard\/#primaryimage"},"image":{"@id":"https:\/\/krcsports.com\/manufacturer\/kid-groin-guard\/#primaryimage"},"thumbnailUrl":"https:\/\/cdn.krcsports.com\/2024\/09\/kid-groin-guard1.webp","datePublished":"2024-09-09T08:05:49+00:00","dateModified":"2024-11-10T09:16:53+00:00","description":"Barn lyskebeskytter, sport lyske magebeskytter Boksing Taekwondo lyskebeskyttelse Karate Thai lyske magebeskytter Kickboksing Kamp Beskyttelseskopp R\u00f8d","breadcrumb":{"@id":"https:\/\/krcsports.com\/manufacturer\/kid-groin-guard\/#breadcrumb"},"inLanguage":"nb-NO","potentialAction":[{"@type":"ReadAction","target":["https:\/\/krcsports.com\/manufacturer\/kid-groin-guard\/"]}]},{"@type":"ImageObject","inLanguage":"nb-NO","@id":"https:\/\/krcsports.com\/manufacturer\/kid-groin-guard\/#primaryimage","url":"https:\/\/cdn.krcsports.com\/2024\/09\/kid-groin-guard1.webp","contentUrl":"https:\/\/cdn.krcsports.com\/2024\/09\/kid-groin-guard1.webp","width":800,"height":800,"caption":"kid groin guard"},{"@type":"BreadcrumbList","@id":"https:\/\/krcsports.com\/manufacturer\/kid-groin-guard\/#breadcrumb","itemListElement":[{"@type":"ListItem","position":1,"name":"Home","item":"https:\/\/krcsports.com\/"},{"@type":"ListItem","position":2,"name":"Products","item":"https:\/\/krcsports.com\/shop\/"},{"@type":"ListItem","position":3,"name":"kid groin guard"}]},{"@type":"WebSite","@id":"https:\/\/krcsports.com\/#website","url":"https:\/\/krcsports.com\/","name":"krc sport","description":"","publisher":{"@id":"https:\/\/krcsports.com\/#organization"},"potentialAction":[{"@type":"SearchAction","target":{"@type":"EntryPoint","urlTemplate":"https:\/\/krcsports.com\/?s={search_term_string}"},"query-input":"required name=search_term_string"}],"inLanguage":"nb-NO"},{"@type":"Organization","@id":"https:\/\/krcsports.com\/#organization","name":"krc sport","url":"https:\/\/krcsports.com\/","logo":{"@type":"ImageObject","inLanguage":"nb-NO","@id":"https:\/\/krcsports.com\/#\/schema\/logo\/image\/","url":"https:\/\/krcsports.com\/wp-content\/uploads\/2024\/07\/logo.webp","contentUrl":"https:\/\/krcsports.com\/wp-content\/uploads\/2024\/07\/logo.webp","width":80,"height":60,"caption":"krc sports"},"image":{"@id":"https:\/\/krcsports.com\/#\/schema\/logo\/image\/"},"sameAs":["https:\/\/www.facebook.com\/people\/Krc-sports\/100063994129159\/"]}]}},"_links":{"self":[{"href":"https:\/\/krcsports.com\/nb\/wp-json\/wp\/v2\/product\/2146","targetHints":{"allow":["GET"]}}],"collection":[{"href":"https:\/\/krcsports.com\/nb\/wp-json\/wp\/v2\/product"}],"about":[{"href":"https:\/\/krcsports.com\/nb\/wp-json\/wp\/v2\/types\/product"}],"wp:featuredmedia":[{"embeddable":true,"href":"https:\/\/krcsports.com\/nb\/wp-json\/wp\/v2\/media\/2266"}],"wp:attachment":[{"href":"https:\/\/krcsports.com\/nb\/wp-json\/wp\/v2\/media?parent=2146"}],"wp:term":[{"taxonomy":"product_cat","embeddable":true,"href":"https:\/\/krcsports.com\/nb\/wp-json\/wp\/v2\/product_cat?post=2146"},{"taxonomy":"product_tag","embeddable":true,"href":"https:\/\/krcsports.com\/nb\/wp-json\/wp\/v2\/product_tag?post=2146"}],"curies":[{"name":"wp","href":"https:\/\/api.w.org\/{rel}","templated":true}]}}