{"id":2670,"date":"2024-09-13T01:23:14","date_gmt":"2024-09-13T01:23:14","guid":{"rendered":"https:\/\/krcsports.com\/?post_type=product&#038;p=2670"},"modified":"2024-11-30T07:30:39","modified_gmt":"2024-11-30T07:30:39","slug":"taekwondo-arm-mitts","status":"publish","type":"product","link":"https:\/\/krcsports.com\/it\/manufacturer\/taekwondo-arm-mitts\/","title":{"rendered":"guantoni da braccio taekwondo bersaglio"},"content":{"rendered":"<ul class=\"\">\n<li data-spm-anchor-id=\"a2700.details.0.i69.3fac2b28uOUELK\">Materiale di alta qualit\u00e0: realizzato in resistente materiale PU, questo cuscinetto da kickboxing \u00e8 progettato per resistere a un rigoroso allenamento di arti marziali, garantendo prestazioni durature e affidabili.<\/li>\n<\/ul>\n<p>\u00a0<\/p>\n<ul class=\"\">\n<li>Design personalizzabile: come punto di forza esclusivo, questo prodotto consente di personalizzare il proprio marchio con il logo della propria azienda, rendendolo un&#039;ottima scelta per palestre, scuole di arti marziali e squadre che cercano attrezzature personalizzate.<\/li>\n<\/ul>\n<p>\u00a0<\/p>\n<ul class=\"\">\n<li>Opzioni multicolore: disponibile in tre eleganti colori (rosso, nero e blu), questo cuscinetto da kickboxing soddisfa diverse preferenze e pu\u00f2 essere facilmente integrato in vari ambienti di allenamento.<\/li>\n<\/ul>\n<p>\u00a0<\/p>\n<ul class=\"\">\n<li>Design unisex: adatto sia agli uomini che alle donne, questo prodotto garantisce pari opportunit\u00e0 a tutti gli artisti marziali di trarre vantaggio dal suo design di alta qualit\u00e0 e dalla sua funzionalit\u00e0.<\/li>\n<\/ul>\n<p>\u00a0<\/p>\n<ul class=\"\">\n<li data-spm-anchor-id=\"a2700.details.0.i68.3fac2b28uOUELK\">Ideale per l&#039;allenamento di taekwondo: progettato specificamente per i praticanti di taekwondo, questo cuscinetto da kickboxing \u00e8 un attrezzo essenziale per perfezionare le tecniche di calcio e migliorare le abilit\u00e0 generali nelle arti marziali.<\/li>\n<\/ul>","protected":false},"excerpt":{"rendered":"<p>guanti da braccio per taekwondo: LOGO DEL CLIENTE<\/p>\n<p>*Stile: protezioni per le braccia<\/p>\n<p>*Colore: bersaglio taekwondo personalizzato<\/p>","protected":false},"featured_media":2673,"template":"","meta":[],"product_cat":[57,38],"product_tag":[],"class_list":{"0":"post-2670","1":"product","2":"type-product","3":"status-publish","4":"has-post-thumbnail","6":"product_cat-taekwondo-mitts-target","7":"product_cat-boxing-ring","9":"first","10":"instock","11":"shipping-taxable","12":"product-type-simple"},"yoast_head":"<!-- This site is optimized with the Yoast SEO plugin v22.7 - https:\/\/yoast.com\/wordpress\/plugins\/seo\/ -->\n<title>taekwondo arm mitts target - trustworthy combat sports equipment manufacturer<\/title>\n<meta name=\"description\" content=\"wholesale training equipment boxing pad kicking martial arts taekwondo arm mitt Target Pad \/taekwondo training equipment custom size and color\" \/>\n<meta name=\"robots\" content=\"index, follow, max-snippet:-1, max-image-preview:large, max-video-preview:-1\" \/>\n<link rel=\"canonical\" href=\"https:\/\/krcsports.com\/it\/prodotto\/taekwondo-arm-mitts\/\" \/>\n<meta property=\"og:locale\" content=\"it_IT\" \/>\n<meta property=\"og:type\" content=\"article\" \/>\n<meta property=\"og:title\" content=\"taekwondo arm mitts target - trustworthy combat sports equipment manufacturer\" \/>\n<meta property=\"og:description\" content=\"wholesale training equipment boxing pad kicking martial arts taekwondo arm mitt Target Pad \/taekwondo training equipment custom size and color\" \/>\n<meta property=\"og:url\" content=\"https:\/\/krcsports.com\/it\/prodotto\/taekwondo-arm-mitts\/\" \/>\n<meta property=\"og:site_name\" content=\"trustworthy combat sports equipment manufacturer\" \/>\n<meta property=\"article:publisher\" content=\"https:\/\/www.facebook.com\/people\/Krc-sports\/100063994129159\/\" \/>\n<meta property=\"article:modified_time\" content=\"2024-11-30T07:30:39+00:00\" \/>\n<meta property=\"og:image\" content=\"https:\/\/krcsports.com\/wp-content\/uploads\/2024\/09\/taekwondo-target.webp\" \/>\n\t<meta property=\"og:image:width\" content=\"800\" \/>\n\t<meta property=\"og:image:height\" content=\"800\" \/>\n\t<meta property=\"og:image:type\" content=\"image\/webp\" \/>\n<meta name=\"twitter:card\" content=\"summary_large_image\" \/>\n<meta name=\"twitter:label1\" content=\"Tempo di lettura stimato\" \/>\n\t<meta name=\"twitter:data1\" content=\"1 minuto\" \/>\n<script type=\"application\/ld+json\" class=\"yoast-schema-graph\">{\"@context\":\"https:\/\/schema.org\",\"@graph\":[{\"@type\":\"WebPage\",\"@id\":\"https:\/\/krcsports.com\/manufacturer\/taekwondo-arm-mitts\/\",\"url\":\"https:\/\/krcsports.com\/manufacturer\/taekwondo-arm-mitts\/\",\"name\":\"taekwondo arm mitts target - trustworthy combat sports equipment manufacturer\",\"isPartOf\":{\"@id\":\"https:\/\/krcsports.com\/#website\"},\"primaryImageOfPage\":{\"@id\":\"https:\/\/krcsports.com\/manufacturer\/taekwondo-arm-mitts\/#primaryimage\"},\"image\":{\"@id\":\"https:\/\/krcsports.com\/manufacturer\/taekwondo-arm-mitts\/#primaryimage\"},\"thumbnailUrl\":\"https:\/\/cdn.krcsports.com\/2024\/09\/taekwondo-target.webp\",\"datePublished\":\"2024-09-13T01:23:14+00:00\",\"dateModified\":\"2024-11-30T07:30:39+00:00\",\"description\":\"wholesale training equipment boxing pad kicking martial arts taekwondo arm mitt Target Pad \/taekwondo training equipment custom size and color\",\"breadcrumb\":{\"@id\":\"https:\/\/krcsports.com\/manufacturer\/taekwondo-arm-mitts\/#breadcrumb\"},\"inLanguage\":\"it-IT\",\"potentialAction\":[{\"@type\":\"ReadAction\",\"target\":[\"https:\/\/krcsports.com\/manufacturer\/taekwondo-arm-mitts\/\"]}]},{\"@type\":\"ImageObject\",\"inLanguage\":\"it-IT\",\"@id\":\"https:\/\/krcsports.com\/manufacturer\/taekwondo-arm-mitts\/#primaryimage\",\"url\":\"https:\/\/cdn.krcsports.com\/2024\/09\/taekwondo-target.webp\",\"contentUrl\":\"https:\/\/cdn.krcsports.com\/2024\/09\/taekwondo-target.webp\",\"width\":800,\"height\":800,\"caption\":\"taekwondo target\"},{\"@type\":\"BreadcrumbList\",\"@id\":\"https:\/\/krcsports.com\/manufacturer\/taekwondo-arm-mitts\/#breadcrumb\",\"itemListElement\":[{\"@type\":\"ListItem\",\"position\":1,\"name\":\"Home\",\"item\":\"https:\/\/krcsports.com\/\"},{\"@type\":\"ListItem\",\"position\":2,\"name\":\"Products\",\"item\":\"https:\/\/krcsports.com\/shop\/\"},{\"@type\":\"ListItem\",\"position\":3,\"name\":\"taekwondo arm mitts target\"}]},{\"@type\":\"WebSite\",\"@id\":\"https:\/\/krcsports.com\/#website\",\"url\":\"https:\/\/krcsports.com\/\",\"name\":\"krc sports\",\"description\":\"\",\"publisher\":{\"@id\":\"https:\/\/krcsports.com\/#organization\"},\"potentialAction\":[{\"@type\":\"SearchAction\",\"target\":{\"@type\":\"EntryPoint\",\"urlTemplate\":\"https:\/\/krcsports.com\/?s={search_term_string}\"},\"query-input\":\"required name=search_term_string\"}],\"inLanguage\":\"it-IT\"},{\"@type\":\"Organization\",\"@id\":\"https:\/\/krcsports.com\/#organization\",\"name\":\"krc sports\",\"url\":\"https:\/\/krcsports.com\/\",\"logo\":{\"@type\":\"ImageObject\",\"inLanguage\":\"it-IT\",\"@id\":\"https:\/\/krcsports.com\/#\/schema\/logo\/image\/\",\"url\":\"https:\/\/krcsports.com\/wp-content\/uploads\/2024\/07\/logo.webp\",\"contentUrl\":\"https:\/\/krcsports.com\/wp-content\/uploads\/2024\/07\/logo.webp\",\"width\":80,\"height\":60,\"caption\":\"krc sports\"},\"image\":{\"@id\":\"https:\/\/krcsports.com\/#\/schema\/logo\/image\/\"},\"sameAs\":[\"https:\/\/www.facebook.com\/people\/Krc-sports\/100063994129159\/\"]}]}<\/script>\n<!-- \/ Yoast SEO plugin. -->","yoast_head_json":{"title":"guanti da braccio taekwondo target - produttore affidabile di attrezzature per sport da combattimento","description":"vendita all&#039;ingrosso di attrezzature per l&#039;allenamento, guantoni da boxe, arti marziali, taekwondo, guantoni da braccio, Target Pad\/attrezzature per l&#039;allenamento del taekwondo, dimensioni e colori personalizzati","robots":{"index":"index","follow":"follow","max-snippet":"max-snippet:-1","max-image-preview":"max-image-preview:large","max-video-preview":"max-video-preview:-1"},"canonical":"https:\/\/krcsports.com\/it\/prodotto\/taekwondo-arm-mitts\/","og_locale":"it_IT","og_type":"article","og_title":"taekwondo arm mitts target - trustworthy combat sports equipment manufacturer","og_description":"wholesale training equipment boxing pad kicking martial arts taekwondo arm mitt Target Pad \/taekwondo training equipment custom size and color","og_url":"https:\/\/krcsports.com\/it\/prodotto\/taekwondo-arm-mitts\/","og_site_name":"trustworthy combat sports equipment manufacturer","article_publisher":"https:\/\/www.facebook.com\/people\/Krc-sports\/100063994129159\/","article_modified_time":"2024-11-30T07:30:39+00:00","og_image":[{"width":800,"height":800,"url":"https:\/\/krcsports.com\/wp-content\/uploads\/2024\/09\/taekwondo-target.webp","type":"image\/webp"}],"twitter_card":"summary_large_image","twitter_misc":{"Tempo di lettura stimato":"1 minuto"},"schema":{"@context":"https:\/\/schema.org","@graph":[{"@type":"WebPage","@id":"https:\/\/krcsports.com\/manufacturer\/taekwondo-arm-mitts\/","url":"https:\/\/krcsports.com\/manufacturer\/taekwondo-arm-mitts\/","name":"guanti da braccio taekwondo target - produttore affidabile di attrezzature per sport da combattimento","isPartOf":{"@id":"https:\/\/krcsports.com\/#website"},"primaryImageOfPage":{"@id":"https:\/\/krcsports.com\/manufacturer\/taekwondo-arm-mitts\/#primaryimage"},"image":{"@id":"https:\/\/krcsports.com\/manufacturer\/taekwondo-arm-mitts\/#primaryimage"},"thumbnailUrl":"https:\/\/cdn.krcsports.com\/2024\/09\/taekwondo-target.webp","datePublished":"2024-09-13T01:23:14+00:00","dateModified":"2024-11-30T07:30:39+00:00","description":"vendita all&#039;ingrosso di attrezzature per l&#039;allenamento, guantoni da boxe, arti marziali, taekwondo, guantoni da braccio, Target Pad\/attrezzature per l&#039;allenamento del taekwondo, dimensioni e colori personalizzati","breadcrumb":{"@id":"https:\/\/krcsports.com\/manufacturer\/taekwondo-arm-mitts\/#breadcrumb"},"inLanguage":"it-IT","potentialAction":[{"@type":"ReadAction","target":["https:\/\/krcsports.com\/manufacturer\/taekwondo-arm-mitts\/"]}]},{"@type":"ImageObject","inLanguage":"it-IT","@id":"https:\/\/krcsports.com\/manufacturer\/taekwondo-arm-mitts\/#primaryimage","url":"https:\/\/cdn.krcsports.com\/2024\/09\/taekwondo-target.webp","contentUrl":"https:\/\/cdn.krcsports.com\/2024\/09\/taekwondo-target.webp","width":800,"height":800,"caption":"taekwondo target"},{"@type":"BreadcrumbList","@id":"https:\/\/krcsports.com\/manufacturer\/taekwondo-arm-mitts\/#breadcrumb","itemListElement":[{"@type":"ListItem","position":1,"name":"Home","item":"https:\/\/krcsports.com\/"},{"@type":"ListItem","position":2,"name":"Products","item":"https:\/\/krcsports.com\/shop\/"},{"@type":"ListItem","position":3,"name":"taekwondo arm mitts target"}]},{"@type":"WebSite","@id":"https:\/\/krcsports.com\/#website","url":"https:\/\/krcsports.com\/","name":"sport krc","description":"","publisher":{"@id":"https:\/\/krcsports.com\/#organization"},"potentialAction":[{"@type":"SearchAction","target":{"@type":"EntryPoint","urlTemplate":"https:\/\/krcsports.com\/?s={search_term_string}"},"query-input":"required name=search_term_string"}],"inLanguage":"it-IT"},{"@type":"Organization","@id":"https:\/\/krcsports.com\/#organization","name":"sport krc","url":"https:\/\/krcsports.com\/","logo":{"@type":"ImageObject","inLanguage":"it-IT","@id":"https:\/\/krcsports.com\/#\/schema\/logo\/image\/","url":"https:\/\/krcsports.com\/wp-content\/uploads\/2024\/07\/logo.webp","contentUrl":"https:\/\/krcsports.com\/wp-content\/uploads\/2024\/07\/logo.webp","width":80,"height":60,"caption":"krc sports"},"image":{"@id":"https:\/\/krcsports.com\/#\/schema\/logo\/image\/"},"sameAs":["https:\/\/www.facebook.com\/people\/Krc-sports\/100063994129159\/"]}]}},"_links":{"self":[{"href":"https:\/\/krcsports.com\/it\/wp-json\/wp\/v2\/product\/2670","targetHints":{"allow":["GET"]}}],"collection":[{"href":"https:\/\/krcsports.com\/it\/wp-json\/wp\/v2\/product"}],"about":[{"href":"https:\/\/krcsports.com\/it\/wp-json\/wp\/v2\/types\/product"}],"wp:featuredmedia":[{"embeddable":true,"href":"https:\/\/krcsports.com\/it\/wp-json\/wp\/v2\/media\/2673"}],"wp:attachment":[{"href":"https:\/\/krcsports.com\/it\/wp-json\/wp\/v2\/media?parent=2670"}],"wp:term":[{"taxonomy":"product_cat","embeddable":true,"href":"https:\/\/krcsports.com\/it\/wp-json\/wp\/v2\/product_cat?post=2670"},{"taxonomy":"product_tag","embeddable":true,"href":"https:\/\/krcsports.com\/it\/wp-json\/wp\/v2\/product_tag?post=2670"}],"curies":[{"name":"wp","href":"https:\/\/api.w.org\/{rel}","templated":true}]}}