{"id":2670,"date":"2024-09-13T01:23:14","date_gmt":"2024-09-13T01:23:14","guid":{"rendered":"https:\/\/krcsports.com\/?post_type=product&#038;p=2670"},"modified":"2024-11-30T07:30:39","modified_gmt":"2024-11-30T07:30:39","slug":"taekwondo-arm-mitts","status":"publish","type":"product","link":"https:\/\/krcsports.com\/fr\/manufacturer\/taekwondo-arm-mitts\/","title":{"rendered":"mitaines de taekwondo pour les bras"},"content":{"rendered":"<ul class=\"\">\n<li data-spm-anchor-id=\"a2700.details.0.i69.3fac2b28uOUELK\">Mat\u00e9riau de haute qualit\u00e9 : fabriqu\u00e9 \u00e0 partir d&#039;un mat\u00e9riau PU durable, ce coussin de kickboxing est con\u00e7u pour r\u00e9sister \u00e0 un entra\u00eenement rigoureux en arts martiaux, garantissant une performance durable et fiable.<\/li>\n<\/ul>\n<p>\u00a0<\/p>\n<ul class=\"\">\n<li>Conception personnalisable : En tant qu&#039;argument de vente unique, ce produit permet une personnalisation de la marque avec le logo de votre entreprise, ce qui en fait un excellent choix pour les gymnases, les \u00e9coles d&#039;arts martiaux et les \u00e9quipes \u00e0 la recherche d&#039;\u00e9quipements personnalis\u00e9s.<\/li>\n<\/ul>\n<p>\u00a0<\/p>\n<ul class=\"\">\n<li>Options multicolores : disponible en trois couleurs \u00e9l\u00e9gantes (rouge, noir et bleu), ce coussin de kickboxing r\u00e9pond \u00e0 diverses pr\u00e9f\u00e9rences et peut \u00eatre facilement int\u00e9gr\u00e9 dans divers environnements d&#039;entra\u00eenement.<\/li>\n<\/ul>\n<p>\u00a0<\/p>\n<ul class=\"\">\n<li>Conception unisexe : Adapt\u00e9 aux hommes et aux femmes, ce produit garantit l&#039;\u00e9galit\u00e9 des chances \u00e0 tous les artistes martiaux de b\u00e9n\u00e9ficier de sa conception et de sa fonctionnalit\u00e9 de haute qualit\u00e9.<\/li>\n<\/ul>\n<p>\u00a0<\/p>\n<ul class=\"\">\n<li data-spm-anchor-id=\"a2700.details.0.i68.3fac2b28uOUELK\">Id\u00e9al pour l&#039;entra\u00eenement au taekwondo : sp\u00e9cialement con\u00e7u pour les pratiquants de taekwondo, ce coussin de kickboxing est un \u00e9quipement essentiel pour perfectionner les techniques de coups de pied et am\u00e9liorer les comp\u00e9tences g\u00e9n\u00e9rales en arts martiaux.<\/li>\n<\/ul>","protected":false},"excerpt":{"rendered":"<p>mitaines de taekwondo : LOGO CLIENT<\/p>\n<p>*Style : prot\u00e8ge-bras<\/p>\n<p>*Couleur : cible de taekwondo personnalis\u00e9e<\/p>","protected":false},"featured_media":2673,"template":"","meta":[],"product_cat":[57,38],"product_tag":[],"class_list":{"0":"post-2670","1":"product","2":"type-product","3":"status-publish","4":"has-post-thumbnail","6":"product_cat-taekwondo-mitts-target","7":"product_cat-boxing-ring","9":"first","10":"instock","11":"shipping-taxable","12":"product-type-simple"},"yoast_head":"<!-- This site is optimized with the Yoast SEO plugin v22.7 - https:\/\/yoast.com\/wordpress\/plugins\/seo\/ -->\n<title>taekwondo arm mitts target - trustworthy combat sports equipment manufacturer<\/title>\n<meta name=\"description\" content=\"wholesale training equipment boxing pad kicking martial arts taekwondo arm mitt Target Pad \/taekwondo training equipment custom size and color\" \/>\n<meta name=\"robots\" content=\"index, follow, max-snippet:-1, max-image-preview:large, max-video-preview:-1\" \/>\n<link rel=\"canonical\" href=\"https:\/\/krcsports.com\/fr\/produit\/taekwondo-arm-mitts\/\" \/>\n<meta property=\"og:locale\" content=\"fr_FR\" \/>\n<meta property=\"og:type\" content=\"article\" \/>\n<meta property=\"og:title\" content=\"taekwondo arm mitts target - trustworthy combat sports equipment manufacturer\" \/>\n<meta property=\"og:description\" content=\"wholesale training equipment boxing pad kicking martial arts taekwondo arm mitt Target Pad \/taekwondo training equipment custom size and color\" \/>\n<meta property=\"og:url\" content=\"https:\/\/krcsports.com\/fr\/produit\/taekwondo-arm-mitts\/\" \/>\n<meta property=\"og:site_name\" content=\"trustworthy combat sports equipment manufacturer\" \/>\n<meta property=\"article:publisher\" content=\"https:\/\/www.facebook.com\/people\/Krc-sports\/100063994129159\/\" \/>\n<meta property=\"article:modified_time\" content=\"2024-11-30T07:30:39+00:00\" \/>\n<meta property=\"og:image\" content=\"https:\/\/krcsports.com\/wp-content\/uploads\/2024\/09\/taekwondo-target.webp\" \/>\n\t<meta property=\"og:image:width\" content=\"800\" \/>\n\t<meta property=\"og:image:height\" content=\"800\" \/>\n\t<meta property=\"og:image:type\" content=\"image\/webp\" \/>\n<meta name=\"twitter:card\" content=\"summary_large_image\" \/>\n<meta name=\"twitter:label1\" content=\"Dur\u00e9e de lecture estim\u00e9e\" \/>\n\t<meta name=\"twitter:data1\" content=\"1 minute\" \/>\n<script type=\"application\/ld+json\" class=\"yoast-schema-graph\">{\"@context\":\"https:\/\/schema.org\",\"@graph\":[{\"@type\":\"WebPage\",\"@id\":\"https:\/\/krcsports.com\/manufacturer\/taekwondo-arm-mitts\/\",\"url\":\"https:\/\/krcsports.com\/manufacturer\/taekwondo-arm-mitts\/\",\"name\":\"taekwondo arm mitts target - trustworthy combat sports equipment manufacturer\",\"isPartOf\":{\"@id\":\"https:\/\/krcsports.com\/#website\"},\"primaryImageOfPage\":{\"@id\":\"https:\/\/krcsports.com\/manufacturer\/taekwondo-arm-mitts\/#primaryimage\"},\"image\":{\"@id\":\"https:\/\/krcsports.com\/manufacturer\/taekwondo-arm-mitts\/#primaryimage\"},\"thumbnailUrl\":\"https:\/\/cdn.krcsports.com\/2024\/09\/taekwondo-target.webp\",\"datePublished\":\"2024-09-13T01:23:14+00:00\",\"dateModified\":\"2024-11-30T07:30:39+00:00\",\"description\":\"wholesale training equipment boxing pad kicking martial arts taekwondo arm mitt Target Pad \/taekwondo training equipment custom size and color\",\"breadcrumb\":{\"@id\":\"https:\/\/krcsports.com\/manufacturer\/taekwondo-arm-mitts\/#breadcrumb\"},\"inLanguage\":\"fr-FR\",\"potentialAction\":[{\"@type\":\"ReadAction\",\"target\":[\"https:\/\/krcsports.com\/manufacturer\/taekwondo-arm-mitts\/\"]}]},{\"@type\":\"ImageObject\",\"inLanguage\":\"fr-FR\",\"@id\":\"https:\/\/krcsports.com\/manufacturer\/taekwondo-arm-mitts\/#primaryimage\",\"url\":\"https:\/\/cdn.krcsports.com\/2024\/09\/taekwondo-target.webp\",\"contentUrl\":\"https:\/\/cdn.krcsports.com\/2024\/09\/taekwondo-target.webp\",\"width\":800,\"height\":800,\"caption\":\"taekwondo target\"},{\"@type\":\"BreadcrumbList\",\"@id\":\"https:\/\/krcsports.com\/manufacturer\/taekwondo-arm-mitts\/#breadcrumb\",\"itemListElement\":[{\"@type\":\"ListItem\",\"position\":1,\"name\":\"Home\",\"item\":\"https:\/\/krcsports.com\/\"},{\"@type\":\"ListItem\",\"position\":2,\"name\":\"Products\",\"item\":\"https:\/\/krcsports.com\/shop\/\"},{\"@type\":\"ListItem\",\"position\":3,\"name\":\"taekwondo arm mitts target\"}]},{\"@type\":\"WebSite\",\"@id\":\"https:\/\/krcsports.com\/#website\",\"url\":\"https:\/\/krcsports.com\/\",\"name\":\"krc sports\",\"description\":\"\",\"publisher\":{\"@id\":\"https:\/\/krcsports.com\/#organization\"},\"potentialAction\":[{\"@type\":\"SearchAction\",\"target\":{\"@type\":\"EntryPoint\",\"urlTemplate\":\"https:\/\/krcsports.com\/?s={search_term_string}\"},\"query-input\":\"required name=search_term_string\"}],\"inLanguage\":\"fr-FR\"},{\"@type\":\"Organization\",\"@id\":\"https:\/\/krcsports.com\/#organization\",\"name\":\"krc sports\",\"url\":\"https:\/\/krcsports.com\/\",\"logo\":{\"@type\":\"ImageObject\",\"inLanguage\":\"fr-FR\",\"@id\":\"https:\/\/krcsports.com\/#\/schema\/logo\/image\/\",\"url\":\"https:\/\/krcsports.com\/wp-content\/uploads\/2024\/07\/logo.webp\",\"contentUrl\":\"https:\/\/krcsports.com\/wp-content\/uploads\/2024\/07\/logo.webp\",\"width\":80,\"height\":60,\"caption\":\"krc sports\"},\"image\":{\"@id\":\"https:\/\/krcsports.com\/#\/schema\/logo\/image\/\"},\"sameAs\":[\"https:\/\/www.facebook.com\/people\/Krc-sports\/100063994129159\/\"]}]}<\/script>\n<!-- \/ Yoast SEO plugin. -->","yoast_head_json":{"title":"mitaines de taekwondo target - fabricant d&#039;\u00e9quipements de sports de combat digne de confiance","description":"\u00e9quipement d&#039;entra\u00eenement en gros coussin de boxe coups de pied arts martiaux taekwondo mitaine de bras coussinet cible \/ \u00e9quipement d&#039;entra\u00eenement de taekwondo taille et couleur personnalis\u00e9es","robots":{"index":"index","follow":"follow","max-snippet":"max-snippet:-1","max-image-preview":"max-image-preview:large","max-video-preview":"max-video-preview:-1"},"canonical":"https:\/\/krcsports.com\/fr\/produit\/taekwondo-arm-mitts\/","og_locale":"fr_FR","og_type":"article","og_title":"taekwondo arm mitts target - trustworthy combat sports equipment manufacturer","og_description":"wholesale training equipment boxing pad kicking martial arts taekwondo arm mitt Target Pad \/taekwondo training equipment custom size and color","og_url":"https:\/\/krcsports.com\/fr\/produit\/taekwondo-arm-mitts\/","og_site_name":"trustworthy combat sports equipment manufacturer","article_publisher":"https:\/\/www.facebook.com\/people\/Krc-sports\/100063994129159\/","article_modified_time":"2024-11-30T07:30:39+00:00","og_image":[{"width":800,"height":800,"url":"https:\/\/krcsports.com\/wp-content\/uploads\/2024\/09\/taekwondo-target.webp","type":"image\/webp"}],"twitter_card":"summary_large_image","twitter_misc":{"Dur\u00e9e de lecture estim\u00e9e":"1 minute"},"schema":{"@context":"https:\/\/schema.org","@graph":[{"@type":"WebPage","@id":"https:\/\/krcsports.com\/manufacturer\/taekwondo-arm-mitts\/","url":"https:\/\/krcsports.com\/manufacturer\/taekwondo-arm-mitts\/","name":"mitaines de taekwondo target - fabricant d&#039;\u00e9quipements de sports de combat digne de confiance","isPartOf":{"@id":"https:\/\/krcsports.com\/#website"},"primaryImageOfPage":{"@id":"https:\/\/krcsports.com\/manufacturer\/taekwondo-arm-mitts\/#primaryimage"},"image":{"@id":"https:\/\/krcsports.com\/manufacturer\/taekwondo-arm-mitts\/#primaryimage"},"thumbnailUrl":"https:\/\/cdn.krcsports.com\/2024\/09\/taekwondo-target.webp","datePublished":"2024-09-13T01:23:14+00:00","dateModified":"2024-11-30T07:30:39+00:00","description":"\u00e9quipement d&#039;entra\u00eenement en gros coussin de boxe coups de pied arts martiaux taekwondo mitaine de bras coussinet cible \/ \u00e9quipement d&#039;entra\u00eenement de taekwondo taille et couleur personnalis\u00e9es","breadcrumb":{"@id":"https:\/\/krcsports.com\/manufacturer\/taekwondo-arm-mitts\/#breadcrumb"},"inLanguage":"fr-FR","potentialAction":[{"@type":"ReadAction","target":["https:\/\/krcsports.com\/manufacturer\/taekwondo-arm-mitts\/"]}]},{"@type":"ImageObject","inLanguage":"fr-FR","@id":"https:\/\/krcsports.com\/manufacturer\/taekwondo-arm-mitts\/#primaryimage","url":"https:\/\/cdn.krcsports.com\/2024\/09\/taekwondo-target.webp","contentUrl":"https:\/\/cdn.krcsports.com\/2024\/09\/taekwondo-target.webp","width":800,"height":800,"caption":"taekwondo target"},{"@type":"BreadcrumbList","@id":"https:\/\/krcsports.com\/manufacturer\/taekwondo-arm-mitts\/#breadcrumb","itemListElement":[{"@type":"ListItem","position":1,"name":"Home","item":"https:\/\/krcsports.com\/"},{"@type":"ListItem","position":2,"name":"Products","item":"https:\/\/krcsports.com\/shop\/"},{"@type":"ListItem","position":3,"name":"taekwondo arm mitts target"}]},{"@type":"WebSite","@id":"https:\/\/krcsports.com\/#website","url":"https:\/\/krcsports.com\/","name":"sports krc","description":"","publisher":{"@id":"https:\/\/krcsports.com\/#organization"},"potentialAction":[{"@type":"SearchAction","target":{"@type":"EntryPoint","urlTemplate":"https:\/\/krcsports.com\/?s={search_term_string}"},"query-input":"required name=search_term_string"}],"inLanguage":"fr-FR"},{"@type":"Organization","@id":"https:\/\/krcsports.com\/#organization","name":"sports krc","url":"https:\/\/krcsports.com\/","logo":{"@type":"ImageObject","inLanguage":"fr-FR","@id":"https:\/\/krcsports.com\/#\/schema\/logo\/image\/","url":"https:\/\/krcsports.com\/wp-content\/uploads\/2024\/07\/logo.webp","contentUrl":"https:\/\/krcsports.com\/wp-content\/uploads\/2024\/07\/logo.webp","width":80,"height":60,"caption":"krc sports"},"image":{"@id":"https:\/\/krcsports.com\/#\/schema\/logo\/image\/"},"sameAs":["https:\/\/www.facebook.com\/people\/Krc-sports\/100063994129159\/"]}]}},"_links":{"self":[{"href":"https:\/\/krcsports.com\/fr\/wp-json\/wp\/v2\/product\/2670","targetHints":{"allow":["GET"]}}],"collection":[{"href":"https:\/\/krcsports.com\/fr\/wp-json\/wp\/v2\/product"}],"about":[{"href":"https:\/\/krcsports.com\/fr\/wp-json\/wp\/v2\/types\/product"}],"wp:featuredmedia":[{"embeddable":true,"href":"https:\/\/krcsports.com\/fr\/wp-json\/wp\/v2\/media\/2673"}],"wp:attachment":[{"href":"https:\/\/krcsports.com\/fr\/wp-json\/wp\/v2\/media?parent=2670"}],"wp:term":[{"taxonomy":"product_cat","embeddable":true,"href":"https:\/\/krcsports.com\/fr\/wp-json\/wp\/v2\/product_cat?post=2670"},{"taxonomy":"product_tag","embeddable":true,"href":"https:\/\/krcsports.com\/fr\/wp-json\/wp\/v2\/product_tag?post=2670"}],"curies":[{"name":"wp","href":"https:\/\/api.w.org\/{rel}","templated":true}]}}