{"id":2589,"date":"2024-09-12T02:30:50","date_gmt":"2024-09-12T02:30:50","guid":{"rendered":"https:\/\/krcsports.com\/?post_type=product&#038;p=2589"},"modified":"2024-11-24T02:47:40","modified_gmt":"2024-11-24T02:47:40","slug":"taekwondo-uniforms","status":"publish","type":"product","link":"https:\/\/krcsports.com\/fr\/manufacturer\/taekwondo-uniforms\/","title":{"rendered":"uniformes de taekwondo"},"content":{"rendered":"<p><span class=\"a-list-item a-size-base a-color-base\">\u00a0 L&#039;uniforme de Taekwondo traditionnel est fabriqu\u00e9 avec un m\u00e9lange de coton et de polyester doux, un tissu l\u00e9ger de 8 oz, un col en V, un logo TKA, une ceinture blanche incluse<\/span><\/p>\n<p>\u00a0<\/p>\n<p><span class=\"a-list-item a-size-base a-color-base\">\u00a0Fabriqu\u00e9 \u00e0 partir d&#039;un m\u00e9lange de coton et de polyester 60-40, veste traditionnelle \u00e0 col en V, le pantalon est \u00e9quip\u00e9 d&#039;une ceinture \u00e9lastique avec un cordon de serrage suppl\u00e9mentaire qui offre un ajustement parfait.<\/span><\/p>\n<p>\u00a0<\/p>\n<p><span class=\"a-list-item a-size-base a-color-base\">\u00a0Coutures techniques aux points de pression pour plus de durabilit\u00e9 et de r\u00e9sistance. Cousu pour offrir un espace suppl\u00e9mentaire sur les \u00e9paules pour des mouvements rapides et sans restriction. La conception plus large du pantalon permet de s&#039;\u00e9tirer facilement, de donner des coups de pied hauts et de prendre des positions plus basses.<\/span><\/p>\n<p><span class=\"a-list-item a-size-base a-color-base\">\u00a0 Le pantalon offre suffisamment d&#039;espace au niveau des jambes et de l&#039;entrejambe pour donner des coups de pied, s&#039;accroupir et m\u00eame pour m\u00e9diter assis. La taille \u00e9lastique avec cordon de serrage offre une coupe parfaitement ajust\u00e9e pour tous les types de corps.<\/span><\/p>\n<p><span class=\"a-list-item a-size-base a-color-base\">\u00a0Design et couleurs conformes, Livr\u00e9 avec ceinture blanche gratuite<\/span><\/p>\n<p>\u00a0<\/p>\n<h2>Notre certification<\/h2>\n\t<div class=\"img has-hover x md-x lg-x y md-y lg-y\" id=\"image_1861827741\">\n\t\t\t\t\t\t\t\t<div class=\"img-inner dark\" >\n\t\t\t<img loading=\"lazy\" decoding=\"async\" width=\"1020\" height=\"316\" src=\"https:\/\/cdn.krcsports.com\/2024\/07\/certification070-1-1024x317.webp\" class=\"attachment-large size-large wp-image-1633\" alt=\"certificat\" srcset=\"https:\/\/cdn.krcsports.com\/2024\/07\/certification070-1-1024x317.webp 1024w, https:\/\/cdn.krcsports.com\/2024\/07\/certification070-1-300x93.webp 300w, https:\/\/cdn.krcsports.com\/2024\/07\/certification070-1-768x238.webp 768w, https:\/\/cdn.krcsports.com\/2024\/07\/certification070-1-1536x475.webp 1536w, https:\/\/cdn.krcsports.com\/2024\/07\/certification070-1-18x6.webp 18w, https:\/\/cdn.krcsports.com\/2024\/07\/certification070-1-600x186.webp 600w, https:\/\/cdn.krcsports.com\/2024\/07\/certification070-1.webp 1625w\" sizes=\"auto, (max-width: 1020px) 100vw, 1020px\" \/>\t\t\t\t\t\t\n\t\t\t\t\t<\/div>\n\t\t\t\t\t\t\t\t\n<style>\n#image_1861827741 {\n  width: 100%;\n}\n<\/style>\n\t<\/div>\n\t\n\n<h2>Notre usine approuv\u00e9e par BSCI<\/h2>\n<h2>\u00a0<\/h2>\n\t<div class=\"img has-hover x md-x lg-x y md-y lg-y\" id=\"image_1905992200\">\n\t\t\t\t\t\t\t\t<div class=\"img-inner dark\" >\n\t\t\t<img loading=\"lazy\" decoding=\"async\" width=\"850\" height=\"1100\" src=\"https:\/\/cdn.krcsports.com\/2024\/07\/BSCI-SummaryAuditReportforall_21-41.webp\" class=\"attachment-original size-original wp-image-1634\" alt=\"R\u00e9sum\u00e9 de la BSCI\" srcset=\"https:\/\/cdn.krcsports.com\/2024\/07\/BSCI-SummaryAuditReportforall_21-41.webp 850w, https:\/\/cdn.krcsports.com\/2024\/07\/BSCI-SummaryAuditReportforall_21-41-232x300.webp 232w, https:\/\/cdn.krcsports.com\/2024\/07\/BSCI-SummaryAuditReportforall_21-41-791x1024.webp 791w, https:\/\/cdn.krcsports.com\/2024\/07\/BSCI-SummaryAuditReportforall_21-41-768x994.webp 768w, https:\/\/cdn.krcsports.com\/2024\/07\/BSCI-SummaryAuditReportforall_21-41-9x12.webp 9w, https:\/\/cdn.krcsports.com\/2024\/07\/BSCI-SummaryAuditReportforall_21-41-600x776.webp 600w\" sizes=\"auto, (max-width: 850px) 100vw, 850px\" \/>\t\t\t\t\t\t\n\t\t\t\t\t<\/div>\n\t\t\t\t\t\t\t\t\n<style>\n#image_1905992200 {\n  width: 100%;\n}\n<\/style>\n\t<\/div>\n\t\n\n\t<div class=\"img has-hover x md-x lg-x y md-y lg-y\" id=\"image_1907614421\">\n\t\t\t\t\t\t\t\t<div class=\"img-inner dark\" >\n\t\t\t<img loading=\"lazy\" decoding=\"async\" width=\"745\" height=\"364\" src=\"https:\/\/cdn.krcsports.com\/2024\/10\/Sports-manufacture1.webp\" class=\"attachment-original size-original wp-image-2862\" alt=\"fabricant\" srcset=\"https:\/\/cdn.krcsports.com\/2024\/10\/Sports-manufacture1.webp 745w, https:\/\/cdn.krcsports.com\/2024\/10\/Sports-manufacture1-300x147.webp 300w, https:\/\/cdn.krcsports.com\/2024\/10\/Sports-manufacture1-18x9.webp 18w, https:\/\/cdn.krcsports.com\/2024\/10\/Sports-manufacture1-600x293.webp 600w\" sizes=\"auto, (max-width: 745px) 100vw, 745px\" \/>\t\t\t\t\t\t\n\t\t\t\t\t<\/div>\n\t\t\t\t\t\t\t\t\n<style>\n#image_1907614421 {\n  width: 100%;\n}\n<\/style>\n\t<\/div>\n\t\n\n\t<section class=\"section\" id=\"section_1742247213\">\n\t\t<div class=\"bg section-bg fill bg-fill  bg-loaded\" >\n\n\t\t\t\n\t\t\t\n\t\t\t\n\n\t\t<\/div>\n\n\t\t\n\n\t\t<div class=\"section-content relative\">\n\t\t\t\n\n<h2>Notre \u00e9quipe professionnelle<\/h2>\n\n\t\t<\/div>\n\n\t\t\n<style>\n#section_1742247213 {\n  padding-top: 30px;\n  padding-bottom: 30px;\n}\n<\/style>\n\t<\/section>\n\t\n\t<section class=\"section\" id=\"section_734156748\">\n\t\t<div class=\"bg section-bg fill bg-fill  bg-loaded\" >\n\n\t\t\t\n\t\t\t\n\t\t\t\n\n\t\t<\/div>\n\n\t\t\n\n\t\t<div class=\"section-content relative\">\n\t\t\t\n\n\t<div class=\"img has-hover x md-x lg-x y md-y lg-y\" id=\"image_790741656\">\n\t\t\t\t\t\t\t\t<div class=\"img-inner dark\" >\n\t\t\t<img loading=\"lazy\" decoding=\"async\" width=\"493\" height=\"301\" src=\"https:\/\/cdn.krcsports.com\/2024\/10\/team002.webp\" class=\"attachment-large size-large wp-image-2863\" alt=\"\u00e9quipe\" srcset=\"https:\/\/cdn.krcsports.com\/2024\/10\/team002.webp 493w, https:\/\/cdn.krcsports.com\/2024\/10\/team002-300x183.webp 300w, https:\/\/cdn.krcsports.com\/2024\/10\/team002-18x12.webp 18w\" sizes=\"auto, (max-width: 493px) 100vw, 493px\" \/>\t\t\t\t\t\t\n\t\t\t\t\t<\/div>\n\t\t\t\t\t\t\t\t\n<style>\n#image_790741656 {\n  width: 100%;\n}\n<\/style>\n\t<\/div>\n\t\n\n\n\t\t<\/div>\n\n\t\t\n<style>\n#section_734156748 {\n  padding-top: 30px;\n  padding-bottom: 30px;\n}\n<\/style>\n\t<\/section>\n\t\n\t<section class=\"section\" id=\"section_387600739\">\n\t\t<div class=\"bg section-bg fill bg-fill  bg-loaded\" >\n\n\t\t\t\n\t\t\t\n\t\t\t\n\n\t\t<\/div>\n\n\t\t\n\n\t\t<div class=\"section-content relative\">\n\t\t\t\n\n\t<div class=\"img has-hover x md-x lg-x y md-y lg-y\" id=\"image_945516276\">\n\t\t\t\t\t\t\t\t<div class=\"img-inner dark\" >\n\t\t\t<img loading=\"lazy\" decoding=\"async\" width=\"1020\" height=\"466\" src=\"https:\/\/cdn.krcsports.com\/2024\/10\/exhibition1-1024x468.webp\" class=\"attachment-large size-large wp-image-2864\" alt=\"exposition\" srcset=\"https:\/\/cdn.krcsports.com\/2024\/10\/exhibition1-1024x468.webp 1024w, https:\/\/cdn.krcsports.com\/2024\/10\/exhibition1-300x137.webp 300w, https:\/\/cdn.krcsports.com\/2024\/10\/exhibition1-768x351.webp 768w, https:\/\/cdn.krcsports.com\/2024\/10\/exhibition1-18x8.webp 18w, https:\/\/cdn.krcsports.com\/2024\/10\/exhibition1-600x274.webp 600w, https:\/\/cdn.krcsports.com\/2024\/10\/exhibition1.webp 1200w\" sizes=\"auto, (max-width: 1020px) 100vw, 1020px\" \/>\t\t\t\t\t\t\n\t\t\t\t\t<\/div>\n\t\t\t\t\t\t\t\t\n<style>\n#image_945516276 {\n  width: 100%;\n}\n<\/style>\n\t<\/div>\n\t\n\n\n\t\t<\/div>\n\n\t\t\n<style>\n#section_387600739 {\n  padding-top: 30px;\n  padding-bottom: 30px;\n}\n<\/style>\n\t<\/section>\n\t\n<p>\n\n<div class=\"wpcf7 no-js\" id=\"wpcf7-f5-o1\" lang=\"en-US\" dir=\"ltr\">\n<div class=\"screen-reader-response\"><p role=\"status\" aria-live=\"polite\" aria-atomic=\"true\"><\/p> <ul><\/ul><\/div>\n<form action=\"\/fr\/wp-json\/wp\/v2\/product\/2589#wpcf7-f5-o1\" method=\"post\" class=\"wpcf7-form init\" aria-label=\"Formulaire de contact\" novalidate=\"novalidate\" data-status=\"init\" data-trp-original-action=\"\/fr\/wp-json\/wp\/v2\/product\/2589#wpcf7-f5-o1\">\n<div style=\"display: none;\">\n<input type=\"hidden\" name=\"_wpcf7\" value=\"5\" \/>\n<input type=\"hidden\" name=\"_wpcf7_version\" value=\"5.9.5\" \/>\n<input type=\"hidden\" name=\"_wpcf7_locale\" value=\"en_US\" \/>\n<input type=\"hidden\" name=\"_wpcf7_unit_tag\" value=\"wpcf7-f5-o1\" \/>\n<input type=\"hidden\" name=\"_wpcf7_container_post\" value=\"0\" \/>\n<input type=\"hidden\" name=\"_wpcf7_posted_data_hash\" value=\"\" \/>\n<\/div>\n<div class='custom_contact_style'>\n\t<p><label> Votre nom<br \/>\n<span class=\"wpcf7-form-control-wrap\" data-name=\"your-name\"><input size=\"40\" class=\"wpcf7-form-control wpcf7-text wpcf7-validates-as-required\" autocomplete=\"name\" aria-required=\"true\" aria-invalid=\"false\" value=\"\" type=\"text\" name=\"your-name\" \/><\/span> <\/label>\n\t<\/p>\n\t<p><label> Votre email<br \/>\n<span class=\"wpcf7-form-control-wrap\" data-name=\"your-email\"><input size=\"40\" class=\"wpcf7-form-control wpcf7-email wpcf7-validates-as-required wpcf7-text wpcf7-validates-as-email\" autocomplete=\"email\" aria-required=\"true\" aria-invalid=\"false\" value=\"\" type=\"email\" name=\"your-email\" \/><\/span> <\/label>\n\t<\/p>\n\t<p><label> Votre message (optionnel)<br \/>\n<span class=\"wpcf7-form-control-wrap\" data-name=\"your-message\"><textarea cols=\"40\" rows=\"10\" class=\"wpcf7-form-control wpcf7-textarea\" aria-invalid=\"false\" name=\"your-message\"><\/textarea><\/span> <\/label>\n\t<\/p>\n\t<div style=\"margin-bottom:10px;\">\n\t\t<p><span class=\"wpcf7-form-control-wrap kc_captcha cf7ic-toggle\" data-name=\"kc_captcha\"><span class=\"wpcf7-form-control wpcf7-radio\"><span class=\"captcha-image\" style=\"display: none;\"><span class=\"cf7ic_instructions\">Veuillez prouver que vous \u00eates humain en s\u00e9lectionnant le<span> arbre<\/span>.<\/span><label><input type=\"radio\" name=\"kc_captcha\" value=\"bot\" \/><svg width=\"50\" height=\"50\" aria-hidden=\"true\" role=\"img\" xmlns=\"http:\/\/www.w3.org\/2000\/svg\" viewbox=\"0 0 576 512\"><path fill=\"currentColor\" d=\"M415 24c-53 0-103 42-127 65-24-23-74-65-127-65C70 24 16 77 16 166c0 72 67 133 69 135l187 181c9 8 23 8 32 0l187-180c2-3 69-64 69-136 0-89-54-142-145-142z\"\/><\/svg><\/label><label><input type=\"radio\" name=\"kc_captcha\" value=\"bot\" \/><svg width=\"50\" height=\"50\" aria-hidden=\"true\" role=\"img\" xmlns=\"http:\/\/www.w3.org\/2000\/svg\" viewbox=\"0 0 576 512\"><path fill=\"currentColor\" d=\"M259 18l-65 132-146 22c-26 3-37 36-18 54l106 103-25 146c-5 26 23 46 46 33l131-68 131 68c23 13 51-7 46-33l-25-146 106-103c19-18 8-51-18-54l-146-22-65-132a32 32 0 00-58 0z\"\/><\/svg><\/label><label><input type=\"radio\" name=\"kc_captcha\" value=\"kc_human\" \/><svg width=\"50\" height=\"50\" aria-hidden=\"true\" role=\"img\" xmlns=\"http:\/\/www.w3.org\/2000\/svg\" viewbox=\"0 0 384 512\"><path fill=\"currentColor\" d=\"M377 375l-83-87h34c21 0 32-25 17-40l-82-88h33c21 0 32-25 18-40L210 8c-10-11-26-11-36 0L70 120c-14 15-3 40 18 40h33l-82 88c-15 15-4 40 17 40h34L7 375c-15 16-4 41 17 41h120c0 33-11 49-34 68-12 9-5 28 10 28h144c15 0 22-19 10-28-20-16-34-32-34-68h120c21 0 32-25 17-41z\"\/><\/svg><\/label>\r\n    <\/span>\r\n    <span style=\"display:none\">\r\n        <input type=\"text\" name=\"kc_honeypot\">\r\n    <\/span><\/span><\/span>\n\t\t<\/p>\n\t<\/div>\n\t<p><input class=\"wpcf7-form-control wpcf7-submit has-spinner\" type=\"submit\" value=\"Soumettre\" \/>\n\t<\/p>\n<\/div><div class=\"wpcf7-response-output\" aria-hidden=\"true\"><\/div>\n<input type=\"hidden\" name=\"trp-form-language\" value=\"fr\"\/><\/form>\n<\/div>\n\n\n<\/p>","protected":false},"excerpt":{"rendered":"<p>uniforme de taekwondo personnalis\u00e9 Fabriqu\u00e9 \u00e0 partir d&#039;un nouveau mat\u00e9riau en relief nouvellement d\u00e9velopp\u00e9.<\/p>\n<p>Conception am\u00e9lior\u00e9e pour plus de confort et un poids plus l\u00e9ger.<\/p>\n<p>Approuv\u00e9 par WTF.<\/p>\n<p>Cet uniforme est r\u00e9serv\u00e9 aux ceintures noires uniquement. L&#039;ensemble comprend veste et pantalon, ceinture incluse.<\/p>\n<p>Tailles disponibles : 120-220 (000-8)<\/p>\n<p>mat\u00e9riaux 65% polyester et 35% coton<\/p>","protected":false},"featured_media":2614,"template":"","meta":[],"product_cat":[61,38],"product_tag":[],"class_list":{"0":"post-2589","1":"product","2":"type-product","3":"status-publish","4":"has-post-thumbnail","6":"product_cat-taekwondo-uniforms","7":"product_cat-boxing-ring","9":"first","10":"instock","11":"shipping-taxable","12":"product-type-simple"},"yoast_head":"<!-- This site is optimized with the Yoast SEO plugin v22.7 - https:\/\/yoast.com\/wordpress\/plugins\/seo\/ -->\n<title>taekwondo uniforms - trustworthy combat sports equipment manufacturer<\/title>\n<meta name=\"description\" content=\"High quality taekwondo uniform Durable breathable white competitive sparring uniform taekwondo suit taekwondo uniform cotton\" \/>\n<meta name=\"robots\" content=\"index, follow, max-snippet:-1, max-image-preview:large, max-video-preview:-1\" \/>\n<link rel=\"canonical\" href=\"https:\/\/krcsports.com\/fr\/produit\/taekwondo-uniforms\/\" \/>\n<meta property=\"og:locale\" content=\"fr_FR\" \/>\n<meta property=\"og:type\" content=\"article\" \/>\n<meta property=\"og:title\" content=\"taekwondo uniforms - trustworthy combat sports equipment manufacturer\" \/>\n<meta property=\"og:description\" content=\"High quality taekwondo uniform Durable breathable white competitive sparring uniform taekwondo suit taekwondo uniform cotton\" \/>\n<meta property=\"og:url\" content=\"https:\/\/krcsports.com\/fr\/produit\/taekwondo-uniforms\/\" \/>\n<meta property=\"og:site_name\" content=\"trustworthy combat sports equipment manufacturer\" \/>\n<meta property=\"article:publisher\" content=\"https:\/\/www.facebook.com\/people\/Krc-sports\/100063994129159\/\" \/>\n<meta property=\"article:modified_time\" content=\"2024-11-24T02:47:40+00:00\" \/>\n<meta property=\"og:image\" content=\"https:\/\/krcsports.com\/wp-content\/uploads\/2024\/09\/taekwondo-uniforms-3.webp\" \/>\n\t<meta property=\"og:image:width\" content=\"640\" \/>\n\t<meta property=\"og:image:height\" content=\"640\" \/>\n\t<meta property=\"og:image:type\" content=\"image\/webp\" \/>\n<meta name=\"twitter:card\" content=\"summary_large_image\" \/>\n<meta name=\"twitter:label1\" content=\"Dur\u00e9e de lecture estim\u00e9e\" \/>\n\t<meta name=\"twitter:data1\" content=\"1 minute\" \/>\n<script type=\"application\/ld+json\" class=\"yoast-schema-graph\">{\"@context\":\"https:\/\/schema.org\",\"@graph\":[{\"@type\":\"WebPage\",\"@id\":\"https:\/\/krcsports.com\/manufacturer\/taekwondo-uniforms\/\",\"url\":\"https:\/\/krcsports.com\/manufacturer\/taekwondo-uniforms\/\",\"name\":\"taekwondo uniforms - trustworthy combat sports equipment manufacturer\",\"isPartOf\":{\"@id\":\"https:\/\/krcsports.com\/#website\"},\"primaryImageOfPage\":{\"@id\":\"https:\/\/krcsports.com\/manufacturer\/taekwondo-uniforms\/#primaryimage\"},\"image\":{\"@id\":\"https:\/\/krcsports.com\/manufacturer\/taekwondo-uniforms\/#primaryimage\"},\"thumbnailUrl\":\"https:\/\/cdn.krcsports.com\/2024\/09\/taekwondo-uniforms-3.webp\",\"datePublished\":\"2024-09-12T02:30:50+00:00\",\"dateModified\":\"2024-11-24T02:47:40+00:00\",\"description\":\"High quality taekwondo uniform Durable breathable white competitive sparring uniform taekwondo suit taekwondo uniform cotton\",\"breadcrumb\":{\"@id\":\"https:\/\/krcsports.com\/manufacturer\/taekwondo-uniforms\/#breadcrumb\"},\"inLanguage\":\"fr-FR\",\"potentialAction\":[{\"@type\":\"ReadAction\",\"target\":[\"https:\/\/krcsports.com\/manufacturer\/taekwondo-uniforms\/\"]}]},{\"@type\":\"ImageObject\",\"inLanguage\":\"fr-FR\",\"@id\":\"https:\/\/krcsports.com\/manufacturer\/taekwondo-uniforms\/#primaryimage\",\"url\":\"https:\/\/cdn.krcsports.com\/2024\/09\/taekwondo-uniforms-3.webp\",\"contentUrl\":\"https:\/\/cdn.krcsports.com\/2024\/09\/taekwondo-uniforms-3.webp\",\"width\":640,\"height\":640,\"caption\":\"taekwondo uniforms\"},{\"@type\":\"BreadcrumbList\",\"@id\":\"https:\/\/krcsports.com\/manufacturer\/taekwondo-uniforms\/#breadcrumb\",\"itemListElement\":[{\"@type\":\"ListItem\",\"position\":1,\"name\":\"Home\",\"item\":\"https:\/\/krcsports.com\/\"},{\"@type\":\"ListItem\",\"position\":2,\"name\":\"Products\",\"item\":\"https:\/\/krcsports.com\/shop\/\"},{\"@type\":\"ListItem\",\"position\":3,\"name\":\"taekwondo uniforms\"}]},{\"@type\":\"WebSite\",\"@id\":\"https:\/\/krcsports.com\/#website\",\"url\":\"https:\/\/krcsports.com\/\",\"name\":\"krc sports\",\"description\":\"\",\"publisher\":{\"@id\":\"https:\/\/krcsports.com\/#organization\"},\"potentialAction\":[{\"@type\":\"SearchAction\",\"target\":{\"@type\":\"EntryPoint\",\"urlTemplate\":\"https:\/\/krcsports.com\/?s={search_term_string}\"},\"query-input\":\"required name=search_term_string\"}],\"inLanguage\":\"fr-FR\"},{\"@type\":\"Organization\",\"@id\":\"https:\/\/krcsports.com\/#organization\",\"name\":\"krc sports\",\"url\":\"https:\/\/krcsports.com\/\",\"logo\":{\"@type\":\"ImageObject\",\"inLanguage\":\"fr-FR\",\"@id\":\"https:\/\/krcsports.com\/#\/schema\/logo\/image\/\",\"url\":\"https:\/\/krcsports.com\/wp-content\/uploads\/2024\/07\/logo.webp\",\"contentUrl\":\"https:\/\/krcsports.com\/wp-content\/uploads\/2024\/07\/logo.webp\",\"width\":80,\"height\":60,\"caption\":\"krc sports\"},\"image\":{\"@id\":\"https:\/\/krcsports.com\/#\/schema\/logo\/image\/\"},\"sameAs\":[\"https:\/\/www.facebook.com\/people\/Krc-sports\/100063994129159\/\"]}]}<\/script>\n<!-- \/ Yoast SEO plugin. -->","yoast_head_json":{"title":"uniformes de taekwondo - fabricant d&#039;\u00e9quipements de sports de combat de confiance","description":"Uniforme de taekwondo de haute qualit\u00e9 Uniforme de sparring comp\u00e9titif blanc respirant et durable Costume de taekwondo Uniforme de taekwondo en coton","robots":{"index":"index","follow":"follow","max-snippet":"max-snippet:-1","max-image-preview":"max-image-preview:large","max-video-preview":"max-video-preview:-1"},"canonical":"https:\/\/krcsports.com\/fr\/produit\/taekwondo-uniforms\/","og_locale":"fr_FR","og_type":"article","og_title":"taekwondo uniforms - trustworthy combat sports equipment manufacturer","og_description":"High quality taekwondo uniform Durable breathable white competitive sparring uniform taekwondo suit taekwondo uniform cotton","og_url":"https:\/\/krcsports.com\/fr\/produit\/taekwondo-uniforms\/","og_site_name":"trustworthy combat sports equipment manufacturer","article_publisher":"https:\/\/www.facebook.com\/people\/Krc-sports\/100063994129159\/","article_modified_time":"2024-11-24T02:47:40+00:00","og_image":[{"width":640,"height":640,"url":"https:\/\/krcsports.com\/wp-content\/uploads\/2024\/09\/taekwondo-uniforms-3.webp","type":"image\/webp"}],"twitter_card":"summary_large_image","twitter_misc":{"Dur\u00e9e de lecture estim\u00e9e":"1 minute"},"schema":{"@context":"https:\/\/schema.org","@graph":[{"@type":"WebPage","@id":"https:\/\/krcsports.com\/manufacturer\/taekwondo-uniforms\/","url":"https:\/\/krcsports.com\/manufacturer\/taekwondo-uniforms\/","name":"uniformes de taekwondo - fabricant d&#039;\u00e9quipements de sports de combat de confiance","isPartOf":{"@id":"https:\/\/krcsports.com\/#website"},"primaryImageOfPage":{"@id":"https:\/\/krcsports.com\/manufacturer\/taekwondo-uniforms\/#primaryimage"},"image":{"@id":"https:\/\/krcsports.com\/manufacturer\/taekwondo-uniforms\/#primaryimage"},"thumbnailUrl":"https:\/\/cdn.krcsports.com\/2024\/09\/taekwondo-uniforms-3.webp","datePublished":"2024-09-12T02:30:50+00:00","dateModified":"2024-11-24T02:47:40+00:00","description":"Uniforme de taekwondo de haute qualit\u00e9 Uniforme de sparring comp\u00e9titif blanc respirant et durable Costume de taekwondo Uniforme de taekwondo en coton","breadcrumb":{"@id":"https:\/\/krcsports.com\/manufacturer\/taekwondo-uniforms\/#breadcrumb"},"inLanguage":"fr-FR","potentialAction":[{"@type":"ReadAction","target":["https:\/\/krcsports.com\/manufacturer\/taekwondo-uniforms\/"]}]},{"@type":"ImageObject","inLanguage":"fr-FR","@id":"https:\/\/krcsports.com\/manufacturer\/taekwondo-uniforms\/#primaryimage","url":"https:\/\/cdn.krcsports.com\/2024\/09\/taekwondo-uniforms-3.webp","contentUrl":"https:\/\/cdn.krcsports.com\/2024\/09\/taekwondo-uniforms-3.webp","width":640,"height":640,"caption":"taekwondo uniforms"},{"@type":"BreadcrumbList","@id":"https:\/\/krcsports.com\/manufacturer\/taekwondo-uniforms\/#breadcrumb","itemListElement":[{"@type":"ListItem","position":1,"name":"Home","item":"https:\/\/krcsports.com\/"},{"@type":"ListItem","position":2,"name":"Products","item":"https:\/\/krcsports.com\/shop\/"},{"@type":"ListItem","position":3,"name":"taekwondo uniforms"}]},{"@type":"WebSite","@id":"https:\/\/krcsports.com\/#website","url":"https:\/\/krcsports.com\/","name":"sports krc","description":"","publisher":{"@id":"https:\/\/krcsports.com\/#organization"},"potentialAction":[{"@type":"SearchAction","target":{"@type":"EntryPoint","urlTemplate":"https:\/\/krcsports.com\/?s={search_term_string}"},"query-input":"required name=search_term_string"}],"inLanguage":"fr-FR"},{"@type":"Organization","@id":"https:\/\/krcsports.com\/#organization","name":"sports krc","url":"https:\/\/krcsports.com\/","logo":{"@type":"ImageObject","inLanguage":"fr-FR","@id":"https:\/\/krcsports.com\/#\/schema\/logo\/image\/","url":"https:\/\/krcsports.com\/wp-content\/uploads\/2024\/07\/logo.webp","contentUrl":"https:\/\/krcsports.com\/wp-content\/uploads\/2024\/07\/logo.webp","width":80,"height":60,"caption":"krc sports"},"image":{"@id":"https:\/\/krcsports.com\/#\/schema\/logo\/image\/"},"sameAs":["https:\/\/www.facebook.com\/people\/Krc-sports\/100063994129159\/"]}]}},"_links":{"self":[{"href":"https:\/\/krcsports.com\/fr\/wp-json\/wp\/v2\/product\/2589","targetHints":{"allow":["GET"]}}],"collection":[{"href":"https:\/\/krcsports.com\/fr\/wp-json\/wp\/v2\/product"}],"about":[{"href":"https:\/\/krcsports.com\/fr\/wp-json\/wp\/v2\/types\/product"}],"wp:featuredmedia":[{"embeddable":true,"href":"https:\/\/krcsports.com\/fr\/wp-json\/wp\/v2\/media\/2614"}],"wp:attachment":[{"href":"https:\/\/krcsports.com\/fr\/wp-json\/wp\/v2\/media?parent=2589"}],"wp:term":[{"taxonomy":"product_cat","embeddable":true,"href":"https:\/\/krcsports.com\/fr\/wp-json\/wp\/v2\/product_cat?post=2589"},{"taxonomy":"product_tag","embeddable":true,"href":"https:\/\/krcsports.com\/fr\/wp-json\/wp\/v2\/product_tag?post=2589"}],"curies":[{"name":"wp","href":"https:\/\/api.w.org\/{rel}","templated":true}]}}