{"id":2587,"date":"2024-09-12T02:29:30","date_gmt":"2024-09-12T02:29:30","guid":{"rendered":"https:\/\/krcsports.com\/?post_type=product&#038;p=2587"},"modified":"2024-12-01T11:12:04","modified_gmt":"2024-12-01T11:12:04","slug":"karate-chest-guard","status":"publish","type":"product","link":"https:\/\/krcsports.com\/fr\/manufacturer\/karate-chest-guard\/","title":{"rendered":"prot\u00e8ge-poitrine de karat\u00e9"},"content":{"rendered":"<ul class=\"a-unordered-list a-vertical a-spacing-mini\">\n<li class=\"a-spacing-mini\">\u00a0<\/li>\n<li class=\"a-spacing-mini\"><span class=\"a-list-item\">Protecteur de poitrine de karat\u00e9 \u2013 con\u00e7u pour garder vos enfants \u00e0 l&#039;aise et prot\u00e9g\u00e9s lorsqu&#039;ils pratiquent leurs sports pr\u00e9f\u00e9r\u00e9s<\/span><\/li>\n<\/ul>\n<p>\u00a0<\/p>\n<ul class=\"a-unordered-list a-vertical a-spacing-mini\">\n<li class=\"a-spacing-mini\"><span class=\"a-list-item\">\u00a0prot\u00e8ge-poitrine \u2013 il peut parfaitement fixer la protection sur le corps des enfants, pratique pour l&#039;ajuster au corps des enfants, facile \u00e0 porter ou \u00e0 enlever. prot\u00e8ge-poitrine de karat\u00e9<\/span><\/li>\n<\/ul>\n<p>\u00a0<\/p>\n<ul class=\"a-unordered-list a-vertical a-spacing-mini\">\n<li class=\"a-spacing-mini\"><span class=\"a-list-item\">Prot\u00e8ge-poitrine de karat\u00e9 pour enfants \u2013 facile \u00e0 porter et confortable, adapt\u00e9 aux sports de boxe, au fitness, au kickboxing et plus encore<\/span><\/li>\n<\/ul>\n<p>\u00a0<\/p>\n<ul class=\"a-unordered-list a-vertical a-spacing-mini\">\n<li class=\"a-spacing-mini\"><span class=\"a-list-item\">pour les enfants \u2013 peut \u00eatre utilis\u00e9 pour la boxe tha\u00ef, le karat\u00e9, le kickboxing ou toute autre activit\u00e9 o\u00f9 votre enfant a besoin d&#039;une protection suppl\u00e9mentaire au niveau de la poitrine<\/span><\/li>\n<\/ul>\n<p>\u00a0<\/p>\n<ul class=\"a-unordered-list a-vertical a-spacing-mini\">\n<li class=\"a-spacing-mini\"><span class=\"a-list-item\">Gilet de protection cr\u00e9atif \u2013 conception r\u00e9glable, adapt\u00e9 \u00e0 la plupart des enfants, ce qui garantit sa praticit\u00e9 et sa popularit\u00e9<\/span><\/li>\n<\/ul>","protected":false},"excerpt":{"rendered":"<p>prot\u00e8ge-poitrine de karat\u00e9 Fabriqu\u00e9 \u00e0 partir de mat\u00e9riaux de haute qualit\u00e9 pour assurer le confort.<\/p>\n<p>L\u00e9ger pour des mouvements plus rapides lors des combats.<\/p>\n<p>Int\u00e9rieur en tissu respirant pour un flux d&#039;air continu<\/p>\n<p>Coutures solides et bords coup\u00e9s pour plus de durabilit\u00e9<\/p>\n<p>Conception ergonomique pour offrir une protection optimale de la poitrine sans g\u00eaner votre amplitude de mouvements.<\/p>\n<p>Coussinets internes pour l&#039;absorption des chocs et la r\u00e9partition des impacts.<\/p>\n<p>Con\u00e7u avec des sangles velcro \u00e9lastiques r\u00e9glables pour un ajustement parfait.<\/p>\n<p>Facile \u00e0 porter<\/p>\n<p>Fabriqu\u00e9 \u00e0 partir de tissu Oxford et \u00e9lastique de haute qualit\u00e9<\/p>","protected":false},"featured_media":2607,"template":"","meta":[],"product_cat":[69,38],"product_tag":[],"class_list":{"0":"post-2587","1":"product","2":"type-product","3":"status-publish","4":"has-post-thumbnail","6":"product_cat-karate-protective-gear","7":"product_cat-boxing-ring","9":"first","10":"instock","11":"shipping-taxable","12":"product-type-simple"},"yoast_head":"<!-- This site is optimized with the Yoast SEO plugin v22.7 - https:\/\/yoast.com\/wordpress\/plugins\/seo\/ -->\n<title>karate chest guard - trustworthy combat sports equipment manufacturer<\/title>\n<meta name=\"description\" content=\"Karate Chest Guard for Kids &amp; Adults chest protector sweat vest muay thai chest guard taekwondo chest guard kids protector vest boxing\" \/>\n<meta name=\"robots\" content=\"index, follow, max-snippet:-1, max-image-preview:large, max-video-preview:-1\" \/>\n<link rel=\"canonical\" href=\"https:\/\/krcsports.com\/fr\/produit\/karate-chest-guard\/\" \/>\n<meta property=\"og:locale\" content=\"fr_FR\" \/>\n<meta property=\"og:type\" content=\"article\" \/>\n<meta property=\"og:title\" content=\"karate chest guard - trustworthy combat sports equipment manufacturer\" \/>\n<meta property=\"og:description\" content=\"Karate Chest Guard for Kids &amp; Adults chest protector sweat vest muay thai chest guard taekwondo chest guard kids protector vest boxing\" \/>\n<meta property=\"og:url\" content=\"https:\/\/krcsports.com\/fr\/produit\/karate-chest-guard\/\" \/>\n<meta property=\"og:site_name\" content=\"trustworthy combat sports equipment manufacturer\" \/>\n<meta property=\"article:publisher\" content=\"https:\/\/www.facebook.com\/people\/Krc-sports\/100063994129159\/\" \/>\n<meta property=\"article:modified_time\" content=\"2024-12-01T11:12:04+00:00\" \/>\n<meta property=\"og:image\" content=\"https:\/\/krcsports.com\/wp-content\/uploads\/2024\/09\/chest-guard11.webp\" \/>\n\t<meta property=\"og:image:width\" content=\"800\" \/>\n\t<meta property=\"og:image:height\" content=\"800\" \/>\n\t<meta property=\"og:image:type\" content=\"image\/webp\" \/>\n<meta name=\"twitter:card\" content=\"summary_large_image\" \/>\n<meta name=\"twitter:label1\" content=\"Dur\u00e9e de lecture estim\u00e9e\" \/>\n\t<meta name=\"twitter:data1\" content=\"1 minute\" \/>\n<script type=\"application\/ld+json\" class=\"yoast-schema-graph\">{\"@context\":\"https:\/\/schema.org\",\"@graph\":[{\"@type\":\"WebPage\",\"@id\":\"https:\/\/krcsports.com\/manufacturer\/karate-chest-guard\/\",\"url\":\"https:\/\/krcsports.com\/manufacturer\/karate-chest-guard\/\",\"name\":\"karate chest guard - trustworthy combat sports equipment manufacturer\",\"isPartOf\":{\"@id\":\"https:\/\/krcsports.com\/#website\"},\"primaryImageOfPage\":{\"@id\":\"https:\/\/krcsports.com\/manufacturer\/karate-chest-guard\/#primaryimage\"},\"image\":{\"@id\":\"https:\/\/krcsports.com\/manufacturer\/karate-chest-guard\/#primaryimage\"},\"thumbnailUrl\":\"https:\/\/cdn.krcsports.com\/2024\/09\/chest-guard11.webp\",\"datePublished\":\"2024-09-12T02:29:30+00:00\",\"dateModified\":\"2024-12-01T11:12:04+00:00\",\"description\":\"Karate Chest Guard for Kids & Adults chest protector sweat vest muay thai chest guard taekwondo chest guard kids protector vest boxing\",\"breadcrumb\":{\"@id\":\"https:\/\/krcsports.com\/manufacturer\/karate-chest-guard\/#breadcrumb\"},\"inLanguage\":\"fr-FR\",\"potentialAction\":[{\"@type\":\"ReadAction\",\"target\":[\"https:\/\/krcsports.com\/manufacturer\/karate-chest-guard\/\"]}]},{\"@type\":\"ImageObject\",\"inLanguage\":\"fr-FR\",\"@id\":\"https:\/\/krcsports.com\/manufacturer\/karate-chest-guard\/#primaryimage\",\"url\":\"https:\/\/cdn.krcsports.com\/2024\/09\/chest-guard11.webp\",\"contentUrl\":\"https:\/\/cdn.krcsports.com\/2024\/09\/chest-guard11.webp\",\"width\":800,\"height\":800,\"caption\":\"chest guard\"},{\"@type\":\"BreadcrumbList\",\"@id\":\"https:\/\/krcsports.com\/manufacturer\/karate-chest-guard\/#breadcrumb\",\"itemListElement\":[{\"@type\":\"ListItem\",\"position\":1,\"name\":\"Home\",\"item\":\"https:\/\/krcsports.com\/\"},{\"@type\":\"ListItem\",\"position\":2,\"name\":\"Products\",\"item\":\"https:\/\/krcsports.com\/shop\/\"},{\"@type\":\"ListItem\",\"position\":3,\"name\":\"karate chest guard\"}]},{\"@type\":\"WebSite\",\"@id\":\"https:\/\/krcsports.com\/#website\",\"url\":\"https:\/\/krcsports.com\/\",\"name\":\"krc sports\",\"description\":\"\",\"publisher\":{\"@id\":\"https:\/\/krcsports.com\/#organization\"},\"potentialAction\":[{\"@type\":\"SearchAction\",\"target\":{\"@type\":\"EntryPoint\",\"urlTemplate\":\"https:\/\/krcsports.com\/?s={search_term_string}\"},\"query-input\":\"required name=search_term_string\"}],\"inLanguage\":\"fr-FR\"},{\"@type\":\"Organization\",\"@id\":\"https:\/\/krcsports.com\/#organization\",\"name\":\"krc sports\",\"url\":\"https:\/\/krcsports.com\/\",\"logo\":{\"@type\":\"ImageObject\",\"inLanguage\":\"fr-FR\",\"@id\":\"https:\/\/krcsports.com\/#\/schema\/logo\/image\/\",\"url\":\"https:\/\/krcsports.com\/wp-content\/uploads\/2024\/07\/logo.webp\",\"contentUrl\":\"https:\/\/krcsports.com\/wp-content\/uploads\/2024\/07\/logo.webp\",\"width\":80,\"height\":60,\"caption\":\"krc sports\"},\"image\":{\"@id\":\"https:\/\/krcsports.com\/#\/schema\/logo\/image\/\"},\"sameAs\":[\"https:\/\/www.facebook.com\/people\/Krc-sports\/100063994129159\/\"]}]}<\/script>\n<!-- \/ Yoast SEO plugin. -->","yoast_head_json":{"title":"prot\u00e8ge-poitrine de karat\u00e9 - fabricant d&#039;\u00e9quipements de sports de combat digne de confiance","description":"Gilet de protection de poitrine de karat\u00e9 pour enfants et adultes, gilet de protection de poitrine de muay tha\u00ef, gilet de protection de poitrine de taekwondo pour enfants, gilet de protection de boxe","robots":{"index":"index","follow":"follow","max-snippet":"max-snippet:-1","max-image-preview":"max-image-preview:large","max-video-preview":"max-video-preview:-1"},"canonical":"https:\/\/krcsports.com\/fr\/produit\/karate-chest-guard\/","og_locale":"fr_FR","og_type":"article","og_title":"karate chest guard - trustworthy combat sports equipment manufacturer","og_description":"Karate Chest Guard for Kids & Adults chest protector sweat vest muay thai chest guard taekwondo chest guard kids protector vest boxing","og_url":"https:\/\/krcsports.com\/fr\/produit\/karate-chest-guard\/","og_site_name":"trustworthy combat sports equipment manufacturer","article_publisher":"https:\/\/www.facebook.com\/people\/Krc-sports\/100063994129159\/","article_modified_time":"2024-12-01T11:12:04+00:00","og_image":[{"width":800,"height":800,"url":"https:\/\/krcsports.com\/wp-content\/uploads\/2024\/09\/chest-guard11.webp","type":"image\/webp"}],"twitter_card":"summary_large_image","twitter_misc":{"Dur\u00e9e de lecture estim\u00e9e":"1 minute"},"schema":{"@context":"https:\/\/schema.org","@graph":[{"@type":"WebPage","@id":"https:\/\/krcsports.com\/manufacturer\/karate-chest-guard\/","url":"https:\/\/krcsports.com\/manufacturer\/karate-chest-guard\/","name":"prot\u00e8ge-poitrine de karat\u00e9 - fabricant d&#039;\u00e9quipements de sports de combat digne de confiance","isPartOf":{"@id":"https:\/\/krcsports.com\/#website"},"primaryImageOfPage":{"@id":"https:\/\/krcsports.com\/manufacturer\/karate-chest-guard\/#primaryimage"},"image":{"@id":"https:\/\/krcsports.com\/manufacturer\/karate-chest-guard\/#primaryimage"},"thumbnailUrl":"https:\/\/cdn.krcsports.com\/2024\/09\/chest-guard11.webp","datePublished":"2024-09-12T02:29:30+00:00","dateModified":"2024-12-01T11:12:04+00:00","description":"Gilet de protection de poitrine de karat\u00e9 pour enfants et adultes, gilet de protection de poitrine de muay tha\u00ef, gilet de protection de poitrine de taekwondo pour enfants, gilet de protection de boxe","breadcrumb":{"@id":"https:\/\/krcsports.com\/manufacturer\/karate-chest-guard\/#breadcrumb"},"inLanguage":"fr-FR","potentialAction":[{"@type":"ReadAction","target":["https:\/\/krcsports.com\/manufacturer\/karate-chest-guard\/"]}]},{"@type":"ImageObject","inLanguage":"fr-FR","@id":"https:\/\/krcsports.com\/manufacturer\/karate-chest-guard\/#primaryimage","url":"https:\/\/cdn.krcsports.com\/2024\/09\/chest-guard11.webp","contentUrl":"https:\/\/cdn.krcsports.com\/2024\/09\/chest-guard11.webp","width":800,"height":800,"caption":"chest guard"},{"@type":"BreadcrumbList","@id":"https:\/\/krcsports.com\/manufacturer\/karate-chest-guard\/#breadcrumb","itemListElement":[{"@type":"ListItem","position":1,"name":"Home","item":"https:\/\/krcsports.com\/"},{"@type":"ListItem","position":2,"name":"Products","item":"https:\/\/krcsports.com\/shop\/"},{"@type":"ListItem","position":3,"name":"karate chest guard"}]},{"@type":"WebSite","@id":"https:\/\/krcsports.com\/#website","url":"https:\/\/krcsports.com\/","name":"sports krc","description":"","publisher":{"@id":"https:\/\/krcsports.com\/#organization"},"potentialAction":[{"@type":"SearchAction","target":{"@type":"EntryPoint","urlTemplate":"https:\/\/krcsports.com\/?s={search_term_string}"},"query-input":"required name=search_term_string"}],"inLanguage":"fr-FR"},{"@type":"Organization","@id":"https:\/\/krcsports.com\/#organization","name":"sports krc","url":"https:\/\/krcsports.com\/","logo":{"@type":"ImageObject","inLanguage":"fr-FR","@id":"https:\/\/krcsports.com\/#\/schema\/logo\/image\/","url":"https:\/\/krcsports.com\/wp-content\/uploads\/2024\/07\/logo.webp","contentUrl":"https:\/\/krcsports.com\/wp-content\/uploads\/2024\/07\/logo.webp","width":80,"height":60,"caption":"krc sports"},"image":{"@id":"https:\/\/krcsports.com\/#\/schema\/logo\/image\/"},"sameAs":["https:\/\/www.facebook.com\/people\/Krc-sports\/100063994129159\/"]}]}},"_links":{"self":[{"href":"https:\/\/krcsports.com\/fr\/wp-json\/wp\/v2\/product\/2587","targetHints":{"allow":["GET"]}}],"collection":[{"href":"https:\/\/krcsports.com\/fr\/wp-json\/wp\/v2\/product"}],"about":[{"href":"https:\/\/krcsports.com\/fr\/wp-json\/wp\/v2\/types\/product"}],"wp:featuredmedia":[{"embeddable":true,"href":"https:\/\/krcsports.com\/fr\/wp-json\/wp\/v2\/media\/2607"}],"wp:attachment":[{"href":"https:\/\/krcsports.com\/fr\/wp-json\/wp\/v2\/media?parent=2587"}],"wp:term":[{"taxonomy":"product_cat","embeddable":true,"href":"https:\/\/krcsports.com\/fr\/wp-json\/wp\/v2\/product_cat?post=2587"},{"taxonomy":"product_tag","embeddable":true,"href":"https:\/\/krcsports.com\/fr\/wp-json\/wp\/v2\/product_tag?post=2587"}],"curies":[{"name":"wp","href":"https:\/\/api.w.org\/{rel}","templated":true}]}}