{"id":2146,"date":"2024-09-09T08:05:49","date_gmt":"2024-09-09T08:05:49","guid":{"rendered":"https:\/\/krcsports.com\/?post_type=product&#038;p=2146"},"modified":"2024-11-10T09:16:53","modified_gmt":"2024-11-10T09:16:53","slug":"kid-groin-guard","status":"publish","type":"product","link":"https:\/\/krcsports.com\/fr\/manufacturer\/kid-groin-guard\/","title":{"rendered":"prot\u00e8ge-aine pour enfant"},"content":{"rendered":"<section class=\"section\" id=\"section_944689181\">\n\t\t<div class=\"bg section-bg fill bg-fill  bg-loaded\" >\n\n\t\t\t\n\t\t\t\n\t\t\t\n\n\t\t<\/div>\n\n\t\t\n\n\t\t<div class=\"section-content relative\">\n\t\t\t\n<ul class=\"a-unordered-list a-vertical a-spacing-mini\">\n<li class=\"a-spacing-mini\"><span class=\"a-list-item\">Prot\u00e8ge-aine pour enfants - Protection abdominale absorbant les chocs - Pour taekwondo, boxe, kickboxing, combat, karat\u00e9. La conception respirante peut vous rendre plus confortable lorsque vous le portez et r\u00e9duire les frottements.<\/span><\/li>\n<\/ul>\n<p>\u00a0<\/p>\n<ul class=\"a-unordered-list a-vertical a-spacing-mini\">\n<li class=\"a-spacing-mini\"><span class=\"a-list-item\">ajustement \u00e9lastique : les sangles \u00e9lastiques et la ceinture \u00e9lastique permettent aux utilisateurs de trouver l&#039;ajustement optimal et confortable du support d&#039;aine, leur permettant de pratiquer et de s&#039;entra\u00eener dans le plus grand confort possible<\/span><\/li>\n<\/ul>\n<p>\u00a0<\/p>\n<ul class=\"a-unordered-list a-vertical a-spacing-mini\">\n<li class=\"a-spacing-mini\"><span class=\"a-list-item\">ventil\u00e9 et \u00e9vacuant la transpiration : le tissu en polyester est ventil\u00e9 et \u00e9vacue la transpiration pour garantir que les utilisateurs puissent profiter d&#039;une exp\u00e9rience d&#039;entra\u00eenement s\u00e8che et confortable lors de l&#039;utilisation du support d&#039;aine pour hommes<\/span><\/li>\n<\/ul>\n<p>\u00a0<\/p>\n<ul class=\"a-unordered-list a-vertical a-spacing-mini\">\n<li class=\"a-spacing-mini\"><span class=\"a-list-item\">Protecteur abdominal pour l&#039;aine tha\u00eflandaise : hautement recommand\u00e9 pour le taekwondo, la boxe, le karat\u00e9, etc. Il est tr\u00e8s utile. Haute densit\u00e9 \u00e0 l&#039;int\u00e9rieur, offre une protection solide et un soin d&#039;absorption des chocs. Protecteur d&#039;aine professionnel, prot\u00e8ge-entrejambe r\u00e9sistant \u00e0 l&#039;usure, prot\u00e8ge-entrejambe portable<\/span><\/li>\n<\/ul>\n<p>\u00a0<\/p>\n<ul class=\"a-unordered-list a-vertical a-spacing-mini\">\n<li class=\"a-spacing-mini\"><span class=\"a-list-item\">Protecteur d&#039;aine pour la boxe : que vous soyez un professionnel ou simplement un amateur de boxe, il est n\u00e9cessaire d&#039;\u00e9quiper cette protection. Le mat\u00e9riau en PU, en plastique technique ABS et en \u00e9ponge est durable, ce protecteur convient aux sports de comp\u00e9tition pour les hommes<\/span><\/li>\n<\/ul>\n\t\t<\/div>\n\n\t\t\n<style>\n#section_944689181 {\n  padding-top: 30px;\n  padding-bottom: 30px;\n}\n<\/style>\n\t<\/section>","protected":false},"excerpt":{"rendered":"<p>. Mati\u00e8re : PU<\/p>\n<p>Permet un ajustement tr\u00e8s confortable et sans restriction<\/p>\n<p>. Offre une protection accrue<\/p>\n<p>. Une excellente conception aide \u00e0 prot\u00e9ger les zones de l&#039;aine et du bas-ventre<\/p>\n<p>. Aide \u00e0 prot\u00e9ger les reins, le foie, l&#039;aine, les hommes et les hanches<\/p>","protected":false},"featured_media":2266,"template":"","meta":[],"product_cat":[51,44],"product_tag":[],"class_list":{"0":"post-2146","1":"product","2":"type-product","3":"status-publish","4":"has-post-thumbnail","6":"product_cat-martial-arts-protective-gear","7":"product_cat-boxing-protective-gear","9":"first","10":"instock","11":"shipping-taxable","12":"product-type-simple"},"yoast_head":"<!-- This site is optimized with the Yoast SEO plugin v22.7 - https:\/\/yoast.com\/wordpress\/plugins\/seo\/ -->\n<title>kid groin guard - trustworthy combat sports equipment manufacturer<\/title>\n<meta name=\"description\" content=\"Kids Groin Guard, Sports Groin Abdominal Protector Boxing Taekwondo Groin Guard Protection Karate Thai Groin Ab Protector Kickboxing Fight Protective Cup Red\" \/>\n<meta name=\"robots\" content=\"index, follow, max-snippet:-1, max-image-preview:large, max-video-preview:-1\" \/>\n<link rel=\"canonical\" href=\"https:\/\/krcsports.com\/fr\/produit\/kid-groin-guard\/\" \/>\n<meta property=\"og:locale\" content=\"fr_FR\" \/>\n<meta property=\"og:type\" content=\"article\" \/>\n<meta property=\"og:title\" content=\"kid groin guard - trustworthy combat sports equipment manufacturer\" \/>\n<meta property=\"og:description\" content=\"Kids Groin Guard, Sports Groin Abdominal Protector Boxing Taekwondo Groin Guard Protection Karate Thai Groin Ab Protector Kickboxing Fight Protective Cup Red\" \/>\n<meta property=\"og:url\" content=\"https:\/\/krcsports.com\/fr\/produit\/kid-groin-guard\/\" \/>\n<meta property=\"og:site_name\" content=\"trustworthy combat sports equipment manufacturer\" \/>\n<meta property=\"article:publisher\" content=\"https:\/\/www.facebook.com\/people\/Krc-sports\/100063994129159\/\" \/>\n<meta property=\"article:modified_time\" content=\"2024-11-10T09:16:53+00:00\" \/>\n<meta property=\"og:image\" content=\"https:\/\/krcsports.com\/wp-content\/uploads\/2024\/09\/kid-groin-guard1.webp\" \/>\n\t<meta property=\"og:image:width\" content=\"800\" \/>\n\t<meta property=\"og:image:height\" content=\"800\" \/>\n\t<meta property=\"og:image:type\" content=\"image\/webp\" \/>\n<meta name=\"twitter:card\" content=\"summary_large_image\" \/>\n<meta name=\"twitter:label1\" content=\"Dur\u00e9e de lecture estim\u00e9e\" \/>\n\t<meta name=\"twitter:data1\" content=\"1 minute\" \/>\n<script type=\"application\/ld+json\" class=\"yoast-schema-graph\">{\"@context\":\"https:\/\/schema.org\",\"@graph\":[{\"@type\":\"WebPage\",\"@id\":\"https:\/\/krcsports.com\/manufacturer\/kid-groin-guard\/\",\"url\":\"https:\/\/krcsports.com\/manufacturer\/kid-groin-guard\/\",\"name\":\"kid groin guard - trustworthy combat sports equipment manufacturer\",\"isPartOf\":{\"@id\":\"https:\/\/krcsports.com\/#website\"},\"primaryImageOfPage\":{\"@id\":\"https:\/\/krcsports.com\/manufacturer\/kid-groin-guard\/#primaryimage\"},\"image\":{\"@id\":\"https:\/\/krcsports.com\/manufacturer\/kid-groin-guard\/#primaryimage\"},\"thumbnailUrl\":\"https:\/\/cdn.krcsports.com\/2024\/09\/kid-groin-guard1.webp\",\"datePublished\":\"2024-09-09T08:05:49+00:00\",\"dateModified\":\"2024-11-10T09:16:53+00:00\",\"description\":\"Kids Groin Guard, Sports Groin Abdominal Protector Boxing Taekwondo Groin Guard Protection Karate Thai Groin Ab Protector Kickboxing Fight Protective Cup Red\",\"breadcrumb\":{\"@id\":\"https:\/\/krcsports.com\/manufacturer\/kid-groin-guard\/#breadcrumb\"},\"inLanguage\":\"fr-FR\",\"potentialAction\":[{\"@type\":\"ReadAction\",\"target\":[\"https:\/\/krcsports.com\/manufacturer\/kid-groin-guard\/\"]}]},{\"@type\":\"ImageObject\",\"inLanguage\":\"fr-FR\",\"@id\":\"https:\/\/krcsports.com\/manufacturer\/kid-groin-guard\/#primaryimage\",\"url\":\"https:\/\/cdn.krcsports.com\/2024\/09\/kid-groin-guard1.webp\",\"contentUrl\":\"https:\/\/cdn.krcsports.com\/2024\/09\/kid-groin-guard1.webp\",\"width\":800,\"height\":800,\"caption\":\"kid groin guard\"},{\"@type\":\"BreadcrumbList\",\"@id\":\"https:\/\/krcsports.com\/manufacturer\/kid-groin-guard\/#breadcrumb\",\"itemListElement\":[{\"@type\":\"ListItem\",\"position\":1,\"name\":\"Home\",\"item\":\"https:\/\/krcsports.com\/\"},{\"@type\":\"ListItem\",\"position\":2,\"name\":\"Products\",\"item\":\"https:\/\/krcsports.com\/shop\/\"},{\"@type\":\"ListItem\",\"position\":3,\"name\":\"kid groin guard\"}]},{\"@type\":\"WebSite\",\"@id\":\"https:\/\/krcsports.com\/#website\",\"url\":\"https:\/\/krcsports.com\/\",\"name\":\"krc sports\",\"description\":\"\",\"publisher\":{\"@id\":\"https:\/\/krcsports.com\/#organization\"},\"potentialAction\":[{\"@type\":\"SearchAction\",\"target\":{\"@type\":\"EntryPoint\",\"urlTemplate\":\"https:\/\/krcsports.com\/?s={search_term_string}\"},\"query-input\":\"required name=search_term_string\"}],\"inLanguage\":\"fr-FR\"},{\"@type\":\"Organization\",\"@id\":\"https:\/\/krcsports.com\/#organization\",\"name\":\"krc sports\",\"url\":\"https:\/\/krcsports.com\/\",\"logo\":{\"@type\":\"ImageObject\",\"inLanguage\":\"fr-FR\",\"@id\":\"https:\/\/krcsports.com\/#\/schema\/logo\/image\/\",\"url\":\"https:\/\/krcsports.com\/wp-content\/uploads\/2024\/07\/logo.webp\",\"contentUrl\":\"https:\/\/krcsports.com\/wp-content\/uploads\/2024\/07\/logo.webp\",\"width\":80,\"height\":60,\"caption\":\"krc sports\"},\"image\":{\"@id\":\"https:\/\/krcsports.com\/#\/schema\/logo\/image\/\"},\"sameAs\":[\"https:\/\/www.facebook.com\/people\/Krc-sports\/100063994129159\/\"]}]}<\/script>\n<!-- \/ Yoast SEO plugin. -->","yoast_head_json":{"title":"Coquille pour enfant - fabricant d&#039;\u00e9quipements de sports de combat digne de confiance","description":"Coquille pour enfants, protection abdominale pour le sport, protection pour la boxe, le taekwondo, le karat\u00e9, le tha\u00ef, le kickboxing, la protection pour le combat, rouge","robots":{"index":"index","follow":"follow","max-snippet":"max-snippet:-1","max-image-preview":"max-image-preview:large","max-video-preview":"max-video-preview:-1"},"canonical":"https:\/\/krcsports.com\/fr\/produit\/kid-groin-guard\/","og_locale":"fr_FR","og_type":"article","og_title":"kid groin guard - trustworthy combat sports equipment manufacturer","og_description":"Kids Groin Guard, Sports Groin Abdominal Protector Boxing Taekwondo Groin Guard Protection Karate Thai Groin Ab Protector Kickboxing Fight Protective Cup Red","og_url":"https:\/\/krcsports.com\/fr\/produit\/kid-groin-guard\/","og_site_name":"trustworthy combat sports equipment manufacturer","article_publisher":"https:\/\/www.facebook.com\/people\/Krc-sports\/100063994129159\/","article_modified_time":"2024-11-10T09:16:53+00:00","og_image":[{"width":800,"height":800,"url":"https:\/\/krcsports.com\/wp-content\/uploads\/2024\/09\/kid-groin-guard1.webp","type":"image\/webp"}],"twitter_card":"summary_large_image","twitter_misc":{"Dur\u00e9e de lecture estim\u00e9e":"1 minute"},"schema":{"@context":"https:\/\/schema.org","@graph":[{"@type":"WebPage","@id":"https:\/\/krcsports.com\/manufacturer\/kid-groin-guard\/","url":"https:\/\/krcsports.com\/manufacturer\/kid-groin-guard\/","name":"Coquille pour enfant - fabricant d&#039;\u00e9quipements de sports de combat digne de confiance","isPartOf":{"@id":"https:\/\/krcsports.com\/#website"},"primaryImageOfPage":{"@id":"https:\/\/krcsports.com\/manufacturer\/kid-groin-guard\/#primaryimage"},"image":{"@id":"https:\/\/krcsports.com\/manufacturer\/kid-groin-guard\/#primaryimage"},"thumbnailUrl":"https:\/\/cdn.krcsports.com\/2024\/09\/kid-groin-guard1.webp","datePublished":"2024-09-09T08:05:49+00:00","dateModified":"2024-11-10T09:16:53+00:00","description":"Coquille pour enfants, protection abdominale pour le sport, protection pour la boxe, le taekwondo, le karat\u00e9, le tha\u00ef, le kickboxing, la protection pour le combat, rouge","breadcrumb":{"@id":"https:\/\/krcsports.com\/manufacturer\/kid-groin-guard\/#breadcrumb"},"inLanguage":"fr-FR","potentialAction":[{"@type":"ReadAction","target":["https:\/\/krcsports.com\/manufacturer\/kid-groin-guard\/"]}]},{"@type":"ImageObject","inLanguage":"fr-FR","@id":"https:\/\/krcsports.com\/manufacturer\/kid-groin-guard\/#primaryimage","url":"https:\/\/cdn.krcsports.com\/2024\/09\/kid-groin-guard1.webp","contentUrl":"https:\/\/cdn.krcsports.com\/2024\/09\/kid-groin-guard1.webp","width":800,"height":800,"caption":"kid groin guard"},{"@type":"BreadcrumbList","@id":"https:\/\/krcsports.com\/manufacturer\/kid-groin-guard\/#breadcrumb","itemListElement":[{"@type":"ListItem","position":1,"name":"Home","item":"https:\/\/krcsports.com\/"},{"@type":"ListItem","position":2,"name":"Products","item":"https:\/\/krcsports.com\/shop\/"},{"@type":"ListItem","position":3,"name":"kid groin guard"}]},{"@type":"WebSite","@id":"https:\/\/krcsports.com\/#website","url":"https:\/\/krcsports.com\/","name":"sports krc","description":"","publisher":{"@id":"https:\/\/krcsports.com\/#organization"},"potentialAction":[{"@type":"SearchAction","target":{"@type":"EntryPoint","urlTemplate":"https:\/\/krcsports.com\/?s={search_term_string}"},"query-input":"required name=search_term_string"}],"inLanguage":"fr-FR"},{"@type":"Organization","@id":"https:\/\/krcsports.com\/#organization","name":"sports krc","url":"https:\/\/krcsports.com\/","logo":{"@type":"ImageObject","inLanguage":"fr-FR","@id":"https:\/\/krcsports.com\/#\/schema\/logo\/image\/","url":"https:\/\/krcsports.com\/wp-content\/uploads\/2024\/07\/logo.webp","contentUrl":"https:\/\/krcsports.com\/wp-content\/uploads\/2024\/07\/logo.webp","width":80,"height":60,"caption":"krc sports"},"image":{"@id":"https:\/\/krcsports.com\/#\/schema\/logo\/image\/"},"sameAs":["https:\/\/www.facebook.com\/people\/Krc-sports\/100063994129159\/"]}]}},"_links":{"self":[{"href":"https:\/\/krcsports.com\/fr\/wp-json\/wp\/v2\/product\/2146","targetHints":{"allow":["GET"]}}],"collection":[{"href":"https:\/\/krcsports.com\/fr\/wp-json\/wp\/v2\/product"}],"about":[{"href":"https:\/\/krcsports.com\/fr\/wp-json\/wp\/v2\/types\/product"}],"wp:featuredmedia":[{"embeddable":true,"href":"https:\/\/krcsports.com\/fr\/wp-json\/wp\/v2\/media\/2266"}],"wp:attachment":[{"href":"https:\/\/krcsports.com\/fr\/wp-json\/wp\/v2\/media?parent=2146"}],"wp:term":[{"taxonomy":"product_cat","embeddable":true,"href":"https:\/\/krcsports.com\/fr\/wp-json\/wp\/v2\/product_cat?post=2146"},{"taxonomy":"product_tag","embeddable":true,"href":"https:\/\/krcsports.com\/fr\/wp-json\/wp\/v2\/product_tag?post=2146"}],"curies":[{"name":"wp","href":"https:\/\/api.w.org\/{rel}","templated":true}]}}