{"id":1944,"date":"2024-08-26T08:21:22","date_gmt":"2024-08-26T08:21:22","guid":{"rendered":"https:\/\/krcsports.com\/?post_type=product&#038;p=1944"},"modified":"2024-12-01T10:35:59","modified_gmt":"2024-12-01T10:35:59","slug":"martial-arts-uniform","status":"publish","type":"product","link":"https:\/\/krcsports.com\/fr\/manufacturer\/martial-arts-uniform\/","title":{"rendered":"uniforme d&#039;arts martiaux"},"content":{"rendered":"<ul class=\"a-unordered-list a-vertical a-spacing-small\">\n<li><span class=\"a-list-item a-size-base a-color-base\">Le tissu uniforme d&#039;arts martiaux est confortable, absorbant, respirant, facile \u00e0 organiser, r\u00e9sistant \u00e0 l&#039;usure et durable.<\/span><\/li>\n<\/ul>\n<p>\u00a0<\/p>\n<ul class=\"a-unordered-list a-vertical a-spacing-small\">\n<li><span class=\"a-list-item a-size-base a-color-base\">Les uniformes sont id\u00e9aux pour les femmes et les hommes. Ils peuvent \u00eatre utilis\u00e9s pour la boxe, le Sanda, le Muay Thai, etc.<\/span><\/li>\n<\/ul>\n<p>\u00a0<\/p>\n<ul class=\"a-unordered-list a-vertical a-spacing-small\">\n<li><span class=\"a-list-item a-size-base a-color-base\">\u00a0Faire de l&#039;exercice, surtout du cardio, permet d&#039;\u00e9vacuer le stress. Et c&#039;est aussi bon pour le c\u0153ur. De plus, l&#039;entra\u00eenement \u00e0 la boxe vous oblige \u00e0 vous concentrer sur l&#039;instant pr\u00e9sent, et non sur vos probl\u00e8mes.<\/span><\/li>\n<\/ul>\n<p>\u00a0<\/p>\n<ul class=\"a-unordered-list a-vertical a-spacing-small\">\n<li><span class=\"a-list-item a-size-base a-color-base\">\u00a0Fabrication soign\u00e9e, couture solide, la conception du col et des poignets ne limite pas les mouvements.<\/span><\/li>\n<\/ul>\n<p>\u00a0<\/p>\n<ul class=\"a-unordered-list a-vertical a-spacing-small\">\n<li><span class=\"a-list-item a-size-base a-color-base\">Ils sont doux et \u00e9l\u00e9gants. Dans la pratique de la boxe, l&#039;uniforme permet au pratiquant de se sentir \u00e0 l&#039;aise, r\u00e9pondant aux exigences de la pratique de la boxe<\/span><\/li>\n<\/ul>","protected":false},"excerpt":{"rendered":"<p>Fabriqu\u00e9 en tissu \u00e9lastique, confortable et respirant \u00e0 porter<br \/>\nLa ceinture est con\u00e7ue avec un cordon de serrage, r\u00e9glable et difficile \u00e0 d\u00e9tacher<br \/>\nConception \u00e0 fente lat\u00e9rale, facile \u00e0 soulever la jambe et ne limite pas votre action de boxe<br \/>\nTaille du 3XS au 5XL, disponible pour les enfants et les adultes<\/p>","protected":false},"featured_media":2489,"template":"","meta":[],"product_cat":[47,43],"product_tag":[],"class_list":{"0":"post-1944","1":"product","2":"type-product","3":"status-publish","4":"has-post-thumbnail","6":"product_cat-martial-arts-uniforms","7":"product_cat-boxing-apparel","9":"first","10":"instock","11":"shipping-taxable","12":"product-type-simple"},"yoast_head":"<!-- This site is optimized with the Yoast SEO plugin v22.7 - https:\/\/yoast.com\/wordpress\/plugins\/seo\/ -->\n<title>martial arts uniform - trustworthy combat sports equipment manufacturer<\/title>\n<meta name=\"description\" content=\"Sanda Suit Children Adult Boxing Competition Suit Muay Thai Training Boxing Shorts Adult Unisex Muay Thai Boxing Shorts Suit MMA Kick Boxing uniform\" \/>\n<meta name=\"robots\" content=\"index, follow, max-snippet:-1, max-image-preview:large, max-video-preview:-1\" \/>\n<link rel=\"canonical\" href=\"https:\/\/krcsports.com\/fr\/produit\/martial-arts-uniform\/\" \/>\n<meta property=\"og:locale\" content=\"fr_FR\" \/>\n<meta property=\"og:type\" content=\"article\" \/>\n<meta property=\"og:title\" content=\"martial arts uniform - trustworthy combat sports equipment manufacturer\" \/>\n<meta property=\"og:description\" content=\"Sanda Suit Children Adult Boxing Competition Suit Muay Thai Training Boxing Shorts Adult Unisex Muay Thai Boxing Shorts Suit MMA Kick Boxing uniform\" \/>\n<meta property=\"og:url\" content=\"https:\/\/krcsports.com\/fr\/produit\/martial-arts-uniform\/\" \/>\n<meta property=\"og:site_name\" content=\"trustworthy combat sports equipment manufacturer\" \/>\n<meta property=\"article:publisher\" content=\"https:\/\/www.facebook.com\/people\/Krc-sports\/100063994129159\/\" \/>\n<meta property=\"article:modified_time\" content=\"2024-12-01T10:35:59+00:00\" \/>\n<meta property=\"og:image\" content=\"https:\/\/krcsports.com\/wp-content\/uploads\/2024\/08\/wushu-uniform6.webp\" \/>\n\t<meta property=\"og:image:width\" content=\"790\" \/>\n\t<meta property=\"og:image:height\" content=\"804\" \/>\n\t<meta property=\"og:image:type\" content=\"image\/webp\" \/>\n<meta name=\"twitter:card\" content=\"summary_large_image\" \/>\n<meta name=\"twitter:label1\" content=\"Dur\u00e9e de lecture estim\u00e9e\" \/>\n\t<meta name=\"twitter:data1\" content=\"1 minute\" \/>\n<script type=\"application\/ld+json\" class=\"yoast-schema-graph\">{\"@context\":\"https:\/\/schema.org\",\"@graph\":[{\"@type\":\"WebPage\",\"@id\":\"https:\/\/krcsports.com\/manufacturer\/martial-arts-uniform\/\",\"url\":\"https:\/\/krcsports.com\/manufacturer\/martial-arts-uniform\/\",\"name\":\"martial arts uniform - trustworthy combat sports equipment manufacturer\",\"isPartOf\":{\"@id\":\"https:\/\/krcsports.com\/#website\"},\"primaryImageOfPage\":{\"@id\":\"https:\/\/krcsports.com\/manufacturer\/martial-arts-uniform\/#primaryimage\"},\"image\":{\"@id\":\"https:\/\/krcsports.com\/manufacturer\/martial-arts-uniform\/#primaryimage\"},\"thumbnailUrl\":\"https:\/\/cdn.krcsports.com\/2024\/08\/wushu-uniform6.webp\",\"datePublished\":\"2024-08-26T08:21:22+00:00\",\"dateModified\":\"2024-12-01T10:35:59+00:00\",\"description\":\"Sanda Suit Children Adult Boxing Competition Suit Muay Thai Training Boxing Shorts Adult Unisex Muay Thai Boxing Shorts Suit MMA Kick Boxing uniform\",\"breadcrumb\":{\"@id\":\"https:\/\/krcsports.com\/manufacturer\/martial-arts-uniform\/#breadcrumb\"},\"inLanguage\":\"fr-FR\",\"potentialAction\":[{\"@type\":\"ReadAction\",\"target\":[\"https:\/\/krcsports.com\/manufacturer\/martial-arts-uniform\/\"]}]},{\"@type\":\"ImageObject\",\"inLanguage\":\"fr-FR\",\"@id\":\"https:\/\/krcsports.com\/manufacturer\/martial-arts-uniform\/#primaryimage\",\"url\":\"https:\/\/cdn.krcsports.com\/2024\/08\/wushu-uniform6.webp\",\"contentUrl\":\"https:\/\/cdn.krcsports.com\/2024\/08\/wushu-uniform6.webp\",\"width\":790,\"height\":804,\"caption\":\"wushu uniform\"},{\"@type\":\"BreadcrumbList\",\"@id\":\"https:\/\/krcsports.com\/manufacturer\/martial-arts-uniform\/#breadcrumb\",\"itemListElement\":[{\"@type\":\"ListItem\",\"position\":1,\"name\":\"Home\",\"item\":\"https:\/\/krcsports.com\/\"},{\"@type\":\"ListItem\",\"position\":2,\"name\":\"Products\",\"item\":\"https:\/\/krcsports.com\/shop\/\"},{\"@type\":\"ListItem\",\"position\":3,\"name\":\"martial arts uniform\"}]},{\"@type\":\"WebSite\",\"@id\":\"https:\/\/krcsports.com\/#website\",\"url\":\"https:\/\/krcsports.com\/\",\"name\":\"krc sports\",\"description\":\"\",\"publisher\":{\"@id\":\"https:\/\/krcsports.com\/#organization\"},\"potentialAction\":[{\"@type\":\"SearchAction\",\"target\":{\"@type\":\"EntryPoint\",\"urlTemplate\":\"https:\/\/krcsports.com\/?s={search_term_string}\"},\"query-input\":\"required name=search_term_string\"}],\"inLanguage\":\"fr-FR\"},{\"@type\":\"Organization\",\"@id\":\"https:\/\/krcsports.com\/#organization\",\"name\":\"krc sports\",\"url\":\"https:\/\/krcsports.com\/\",\"logo\":{\"@type\":\"ImageObject\",\"inLanguage\":\"fr-FR\",\"@id\":\"https:\/\/krcsports.com\/#\/schema\/logo\/image\/\",\"url\":\"https:\/\/krcsports.com\/wp-content\/uploads\/2024\/07\/logo.webp\",\"contentUrl\":\"https:\/\/krcsports.com\/wp-content\/uploads\/2024\/07\/logo.webp\",\"width\":80,\"height\":60,\"caption\":\"krc sports\"},\"image\":{\"@id\":\"https:\/\/krcsports.com\/#\/schema\/logo\/image\/\"},\"sameAs\":[\"https:\/\/www.facebook.com\/people\/Krc-sports\/100063994129159\/\"]}]}<\/script>\n<!-- \/ Yoast SEO plugin. -->","yoast_head_json":{"title":"uniforme d&#039;arts martiaux - fabricant d&#039;\u00e9quipements de sports de combat digne de confiance","description":"Combinaison Sanda pour enfants et adultes, combinaison de comp\u00e9tition de boxe, short d&#039;entra\u00eenement de Muay Thai, short de boxe unisexe pour adultes, uniforme de MMA Kick Boxing","robots":{"index":"index","follow":"follow","max-snippet":"max-snippet:-1","max-image-preview":"max-image-preview:large","max-video-preview":"max-video-preview:-1"},"canonical":"https:\/\/krcsports.com\/fr\/produit\/martial-arts-uniform\/","og_locale":"fr_FR","og_type":"article","og_title":"martial arts uniform - trustworthy combat sports equipment manufacturer","og_description":"Sanda Suit Children Adult Boxing Competition Suit Muay Thai Training Boxing Shorts Adult Unisex Muay Thai Boxing Shorts Suit MMA Kick Boxing uniform","og_url":"https:\/\/krcsports.com\/fr\/produit\/martial-arts-uniform\/","og_site_name":"trustworthy combat sports equipment manufacturer","article_publisher":"https:\/\/www.facebook.com\/people\/Krc-sports\/100063994129159\/","article_modified_time":"2024-12-01T10:35:59+00:00","og_image":[{"width":790,"height":804,"url":"https:\/\/krcsports.com\/wp-content\/uploads\/2024\/08\/wushu-uniform6.webp","type":"image\/webp"}],"twitter_card":"summary_large_image","twitter_misc":{"Dur\u00e9e de lecture estim\u00e9e":"1 minute"},"schema":{"@context":"https:\/\/schema.org","@graph":[{"@type":"WebPage","@id":"https:\/\/krcsports.com\/manufacturer\/martial-arts-uniform\/","url":"https:\/\/krcsports.com\/manufacturer\/martial-arts-uniform\/","name":"uniforme d&#039;arts martiaux - fabricant d&#039;\u00e9quipements de sports de combat digne de confiance","isPartOf":{"@id":"https:\/\/krcsports.com\/#website"},"primaryImageOfPage":{"@id":"https:\/\/krcsports.com\/manufacturer\/martial-arts-uniform\/#primaryimage"},"image":{"@id":"https:\/\/krcsports.com\/manufacturer\/martial-arts-uniform\/#primaryimage"},"thumbnailUrl":"https:\/\/cdn.krcsports.com\/2024\/08\/wushu-uniform6.webp","datePublished":"2024-08-26T08:21:22+00:00","dateModified":"2024-12-01T10:35:59+00:00","description":"Combinaison Sanda pour enfants et adultes, combinaison de comp\u00e9tition de boxe, short d&#039;entra\u00eenement de Muay Thai, short de boxe unisexe pour adultes, uniforme de MMA Kick Boxing","breadcrumb":{"@id":"https:\/\/krcsports.com\/manufacturer\/martial-arts-uniform\/#breadcrumb"},"inLanguage":"fr-FR","potentialAction":[{"@type":"ReadAction","target":["https:\/\/krcsports.com\/manufacturer\/martial-arts-uniform\/"]}]},{"@type":"ImageObject","inLanguage":"fr-FR","@id":"https:\/\/krcsports.com\/manufacturer\/martial-arts-uniform\/#primaryimage","url":"https:\/\/cdn.krcsports.com\/2024\/08\/wushu-uniform6.webp","contentUrl":"https:\/\/cdn.krcsports.com\/2024\/08\/wushu-uniform6.webp","width":790,"height":804,"caption":"wushu uniform"},{"@type":"BreadcrumbList","@id":"https:\/\/krcsports.com\/manufacturer\/martial-arts-uniform\/#breadcrumb","itemListElement":[{"@type":"ListItem","position":1,"name":"Home","item":"https:\/\/krcsports.com\/"},{"@type":"ListItem","position":2,"name":"Products","item":"https:\/\/krcsports.com\/shop\/"},{"@type":"ListItem","position":3,"name":"martial arts uniform"}]},{"@type":"WebSite","@id":"https:\/\/krcsports.com\/#website","url":"https:\/\/krcsports.com\/","name":"sports krc","description":"","publisher":{"@id":"https:\/\/krcsports.com\/#organization"},"potentialAction":[{"@type":"SearchAction","target":{"@type":"EntryPoint","urlTemplate":"https:\/\/krcsports.com\/?s={search_term_string}"},"query-input":"required name=search_term_string"}],"inLanguage":"fr-FR"},{"@type":"Organization","@id":"https:\/\/krcsports.com\/#organization","name":"sports krc","url":"https:\/\/krcsports.com\/","logo":{"@type":"ImageObject","inLanguage":"fr-FR","@id":"https:\/\/krcsports.com\/#\/schema\/logo\/image\/","url":"https:\/\/krcsports.com\/wp-content\/uploads\/2024\/07\/logo.webp","contentUrl":"https:\/\/krcsports.com\/wp-content\/uploads\/2024\/07\/logo.webp","width":80,"height":60,"caption":"krc sports"},"image":{"@id":"https:\/\/krcsports.com\/#\/schema\/logo\/image\/"},"sameAs":["https:\/\/www.facebook.com\/people\/Krc-sports\/100063994129159\/"]}]}},"_links":{"self":[{"href":"https:\/\/krcsports.com\/fr\/wp-json\/wp\/v2\/product\/1944","targetHints":{"allow":["GET"]}}],"collection":[{"href":"https:\/\/krcsports.com\/fr\/wp-json\/wp\/v2\/product"}],"about":[{"href":"https:\/\/krcsports.com\/fr\/wp-json\/wp\/v2\/types\/product"}],"wp:featuredmedia":[{"embeddable":true,"href":"https:\/\/krcsports.com\/fr\/wp-json\/wp\/v2\/media\/2489"}],"wp:attachment":[{"href":"https:\/\/krcsports.com\/fr\/wp-json\/wp\/v2\/media?parent=1944"}],"wp:term":[{"taxonomy":"product_cat","embeddable":true,"href":"https:\/\/krcsports.com\/fr\/wp-json\/wp\/v2\/product_cat?post=1944"},{"taxonomy":"product_tag","embeddable":true,"href":"https:\/\/krcsports.com\/fr\/wp-json\/wp\/v2\/product_tag?post=1944"}],"curies":[{"name":"wp","href":"https:\/\/api.w.org\/{rel}","templated":true}]}}