{"id":2670,"date":"2024-09-13T01:23:14","date_gmt":"2024-09-13T01:23:14","guid":{"rendered":"https:\/\/krcsports.com\/?post_type=product&#038;p=2670"},"modified":"2024-11-30T07:30:39","modified_gmt":"2024-11-30T07:30:39","slug":"taekwondo-arm-mitts","status":"publish","type":"product","link":"https:\/\/krcsports.com\/fi\/manufacturer\/taekwondo-arm-mitts\/","title":{"rendered":"taekwondo k\u00e4sivarsikinnas tavoite"},"content":{"rendered":"<ul class=\"\">\n<li data-spm-anchor-id=\"a2700.details.0.i69.3fac2b28uOUELK\">Laadukas materiaali: Valmistettu kest\u00e4v\u00e4st\u00e4 PU-materiaalista, t\u00e4m\u00e4 potkunyrkkeilytyyny on suunniteltu kest\u00e4m\u00e4\u00e4n tiukkaa kamppailulajiharjoittelua, mik\u00e4 takaa pitk\u00e4kestoisen ja luotettavan suorituskyvyn.<\/li>\n<\/ul>\n<p>\u00a0<\/p>\n<ul class=\"\">\n<li>Mukautettava muotoilu: Ainutlaatuisena myyntivalttina t\u00e4m\u00e4 tuote mahdollistaa r\u00e4\u00e4t\u00e4l\u00f6idyn br\u00e4nd\u00e4yksen yrityksesi logolla, mik\u00e4 tekee siit\u00e4 erinomaisen valinnan kuntosaleille, kamppailulajikouluille ja joukkueille, jotka etsiv\u00e4t henkil\u00f6kohtaisia laitteita.<\/li>\n<\/ul>\n<p>\u00a0<\/p>\n<ul class=\"\">\n<li>Moniv\u00e4riset vaihtoehdot: Saatavana kolmessa tyylikk\u00e4\u00e4ss\u00e4 v\u00e4riss\u00e4 \u2013 punainen, musta ja sininen \u2013 t\u00e4m\u00e4 potkunyrkkeilyalusta sopii erilaisiin mieltymyksiin ja voidaan helposti integroida erilaisiin harjoitusymp\u00e4rist\u00f6ihin.<\/li>\n<\/ul>\n<p>\u00a0<\/p>\n<ul class=\"\">\n<li>Unisex-muotoilu: T\u00e4m\u00e4 sek\u00e4 miehille ett\u00e4 naisille sopiva tuote takaa kaikille kamppailulajeille yht\u00e4l\u00e4iset mahdollisuudet hy\u00f6ty\u00e4 sen korkealaatuisesta suunnittelusta ja toimivuudesta.<\/li>\n<\/ul>\n<p>\u00a0<\/p>\n<ul class=\"\">\n<li data-spm-anchor-id=\"a2700.details.0.i68.3fac2b28uOUELK\">Ihanteellinen taekwondoharjoitteluun: T\u00e4m\u00e4 potkunyrkkeilyalusta on erityisesti suunniteltu taekwondon harrastajille, ja se on v\u00e4ltt\u00e4m\u00e4t\u00f6n varuste potkutekniikoiden parantamiseen ja yleisten kamppailulajitaitojen parantamiseen.<\/li>\n<\/ul>","protected":false},"excerpt":{"rendered":"<p>taekwondo k\u00e4sivarsik\u00e4sineet: ASIAKASLOGO<\/p>\n<p>*Tyyli: k\u00e4sivarsien suojat<\/p>\n<p>*V\u00e4ri: mukautettu taekwondo-kohde<\/p>","protected":false},"featured_media":2673,"template":"","meta":[],"product_cat":[57,38],"product_tag":[],"class_list":{"0":"post-2670","1":"product","2":"type-product","3":"status-publish","4":"has-post-thumbnail","6":"product_cat-taekwondo-mitts-target","7":"product_cat-boxing-ring","9":"first","10":"instock","11":"shipping-taxable","12":"product-type-simple"},"yoast_head":"<!-- This site is optimized with the Yoast SEO plugin v22.7 - https:\/\/yoast.com\/wordpress\/plugins\/seo\/ -->\n<title>taekwondo arm mitts target - trustworthy combat sports equipment manufacturer<\/title>\n<meta name=\"description\" content=\"wholesale training equipment boxing pad kicking martial arts taekwondo arm mitt Target Pad \/taekwondo training equipment custom size and color\" \/>\n<meta name=\"robots\" content=\"index, follow, max-snippet:-1, max-image-preview:large, max-video-preview:-1\" \/>\n<link rel=\"canonical\" href=\"https:\/\/krcsports.com\/fi\/tuote\/taekwondo-arm-mitts\/\" \/>\n<meta property=\"og:locale\" content=\"fi_FI\" \/>\n<meta property=\"og:type\" content=\"article\" \/>\n<meta property=\"og:title\" content=\"taekwondo arm mitts target - trustworthy combat sports equipment manufacturer\" \/>\n<meta property=\"og:description\" content=\"wholesale training equipment boxing pad kicking martial arts taekwondo arm mitt Target Pad \/taekwondo training equipment custom size and color\" \/>\n<meta property=\"og:url\" content=\"https:\/\/krcsports.com\/fi\/tuote\/taekwondo-arm-mitts\/\" \/>\n<meta property=\"og:site_name\" content=\"trustworthy combat sports equipment manufacturer\" \/>\n<meta property=\"article:publisher\" content=\"https:\/\/www.facebook.com\/people\/Krc-sports\/100063994129159\/\" \/>\n<meta property=\"article:modified_time\" content=\"2024-11-30T07:30:39+00:00\" \/>\n<meta property=\"og:image\" content=\"https:\/\/krcsports.com\/wp-content\/uploads\/2024\/09\/taekwondo-target.webp\" \/>\n\t<meta property=\"og:image:width\" content=\"800\" \/>\n\t<meta property=\"og:image:height\" content=\"800\" \/>\n\t<meta property=\"og:image:type\" content=\"image\/webp\" \/>\n<meta name=\"twitter:card\" content=\"summary_large_image\" \/>\n<meta name=\"twitter:label1\" content=\"Arvioitu lukuaika\" \/>\n\t<meta name=\"twitter:data1\" content=\"1 minuutti\" \/>\n<script type=\"application\/ld+json\" class=\"yoast-schema-graph\">{\"@context\":\"https:\/\/schema.org\",\"@graph\":[{\"@type\":\"WebPage\",\"@id\":\"https:\/\/krcsports.com\/manufacturer\/taekwondo-arm-mitts\/\",\"url\":\"https:\/\/krcsports.com\/manufacturer\/taekwondo-arm-mitts\/\",\"name\":\"taekwondo arm mitts target - trustworthy combat sports equipment manufacturer\",\"isPartOf\":{\"@id\":\"https:\/\/krcsports.com\/#website\"},\"primaryImageOfPage\":{\"@id\":\"https:\/\/krcsports.com\/manufacturer\/taekwondo-arm-mitts\/#primaryimage\"},\"image\":{\"@id\":\"https:\/\/krcsports.com\/manufacturer\/taekwondo-arm-mitts\/#primaryimage\"},\"thumbnailUrl\":\"https:\/\/cdn.krcsports.com\/2024\/09\/taekwondo-target.webp\",\"datePublished\":\"2024-09-13T01:23:14+00:00\",\"dateModified\":\"2024-11-30T07:30:39+00:00\",\"description\":\"wholesale training equipment boxing pad kicking martial arts taekwondo arm mitt Target Pad \/taekwondo training equipment custom size and color\",\"breadcrumb\":{\"@id\":\"https:\/\/krcsports.com\/manufacturer\/taekwondo-arm-mitts\/#breadcrumb\"},\"inLanguage\":\"fi\",\"potentialAction\":[{\"@type\":\"ReadAction\",\"target\":[\"https:\/\/krcsports.com\/manufacturer\/taekwondo-arm-mitts\/\"]}]},{\"@type\":\"ImageObject\",\"inLanguage\":\"fi\",\"@id\":\"https:\/\/krcsports.com\/manufacturer\/taekwondo-arm-mitts\/#primaryimage\",\"url\":\"https:\/\/cdn.krcsports.com\/2024\/09\/taekwondo-target.webp\",\"contentUrl\":\"https:\/\/cdn.krcsports.com\/2024\/09\/taekwondo-target.webp\",\"width\":800,\"height\":800,\"caption\":\"taekwondo target\"},{\"@type\":\"BreadcrumbList\",\"@id\":\"https:\/\/krcsports.com\/manufacturer\/taekwondo-arm-mitts\/#breadcrumb\",\"itemListElement\":[{\"@type\":\"ListItem\",\"position\":1,\"name\":\"Home\",\"item\":\"https:\/\/krcsports.com\/\"},{\"@type\":\"ListItem\",\"position\":2,\"name\":\"Products\",\"item\":\"https:\/\/krcsports.com\/shop\/\"},{\"@type\":\"ListItem\",\"position\":3,\"name\":\"taekwondo arm mitts target\"}]},{\"@type\":\"WebSite\",\"@id\":\"https:\/\/krcsports.com\/#website\",\"url\":\"https:\/\/krcsports.com\/\",\"name\":\"krc sports\",\"description\":\"\",\"publisher\":{\"@id\":\"https:\/\/krcsports.com\/#organization\"},\"potentialAction\":[{\"@type\":\"SearchAction\",\"target\":{\"@type\":\"EntryPoint\",\"urlTemplate\":\"https:\/\/krcsports.com\/?s={search_term_string}\"},\"query-input\":\"required name=search_term_string\"}],\"inLanguage\":\"fi\"},{\"@type\":\"Organization\",\"@id\":\"https:\/\/krcsports.com\/#organization\",\"name\":\"krc sports\",\"url\":\"https:\/\/krcsports.com\/\",\"logo\":{\"@type\":\"ImageObject\",\"inLanguage\":\"fi\",\"@id\":\"https:\/\/krcsports.com\/#\/schema\/logo\/image\/\",\"url\":\"https:\/\/krcsports.com\/wp-content\/uploads\/2024\/07\/logo.webp\",\"contentUrl\":\"https:\/\/krcsports.com\/wp-content\/uploads\/2024\/07\/logo.webp\",\"width\":80,\"height\":60,\"caption\":\"krc sports\"},\"image\":{\"@id\":\"https:\/\/krcsports.com\/#\/schema\/logo\/image\/\"},\"sameAs\":[\"https:\/\/www.facebook.com\/people\/Krc-sports\/100063994129159\/\"]}]}<\/script>\n<!-- \/ Yoast SEO plugin. -->","yoast_head_json":{"title":"taekwondo arm mitts target - luotettava taisteluurheiluv\u00e4linevalmistaja","description":"harjoitusv\u00e4lineiden tukkumyynti nyrkkeilyalusta potkiminen kamppailulajit taekwondo k\u00e4sivarsi mitt Target Pad \/ taekwondo harjoituslaitteet mukautetun kokoinen ja v\u00e4rinen","robots":{"index":"index","follow":"follow","max-snippet":"max-snippet:-1","max-image-preview":"max-image-preview:large","max-video-preview":"max-video-preview:-1"},"canonical":"https:\/\/krcsports.com\/fi\/tuote\/taekwondo-arm-mitts\/","og_locale":"fi_FI","og_type":"article","og_title":"taekwondo arm mitts target - trustworthy combat sports equipment manufacturer","og_description":"wholesale training equipment boxing pad kicking martial arts taekwondo arm mitt Target Pad \/taekwondo training equipment custom size and color","og_url":"https:\/\/krcsports.com\/fi\/tuote\/taekwondo-arm-mitts\/","og_site_name":"trustworthy combat sports equipment manufacturer","article_publisher":"https:\/\/www.facebook.com\/people\/Krc-sports\/100063994129159\/","article_modified_time":"2024-11-30T07:30:39+00:00","og_image":[{"width":800,"height":800,"url":"https:\/\/krcsports.com\/wp-content\/uploads\/2024\/09\/taekwondo-target.webp","type":"image\/webp"}],"twitter_card":"summary_large_image","twitter_misc":{"Arvioitu lukuaika":"1 minuutti"},"schema":{"@context":"https:\/\/schema.org","@graph":[{"@type":"WebPage","@id":"https:\/\/krcsports.com\/manufacturer\/taekwondo-arm-mitts\/","url":"https:\/\/krcsports.com\/manufacturer\/taekwondo-arm-mitts\/","name":"taekwondo arm mitts target - luotettava taisteluurheiluv\u00e4linevalmistaja","isPartOf":{"@id":"https:\/\/krcsports.com\/#website"},"primaryImageOfPage":{"@id":"https:\/\/krcsports.com\/manufacturer\/taekwondo-arm-mitts\/#primaryimage"},"image":{"@id":"https:\/\/krcsports.com\/manufacturer\/taekwondo-arm-mitts\/#primaryimage"},"thumbnailUrl":"https:\/\/cdn.krcsports.com\/2024\/09\/taekwondo-target.webp","datePublished":"2024-09-13T01:23:14+00:00","dateModified":"2024-11-30T07:30:39+00:00","description":"harjoitusv\u00e4lineiden tukkumyynti nyrkkeilyalusta potkiminen kamppailulajit taekwondo k\u00e4sivarsi mitt Target Pad \/ taekwondo harjoituslaitteet mukautetun kokoinen ja v\u00e4rinen","breadcrumb":{"@id":"https:\/\/krcsports.com\/manufacturer\/taekwondo-arm-mitts\/#breadcrumb"},"inLanguage":"fi","potentialAction":[{"@type":"ReadAction","target":["https:\/\/krcsports.com\/manufacturer\/taekwondo-arm-mitts\/"]}]},{"@type":"ImageObject","inLanguage":"fi","@id":"https:\/\/krcsports.com\/manufacturer\/taekwondo-arm-mitts\/#primaryimage","url":"https:\/\/cdn.krcsports.com\/2024\/09\/taekwondo-target.webp","contentUrl":"https:\/\/cdn.krcsports.com\/2024\/09\/taekwondo-target.webp","width":800,"height":800,"caption":"taekwondo target"},{"@type":"BreadcrumbList","@id":"https:\/\/krcsports.com\/manufacturer\/taekwondo-arm-mitts\/#breadcrumb","itemListElement":[{"@type":"ListItem","position":1,"name":"Home","item":"https:\/\/krcsports.com\/"},{"@type":"ListItem","position":2,"name":"Products","item":"https:\/\/krcsports.com\/shop\/"},{"@type":"ListItem","position":3,"name":"taekwondo arm mitts target"}]},{"@type":"WebSite","@id":"https:\/\/krcsports.com\/#website","url":"https:\/\/krcsports.com\/","name":"krc urheilu","description":"","publisher":{"@id":"https:\/\/krcsports.com\/#organization"},"potentialAction":[{"@type":"SearchAction","target":{"@type":"EntryPoint","urlTemplate":"https:\/\/krcsports.com\/?s={search_term_string}"},"query-input":"required name=search_term_string"}],"inLanguage":"fi"},{"@type":"Organization","@id":"https:\/\/krcsports.com\/#organization","name":"krc urheilu","url":"https:\/\/krcsports.com\/","logo":{"@type":"ImageObject","inLanguage":"fi","@id":"https:\/\/krcsports.com\/#\/schema\/logo\/image\/","url":"https:\/\/krcsports.com\/wp-content\/uploads\/2024\/07\/logo.webp","contentUrl":"https:\/\/krcsports.com\/wp-content\/uploads\/2024\/07\/logo.webp","width":80,"height":60,"caption":"krc sports"},"image":{"@id":"https:\/\/krcsports.com\/#\/schema\/logo\/image\/"},"sameAs":["https:\/\/www.facebook.com\/people\/Krc-sports\/100063994129159\/"]}]}},"_links":{"self":[{"href":"https:\/\/krcsports.com\/fi\/wp-json\/wp\/v2\/product\/2670","targetHints":{"allow":["GET"]}}],"collection":[{"href":"https:\/\/krcsports.com\/fi\/wp-json\/wp\/v2\/product"}],"about":[{"href":"https:\/\/krcsports.com\/fi\/wp-json\/wp\/v2\/types\/product"}],"wp:featuredmedia":[{"embeddable":true,"href":"https:\/\/krcsports.com\/fi\/wp-json\/wp\/v2\/media\/2673"}],"wp:attachment":[{"href":"https:\/\/krcsports.com\/fi\/wp-json\/wp\/v2\/media?parent=2670"}],"wp:term":[{"taxonomy":"product_cat","embeddable":true,"href":"https:\/\/krcsports.com\/fi\/wp-json\/wp\/v2\/product_cat?post=2670"},{"taxonomy":"product_tag","embeddable":true,"href":"https:\/\/krcsports.com\/fi\/wp-json\/wp\/v2\/product_tag?post=2670"}],"curies":[{"name":"wp","href":"https:\/\/api.w.org\/{rel}","templated":true}]}}