{"id":2638,"date":"2024-09-12T07:15:03","date_gmt":"2024-09-12T07:15:03","guid":{"rendered":"https:\/\/krcsports.com\/?post_type=product&#038;p=2638"},"modified":"2024-11-30T06:58:38","modified_gmt":"2024-11-30T06:58:38","slug":"taekwondo-target","status":"publish","type":"product","link":"https:\/\/krcsports.com\/fi\/manufacturer\/taekwondo-target\/","title":{"rendered":"taekwondo tavoite"},"content":{"rendered":"<ul class=\"a-unordered-list a-vertical a-spacing-mini\">\n<li class=\"a-spacing-mini\"><span class=\"a-list-item\">Ainutlaatuinen Double-Pad-muotoilu: T\u00e4m\u00e4n paketin mukana tulee kaksi kaksoispotkutyyny\u00e4, joista kumpikin koostuu kahdesta kohdelehdest\u00e4. T\u00e4m\u00e4 ainutlaatuinen muotoilu tarjoaa enemm\u00e4n pinta-alaa Taekwondo-potkujesi harjoitteluun<\/span><\/li>\n<\/ul>\n<p>\u00a0<\/p>\n<ul class=\"a-unordered-list a-vertical a-spacing-mini\">\n<li class=\"a-spacing-mini\"><span class=\"a-list-item\">Monipuolinen k\u00e4ytt\u00f6: N\u00e4m\u00e4 kaksoispotkupehmusteet ovat ihanteellisia kaikentasoisille taekwondo-harrastajille. Niit\u00e4 voidaan k\u00e4ytt\u00e4\u00e4 harjoittelemaan sek\u00e4 matalia ett\u00e4 korkeita potkuja, mik\u00e4 auttaa parantamaan nopeuttasi, tarkkuuttasi ja voimaasi.<\/span><\/li>\n<\/ul>\n<p>\u00a0<\/p>\n<ul class=\"a-unordered-list a-vertical a-spacing-mini\">\n<li class=\"a-spacing-mini\"><span class=\"a-list-item\">Paranna taitojasi: Potkupehmusteemme on suunniteltu parantamaan korkeita ja matalia potkujasi. Opettele itsesi laskemaan potkuja joka kerta tehostetulla nopeudella, tarkkuudella ja vahvuudella.<\/span><\/li>\n<\/ul>\n<p>\u00a0<\/p>\n<ul class=\"a-unordered-list a-vertical a-spacing-mini\">\n<li class=\"a-spacing-mini\"><span class=\"a-list-item\">Mukana rannehihna: Mukana on rannehihna, joka est\u00e4\u00e4 potkupehmusteen putoamisen harjoituksen aikana. T\u00e4m\u00e4 ominaisuus takaa turvallisuuden kovien harjoitusten aikana.<\/span><\/li>\n<\/ul>\n<p>\u00a0<\/p>\n<ul class=\"a-unordered-list a-vertical a-spacing-mini\">\n<li class=\"a-spacing-mini\"><span class=\"a-list-item\">Monik\u00e4ytt\u00f6inen: Vaikka Taekwondossakin, n\u00e4it\u00e4 potkutyynyj\u00e4 voidaan k\u00e4ytt\u00e4\u00e4 my\u00f6s moniin muihin kamppailulajeihin. Olipa kyseess\u00e4 taekwondo, potkunyrkkeily tai muut kamppailulajit, n\u00e4m\u00e4 pehmusteet ovat loistava lis\u00e4varuste kaikille, jotka haluavat parantaa potkutaitojaan.<\/span><\/li>\n<\/ul>","protected":false},"excerpt":{"rendered":"<p>Kaksipuolinen taekwondo-taulu on valmistettu korkealaatuisesta PU-nahasta ulkopuolelta ja eritt\u00e4in joustavasta puristussienest\u00e4 sis\u00e4ll\u00e4<\/p>\n<p>Pakkaus sis\u00e4lt\u00e4\u00e4 2 kpl punaisia potkutyynyj\u00e4, koko: 15.&quot; x 7,5\u2033 x 2,5\u2033.<\/p>\n<p> Rannehihnalla potkupehmusteen putoamisen est\u00e4miseksi.<\/p>\n<p>Potkutyyny on erinomainen korkea- ja matalapotkujen harjoitteluun, <\/p>\n<p>pehmusteiden sis\u00e4ll\u00e4 olevat laudat tuottavat kovan iskev\u00e4n \u00e4\u00e4nen, joka auttaa sinua mittaamaan potkujesi tehokkuutta ja tarkkuutta.<\/p>\n<p>Soveltuu taekwondon, kamppailulajin, karaten, nyrkkeilyn, muay thain jne.<\/p>","protected":false},"featured_media":2639,"template":"","meta":[],"product_cat":[57,38],"product_tag":[],"class_list":{"0":"post-2638","1":"product","2":"type-product","3":"status-publish","4":"has-post-thumbnail","6":"product_cat-taekwondo-mitts-target","7":"product_cat-boxing-ring","9":"first","10":"instock","11":"shipping-taxable","12":"product-type-simple"},"yoast_head":"<!-- This site is optimized with the Yoast SEO plugin v22.7 - https:\/\/yoast.com\/wordpress\/plugins\/seo\/ -->\n<title>taekwondo target - trustworthy combat sports equipment manufacturer<\/title>\n<meta name=\"description\" content=\"2 Pack Taekwondo target Kick Pads, Durable Striking Pad Target TKD Karate Martial Arts Strike Targets Kickboxing Training, Red\" \/>\n<meta name=\"robots\" content=\"index, follow, max-snippet:-1, max-image-preview:large, max-video-preview:-1\" \/>\n<link rel=\"canonical\" href=\"https:\/\/krcsports.com\/fi\/tuote\/taekwondo-target\/\" \/>\n<meta property=\"og:locale\" content=\"fi_FI\" \/>\n<meta property=\"og:type\" content=\"article\" \/>\n<meta property=\"og:title\" content=\"taekwondo target - trustworthy combat sports equipment manufacturer\" \/>\n<meta property=\"og:description\" content=\"2 Pack Taekwondo target Kick Pads, Durable Striking Pad Target TKD Karate Martial Arts Strike Targets Kickboxing Training, Red\" \/>\n<meta property=\"og:url\" content=\"https:\/\/krcsports.com\/fi\/tuote\/taekwondo-target\/\" \/>\n<meta property=\"og:site_name\" content=\"trustworthy combat sports equipment manufacturer\" \/>\n<meta property=\"article:publisher\" content=\"https:\/\/www.facebook.com\/people\/Krc-sports\/100063994129159\/\" \/>\n<meta property=\"article:modified_time\" content=\"2024-11-30T06:58:38+00:00\" \/>\n<meta property=\"og:image\" content=\"https:\/\/krcsports.com\/wp-content\/uploads\/2024\/09\/target1.webp\" \/>\n\t<meta property=\"og:image:width\" content=\"800\" \/>\n\t<meta property=\"og:image:height\" content=\"800\" \/>\n\t<meta property=\"og:image:type\" content=\"image\/webp\" \/>\n<meta name=\"twitter:card\" content=\"summary_large_image\" \/>\n<meta name=\"twitter:label1\" content=\"Arvioitu lukuaika\" \/>\n\t<meta name=\"twitter:data1\" content=\"1 minuutti\" \/>\n<script type=\"application\/ld+json\" class=\"yoast-schema-graph\">{\"@context\":\"https:\/\/schema.org\",\"@graph\":[{\"@type\":\"WebPage\",\"@id\":\"https:\/\/krcsports.com\/manufacturer\/taekwondo-target\/\",\"url\":\"https:\/\/krcsports.com\/manufacturer\/taekwondo-target\/\",\"name\":\"taekwondo target - trustworthy combat sports equipment manufacturer\",\"isPartOf\":{\"@id\":\"https:\/\/krcsports.com\/#website\"},\"primaryImageOfPage\":{\"@id\":\"https:\/\/krcsports.com\/manufacturer\/taekwondo-target\/#primaryimage\"},\"image\":{\"@id\":\"https:\/\/krcsports.com\/manufacturer\/taekwondo-target\/#primaryimage\"},\"thumbnailUrl\":\"https:\/\/cdn.krcsports.com\/2024\/09\/target1.webp\",\"datePublished\":\"2024-09-12T07:15:03+00:00\",\"dateModified\":\"2024-11-30T06:58:38+00:00\",\"description\":\"2 Pack Taekwondo target Kick Pads, Durable Striking Pad Target TKD Karate Martial Arts Strike Targets Kickboxing Training, Red\",\"breadcrumb\":{\"@id\":\"https:\/\/krcsports.com\/manufacturer\/taekwondo-target\/#breadcrumb\"},\"inLanguage\":\"fi\",\"potentialAction\":[{\"@type\":\"ReadAction\",\"target\":[\"https:\/\/krcsports.com\/manufacturer\/taekwondo-target\/\"]}]},{\"@type\":\"ImageObject\",\"inLanguage\":\"fi\",\"@id\":\"https:\/\/krcsports.com\/manufacturer\/taekwondo-target\/#primaryimage\",\"url\":\"https:\/\/cdn.krcsports.com\/2024\/09\/target1.webp\",\"contentUrl\":\"https:\/\/cdn.krcsports.com\/2024\/09\/target1.webp\",\"width\":800,\"height\":800,\"caption\":\"target\"},{\"@type\":\"BreadcrumbList\",\"@id\":\"https:\/\/krcsports.com\/manufacturer\/taekwondo-target\/#breadcrumb\",\"itemListElement\":[{\"@type\":\"ListItem\",\"position\":1,\"name\":\"Home\",\"item\":\"https:\/\/krcsports.com\/\"},{\"@type\":\"ListItem\",\"position\":2,\"name\":\"Products\",\"item\":\"https:\/\/krcsports.com\/shop\/\"},{\"@type\":\"ListItem\",\"position\":3,\"name\":\"taekwondo target\"}]},{\"@type\":\"WebSite\",\"@id\":\"https:\/\/krcsports.com\/#website\",\"url\":\"https:\/\/krcsports.com\/\",\"name\":\"krc sports\",\"description\":\"\",\"publisher\":{\"@id\":\"https:\/\/krcsports.com\/#organization\"},\"potentialAction\":[{\"@type\":\"SearchAction\",\"target\":{\"@type\":\"EntryPoint\",\"urlTemplate\":\"https:\/\/krcsports.com\/?s={search_term_string}\"},\"query-input\":\"required name=search_term_string\"}],\"inLanguage\":\"fi\"},{\"@type\":\"Organization\",\"@id\":\"https:\/\/krcsports.com\/#organization\",\"name\":\"krc sports\",\"url\":\"https:\/\/krcsports.com\/\",\"logo\":{\"@type\":\"ImageObject\",\"inLanguage\":\"fi\",\"@id\":\"https:\/\/krcsports.com\/#\/schema\/logo\/image\/\",\"url\":\"https:\/\/krcsports.com\/wp-content\/uploads\/2024\/07\/logo.webp\",\"contentUrl\":\"https:\/\/krcsports.com\/wp-content\/uploads\/2024\/07\/logo.webp\",\"width\":80,\"height\":60,\"caption\":\"krc sports\"},\"image\":{\"@id\":\"https:\/\/krcsports.com\/#\/schema\/logo\/image\/\"},\"sameAs\":[\"https:\/\/www.facebook.com\/people\/Krc-sports\/100063994129159\/\"]}]}<\/script>\n<!-- \/ Yoast SEO plugin. -->","yoast_head_json":{"title":"taekwondo target - luotettava taisteluurheiluv\u00e4linevalmistaja","description":"2 Pack Taekwondo maalipotkulevyt, kest\u00e4v\u00e4t ly\u00f6ntityynyt Target TKD Karate Martial Arts Strike Targets potkunyrkkeilyharjoittelu, punainen","robots":{"index":"index","follow":"follow","max-snippet":"max-snippet:-1","max-image-preview":"max-image-preview:large","max-video-preview":"max-video-preview:-1"},"canonical":"https:\/\/krcsports.com\/fi\/tuote\/taekwondo-target\/","og_locale":"fi_FI","og_type":"article","og_title":"taekwondo target - trustworthy combat sports equipment manufacturer","og_description":"2 Pack Taekwondo target Kick Pads, Durable Striking Pad Target TKD Karate Martial Arts Strike Targets Kickboxing Training, Red","og_url":"https:\/\/krcsports.com\/fi\/tuote\/taekwondo-target\/","og_site_name":"trustworthy combat sports equipment manufacturer","article_publisher":"https:\/\/www.facebook.com\/people\/Krc-sports\/100063994129159\/","article_modified_time":"2024-11-30T06:58:38+00:00","og_image":[{"width":800,"height":800,"url":"https:\/\/krcsports.com\/wp-content\/uploads\/2024\/09\/target1.webp","type":"image\/webp"}],"twitter_card":"summary_large_image","twitter_misc":{"Arvioitu lukuaika":"1 minuutti"},"schema":{"@context":"https:\/\/schema.org","@graph":[{"@type":"WebPage","@id":"https:\/\/krcsports.com\/manufacturer\/taekwondo-target\/","url":"https:\/\/krcsports.com\/manufacturer\/taekwondo-target\/","name":"taekwondo target - luotettava taisteluurheiluv\u00e4linevalmistaja","isPartOf":{"@id":"https:\/\/krcsports.com\/#website"},"primaryImageOfPage":{"@id":"https:\/\/krcsports.com\/manufacturer\/taekwondo-target\/#primaryimage"},"image":{"@id":"https:\/\/krcsports.com\/manufacturer\/taekwondo-target\/#primaryimage"},"thumbnailUrl":"https:\/\/cdn.krcsports.com\/2024\/09\/target1.webp","datePublished":"2024-09-12T07:15:03+00:00","dateModified":"2024-11-30T06:58:38+00:00","description":"2 Pack Taekwondo maalipotkulevyt, kest\u00e4v\u00e4t ly\u00f6ntityynyt Target TKD Karate Martial Arts Strike Targets potkunyrkkeilyharjoittelu, punainen","breadcrumb":{"@id":"https:\/\/krcsports.com\/manufacturer\/taekwondo-target\/#breadcrumb"},"inLanguage":"fi","potentialAction":[{"@type":"ReadAction","target":["https:\/\/krcsports.com\/manufacturer\/taekwondo-target\/"]}]},{"@type":"ImageObject","inLanguage":"fi","@id":"https:\/\/krcsports.com\/manufacturer\/taekwondo-target\/#primaryimage","url":"https:\/\/cdn.krcsports.com\/2024\/09\/target1.webp","contentUrl":"https:\/\/cdn.krcsports.com\/2024\/09\/target1.webp","width":800,"height":800,"caption":"target"},{"@type":"BreadcrumbList","@id":"https:\/\/krcsports.com\/manufacturer\/taekwondo-target\/#breadcrumb","itemListElement":[{"@type":"ListItem","position":1,"name":"Home","item":"https:\/\/krcsports.com\/"},{"@type":"ListItem","position":2,"name":"Products","item":"https:\/\/krcsports.com\/shop\/"},{"@type":"ListItem","position":3,"name":"taekwondo target"}]},{"@type":"WebSite","@id":"https:\/\/krcsports.com\/#website","url":"https:\/\/krcsports.com\/","name":"krc urheilu","description":"","publisher":{"@id":"https:\/\/krcsports.com\/#organization"},"potentialAction":[{"@type":"SearchAction","target":{"@type":"EntryPoint","urlTemplate":"https:\/\/krcsports.com\/?s={search_term_string}"},"query-input":"required name=search_term_string"}],"inLanguage":"fi"},{"@type":"Organization","@id":"https:\/\/krcsports.com\/#organization","name":"krc urheilu","url":"https:\/\/krcsports.com\/","logo":{"@type":"ImageObject","inLanguage":"fi","@id":"https:\/\/krcsports.com\/#\/schema\/logo\/image\/","url":"https:\/\/krcsports.com\/wp-content\/uploads\/2024\/07\/logo.webp","contentUrl":"https:\/\/krcsports.com\/wp-content\/uploads\/2024\/07\/logo.webp","width":80,"height":60,"caption":"krc sports"},"image":{"@id":"https:\/\/krcsports.com\/#\/schema\/logo\/image\/"},"sameAs":["https:\/\/www.facebook.com\/people\/Krc-sports\/100063994129159\/"]}]}},"_links":{"self":[{"href":"https:\/\/krcsports.com\/fi\/wp-json\/wp\/v2\/product\/2638","targetHints":{"allow":["GET"]}}],"collection":[{"href":"https:\/\/krcsports.com\/fi\/wp-json\/wp\/v2\/product"}],"about":[{"href":"https:\/\/krcsports.com\/fi\/wp-json\/wp\/v2\/types\/product"}],"wp:featuredmedia":[{"embeddable":true,"href":"https:\/\/krcsports.com\/fi\/wp-json\/wp\/v2\/media\/2639"}],"wp:attachment":[{"href":"https:\/\/krcsports.com\/fi\/wp-json\/wp\/v2\/media?parent=2638"}],"wp:term":[{"taxonomy":"product_cat","embeddable":true,"href":"https:\/\/krcsports.com\/fi\/wp-json\/wp\/v2\/product_cat?post=2638"},{"taxonomy":"product_tag","embeddable":true,"href":"https:\/\/krcsports.com\/fi\/wp-json\/wp\/v2\/product_tag?post=2638"}],"curies":[{"name":"wp","href":"https:\/\/api.w.org\/{rel}","templated":true}]}}