{"id":2312,"date":"2024-09-10T03:22:39","date_gmt":"2024-09-10T03:22:39","guid":{"rendered":"https:\/\/krcsports.com\/?post_type=product&#038;p=2312"},"modified":"2024-11-17T11:20:28","modified_gmt":"2024-11-17T11:20:28","slug":"punch-mitts","status":"publish","type":"product","link":"https:\/\/krcsports.com\/fi\/manufacturer\/punch-mitts\/","title":{"rendered":"nyrkkeilyk\u00e4sineet"},"content":{"rendered":"<ul class=\"a-unordered-list a-vertical a-spacing-mini\">\n<li class=\"a-spacing-mini\"><span class=\"a-list-item\">\u00a0tarkennusrei&#039;itysk\u00e4sineet hy\u00f6dynt\u00e4v\u00e4t huippuluokan Gel Shock -tekniikkaa 1\/4 tuuman paksuisella geelikerroksella \u00e4\u00e4rimm\u00e4isen suojan saavuttamiseksi<\/span><\/li>\n<li class=\"a-spacing-mini\"><span class=\"a-list-item\">Tavoitteena olevat harjoitustyynykintaiset ovat kooltaan pieni\u00e4, mutta suorituskykyisi\u00e4. Niiden ulkopinta on kest\u00e4v\u00e4 nahkainen ja sis\u00e4puoli on 8 tuumaa pitk\u00e4.<\/span><\/li>\n<li class=\"a-spacing-mini\"><span class=\"a-list-item\">T\u00e4ss\u00e4 parissa on kovera silmiinpist\u00e4v\u00e4 pinta, joka tarjoaa t\u00e4ydellisen makean paikan ja on helppo pukea p\u00e4\u00e4lle ja pois<\/span><\/li>\n<li class=\"a-spacing-mini\"><span class=\"a-list-item\">T\u00e4ydelliset valmentajan k\u00e4sineet nyrkkeilyyn, MMA:han, Muay Thaiiin ja kumppanien urheilijoille harjoittelemaan erilaisia ly\u00f6ntej\u00e4 ja jalkaty\u00f6t\u00e4<\/span><\/li>\n<li class=\"a-spacing-mini\"><span class=\"a-list-item\">T\u00e4ydenn\u00e4 kotisi tai kaupallinen kuntosalisi oikeilla taisteluharjoitteluv\u00e4lineill\u00e4 saadaksesi urheilijasi kuntoon ja kilpailuun<\/span><\/li>\n<\/ul>","protected":false},"excerpt":{"rendered":"<p>Mukavuutta ja suojaa lis\u00e4\u00e4 sormenp\u00e4\u00e4llinen<br \/>\nSuperpehme\u00e4, eritt\u00e4in paksu rannesuojus takana kirjekuoressa peitt\u00e4\u00e4 k\u00e4den ja pit\u00e4\u00e4 k\u00e4sineet turvallisesti tennareissa<br \/>\nVaahtomuovipehmuste tarjoaa t\u00e4ydellisen iskunvaimennuksen<br \/>\nMikrokokoiset rukkaset tarjoavat huippu-urheilijoiden tarkkoja l\u00e4vistystauluja partaveitsen ter\u00e4vyyden saavuttamiseksi<br \/>\nMahtava kaareva muotoilu on anatomisesti oikeampi k\u00e4ytt\u00e4j\u00e4lle ja valmentajalle<\/p>","protected":false},"featured_media":2316,"template":"","meta":[],"product_cat":[57,48,36],"product_tag":[],"class_list":{"0":"post-2312","1":"product","2":"type-product","3":"status-publish","4":"has-post-thumbnail","6":"product_cat-taekwondo-mitts-target","7":"product_cat-martial-arts-target-pad","8":"product_cat-boxing-punching-bag","10":"first","11":"instock","12":"shipping-taxable","13":"product-type-simple"},"yoast_head":"<!-- This site is optimized with the Yoast SEO plugin v22.7 - https:\/\/yoast.com\/wordpress\/plugins\/seo\/ -->\n<title>punch mitts - trustworthy combat sports equipment manufacturer<\/title>\n<meta name=\"description\" content=\"MMA Focus Punch Mitts - Boxing MMA Training Fitness Kickboxing Muay Thai\" \/>\n<meta name=\"robots\" content=\"index, follow, max-snippet:-1, max-image-preview:large, max-video-preview:-1\" \/>\n<link rel=\"canonical\" href=\"https:\/\/krcsports.com\/fi\/tuote\/punch-mitts\/\" \/>\n<meta property=\"og:locale\" content=\"fi_FI\" \/>\n<meta property=\"og:type\" content=\"article\" \/>\n<meta property=\"og:title\" content=\"punch mitts - trustworthy combat sports equipment manufacturer\" \/>\n<meta property=\"og:description\" content=\"MMA Focus Punch Mitts - Boxing MMA Training Fitness Kickboxing Muay Thai\" \/>\n<meta property=\"og:url\" content=\"https:\/\/krcsports.com\/fi\/tuote\/punch-mitts\/\" \/>\n<meta property=\"og:site_name\" content=\"trustworthy combat sports equipment manufacturer\" \/>\n<meta property=\"article:publisher\" content=\"https:\/\/www.facebook.com\/people\/Krc-sports\/100063994129159\/\" \/>\n<meta property=\"article:modified_time\" content=\"2024-11-17T11:20:28+00:00\" \/>\n<meta property=\"og:image\" content=\"https:\/\/krcsports.com\/wp-content\/uploads\/2024\/09\/punch-mitts-3.webp\" \/>\n\t<meta property=\"og:image:width\" content=\"800\" \/>\n\t<meta property=\"og:image:height\" content=\"800\" \/>\n\t<meta property=\"og:image:type\" content=\"image\/webp\" \/>\n<meta name=\"twitter:card\" content=\"summary_large_image\" \/>\n<meta name=\"twitter:label1\" content=\"Arvioitu lukuaika\" \/>\n\t<meta name=\"twitter:data1\" content=\"1 minuutti\" \/>\n<script type=\"application\/ld+json\" class=\"yoast-schema-graph\">{\"@context\":\"https:\/\/schema.org\",\"@graph\":[{\"@type\":\"WebPage\",\"@id\":\"https:\/\/krcsports.com\/manufacturer\/punch-mitts\/\",\"url\":\"https:\/\/krcsports.com\/manufacturer\/punch-mitts\/\",\"name\":\"punch mitts - trustworthy combat sports equipment manufacturer\",\"isPartOf\":{\"@id\":\"https:\/\/krcsports.com\/#website\"},\"primaryImageOfPage\":{\"@id\":\"https:\/\/krcsports.com\/manufacturer\/punch-mitts\/#primaryimage\"},\"image\":{\"@id\":\"https:\/\/krcsports.com\/manufacturer\/punch-mitts\/#primaryimage\"},\"thumbnailUrl\":\"https:\/\/cdn.krcsports.com\/2024\/09\/punch-mitts-3.webp\",\"datePublished\":\"2024-09-10T03:22:39+00:00\",\"dateModified\":\"2024-11-17T11:20:28+00:00\",\"description\":\"MMA Focus Punch Mitts - Boxing MMA Training Fitness Kickboxing Muay Thai\",\"breadcrumb\":{\"@id\":\"https:\/\/krcsports.com\/manufacturer\/punch-mitts\/#breadcrumb\"},\"inLanguage\":\"fi\",\"potentialAction\":[{\"@type\":\"ReadAction\",\"target\":[\"https:\/\/krcsports.com\/manufacturer\/punch-mitts\/\"]}]},{\"@type\":\"ImageObject\",\"inLanguage\":\"fi\",\"@id\":\"https:\/\/krcsports.com\/manufacturer\/punch-mitts\/#primaryimage\",\"url\":\"https:\/\/cdn.krcsports.com\/2024\/09\/punch-mitts-3.webp\",\"contentUrl\":\"https:\/\/cdn.krcsports.com\/2024\/09\/punch-mitts-3.webp\",\"width\":800,\"height\":800,\"caption\":\"punch mitts\"},{\"@type\":\"BreadcrumbList\",\"@id\":\"https:\/\/krcsports.com\/manufacturer\/punch-mitts\/#breadcrumb\",\"itemListElement\":[{\"@type\":\"ListItem\",\"position\":1,\"name\":\"Home\",\"item\":\"https:\/\/krcsports.com\/\"},{\"@type\":\"ListItem\",\"position\":2,\"name\":\"Products\",\"item\":\"https:\/\/krcsports.com\/shop\/\"},{\"@type\":\"ListItem\",\"position\":3,\"name\":\"punch mitts\"}]},{\"@type\":\"WebSite\",\"@id\":\"https:\/\/krcsports.com\/#website\",\"url\":\"https:\/\/krcsports.com\/\",\"name\":\"krc sports\",\"description\":\"\",\"publisher\":{\"@id\":\"https:\/\/krcsports.com\/#organization\"},\"potentialAction\":[{\"@type\":\"SearchAction\",\"target\":{\"@type\":\"EntryPoint\",\"urlTemplate\":\"https:\/\/krcsports.com\/?s={search_term_string}\"},\"query-input\":\"required name=search_term_string\"}],\"inLanguage\":\"fi\"},{\"@type\":\"Organization\",\"@id\":\"https:\/\/krcsports.com\/#organization\",\"name\":\"krc sports\",\"url\":\"https:\/\/krcsports.com\/\",\"logo\":{\"@type\":\"ImageObject\",\"inLanguage\":\"fi\",\"@id\":\"https:\/\/krcsports.com\/#\/schema\/logo\/image\/\",\"url\":\"https:\/\/krcsports.com\/wp-content\/uploads\/2024\/07\/logo.webp\",\"contentUrl\":\"https:\/\/krcsports.com\/wp-content\/uploads\/2024\/07\/logo.webp\",\"width\":80,\"height\":60,\"caption\":\"krc sports\"},\"image\":{\"@id\":\"https:\/\/krcsports.com\/#\/schema\/logo\/image\/\"},\"sameAs\":[\"https:\/\/www.facebook.com\/people\/Krc-sports\/100063994129159\/\"]}]}<\/script>\n<!-- \/ Yoast SEO plugin. -->","yoast_head_json":{"title":"punch mitts - luotettava taisteluurheiluv\u00e4linevalmistaja","description":"MMA Focus -ly\u00f6ntik\u00e4sineet - nyrkkeily MMA-harjoittelu, kunto potkunyrkkeily Muay Thai","robots":{"index":"index","follow":"follow","max-snippet":"max-snippet:-1","max-image-preview":"max-image-preview:large","max-video-preview":"max-video-preview:-1"},"canonical":"https:\/\/krcsports.com\/fi\/tuote\/punch-mitts\/","og_locale":"fi_FI","og_type":"article","og_title":"punch mitts - trustworthy combat sports equipment manufacturer","og_description":"MMA Focus Punch Mitts - Boxing MMA Training Fitness Kickboxing Muay Thai","og_url":"https:\/\/krcsports.com\/fi\/tuote\/punch-mitts\/","og_site_name":"trustworthy combat sports equipment manufacturer","article_publisher":"https:\/\/www.facebook.com\/people\/Krc-sports\/100063994129159\/","article_modified_time":"2024-11-17T11:20:28+00:00","og_image":[{"width":800,"height":800,"url":"https:\/\/krcsports.com\/wp-content\/uploads\/2024\/09\/punch-mitts-3.webp","type":"image\/webp"}],"twitter_card":"summary_large_image","twitter_misc":{"Arvioitu lukuaika":"1 minuutti"},"schema":{"@context":"https:\/\/schema.org","@graph":[{"@type":"WebPage","@id":"https:\/\/krcsports.com\/manufacturer\/punch-mitts\/","url":"https:\/\/krcsports.com\/manufacturer\/punch-mitts\/","name":"punch mitts - luotettava taisteluurheiluv\u00e4linevalmistaja","isPartOf":{"@id":"https:\/\/krcsports.com\/#website"},"primaryImageOfPage":{"@id":"https:\/\/krcsports.com\/manufacturer\/punch-mitts\/#primaryimage"},"image":{"@id":"https:\/\/krcsports.com\/manufacturer\/punch-mitts\/#primaryimage"},"thumbnailUrl":"https:\/\/cdn.krcsports.com\/2024\/09\/punch-mitts-3.webp","datePublished":"2024-09-10T03:22:39+00:00","dateModified":"2024-11-17T11:20:28+00:00","description":"MMA Focus -ly\u00f6ntik\u00e4sineet - nyrkkeily MMA-harjoittelu, kunto potkunyrkkeily Muay Thai","breadcrumb":{"@id":"https:\/\/krcsports.com\/manufacturer\/punch-mitts\/#breadcrumb"},"inLanguage":"fi","potentialAction":[{"@type":"ReadAction","target":["https:\/\/krcsports.com\/manufacturer\/punch-mitts\/"]}]},{"@type":"ImageObject","inLanguage":"fi","@id":"https:\/\/krcsports.com\/manufacturer\/punch-mitts\/#primaryimage","url":"https:\/\/cdn.krcsports.com\/2024\/09\/punch-mitts-3.webp","contentUrl":"https:\/\/cdn.krcsports.com\/2024\/09\/punch-mitts-3.webp","width":800,"height":800,"caption":"punch mitts"},{"@type":"BreadcrumbList","@id":"https:\/\/krcsports.com\/manufacturer\/punch-mitts\/#breadcrumb","itemListElement":[{"@type":"ListItem","position":1,"name":"Home","item":"https:\/\/krcsports.com\/"},{"@type":"ListItem","position":2,"name":"Products","item":"https:\/\/krcsports.com\/shop\/"},{"@type":"ListItem","position":3,"name":"punch mitts"}]},{"@type":"WebSite","@id":"https:\/\/krcsports.com\/#website","url":"https:\/\/krcsports.com\/","name":"krc urheilu","description":"","publisher":{"@id":"https:\/\/krcsports.com\/#organization"},"potentialAction":[{"@type":"SearchAction","target":{"@type":"EntryPoint","urlTemplate":"https:\/\/krcsports.com\/?s={search_term_string}"},"query-input":"required name=search_term_string"}],"inLanguage":"fi"},{"@type":"Organization","@id":"https:\/\/krcsports.com\/#organization","name":"krc urheilu","url":"https:\/\/krcsports.com\/","logo":{"@type":"ImageObject","inLanguage":"fi","@id":"https:\/\/krcsports.com\/#\/schema\/logo\/image\/","url":"https:\/\/krcsports.com\/wp-content\/uploads\/2024\/07\/logo.webp","contentUrl":"https:\/\/krcsports.com\/wp-content\/uploads\/2024\/07\/logo.webp","width":80,"height":60,"caption":"krc sports"},"image":{"@id":"https:\/\/krcsports.com\/#\/schema\/logo\/image\/"},"sameAs":["https:\/\/www.facebook.com\/people\/Krc-sports\/100063994129159\/"]}]}},"_links":{"self":[{"href":"https:\/\/krcsports.com\/fi\/wp-json\/wp\/v2\/product\/2312","targetHints":{"allow":["GET"]}}],"collection":[{"href":"https:\/\/krcsports.com\/fi\/wp-json\/wp\/v2\/product"}],"about":[{"href":"https:\/\/krcsports.com\/fi\/wp-json\/wp\/v2\/types\/product"}],"wp:featuredmedia":[{"embeddable":true,"href":"https:\/\/krcsports.com\/fi\/wp-json\/wp\/v2\/media\/2316"}],"wp:attachment":[{"href":"https:\/\/krcsports.com\/fi\/wp-json\/wp\/v2\/media?parent=2312"}],"wp:term":[{"taxonomy":"product_cat","embeddable":true,"href":"https:\/\/krcsports.com\/fi\/wp-json\/wp\/v2\/product_cat?post=2312"},{"taxonomy":"product_tag","embeddable":true,"href":"https:\/\/krcsports.com\/fi\/wp-json\/wp\/v2\/product_tag?post=2312"}],"curies":[{"name":"wp","href":"https:\/\/api.w.org\/{rel}","templated":true}]}}