{"id":2153,"date":"2024-09-09T08:06:30","date_gmt":"2024-09-09T08:06:30","guid":{"rendered":"https:\/\/krcsports.com\/?post_type=product&#038;p=2153"},"modified":"2024-12-01T05:14:19","modified_gmt":"2024-12-01T05:14:19","slug":"martial-arts-chest-guard","status":"publish","type":"product","link":"https:\/\/krcsports.com\/fi\/manufacturer\/martial-arts-chest-guard\/","title":{"rendered":"taistelulajien rintasuoja"},"content":{"rendered":"<ul class=\"a-unordered-list a-vertical a-spacing-mini\">\n<li class=\"a-spacing-mini\"><span class=\"a-list-item\">Eritt\u00e4in kevyet ja eritt\u00e4in mukavat: Nuorten rintasuojamme tyt\u00f6ille ja pojille on valmistettu hienoimmasta nahkap\u00e4\u00e4llysteisest\u00e4 huippulaadukkaasta 24 mm vaahtomuovista, joka tarjoaa huippuluokan toiminnon ilman painotettua painetta pit\u00e4\u00e4kseen pienen soturisi jaloillaan ja s\u00e4\u00e4st\u00e4en kulutettua energiaa. pystyss\u00e4 pysymisess\u00e4.<\/span><\/li>\n<li class=\"a-spacing-mini\"><span class=\"a-list-item\">Huippuluokan ja tyylik\u00e4s: Lasten rintasuojamme on pehmustettu ja kaksoispinnoitettu kaikissa t\u00e4rkeimmiss\u00e4 kehon osissa, jotka ovat alttiina hy\u00f6kk\u00e4yksille. Yhdess\u00e4 suunnittelumme ja sijoittelumme sek\u00e4 materiaalien laadun ja tiukan testauksen kanssa lapsille suunnatut rintasuojamme varmistavat heid\u00e4n tarvitsemansa liikkuvuuden kest\u00e4m\u00e4\u00e4n kovia harjoituksia, ja heill\u00e4 on vain oppitunteja kotiin viet\u00e4v\u00e4ksi.<\/span><\/li>\n<li class=\"a-spacing-mini\"><span class=\"a-list-item\">Ylivertainen suojaus: Pehmustettu paksuimmalla vaahtomuovilla T-3 kolminkertaisilla nailonompeleilla ja PU-putkilla. Lasten nyrkkeilyrintasuojamme muodostavat vahvan suojan, joka est\u00e4\u00e4 heit\u00e4 kokemasta vakavia iskuja riippumatta siit\u00e4, kuinka monta kertaa tai mist\u00e4 suunnasta ne tulevat. saada ly\u00f6d\u00e4. Suunnittelijamme ja urheilijamme ovat suunnitelleet ja testaaneet n\u00e4m\u00e4 nuorten rintasuojat tarjotakseen vertaansa vailla olevan suojan vammoilta, hielt\u00e4 ja \u00e4rsytyst\u00e4 vastaan.<\/span><\/li>\n<li class=\"a-spacing-mini\"><span class=\"a-list-item\">S\u00e4\u00e4dett\u00e4v\u00e4 istuvuus useimpiin kokoihin: Elite Sportsin lasten rintasuojat lapsille tulevat hihnalla, jonka avulla tuotteitamme voidaan kirist\u00e4\u00e4 ja l\u00f6ys\u00e4t\u00e4 mukavuuden mukaan. T\u00e4m\u00e4 eliminoi tarpeen hankkia isompi tai pienempi koko useimmissa tapauksissa. T\u00e4m\u00e4 tarkoittaa my\u00f6s sit\u00e4, ett\u00e4 n\u00e4m\u00e4 lasten rintasuojat kest\u00e4v\u00e4t pitk\u00e4\u00e4n ilman, ett\u00e4 niit\u00e4 tarvitsee vaihtaa isommille vaihtoehdoille<\/span><\/li>\n<\/ul>\n<h2>Meid\u00e4n sertifikaattimme<\/h2>\n\t<div class=\"img has-hover x md-x lg-x y md-y lg-y\" id=\"image_423987341\">\n\t\t\t\t\t\t\t\t<div class=\"img-inner dark\" >\n\t\t\t<img loading=\"lazy\" decoding=\"async\" width=\"1020\" height=\"316\" src=\"https:\/\/cdn.krcsports.com\/2024\/07\/certification070-1-1024x317.webp\" class=\"attachment-large size-large wp-image-1633\" alt=\"todistus\" srcset=\"https:\/\/cdn.krcsports.com\/2024\/07\/certification070-1-1024x317.webp 1024w, https:\/\/cdn.krcsports.com\/2024\/07\/certification070-1-300x93.webp 300w, https:\/\/cdn.krcsports.com\/2024\/07\/certification070-1-768x238.webp 768w, https:\/\/cdn.krcsports.com\/2024\/07\/certification070-1-1536x475.webp 1536w, https:\/\/cdn.krcsports.com\/2024\/07\/certification070-1-18x6.webp 18w, https:\/\/cdn.krcsports.com\/2024\/07\/certification070-1-600x186.webp 600w, https:\/\/cdn.krcsports.com\/2024\/07\/certification070-1.webp 1625w\" sizes=\"auto, (max-width: 1020px) 100vw, 1020px\" \/>\t\t\t\t\t\t\n\t\t\t\t\t<\/div>\n\t\t\t\t\t\t\t\t\n<style>\n#image_423987341 {\n  width: 100%;\n}\n<\/style>\n\t<\/div>\n\t\n\n<h2>Tehtaamme on BSCI:n hyv\u00e4ksym\u00e4<\/h2>\n<h2>\u00a0<\/h2>\n\t<div class=\"img has-hover x md-x lg-x y md-y lg-y\" id=\"image_903271842\">\n\t\t\t\t\t\t\t\t<div class=\"img-inner dark\" >\n\t\t\t<img loading=\"lazy\" decoding=\"async\" width=\"850\" height=\"1100\" src=\"https:\/\/cdn.krcsports.com\/2024\/07\/BSCI-SummaryAuditReportforall_21-41.webp\" class=\"attachment-original size-original wp-image-1634\" alt=\"BSCI yhteenveto\" srcset=\"https:\/\/cdn.krcsports.com\/2024\/07\/BSCI-SummaryAuditReportforall_21-41.webp 850w, https:\/\/cdn.krcsports.com\/2024\/07\/BSCI-SummaryAuditReportforall_21-41-232x300.webp 232w, https:\/\/cdn.krcsports.com\/2024\/07\/BSCI-SummaryAuditReportforall_21-41-791x1024.webp 791w, https:\/\/cdn.krcsports.com\/2024\/07\/BSCI-SummaryAuditReportforall_21-41-768x994.webp 768w, https:\/\/cdn.krcsports.com\/2024\/07\/BSCI-SummaryAuditReportforall_21-41-9x12.webp 9w, https:\/\/cdn.krcsports.com\/2024\/07\/BSCI-SummaryAuditReportforall_21-41-600x776.webp 600w\" sizes=\"auto, (max-width: 850px) 100vw, 850px\" \/>\t\t\t\t\t\t\n\t\t\t\t\t<\/div>\n\t\t\t\t\t\t\t\t\n<style>\n#image_903271842 {\n  width: 100%;\n}\n<\/style>\n\t<\/div>\n\t\n\n\t<div class=\"img has-hover x md-x lg-x y md-y lg-y\" id=\"image_447552464\">\n\t\t\t\t\t\t\t\t<div class=\"img-inner dark\" >\n\t\t\t<img loading=\"lazy\" decoding=\"async\" width=\"745\" height=\"364\" src=\"https:\/\/cdn.krcsports.com\/2024\/10\/Sports-manufacture1.webp\" class=\"attachment-original size-original wp-image-2862\" alt=\"valmistaja\" srcset=\"https:\/\/cdn.krcsports.com\/2024\/10\/Sports-manufacture1.webp 745w, https:\/\/cdn.krcsports.com\/2024\/10\/Sports-manufacture1-300x147.webp 300w, https:\/\/cdn.krcsports.com\/2024\/10\/Sports-manufacture1-18x9.webp 18w, https:\/\/cdn.krcsports.com\/2024\/10\/Sports-manufacture1-600x293.webp 600w\" sizes=\"auto, (max-width: 745px) 100vw, 745px\" \/>\t\t\t\t\t\t\n\t\t\t\t\t<\/div>\n\t\t\t\t\t\t\t\t\n<style>\n#image_447552464 {\n  width: 100%;\n}\n<\/style>\n\t<\/div>\n\t\n\n\t<section class=\"section\" id=\"section_1713974437\">\n\t\t<div class=\"bg section-bg fill bg-fill  bg-loaded\" >\n\n\t\t\t\n\t\t\t\n\t\t\t\n\n\t\t<\/div>\n\n\t\t\n\n\t\t<div class=\"section-content relative\">\n\t\t\t\n\n<h2>Ammattitaitoinen tiimimme<\/h2>\n\n\t\t<\/div>\n\n\t\t\n<style>\n#section_1713974437 {\n  padding-top: 30px;\n  padding-bottom: 30px;\n}\n<\/style>\n\t<\/section>\n\t\n\t<section class=\"section\" id=\"section_218315713\">\n\t\t<div class=\"bg section-bg fill bg-fill  bg-loaded\" >\n\n\t\t\t\n\t\t\t\n\t\t\t\n\n\t\t<\/div>\n\n\t\t\n\n\t\t<div class=\"section-content relative\">\n\t\t\t\n\n\t<div class=\"img has-hover x md-x lg-x y md-y lg-y\" id=\"image_1919279204\">\n\t\t\t\t\t\t\t\t<div class=\"img-inner dark\" >\n\t\t\t<img loading=\"lazy\" decoding=\"async\" width=\"493\" height=\"301\" src=\"https:\/\/cdn.krcsports.com\/2024\/10\/team002.webp\" class=\"attachment-large size-large wp-image-2863\" alt=\"joukkue\" srcset=\"https:\/\/cdn.krcsports.com\/2024\/10\/team002.webp 493w, https:\/\/cdn.krcsports.com\/2024\/10\/team002-300x183.webp 300w, https:\/\/cdn.krcsports.com\/2024\/10\/team002-18x12.webp 18w\" sizes=\"auto, (max-width: 493px) 100vw, 493px\" \/>\t\t\t\t\t\t\n\t\t\t\t\t<\/div>\n\t\t\t\t\t\t\t\t\n<style>\n#image_1919279204 {\n  width: 100%;\n}\n<\/style>\n\t<\/div>\n\t\n\n\n\t\t<\/div>\n\n\t\t\n<style>\n#section_218315713 {\n  padding-top: 30px;\n  padding-bottom: 30px;\n}\n<\/style>\n\t<\/section>\n\t\n\t<section class=\"section\" id=\"section_59004381\">\n\t\t<div class=\"bg section-bg fill bg-fill  bg-loaded\" >\n\n\t\t\t\n\t\t\t\n\t\t\t\n\n\t\t<\/div>\n\n\t\t\n\n\t\t<div class=\"section-content relative\">\n\t\t\t\n\n\t<div class=\"img has-hover x md-x lg-x y md-y lg-y\" id=\"image_1861350830\">\n\t\t\t\t\t\t\t\t<div class=\"img-inner dark\" >\n\t\t\t<img loading=\"lazy\" decoding=\"async\" width=\"1020\" height=\"466\" src=\"https:\/\/cdn.krcsports.com\/2024\/10\/exhibition1-1024x468.webp\" class=\"attachment-large size-large wp-image-2864\" alt=\"n\u00e4yttely\" srcset=\"https:\/\/cdn.krcsports.com\/2024\/10\/exhibition1-1024x468.webp 1024w, https:\/\/cdn.krcsports.com\/2024\/10\/exhibition1-300x137.webp 300w, https:\/\/cdn.krcsports.com\/2024\/10\/exhibition1-768x351.webp 768w, https:\/\/cdn.krcsports.com\/2024\/10\/exhibition1-18x8.webp 18w, https:\/\/cdn.krcsports.com\/2024\/10\/exhibition1-600x274.webp 600w, https:\/\/cdn.krcsports.com\/2024\/10\/exhibition1.webp 1200w\" sizes=\"auto, (max-width: 1020px) 100vw, 1020px\" \/>\t\t\t\t\t\t\n\t\t\t\t\t<\/div>\n\t\t\t\t\t\t\t\t\n<style>\n#image_1861350830 {\n  width: 100%;\n}\n<\/style>\n\t<\/div>\n\t\n\n\n\t\t<\/div>\n\n\t\t\n<style>\n#section_59004381 {\n  padding-top: 30px;\n  padding-bottom: 30px;\n}\n<\/style>\n\t<\/section>\n\t\n<p>\n\n<div class=\"wpcf7 no-js\" id=\"wpcf7-f5-o1\" lang=\"en-US\" dir=\"ltr\">\n<div class=\"screen-reader-response\"><p role=\"status\" aria-live=\"polite\" aria-atomic=\"true\"><\/p> <ul><\/ul><\/div>\n<form action=\"\/fi\/wp-json\/wp\/v2\/product\/2153#wpcf7-f5-o1\" method=\"post\" class=\"wpcf7-form init\" aria-label=\"Yhteydenottolomake\" novalidate=\"novalidate\" data-status=\"init\" data-trp-original-action=\"\/fi\/wp-json\/wp\/v2\/product\/2153#wpcf7-f5-o1\">\n<div style=\"display: none;\">\n<input type=\"hidden\" name=\"_wpcf7\" value=\"5\" \/>\n<input type=\"hidden\" name=\"_wpcf7_version\" value=\"5.9.5\" \/>\n<input type=\"hidden\" name=\"_wpcf7_locale\" value=\"en_US\" \/>\n<input type=\"hidden\" name=\"_wpcf7_unit_tag\" value=\"wpcf7-f5-o1\" \/>\n<input type=\"hidden\" name=\"_wpcf7_container_post\" value=\"0\" \/>\n<input type=\"hidden\" name=\"_wpcf7_posted_data_hash\" value=\"\" \/>\n<\/div>\n<div class='custom_contact_style'>\n\t<p><label> Sinun nimesi<br \/>\n<span class=\"wpcf7-form-control-wrap\" data-name=\"your-name\"><input size=\"40\" class=\"wpcf7-form-control wpcf7-text wpcf7-validates-as-required\" autocomplete=\"name\" aria-required=\"true\" aria-invalid=\"false\" value=\"\" type=\"text\" name=\"your-name\" \/><\/span> <\/label>\n\t<\/p>\n\t<p><label> S\u00e4hk\u00f6postisi<br \/>\n<span class=\"wpcf7-form-control-wrap\" data-name=\"your-email\"><input size=\"40\" class=\"wpcf7-form-control wpcf7-email wpcf7-validates-as-required wpcf7-text wpcf7-validates-as-email\" autocomplete=\"email\" aria-required=\"true\" aria-invalid=\"false\" value=\"\" type=\"email\" name=\"your-email\" \/><\/span> <\/label>\n\t<\/p>\n\t<p><label> Viestisi (valinnainen)<br \/>\n<span class=\"wpcf7-form-control-wrap\" data-name=\"your-message\"><textarea cols=\"40\" rows=\"10\" class=\"wpcf7-form-control wpcf7-textarea\" aria-invalid=\"false\" name=\"your-message\"><\/textarea><\/span> <\/label>\n\t<\/p>\n\t<div style=\"margin-bottom:10px;\">\n\t\t<p><span class=\"wpcf7-form-control-wrap kc_captcha cf7ic-toggle\" data-name=\"kc_captcha\"><span class=\"wpcf7-form-control wpcf7-radio\"><span class=\"captcha-image\" style=\"display: none;\"><span class=\"cf7ic_instructions\">Todista olevasi ihminen valitsemalla<span> syd\u00e4n<\/span>.<\/span><label><input type=\"radio\" name=\"kc_captcha\" value=\"kc_human\" \/><svg width=\"50\" height=\"50\" aria-hidden=\"true\" role=\"img\" xmlns=\"http:\/\/www.w3.org\/2000\/svg\" viewbox=\"0 0 576 512\"><path fill=\"currentColor\" d=\"M415 24c-53 0-103 42-127 65-24-23-74-65-127-65C70 24 16 77 16 166c0 72 67 133 69 135l187 181c9 8 23 8 32 0l187-180c2-3 69-64 69-136 0-89-54-142-145-142z\"\/><\/svg><\/label><label><input type=\"radio\" name=\"kc_captcha\" value=\"bot\" \/><svg width=\"50\" height=\"50\" aria-hidden=\"true\" role=\"img\" xmlns=\"http:\/\/www.w3.org\/2000\/svg\" viewbox=\"0 0 640 512\"><path fill=\"currentColor\" d=\"M192 384h192c53 0 96-43 96-96h32a128 128 0 000-256H120c-13 0-24 11-24 24v232c0 53 43 96 96 96zM512 96a64 64 0 010 128h-32V96h32zm48 384H48c-47 0-61-64-36-64h584c25 0 11 64-36 64z\"\/><\/svg><\/label><label><input type=\"radio\" name=\"kc_captcha\" value=\"bot\" \/><svg width=\"50\" height=\"50\" aria-hidden=\"true\" role=\"img\" xmlns=\"http:\/\/www.w3.org\/2000\/svg\" viewbox=\"0 0 512 512\"><path fill=\"currentColor\" d=\"M512 176a176 176 0 01-209 173l-24 27a24 24 0 01-18 8h-37v40c0 13-11 24-24 24h-40v40c0 13-11 24-24 24H24c-13 0-24-11-24-24v-78c0-6 3-13 7-17l162-162a176 176 0 11343-55zm-176-48a48 48 0 1096 0 48 48 0 00-96 0z\"\/><\/svg><\/label>\r\n    <\/span>\r\n    <span style=\"display:none\">\r\n        <input type=\"text\" name=\"kc_honeypot\">\r\n    <\/span><\/span><\/span>\n\t\t<\/p>\n\t<\/div>\n\t<p><input class=\"wpcf7-form-control wpcf7-submit has-spinner\" type=\"submit\" value=\"L\u00e4het\u00e4\" \/>\n\t<\/p>\n<\/div><div class=\"wpcf7-response-output\" aria-hidden=\"true\"><\/div>\n<input type=\"hidden\" name=\"trp-form-language\" value=\"fi\"\/><\/form>\n<\/div>\n\n\n<\/p>","protected":false},"excerpt":{"rendered":"<p>rintasuojat Valmistettu kiinte\u00e4st\u00e4 oxford-nahasta.<\/p>\n<p>XPE-vaahto ja bambulastuinen sis\u00e4puoli tarjoavat paremman iskunvaimennuksen.<\/p>\n<p>Selk\u00e4hihna soljella s\u00e4\u00e4t\u00f6\u00e4 ja helppoa k\u00e4ytt\u00f6\u00e4 varten.<\/p>\n<p>Sopii kamppailulajeihin, nyrkkeilyyn, MMA:han, Muay Thaiiin, Sandaan ja kaikkiin urheilulajeihin, jotka tarvitsevat rintasuojan.<\/p>\n<p>Unisex-muotoilu ja kolme v\u00e4ri\u00e4 valinnassa<\/p>","protected":false},"featured_media":2196,"template":"","meta":[],"product_cat":[60,51,44],"product_tag":[],"class_list":{"0":"post-2153","1":"product","2":"type-product","3":"status-publish","4":"has-post-thumbnail","6":"product_cat-taekwondo-protective-gear","7":"product_cat-martial-arts-protective-gear","8":"product_cat-boxing-protective-gear","10":"first","11":"instock","12":"shipping-taxable","13":"product-type-simple"},"yoast_head":"<!-- This site is optimized with the Yoast SEO plugin v22.7 - https:\/\/yoast.com\/wordpress\/plugins\/seo\/ -->\n<title>martial arts chest guard - trustworthy combat sports equipment manufacturer<\/title>\n<meta name=\"description\" content=\"Custom High Quality Martial Arts Chest Guard Mens Women Wushu Sanda Chest Guards\" \/>\n<meta name=\"robots\" content=\"index, follow, max-snippet:-1, max-image-preview:large, max-video-preview:-1\" \/>\n<link rel=\"canonical\" href=\"https:\/\/krcsports.com\/fi\/tuote\/martial-arts-chest-guard\/\" \/>\n<meta property=\"og:locale\" content=\"fi_FI\" \/>\n<meta property=\"og:type\" content=\"article\" \/>\n<meta property=\"og:title\" content=\"martial arts chest guard - trustworthy combat sports equipment manufacturer\" \/>\n<meta property=\"og:description\" content=\"Custom High Quality Martial Arts Chest Guard Mens Women Wushu Sanda Chest Guards\" \/>\n<meta property=\"og:url\" content=\"https:\/\/krcsports.com\/fi\/tuote\/martial-arts-chest-guard\/\" \/>\n<meta property=\"og:site_name\" content=\"trustworthy combat sports equipment manufacturer\" \/>\n<meta property=\"article:publisher\" content=\"https:\/\/www.facebook.com\/people\/Krc-sports\/100063994129159\/\" \/>\n<meta property=\"article:modified_time\" content=\"2024-12-01T05:14:19+00:00\" \/>\n<meta property=\"og:image\" content=\"https:\/\/krcsports.com\/wp-content\/uploads\/2024\/09\/chest-guard012.webp\" \/>\n\t<meta property=\"og:image:width\" content=\"800\" \/>\n\t<meta property=\"og:image:height\" content=\"800\" \/>\n\t<meta property=\"og:image:type\" content=\"image\/webp\" \/>\n<meta name=\"twitter:card\" content=\"summary_large_image\" \/>\n<meta name=\"twitter:label1\" content=\"Arvioitu lukuaika\" \/>\n\t<meta name=\"twitter:data1\" content=\"2 minuuttia\" \/>\n<script type=\"application\/ld+json\" class=\"yoast-schema-graph\">{\"@context\":\"https:\/\/schema.org\",\"@graph\":[{\"@type\":\"WebPage\",\"@id\":\"https:\/\/krcsports.com\/manufacturer\/martial-arts-chest-guard\/\",\"url\":\"https:\/\/krcsports.com\/manufacturer\/martial-arts-chest-guard\/\",\"name\":\"martial arts chest guard - trustworthy combat sports equipment manufacturer\",\"isPartOf\":{\"@id\":\"https:\/\/krcsports.com\/#website\"},\"primaryImageOfPage\":{\"@id\":\"https:\/\/krcsports.com\/manufacturer\/martial-arts-chest-guard\/#primaryimage\"},\"image\":{\"@id\":\"https:\/\/krcsports.com\/manufacturer\/martial-arts-chest-guard\/#primaryimage\"},\"thumbnailUrl\":\"https:\/\/cdn.krcsports.com\/2024\/09\/chest-guard012.webp\",\"datePublished\":\"2024-09-09T08:06:30+00:00\",\"dateModified\":\"2024-12-01T05:14:19+00:00\",\"description\":\"Custom High Quality Martial Arts Chest Guard Mens Women Wushu Sanda Chest Guards\",\"breadcrumb\":{\"@id\":\"https:\/\/krcsports.com\/manufacturer\/martial-arts-chest-guard\/#breadcrumb\"},\"inLanguage\":\"fi\",\"potentialAction\":[{\"@type\":\"ReadAction\",\"target\":[\"https:\/\/krcsports.com\/manufacturer\/martial-arts-chest-guard\/\"]}]},{\"@type\":\"ImageObject\",\"inLanguage\":\"fi\",\"@id\":\"https:\/\/krcsports.com\/manufacturer\/martial-arts-chest-guard\/#primaryimage\",\"url\":\"https:\/\/cdn.krcsports.com\/2024\/09\/chest-guard012.webp\",\"contentUrl\":\"https:\/\/cdn.krcsports.com\/2024\/09\/chest-guard012.webp\",\"width\":800,\"height\":800,\"caption\":\"chest guard\"},{\"@type\":\"BreadcrumbList\",\"@id\":\"https:\/\/krcsports.com\/manufacturer\/martial-arts-chest-guard\/#breadcrumb\",\"itemListElement\":[{\"@type\":\"ListItem\",\"position\":1,\"name\":\"Home\",\"item\":\"https:\/\/krcsports.com\/\"},{\"@type\":\"ListItem\",\"position\":2,\"name\":\"Products\",\"item\":\"https:\/\/krcsports.com\/shop\/\"},{\"@type\":\"ListItem\",\"position\":3,\"name\":\"martial arts chest guard\"}]},{\"@type\":\"WebSite\",\"@id\":\"https:\/\/krcsports.com\/#website\",\"url\":\"https:\/\/krcsports.com\/\",\"name\":\"krc sports\",\"description\":\"\",\"publisher\":{\"@id\":\"https:\/\/krcsports.com\/#organization\"},\"potentialAction\":[{\"@type\":\"SearchAction\",\"target\":{\"@type\":\"EntryPoint\",\"urlTemplate\":\"https:\/\/krcsports.com\/?s={search_term_string}\"},\"query-input\":\"required name=search_term_string\"}],\"inLanguage\":\"fi\"},{\"@type\":\"Organization\",\"@id\":\"https:\/\/krcsports.com\/#organization\",\"name\":\"krc sports\",\"url\":\"https:\/\/krcsports.com\/\",\"logo\":{\"@type\":\"ImageObject\",\"inLanguage\":\"fi\",\"@id\":\"https:\/\/krcsports.com\/#\/schema\/logo\/image\/\",\"url\":\"https:\/\/krcsports.com\/wp-content\/uploads\/2024\/07\/logo.webp\",\"contentUrl\":\"https:\/\/krcsports.com\/wp-content\/uploads\/2024\/07\/logo.webp\",\"width\":80,\"height\":60,\"caption\":\"krc sports\"},\"image\":{\"@id\":\"https:\/\/krcsports.com\/#\/schema\/logo\/image\/\"},\"sameAs\":[\"https:\/\/www.facebook.com\/people\/Krc-sports\/100063994129159\/\"]}]}<\/script>\n<!-- \/ Yoast SEO plugin. -->","yoast_head_json":{"title":"taistelulajien rintasuoja - luotettava taisteluurheiluv\u00e4linevalmistaja","description":"Mukautetut korkealaatuiset taistelulajien rintasuojat miesten naisten Wushu Sanda -rintasuojat","robots":{"index":"index","follow":"follow","max-snippet":"max-snippet:-1","max-image-preview":"max-image-preview:large","max-video-preview":"max-video-preview:-1"},"canonical":"https:\/\/krcsports.com\/fi\/tuote\/martial-arts-chest-guard\/","og_locale":"fi_FI","og_type":"article","og_title":"martial arts chest guard - trustworthy combat sports equipment manufacturer","og_description":"Custom High Quality Martial Arts Chest Guard Mens Women Wushu Sanda Chest Guards","og_url":"https:\/\/krcsports.com\/fi\/tuote\/martial-arts-chest-guard\/","og_site_name":"trustworthy combat sports equipment manufacturer","article_publisher":"https:\/\/www.facebook.com\/people\/Krc-sports\/100063994129159\/","article_modified_time":"2024-12-01T05:14:19+00:00","og_image":[{"width":800,"height":800,"url":"https:\/\/krcsports.com\/wp-content\/uploads\/2024\/09\/chest-guard012.webp","type":"image\/webp"}],"twitter_card":"summary_large_image","twitter_misc":{"Arvioitu lukuaika":"2 minuuttia"},"schema":{"@context":"https:\/\/schema.org","@graph":[{"@type":"WebPage","@id":"https:\/\/krcsports.com\/manufacturer\/martial-arts-chest-guard\/","url":"https:\/\/krcsports.com\/manufacturer\/martial-arts-chest-guard\/","name":"taistelulajien rintasuoja - luotettava taisteluurheiluv\u00e4linevalmistaja","isPartOf":{"@id":"https:\/\/krcsports.com\/#website"},"primaryImageOfPage":{"@id":"https:\/\/krcsports.com\/manufacturer\/martial-arts-chest-guard\/#primaryimage"},"image":{"@id":"https:\/\/krcsports.com\/manufacturer\/martial-arts-chest-guard\/#primaryimage"},"thumbnailUrl":"https:\/\/cdn.krcsports.com\/2024\/09\/chest-guard012.webp","datePublished":"2024-09-09T08:06:30+00:00","dateModified":"2024-12-01T05:14:19+00:00","description":"Mukautetut korkealaatuiset taistelulajien rintasuojat miesten naisten Wushu Sanda -rintasuojat","breadcrumb":{"@id":"https:\/\/krcsports.com\/manufacturer\/martial-arts-chest-guard\/#breadcrumb"},"inLanguage":"fi","potentialAction":[{"@type":"ReadAction","target":["https:\/\/krcsports.com\/manufacturer\/martial-arts-chest-guard\/"]}]},{"@type":"ImageObject","inLanguage":"fi","@id":"https:\/\/krcsports.com\/manufacturer\/martial-arts-chest-guard\/#primaryimage","url":"https:\/\/cdn.krcsports.com\/2024\/09\/chest-guard012.webp","contentUrl":"https:\/\/cdn.krcsports.com\/2024\/09\/chest-guard012.webp","width":800,"height":800,"caption":"chest guard"},{"@type":"BreadcrumbList","@id":"https:\/\/krcsports.com\/manufacturer\/martial-arts-chest-guard\/#breadcrumb","itemListElement":[{"@type":"ListItem","position":1,"name":"Home","item":"https:\/\/krcsports.com\/"},{"@type":"ListItem","position":2,"name":"Products","item":"https:\/\/krcsports.com\/shop\/"},{"@type":"ListItem","position":3,"name":"martial arts chest guard"}]},{"@type":"WebSite","@id":"https:\/\/krcsports.com\/#website","url":"https:\/\/krcsports.com\/","name":"krc urheilu","description":"","publisher":{"@id":"https:\/\/krcsports.com\/#organization"},"potentialAction":[{"@type":"SearchAction","target":{"@type":"EntryPoint","urlTemplate":"https:\/\/krcsports.com\/?s={search_term_string}"},"query-input":"required name=search_term_string"}],"inLanguage":"fi"},{"@type":"Organization","@id":"https:\/\/krcsports.com\/#organization","name":"krc urheilu","url":"https:\/\/krcsports.com\/","logo":{"@type":"ImageObject","inLanguage":"fi","@id":"https:\/\/krcsports.com\/#\/schema\/logo\/image\/","url":"https:\/\/krcsports.com\/wp-content\/uploads\/2024\/07\/logo.webp","contentUrl":"https:\/\/krcsports.com\/wp-content\/uploads\/2024\/07\/logo.webp","width":80,"height":60,"caption":"krc sports"},"image":{"@id":"https:\/\/krcsports.com\/#\/schema\/logo\/image\/"},"sameAs":["https:\/\/www.facebook.com\/people\/Krc-sports\/100063994129159\/"]}]}},"_links":{"self":[{"href":"https:\/\/krcsports.com\/fi\/wp-json\/wp\/v2\/product\/2153","targetHints":{"allow":["GET"]}}],"collection":[{"href":"https:\/\/krcsports.com\/fi\/wp-json\/wp\/v2\/product"}],"about":[{"href":"https:\/\/krcsports.com\/fi\/wp-json\/wp\/v2\/types\/product"}],"wp:featuredmedia":[{"embeddable":true,"href":"https:\/\/krcsports.com\/fi\/wp-json\/wp\/v2\/media\/2196"}],"wp:attachment":[{"href":"https:\/\/krcsports.com\/fi\/wp-json\/wp\/v2\/media?parent=2153"}],"wp:term":[{"taxonomy":"product_cat","embeddable":true,"href":"https:\/\/krcsports.com\/fi\/wp-json\/wp\/v2\/product_cat?post=2153"},{"taxonomy":"product_tag","embeddable":true,"href":"https:\/\/krcsports.com\/fi\/wp-json\/wp\/v2\/product_tag?post=2153"}],"curies":[{"name":"wp","href":"https:\/\/api.w.org\/{rel}","templated":true}]}}