{"id":2146,"date":"2024-09-09T08:05:49","date_gmt":"2024-09-09T08:05:49","guid":{"rendered":"https:\/\/krcsports.com\/?post_type=product&#038;p=2146"},"modified":"2024-11-10T09:16:53","modified_gmt":"2024-11-10T09:16:53","slug":"kid-groin-guard","status":"publish","type":"product","link":"https:\/\/krcsports.com\/fi\/manufacturer\/kid-groin-guard\/","title":{"rendered":"lapsen nivussuoja"},"content":{"rendered":"<section class=\"section\" id=\"section_100622979\">\n\t\t<div class=\"bg section-bg fill bg-fill  bg-loaded\" >\n\n\t\t\t\n\t\t\t\n\t\t\t\n\n\t\t<\/div>\n\n\t\t\n\n\t\t<div class=\"section-content relative\">\n\t\t\t\n<ul class=\"a-unordered-list a-vertical a-spacing-mini\">\n<li class=\"a-spacing-mini\"><span class=\"a-list-item\">Lasten Nivussuojain Cup Poikien Iskunvaimennus Taekwondo Nyrkkeily Potkunyrkkeily Fight Sports Nivussuojat Karate Fighting -harjoitteluun. Hengitt\u00e4v\u00e4 muotoilu voi tehd\u00e4 sinusta mukavamman k\u00e4ytt\u00e4\u00e4 sit\u00e4 ja v\u00e4hent\u00e4\u00e4 kitkaa<\/span><\/li>\n<\/ul>\n<p>\u00a0<\/p>\n<ul class=\"a-unordered-list a-vertical a-spacing-mini\">\n<li class=\"a-spacing-mini\"><span class=\"a-list-item\">joustava istuvuus: joustavat olkaimet ja joustava vy\u00f6t\u00e4r\u00f6nauha antavat k\u00e4ytt\u00e4jille mahdollisuuden l\u00f6yt\u00e4\u00e4 nivustuen optimaalisen mukavan istuvuuden, jolloin he voivat harjoitella ja harjoitella mahdollisimman mukavasti<\/span><\/li>\n<\/ul>\n<p>\u00a0<\/p>\n<ul class=\"a-unordered-list a-vertical a-spacing-mini\">\n<li class=\"a-spacing-mini\"><span class=\"a-list-item\">tuuletettu ja hike\u00e4 siirt\u00e4v\u00e4: polyesterikangas on tuuletettu ja hike\u00e4 siirt\u00e4v\u00e4, jotta k\u00e4ytt\u00e4j\u00e4t voivat nauttia kuivasta ja mukavasta harjoittelukokemuksesta k\u00e4ytett\u00e4ess\u00e4 miesten nivustukea<\/span><\/li>\n<\/ul>\n<p>\u00a0<\/p>\n<ul class=\"a-unordered-list a-vertical a-spacing-mini\">\n<li class=\"a-spacing-mini\"><span class=\"a-list-item\">Thaimaalainen nivussuoja: eritt\u00e4in suositeltavaa taekwondoon, nyrkkeilyyn, karateen jne. Se on eritt\u00e4in hy\u00f6dyllinen. Suuri tiheys sis\u00e4ll\u00e4, tarjoaa vahvan suojan ja iskunvaimennushoidon. Ammattimainen nivussuoja Kulutusta kest\u00e4v\u00e4 haarasuoja Kannettava haarasuoja<\/span><\/li>\n<\/ul>\n<p>\u00a0<\/p>\n<ul class=\"a-unordered-list a-vertical a-spacing-mini\">\n<li class=\"a-spacing-mini\"><span class=\"a-list-item\">Nivussuoja nyrkkeilyyn: Olitpa ammattilainen tai vain amat\u00f6\u00f6ri nyrkkeilyn yst\u00e4v\u00e4, t\u00e4m\u00e4 suoja on tarpeen varustaa. PU, ABS tekninen muovi ja sienimateriaali on kest\u00e4v\u00e4\u00e4, t\u00e4m\u00e4 suoja sopii miehille kilpaurheiluun<\/span><\/li>\n<\/ul>\n\t\t<\/div>\n\n\t\t\n<style>\n#section_100622979 {\n  padding-top: 30px;\n  padding-bottom: 30px;\n}\n<\/style>\n\t<\/section>","protected":false},"excerpt":{"rendered":"<p>. Materiaali: PU<\/p>\n<p>. Mahdollistaa eritt\u00e4in mukavan, rajoittamattoman istuvuuden<\/p>\n<p>. Tarjoaa paremman suojan<\/p>\n<p>. Erinomainen muotoilu auttaa suojaamaan nivus- ja alavatsan alueita<\/p>\n<p>. Auta suojaamaan munuaisia, maksaa, nivusia, miehi\u00e4 ja lantiota<\/p>","protected":false},"featured_media":2266,"template":"","meta":[],"product_cat":[51,44],"product_tag":[],"class_list":{"0":"post-2146","1":"product","2":"type-product","3":"status-publish","4":"has-post-thumbnail","6":"product_cat-martial-arts-protective-gear","7":"product_cat-boxing-protective-gear","9":"first","10":"instock","11":"shipping-taxable","12":"product-type-simple"},"yoast_head":"<!-- This site is optimized with the Yoast SEO plugin v22.7 - https:\/\/yoast.com\/wordpress\/plugins\/seo\/ -->\n<title>kid groin guard - trustworthy combat sports equipment manufacturer<\/title>\n<meta name=\"description\" content=\"Kids Groin Guard, Sports Groin Abdominal Protector Boxing Taekwondo Groin Guard Protection Karate Thai Groin Ab Protector Kickboxing Fight Protective Cup Red\" \/>\n<meta name=\"robots\" content=\"index, follow, max-snippet:-1, max-image-preview:large, max-video-preview:-1\" \/>\n<link rel=\"canonical\" href=\"https:\/\/krcsports.com\/fi\/tuote\/kid-groin-guard\/\" \/>\n<meta property=\"og:locale\" content=\"fi_FI\" \/>\n<meta property=\"og:type\" content=\"article\" \/>\n<meta property=\"og:title\" content=\"kid groin guard - trustworthy combat sports equipment manufacturer\" \/>\n<meta property=\"og:description\" content=\"Kids Groin Guard, Sports Groin Abdominal Protector Boxing Taekwondo Groin Guard Protection Karate Thai Groin Ab Protector Kickboxing Fight Protective Cup Red\" \/>\n<meta property=\"og:url\" content=\"https:\/\/krcsports.com\/fi\/tuote\/kid-groin-guard\/\" \/>\n<meta property=\"og:site_name\" content=\"trustworthy combat sports equipment manufacturer\" \/>\n<meta property=\"article:publisher\" content=\"https:\/\/www.facebook.com\/people\/Krc-sports\/100063994129159\/\" \/>\n<meta property=\"article:modified_time\" content=\"2024-11-10T09:16:53+00:00\" \/>\n<meta property=\"og:image\" content=\"https:\/\/krcsports.com\/wp-content\/uploads\/2024\/09\/kid-groin-guard1.webp\" \/>\n\t<meta property=\"og:image:width\" content=\"800\" \/>\n\t<meta property=\"og:image:height\" content=\"800\" \/>\n\t<meta property=\"og:image:type\" content=\"image\/webp\" \/>\n<meta name=\"twitter:card\" content=\"summary_large_image\" \/>\n<meta name=\"twitter:label1\" content=\"Arvioitu lukuaika\" \/>\n\t<meta name=\"twitter:data1\" content=\"1 minuutti\" \/>\n<script type=\"application\/ld+json\" class=\"yoast-schema-graph\">{\"@context\":\"https:\/\/schema.org\",\"@graph\":[{\"@type\":\"WebPage\",\"@id\":\"https:\/\/krcsports.com\/manufacturer\/kid-groin-guard\/\",\"url\":\"https:\/\/krcsports.com\/manufacturer\/kid-groin-guard\/\",\"name\":\"kid groin guard - trustworthy combat sports equipment manufacturer\",\"isPartOf\":{\"@id\":\"https:\/\/krcsports.com\/#website\"},\"primaryImageOfPage\":{\"@id\":\"https:\/\/krcsports.com\/manufacturer\/kid-groin-guard\/#primaryimage\"},\"image\":{\"@id\":\"https:\/\/krcsports.com\/manufacturer\/kid-groin-guard\/#primaryimage\"},\"thumbnailUrl\":\"https:\/\/cdn.krcsports.com\/2024\/09\/kid-groin-guard1.webp\",\"datePublished\":\"2024-09-09T08:05:49+00:00\",\"dateModified\":\"2024-11-10T09:16:53+00:00\",\"description\":\"Kids Groin Guard, Sports Groin Abdominal Protector Boxing Taekwondo Groin Guard Protection Karate Thai Groin Ab Protector Kickboxing Fight Protective Cup Red\",\"breadcrumb\":{\"@id\":\"https:\/\/krcsports.com\/manufacturer\/kid-groin-guard\/#breadcrumb\"},\"inLanguage\":\"fi\",\"potentialAction\":[{\"@type\":\"ReadAction\",\"target\":[\"https:\/\/krcsports.com\/manufacturer\/kid-groin-guard\/\"]}]},{\"@type\":\"ImageObject\",\"inLanguage\":\"fi\",\"@id\":\"https:\/\/krcsports.com\/manufacturer\/kid-groin-guard\/#primaryimage\",\"url\":\"https:\/\/cdn.krcsports.com\/2024\/09\/kid-groin-guard1.webp\",\"contentUrl\":\"https:\/\/cdn.krcsports.com\/2024\/09\/kid-groin-guard1.webp\",\"width\":800,\"height\":800,\"caption\":\"kid groin guard\"},{\"@type\":\"BreadcrumbList\",\"@id\":\"https:\/\/krcsports.com\/manufacturer\/kid-groin-guard\/#breadcrumb\",\"itemListElement\":[{\"@type\":\"ListItem\",\"position\":1,\"name\":\"Home\",\"item\":\"https:\/\/krcsports.com\/\"},{\"@type\":\"ListItem\",\"position\":2,\"name\":\"Products\",\"item\":\"https:\/\/krcsports.com\/shop\/\"},{\"@type\":\"ListItem\",\"position\":3,\"name\":\"kid groin guard\"}]},{\"@type\":\"WebSite\",\"@id\":\"https:\/\/krcsports.com\/#website\",\"url\":\"https:\/\/krcsports.com\/\",\"name\":\"krc sports\",\"description\":\"\",\"publisher\":{\"@id\":\"https:\/\/krcsports.com\/#organization\"},\"potentialAction\":[{\"@type\":\"SearchAction\",\"target\":{\"@type\":\"EntryPoint\",\"urlTemplate\":\"https:\/\/krcsports.com\/?s={search_term_string}\"},\"query-input\":\"required name=search_term_string\"}],\"inLanguage\":\"fi\"},{\"@type\":\"Organization\",\"@id\":\"https:\/\/krcsports.com\/#organization\",\"name\":\"krc sports\",\"url\":\"https:\/\/krcsports.com\/\",\"logo\":{\"@type\":\"ImageObject\",\"inLanguage\":\"fi\",\"@id\":\"https:\/\/krcsports.com\/#\/schema\/logo\/image\/\",\"url\":\"https:\/\/krcsports.com\/wp-content\/uploads\/2024\/07\/logo.webp\",\"contentUrl\":\"https:\/\/krcsports.com\/wp-content\/uploads\/2024\/07\/logo.webp\",\"width\":80,\"height\":60,\"caption\":\"krc sports\"},\"image\":{\"@id\":\"https:\/\/krcsports.com\/#\/schema\/logo\/image\/\"},\"sameAs\":[\"https:\/\/www.facebook.com\/people\/Krc-sports\/100063994129159\/\"]}]}<\/script>\n<!-- \/ Yoast SEO plugin. -->","yoast_head_json":{"title":"lasten nivussuoja - luotettava taisteluurheiluv\u00e4linevalmistaja","description":"Lapset Nivussuojat, Urheilu Nivussuojat Nyrkkeily Taekwondo Nivussuojat Karate Thai Nivussuojat Potkunyrkkeily Fight Suojakuppi Punainen","robots":{"index":"index","follow":"follow","max-snippet":"max-snippet:-1","max-image-preview":"max-image-preview:large","max-video-preview":"max-video-preview:-1"},"canonical":"https:\/\/krcsports.com\/fi\/tuote\/kid-groin-guard\/","og_locale":"fi_FI","og_type":"article","og_title":"kid groin guard - trustworthy combat sports equipment manufacturer","og_description":"Kids Groin Guard, Sports Groin Abdominal Protector Boxing Taekwondo Groin Guard Protection Karate Thai Groin Ab Protector Kickboxing Fight Protective Cup Red","og_url":"https:\/\/krcsports.com\/fi\/tuote\/kid-groin-guard\/","og_site_name":"trustworthy combat sports equipment manufacturer","article_publisher":"https:\/\/www.facebook.com\/people\/Krc-sports\/100063994129159\/","article_modified_time":"2024-11-10T09:16:53+00:00","og_image":[{"width":800,"height":800,"url":"https:\/\/krcsports.com\/wp-content\/uploads\/2024\/09\/kid-groin-guard1.webp","type":"image\/webp"}],"twitter_card":"summary_large_image","twitter_misc":{"Arvioitu lukuaika":"1 minuutti"},"schema":{"@context":"https:\/\/schema.org","@graph":[{"@type":"WebPage","@id":"https:\/\/krcsports.com\/manufacturer\/kid-groin-guard\/","url":"https:\/\/krcsports.com\/manufacturer\/kid-groin-guard\/","name":"lasten nivussuoja - luotettava taisteluurheiluv\u00e4linevalmistaja","isPartOf":{"@id":"https:\/\/krcsports.com\/#website"},"primaryImageOfPage":{"@id":"https:\/\/krcsports.com\/manufacturer\/kid-groin-guard\/#primaryimage"},"image":{"@id":"https:\/\/krcsports.com\/manufacturer\/kid-groin-guard\/#primaryimage"},"thumbnailUrl":"https:\/\/cdn.krcsports.com\/2024\/09\/kid-groin-guard1.webp","datePublished":"2024-09-09T08:05:49+00:00","dateModified":"2024-11-10T09:16:53+00:00","description":"Lapset Nivussuojat, Urheilu Nivussuojat Nyrkkeily Taekwondo Nivussuojat Karate Thai Nivussuojat Potkunyrkkeily Fight Suojakuppi Punainen","breadcrumb":{"@id":"https:\/\/krcsports.com\/manufacturer\/kid-groin-guard\/#breadcrumb"},"inLanguage":"fi","potentialAction":[{"@type":"ReadAction","target":["https:\/\/krcsports.com\/manufacturer\/kid-groin-guard\/"]}]},{"@type":"ImageObject","inLanguage":"fi","@id":"https:\/\/krcsports.com\/manufacturer\/kid-groin-guard\/#primaryimage","url":"https:\/\/cdn.krcsports.com\/2024\/09\/kid-groin-guard1.webp","contentUrl":"https:\/\/cdn.krcsports.com\/2024\/09\/kid-groin-guard1.webp","width":800,"height":800,"caption":"kid groin guard"},{"@type":"BreadcrumbList","@id":"https:\/\/krcsports.com\/manufacturer\/kid-groin-guard\/#breadcrumb","itemListElement":[{"@type":"ListItem","position":1,"name":"Home","item":"https:\/\/krcsports.com\/"},{"@type":"ListItem","position":2,"name":"Products","item":"https:\/\/krcsports.com\/shop\/"},{"@type":"ListItem","position":3,"name":"kid groin guard"}]},{"@type":"WebSite","@id":"https:\/\/krcsports.com\/#website","url":"https:\/\/krcsports.com\/","name":"krc urheilu","description":"","publisher":{"@id":"https:\/\/krcsports.com\/#organization"},"potentialAction":[{"@type":"SearchAction","target":{"@type":"EntryPoint","urlTemplate":"https:\/\/krcsports.com\/?s={search_term_string}"},"query-input":"required name=search_term_string"}],"inLanguage":"fi"},{"@type":"Organization","@id":"https:\/\/krcsports.com\/#organization","name":"krc urheilu","url":"https:\/\/krcsports.com\/","logo":{"@type":"ImageObject","inLanguage":"fi","@id":"https:\/\/krcsports.com\/#\/schema\/logo\/image\/","url":"https:\/\/krcsports.com\/wp-content\/uploads\/2024\/07\/logo.webp","contentUrl":"https:\/\/krcsports.com\/wp-content\/uploads\/2024\/07\/logo.webp","width":80,"height":60,"caption":"krc sports"},"image":{"@id":"https:\/\/krcsports.com\/#\/schema\/logo\/image\/"},"sameAs":["https:\/\/www.facebook.com\/people\/Krc-sports\/100063994129159\/"]}]}},"_links":{"self":[{"href":"https:\/\/krcsports.com\/fi\/wp-json\/wp\/v2\/product\/2146","targetHints":{"allow":["GET"]}}],"collection":[{"href":"https:\/\/krcsports.com\/fi\/wp-json\/wp\/v2\/product"}],"about":[{"href":"https:\/\/krcsports.com\/fi\/wp-json\/wp\/v2\/types\/product"}],"wp:featuredmedia":[{"embeddable":true,"href":"https:\/\/krcsports.com\/fi\/wp-json\/wp\/v2\/media\/2266"}],"wp:attachment":[{"href":"https:\/\/krcsports.com\/fi\/wp-json\/wp\/v2\/media?parent=2146"}],"wp:term":[{"taxonomy":"product_cat","embeddable":true,"href":"https:\/\/krcsports.com\/fi\/wp-json\/wp\/v2\/product_cat?post=2146"},{"taxonomy":"product_tag","embeddable":true,"href":"https:\/\/krcsports.com\/fi\/wp-json\/wp\/v2\/product_tag?post=2146"}],"curies":[{"name":"wp","href":"https:\/\/api.w.org\/{rel}","templated":true}]}}