{"id":2073,"date":"2024-09-09T06:52:39","date_gmt":"2024-09-09T06:52:39","guid":{"rendered":"https:\/\/krcsports.com\/?post_type=product&#038;p=2073"},"modified":"2024-11-23T14:22:17","modified_gmt":"2024-11-23T14:22:17","slug":"mma-sparring-training-gloves","status":"publish","type":"product","link":"https:\/\/krcsports.com\/fi\/manufacturer\/mma-sparring-training-gloves\/","title":{"rendered":"MMA Sparring -harjoitteluhanskat"},"content":{"rendered":"<p>Taistelu MMA-harjoitteluhanska on suunniteltu pitk\u00e4kestoiseen korkeaan suorituskykyyn.<\/p>\n<p>Potkunyrkkeilyhanskat on pehmustettu pehme\u00e4ll\u00e4 EVA-vaahdolla.<\/p>\n<p>Vaahtomuovityyny varmistaa, ett\u00e4 nyrkkeilyn vaikutus jakautuu tehokkaasti harjoittelun tai kilpailun aikana.<\/p>\n<p>Toinen MMA-k\u00e4sineiden ominaisuus on vahvistettu tikkaus, joka tukee rannetta l\u00e4vistyksen aikana koukku- ja silmukkakiinnityshihnalla.<\/p>\n<p>Helppok\u00e4ytt\u00f6isiss\u00e4 Hybrid Open Palm Martial Arts -mitseissa on ainutlaatuinen nahkarengas ja pehmustettu peukalovuori.<\/p>\n<p>antaa k\u00e4ytt\u00e4jille mahdollisuuden lis\u00e4t\u00e4 joustavuutta ja s\u00e4\u00e4t\u00e4\u00e4 k\u00e4sineet oikein optimaalisen istuvuuden saavuttamiseksi. T\u00e4m\u00e4 muotoilu parantaa entisest\u00e4\u00e4n pitovoimaa ja tarjoaa erinomaisen pitovaikutuksen pidon aikana.<\/p>\n<p>Kamppailulajien taisteluharjoitteluhanskat sopivat taekwondoon, taistelulajeihin, kamppailulajeihin, sparraukseen, thai-nyrkkeilyyn, nyrkkeilyyn, nopeuslaukkuihin tai mihin tahansa kevyeen p\u00e4ivitt\u00e4iseen harjoitteluun.<\/p>","protected":false},"excerpt":{"rendered":"<p>MMA Sparring -harjoitushanskoja on kaksi kokoa <\/p>\n<p>materiaalit ovat nahkaa tai pu-nahkaa<\/p>\n<p>v\u00e4rej\u00e4 voi muokata<\/p>","protected":false},"featured_media":2079,"template":"","meta":[],"product_cat":[42],"product_tag":[],"class_list":{"0":"post-2073","1":"product","2":"type-product","3":"status-publish","4":"has-post-thumbnail","6":"product_cat-boxing-gloves","8":"first","9":"instock","10":"shipping-taxable","11":"product-type-simple"},"yoast_head":"<!-- This site is optimized with the Yoast SEO plugin v22.7 - https:\/\/yoast.com\/wordpress\/plugins\/seo\/ -->\n<title>MMA Sparring Training Gloves - trustworthy combat sports equipment manufacturer<\/title>\n<meta name=\"description\" content=\"MMA Sparring Training Gloves Men &amp; Women MMA Gloves for Sparring Grappling, Hybrid Open Palm Martial Arts Mitts, Maya Hide Leather Wrist Support, Fighting Combat Sports MMA Boxing Glove for Men Women Punching Bag Muay Thai Training\" \/>\n<meta name=\"robots\" content=\"index, follow, max-snippet:-1, max-image-preview:large, max-video-preview:-1\" \/>\n<link rel=\"canonical\" href=\"https:\/\/krcsports.com\/fi\/tuote\/mma-sparring-training-gloves\/\" \/>\n<meta property=\"og:locale\" content=\"fi_FI\" \/>\n<meta property=\"og:type\" content=\"article\" \/>\n<meta property=\"og:title\" content=\"MMA Sparring Training Gloves - trustworthy combat sports equipment manufacturer\" \/>\n<meta property=\"og:description\" content=\"MMA Sparring Training Gloves Men &amp; Women MMA Gloves for Sparring Grappling, Hybrid Open Palm Martial Arts Mitts, Maya Hide Leather Wrist Support, Fighting Combat Sports MMA Boxing Glove for Men Women Punching Bag Muay Thai Training\" \/>\n<meta property=\"og:url\" content=\"https:\/\/krcsports.com\/fi\/tuote\/mma-sparring-training-gloves\/\" \/>\n<meta property=\"og:site_name\" content=\"trustworthy combat sports equipment manufacturer\" \/>\n<meta property=\"article:publisher\" content=\"https:\/\/www.facebook.com\/people\/Krc-sports\/100063994129159\/\" \/>\n<meta property=\"article:modified_time\" content=\"2024-11-23T14:22:17+00:00\" \/>\n<meta property=\"og:image\" content=\"https:\/\/krcsports.com\/wp-content\/uploads\/2024\/09\/mma-glove-6.webp\" \/>\n\t<meta property=\"og:image:width\" content=\"640\" \/>\n\t<meta property=\"og:image:height\" content=\"640\" \/>\n\t<meta property=\"og:image:type\" content=\"image\/webp\" \/>\n<meta name=\"twitter:card\" content=\"summary_large_image\" \/>\n<meta name=\"twitter:label1\" content=\"Arvioitu lukuaika\" \/>\n\t<meta name=\"twitter:data1\" content=\"1 minuutti\" \/>\n<script type=\"application\/ld+json\" class=\"yoast-schema-graph\">{\"@context\":\"https:\/\/schema.org\",\"@graph\":[{\"@type\":\"WebPage\",\"@id\":\"https:\/\/krcsports.com\/manufacturer\/mma-sparring-training-gloves\/\",\"url\":\"https:\/\/krcsports.com\/manufacturer\/mma-sparring-training-gloves\/\",\"name\":\"MMA Sparring Training Gloves - trustworthy combat sports equipment manufacturer\",\"isPartOf\":{\"@id\":\"https:\/\/krcsports.com\/#website\"},\"primaryImageOfPage\":{\"@id\":\"https:\/\/krcsports.com\/manufacturer\/mma-sparring-training-gloves\/#primaryimage\"},\"image\":{\"@id\":\"https:\/\/krcsports.com\/manufacturer\/mma-sparring-training-gloves\/#primaryimage\"},\"thumbnailUrl\":\"https:\/\/cdn.krcsports.com\/2024\/09\/mma-glove-6.webp\",\"datePublished\":\"2024-09-09T06:52:39+00:00\",\"dateModified\":\"2024-11-23T14:22:17+00:00\",\"description\":\"MMA Sparring Training Gloves Men & Women MMA Gloves for Sparring Grappling, Hybrid Open Palm Martial Arts Mitts, Maya Hide Leather Wrist Support, Fighting Combat Sports MMA Boxing Glove for Men Women Punching Bag Muay Thai Training\",\"breadcrumb\":{\"@id\":\"https:\/\/krcsports.com\/manufacturer\/mma-sparring-training-gloves\/#breadcrumb\"},\"inLanguage\":\"fi\",\"potentialAction\":[{\"@type\":\"ReadAction\",\"target\":[\"https:\/\/krcsports.com\/manufacturer\/mma-sparring-training-gloves\/\"]}]},{\"@type\":\"ImageObject\",\"inLanguage\":\"fi\",\"@id\":\"https:\/\/krcsports.com\/manufacturer\/mma-sparring-training-gloves\/#primaryimage\",\"url\":\"https:\/\/cdn.krcsports.com\/2024\/09\/mma-glove-6.webp\",\"contentUrl\":\"https:\/\/cdn.krcsports.com\/2024\/09\/mma-glove-6.webp\",\"width\":640,\"height\":640,\"caption\":\"mma glove\"},{\"@type\":\"BreadcrumbList\",\"@id\":\"https:\/\/krcsports.com\/manufacturer\/mma-sparring-training-gloves\/#breadcrumb\",\"itemListElement\":[{\"@type\":\"ListItem\",\"position\":1,\"name\":\"Home\",\"item\":\"https:\/\/krcsports.com\/\"},{\"@type\":\"ListItem\",\"position\":2,\"name\":\"Products\",\"item\":\"https:\/\/krcsports.com\/shop\/\"},{\"@type\":\"ListItem\",\"position\":3,\"name\":\"MMA Sparring Training Gloves\"}]},{\"@type\":\"WebSite\",\"@id\":\"https:\/\/krcsports.com\/#website\",\"url\":\"https:\/\/krcsports.com\/\",\"name\":\"krc sports\",\"description\":\"\",\"publisher\":{\"@id\":\"https:\/\/krcsports.com\/#organization\"},\"potentialAction\":[{\"@type\":\"SearchAction\",\"target\":{\"@type\":\"EntryPoint\",\"urlTemplate\":\"https:\/\/krcsports.com\/?s={search_term_string}\"},\"query-input\":\"required name=search_term_string\"}],\"inLanguage\":\"fi\"},{\"@type\":\"Organization\",\"@id\":\"https:\/\/krcsports.com\/#organization\",\"name\":\"krc sports\",\"url\":\"https:\/\/krcsports.com\/\",\"logo\":{\"@type\":\"ImageObject\",\"inLanguage\":\"fi\",\"@id\":\"https:\/\/krcsports.com\/#\/schema\/logo\/image\/\",\"url\":\"https:\/\/krcsports.com\/wp-content\/uploads\/2024\/07\/logo.webp\",\"contentUrl\":\"https:\/\/krcsports.com\/wp-content\/uploads\/2024\/07\/logo.webp\",\"width\":80,\"height\":60,\"caption\":\"krc sports\"},\"image\":{\"@id\":\"https:\/\/krcsports.com\/#\/schema\/logo\/image\/\"},\"sameAs\":[\"https:\/\/www.facebook.com\/people\/Krc-sports\/100063994129159\/\"]}]}<\/script>\n<!-- \/ Yoast SEO plugin. -->","yoast_head_json":{"title":"MMA Sparring Training Gloves - luotettava taisteluurheiluv\u00e4linevalmistaja","description":"MMA Sparring -harjoitushanskat Miesten ja naisten MMA-hanskat Sparring Grapplingiin, Hybrid Open Palm Martial Arts -kivat, Maya Hide Nahkainen Rannetuki, Taistelutaistelu Urheilu MMA Nyrkkeilyhanskat miehille Naisten nyrkkeilys\u00e4kki Muay Thai Training","robots":{"index":"index","follow":"follow","max-snippet":"max-snippet:-1","max-image-preview":"max-image-preview:large","max-video-preview":"max-video-preview:-1"},"canonical":"https:\/\/krcsports.com\/fi\/tuote\/mma-sparring-training-gloves\/","og_locale":"fi_FI","og_type":"article","og_title":"MMA Sparring Training Gloves - trustworthy combat sports equipment manufacturer","og_description":"MMA Sparring Training Gloves Men & Women MMA Gloves for Sparring Grappling, Hybrid Open Palm Martial Arts Mitts, Maya Hide Leather Wrist Support, Fighting Combat Sports MMA Boxing Glove for Men Women Punching Bag Muay Thai Training","og_url":"https:\/\/krcsports.com\/fi\/tuote\/mma-sparring-training-gloves\/","og_site_name":"trustworthy combat sports equipment manufacturer","article_publisher":"https:\/\/www.facebook.com\/people\/Krc-sports\/100063994129159\/","article_modified_time":"2024-11-23T14:22:17+00:00","og_image":[{"width":640,"height":640,"url":"https:\/\/krcsports.com\/wp-content\/uploads\/2024\/09\/mma-glove-6.webp","type":"image\/webp"}],"twitter_card":"summary_large_image","twitter_misc":{"Arvioitu lukuaika":"1 minuutti"},"schema":{"@context":"https:\/\/schema.org","@graph":[{"@type":"WebPage","@id":"https:\/\/krcsports.com\/manufacturer\/mma-sparring-training-gloves\/","url":"https:\/\/krcsports.com\/manufacturer\/mma-sparring-training-gloves\/","name":"MMA Sparring Training Gloves - luotettava taisteluurheiluv\u00e4linevalmistaja","isPartOf":{"@id":"https:\/\/krcsports.com\/#website"},"primaryImageOfPage":{"@id":"https:\/\/krcsports.com\/manufacturer\/mma-sparring-training-gloves\/#primaryimage"},"image":{"@id":"https:\/\/krcsports.com\/manufacturer\/mma-sparring-training-gloves\/#primaryimage"},"thumbnailUrl":"https:\/\/cdn.krcsports.com\/2024\/09\/mma-glove-6.webp","datePublished":"2024-09-09T06:52:39+00:00","dateModified":"2024-11-23T14:22:17+00:00","description":"MMA Sparring -harjoitushanskat Miesten ja naisten MMA-hanskat Sparring Grapplingiin, Hybrid Open Palm Martial Arts -kivat, Maya Hide Nahkainen Rannetuki, Taistelutaistelu Urheilu MMA Nyrkkeilyhanskat miehille Naisten nyrkkeilys\u00e4kki Muay Thai Training","breadcrumb":{"@id":"https:\/\/krcsports.com\/manufacturer\/mma-sparring-training-gloves\/#breadcrumb"},"inLanguage":"fi","potentialAction":[{"@type":"ReadAction","target":["https:\/\/krcsports.com\/manufacturer\/mma-sparring-training-gloves\/"]}]},{"@type":"ImageObject","inLanguage":"fi","@id":"https:\/\/krcsports.com\/manufacturer\/mma-sparring-training-gloves\/#primaryimage","url":"https:\/\/cdn.krcsports.com\/2024\/09\/mma-glove-6.webp","contentUrl":"https:\/\/cdn.krcsports.com\/2024\/09\/mma-glove-6.webp","width":640,"height":640,"caption":"mma glove"},{"@type":"BreadcrumbList","@id":"https:\/\/krcsports.com\/manufacturer\/mma-sparring-training-gloves\/#breadcrumb","itemListElement":[{"@type":"ListItem","position":1,"name":"Home","item":"https:\/\/krcsports.com\/"},{"@type":"ListItem","position":2,"name":"Products","item":"https:\/\/krcsports.com\/shop\/"},{"@type":"ListItem","position":3,"name":"MMA Sparring Training Gloves"}]},{"@type":"WebSite","@id":"https:\/\/krcsports.com\/#website","url":"https:\/\/krcsports.com\/","name":"krc urheilu","description":"","publisher":{"@id":"https:\/\/krcsports.com\/#organization"},"potentialAction":[{"@type":"SearchAction","target":{"@type":"EntryPoint","urlTemplate":"https:\/\/krcsports.com\/?s={search_term_string}"},"query-input":"required name=search_term_string"}],"inLanguage":"fi"},{"@type":"Organization","@id":"https:\/\/krcsports.com\/#organization","name":"krc urheilu","url":"https:\/\/krcsports.com\/","logo":{"@type":"ImageObject","inLanguage":"fi","@id":"https:\/\/krcsports.com\/#\/schema\/logo\/image\/","url":"https:\/\/krcsports.com\/wp-content\/uploads\/2024\/07\/logo.webp","contentUrl":"https:\/\/krcsports.com\/wp-content\/uploads\/2024\/07\/logo.webp","width":80,"height":60,"caption":"krc sports"},"image":{"@id":"https:\/\/krcsports.com\/#\/schema\/logo\/image\/"},"sameAs":["https:\/\/www.facebook.com\/people\/Krc-sports\/100063994129159\/"]}]}},"_links":{"self":[{"href":"https:\/\/krcsports.com\/fi\/wp-json\/wp\/v2\/product\/2073","targetHints":{"allow":["GET"]}}],"collection":[{"href":"https:\/\/krcsports.com\/fi\/wp-json\/wp\/v2\/product"}],"about":[{"href":"https:\/\/krcsports.com\/fi\/wp-json\/wp\/v2\/types\/product"}],"wp:featuredmedia":[{"embeddable":true,"href":"https:\/\/krcsports.com\/fi\/wp-json\/wp\/v2\/media\/2079"}],"wp:attachment":[{"href":"https:\/\/krcsports.com\/fi\/wp-json\/wp\/v2\/media?parent=2073"}],"wp:term":[{"taxonomy":"product_cat","embeddable":true,"href":"https:\/\/krcsports.com\/fi\/wp-json\/wp\/v2\/product_cat?post=2073"},{"taxonomy":"product_tag","embeddable":true,"href":"https:\/\/krcsports.com\/fi\/wp-json\/wp\/v2\/product_tag?post=2073"}],"curies":[{"name":"wp","href":"https:\/\/api.w.org\/{rel}","templated":true}]}}