{"id":1944,"date":"2024-08-26T08:21:22","date_gmt":"2024-08-26T08:21:22","guid":{"rendered":"https:\/\/krcsports.com\/?post_type=product&#038;p=1944"},"modified":"2024-12-01T10:35:59","modified_gmt":"2024-12-01T10:35:59","slug":"martial-arts-uniform","status":"publish","type":"product","link":"https:\/\/krcsports.com\/fi\/manufacturer\/martial-arts-uniform\/","title":{"rendered":"taistelulajien univormu"},"content":{"rendered":"<ul class=\"a-unordered-list a-vertical a-spacing-small\">\n<li><span class=\"a-list-item a-size-base a-color-base\">kamppailulajeissa yhten\u00e4inen kangas tuntuu mukavalta, imukykyinen hengitt\u00e4v\u00e4, helppo j\u00e4rjest\u00e4\u00e4 ja kulutusta kest\u00e4v\u00e4 ja kest\u00e4v\u00e4.<\/span><\/li>\n<\/ul>\n<p>\u00a0<\/p>\n<ul class=\"a-unordered-list a-vertical a-spacing-small\">\n<li><span class=\"a-list-item a-size-base a-color-base\">univormut ovat ihanteellisia naisille ja miehille. Voidaan k\u00e4ytt\u00e4\u00e4 nyrkkeilyyn, Sandaan, Muay Thaiiin ja niin edelleen.<\/span><\/li>\n<\/ul>\n<p>\u00a0<\/p>\n<ul class=\"a-unordered-list a-vertical a-spacing-small\">\n<li><span class=\"a-list-item a-size-base a-color-base\">\u00a0Hyv\u00e4 harjoittelu, erityisesti kardiotreeni, auttaa poistamaan stressi\u00e4. Ja se tekee hyv\u00e4\u00e4 my\u00f6s syd\u00e4melle. Lis\u00e4ksi nyrkkeilyn harjoittelu pakottaa sinut keskittym\u00e4\u00e4n t\u00e4ss\u00e4 ja nyt, ei ongelmiisi.<\/span><\/li>\n<\/ul>\n<p>\u00a0<\/p>\n<ul class=\"a-unordered-list a-vertical a-spacing-small\">\n<li><span class=\"a-list-item a-size-base a-color-base\">\u00a0Valmistus hyvin, ompele turvallisesti, kauluksen ja mansetin suunnittelu ei ole sidottu liikett\u00e4.<\/span><\/li>\n<\/ul>\n<p>\u00a0<\/p>\n<ul class=\"a-unordered-list a-vertical a-spacing-small\">\n<li><span class=\"a-list-item a-size-base a-color-base\">Ne ovat pehmeit\u00e4 ja tyylikk\u00e4it\u00e4. Nyrkkeilyharjoittelussa univormu saa harjoittajan tuntemaan olonsa mukavaksi ja t\u00e4ytt\u00e4\u00e4 nyrkkeilyharjoittelun vaatimukset<\/span><\/li>\n<\/ul>","protected":false},"excerpt":{"rendered":"<p>Valmistettu joustavasta kankaasta, mukava ja hengitt\u00e4v\u00e4 p\u00e4\u00e4ll\u00e4<br \/>\nVy\u00f6t\u00e4r\u00f6nauha on kiristett\u00e4v\u00e4, s\u00e4\u00e4dett\u00e4v\u00e4 ja sit\u00e4 ei ole helppo irrottaa<br \/>\nSivuhalkomuoto, helppo nostaa jalkaa eik\u00e4 rajoita nyrkkeily\u00e4si<br \/>\nKoot 3XS - 5XL, saatavilla lapsille ja aikuisille<\/p>","protected":false},"featured_media":2489,"template":"","meta":[],"product_cat":[47,43],"product_tag":[],"class_list":{"0":"post-1944","1":"product","2":"type-product","3":"status-publish","4":"has-post-thumbnail","6":"product_cat-martial-arts-uniforms","7":"product_cat-boxing-apparel","9":"first","10":"instock","11":"shipping-taxable","12":"product-type-simple"},"yoast_head":"<!-- This site is optimized with the Yoast SEO plugin v22.7 - https:\/\/yoast.com\/wordpress\/plugins\/seo\/ -->\n<title>martial arts uniform - trustworthy combat sports equipment manufacturer<\/title>\n<meta name=\"description\" content=\"Sanda Suit Children Adult Boxing Competition Suit Muay Thai Training Boxing Shorts Adult Unisex Muay Thai Boxing Shorts Suit MMA Kick Boxing uniform\" \/>\n<meta name=\"robots\" content=\"index, follow, max-snippet:-1, max-image-preview:large, max-video-preview:-1\" \/>\n<link rel=\"canonical\" href=\"https:\/\/krcsports.com\/fi\/tuote\/martial-arts-uniform\/\" \/>\n<meta property=\"og:locale\" content=\"fi_FI\" \/>\n<meta property=\"og:type\" content=\"article\" \/>\n<meta property=\"og:title\" content=\"martial arts uniform - trustworthy combat sports equipment manufacturer\" \/>\n<meta property=\"og:description\" content=\"Sanda Suit Children Adult Boxing Competition Suit Muay Thai Training Boxing Shorts Adult Unisex Muay Thai Boxing Shorts Suit MMA Kick Boxing uniform\" \/>\n<meta property=\"og:url\" content=\"https:\/\/krcsports.com\/fi\/tuote\/martial-arts-uniform\/\" \/>\n<meta property=\"og:site_name\" content=\"trustworthy combat sports equipment manufacturer\" \/>\n<meta property=\"article:publisher\" content=\"https:\/\/www.facebook.com\/people\/Krc-sports\/100063994129159\/\" \/>\n<meta property=\"article:modified_time\" content=\"2024-12-01T10:35:59+00:00\" \/>\n<meta property=\"og:image\" content=\"https:\/\/krcsports.com\/wp-content\/uploads\/2024\/08\/wushu-uniform6.webp\" \/>\n\t<meta property=\"og:image:width\" content=\"790\" \/>\n\t<meta property=\"og:image:height\" content=\"804\" \/>\n\t<meta property=\"og:image:type\" content=\"image\/webp\" \/>\n<meta name=\"twitter:card\" content=\"summary_large_image\" \/>\n<meta name=\"twitter:label1\" content=\"Arvioitu lukuaika\" \/>\n\t<meta name=\"twitter:data1\" content=\"1 minuutti\" \/>\n<script type=\"application\/ld+json\" class=\"yoast-schema-graph\">{\"@context\":\"https:\/\/schema.org\",\"@graph\":[{\"@type\":\"WebPage\",\"@id\":\"https:\/\/krcsports.com\/manufacturer\/martial-arts-uniform\/\",\"url\":\"https:\/\/krcsports.com\/manufacturer\/martial-arts-uniform\/\",\"name\":\"martial arts uniform - trustworthy combat sports equipment manufacturer\",\"isPartOf\":{\"@id\":\"https:\/\/krcsports.com\/#website\"},\"primaryImageOfPage\":{\"@id\":\"https:\/\/krcsports.com\/manufacturer\/martial-arts-uniform\/#primaryimage\"},\"image\":{\"@id\":\"https:\/\/krcsports.com\/manufacturer\/martial-arts-uniform\/#primaryimage\"},\"thumbnailUrl\":\"https:\/\/cdn.krcsports.com\/2024\/08\/wushu-uniform6.webp\",\"datePublished\":\"2024-08-26T08:21:22+00:00\",\"dateModified\":\"2024-12-01T10:35:59+00:00\",\"description\":\"Sanda Suit Children Adult Boxing Competition Suit Muay Thai Training Boxing Shorts Adult Unisex Muay Thai Boxing Shorts Suit MMA Kick Boxing uniform\",\"breadcrumb\":{\"@id\":\"https:\/\/krcsports.com\/manufacturer\/martial-arts-uniform\/#breadcrumb\"},\"inLanguage\":\"fi\",\"potentialAction\":[{\"@type\":\"ReadAction\",\"target\":[\"https:\/\/krcsports.com\/manufacturer\/martial-arts-uniform\/\"]}]},{\"@type\":\"ImageObject\",\"inLanguage\":\"fi\",\"@id\":\"https:\/\/krcsports.com\/manufacturer\/martial-arts-uniform\/#primaryimage\",\"url\":\"https:\/\/cdn.krcsports.com\/2024\/08\/wushu-uniform6.webp\",\"contentUrl\":\"https:\/\/cdn.krcsports.com\/2024\/08\/wushu-uniform6.webp\",\"width\":790,\"height\":804,\"caption\":\"wushu uniform\"},{\"@type\":\"BreadcrumbList\",\"@id\":\"https:\/\/krcsports.com\/manufacturer\/martial-arts-uniform\/#breadcrumb\",\"itemListElement\":[{\"@type\":\"ListItem\",\"position\":1,\"name\":\"Home\",\"item\":\"https:\/\/krcsports.com\/\"},{\"@type\":\"ListItem\",\"position\":2,\"name\":\"Products\",\"item\":\"https:\/\/krcsports.com\/shop\/\"},{\"@type\":\"ListItem\",\"position\":3,\"name\":\"martial arts uniform\"}]},{\"@type\":\"WebSite\",\"@id\":\"https:\/\/krcsports.com\/#website\",\"url\":\"https:\/\/krcsports.com\/\",\"name\":\"krc sports\",\"description\":\"\",\"publisher\":{\"@id\":\"https:\/\/krcsports.com\/#organization\"},\"potentialAction\":[{\"@type\":\"SearchAction\",\"target\":{\"@type\":\"EntryPoint\",\"urlTemplate\":\"https:\/\/krcsports.com\/?s={search_term_string}\"},\"query-input\":\"required name=search_term_string\"}],\"inLanguage\":\"fi\"},{\"@type\":\"Organization\",\"@id\":\"https:\/\/krcsports.com\/#organization\",\"name\":\"krc sports\",\"url\":\"https:\/\/krcsports.com\/\",\"logo\":{\"@type\":\"ImageObject\",\"inLanguage\":\"fi\",\"@id\":\"https:\/\/krcsports.com\/#\/schema\/logo\/image\/\",\"url\":\"https:\/\/krcsports.com\/wp-content\/uploads\/2024\/07\/logo.webp\",\"contentUrl\":\"https:\/\/krcsports.com\/wp-content\/uploads\/2024\/07\/logo.webp\",\"width\":80,\"height\":60,\"caption\":\"krc sports\"},\"image\":{\"@id\":\"https:\/\/krcsports.com\/#\/schema\/logo\/image\/\"},\"sameAs\":[\"https:\/\/www.facebook.com\/people\/Krc-sports\/100063994129159\/\"]}]}<\/script>\n<!-- \/ Yoast SEO plugin. -->","yoast_head_json":{"title":"kamppailulajipuku - luotettava taisteluurheiluv\u00e4linevalmistaja","description":"Sanda Suit Lasten Aikuisten Nyrkkeilypuku Muay Thai Training Nyrkkeilyshortsit Aikuisten Unisex Muay Thai Nyrkkeilyshortsit Puku MMA Potkunyrkkeilypuku","robots":{"index":"index","follow":"follow","max-snippet":"max-snippet:-1","max-image-preview":"max-image-preview:large","max-video-preview":"max-video-preview:-1"},"canonical":"https:\/\/krcsports.com\/fi\/tuote\/martial-arts-uniform\/","og_locale":"fi_FI","og_type":"article","og_title":"martial arts uniform - trustworthy combat sports equipment manufacturer","og_description":"Sanda Suit Children Adult Boxing Competition Suit Muay Thai Training Boxing Shorts Adult Unisex Muay Thai Boxing Shorts Suit MMA Kick Boxing uniform","og_url":"https:\/\/krcsports.com\/fi\/tuote\/martial-arts-uniform\/","og_site_name":"trustworthy combat sports equipment manufacturer","article_publisher":"https:\/\/www.facebook.com\/people\/Krc-sports\/100063994129159\/","article_modified_time":"2024-12-01T10:35:59+00:00","og_image":[{"width":790,"height":804,"url":"https:\/\/krcsports.com\/wp-content\/uploads\/2024\/08\/wushu-uniform6.webp","type":"image\/webp"}],"twitter_card":"summary_large_image","twitter_misc":{"Arvioitu lukuaika":"1 minuutti"},"schema":{"@context":"https:\/\/schema.org","@graph":[{"@type":"WebPage","@id":"https:\/\/krcsports.com\/manufacturer\/martial-arts-uniform\/","url":"https:\/\/krcsports.com\/manufacturer\/martial-arts-uniform\/","name":"kamppailulajipuku - luotettava taisteluurheiluv\u00e4linevalmistaja","isPartOf":{"@id":"https:\/\/krcsports.com\/#website"},"primaryImageOfPage":{"@id":"https:\/\/krcsports.com\/manufacturer\/martial-arts-uniform\/#primaryimage"},"image":{"@id":"https:\/\/krcsports.com\/manufacturer\/martial-arts-uniform\/#primaryimage"},"thumbnailUrl":"https:\/\/cdn.krcsports.com\/2024\/08\/wushu-uniform6.webp","datePublished":"2024-08-26T08:21:22+00:00","dateModified":"2024-12-01T10:35:59+00:00","description":"Sanda Suit Lasten Aikuisten Nyrkkeilypuku Muay Thai Training Nyrkkeilyshortsit Aikuisten Unisex Muay Thai Nyrkkeilyshortsit Puku MMA Potkunyrkkeilypuku","breadcrumb":{"@id":"https:\/\/krcsports.com\/manufacturer\/martial-arts-uniform\/#breadcrumb"},"inLanguage":"fi","potentialAction":[{"@type":"ReadAction","target":["https:\/\/krcsports.com\/manufacturer\/martial-arts-uniform\/"]}]},{"@type":"ImageObject","inLanguage":"fi","@id":"https:\/\/krcsports.com\/manufacturer\/martial-arts-uniform\/#primaryimage","url":"https:\/\/cdn.krcsports.com\/2024\/08\/wushu-uniform6.webp","contentUrl":"https:\/\/cdn.krcsports.com\/2024\/08\/wushu-uniform6.webp","width":790,"height":804,"caption":"wushu uniform"},{"@type":"BreadcrumbList","@id":"https:\/\/krcsports.com\/manufacturer\/martial-arts-uniform\/#breadcrumb","itemListElement":[{"@type":"ListItem","position":1,"name":"Home","item":"https:\/\/krcsports.com\/"},{"@type":"ListItem","position":2,"name":"Products","item":"https:\/\/krcsports.com\/shop\/"},{"@type":"ListItem","position":3,"name":"martial arts uniform"}]},{"@type":"WebSite","@id":"https:\/\/krcsports.com\/#website","url":"https:\/\/krcsports.com\/","name":"krc urheilu","description":"","publisher":{"@id":"https:\/\/krcsports.com\/#organization"},"potentialAction":[{"@type":"SearchAction","target":{"@type":"EntryPoint","urlTemplate":"https:\/\/krcsports.com\/?s={search_term_string}"},"query-input":"required name=search_term_string"}],"inLanguage":"fi"},{"@type":"Organization","@id":"https:\/\/krcsports.com\/#organization","name":"krc urheilu","url":"https:\/\/krcsports.com\/","logo":{"@type":"ImageObject","inLanguage":"fi","@id":"https:\/\/krcsports.com\/#\/schema\/logo\/image\/","url":"https:\/\/krcsports.com\/wp-content\/uploads\/2024\/07\/logo.webp","contentUrl":"https:\/\/krcsports.com\/wp-content\/uploads\/2024\/07\/logo.webp","width":80,"height":60,"caption":"krc sports"},"image":{"@id":"https:\/\/krcsports.com\/#\/schema\/logo\/image\/"},"sameAs":["https:\/\/www.facebook.com\/people\/Krc-sports\/100063994129159\/"]}]}},"_links":{"self":[{"href":"https:\/\/krcsports.com\/fi\/wp-json\/wp\/v2\/product\/1944","targetHints":{"allow":["GET"]}}],"collection":[{"href":"https:\/\/krcsports.com\/fi\/wp-json\/wp\/v2\/product"}],"about":[{"href":"https:\/\/krcsports.com\/fi\/wp-json\/wp\/v2\/types\/product"}],"wp:featuredmedia":[{"embeddable":true,"href":"https:\/\/krcsports.com\/fi\/wp-json\/wp\/v2\/media\/2489"}],"wp:attachment":[{"href":"https:\/\/krcsports.com\/fi\/wp-json\/wp\/v2\/media?parent=1944"}],"wp:term":[{"taxonomy":"product_cat","embeddable":true,"href":"https:\/\/krcsports.com\/fi\/wp-json\/wp\/v2\/product_cat?post=1944"},{"taxonomy":"product_tag","embeddable":true,"href":"https:\/\/krcsports.com\/fi\/wp-json\/wp\/v2\/product_tag?post=1944"}],"curies":[{"name":"wp","href":"https:\/\/api.w.org\/{rel}","templated":true}]}}