{"id":1934,"date":"2024-08-25T11:54:54","date_gmt":"2024-08-25T11:54:54","guid":{"rendered":"https:\/\/krcsports.com\/?post_type=product&#038;p=1934"},"modified":"2024-10-13T14:47:39","modified_gmt":"2024-10-13T14:47:39","slug":"boxing-clothes","status":"publish","type":"product","link":"https:\/\/krcsports.com\/fi\/manufacturer\/boxing-clothes\/","title":{"rendered":"r\u00e4\u00e4t\u00e4l\u00f6ityj\u00e4 nyrkkeilyvaatteita"},"content":{"rendered":"<p>\u3010Uusi Professional-sarja \u2013 r\u00e4\u00e4t\u00e4l\u00f6ity nyrkkeilyvaatteiden muotoilu kokea eritt\u00e4in kevyt materiaali nelisuuntaiseen kehon liikkeeseen\u3011<\/p>\n<p>\u3010Erinomainen liikkuvuus eritt\u00e4in joustavan ja pehme\u00e4n edistyneen materiaalin ansiosta. Perinteiset mallit ja v\u00e4rit\u3011<\/p>\n<p>\u3010Uusi kevyt materiaali siirt\u00e4\u00e4 kosteutta helposti ja nopeasti ja pit\u00e4\u00e4 alavartalon viile\u00e4n\u00e4 ja stressitt\u00f6m\u00e4n\u00e4\u3011<\/p>\n<p>\u3010Elastinen vy\u00f6t\u00e4r\u00f6nauha tukee selk\u00e4\u00e4 \u2013 paranneltu joustava vy\u00f6t\u00e4r\u00f6nauhamateriaali tarjoaa ihanteellisen istuvuuden ja mukavuuden harjoittelun aikana\u3011<\/p>\n<p>\u3010Kest\u00e4v\u00e4 T3-ompelu takaa \u00e4\u00e4rimm\u00e4isen voiman ja vapauden.\u3011<\/p>\n<h2>Meid\u00e4n sertifikaattimme<\/h2>\n\t<div class=\"img has-hover x md-x lg-x y md-y lg-y\" id=\"image_1289937148\">\n\t\t\t\t\t\t\t\t<div class=\"img-inner dark\" >\n\t\t\t<img loading=\"lazy\" decoding=\"async\" width=\"1020\" height=\"316\" src=\"https:\/\/cdn.krcsports.com\/2024\/07\/certification070-1-1024x317.webp\" class=\"attachment-large size-large wp-image-1633\" alt=\"todistus\" srcset=\"https:\/\/cdn.krcsports.com\/2024\/07\/certification070-1-1024x317.webp 1024w, https:\/\/cdn.krcsports.com\/2024\/07\/certification070-1-300x93.webp 300w, https:\/\/cdn.krcsports.com\/2024\/07\/certification070-1-768x238.webp 768w, https:\/\/cdn.krcsports.com\/2024\/07\/certification070-1-1536x475.webp 1536w, https:\/\/cdn.krcsports.com\/2024\/07\/certification070-1-18x6.webp 18w, https:\/\/cdn.krcsports.com\/2024\/07\/certification070-1-600x186.webp 600w, https:\/\/cdn.krcsports.com\/2024\/07\/certification070-1.webp 1625w\" sizes=\"auto, (max-width: 1020px) 100vw, 1020px\" \/>\t\t\t\t\t\t\n\t\t\t\t\t<\/div>\n\t\t\t\t\t\t\t\t\n<style>\n#image_1289937148 {\n  width: 100%;\n}\n<\/style>\n\t<\/div>\n\t\n\n<h2>Tehtaamme on BSCI:n hyv\u00e4ksym\u00e4<\/h2>\n<h2>\u00a0<\/h2>\n\t<div class=\"img has-hover x md-x lg-x y md-y lg-y\" id=\"image_1435768411\">\n\t\t\t\t\t\t\t\t<div class=\"img-inner dark\" >\n\t\t\t<img loading=\"lazy\" decoding=\"async\" width=\"850\" height=\"1100\" src=\"https:\/\/cdn.krcsports.com\/2024\/07\/BSCI-SummaryAuditReportforall_21-41.webp\" class=\"attachment-original size-original wp-image-1634\" alt=\"BSCI yhteenveto\" srcset=\"https:\/\/cdn.krcsports.com\/2024\/07\/BSCI-SummaryAuditReportforall_21-41.webp 850w, https:\/\/cdn.krcsports.com\/2024\/07\/BSCI-SummaryAuditReportforall_21-41-232x300.webp 232w, https:\/\/cdn.krcsports.com\/2024\/07\/BSCI-SummaryAuditReportforall_21-41-791x1024.webp 791w, https:\/\/cdn.krcsports.com\/2024\/07\/BSCI-SummaryAuditReportforall_21-41-768x994.webp 768w, https:\/\/cdn.krcsports.com\/2024\/07\/BSCI-SummaryAuditReportforall_21-41-9x12.webp 9w, https:\/\/cdn.krcsports.com\/2024\/07\/BSCI-SummaryAuditReportforall_21-41-600x776.webp 600w\" sizes=\"auto, (max-width: 850px) 100vw, 850px\" \/>\t\t\t\t\t\t\n\t\t\t\t\t<\/div>\n\t\t\t\t\t\t\t\t\n<style>\n#image_1435768411 {\n  width: 100%;\n}\n<\/style>\n\t<\/div>\n\t\n\n\t<div class=\"img has-hover x md-x lg-x y md-y lg-y\" id=\"image_1897881163\">\n\t\t\t\t\t\t\t\t<div class=\"img-inner dark\" >\n\t\t\t<img loading=\"lazy\" decoding=\"async\" width=\"745\" height=\"364\" src=\"https:\/\/cdn.krcsports.com\/2024\/10\/Sports-manufacture1.webp\" class=\"attachment-original size-original wp-image-2862\" alt=\"valmistaja\" srcset=\"https:\/\/cdn.krcsports.com\/2024\/10\/Sports-manufacture1.webp 745w, https:\/\/cdn.krcsports.com\/2024\/10\/Sports-manufacture1-300x147.webp 300w, https:\/\/cdn.krcsports.com\/2024\/10\/Sports-manufacture1-18x9.webp 18w, https:\/\/cdn.krcsports.com\/2024\/10\/Sports-manufacture1-600x293.webp 600w\" sizes=\"auto, (max-width: 745px) 100vw, 745px\" \/>\t\t\t\t\t\t\n\t\t\t\t\t<\/div>\n\t\t\t\t\t\t\t\t\n<style>\n#image_1897881163 {\n  width: 100%;\n}\n<\/style>\n\t<\/div>\n\t\n\n\t<section class=\"section\" id=\"section_1687274079\">\n\t\t<div class=\"bg section-bg fill bg-fill  bg-loaded\" >\n\n\t\t\t\n\t\t\t\n\t\t\t\n\n\t\t<\/div>\n\n\t\t\n\n\t\t<div class=\"section-content relative\">\n\t\t\t\n\n<h2>Ammattitaitoinen tiimimme<\/h2>\n\n\t\t<\/div>\n\n\t\t\n<style>\n#section_1687274079 {\n  padding-top: 30px;\n  padding-bottom: 30px;\n}\n<\/style>\n\t<\/section>\n\t\n\t<section class=\"section\" id=\"section_759032502\">\n\t\t<div class=\"bg section-bg fill bg-fill  bg-loaded\" >\n\n\t\t\t\n\t\t\t\n\t\t\t\n\n\t\t<\/div>\n\n\t\t\n\n\t\t<div class=\"section-content relative\">\n\t\t\t\n\n\t<div class=\"img has-hover x md-x lg-x y md-y lg-y\" id=\"image_1847070471\">\n\t\t\t\t\t\t\t\t<div class=\"img-inner dark\" >\n\t\t\t<img loading=\"lazy\" decoding=\"async\" width=\"493\" height=\"301\" src=\"https:\/\/cdn.krcsports.com\/2024\/10\/team002.webp\" class=\"attachment-large size-large wp-image-2863\" alt=\"joukkue\" srcset=\"https:\/\/cdn.krcsports.com\/2024\/10\/team002.webp 493w, https:\/\/cdn.krcsports.com\/2024\/10\/team002-300x183.webp 300w, https:\/\/cdn.krcsports.com\/2024\/10\/team002-18x12.webp 18w\" sizes=\"auto, (max-width: 493px) 100vw, 493px\" \/>\t\t\t\t\t\t\n\t\t\t\t\t<\/div>\n\t\t\t\t\t\t\t\t\n<style>\n#image_1847070471 {\n  width: 100%;\n}\n<\/style>\n\t<\/div>\n\t\n\n\n\t\t<\/div>\n\n\t\t\n<style>\n#section_759032502 {\n  padding-top: 30px;\n  padding-bottom: 30px;\n}\n<\/style>\n\t<\/section>\n\t\n\t<section class=\"section\" id=\"section_1308848958\">\n\t\t<div class=\"bg section-bg fill bg-fill  bg-loaded\" >\n\n\t\t\t\n\t\t\t\n\t\t\t\n\n\t\t<\/div>\n\n\t\t\n\n\t\t<div class=\"section-content relative\">\n\t\t\t\n\n\t<div class=\"img has-hover x md-x lg-x y md-y lg-y\" id=\"image_449819798\">\n\t\t\t\t\t\t\t\t<div class=\"img-inner dark\" >\n\t\t\t<img loading=\"lazy\" decoding=\"async\" width=\"1020\" height=\"466\" src=\"https:\/\/cdn.krcsports.com\/2024\/10\/exhibition1-1024x468.webp\" class=\"attachment-large size-large wp-image-2864\" alt=\"n\u00e4yttely\" srcset=\"https:\/\/cdn.krcsports.com\/2024\/10\/exhibition1-1024x468.webp 1024w, https:\/\/cdn.krcsports.com\/2024\/10\/exhibition1-300x137.webp 300w, https:\/\/cdn.krcsports.com\/2024\/10\/exhibition1-768x351.webp 768w, https:\/\/cdn.krcsports.com\/2024\/10\/exhibition1-18x8.webp 18w, https:\/\/cdn.krcsports.com\/2024\/10\/exhibition1-600x274.webp 600w, https:\/\/cdn.krcsports.com\/2024\/10\/exhibition1.webp 1200w\" sizes=\"auto, (max-width: 1020px) 100vw, 1020px\" \/>\t\t\t\t\t\t\n\t\t\t\t\t<\/div>\n\t\t\t\t\t\t\t\t\n<style>\n#image_449819798 {\n  width: 100%;\n}\n<\/style>\n\t<\/div>\n\t\n\n\n\t\t<\/div>\n\n\t\t\n<style>\n#section_1308848958 {\n  padding-top: 30px;\n  padding-bottom: 30px;\n}\n<\/style>\n\t<\/section>\n\t\n<p>\n\n<div class=\"wpcf7 no-js\" id=\"wpcf7-f5-o1\" lang=\"en-US\" dir=\"ltr\">\n<div class=\"screen-reader-response\"><p role=\"status\" aria-live=\"polite\" aria-atomic=\"true\"><\/p> <ul><\/ul><\/div>\n<form action=\"\/fi\/wp-json\/wp\/v2\/product\/1934#wpcf7-f5-o1\" method=\"post\" class=\"wpcf7-form init\" aria-label=\"Yhteydenottolomake\" novalidate=\"novalidate\" data-status=\"init\" data-trp-original-action=\"\/fi\/wp-json\/wp\/v2\/product\/1934#wpcf7-f5-o1\">\n<div style=\"display: none;\">\n<input type=\"hidden\" name=\"_wpcf7\" value=\"5\" \/>\n<input type=\"hidden\" name=\"_wpcf7_version\" value=\"5.9.5\" \/>\n<input type=\"hidden\" name=\"_wpcf7_locale\" value=\"en_US\" \/>\n<input type=\"hidden\" name=\"_wpcf7_unit_tag\" value=\"wpcf7-f5-o1\" \/>\n<input type=\"hidden\" name=\"_wpcf7_container_post\" value=\"0\" \/>\n<input type=\"hidden\" name=\"_wpcf7_posted_data_hash\" value=\"\" \/>\n<\/div>\n<div class='custom_contact_style'>\n\t<p><label> Sinun nimesi<br \/>\n<span class=\"wpcf7-form-control-wrap\" data-name=\"your-name\"><input size=\"40\" class=\"wpcf7-form-control wpcf7-text wpcf7-validates-as-required\" autocomplete=\"name\" aria-required=\"true\" aria-invalid=\"false\" value=\"\" type=\"text\" name=\"your-name\" \/><\/span> <\/label>\n\t<\/p>\n\t<p><label> S\u00e4hk\u00f6postisi<br \/>\n<span class=\"wpcf7-form-control-wrap\" data-name=\"your-email\"><input size=\"40\" class=\"wpcf7-form-control wpcf7-email wpcf7-validates-as-required wpcf7-text wpcf7-validates-as-email\" autocomplete=\"email\" aria-required=\"true\" aria-invalid=\"false\" value=\"\" type=\"email\" name=\"your-email\" \/><\/span> <\/label>\n\t<\/p>\n\t<p><label> Viestisi (valinnainen)<br \/>\n<span class=\"wpcf7-form-control-wrap\" data-name=\"your-message\"><textarea cols=\"40\" rows=\"10\" class=\"wpcf7-form-control wpcf7-textarea\" aria-invalid=\"false\" name=\"your-message\"><\/textarea><\/span> <\/label>\n\t<\/p>\n\t<div style=\"margin-bottom:10px;\">\n\t\t<p><span class=\"wpcf7-form-control-wrap kc_captcha cf7ic-toggle\" data-name=\"kc_captcha\"><span class=\"wpcf7-form-control wpcf7-radio\"><span class=\"captcha-image\" style=\"display: none;\"><span class=\"cf7ic_instructions\">Todista olevasi ihminen valitsemalla<span> kone<\/span>.<\/span><label><input type=\"radio\" name=\"kc_captcha\" value=\"bot\" \/><svg width=\"50\" height=\"50\" aria-hidden=\"true\" role=\"img\" xmlns=\"http:\/\/www.w3.org\/2000\/svg\" viewbox=\"0 0 576 512\"><path fill=\"currentColor\" d=\"M415 24c-53 0-103 42-127 65-24-23-74-65-127-65C70 24 16 77 16 166c0 72 67 133 69 135l187 181c9 8 23 8 32 0l187-180c2-3 69-64 69-136 0-89-54-142-145-142z\"\/><\/svg><\/label><label><input type=\"radio\" name=\"kc_captcha\" value=\"bot\" \/><svg width=\"50\" height=\"50\" aria-hidden=\"true\" role=\"img\" xmlns=\"http:\/\/www.w3.org\/2000\/svg\" viewbox=\"0 0 512 512\"><path fill=\"currentColor\" d=\"M500 168h-55l-8-21a127 127 0 00-120-83H195a127 127 0 00-120 83l-8 21H12c-8 0-14 8-11 16l8 24a12 12 0 0011 8h29a64 64 0 00-33 56v48c0 16 6 31 16 42v62c0 13 11 24 24 24h48c13 0 24-11 24-24v-40h256v40c0 13 11 24 24 24h48c13 0 24-11 24-24v-62c10-11 16-26 16-42v-48c0-24-13-45-33-56h29a12 12 0 0011-8l8-24c3-8-3-16-11-16zm-365 2c9-25 33-42 60-42h122c27 0 51 17 60 42l15 38H120l15-38zM88 328a32 32 0 010-64c18 0 48 30 48 48s-30 16-48 16zm336 0c-18 0-48 2-48-16s30-48 48-48 32 14 32 32-14 32-32 32z\"\/><\/svg><\/label><label><input type=\"radio\" name=\"kc_captcha\" value=\"kc_human\" \/><svg width=\"50\" height=\"50\" aria-hidden=\"true\" role=\"img\" xmlns=\"http:\/\/www.w3.org\/2000\/svg\" viewbox=\"0 0 576 512\"><path fill=\"currentColor\" d=\"M472 200H360L256 6a12 12 0 00-10-6h-58c-8 0-14 7-12 15l34 185H100l-35-58a12 12 0 00-10-6H12c-8 0-13 7-12 14l21 106L0 362c-1 7 4 14 12 14h43c4 0 8-2 10-6l35-58h110l-34 185c-2 8 4 15 12 15h58a12 12 0 0010-6l104-194h112c57 0 104-25 104-56s-47-56-104-56z\"\/><\/svg><\/label>\r\n    <\/span>\r\n    <span style=\"display:none\">\r\n        <input type=\"text\" name=\"kc_honeypot\">\r\n    <\/span><\/span><\/span>\n\t\t<\/p>\n\t<\/div>\n\t<p><input class=\"wpcf7-form-control wpcf7-submit has-spinner\" type=\"submit\" value=\"L\u00e4het\u00e4\" \/>\n\t<\/p>\n<\/div><div class=\"wpcf7-response-output\" aria-hidden=\"true\"><\/div>\n<input type=\"hidden\" name=\"trp-form-language\" value=\"fi\"\/><\/form>\n<\/div>\n\n\n<\/p>","protected":false},"excerpt":{"rendered":"<p>Ensiluokkainen nyrkkeilypuku huippunyrkkeilyyritykselt\u00e4, joka on suunniteltu kest\u00e4m\u00e4\u00e4n ja mukavuuteen.<\/p>\n<p>R\u00e4\u00e4t\u00e4l\u00f6ityj\u00e4 nyrkkeilyvaatteita saatavana irtotavarana, t\u00e4ydellinen henkil\u00f6kohtaisiin harjoituksiin, akatemiaan ja kuntosalille.<\/p>\n<p>L\u00f6yd\u00e4 parhaat nyrkkeilyvaatemerkit ammattilaisille ja aloittelijoille.<\/p>\n<p>Mittatilausty\u00f6n\u00e4 tehdyt nyrkkeilyvaatteet, joissa on ainutlaatuinen muotoilu tehostamaan harjoitteluasi.<\/p>","protected":false},"featured_media":1940,"template":"","meta":[],"product_cat":[43],"product_tag":[],"class_list":{"0":"post-1934","1":"product","2":"type-product","3":"status-publish","4":"has-post-thumbnail","6":"product_cat-boxing-apparel","8":"first","9":"instock","10":"shipping-taxable","11":"product-type-simple"},"yoast_head":"<!-- This site is optimized with the Yoast SEO plugin v22.7 - https:\/\/yoast.com\/wordpress\/plugins\/seo\/ -->\n<title>custom boxing clothes - trustworthy combat sports equipment manufacturer<\/title>\n<meta name=\"description\" content=\"custom boxing clothes for the academy and gym ,many boxing clothing brands use our boxing clothes to do sell, can supply free design and samples\" \/>\n<meta name=\"robots\" content=\"index, follow, max-snippet:-1, max-image-preview:large, max-video-preview:-1\" \/>\n<link rel=\"canonical\" href=\"https:\/\/krcsports.com\/fi\/tuote\/boxing-clothes\/\" \/>\n<meta property=\"og:locale\" content=\"fi_FI\" \/>\n<meta property=\"og:type\" content=\"article\" \/>\n<meta property=\"og:title\" content=\"custom boxing clothes - trustworthy combat sports equipment manufacturer\" \/>\n<meta property=\"og:description\" content=\"custom boxing clothes for the academy and gym ,many boxing clothing brands use our boxing clothes to do sell, can supply free design and samples\" \/>\n<meta property=\"og:url\" content=\"https:\/\/krcsports.com\/fi\/tuote\/boxing-clothes\/\" \/>\n<meta property=\"og:site_name\" content=\"trustworthy combat sports equipment manufacturer\" \/>\n<meta property=\"article:publisher\" content=\"https:\/\/www.facebook.com\/people\/Krc-sports\/100063994129159\/\" \/>\n<meta property=\"article:modified_time\" content=\"2024-10-13T14:47:39+00:00\" \/>\n<meta property=\"og:image\" content=\"https:\/\/krcsports.com\/wp-content\/uploads\/2024\/08\/boxing-uniform112-1.webp\" \/>\n\t<meta property=\"og:image:width\" content=\"800\" \/>\n\t<meta property=\"og:image:height\" content=\"800\" \/>\n\t<meta property=\"og:image:type\" content=\"image\/webp\" \/>\n<meta name=\"twitter:card\" content=\"summary_large_image\" \/>\n<meta name=\"twitter:label1\" content=\"Arvioitu lukuaika\" \/>\n\t<meta name=\"twitter:data1\" content=\"1 minuutti\" \/>\n<script type=\"application\/ld+json\" class=\"yoast-schema-graph\">{\"@context\":\"https:\/\/schema.org\",\"@graph\":[{\"@type\":\"WebPage\",\"@id\":\"https:\/\/krcsports.com\/manufacturer\/boxing-clothes\/\",\"url\":\"https:\/\/krcsports.com\/manufacturer\/boxing-clothes\/\",\"name\":\"custom boxing clothes - trustworthy combat sports equipment manufacturer\",\"isPartOf\":{\"@id\":\"https:\/\/krcsports.com\/#website\"},\"primaryImageOfPage\":{\"@id\":\"https:\/\/krcsports.com\/manufacturer\/boxing-clothes\/#primaryimage\"},\"image\":{\"@id\":\"https:\/\/krcsports.com\/manufacturer\/boxing-clothes\/#primaryimage\"},\"thumbnailUrl\":\"https:\/\/cdn.krcsports.com\/2024\/08\/boxing-uniform112-1.webp\",\"datePublished\":\"2024-08-25T11:54:54+00:00\",\"dateModified\":\"2024-10-13T14:47:39+00:00\",\"description\":\"custom boxing clothes for the academy and gym ,many boxing clothing brands use our boxing clothes to do sell, can supply free design and samples\",\"breadcrumb\":{\"@id\":\"https:\/\/krcsports.com\/manufacturer\/boxing-clothes\/#breadcrumb\"},\"inLanguage\":\"fi\",\"potentialAction\":[{\"@type\":\"ReadAction\",\"target\":[\"https:\/\/krcsports.com\/manufacturer\/boxing-clothes\/\"]}]},{\"@type\":\"ImageObject\",\"inLanguage\":\"fi\",\"@id\":\"https:\/\/krcsports.com\/manufacturer\/boxing-clothes\/#primaryimage\",\"url\":\"https:\/\/cdn.krcsports.com\/2024\/08\/boxing-uniform112-1.webp\",\"contentUrl\":\"https:\/\/cdn.krcsports.com\/2024\/08\/boxing-uniform112-1.webp\",\"width\":800,\"height\":800,\"caption\":\"boxing uniform\"},{\"@type\":\"BreadcrumbList\",\"@id\":\"https:\/\/krcsports.com\/manufacturer\/boxing-clothes\/#breadcrumb\",\"itemListElement\":[{\"@type\":\"ListItem\",\"position\":1,\"name\":\"Home\",\"item\":\"https:\/\/krcsports.com\/\"},{\"@type\":\"ListItem\",\"position\":2,\"name\":\"Products\",\"item\":\"https:\/\/krcsports.com\/shop\/\"},{\"@type\":\"ListItem\",\"position\":3,\"name\":\"custom boxing clothes\"}]},{\"@type\":\"WebSite\",\"@id\":\"https:\/\/krcsports.com\/#website\",\"url\":\"https:\/\/krcsports.com\/\",\"name\":\"krc sports\",\"description\":\"\",\"publisher\":{\"@id\":\"https:\/\/krcsports.com\/#organization\"},\"potentialAction\":[{\"@type\":\"SearchAction\",\"target\":{\"@type\":\"EntryPoint\",\"urlTemplate\":\"https:\/\/krcsports.com\/?s={search_term_string}\"},\"query-input\":\"required name=search_term_string\"}],\"inLanguage\":\"fi\"},{\"@type\":\"Organization\",\"@id\":\"https:\/\/krcsports.com\/#organization\",\"name\":\"krc sports\",\"url\":\"https:\/\/krcsports.com\/\",\"logo\":{\"@type\":\"ImageObject\",\"inLanguage\":\"fi\",\"@id\":\"https:\/\/krcsports.com\/#\/schema\/logo\/image\/\",\"url\":\"https:\/\/krcsports.com\/wp-content\/uploads\/2024\/07\/logo.webp\",\"contentUrl\":\"https:\/\/krcsports.com\/wp-content\/uploads\/2024\/07\/logo.webp\",\"width\":80,\"height\":60,\"caption\":\"krc sports\"},\"image\":{\"@id\":\"https:\/\/krcsports.com\/#\/schema\/logo\/image\/\"},\"sameAs\":[\"https:\/\/www.facebook.com\/people\/Krc-sports\/100063994129159\/\"]}]}<\/script>\n<!-- \/ Yoast SEO plugin. -->","yoast_head_json":{"title":"mukautetut nyrkkeilyvaatteet - luotettava taisteluurheiluv\u00e4linevalmistaja","description":"r\u00e4\u00e4t\u00e4l\u00f6ityj\u00e4 nyrkkeilyvaatteita akatemialle ja kuntosalille, monet nyrkkeilyvaatemerkit k\u00e4ytt\u00e4v\u00e4t nyrkkeilyvaatteitamme myyntiin, voivat toimittaa ilmaista suunnittelua ja n\u00e4ytteit\u00e4","robots":{"index":"index","follow":"follow","max-snippet":"max-snippet:-1","max-image-preview":"max-image-preview:large","max-video-preview":"max-video-preview:-1"},"canonical":"https:\/\/krcsports.com\/fi\/tuote\/boxing-clothes\/","og_locale":"fi_FI","og_type":"article","og_title":"custom boxing clothes - trustworthy combat sports equipment manufacturer","og_description":"custom boxing clothes for the academy and gym ,many boxing clothing brands use our boxing clothes to do sell, can supply free design and samples","og_url":"https:\/\/krcsports.com\/fi\/tuote\/boxing-clothes\/","og_site_name":"trustworthy combat sports equipment manufacturer","article_publisher":"https:\/\/www.facebook.com\/people\/Krc-sports\/100063994129159\/","article_modified_time":"2024-10-13T14:47:39+00:00","og_image":[{"width":800,"height":800,"url":"https:\/\/krcsports.com\/wp-content\/uploads\/2024\/08\/boxing-uniform112-1.webp","type":"image\/webp"}],"twitter_card":"summary_large_image","twitter_misc":{"Arvioitu lukuaika":"1 minuutti"},"schema":{"@context":"https:\/\/schema.org","@graph":[{"@type":"WebPage","@id":"https:\/\/krcsports.com\/manufacturer\/boxing-clothes\/","url":"https:\/\/krcsports.com\/manufacturer\/boxing-clothes\/","name":"mukautetut nyrkkeilyvaatteet - luotettava taisteluurheiluv\u00e4linevalmistaja","isPartOf":{"@id":"https:\/\/krcsports.com\/#website"},"primaryImageOfPage":{"@id":"https:\/\/krcsports.com\/manufacturer\/boxing-clothes\/#primaryimage"},"image":{"@id":"https:\/\/krcsports.com\/manufacturer\/boxing-clothes\/#primaryimage"},"thumbnailUrl":"https:\/\/cdn.krcsports.com\/2024\/08\/boxing-uniform112-1.webp","datePublished":"2024-08-25T11:54:54+00:00","dateModified":"2024-10-13T14:47:39+00:00","description":"r\u00e4\u00e4t\u00e4l\u00f6ityj\u00e4 nyrkkeilyvaatteita akatemialle ja kuntosalille, monet nyrkkeilyvaatemerkit k\u00e4ytt\u00e4v\u00e4t nyrkkeilyvaatteitamme myyntiin, voivat toimittaa ilmaista suunnittelua ja n\u00e4ytteit\u00e4","breadcrumb":{"@id":"https:\/\/krcsports.com\/manufacturer\/boxing-clothes\/#breadcrumb"},"inLanguage":"fi","potentialAction":[{"@type":"ReadAction","target":["https:\/\/krcsports.com\/manufacturer\/boxing-clothes\/"]}]},{"@type":"ImageObject","inLanguage":"fi","@id":"https:\/\/krcsports.com\/manufacturer\/boxing-clothes\/#primaryimage","url":"https:\/\/cdn.krcsports.com\/2024\/08\/boxing-uniform112-1.webp","contentUrl":"https:\/\/cdn.krcsports.com\/2024\/08\/boxing-uniform112-1.webp","width":800,"height":800,"caption":"boxing uniform"},{"@type":"BreadcrumbList","@id":"https:\/\/krcsports.com\/manufacturer\/boxing-clothes\/#breadcrumb","itemListElement":[{"@type":"ListItem","position":1,"name":"Home","item":"https:\/\/krcsports.com\/"},{"@type":"ListItem","position":2,"name":"Products","item":"https:\/\/krcsports.com\/shop\/"},{"@type":"ListItem","position":3,"name":"custom boxing clothes"}]},{"@type":"WebSite","@id":"https:\/\/krcsports.com\/#website","url":"https:\/\/krcsports.com\/","name":"krc urheilu","description":"","publisher":{"@id":"https:\/\/krcsports.com\/#organization"},"potentialAction":[{"@type":"SearchAction","target":{"@type":"EntryPoint","urlTemplate":"https:\/\/krcsports.com\/?s={search_term_string}"},"query-input":"required name=search_term_string"}],"inLanguage":"fi"},{"@type":"Organization","@id":"https:\/\/krcsports.com\/#organization","name":"krc urheilu","url":"https:\/\/krcsports.com\/","logo":{"@type":"ImageObject","inLanguage":"fi","@id":"https:\/\/krcsports.com\/#\/schema\/logo\/image\/","url":"https:\/\/krcsports.com\/wp-content\/uploads\/2024\/07\/logo.webp","contentUrl":"https:\/\/krcsports.com\/wp-content\/uploads\/2024\/07\/logo.webp","width":80,"height":60,"caption":"krc sports"},"image":{"@id":"https:\/\/krcsports.com\/#\/schema\/logo\/image\/"},"sameAs":["https:\/\/www.facebook.com\/people\/Krc-sports\/100063994129159\/"]}]}},"_links":{"self":[{"href":"https:\/\/krcsports.com\/fi\/wp-json\/wp\/v2\/product\/1934","targetHints":{"allow":["GET"]}}],"collection":[{"href":"https:\/\/krcsports.com\/fi\/wp-json\/wp\/v2\/product"}],"about":[{"href":"https:\/\/krcsports.com\/fi\/wp-json\/wp\/v2\/types\/product"}],"wp:featuredmedia":[{"embeddable":true,"href":"https:\/\/krcsports.com\/fi\/wp-json\/wp\/v2\/media\/1940"}],"wp:attachment":[{"href":"https:\/\/krcsports.com\/fi\/wp-json\/wp\/v2\/media?parent=1934"}],"wp:term":[{"taxonomy":"product_cat","embeddable":true,"href":"https:\/\/krcsports.com\/fi\/wp-json\/wp\/v2\/product_cat?post=1934"},{"taxonomy":"product_tag","embeddable":true,"href":"https:\/\/krcsports.com\/fi\/wp-json\/wp\/v2\/product_tag?post=1934"}],"curies":[{"name":"wp","href":"https:\/\/api.w.org\/{rel}","templated":true}]}}