{"id":2312,"date":"2024-09-10T03:22:39","date_gmt":"2024-09-10T03:22:39","guid":{"rendered":"https:\/\/krcsports.com\/?post_type=product&#038;p=2312"},"modified":"2024-11-17T11:20:28","modified_gmt":"2024-11-17T11:20:28","slug":"punch-mitts","status":"publish","type":"product","link":"https:\/\/krcsports.com\/es\/manufacturer\/punch-mitts\/","title":{"rendered":"guantes de boxeo"},"content":{"rendered":"<ul class=\"a-unordered-list a-vertical a-spacing-mini\">\n<li class=\"a-spacing-mini\"><span class=\"a-list-item\">\u00a0Los mitones Focus Punch utilizan tecnolog\u00eda Gel Shock de vanguardia con una capa de gel de 1\/4 de pulgada de espesor para una m\u00e1xima protecci\u00f3n durante el combate.<\/span><\/li>\n<li class=\"a-spacing-mini\"><span class=\"a-list-item\">Los guantes de entrenamiento Target son peque\u00f1os en tama\u00f1o pero grandes en rendimiento, con un exterior de cuero duradero y un interior de gamuza que mide 8 pulgadas de largo.<\/span><\/li>\n<li class=\"a-spacing-mini\"><span class=\"a-list-item\">Este par presenta una superficie de impacto c\u00f3ncava que proporciona el punto \u00f3ptimo y es f\u00e1cil de poner y quitar.<\/span><\/li>\n<li class=\"a-spacing-mini\"><span class=\"a-list-item\">Guantes de entrenamiento perfectos para boxeadores, MMA, Muay Thai y atletas de deportes de contacto en pareja para practicar una variedad de golpes y juegos de pies.<\/span><\/li>\n<li class=\"a-spacing-mini\"><span class=\"a-list-item\">Complete su gimnasio dom\u00e9stico o comercial con el equipo de entrenamiento de lucha adecuado para que sus atletas se pongan en forma y est\u00e9n listos para la competencia.<\/span><\/li>\n<\/ul>","protected":false},"excerpt":{"rendered":"<p>Cubierta adicional para los dedos para mayor comodidad y protecci\u00f3n.<br \/>\nLa cubierta de mu\u00f1eca s\u00faper suave y extra gruesa en la parte posterior envuelve la mano y mantiene los guantes seguros en el entrenador.<br \/>\nEl acolchado de espuma ofrece la cantidad perfecta de absorci\u00f3n de impactos.<br \/>\nLos mitones de tama\u00f1o micro ofrecen a los atletas m\u00e1s selectos una precisi\u00f3n en los golpes para una agudeza incre\u00edble.<br \/>\nEl impresionante dise\u00f1o curvo es m\u00e1s correcto anat\u00f3micamente para el usuario y el entrenador.<\/p>","protected":false},"featured_media":2316,"template":"","meta":[],"product_cat":[57,48,36],"product_tag":[],"class_list":{"0":"post-2312","1":"product","2":"type-product","3":"status-publish","4":"has-post-thumbnail","6":"product_cat-taekwondo-mitts-target","7":"product_cat-martial-arts-target-pad","8":"product_cat-boxing-punching-bag","10":"first","11":"instock","12":"shipping-taxable","13":"product-type-simple"},"yoast_head":"<!-- This site is optimized with the Yoast SEO plugin v22.7 - https:\/\/yoast.com\/wordpress\/plugins\/seo\/ -->\n<title>punch mitts - trustworthy combat sports equipment manufacturer<\/title>\n<meta name=\"description\" content=\"MMA Focus Punch Mitts - Boxing MMA Training Fitness Kickboxing Muay Thai\" \/>\n<meta name=\"robots\" content=\"index, follow, max-snippet:-1, max-image-preview:large, max-video-preview:-1\" \/>\n<link rel=\"canonical\" href=\"https:\/\/krcsports.com\/es\/producto\/punch-mitts\/\" \/>\n<meta property=\"og:locale\" content=\"es_ES\" \/>\n<meta property=\"og:type\" content=\"article\" \/>\n<meta property=\"og:title\" content=\"punch mitts - trustworthy combat sports equipment manufacturer\" \/>\n<meta property=\"og:description\" content=\"MMA Focus Punch Mitts - Boxing MMA Training Fitness Kickboxing Muay Thai\" \/>\n<meta property=\"og:url\" content=\"https:\/\/krcsports.com\/es\/producto\/punch-mitts\/\" \/>\n<meta property=\"og:site_name\" content=\"trustworthy combat sports equipment manufacturer\" \/>\n<meta property=\"article:publisher\" content=\"https:\/\/www.facebook.com\/people\/Krc-sports\/100063994129159\/\" \/>\n<meta property=\"article:modified_time\" content=\"2024-11-17T11:20:28+00:00\" \/>\n<meta property=\"og:image\" content=\"https:\/\/krcsports.com\/wp-content\/uploads\/2024\/09\/punch-mitts-3.webp\" \/>\n\t<meta property=\"og:image:width\" content=\"800\" \/>\n\t<meta property=\"og:image:height\" content=\"800\" \/>\n\t<meta property=\"og:image:type\" content=\"image\/webp\" \/>\n<meta name=\"twitter:card\" content=\"summary_large_image\" \/>\n<meta name=\"twitter:label1\" content=\"Tiempo de lectura\" \/>\n\t<meta name=\"twitter:data1\" content=\"1 minuto\" \/>\n<script type=\"application\/ld+json\" class=\"yoast-schema-graph\">{\"@context\":\"https:\/\/schema.org\",\"@graph\":[{\"@type\":\"WebPage\",\"@id\":\"https:\/\/krcsports.com\/manufacturer\/punch-mitts\/\",\"url\":\"https:\/\/krcsports.com\/manufacturer\/punch-mitts\/\",\"name\":\"punch mitts - trustworthy combat sports equipment manufacturer\",\"isPartOf\":{\"@id\":\"https:\/\/krcsports.com\/#website\"},\"primaryImageOfPage\":{\"@id\":\"https:\/\/krcsports.com\/manufacturer\/punch-mitts\/#primaryimage\"},\"image\":{\"@id\":\"https:\/\/krcsports.com\/manufacturer\/punch-mitts\/#primaryimage\"},\"thumbnailUrl\":\"https:\/\/cdn.krcsports.com\/2024\/09\/punch-mitts-3.webp\",\"datePublished\":\"2024-09-10T03:22:39+00:00\",\"dateModified\":\"2024-11-17T11:20:28+00:00\",\"description\":\"MMA Focus Punch Mitts - Boxing MMA Training Fitness Kickboxing Muay Thai\",\"breadcrumb\":{\"@id\":\"https:\/\/krcsports.com\/manufacturer\/punch-mitts\/#breadcrumb\"},\"inLanguage\":\"es\",\"potentialAction\":[{\"@type\":\"ReadAction\",\"target\":[\"https:\/\/krcsports.com\/manufacturer\/punch-mitts\/\"]}]},{\"@type\":\"ImageObject\",\"inLanguage\":\"es\",\"@id\":\"https:\/\/krcsports.com\/manufacturer\/punch-mitts\/#primaryimage\",\"url\":\"https:\/\/cdn.krcsports.com\/2024\/09\/punch-mitts-3.webp\",\"contentUrl\":\"https:\/\/cdn.krcsports.com\/2024\/09\/punch-mitts-3.webp\",\"width\":800,\"height\":800,\"caption\":\"punch mitts\"},{\"@type\":\"BreadcrumbList\",\"@id\":\"https:\/\/krcsports.com\/manufacturer\/punch-mitts\/#breadcrumb\",\"itemListElement\":[{\"@type\":\"ListItem\",\"position\":1,\"name\":\"Home\",\"item\":\"https:\/\/krcsports.com\/\"},{\"@type\":\"ListItem\",\"position\":2,\"name\":\"Products\",\"item\":\"https:\/\/krcsports.com\/shop\/\"},{\"@type\":\"ListItem\",\"position\":3,\"name\":\"punch mitts\"}]},{\"@type\":\"WebSite\",\"@id\":\"https:\/\/krcsports.com\/#website\",\"url\":\"https:\/\/krcsports.com\/\",\"name\":\"krc sports\",\"description\":\"\",\"publisher\":{\"@id\":\"https:\/\/krcsports.com\/#organization\"},\"potentialAction\":[{\"@type\":\"SearchAction\",\"target\":{\"@type\":\"EntryPoint\",\"urlTemplate\":\"https:\/\/krcsports.com\/?s={search_term_string}\"},\"query-input\":\"required name=search_term_string\"}],\"inLanguage\":\"es\"},{\"@type\":\"Organization\",\"@id\":\"https:\/\/krcsports.com\/#organization\",\"name\":\"krc sports\",\"url\":\"https:\/\/krcsports.com\/\",\"logo\":{\"@type\":\"ImageObject\",\"inLanguage\":\"es\",\"@id\":\"https:\/\/krcsports.com\/#\/schema\/logo\/image\/\",\"url\":\"https:\/\/krcsports.com\/wp-content\/uploads\/2024\/07\/logo.webp\",\"contentUrl\":\"https:\/\/krcsports.com\/wp-content\/uploads\/2024\/07\/logo.webp\",\"width\":80,\"height\":60,\"caption\":\"krc sports\"},\"image\":{\"@id\":\"https:\/\/krcsports.com\/#\/schema\/logo\/image\/\"},\"sameAs\":[\"https:\/\/www.facebook.com\/people\/Krc-sports\/100063994129159\/\"]}]}<\/script>\n<!-- \/ Yoast SEO plugin. -->","yoast_head_json":{"title":"Guantes de boxeo: fabricante confiable de equipos para deportes de combate","description":"Manoplas de boxeo Focus Punch de MMA - Entrenamiento de boxeo, MMA, fitness, kickboxing, muay thai","robots":{"index":"index","follow":"follow","max-snippet":"max-snippet:-1","max-image-preview":"max-image-preview:large","max-video-preview":"max-video-preview:-1"},"canonical":"https:\/\/krcsports.com\/es\/producto\/punch-mitts\/","og_locale":"es_ES","og_type":"article","og_title":"punch mitts - trustworthy combat sports equipment manufacturer","og_description":"MMA Focus Punch Mitts - Boxing MMA Training Fitness Kickboxing Muay Thai","og_url":"https:\/\/krcsports.com\/es\/producto\/punch-mitts\/","og_site_name":"trustworthy combat sports equipment manufacturer","article_publisher":"https:\/\/www.facebook.com\/people\/Krc-sports\/100063994129159\/","article_modified_time":"2024-11-17T11:20:28+00:00","og_image":[{"width":800,"height":800,"url":"https:\/\/krcsports.com\/wp-content\/uploads\/2024\/09\/punch-mitts-3.webp","type":"image\/webp"}],"twitter_card":"summary_large_image","twitter_misc":{"Tiempo de lectura":"1 minuto"},"schema":{"@context":"https:\/\/schema.org","@graph":[{"@type":"WebPage","@id":"https:\/\/krcsports.com\/manufacturer\/punch-mitts\/","url":"https:\/\/krcsports.com\/manufacturer\/punch-mitts\/","name":"Guantes de boxeo: fabricante confiable de equipos para deportes de combate","isPartOf":{"@id":"https:\/\/krcsports.com\/#website"},"primaryImageOfPage":{"@id":"https:\/\/krcsports.com\/manufacturer\/punch-mitts\/#primaryimage"},"image":{"@id":"https:\/\/krcsports.com\/manufacturer\/punch-mitts\/#primaryimage"},"thumbnailUrl":"https:\/\/cdn.krcsports.com\/2024\/09\/punch-mitts-3.webp","datePublished":"2024-09-10T03:22:39+00:00","dateModified":"2024-11-17T11:20:28+00:00","description":"Manoplas de boxeo Focus Punch de MMA - Entrenamiento de boxeo, MMA, fitness, kickboxing, muay thai","breadcrumb":{"@id":"https:\/\/krcsports.com\/manufacturer\/punch-mitts\/#breadcrumb"},"inLanguage":"es","potentialAction":[{"@type":"ReadAction","target":["https:\/\/krcsports.com\/manufacturer\/punch-mitts\/"]}]},{"@type":"ImageObject","inLanguage":"es","@id":"https:\/\/krcsports.com\/manufacturer\/punch-mitts\/#primaryimage","url":"https:\/\/cdn.krcsports.com\/2024\/09\/punch-mitts-3.webp","contentUrl":"https:\/\/cdn.krcsports.com\/2024\/09\/punch-mitts-3.webp","width":800,"height":800,"caption":"punch mitts"},{"@type":"BreadcrumbList","@id":"https:\/\/krcsports.com\/manufacturer\/punch-mitts\/#breadcrumb","itemListElement":[{"@type":"ListItem","position":1,"name":"Home","item":"https:\/\/krcsports.com\/"},{"@type":"ListItem","position":2,"name":"Products","item":"https:\/\/krcsports.com\/shop\/"},{"@type":"ListItem","position":3,"name":"punch mitts"}]},{"@type":"WebSite","@id":"https:\/\/krcsports.com\/#website","url":"https:\/\/krcsports.com\/","name":"deportes krc","description":"","publisher":{"@id":"https:\/\/krcsports.com\/#organization"},"potentialAction":[{"@type":"SearchAction","target":{"@type":"EntryPoint","urlTemplate":"https:\/\/krcsports.com\/?s={search_term_string}"},"query-input":"required name=search_term_string"}],"inLanguage":"es"},{"@type":"Organization","@id":"https:\/\/krcsports.com\/#organization","name":"deportes krc","url":"https:\/\/krcsports.com\/","logo":{"@type":"ImageObject","inLanguage":"es","@id":"https:\/\/krcsports.com\/#\/schema\/logo\/image\/","url":"https:\/\/krcsports.com\/wp-content\/uploads\/2024\/07\/logo.webp","contentUrl":"https:\/\/krcsports.com\/wp-content\/uploads\/2024\/07\/logo.webp","width":80,"height":60,"caption":"krc sports"},"image":{"@id":"https:\/\/krcsports.com\/#\/schema\/logo\/image\/"},"sameAs":["https:\/\/www.facebook.com\/people\/Krc-sports\/100063994129159\/"]}]}},"_links":{"self":[{"href":"https:\/\/krcsports.com\/es\/wp-json\/wp\/v2\/product\/2312","targetHints":{"allow":["GET"]}}],"collection":[{"href":"https:\/\/krcsports.com\/es\/wp-json\/wp\/v2\/product"}],"about":[{"href":"https:\/\/krcsports.com\/es\/wp-json\/wp\/v2\/types\/product"}],"wp:featuredmedia":[{"embeddable":true,"href":"https:\/\/krcsports.com\/es\/wp-json\/wp\/v2\/media\/2316"}],"wp:attachment":[{"href":"https:\/\/krcsports.com\/es\/wp-json\/wp\/v2\/media?parent=2312"}],"wp:term":[{"taxonomy":"product_cat","embeddable":true,"href":"https:\/\/krcsports.com\/es\/wp-json\/wp\/v2\/product_cat?post=2312"},{"taxonomy":"product_tag","embeddable":true,"href":"https:\/\/krcsports.com\/es\/wp-json\/wp\/v2\/product_tag?post=2312"}],"curies":[{"name":"wp","href":"https:\/\/api.w.org\/{rel}","templated":true}]}}